{"id":6993,"date":"2026-03-18T16:26:08","date_gmt":"2026-03-18T15:26:08","guid":{"rendered":"https:\/\/criand.ad\/?post_type=product&#038;p=6993"},"modified":"2026-03-18T16:38:33","modified_gmt":"2026-03-18T15:38:33","slug":"assessorament-en-son-infantil-consulta-presencial-2-visites-de-seguiment-online","status":"publish","type":"product","link":"https:\/\/criand.ad\/fr\/producto\/assessorament-en-son-infantil-consulta-presencial-2-visites-de-seguiment-online\/","title":{"rendered":"Assessorament en son infantil: consulta presencial + 2 visites de seguiment online"},"content":{"rendered":"<p><span class=\"m-font-size-13 font-size-15\">Els nostres assessoraments es basen en un enfocament integrador i respectu\u00f3s, oferint sessions personalitzades que ajuden a les fam\u00edlies a comprendre el que necessiten els seus fills per dormir millor, sense deixar de banda les seves emocions, necessitats ni vincles. Comptem amb una formaci\u00f3 sanit\u00e0ria de base que avala el nostre marc de coneixements des d&rsquo;un punt de vista integrador bio-psico-social i amb f<\/span><span class=\"m-font-size-13 font-size-15\">ormaci\u00f3 especialitzada mitjan\u00e7ant el \u00ab\u00a0<\/span><span class=\"m-font-size-13 font-size-15\">Curso Universitario de Especializaci\u00f3n en sue\u00f1o pedi\u00e1trico\u00a0\u00bb otorgat per la Universidad Europea Miguel de Cervantes.<\/span><\/p>\n","protected":false},"excerpt":{"rendered":"<p>Valoraci\u00f3 presencial + Seguiment online:<\/p>\n<p>Per a un acompanyament m\u00e9s complet, pots optar per un  paquet de 3 sessions: una visita presencial i dues de seguiment online per tal de fer un acompanyament en l\u2019evoluci\u00f3 del cas i ajustar les pautes segons la resposta de l\u2019infant.<\/p>\n<p>Visites de +\/-1h on s\u2019ajusten h\u00e0bits, rutines, hores de son, tractaments (si precisa) per tal de fer un seguiment i una reavaluaci\u00f3 individualitzada a cada cas.<\/p>\n","protected":false},"featured_media":5780,"template":"","meta":{"site-sidebar-layout":"default","site-content-layout":"","ast-site-content-layout":"default","site-content-style":"default","site-sidebar-style":"default","ast-global-header-display":"","ast-banner-title-visibility":"","ast-main-header-display":"","ast-hfb-above-header-display":"","ast-hfb-below-header-display":"","ast-hfb-mobile-header-display":"","site-post-title":"","ast-breadcrumbs-content":"","ast-featured-img":"","footer-sml-layout":"","theme-transparent-header-meta":"default","adv-header-id-meta":"","stick-header-meta":"default","header-above-stick-meta":"","header-main-stick-meta":"","header-below-stick-meta":"","astra-migrate-meta-layouts":"set","ast-page-background-enabled":"default","ast-page-background-meta":{"desktop":{"background-color":"","background-image":"","background-repeat":"repeat","background-position":"center center","background-size":"auto","background-attachment":"scroll","background-type":"","background-media":"","overlay-type":"","overlay-color":"","overlay-opacity":"","overlay-gradient":""},"tablet":{"background-color":"","background-image":"","background-repeat":"repeat","background-position":"center center","background-size":"auto","background-attachment":"scroll","background-type":"","background-media":"","overlay-type":"","overlay-color":"","overlay-opacity":"","overlay-gradient":""},"mobile":{"background-color":"","background-image":"","background-repeat":"repeat","background-position":"center center","background-size":"auto","background-attachment":"scroll","background-type":"","background-media":"","overlay-type":"","overlay-color":"","overlay-opacity":"","overlay-gradient":""}},"ast-content-background-meta":{"desktop":{"background-color":"var(--ast-global-color-5)","background-image":"","background-repeat":"repeat","background-position":"center center","background-size":"auto","background-attachment":"scroll","background-type":"","background-media":"","overlay-type":"","overlay-color":"","overlay-opacity":"","overlay-gradient":""},"tablet":{"background-color":"var(--ast-global-color-5)","background-image":"","background-repeat":"repeat","background-position":"center center","background-size":"auto","background-attachment":"scroll","background-type":"","background-media":"","overlay-type":"","overlay-color":"","overlay-opacity":"","overlay-gradient":""},"mobile":{"background-color":"var(--ast-global-color-5)","background-image":"","background-repeat":"repeat","background-position":"center center","background-size":"auto","background-attachment":"scroll","background-type":"","background-media":"","overlay-type":"","overlay-color":"","overlay-opacity":"","overlay-gradient":""}}},"product_brand":[],"product_cat":[128,208],"product_tag":[],"giftcard-category":[],"class_list":{"0":"post-6993","1":"product","2":"type-product","3":"status-publish","4":"has-post-thumbnail","6":"product_cat-accompagnement-en-ligne","7":"product_cat-sommeil-de-enfant","8":"desktop-align-left","9":"tablet-align-left","10":"mobile-align-left","11":"ast-product-gallery-layout-horizontal-slider","12":"ast-product-gallery-with-no-image","13":"ast-magnify-disabled","14":"ast-product-tabs-layout-horizontal","16":"first","17":"instock","18":"downloadable","19":"taxable","20":"shipping-taxable","21":"purchasable","22":"product-type-simple"},"yoast_head":"<!-- This site is optimized with the Yoast SEO plugin v26.6 - https:\/\/yoast.com\/wordpress\/plugins\/seo\/ -->\n<title>Assessorament en son infantil: consulta presencial + 2 visites de seguiment online - Criand<\/title>\n<meta name=\"robots\" content=\"index, follow, max-snippet:-1, max-image-preview:large, max-video-preview:-1\" \/>\n<link rel=\"canonical\" href=\"https:\/\/criand.ad\/fr\/producto\/assessorament-en-son-infantil-consulta-presencial-2-visites-de-seguiment-online\/\" \/>\n<meta property=\"og:locale\" content=\"fr_FR\" \/>\n<meta property=\"og:type\" content=\"article\" \/>\n<meta property=\"og:title\" content=\"Assessorament en son infantil: consulta presencial + 2 visites de seguiment online - Criand\" \/>\n<meta property=\"og:description\" content=\"Valoraci\u00f3 presencial + Seguiment online:  Per a un acompanyament m\u00e9s complet, pots optar per un paquet de 3 sessions: una visita presencial i dues de seguiment online per tal de fer un acompanyament en l\u2019evoluci\u00f3 del cas i ajustar les pautes segons la resposta de l\u2019infant.  Visites de +\/-1h on s\u2019ajusten h\u00e0bits, rutines, hores de son, tractaments (si precisa) per tal de fer un seguiment i una reavaluaci\u00f3 individualitzada a cada cas.\" \/>\n<meta property=\"og:url\" content=\"https:\/\/criand.ad\/fr\/producto\/assessorament-en-son-infantil-consulta-presencial-2-visites-de-seguiment-online\/\" \/>\n<meta property=\"og:site_name\" content=\"Criand\" \/>\n<meta property=\"article:modified_time\" content=\"2026-03-18T15:38:33+00:00\" \/>\n<meta property=\"og:image\" content=\"https:\/\/criand.ad\/wp-content\/uploads\/2025\/10\/b56eedc4f7a8-gettyimages-1457329972.jpg\" \/>\n\t<meta property=\"og:image:width\" content=\"960\" \/>\n\t<meta property=\"og:image:height\" content=\"540\" \/>\n\t<meta property=\"og:image:type\" content=\"image\/jpeg\" \/>\n<meta name=\"twitter:card\" content=\"summary_large_image\" \/>\n<meta name=\"twitter:label1\" content=\"Dur\u00e9e de lecture estim\u00e9e\" \/>\n\t<meta name=\"twitter:data1\" content=\"1 minute\" \/>\n<script type=\"application\/ld+json\" class=\"yoast-schema-graph\">{\"@context\":\"https:\/\/schema.org\",\"@graph\":[{\"@type\":\"WebPage\",\"@id\":\"https:\/\/criand.ad\/fr\/producto\/assessorament-en-son-infantil-consulta-presencial-2-visites-de-seguiment-online\/\",\"url\":\"https:\/\/criand.ad\/fr\/producto\/assessorament-en-son-infantil-consulta-presencial-2-visites-de-seguiment-online\/\",\"name\":\"Assessorament en son infantil: consulta presencial + 2 visites de seguiment online - Criand\",\"isPartOf\":{\"@id\":\"https:\/\/criand.ad\/#website\"},\"primaryImageOfPage\":{\"@id\":\"https:\/\/criand.ad\/fr\/producto\/assessorament-en-son-infantil-consulta-presencial-2-visites-de-seguiment-online\/#primaryimage\"},\"image\":{\"@id\":\"https:\/\/criand.ad\/fr\/producto\/assessorament-en-son-infantil-consulta-presencial-2-visites-de-seguiment-online\/#primaryimage\"},\"thumbnailUrl\":\"https:\/\/criand.ad\/wp-content\/uploads\/2025\/10\/b56eedc4f7a8-gettyimages-1457329972.jpg\",\"datePublished\":\"2026-03-18T15:26:08+00:00\",\"dateModified\":\"2026-03-18T15:38:33+00:00\",\"breadcrumb\":{\"@id\":\"https:\/\/criand.ad\/fr\/producto\/assessorament-en-son-infantil-consulta-presencial-2-visites-de-seguiment-online\/#breadcrumb\"},\"inLanguage\":\"fr-FR\",\"potentialAction\":[{\"@type\":\"ReadAction\",\"target\":[\"https:\/\/criand.ad\/fr\/producto\/assessorament-en-son-infantil-consulta-presencial-2-visites-de-seguiment-online\/\"]}]},{\"@type\":\"ImageObject\",\"inLanguage\":\"fr-FR\",\"@id\":\"https:\/\/criand.ad\/fr\/producto\/assessorament-en-son-infantil-consulta-presencial-2-visites-de-seguiment-online\/#primaryimage\",\"url\":\"https:\/\/criand.ad\/wp-content\/uploads\/2025\/10\/b56eedc4f7a8-gettyimages-1457329972.jpg\",\"contentUrl\":\"https:\/\/criand.ad\/wp-content\/uploads\/2025\/10\/b56eedc4f7a8-gettyimages-1457329972.jpg\",\"width\":960,\"height\":540},{\"@type\":\"BreadcrumbList\",\"@id\":\"https:\/\/criand.ad\/fr\/producto\/assessorament-en-son-infantil-consulta-presencial-2-visites-de-seguiment-online\/#breadcrumb\",\"itemListElement\":[{\"@type\":\"ListItem\",\"position\":1,\"name\":\"Inici\",\"item\":\"https:\/\/criand.ad\/fr\/\"},{\"@type\":\"ListItem\",\"position\":2,\"name\":\"Productes\",\"item\":\"https:\/\/criand.ad\/shop\/\"},{\"@type\":\"ListItem\",\"position\":3,\"name\":\"Assessorament en son infantil: consulta presencial + 2 visites de seguiment online\"}]},{\"@type\":\"WebSite\",\"@id\":\"https:\/\/criand.ad\/#website\",\"url\":\"https:\/\/criand.ad\/\",\"name\":\"CRIAND\",\"description\":\"Embar\u00e0s, Postpart i Crian\u00e7a\",\"potentialAction\":[{\"@type\":\"SearchAction\",\"target\":{\"@type\":\"EntryPoint\",\"urlTemplate\":\"https:\/\/criand.ad\/?s={search_term_string}\"},\"query-input\":{\"@type\":\"PropertyValueSpecification\",\"valueRequired\":true,\"valueName\":\"search_term_string\"}}],\"inLanguage\":\"fr-FR\"}]}<\/script>\n<!-- \/ Yoast SEO plugin. -->","yoast_head_json":{"title":"Assessorament en son infantil: consulta presencial + 2 visites de seguiment online - Criand","robots":{"index":"index","follow":"follow","max-snippet":"max-snippet:-1","max-image-preview":"max-image-preview:large","max-video-preview":"max-video-preview:-1"},"canonical":"https:\/\/criand.ad\/fr\/producto\/assessorament-en-son-infantil-consulta-presencial-2-visites-de-seguiment-online\/","og_locale":"fr_FR","og_type":"article","og_title":"Assessorament en son infantil: consulta presencial + 2 visites de seguiment online - Criand","og_description":"Valoraci\u00f3 presencial + Seguiment online:  Per a un acompanyament m\u00e9s complet, pots optar per un paquet de 3 sessions: una visita presencial i dues de seguiment online per tal de fer un acompanyament en l\u2019evoluci\u00f3 del cas i ajustar les pautes segons la resposta de l\u2019infant.  Visites de +\/-1h on s\u2019ajusten h\u00e0bits, rutines, hores de son, tractaments (si precisa) per tal de fer un seguiment i una reavaluaci\u00f3 individualitzada a cada cas.","og_url":"https:\/\/criand.ad\/fr\/producto\/assessorament-en-son-infantil-consulta-presencial-2-visites-de-seguiment-online\/","og_site_name":"Criand","article_modified_time":"2026-03-18T15:38:33+00:00","og_image":[{"width":960,"height":540,"url":"https:\/\/criand.ad\/wp-content\/uploads\/2025\/10\/b56eedc4f7a8-gettyimages-1457329972.jpg","type":"image\/jpeg"}],"twitter_card":"summary_large_image","twitter_misc":{"Dur\u00e9e de lecture estim\u00e9e":"1 minute"},"schema":{"@context":"https:\/\/schema.org","@graph":[{"@type":"WebPage","@id":"https:\/\/criand.ad\/fr\/producto\/assessorament-en-son-infantil-consulta-presencial-2-visites-de-seguiment-online\/","url":"https:\/\/criand.ad\/fr\/producto\/assessorament-en-son-infantil-consulta-presencial-2-visites-de-seguiment-online\/","name":"Assessorament en son infantil: consulta presencial + 2 visites de seguiment online - Criand","isPartOf":{"@id":"https:\/\/criand.ad\/#website"},"primaryImageOfPage":{"@id":"https:\/\/criand.ad\/fr\/producto\/assessorament-en-son-infantil-consulta-presencial-2-visites-de-seguiment-online\/#primaryimage"},"image":{"@id":"https:\/\/criand.ad\/fr\/producto\/assessorament-en-son-infantil-consulta-presencial-2-visites-de-seguiment-online\/#primaryimage"},"thumbnailUrl":"https:\/\/criand.ad\/wp-content\/uploads\/2025\/10\/b56eedc4f7a8-gettyimages-1457329972.jpg","datePublished":"2026-03-18T15:26:08+00:00","dateModified":"2026-03-18T15:38:33+00:00","breadcrumb":{"@id":"https:\/\/criand.ad\/fr\/producto\/assessorament-en-son-infantil-consulta-presencial-2-visites-de-seguiment-online\/#breadcrumb"},"inLanguage":"fr-FR","potentialAction":[{"@type":"ReadAction","target":["https:\/\/criand.ad\/fr\/producto\/assessorament-en-son-infantil-consulta-presencial-2-visites-de-seguiment-online\/"]}]},{"@type":"ImageObject","inLanguage":"fr-FR","@id":"https:\/\/criand.ad\/fr\/producto\/assessorament-en-son-infantil-consulta-presencial-2-visites-de-seguiment-online\/#primaryimage","url":"https:\/\/criand.ad\/wp-content\/uploads\/2025\/10\/b56eedc4f7a8-gettyimages-1457329972.jpg","contentUrl":"https:\/\/criand.ad\/wp-content\/uploads\/2025\/10\/b56eedc4f7a8-gettyimages-1457329972.jpg","width":960,"height":540},{"@type":"BreadcrumbList","@id":"https:\/\/criand.ad\/fr\/producto\/assessorament-en-son-infantil-consulta-presencial-2-visites-de-seguiment-online\/#breadcrumb","itemListElement":[{"@type":"ListItem","position":1,"name":"Inici","item":"https:\/\/criand.ad\/fr\/"},{"@type":"ListItem","position":2,"name":"Productes","item":"https:\/\/criand.ad\/shop\/"},{"@type":"ListItem","position":3,"name":"Assessorament en son infantil: consulta presencial + 2 visites de seguiment online"}]},{"@type":"WebSite","@id":"https:\/\/criand.ad\/#website","url":"https:\/\/criand.ad\/","name":"CRIAND","description":"Embar\u00e0s, Postpart i Crian\u00e7a","potentialAction":[{"@type":"SearchAction","target":{"@type":"EntryPoint","urlTemplate":"https:\/\/criand.ad\/?s={search_term_string}"},"query-input":{"@type":"PropertyValueSpecification","valueRequired":true,"valueName":"search_term_string"}}],"inLanguage":"fr-FR"}]}},"_links":{"self":[{"href":"https:\/\/criand.ad\/fr\/wp-json\/wp\/v2\/product\/6993","targetHints":{"allow":["GET"]}}],"collection":[{"href":"https:\/\/criand.ad\/fr\/wp-json\/wp\/v2\/product"}],"about":[{"href":"https:\/\/criand.ad\/fr\/wp-json\/wp\/v2\/types\/product"}],"version-history":[{"count":1,"href":"https:\/\/criand.ad\/fr\/wp-json\/wp\/v2\/product\/6993\/revisions"}],"predecessor-version":[{"id":6997,"href":"https:\/\/criand.ad\/fr\/wp-json\/wp\/v2\/product\/6993\/revisions\/6997"}],"wp:featuredmedia":[{"embeddable":true,"href":"https:\/\/criand.ad\/fr\/wp-json\/wp\/v2\/media\/5780"}],"wp:attachment":[{"href":"https:\/\/criand.ad\/fr\/wp-json\/wp\/v2\/media?parent=6993"}],"wp:term":[{"taxonomy":"product_brand","embeddable":true,"href":"https:\/\/criand.ad\/fr\/wp-json\/wp\/v2\/product_brand?post=6993"},{"taxonomy":"product_cat","embeddable":true,"href":"https:\/\/criand.ad\/fr\/wp-json\/wp\/v2\/product_cat?post=6993"},{"taxonomy":"product_tag","embeddable":true,"href":"https:\/\/criand.ad\/fr\/wp-json\/wp\/v2\/product_tag?post=6993"},{"taxonomy":"giftcard-category","embeddable":true,"href":"https:\/\/criand.ad\/fr\/wp-json\/wp\/v2\/giftcard-category?post=6993"}],"curies":[{"name":"wp","href":"https:\/\/api.w.org\/{rel}","templated":true}]}}