{"id":6626,"date":"2025-05-31T07:31:22","date_gmt":"2025-05-31T05:31:22","guid":{"rendered":"http:\/\/criand.ad\/producto\/assessorament-personalitzat-en-lactancia-materna-a-domicili\/"},"modified":"2025-12-16T16:31:37","modified_gmt":"2025-12-16T15:31:37","slug":"assessorament-personalitzat-en-lactancia-materna-a-domicili","status":"publish","type":"product","link":"https:\/\/criand.ad\/fr\/producto\/assessorament-personalitzat-en-lactancia-materna-a-domicili\/","title":{"rendered":"Assessorament personalitzat en Lact\u00e0ncia materna a domicili"},"content":{"rendered":"<p>La teva lact\u00e0ncia no funciona com t\u2019agradaria? Tens dolor, dificultats o problemes? El teu beb\u00e9 t\u00e9 molts c\u00f2lics i penses que poden estar relacionats amb la lact\u00e0ncia? Vols destetar i no saps com comen\u00e7ar? Has de tornar a la feina i vols que t\u2019ajudem a fer un pla d\u2019alletament? O simplement tens dubtes al voltant de la lact\u00e0ncia i t\u2019agradaria un asessorament personalitzat?<br \/>\nPer qualsevol q\u00fcesti\u00f3 relacionada amb la lact\u00e0ncia que requereixi un abordatge m\u00e9s individual pots contractar aquest servei on una assessora de lact\u00e0ncia i professional de la salut t\u2019acompanyar\u00e0 per aconseguir els teus objectius.<\/p>\n","protected":false},"excerpt":{"rendered":"<p>La teva lact\u00e0ncia no funciona com t\u2019agradaria? Tens dolor, dificultats o problemes? El teu beb\u00e9 t\u00e9 molts c\u00f2lics i penses que poden estar relacionats amb la lact\u00e0ncia? Vols destetar i no saps com comen\u00e7ar? Has de tornar a la feina i vols que t\u2019ajudem a fer un pla d\u2019alletament? O simplement tens dubtes al voltant [&hellip;]<\/p>\n","protected":false},"featured_media":6627,"template":"","meta":{"site-sidebar-layout":"default","site-content-layout":"","ast-site-content-layout":"default","site-content-style":"default","site-sidebar-style":"default","ast-global-header-display":"","ast-banner-title-visibility":"","ast-main-header-display":"","ast-hfb-above-header-display":"","ast-hfb-below-header-display":"","ast-hfb-mobile-header-display":"","site-post-title":"","ast-breadcrumbs-content":"","ast-featured-img":"","footer-sml-layout":"","theme-transparent-header-meta":"default","adv-header-id-meta":"","stick-header-meta":"default","header-above-stick-meta":"","header-main-stick-meta":"","header-below-stick-meta":"","astra-migrate-meta-layouts":"set","ast-page-background-enabled":"default","ast-page-background-meta":{"desktop":{"background-color":"","background-image":"","background-repeat":"repeat","background-position":"center center","background-size":"auto","background-attachment":"scroll","background-type":"","background-media":"","overlay-type":"","overlay-color":"","overlay-opacity":"","overlay-gradient":""},"tablet":{"background-color":"","background-image":"","background-repeat":"repeat","background-position":"center center","background-size":"auto","background-attachment":"scroll","background-type":"","background-media":"","overlay-type":"","overlay-color":"","overlay-opacity":"","overlay-gradient":""},"mobile":{"background-color":"","background-image":"","background-repeat":"repeat","background-position":"center center","background-size":"auto","background-attachment":"scroll","background-type":"","background-media":"","overlay-type":"","overlay-color":"","overlay-opacity":"","overlay-gradient":""}},"ast-content-background-meta":{"desktop":{"background-color":"var(--ast-global-color-5)","background-image":"","background-repeat":"repeat","background-position":"center center","background-size":"auto","background-attachment":"scroll","background-type":"","background-media":"","overlay-type":"","overlay-color":"","overlay-opacity":"","overlay-gradient":""},"tablet":{"background-color":"var(--ast-global-color-5)","background-image":"","background-repeat":"repeat","background-position":"center center","background-size":"auto","background-attachment":"scroll","background-type":"","background-media":"","overlay-type":"","overlay-color":"","overlay-opacity":"","overlay-gradient":""},"mobile":{"background-color":"var(--ast-global-color-5)","background-image":"","background-repeat":"repeat","background-position":"center center","background-size":"auto","background-attachment":"scroll","background-type":"","background-media":"","overlay-type":"","overlay-color":"","overlay-opacity":"","overlay-gradient":""}}},"product_brand":[],"product_cat":[140,182],"product_tag":[173,153,188,142,189,190],"giftcard-category":[],"class_list":{"0":"post-6626","1":"product","2":"type-product","3":"status-publish","4":"has-post-thumbnail","6":"product_cat-accompagnement-presentiel","7":"product_cat-allaitement","8":"product_tag-alimentacio-fr","9":"product_tag-embaras-fr","10":"product_tag-lactancia-materna-fr","11":"product_tag-nadons-0-3-mesos-fr","12":"product_tag-post-part-fr","13":"product_tag-salut-femenina-fr","14":"desktop-align-left","15":"tablet-align-left","16":"mobile-align-left","17":"ast-product-gallery-layout-horizontal-slider","18":"ast-product-gallery-with-no-image","19":"ast-magnify-disabled","20":"ast-product-tabs-layout-horizontal","22":"first","23":"instock","24":"virtual","25":"purchasable","26":"product-type-simple"},"yoast_head":"<!-- This site is optimized with the Yoast SEO plugin v26.6 - https:\/\/yoast.com\/wordpress\/plugins\/seo\/ -->\n<title>Assessorament personalitzat en Lact\u00e0ncia materna a domicili - Criand<\/title>\n<meta name=\"robots\" content=\"index, follow, max-snippet:-1, max-image-preview:large, max-video-preview:-1\" \/>\n<link rel=\"canonical\" href=\"https:\/\/criand.ad\/producto\/assessorament-personalitzat-en-lactancia-materna-a-domicili\/\" \/>\n<meta property=\"og:locale\" content=\"fr_FR\" \/>\n<meta property=\"og:type\" content=\"article\" \/>\n<meta property=\"og:title\" content=\"Assessorament personalitzat en Lact\u00e0ncia materna a domicili - Criand\" \/>\n<meta property=\"og:description\" content=\"La teva lact\u00e0ncia no funciona com t\u2019agradaria? Tens dolor, dificultats o problemes? El teu beb\u00e9 t\u00e9 molts c\u00f2lics i penses que poden estar relacionats amb la lact\u00e0ncia? Vols destetar i no saps com comen\u00e7ar? Has de tornar a la feina i vols que t\u2019ajudem a fer un pla d\u2019alletament? O simplement tens dubtes al voltant [&hellip;]\" \/>\n<meta property=\"og:url\" content=\"https:\/\/criand.ad\/producto\/assessorament-personalitzat-en-lactancia-materna-a-domicili\/\" \/>\n<meta property=\"og:site_name\" content=\"Criand\" \/>\n<meta property=\"article:modified_time\" content=\"2025-12-16T15:31:37+00:00\" \/>\n<meta property=\"og:image\" content=\"https:\/\/criand.ad\/wp-content\/uploads\/2025\/05\/lactancia-materna.webp\" \/>\n\t<meta property=\"og:image:width\" content=\"640\" \/>\n\t<meta property=\"og:image:height\" content=\"800\" \/>\n\t<meta property=\"og:image:type\" content=\"image\/webp\" \/>\n<meta name=\"twitter:card\" content=\"summary_large_image\" \/>\n<meta name=\"twitter:label1\" content=\"Dur\u00e9e de lecture estim\u00e9e\" \/>\n\t<meta name=\"twitter:data1\" content=\"1 minute\" \/>\n<script type=\"application\/ld+json\" class=\"yoast-schema-graph\">{\"@context\":\"https:\/\/schema.org\",\"@graph\":[{\"@type\":\"WebPage\",\"@id\":\"https:\/\/criand.ad\/producto\/assessorament-personalitzat-en-lactancia-materna-a-domicili\/\",\"url\":\"https:\/\/criand.ad\/producto\/assessorament-personalitzat-en-lactancia-materna-a-domicili\/\",\"name\":\"Assessorament personalitzat en Lact\u00e0ncia materna a domicili - Criand\",\"isPartOf\":{\"@id\":\"https:\/\/criand.ad\/#website\"},\"primaryImageOfPage\":{\"@id\":\"https:\/\/criand.ad\/producto\/assessorament-personalitzat-en-lactancia-materna-a-domicili\/#primaryimage\"},\"image\":{\"@id\":\"https:\/\/criand.ad\/producto\/assessorament-personalitzat-en-lactancia-materna-a-domicili\/#primaryimage\"},\"thumbnailUrl\":\"https:\/\/criand.ad\/wp-content\/uploads\/2025\/05\/lactancia-materna.webp\",\"datePublished\":\"2025-05-31T05:31:22+00:00\",\"dateModified\":\"2025-12-16T15:31:37+00:00\",\"breadcrumb\":{\"@id\":\"https:\/\/criand.ad\/producto\/assessorament-personalitzat-en-lactancia-materna-a-domicili\/#breadcrumb\"},\"inLanguage\":\"fr-FR\",\"potentialAction\":[{\"@type\":\"ReadAction\",\"target\":[\"https:\/\/criand.ad\/producto\/assessorament-personalitzat-en-lactancia-materna-a-domicili\/\"]}]},{\"@type\":\"ImageObject\",\"inLanguage\":\"fr-FR\",\"@id\":\"https:\/\/criand.ad\/producto\/assessorament-personalitzat-en-lactancia-materna-a-domicili\/#primaryimage\",\"url\":\"https:\/\/criand.ad\/wp-content\/uploads\/2025\/05\/lactancia-materna.webp\",\"contentUrl\":\"https:\/\/criand.ad\/wp-content\/uploads\/2025\/05\/lactancia-materna.webp\",\"width\":640,\"height\":800},{\"@type\":\"BreadcrumbList\",\"@id\":\"https:\/\/criand.ad\/producto\/assessorament-personalitzat-en-lactancia-materna-a-domicili\/#breadcrumb\",\"itemListElement\":[{\"@type\":\"ListItem\",\"position\":1,\"name\":\"Inici\",\"item\":\"https:\/\/criand.ad\/fr\/\"},{\"@type\":\"ListItem\",\"position\":2,\"name\":\"Productes\",\"item\":\"https:\/\/criand.ad\/shop\/\"},{\"@type\":\"ListItem\",\"position\":3,\"name\":\"Assessorament personalitzat en Lact\u00e0ncia materna a domicili\"}]},{\"@type\":\"WebSite\",\"@id\":\"https:\/\/criand.ad\/#website\",\"url\":\"https:\/\/criand.ad\/\",\"name\":\"CRIAND\",\"description\":\"Embar\u00e0s, Postpart i Crian\u00e7a\",\"potentialAction\":[{\"@type\":\"SearchAction\",\"target\":{\"@type\":\"EntryPoint\",\"urlTemplate\":\"https:\/\/criand.ad\/?s={search_term_string}\"},\"query-input\":{\"@type\":\"PropertyValueSpecification\",\"valueRequired\":true,\"valueName\":\"search_term_string\"}}],\"inLanguage\":\"fr-FR\"}]}<\/script>\n<!-- \/ Yoast SEO plugin. -->","yoast_head_json":{"title":"Assessorament personalitzat en Lact\u00e0ncia materna a domicili - Criand","robots":{"index":"index","follow":"follow","max-snippet":"max-snippet:-1","max-image-preview":"max-image-preview:large","max-video-preview":"max-video-preview:-1"},"canonical":"https:\/\/criand.ad\/producto\/assessorament-personalitzat-en-lactancia-materna-a-domicili\/","og_locale":"fr_FR","og_type":"article","og_title":"Assessorament personalitzat en Lact\u00e0ncia materna a domicili - Criand","og_description":"La teva lact\u00e0ncia no funciona com t\u2019agradaria? Tens dolor, dificultats o problemes? El teu beb\u00e9 t\u00e9 molts c\u00f2lics i penses que poden estar relacionats amb la lact\u00e0ncia? Vols destetar i no saps com comen\u00e7ar? Has de tornar a la feina i vols que t\u2019ajudem a fer un pla d\u2019alletament? O simplement tens dubtes al voltant [&hellip;]","og_url":"https:\/\/criand.ad\/producto\/assessorament-personalitzat-en-lactancia-materna-a-domicili\/","og_site_name":"Criand","article_modified_time":"2025-12-16T15:31:37+00:00","og_image":[{"width":640,"height":800,"url":"https:\/\/criand.ad\/wp-content\/uploads\/2025\/05\/lactancia-materna.webp","type":"image\/webp"}],"twitter_card":"summary_large_image","twitter_misc":{"Dur\u00e9e de lecture estim\u00e9e":"1 minute"},"schema":{"@context":"https:\/\/schema.org","@graph":[{"@type":"WebPage","@id":"https:\/\/criand.ad\/producto\/assessorament-personalitzat-en-lactancia-materna-a-domicili\/","url":"https:\/\/criand.ad\/producto\/assessorament-personalitzat-en-lactancia-materna-a-domicili\/","name":"Assessorament personalitzat en Lact\u00e0ncia materna a domicili - Criand","isPartOf":{"@id":"https:\/\/criand.ad\/#website"},"primaryImageOfPage":{"@id":"https:\/\/criand.ad\/producto\/assessorament-personalitzat-en-lactancia-materna-a-domicili\/#primaryimage"},"image":{"@id":"https:\/\/criand.ad\/producto\/assessorament-personalitzat-en-lactancia-materna-a-domicili\/#primaryimage"},"thumbnailUrl":"https:\/\/criand.ad\/wp-content\/uploads\/2025\/05\/lactancia-materna.webp","datePublished":"2025-05-31T05:31:22+00:00","dateModified":"2025-12-16T15:31:37+00:00","breadcrumb":{"@id":"https:\/\/criand.ad\/producto\/assessorament-personalitzat-en-lactancia-materna-a-domicili\/#breadcrumb"},"inLanguage":"fr-FR","potentialAction":[{"@type":"ReadAction","target":["https:\/\/criand.ad\/producto\/assessorament-personalitzat-en-lactancia-materna-a-domicili\/"]}]},{"@type":"ImageObject","inLanguage":"fr-FR","@id":"https:\/\/criand.ad\/producto\/assessorament-personalitzat-en-lactancia-materna-a-domicili\/#primaryimage","url":"https:\/\/criand.ad\/wp-content\/uploads\/2025\/05\/lactancia-materna.webp","contentUrl":"https:\/\/criand.ad\/wp-content\/uploads\/2025\/05\/lactancia-materna.webp","width":640,"height":800},{"@type":"BreadcrumbList","@id":"https:\/\/criand.ad\/producto\/assessorament-personalitzat-en-lactancia-materna-a-domicili\/#breadcrumb","itemListElement":[{"@type":"ListItem","position":1,"name":"Inici","item":"https:\/\/criand.ad\/fr\/"},{"@type":"ListItem","position":2,"name":"Productes","item":"https:\/\/criand.ad\/shop\/"},{"@type":"ListItem","position":3,"name":"Assessorament personalitzat en Lact\u00e0ncia materna a domicili"}]},{"@type":"WebSite","@id":"https:\/\/criand.ad\/#website","url":"https:\/\/criand.ad\/","name":"CRIAND","description":"Embar\u00e0s, Postpart i Crian\u00e7a","potentialAction":[{"@type":"SearchAction","target":{"@type":"EntryPoint","urlTemplate":"https:\/\/criand.ad\/?s={search_term_string}"},"query-input":{"@type":"PropertyValueSpecification","valueRequired":true,"valueName":"search_term_string"}}],"inLanguage":"fr-FR"}]}},"_links":{"self":[{"href":"https:\/\/criand.ad\/fr\/wp-json\/wp\/v2\/product\/6626","targetHints":{"allow":["GET"]}}],"collection":[{"href":"https:\/\/criand.ad\/fr\/wp-json\/wp\/v2\/product"}],"about":[{"href":"https:\/\/criand.ad\/fr\/wp-json\/wp\/v2\/types\/product"}],"version-history":[{"count":0,"href":"https:\/\/criand.ad\/fr\/wp-json\/wp\/v2\/product\/6626\/revisions"}],"wp:featuredmedia":[{"embeddable":true,"href":"https:\/\/criand.ad\/fr\/wp-json\/wp\/v2\/media\/6627"}],"wp:attachment":[{"href":"https:\/\/criand.ad\/fr\/wp-json\/wp\/v2\/media?parent=6626"}],"wp:term":[{"taxonomy":"product_brand","embeddable":true,"href":"https:\/\/criand.ad\/fr\/wp-json\/wp\/v2\/product_brand?post=6626"},{"taxonomy":"product_cat","embeddable":true,"href":"https:\/\/criand.ad\/fr\/wp-json\/wp\/v2\/product_cat?post=6626"},{"taxonomy":"product_tag","embeddable":true,"href":"https:\/\/criand.ad\/fr\/wp-json\/wp\/v2\/product_tag?post=6626"},{"taxonomy":"giftcard-category","embeddable":true,"href":"https:\/\/criand.ad\/fr\/wp-json\/wp\/v2\/giftcard-category?post=6626"}],"curies":[{"name":"wp","href":"https:\/\/api.w.org\/{rel}","templated":true}]}}