{"id":6520,"date":"2025-05-31T07:32:59","date_gmt":"2025-05-31T05:32:59","guid":{"rendered":"http:\/\/criand.ad\/?post_type=product&#038;p=6520"},"modified":"2026-01-15T15:18:05","modified_gmt":"2026-01-15T14:18:05","slug":"fora-mocs","status":"publish","type":"product","link":"https:\/\/criand.ad\/fr\/producto\/fora-mocs\/","title":{"rendered":"Taller grupal: FORA MOCS!"},"content":{"rendered":"<p>Arriba el fred i amb ell, els costipats i els mocs!<\/p>\n<p>Un taller dirigit per Olga Da Cunha, Fisioterapeuta especialitzada en el m\u00f3n de la dona i m\u00e0ster en fisioter\u00e0pia respirat\u00f2ria infantil, us donar\u00e0 totes les eines per afrontar l&rsquo;hivern de la forma m\u00e9s segura davant de la cl\u00ednica respirat\u00f2ria.<\/p>\n<p>Objectius del taller:<\/p>\n<ul>\n<li>Con\u00e8ixer la fisiologia respirat\u00f2ria dels nadons<\/li>\n<li>Informar sobre la patologia respirat\u00f2ria<\/li>\n<li>Identificar els signes d&rsquo;alarma respiratoris<\/li>\n<li>Donar eines i recursos per afrontar els processos v\u00edrics dels nadons<\/li>\n<li>Ensenyar a fer neteja nasal i recomanacions d&rsquo;instruments segons la evid\u00e8ncia cient\u00edfica<\/li>\n<\/ul>\n<p><strong>Preu: 50 euros. El preu \u00e9s per unitat familiar.<\/strong><\/p>\n<p>El preu inclou: una infografia de recurs que us enviarem un cop efectuat el taller<\/p>\n<p><strong>Data i lloc: 24 Gener a les 10h30 a la Sala Piano de l&rsquo;Hotel Roc blanc\u00a0\u00a0<\/strong><\/p>\n<p>&nbsp;<\/p>\n<p>&nbsp;<\/p>\n<p>&nbsp;<\/p>\n<p>&nbsp;<\/p>\n<p>&nbsp;<\/p>\n","protected":false},"excerpt":{"rendered":"<p>Saber actuar correctament davant dels mocs i els refredats en els nadons \u00e9s essencial per garantir el seu benestar. Els m\u00e9s petits encara no saben expulsar les mucositats per si sols, i una mala gesti\u00f3 pot afectar la respiraci\u00f3, el son i fins i tot l\u2019alimentaci\u00f3. Con\u00e8ixer qu\u00e8 \u00e9s normal, quan cal preocupar-se i quines eines utilitzar de manera segura ajuda les fam\u00edlies a viure aquests processos amb m\u00e9s calma i confian\u00e7a, evitant errors habituals i afavorint una recuperaci\u00f3 m\u00e9s c\u00f2moda per al nad\u00f3.<\/p>\n","protected":false},"featured_media":6526,"template":"","meta":{"site-sidebar-layout":"default","site-content-layout":"","ast-site-content-layout":"default","site-content-style":"default","site-sidebar-style":"default","ast-global-header-display":"","ast-banner-title-visibility":"","ast-main-header-display":"","ast-hfb-above-header-display":"","ast-hfb-below-header-display":"","ast-hfb-mobile-header-display":"","site-post-title":"","ast-breadcrumbs-content":"","ast-featured-img":"","footer-sml-layout":"","theme-transparent-header-meta":"default","adv-header-id-meta":"","stick-header-meta":"default","header-above-stick-meta":"","header-main-stick-meta":"","header-below-stick-meta":"","astra-migrate-meta-layouts":"set","ast-page-background-enabled":"default","ast-page-background-meta":{"desktop":{"background-color":"","background-image":"","background-repeat":"repeat","background-position":"center center","background-size":"auto","background-attachment":"scroll","background-type":"","background-media":"","overlay-type":"","overlay-color":"","overlay-opacity":"","overlay-gradient":""},"tablet":{"background-color":"","background-image":"","background-repeat":"repeat","background-position":"center center","background-size":"auto","background-attachment":"scroll","background-type":"","background-media":"","overlay-type":"","overlay-color":"","overlay-opacity":"","overlay-gradient":""},"mobile":{"background-color":"","background-image":"","background-repeat":"repeat","background-position":"center center","background-size":"auto","background-attachment":"scroll","background-type":"","background-media":"","overlay-type":"","overlay-color":"","overlay-opacity":"","overlay-gradient":""}},"ast-content-background-meta":{"desktop":{"background-color":"var(--ast-global-color-5)","background-image":"","background-repeat":"repeat","background-position":"center center","background-size":"auto","background-attachment":"scroll","background-type":"","background-media":"","overlay-type":"","overlay-color":"","overlay-opacity":"","overlay-gradient":""},"tablet":{"background-color":"var(--ast-global-color-5)","background-image":"","background-repeat":"repeat","background-position":"center center","background-size":"auto","background-attachment":"scroll","background-type":"","background-media":"","overlay-type":"","overlay-color":"","overlay-opacity":"","overlay-gradient":""},"mobile":{"background-color":"var(--ast-global-color-5)","background-image":"","background-repeat":"repeat","background-position":"center center","background-size":"auto","background-attachment":"scroll","background-type":"","background-media":"","overlay-type":"","overlay-color":"","overlay-opacity":"","overlay-gradient":""}}},"product_brand":[],"product_cat":[136,141],"product_tag":[129,130,142,197,143,144,145],"giftcard-category":[],"class_list":{"0":"post-6520","1":"product","2":"type-product","3":"status-publish","4":"has-post-thumbnail","6":"product_cat-ateliers","7":"product_cat-portpartum","8":"product_tag-andorra-fr","9":"product_tag-assessorament-fr","10":"product_tag-nadons-0-3-mesos-fr","11":"product_tag-nadons-3-6-mesos-fr","12":"product_tag-nadons-6-12-mesos-fr","13":"product_tag-nens-es-de-1-3-anys-fr","14":"product_tag-nens-es-de-3-a-7-anys-fr","15":"desktop-align-left","16":"tablet-align-left","17":"mobile-align-left","18":"ast-product-gallery-layout-horizontal-slider","19":"ast-product-gallery-with-no-image","20":"ast-magnify-disabled","21":"ast-product-tabs-layout-horizontal","23":"first","24":"outofstock","25":"virtual","26":"purchasable","27":"product-type-simple"},"yoast_head":"<!-- This site is optimized with the Yoast SEO plugin v26.6 - https:\/\/yoast.com\/wordpress\/plugins\/seo\/ -->\n<title>Taller grupal: FORA MOCS! - Criand<\/title>\n<meta name=\"robots\" content=\"index, follow, max-snippet:-1, max-image-preview:large, max-video-preview:-1\" \/>\n<link rel=\"canonical\" href=\"https:\/\/criand.ad\/fr\/producto\/fora-mocs\/\" \/>\n<meta property=\"og:locale\" content=\"fr_FR\" \/>\n<meta property=\"og:type\" content=\"article\" \/>\n<meta property=\"og:title\" content=\"Taller grupal: FORA MOCS! - Criand\" \/>\n<meta property=\"og:description\" content=\"Saber actuar correctament davant dels mocs i els refredats en els nadons \u00e9s essencial per garantir el seu benestar. Els m\u00e9s petits encara no saben expulsar les mucositats per si sols, i una mala gesti\u00f3 pot afectar la respiraci\u00f3, el son i fins i tot l\u2019alimentaci\u00f3. Con\u00e8ixer qu\u00e8 \u00e9s normal, quan cal preocupar-se i quines eines utilitzar de manera segura ajuda les fam\u00edlies a viure aquests processos amb m\u00e9s calma i confian\u00e7a, evitant errors habituals i afavorint una recuperaci\u00f3 m\u00e9s c\u00f2moda per al nad\u00f3.\" \/>\n<meta property=\"og:url\" content=\"https:\/\/criand.ad\/fr\/producto\/fora-mocs\/\" \/>\n<meta property=\"og:site_name\" content=\"Criand\" \/>\n<meta property=\"article:modified_time\" content=\"2026-01-15T14:18:05+00:00\" \/>\n<meta property=\"og:image\" content=\"https:\/\/criand.ad\/wp-content\/uploads\/2025\/05\/ScoutMoorBabycough-scaled-1-e1765472957754.webp\" \/>\n\t<meta property=\"og:image:width\" content=\"2560\" \/>\n\t<meta property=\"og:image:height\" content=\"1280\" \/>\n\t<meta property=\"og:image:type\" content=\"image\/webp\" \/>\n<meta name=\"twitter:card\" content=\"summary_large_image\" \/>\n<meta name=\"twitter:label1\" content=\"Dur\u00e9e de lecture estim\u00e9e\" \/>\n\t<meta name=\"twitter:data1\" content=\"1 minute\" \/>\n<script type=\"application\/ld+json\" class=\"yoast-schema-graph\">{\"@context\":\"https:\/\/schema.org\",\"@graph\":[{\"@type\":\"WebPage\",\"@id\":\"https:\/\/criand.ad\/fr\/producto\/fora-mocs\/\",\"url\":\"https:\/\/criand.ad\/fr\/producto\/fora-mocs\/\",\"name\":\"Taller grupal: FORA MOCS! - Criand\",\"isPartOf\":{\"@id\":\"https:\/\/criand.ad\/#website\"},\"primaryImageOfPage\":{\"@id\":\"https:\/\/criand.ad\/fr\/producto\/fora-mocs\/#primaryimage\"},\"image\":{\"@id\":\"https:\/\/criand.ad\/fr\/producto\/fora-mocs\/#primaryimage\"},\"thumbnailUrl\":\"https:\/\/criand.ad\/wp-content\/uploads\/2025\/05\/ScoutMoorBabycough-scaled-1-e1765472957754.webp\",\"datePublished\":\"2025-05-31T05:32:59+00:00\",\"dateModified\":\"2026-01-15T14:18:05+00:00\",\"breadcrumb\":{\"@id\":\"https:\/\/criand.ad\/fr\/producto\/fora-mocs\/#breadcrumb\"},\"inLanguage\":\"fr-FR\",\"potentialAction\":[{\"@type\":\"ReadAction\",\"target\":[\"https:\/\/criand.ad\/fr\/producto\/fora-mocs\/\"]}]},{\"@type\":\"ImageObject\",\"inLanguage\":\"fr-FR\",\"@id\":\"https:\/\/criand.ad\/fr\/producto\/fora-mocs\/#primaryimage\",\"url\":\"https:\/\/criand.ad\/wp-content\/uploads\/2025\/05\/ScoutMoorBabycough-scaled-1-e1765472957754.webp\",\"contentUrl\":\"https:\/\/criand.ad\/wp-content\/uploads\/2025\/05\/ScoutMoorBabycough-scaled-1-e1765472957754.webp\",\"width\":2560,\"height\":1280},{\"@type\":\"BreadcrumbList\",\"@id\":\"https:\/\/criand.ad\/fr\/producto\/fora-mocs\/#breadcrumb\",\"itemListElement\":[{\"@type\":\"ListItem\",\"position\":1,\"name\":\"Inici\",\"item\":\"https:\/\/criand.ad\/fr\/\"},{\"@type\":\"ListItem\",\"position\":2,\"name\":\"Productes\",\"item\":\"https:\/\/criand.ad\/shop\/\"},{\"@type\":\"ListItem\",\"position\":3,\"name\":\"Taller grupal: FORA MOCS!\"}]},{\"@type\":\"WebSite\",\"@id\":\"https:\/\/criand.ad\/#website\",\"url\":\"https:\/\/criand.ad\/\",\"name\":\"CRIAND\",\"description\":\"Embar\u00e0s, Postpart i Crian\u00e7a\",\"potentialAction\":[{\"@type\":\"SearchAction\",\"target\":{\"@type\":\"EntryPoint\",\"urlTemplate\":\"https:\/\/criand.ad\/?s={search_term_string}\"},\"query-input\":{\"@type\":\"PropertyValueSpecification\",\"valueRequired\":true,\"valueName\":\"search_term_string\"}}],\"inLanguage\":\"fr-FR\"}]}<\/script>\n<!-- \/ Yoast SEO plugin. -->","yoast_head_json":{"title":"Taller grupal: FORA MOCS! - Criand","robots":{"index":"index","follow":"follow","max-snippet":"max-snippet:-1","max-image-preview":"max-image-preview:large","max-video-preview":"max-video-preview:-1"},"canonical":"https:\/\/criand.ad\/fr\/producto\/fora-mocs\/","og_locale":"fr_FR","og_type":"article","og_title":"Taller grupal: FORA MOCS! - Criand","og_description":"Saber actuar correctament davant dels mocs i els refredats en els nadons \u00e9s essencial per garantir el seu benestar. Els m\u00e9s petits encara no saben expulsar les mucositats per si sols, i una mala gesti\u00f3 pot afectar la respiraci\u00f3, el son i fins i tot l\u2019alimentaci\u00f3. Con\u00e8ixer qu\u00e8 \u00e9s normal, quan cal preocupar-se i quines eines utilitzar de manera segura ajuda les fam\u00edlies a viure aquests processos amb m\u00e9s calma i confian\u00e7a, evitant errors habituals i afavorint una recuperaci\u00f3 m\u00e9s c\u00f2moda per al nad\u00f3.","og_url":"https:\/\/criand.ad\/fr\/producto\/fora-mocs\/","og_site_name":"Criand","article_modified_time":"2026-01-15T14:18:05+00:00","og_image":[{"width":2560,"height":1280,"url":"https:\/\/criand.ad\/wp-content\/uploads\/2025\/05\/ScoutMoorBabycough-scaled-1-e1765472957754.webp","type":"image\/webp"}],"twitter_card":"summary_large_image","twitter_misc":{"Dur\u00e9e de lecture estim\u00e9e":"1 minute"},"schema":{"@context":"https:\/\/schema.org","@graph":[{"@type":"WebPage","@id":"https:\/\/criand.ad\/fr\/producto\/fora-mocs\/","url":"https:\/\/criand.ad\/fr\/producto\/fora-mocs\/","name":"Taller grupal: FORA MOCS! - Criand","isPartOf":{"@id":"https:\/\/criand.ad\/#website"},"primaryImageOfPage":{"@id":"https:\/\/criand.ad\/fr\/producto\/fora-mocs\/#primaryimage"},"image":{"@id":"https:\/\/criand.ad\/fr\/producto\/fora-mocs\/#primaryimage"},"thumbnailUrl":"https:\/\/criand.ad\/wp-content\/uploads\/2025\/05\/ScoutMoorBabycough-scaled-1-e1765472957754.webp","datePublished":"2025-05-31T05:32:59+00:00","dateModified":"2026-01-15T14:18:05+00:00","breadcrumb":{"@id":"https:\/\/criand.ad\/fr\/producto\/fora-mocs\/#breadcrumb"},"inLanguage":"fr-FR","potentialAction":[{"@type":"ReadAction","target":["https:\/\/criand.ad\/fr\/producto\/fora-mocs\/"]}]},{"@type":"ImageObject","inLanguage":"fr-FR","@id":"https:\/\/criand.ad\/fr\/producto\/fora-mocs\/#primaryimage","url":"https:\/\/criand.ad\/wp-content\/uploads\/2025\/05\/ScoutMoorBabycough-scaled-1-e1765472957754.webp","contentUrl":"https:\/\/criand.ad\/wp-content\/uploads\/2025\/05\/ScoutMoorBabycough-scaled-1-e1765472957754.webp","width":2560,"height":1280},{"@type":"BreadcrumbList","@id":"https:\/\/criand.ad\/fr\/producto\/fora-mocs\/#breadcrumb","itemListElement":[{"@type":"ListItem","position":1,"name":"Inici","item":"https:\/\/criand.ad\/fr\/"},{"@type":"ListItem","position":2,"name":"Productes","item":"https:\/\/criand.ad\/shop\/"},{"@type":"ListItem","position":3,"name":"Taller grupal: FORA MOCS!"}]},{"@type":"WebSite","@id":"https:\/\/criand.ad\/#website","url":"https:\/\/criand.ad\/","name":"CRIAND","description":"Embar\u00e0s, Postpart i Crian\u00e7a","potentialAction":[{"@type":"SearchAction","target":{"@type":"EntryPoint","urlTemplate":"https:\/\/criand.ad\/?s={search_term_string}"},"query-input":{"@type":"PropertyValueSpecification","valueRequired":true,"valueName":"search_term_string"}}],"inLanguage":"fr-FR"}]}},"_links":{"self":[{"href":"https:\/\/criand.ad\/fr\/wp-json\/wp\/v2\/product\/6520","targetHints":{"allow":["GET"]}}],"collection":[{"href":"https:\/\/criand.ad\/fr\/wp-json\/wp\/v2\/product"}],"about":[{"href":"https:\/\/criand.ad\/fr\/wp-json\/wp\/v2\/types\/product"}],"version-history":[{"count":1,"href":"https:\/\/criand.ad\/fr\/wp-json\/wp\/v2\/product\/6520\/revisions"}],"predecessor-version":[{"id":6849,"href":"https:\/\/criand.ad\/fr\/wp-json\/wp\/v2\/product\/6520\/revisions\/6849"}],"wp:featuredmedia":[{"embeddable":true,"href":"https:\/\/criand.ad\/fr\/wp-json\/wp\/v2\/media\/6526"}],"wp:attachment":[{"href":"https:\/\/criand.ad\/fr\/wp-json\/wp\/v2\/media?parent=6520"}],"wp:term":[{"taxonomy":"product_brand","embeddable":true,"href":"https:\/\/criand.ad\/fr\/wp-json\/wp\/v2\/product_brand?post=6520"},{"taxonomy":"product_cat","embeddable":true,"href":"https:\/\/criand.ad\/fr\/wp-json\/wp\/v2\/product_cat?post=6520"},{"taxonomy":"product_tag","embeddable":true,"href":"https:\/\/criand.ad\/fr\/wp-json\/wp\/v2\/product_tag?post=6520"},{"taxonomy":"giftcard-category","embeddable":true,"href":"https:\/\/criand.ad\/fr\/wp-json\/wp\/v2\/giftcard-category?post=6520"}],"curies":[{"name":"wp","href":"https:\/\/api.w.org\/{rel}","templated":true}]}}