{"id":6349,"date":"2025-05-31T07:31:22","date_gmt":"2025-05-31T05:31:22","guid":{"rendered":"http:\/\/criand.ad\/producto\/aeroioga-i-postpart-pack-mensual\/"},"modified":"2026-04-27T11:04:59","modified_gmt":"2026-04-27T09:04:59","slug":"aeroioga-i-postpart-pack-mensual","status":"publish","type":"product","link":"https:\/\/criand.ad\/fr\/producto\/aeroioga-i-postpart-pack-mensual\/","title":{"rendered":"Aeroioga i Postpart: Pack mensual"},"content":{"rendered":"","protected":false},"excerpt":{"rendered":"<p>Vols retrobar la conexi\u00f3 amb el teu cos? Amb aquestes classes exclusives treballareu amb suspensi\u00f3 de teles d&rsquo;aeroioga tot el vostre cos, fent especial menci\u00f3 al s\u00f2l p\u00e8lvic. Tamb\u00e9 treballareu espais de connexio amb el vostre nad\u00f3 ja sigui portejant o sobre el terra o les teles d&rsquo;aeroioga.<\/p>\n<p>Amb Olga Da Cunha, fisioterapeuta especialitzada en salut de la dona i s\u00f2l pelvi\u00e0.<\/p>\n<blockquote><p><strong>Horari: Cada dimarts a les 11h45\u00a0<\/strong><\/p><\/blockquote>\n<p><strong>Lloc: Escola l\u00edquid Dansa<\/strong><\/p>\n","protected":false},"featured_media":5802,"template":"","meta":{"site-sidebar-layout":"default","site-content-layout":"","ast-site-content-layout":"default","site-content-style":"default","site-sidebar-style":"default","ast-global-header-display":"","ast-banner-title-visibility":"","ast-main-header-display":"","ast-hfb-above-header-display":"","ast-hfb-below-header-display":"","ast-hfb-mobile-header-display":"","site-post-title":"","ast-breadcrumbs-content":"","ast-featured-img":"","footer-sml-layout":"","theme-transparent-header-meta":"default","adv-header-id-meta":"","stick-header-meta":"default","header-above-stick-meta":"","header-main-stick-meta":"","header-below-stick-meta":"","astra-migrate-meta-layouts":"set","ast-page-background-enabled":"default","ast-page-background-meta":{"desktop":{"background-color":"","background-image":"","background-repeat":"repeat","background-position":"center center","background-size":"auto","background-attachment":"scroll","background-type":"","background-media":"","overlay-type":"","overlay-color":"","overlay-opacity":"","overlay-gradient":""},"tablet":{"background-color":"","background-image":"","background-repeat":"repeat","background-position":"center center","background-size":"auto","background-attachment":"scroll","background-type":"","background-media":"","overlay-type":"","overlay-color":"","overlay-opacity":"","overlay-gradient":""},"mobile":{"background-color":"","background-image":"","background-repeat":"repeat","background-position":"center center","background-size":"auto","background-attachment":"scroll","background-type":"","background-media":"","overlay-type":"","overlay-color":"","overlay-opacity":"","overlay-gradient":""}},"ast-content-background-meta":{"desktop":{"background-color":"var(--ast-global-color-5)","background-image":"","background-repeat":"repeat","background-position":"center center","background-size":"auto","background-attachment":"scroll","background-type":"","background-media":"","overlay-type":"","overlay-color":"","overlay-opacity":"","overlay-gradient":""},"tablet":{"background-color":"var(--ast-global-color-5)","background-image":"","background-repeat":"repeat","background-position":"center center","background-size":"auto","background-attachment":"scroll","background-type":"","background-media":"","overlay-type":"","overlay-color":"","overlay-opacity":"","overlay-gradient":""},"mobile":{"background-color":"var(--ast-global-color-5)","background-image":"","background-repeat":"repeat","background-position":"center center","background-size":"auto","background-attachment":"scroll","background-type":"","background-media":"","overlay-type":"","overlay-color":"","overlay-opacity":"","overlay-gradient":""}}},"product_brand":[],"product_cat":[140,138,136],"product_tag":[129,189,190],"giftcard-category":[],"class_list":{"0":"post-6349","1":"product","2":"type-product","3":"status-publish","4":"has-post-thumbnail","6":"product_cat-accompagnement-presentiel","7":"product_cat-aero-yoga","8":"product_cat-ateliers","9":"product_tag-andorra-fr","10":"product_tag-post-part-fr","11":"product_tag-salut-femenina-fr","12":"desktop-align-left","13":"tablet-align-left","14":"mobile-align-left","15":"ast-product-gallery-layout-horizontal-slider","16":"ast-product-gallery-with-no-image","17":"ast-magnify-disabled","18":"ast-product-tabs-layout-horizontal","20":"first","21":"instock","22":"virtual","23":"purchasable","24":"product-type-simple"},"yoast_head":"<!-- This site is optimized with the Yoast SEO plugin v26.6 - https:\/\/yoast.com\/wordpress\/plugins\/seo\/ -->\n<title>Aeroioga i Postpart: Pack mensual - Criand<\/title>\n<meta name=\"robots\" content=\"index, follow, max-snippet:-1, max-image-preview:large, max-video-preview:-1\" \/>\n<link rel=\"canonical\" href=\"https:\/\/criand.ad\/fr\/producto\/aeroioga-i-postpart-pack-mensual\/\" \/>\n<meta property=\"og:locale\" content=\"fr_FR\" \/>\n<meta property=\"og:type\" content=\"article\" \/>\n<meta property=\"og:title\" content=\"Aeroioga i Postpart: Pack mensual - Criand\" \/>\n<meta property=\"og:description\" content=\"Vols retrobar la conexi\u00f3 amb el teu cos? Amb aquestes classes exclusives treballareu amb suspensi\u00f3 de teles d&#039;aeroioga tot el vostre cos, fent especial menci\u00f3 al s\u00f2l p\u00e8lvic. Tamb\u00e9 treballareu espais de connexio amb el vostre nad\u00f3 ja sigui portejant o sobre el terra o les teles d&#039;aeroioga.  Amb Olga Da Cunha, fisioterapeuta especialitzada en salut de la dona i s\u00f2l pelvi\u00e0. Horari: Cada dimarts a les 11h45\u00a0 Lloc: Escola l\u00edquid Dansa\" \/>\n<meta property=\"og:url\" content=\"https:\/\/criand.ad\/fr\/producto\/aeroioga-i-postpart-pack-mensual\/\" \/>\n<meta property=\"og:site_name\" content=\"Criand\" \/>\n<meta property=\"article:modified_time\" content=\"2026-04-27T09:04:59+00:00\" \/>\n<meta property=\"og:image\" content=\"https:\/\/criand.ad\/wp-content\/uploads\/2025\/05\/IMG-20250121-WA0013-scaled.jpg\" \/>\n\t<meta property=\"og:image:width\" content=\"1920\" \/>\n\t<meta property=\"og:image:height\" content=\"2560\" \/>\n\t<meta property=\"og:image:type\" content=\"image\/jpeg\" \/>\n<meta name=\"twitter:card\" content=\"summary_large_image\" \/>\n<meta name=\"twitter:label1\" content=\"Dur\u00e9e de lecture estim\u00e9e\" \/>\n\t<meta name=\"twitter:data1\" content=\"1 minute\" \/>\n<script type=\"application\/ld+json\" class=\"yoast-schema-graph\">{\"@context\":\"https:\/\/schema.org\",\"@graph\":[{\"@type\":\"WebPage\",\"@id\":\"https:\/\/criand.ad\/fr\/producto\/aeroioga-i-postpart-pack-mensual\/\",\"url\":\"https:\/\/criand.ad\/fr\/producto\/aeroioga-i-postpart-pack-mensual\/\",\"name\":\"Aeroioga i Postpart: Pack mensual - Criand\",\"isPartOf\":{\"@id\":\"https:\/\/criand.ad\/#website\"},\"primaryImageOfPage\":{\"@id\":\"https:\/\/criand.ad\/fr\/producto\/aeroioga-i-postpart-pack-mensual\/#primaryimage\"},\"image\":{\"@id\":\"https:\/\/criand.ad\/fr\/producto\/aeroioga-i-postpart-pack-mensual\/#primaryimage\"},\"thumbnailUrl\":\"https:\/\/criand.ad\/wp-content\/uploads\/2025\/05\/IMG-20250121-WA0013-scaled.jpg\",\"datePublished\":\"2025-05-31T05:31:22+00:00\",\"dateModified\":\"2026-04-27T09:04:59+00:00\",\"breadcrumb\":{\"@id\":\"https:\/\/criand.ad\/fr\/producto\/aeroioga-i-postpart-pack-mensual\/#breadcrumb\"},\"inLanguage\":\"fr-FR\",\"potentialAction\":[{\"@type\":\"ReadAction\",\"target\":[\"https:\/\/criand.ad\/fr\/producto\/aeroioga-i-postpart-pack-mensual\/\"]}]},{\"@type\":\"ImageObject\",\"inLanguage\":\"fr-FR\",\"@id\":\"https:\/\/criand.ad\/fr\/producto\/aeroioga-i-postpart-pack-mensual\/#primaryimage\",\"url\":\"https:\/\/criand.ad\/wp-content\/uploads\/2025\/05\/IMG-20250121-WA0013-scaled.jpg\",\"contentUrl\":\"https:\/\/criand.ad\/wp-content\/uploads\/2025\/05\/IMG-20250121-WA0013-scaled.jpg\",\"width\":1920,\"height\":2560},{\"@type\":\"BreadcrumbList\",\"@id\":\"https:\/\/criand.ad\/fr\/producto\/aeroioga-i-postpart-pack-mensual\/#breadcrumb\",\"itemListElement\":[{\"@type\":\"ListItem\",\"position\":1,\"name\":\"Inici\",\"item\":\"https:\/\/criand.ad\/fr\/\"},{\"@type\":\"ListItem\",\"position\":2,\"name\":\"Productes\",\"item\":\"https:\/\/criand.ad\/shop\/\"},{\"@type\":\"ListItem\",\"position\":3,\"name\":\"Aeroioga i Postpart: Pack mensual\"}]},{\"@type\":\"WebSite\",\"@id\":\"https:\/\/criand.ad\/#website\",\"url\":\"https:\/\/criand.ad\/\",\"name\":\"CRIAND\",\"description\":\"Embar\u00e0s, Postpart i Crian\u00e7a\",\"potentialAction\":[{\"@type\":\"SearchAction\",\"target\":{\"@type\":\"EntryPoint\",\"urlTemplate\":\"https:\/\/criand.ad\/?s={search_term_string}\"},\"query-input\":{\"@type\":\"PropertyValueSpecification\",\"valueRequired\":true,\"valueName\":\"search_term_string\"}}],\"inLanguage\":\"fr-FR\"}]}<\/script>\n<!-- \/ Yoast SEO plugin. -->","yoast_head_json":{"title":"Aeroioga i Postpart: Pack mensual - Criand","robots":{"index":"index","follow":"follow","max-snippet":"max-snippet:-1","max-image-preview":"max-image-preview:large","max-video-preview":"max-video-preview:-1"},"canonical":"https:\/\/criand.ad\/fr\/producto\/aeroioga-i-postpart-pack-mensual\/","og_locale":"fr_FR","og_type":"article","og_title":"Aeroioga i Postpart: Pack mensual - Criand","og_description":"Vols retrobar la conexi\u00f3 amb el teu cos? Amb aquestes classes exclusives treballareu amb suspensi\u00f3 de teles d'aeroioga tot el vostre cos, fent especial menci\u00f3 al s\u00f2l p\u00e8lvic. Tamb\u00e9 treballareu espais de connexio amb el vostre nad\u00f3 ja sigui portejant o sobre el terra o les teles d'aeroioga.  Amb Olga Da Cunha, fisioterapeuta especialitzada en salut de la dona i s\u00f2l pelvi\u00e0. Horari: Cada dimarts a les 11h45\u00a0 Lloc: Escola l\u00edquid Dansa","og_url":"https:\/\/criand.ad\/fr\/producto\/aeroioga-i-postpart-pack-mensual\/","og_site_name":"Criand","article_modified_time":"2026-04-27T09:04:59+00:00","og_image":[{"width":1920,"height":2560,"url":"https:\/\/criand.ad\/wp-content\/uploads\/2025\/05\/IMG-20250121-WA0013-scaled.jpg","type":"image\/jpeg"}],"twitter_card":"summary_large_image","twitter_misc":{"Dur\u00e9e de lecture estim\u00e9e":"1 minute"},"schema":{"@context":"https:\/\/schema.org","@graph":[{"@type":"WebPage","@id":"https:\/\/criand.ad\/fr\/producto\/aeroioga-i-postpart-pack-mensual\/","url":"https:\/\/criand.ad\/fr\/producto\/aeroioga-i-postpart-pack-mensual\/","name":"Aeroioga i Postpart: Pack mensual - Criand","isPartOf":{"@id":"https:\/\/criand.ad\/#website"},"primaryImageOfPage":{"@id":"https:\/\/criand.ad\/fr\/producto\/aeroioga-i-postpart-pack-mensual\/#primaryimage"},"image":{"@id":"https:\/\/criand.ad\/fr\/producto\/aeroioga-i-postpart-pack-mensual\/#primaryimage"},"thumbnailUrl":"https:\/\/criand.ad\/wp-content\/uploads\/2025\/05\/IMG-20250121-WA0013-scaled.jpg","datePublished":"2025-05-31T05:31:22+00:00","dateModified":"2026-04-27T09:04:59+00:00","breadcrumb":{"@id":"https:\/\/criand.ad\/fr\/producto\/aeroioga-i-postpart-pack-mensual\/#breadcrumb"},"inLanguage":"fr-FR","potentialAction":[{"@type":"ReadAction","target":["https:\/\/criand.ad\/fr\/producto\/aeroioga-i-postpart-pack-mensual\/"]}]},{"@type":"ImageObject","inLanguage":"fr-FR","@id":"https:\/\/criand.ad\/fr\/producto\/aeroioga-i-postpart-pack-mensual\/#primaryimage","url":"https:\/\/criand.ad\/wp-content\/uploads\/2025\/05\/IMG-20250121-WA0013-scaled.jpg","contentUrl":"https:\/\/criand.ad\/wp-content\/uploads\/2025\/05\/IMG-20250121-WA0013-scaled.jpg","width":1920,"height":2560},{"@type":"BreadcrumbList","@id":"https:\/\/criand.ad\/fr\/producto\/aeroioga-i-postpart-pack-mensual\/#breadcrumb","itemListElement":[{"@type":"ListItem","position":1,"name":"Inici","item":"https:\/\/criand.ad\/fr\/"},{"@type":"ListItem","position":2,"name":"Productes","item":"https:\/\/criand.ad\/shop\/"},{"@type":"ListItem","position":3,"name":"Aeroioga i Postpart: Pack mensual"}]},{"@type":"WebSite","@id":"https:\/\/criand.ad\/#website","url":"https:\/\/criand.ad\/","name":"CRIAND","description":"Embar\u00e0s, Postpart i Crian\u00e7a","potentialAction":[{"@type":"SearchAction","target":{"@type":"EntryPoint","urlTemplate":"https:\/\/criand.ad\/?s={search_term_string}"},"query-input":{"@type":"PropertyValueSpecification","valueRequired":true,"valueName":"search_term_string"}}],"inLanguage":"fr-FR"}]}},"_links":{"self":[{"href":"https:\/\/criand.ad\/fr\/wp-json\/wp\/v2\/product\/6349","targetHints":{"allow":["GET"]}}],"collection":[{"href":"https:\/\/criand.ad\/fr\/wp-json\/wp\/v2\/product"}],"about":[{"href":"https:\/\/criand.ad\/fr\/wp-json\/wp\/v2\/types\/product"}],"version-history":[{"count":5,"href":"https:\/\/criand.ad\/fr\/wp-json\/wp\/v2\/product\/6349\/revisions"}],"predecessor-version":[{"id":7069,"href":"https:\/\/criand.ad\/fr\/wp-json\/wp\/v2\/product\/6349\/revisions\/7069"}],"wp:featuredmedia":[{"embeddable":true,"href":"https:\/\/criand.ad\/fr\/wp-json\/wp\/v2\/media\/5802"}],"wp:attachment":[{"href":"https:\/\/criand.ad\/fr\/wp-json\/wp\/v2\/media?parent=6349"}],"wp:term":[{"taxonomy":"product_brand","embeddable":true,"href":"https:\/\/criand.ad\/fr\/wp-json\/wp\/v2\/product_brand?post=6349"},{"taxonomy":"product_cat","embeddable":true,"href":"https:\/\/criand.ad\/fr\/wp-json\/wp\/v2\/product_cat?post=6349"},{"taxonomy":"product_tag","embeddable":true,"href":"https:\/\/criand.ad\/fr\/wp-json\/wp\/v2\/product_tag?post=6349"},{"taxonomy":"giftcard-category","embeddable":true,"href":"https:\/\/criand.ad\/fr\/wp-json\/wp\/v2\/giftcard-category?post=6349"}],"curies":[{"name":"wp","href":"https:\/\/api.w.org\/{rel}","templated":true}]}}