{"id":5897,"date":"2025-10-20T18:43:29","date_gmt":"2025-10-20T16:43:29","guid":{"rendered":"http:\/\/criand.ad\/producto\/preparacio-naixement-online\/"},"modified":"2025-10-20T18:54:12","modified_gmt":"2025-10-20T16:54:12","slug":"preparation-naissance-en-ligne","status":"publish","type":"product","link":"https:\/\/criand.ad\/fr\/producto\/preparation-naissance-en-ligne\/","title":{"rendered":"Pr\u00e9paration \u00e0 la naissance EN LIGNE : 5 s\u00e9ances"},"content":{"rendered":"<p>Vivez votre grossesse en toute s\u00e9r\u00e9nit\u00e9 : des s\u00e9ances en direct pour vous pr\u00e9parer \u00e0 l\u2019accouchement sans sortir de chez vous.<\/p>\n","protected":false},"excerpt":{"rendered":"<p data-start=\"1209\" data-end=\"1499\">Accompagnement individuel exclusif en ligne, o\u00f9 nous vous proposons des cours de pr\u00e9paration \u00e0 la naissance avec un contenu adapt\u00e9 \u00e0 vos besoins. De mani\u00e8re dynamique et interactive, nous r\u00e9pondrons \u00e0 vos questions pour que vous puissiez profiter et vivre votre grossesse de fa\u00e7on unique.<\/p>\n<p data-start=\"1501\" data-end=\"1583\">Le pack comprend <strong data-start=\"1518\" data-end=\"1531\">5 s\u00e9ances<\/strong> d\u2019environ une heure, avec les contenus suivants :<\/p>\n<ul data-start=\"1584\" data-end=\"2121\">\n<li data-start=\"1584\" data-end=\"1692\">\n<p data-start=\"1586\" data-end=\"1692\">Informations th\u00e9oriques bas\u00e9es sur les derni\u00e8res mises \u00e0 jour et recommandations concernant la grossesse<\/p>\n<\/li>\n<li data-start=\"1693\" data-end=\"1766\">\n<p data-start=\"1695\" data-end=\"1766\">Changements pendant la grossesse et conseils de sant\u00e9 et de bien-\u00eatre<\/p>\n<\/li>\n<li data-start=\"1767\" data-end=\"1831\">\n<p data-start=\"1769\" data-end=\"1831\">L\u2019accouchement : conna\u00eetre ses phases et comment les aborder<\/p>\n<\/li>\n<li data-start=\"1832\" data-end=\"1890\">\n<p data-start=\"1834\" data-end=\"1890\">M\u00e9thodes non pharmacologiques de gestion de la douleur<\/p>\n<\/li>\n<li data-start=\"1891\" data-end=\"1921\">\n<p data-start=\"1893\" data-end=\"1921\">Pr\u00e9paration au post-partum<\/p>\n<\/li>\n<li data-start=\"1922\" data-end=\"1939\">\n<p data-start=\"1924\" data-end=\"1939\">Soins du b\u00e9b\u00e9<\/p>\n<\/li>\n<li data-start=\"1940\" data-end=\"2009\">\n<p data-start=\"1942\" data-end=\"2009\">Allaitement maternel et\/ou artificiel : tout ce qu\u2019il faut savoir<\/p>\n<\/li>\n<li data-start=\"2010\" data-end=\"2062\">\n<p data-start=\"2012\" data-end=\"2062\">Comprend un accompagnement en ligne via WhatsApp<\/p>\n<\/li>\n<li data-start=\"2063\" data-end=\"2121\">\n<p data-start=\"2065\" data-end=\"2121\"><strong data-start=\"2065\" data-end=\"2079\">+ Cadeau :<\/strong> Ebook <em data-start=\"2086\" data-end=\"2119\">Criand grossesse et allaitement<\/em><\/p>\n<\/li>\n<\/ul>\n<p data-start=\"2123\" data-end=\"2256\">Possibilit\u00e9 de suivre les s\u00e9ances en espagnol, portugais, anglais ou fran\u00e7ais, sur demande pr\u00e9alable \u00e0 <strong data-start=\"2226\" data-end=\"2254\"><a class=\"decorated-link cursor-pointer\" rel=\"noopener\" data-start=\"2228\" data-end=\"2252\">criand.andorra@gmail.com<\/a><\/strong><\/p>\n","protected":false},"featured_media":5835,"template":"","meta":{"site-sidebar-layout":"default","site-content-layout":"","ast-site-content-layout":"default","site-content-style":"default","site-sidebar-style":"default","ast-global-header-display":"","ast-banner-title-visibility":"","ast-main-header-display":"","ast-hfb-above-header-display":"","ast-hfb-below-header-display":"","ast-hfb-mobile-header-display":"","site-post-title":"","ast-breadcrumbs-content":"","ast-featured-img":"","footer-sml-layout":"","theme-transparent-header-meta":"default","adv-header-id-meta":"","stick-header-meta":"default","header-above-stick-meta":"","header-main-stick-meta":"","header-below-stick-meta":"","astra-migrate-meta-layouts":"set","ast-page-background-enabled":"default","ast-page-background-meta":{"desktop":{"background-color":"","background-image":"","background-repeat":"repeat","background-position":"center center","background-size":"auto","background-attachment":"scroll","background-type":"","background-media":"","overlay-type":"","overlay-color":"","overlay-opacity":"","overlay-gradient":""},"tablet":{"background-color":"","background-image":"","background-repeat":"repeat","background-position":"center center","background-size":"auto","background-attachment":"scroll","background-type":"","background-media":"","overlay-type":"","overlay-color":"","overlay-opacity":"","overlay-gradient":""},"mobile":{"background-color":"","background-image":"","background-repeat":"repeat","background-position":"center center","background-size":"auto","background-attachment":"scroll","background-type":"","background-media":"","overlay-type":"","overlay-color":"","overlay-opacity":"","overlay-gradient":""}},"ast-content-background-meta":{"desktop":{"background-color":"var(--ast-global-color-5)","background-image":"","background-repeat":"repeat","background-position":"center center","background-size":"auto","background-attachment":"scroll","background-type":"","background-media":"","overlay-type":"","overlay-color":"","overlay-opacity":"","overlay-gradient":""},"tablet":{"background-color":"var(--ast-global-color-5)","background-image":"","background-repeat":"repeat","background-position":"center center","background-size":"auto","background-attachment":"scroll","background-type":"","background-media":"","overlay-type":"","overlay-color":"","overlay-opacity":"","overlay-gradient":""},"mobile":{"background-color":"var(--ast-global-color-5)","background-image":"","background-repeat":"repeat","background-position":"center center","background-size":"auto","background-attachment":"scroll","background-type":"","background-media":"","overlay-type":"","overlay-color":"","overlay-opacity":"","overlay-gradient":""}}},"product_brand":[],"product_cat":[128],"product_tag":[],"giftcard-category":[],"class_list":{"0":"post-5897","1":"product","2":"type-product","3":"status-publish","4":"has-post-thumbnail","6":"product_cat-accompagnement-en-ligne","7":"desktop-align-left","8":"tablet-align-left","9":"mobile-align-left","10":"ast-product-gallery-layout-horizontal-slider","11":"ast-product-gallery-with-no-image","12":"ast-magnify-disabled","13":"ast-product-tabs-layout-horizontal","15":"first","16":"instock","17":"downloadable","18":"taxable","19":"shipping-taxable","20":"purchasable","21":"product-type-simple"},"yoast_head":"<!-- This site is optimized with the Yoast SEO plugin v26.6 - https:\/\/yoast.com\/wordpress\/plugins\/seo\/ -->\n<title>Pr\u00e9paration \u00e0 la naissance EN LIGNE : 5 s\u00e9ances - Criand<\/title>\n<meta name=\"description\" content=\"Vivez votre grossesse en toute s\u00e9r\u00e9nit\u00e9 : des s\u00e9ances en direct pour vous pr\u00e9parer \u00e0 l\u2019accouchement sans sortir de chez vous.\" \/>\n<meta name=\"robots\" content=\"index, follow, max-snippet:-1, max-image-preview:large, max-video-preview:-1\" \/>\n<link rel=\"canonical\" href=\"https:\/\/criand.ad\/producto\/preparacio-naixement-online\/\" \/>\n<meta property=\"og:locale\" content=\"fr_FR\" \/>\n<meta property=\"og:type\" content=\"article\" \/>\n<meta property=\"og:title\" content=\"Pr\u00e9paration \u00e0 la naissance EN LIGNE : 5 s\u00e9ances - Criand\" \/>\n<meta property=\"og:description\" content=\"Vivez votre grossesse en toute s\u00e9r\u00e9nit\u00e9 : des s\u00e9ances en direct pour vous pr\u00e9parer \u00e0 l\u2019accouchement sans sortir de chez vous.\" \/>\n<meta property=\"og:url\" content=\"https:\/\/criand.ad\/producto\/preparacio-naixement-online\/\" \/>\n<meta property=\"og:site_name\" content=\"Criand\" \/>\n<meta property=\"article:modified_time\" content=\"2025-10-20T16:54:12+00:00\" \/>\n<meta property=\"og:image\" content=\"https:\/\/criand.ad\/wp-content\/uploads\/2025\/10\/IMG-20241025-WA0056.jpg\" \/>\n\t<meta property=\"og:image:width\" content=\"1316\" \/>\n\t<meta property=\"og:image:height\" content=\"1600\" \/>\n\t<meta property=\"og:image:type\" content=\"image\/jpeg\" \/>\n<meta name=\"twitter:card\" content=\"summary_large_image\" \/>\n<meta name=\"twitter:label1\" content=\"Dur\u00e9e de lecture estim\u00e9e\" \/>\n\t<meta name=\"twitter:data1\" content=\"1 minute\" \/>\n<script type=\"application\/ld+json\" class=\"yoast-schema-graph\">{\"@context\":\"https:\/\/schema.org\",\"@graph\":[{\"@type\":\"WebPage\",\"@id\":\"https:\/\/criand.ad\/producto\/preparacio-naixement-online\/\",\"url\":\"https:\/\/criand.ad\/producto\/preparacio-naixement-online\/\",\"name\":\"Pr\u00e9paration \u00e0 la naissance EN LIGNE : 5 s\u00e9ances - Criand\",\"isPartOf\":{\"@id\":\"https:\/\/criand.ad\/#website\"},\"primaryImageOfPage\":{\"@id\":\"https:\/\/criand.ad\/producto\/preparacio-naixement-online\/#primaryimage\"},\"image\":{\"@id\":\"https:\/\/criand.ad\/producto\/preparacio-naixement-online\/#primaryimage\"},\"thumbnailUrl\":\"https:\/\/criand.ad\/wp-content\/uploads\/2025\/10\/IMG-20241025-WA0056.jpg\",\"datePublished\":\"2025-10-20T16:43:29+00:00\",\"dateModified\":\"2025-10-20T16:54:12+00:00\",\"description\":\"Vivez votre grossesse en toute s\u00e9r\u00e9nit\u00e9 : des s\u00e9ances en direct pour vous pr\u00e9parer \u00e0 l\u2019accouchement sans sortir de chez vous.\",\"breadcrumb\":{\"@id\":\"https:\/\/criand.ad\/producto\/preparacio-naixement-online\/#breadcrumb\"},\"inLanguage\":\"fr-FR\",\"potentialAction\":[{\"@type\":\"ReadAction\",\"target\":[\"https:\/\/criand.ad\/producto\/preparacio-naixement-online\/\"]}]},{\"@type\":\"ImageObject\",\"inLanguage\":\"fr-FR\",\"@id\":\"https:\/\/criand.ad\/producto\/preparacio-naixement-online\/#primaryimage\",\"url\":\"https:\/\/criand.ad\/wp-content\/uploads\/2025\/10\/IMG-20241025-WA0056.jpg\",\"contentUrl\":\"https:\/\/criand.ad\/wp-content\/uploads\/2025\/10\/IMG-20241025-WA0056.jpg\",\"width\":1316,\"height\":1600},{\"@type\":\"BreadcrumbList\",\"@id\":\"https:\/\/criand.ad\/producto\/preparacio-naixement-online\/#breadcrumb\",\"itemListElement\":[{\"@type\":\"ListItem\",\"position\":1,\"name\":\"Inici\",\"item\":\"https:\/\/criand.ad\/fr\/\"},{\"@type\":\"ListItem\",\"position\":2,\"name\":\"Productes\",\"item\":\"https:\/\/criand.ad\/shop\/\"},{\"@type\":\"ListItem\",\"position\":3,\"name\":\"Pr\u00e9paration \u00e0 la naissance EN LIGNE : 5 s\u00e9ances\"}]},{\"@type\":\"WebSite\",\"@id\":\"https:\/\/criand.ad\/#website\",\"url\":\"https:\/\/criand.ad\/\",\"name\":\"CRIAND\",\"description\":\"Embar\u00e0s, Postpart i Crian\u00e7a\",\"potentialAction\":[{\"@type\":\"SearchAction\",\"target\":{\"@type\":\"EntryPoint\",\"urlTemplate\":\"https:\/\/criand.ad\/?s={search_term_string}\"},\"query-input\":{\"@type\":\"PropertyValueSpecification\",\"valueRequired\":true,\"valueName\":\"search_term_string\"}}],\"inLanguage\":\"fr-FR\"}]}<\/script>\n<!-- \/ Yoast SEO plugin. -->","yoast_head_json":{"title":"Pr\u00e9paration \u00e0 la naissance EN LIGNE : 5 s\u00e9ances - Criand","description":"Vivez votre grossesse en toute s\u00e9r\u00e9nit\u00e9 : des s\u00e9ances en direct pour vous pr\u00e9parer \u00e0 l\u2019accouchement sans sortir de chez vous.","robots":{"index":"index","follow":"follow","max-snippet":"max-snippet:-1","max-image-preview":"max-image-preview:large","max-video-preview":"max-video-preview:-1"},"canonical":"https:\/\/criand.ad\/producto\/preparacio-naixement-online\/","og_locale":"fr_FR","og_type":"article","og_title":"Pr\u00e9paration \u00e0 la naissance EN LIGNE : 5 s\u00e9ances - Criand","og_description":"Vivez votre grossesse en toute s\u00e9r\u00e9nit\u00e9 : des s\u00e9ances en direct pour vous pr\u00e9parer \u00e0 l\u2019accouchement sans sortir de chez vous.","og_url":"https:\/\/criand.ad\/producto\/preparacio-naixement-online\/","og_site_name":"Criand","article_modified_time":"2025-10-20T16:54:12+00:00","og_image":[{"width":1316,"height":1600,"url":"https:\/\/criand.ad\/wp-content\/uploads\/2025\/10\/IMG-20241025-WA0056.jpg","type":"image\/jpeg"}],"twitter_card":"summary_large_image","twitter_misc":{"Dur\u00e9e de lecture estim\u00e9e":"1 minute"},"schema":{"@context":"https:\/\/schema.org","@graph":[{"@type":"WebPage","@id":"https:\/\/criand.ad\/producto\/preparacio-naixement-online\/","url":"https:\/\/criand.ad\/producto\/preparacio-naixement-online\/","name":"Pr\u00e9paration \u00e0 la naissance EN LIGNE : 5 s\u00e9ances - Criand","isPartOf":{"@id":"https:\/\/criand.ad\/#website"},"primaryImageOfPage":{"@id":"https:\/\/criand.ad\/producto\/preparacio-naixement-online\/#primaryimage"},"image":{"@id":"https:\/\/criand.ad\/producto\/preparacio-naixement-online\/#primaryimage"},"thumbnailUrl":"https:\/\/criand.ad\/wp-content\/uploads\/2025\/10\/IMG-20241025-WA0056.jpg","datePublished":"2025-10-20T16:43:29+00:00","dateModified":"2025-10-20T16:54:12+00:00","description":"Vivez votre grossesse en toute s\u00e9r\u00e9nit\u00e9 : des s\u00e9ances en direct pour vous pr\u00e9parer \u00e0 l\u2019accouchement sans sortir de chez vous.","breadcrumb":{"@id":"https:\/\/criand.ad\/producto\/preparacio-naixement-online\/#breadcrumb"},"inLanguage":"fr-FR","potentialAction":[{"@type":"ReadAction","target":["https:\/\/criand.ad\/producto\/preparacio-naixement-online\/"]}]},{"@type":"ImageObject","inLanguage":"fr-FR","@id":"https:\/\/criand.ad\/producto\/preparacio-naixement-online\/#primaryimage","url":"https:\/\/criand.ad\/wp-content\/uploads\/2025\/10\/IMG-20241025-WA0056.jpg","contentUrl":"https:\/\/criand.ad\/wp-content\/uploads\/2025\/10\/IMG-20241025-WA0056.jpg","width":1316,"height":1600},{"@type":"BreadcrumbList","@id":"https:\/\/criand.ad\/producto\/preparacio-naixement-online\/#breadcrumb","itemListElement":[{"@type":"ListItem","position":1,"name":"Inici","item":"https:\/\/criand.ad\/fr\/"},{"@type":"ListItem","position":2,"name":"Productes","item":"https:\/\/criand.ad\/shop\/"},{"@type":"ListItem","position":3,"name":"Pr\u00e9paration \u00e0 la naissance EN LIGNE : 5 s\u00e9ances"}]},{"@type":"WebSite","@id":"https:\/\/criand.ad\/#website","url":"https:\/\/criand.ad\/","name":"CRIAND","description":"Embar\u00e0s, Postpart i Crian\u00e7a","potentialAction":[{"@type":"SearchAction","target":{"@type":"EntryPoint","urlTemplate":"https:\/\/criand.ad\/?s={search_term_string}"},"query-input":{"@type":"PropertyValueSpecification","valueRequired":true,"valueName":"search_term_string"}}],"inLanguage":"fr-FR"}]}},"_links":{"self":[{"href":"https:\/\/criand.ad\/fr\/wp-json\/wp\/v2\/product\/5897","targetHints":{"allow":["GET"]}}],"collection":[{"href":"https:\/\/criand.ad\/fr\/wp-json\/wp\/v2\/product"}],"about":[{"href":"https:\/\/criand.ad\/fr\/wp-json\/wp\/v2\/types\/product"}],"version-history":[{"count":0,"href":"https:\/\/criand.ad\/fr\/wp-json\/wp\/v2\/product\/5897\/revisions"}],"wp:featuredmedia":[{"embeddable":true,"href":"https:\/\/criand.ad\/fr\/wp-json\/wp\/v2\/media\/5835"}],"wp:attachment":[{"href":"https:\/\/criand.ad\/fr\/wp-json\/wp\/v2\/media?parent=5897"}],"wp:term":[{"taxonomy":"product_brand","embeddable":true,"href":"https:\/\/criand.ad\/fr\/wp-json\/wp\/v2\/product_brand?post=5897"},{"taxonomy":"product_cat","embeddable":true,"href":"https:\/\/criand.ad\/fr\/wp-json\/wp\/v2\/product_cat?post=5897"},{"taxonomy":"product_tag","embeddable":true,"href":"https:\/\/criand.ad\/fr\/wp-json\/wp\/v2\/product_tag?post=5897"},{"taxonomy":"giftcard-category","embeddable":true,"href":"https:\/\/criand.ad\/fr\/wp-json\/wp\/v2\/giftcard-category?post=5897"}],"curies":[{"name":"wp","href":"https:\/\/api.w.org\/{rel}","templated":true}]}}