{"id":5853,"date":"2025-10-17T20:28:24","date_gmt":"2025-10-17T18:28:24","guid":{"rendered":"http:\/\/criand.ad\/?post_type=product&#038;p=5853"},"modified":"2025-10-17T20:30:23","modified_gmt":"2025-10-17T18:30:23","slug":"preparacio-al-naixement-online-5-sessions","status":"publish","type":"product","link":"https:\/\/criand.ad\/fr\/producto\/preparacio-al-naixement-online-5-sessions\/","title":{"rendered":"Preparaci\u00f3 al naixement ONLINE: 5 sessions"},"content":{"rendered":"<p><strong>Viu el teu embar\u00e0s amb tranquil\u00b7litat: sessions en directe per preparar-te al part sense sortir de casa.<\/strong><\/p>\n","protected":false},"excerpt":{"rendered":"<p><strong>Assessorament individualitzat exclusiu online<\/strong>, en el que t&rsquo;oferim classes de preparaci\u00f3 al naixement amb continguts adaptats en funci\u00f3 de les teves necessitats, de forma din\u00e0mica i interactiva on es resoldran els vostres dubtes per a que gaudeixis \u00a0i visquis l\u2019embar\u00e0s de forma \u00fanica.<\/p>\n<p>El pack es configura per <strong>5 sessions<\/strong> de una hora aproximadament que inclou els seg\u00fcents continguts:<\/p>\n<ul>\n<li>Informaci\u00f3 te\u00f2rica basada en les \u00faltimes actualitzacions i guies de l\u2019embar\u00e0s<\/li>\n<li>Canvis en l\u2019embar\u00e0s i consells de salut i benestar<\/li>\n<li>El part: coneix les seves fases, com fer-hi front<\/li>\n<li>M\u00e8todes no farmacol\u00f2gics per la gesti\u00f3 del dolor<\/li>\n<li>Preparaci\u00f3 al postpart<\/li>\n<li>Cures del nad\u00f3<\/li>\n<li>Lact\u00e0ncia materna i\/o artificial: tot el qu\u00e8 heu de saber<\/li>\n<li>Inclou suport telem\u00e0tic per via whatsapp<\/li>\n<\/ul>\n<p><strong>+ Regal: Ebook criand embar\u00e0s i lact\u00e0ncia<\/strong><\/p>\n<p>Possibilitat de vehicular les sessions en llengua <strong>castellana, portuguesa, anglesa o francesa<\/strong>, sota previ av\u00eds a criand.andorra@gmail.com<\/p>\n","protected":false},"featured_media":5835,"template":"","meta":{"site-sidebar-layout":"default","site-content-layout":"","ast-site-content-layout":"default","site-content-style":"default","site-sidebar-style":"default","ast-global-header-display":"","ast-banner-title-visibility":"","ast-main-header-display":"","ast-hfb-above-header-display":"","ast-hfb-below-header-display":"","ast-hfb-mobile-header-display":"","site-post-title":"","ast-breadcrumbs-content":"","ast-featured-img":"","footer-sml-layout":"","theme-transparent-header-meta":"default","adv-header-id-meta":"","stick-header-meta":"default","header-above-stick-meta":"","header-main-stick-meta":"","header-below-stick-meta":"","astra-migrate-meta-layouts":"set","ast-page-background-enabled":"default","ast-page-background-meta":{"desktop":{"background-color":"","background-image":"","background-repeat":"repeat","background-position":"center center","background-size":"auto","background-attachment":"scroll","background-type":"","background-media":"","overlay-type":"","overlay-color":"","overlay-opacity":"","overlay-gradient":""},"tablet":{"background-color":"","background-image":"","background-repeat":"repeat","background-position":"center center","background-size":"auto","background-attachment":"scroll","background-type":"","background-media":"","overlay-type":"","overlay-color":"","overlay-opacity":"","overlay-gradient":""},"mobile":{"background-color":"","background-image":"","background-repeat":"repeat","background-position":"center center","background-size":"auto","background-attachment":"scroll","background-type":"","background-media":"","overlay-type":"","overlay-color":"","overlay-opacity":"","overlay-gradient":""}},"ast-content-background-meta":{"desktop":{"background-color":"var(--ast-global-color-5)","background-image":"","background-repeat":"repeat","background-position":"center center","background-size":"auto","background-attachment":"scroll","background-type":"","background-media":"","overlay-type":"","overlay-color":"","overlay-opacity":"","overlay-gradient":""},"tablet":{"background-color":"var(--ast-global-color-5)","background-image":"","background-repeat":"repeat","background-position":"center center","background-size":"auto","background-attachment":"scroll","background-type":"","background-media":"","overlay-type":"","overlay-color":"","overlay-opacity":"","overlay-gradient":""},"mobile":{"background-color":"var(--ast-global-color-5)","background-image":"","background-repeat":"repeat","background-position":"center center","background-size":"auto","background-attachment":"scroll","background-type":"","background-media":"","overlay-type":"","overlay-color":"","overlay-opacity":"","overlay-gradient":""}}},"product_brand":[],"product_cat":[128],"product_tag":[],"giftcard-category":[],"class_list":{"0":"post-5853","1":"product","2":"type-product","3":"status-publish","4":"has-post-thumbnail","6":"product_cat-accompagnement-en-ligne","7":"desktop-align-left","8":"tablet-align-left","9":"mobile-align-left","10":"ast-product-gallery-layout-horizontal-slider","11":"ast-product-gallery-with-no-image","12":"ast-magnify-disabled","13":"ast-product-tabs-layout-horizontal","15":"first","16":"instock","17":"taxable","18":"shipping-taxable","19":"product-type-simple"},"yoast_head":"<!-- This site is optimized with the Yoast SEO plugin v26.6 - https:\/\/yoast.com\/wordpress\/plugins\/seo\/ -->\n<title>Preparaci\u00f3 al naixement ONLINE: 5 sessions - Criand<\/title>\n<meta name=\"robots\" content=\"index, follow, max-snippet:-1, max-image-preview:large, max-video-preview:-1\" \/>\n<link rel=\"canonical\" href=\"https:\/\/criand.ad\/fr\/producto\/preparacio-al-naixement-online-5-sessions\/\" \/>\n<meta property=\"og:locale\" content=\"fr_FR\" \/>\n<meta property=\"og:type\" content=\"article\" \/>\n<meta property=\"og:title\" content=\"Preparaci\u00f3 al naixement ONLINE: 5 sessions - Criand\" \/>\n<meta property=\"og:description\" content=\"Assessorament individualitzat exclusiu online, en el que t&#039;oferim classes de preparaci\u00f3 al naixement amb continguts adaptats en funci\u00f3 de les teves necessitats, de forma din\u00e0mica i interactiva on es resoldran els vostres dubtes per a que gaudeixis \u00a0i visquis l\u2019embar\u00e0s de forma \u00fanica.  El pack es configura per 5 sessions de una hora aproximadament que inclou els seg\u00fcents continguts:   Informaci\u00f3 te\u00f2rica basada en les \u00faltimes actualitzacions i guies de l\u2019embar\u00e0s  Canvis en l\u2019embar\u00e0s i consells de salut i benestar  El part: coneix les seves fases, com fer-hi front  M\u00e8todes no farmacol\u00f2gics per la gesti\u00f3 del dolor  Preparaci\u00f3 al postpart  Cures del nad\u00f3  Lact\u00e0ncia materna i\/o artificial: tot el qu\u00e8 heu de saber  Inclou suport telem\u00e0tic per via whatsapp  + Regal: Ebook criand embar\u00e0s i lact\u00e0ncia  Possibilitat de vehicular les sessions en llengua castellana, portuguesa, anglesa o francesa, sota previ av\u00eds a criand.andorra@gmail.com\" \/>\n<meta property=\"og:url\" content=\"https:\/\/criand.ad\/fr\/producto\/preparacio-al-naixement-online-5-sessions\/\" \/>\n<meta property=\"og:site_name\" content=\"Criand\" \/>\n<meta property=\"article:modified_time\" content=\"2025-10-17T18:30:23+00:00\" \/>\n<meta property=\"og:image\" content=\"https:\/\/criand.ad\/wp-content\/uploads\/2025\/10\/IMG-20241025-WA0056.jpg\" \/>\n\t<meta property=\"og:image:width\" content=\"1316\" \/>\n\t<meta property=\"og:image:height\" content=\"1600\" \/>\n\t<meta property=\"og:image:type\" content=\"image\/jpeg\" \/>\n<meta name=\"twitter:card\" content=\"summary_large_image\" \/>\n<meta name=\"twitter:label1\" content=\"Dur\u00e9e de lecture estim\u00e9e\" \/>\n\t<meta name=\"twitter:data1\" content=\"1 minute\" \/>\n<script type=\"application\/ld+json\" class=\"yoast-schema-graph\">{\"@context\":\"https:\/\/schema.org\",\"@graph\":[{\"@type\":\"WebPage\",\"@id\":\"https:\/\/criand.ad\/fr\/producto\/preparacio-al-naixement-online-5-sessions\/\",\"url\":\"https:\/\/criand.ad\/fr\/producto\/preparacio-al-naixement-online-5-sessions\/\",\"name\":\"Preparaci\u00f3 al naixement ONLINE: 5 sessions - Criand\",\"isPartOf\":{\"@id\":\"https:\/\/criand.ad\/#website\"},\"primaryImageOfPage\":{\"@id\":\"https:\/\/criand.ad\/fr\/producto\/preparacio-al-naixement-online-5-sessions\/#primaryimage\"},\"image\":{\"@id\":\"https:\/\/criand.ad\/fr\/producto\/preparacio-al-naixement-online-5-sessions\/#primaryimage\"},\"thumbnailUrl\":\"https:\/\/criand.ad\/wp-content\/uploads\/2025\/10\/IMG-20241025-WA0056.jpg\",\"datePublished\":\"2025-10-17T18:28:24+00:00\",\"dateModified\":\"2025-10-17T18:30:23+00:00\",\"breadcrumb\":{\"@id\":\"https:\/\/criand.ad\/fr\/producto\/preparacio-al-naixement-online-5-sessions\/#breadcrumb\"},\"inLanguage\":\"fr-FR\",\"potentialAction\":[{\"@type\":\"ReadAction\",\"target\":[\"https:\/\/criand.ad\/fr\/producto\/preparacio-al-naixement-online-5-sessions\/\"]}]},{\"@type\":\"ImageObject\",\"inLanguage\":\"fr-FR\",\"@id\":\"https:\/\/criand.ad\/fr\/producto\/preparacio-al-naixement-online-5-sessions\/#primaryimage\",\"url\":\"https:\/\/criand.ad\/wp-content\/uploads\/2025\/10\/IMG-20241025-WA0056.jpg\",\"contentUrl\":\"https:\/\/criand.ad\/wp-content\/uploads\/2025\/10\/IMG-20241025-WA0056.jpg\",\"width\":1316,\"height\":1600},{\"@type\":\"BreadcrumbList\",\"@id\":\"https:\/\/criand.ad\/fr\/producto\/preparacio-al-naixement-online-5-sessions\/#breadcrumb\",\"itemListElement\":[{\"@type\":\"ListItem\",\"position\":1,\"name\":\"Inici\",\"item\":\"https:\/\/criand.ad\/fr\/\"},{\"@type\":\"ListItem\",\"position\":2,\"name\":\"Productes\",\"item\":\"https:\/\/criand.ad\/shop\/\"},{\"@type\":\"ListItem\",\"position\":3,\"name\":\"Preparaci\u00f3 al naixement ONLINE: 5 sessions\"}]},{\"@type\":\"WebSite\",\"@id\":\"https:\/\/criand.ad\/#website\",\"url\":\"https:\/\/criand.ad\/\",\"name\":\"CRIAND\",\"description\":\"Embar\u00e0s, Postpart i Crian\u00e7a\",\"potentialAction\":[{\"@type\":\"SearchAction\",\"target\":{\"@type\":\"EntryPoint\",\"urlTemplate\":\"https:\/\/criand.ad\/?s={search_term_string}\"},\"query-input\":{\"@type\":\"PropertyValueSpecification\",\"valueRequired\":true,\"valueName\":\"search_term_string\"}}],\"inLanguage\":\"fr-FR\"}]}<\/script>\n<!-- \/ Yoast SEO plugin. -->","yoast_head_json":{"title":"Preparaci\u00f3 al naixement ONLINE: 5 sessions - Criand","robots":{"index":"index","follow":"follow","max-snippet":"max-snippet:-1","max-image-preview":"max-image-preview:large","max-video-preview":"max-video-preview:-1"},"canonical":"https:\/\/criand.ad\/fr\/producto\/preparacio-al-naixement-online-5-sessions\/","og_locale":"fr_FR","og_type":"article","og_title":"Preparaci\u00f3 al naixement ONLINE: 5 sessions - Criand","og_description":"Assessorament individualitzat exclusiu online, en el que t'oferim classes de preparaci\u00f3 al naixement amb continguts adaptats en funci\u00f3 de les teves necessitats, de forma din\u00e0mica i interactiva on es resoldran els vostres dubtes per a que gaudeixis \u00a0i visquis l\u2019embar\u00e0s de forma \u00fanica.  El pack es configura per 5 sessions de una hora aproximadament que inclou els seg\u00fcents continguts:   Informaci\u00f3 te\u00f2rica basada en les \u00faltimes actualitzacions i guies de l\u2019embar\u00e0s  Canvis en l\u2019embar\u00e0s i consells de salut i benestar  El part: coneix les seves fases, com fer-hi front  M\u00e8todes no farmacol\u00f2gics per la gesti\u00f3 del dolor  Preparaci\u00f3 al postpart  Cures del nad\u00f3  Lact\u00e0ncia materna i\/o artificial: tot el qu\u00e8 heu de saber  Inclou suport telem\u00e0tic per via whatsapp  + Regal: Ebook criand embar\u00e0s i lact\u00e0ncia  Possibilitat de vehicular les sessions en llengua castellana, portuguesa, anglesa o francesa, sota previ av\u00eds a criand.andorra@gmail.com","og_url":"https:\/\/criand.ad\/fr\/producto\/preparacio-al-naixement-online-5-sessions\/","og_site_name":"Criand","article_modified_time":"2025-10-17T18:30:23+00:00","og_image":[{"width":1316,"height":1600,"url":"https:\/\/criand.ad\/wp-content\/uploads\/2025\/10\/IMG-20241025-WA0056.jpg","type":"image\/jpeg"}],"twitter_card":"summary_large_image","twitter_misc":{"Dur\u00e9e de lecture estim\u00e9e":"1 minute"},"schema":{"@context":"https:\/\/schema.org","@graph":[{"@type":"WebPage","@id":"https:\/\/criand.ad\/fr\/producto\/preparacio-al-naixement-online-5-sessions\/","url":"https:\/\/criand.ad\/fr\/producto\/preparacio-al-naixement-online-5-sessions\/","name":"Preparaci\u00f3 al naixement ONLINE: 5 sessions - Criand","isPartOf":{"@id":"https:\/\/criand.ad\/#website"},"primaryImageOfPage":{"@id":"https:\/\/criand.ad\/fr\/producto\/preparacio-al-naixement-online-5-sessions\/#primaryimage"},"image":{"@id":"https:\/\/criand.ad\/fr\/producto\/preparacio-al-naixement-online-5-sessions\/#primaryimage"},"thumbnailUrl":"https:\/\/criand.ad\/wp-content\/uploads\/2025\/10\/IMG-20241025-WA0056.jpg","datePublished":"2025-10-17T18:28:24+00:00","dateModified":"2025-10-17T18:30:23+00:00","breadcrumb":{"@id":"https:\/\/criand.ad\/fr\/producto\/preparacio-al-naixement-online-5-sessions\/#breadcrumb"},"inLanguage":"fr-FR","potentialAction":[{"@type":"ReadAction","target":["https:\/\/criand.ad\/fr\/producto\/preparacio-al-naixement-online-5-sessions\/"]}]},{"@type":"ImageObject","inLanguage":"fr-FR","@id":"https:\/\/criand.ad\/fr\/producto\/preparacio-al-naixement-online-5-sessions\/#primaryimage","url":"https:\/\/criand.ad\/wp-content\/uploads\/2025\/10\/IMG-20241025-WA0056.jpg","contentUrl":"https:\/\/criand.ad\/wp-content\/uploads\/2025\/10\/IMG-20241025-WA0056.jpg","width":1316,"height":1600},{"@type":"BreadcrumbList","@id":"https:\/\/criand.ad\/fr\/producto\/preparacio-al-naixement-online-5-sessions\/#breadcrumb","itemListElement":[{"@type":"ListItem","position":1,"name":"Inici","item":"https:\/\/criand.ad\/fr\/"},{"@type":"ListItem","position":2,"name":"Productes","item":"https:\/\/criand.ad\/shop\/"},{"@type":"ListItem","position":3,"name":"Preparaci\u00f3 al naixement ONLINE: 5 sessions"}]},{"@type":"WebSite","@id":"https:\/\/criand.ad\/#website","url":"https:\/\/criand.ad\/","name":"CRIAND","description":"Embar\u00e0s, Postpart i Crian\u00e7a","potentialAction":[{"@type":"SearchAction","target":{"@type":"EntryPoint","urlTemplate":"https:\/\/criand.ad\/?s={search_term_string}"},"query-input":{"@type":"PropertyValueSpecification","valueRequired":true,"valueName":"search_term_string"}}],"inLanguage":"fr-FR"}]}},"_links":{"self":[{"href":"https:\/\/criand.ad\/fr\/wp-json\/wp\/v2\/product\/5853","targetHints":{"allow":["GET"]}}],"collection":[{"href":"https:\/\/criand.ad\/fr\/wp-json\/wp\/v2\/product"}],"about":[{"href":"https:\/\/criand.ad\/fr\/wp-json\/wp\/v2\/types\/product"}],"version-history":[{"count":0,"href":"https:\/\/criand.ad\/fr\/wp-json\/wp\/v2\/product\/5853\/revisions"}],"wp:featuredmedia":[{"embeddable":true,"href":"https:\/\/criand.ad\/fr\/wp-json\/wp\/v2\/media\/5835"}],"wp:attachment":[{"href":"https:\/\/criand.ad\/fr\/wp-json\/wp\/v2\/media?parent=5853"}],"wp:term":[{"taxonomy":"product_brand","embeddable":true,"href":"https:\/\/criand.ad\/fr\/wp-json\/wp\/v2\/product_brand?post=5853"},{"taxonomy":"product_cat","embeddable":true,"href":"https:\/\/criand.ad\/fr\/wp-json\/wp\/v2\/product_cat?post=5853"},{"taxonomy":"product_tag","embeddable":true,"href":"https:\/\/criand.ad\/fr\/wp-json\/wp\/v2\/product_tag?post=5853"},{"taxonomy":"giftcard-category","embeddable":true,"href":"https:\/\/criand.ad\/fr\/wp-json\/wp\/v2\/giftcard-category?post=5853"}],"curies":[{"name":"wp","href":"https:\/\/api.w.org\/{rel}","templated":true}]}}