{"id":5762,"date":"2025-10-12T19:27:31","date_gmt":"2025-10-12T17:27:31","guid":{"rendered":"http:\/\/criand.ad\/producto\/assessorament-en-son-infantil-consulta-online-de-seguiment\/"},"modified":"2025-10-17T20:17:58","modified_gmt":"2025-10-17T18:17:58","slug":"assessorament-en-son-infantil-consulta-online-de-seguiment","status":"publish","type":"product","link":"https:\/\/criand.ad\/fr\/producto\/assessorament-en-son-infantil-consulta-online-de-seguiment\/","title":{"rendered":"Accompagnement au someil de l\u2019enfant: suivi online (3 s\u00e9ances)"},"content":{"rendered":"<p>Nos accompagnements se basent sur une approche int\u00e9grative et respectueuse, proposant des s\u00e9ances personnalis\u00e9es qui aident les familles \u00e0 comprendre ce dont leurs enfants ont besoin pour mieux dormir, sans n\u00e9gliger leurs \u00e9motions, leurs besoins ni leurs liens affectifs. Nous disposons d\u2019une formation sanitaire de base qui soutient notre cadre de connaissances dans une perspective int\u00e9grative bio-psycho-sociale, ainsi que d\u2019une formation sp\u00e9cialis\u00e9e gr\u00e2ce au\u00a0<strong>Cours Universitaire de Sp\u00e9cialisation en Sommeil P\u00e9diatrique<\/strong>\u00a0d\u00e9livr\u00e9 par l\u2019Universit\u00e9 Europ\u00e9enne Miguel de Cervantes.<\/p>\n","protected":false},"excerpt":{"rendered":"<p><strong>Suivi en ligne :<\/strong><\/p>\n<p>Pour un accompagnement plus complet, tu peux opter pour un **forfait de 3 s\u00e9ances en ligne** afin d\u2019assurer le suivi de l\u2019\u00e9volution du cas et d\u2019ajuster les recommandations selon la r\u00e9ponse de l\u2019enfant.<\/p>\n<p><strong>Consultation en ligne d\u2019une heure<\/strong>, au cours de laquelle sont re\u00e9valu\u00e9s les habitudes, les routines, les heures de sommeil et les traitements (si n\u00e9cessaire), afin d\u2019assurer un suivi et une r\u00e9\u00e9valuation individualis\u00e9e de chaque cas.<\/p>\n","protected":false},"featured_media":5780,"template":"","meta":{"site-sidebar-layout":"default","site-content-layout":"","ast-site-content-layout":"default","site-content-style":"default","site-sidebar-style":"default","ast-global-header-display":"","ast-banner-title-visibility":"","ast-main-header-display":"","ast-hfb-above-header-display":"","ast-hfb-below-header-display":"","ast-hfb-mobile-header-display":"","site-post-title":"","ast-breadcrumbs-content":"","ast-featured-img":"","footer-sml-layout":"","theme-transparent-header-meta":"default","adv-header-id-meta":"","stick-header-meta":"default","header-above-stick-meta":"","header-main-stick-meta":"","header-below-stick-meta":"","astra-migrate-meta-layouts":"set","ast-page-background-enabled":"default","ast-page-background-meta":{"desktop":{"background-color":"","background-image":"","background-repeat":"repeat","background-position":"center center","background-size":"auto","background-attachment":"scroll","background-type":"","background-media":"","overlay-type":"","overlay-color":"","overlay-opacity":"","overlay-gradient":""},"tablet":{"background-color":"","background-image":"","background-repeat":"repeat","background-position":"center center","background-size":"auto","background-attachment":"scroll","background-type":"","background-media":"","overlay-type":"","overlay-color":"","overlay-opacity":"","overlay-gradient":""},"mobile":{"background-color":"","background-image":"","background-repeat":"repeat","background-position":"center center","background-size":"auto","background-attachment":"scroll","background-type":"","background-media":"","overlay-type":"","overlay-color":"","overlay-opacity":"","overlay-gradient":""}},"ast-content-background-meta":{"desktop":{"background-color":"var(--ast-global-color-5)","background-image":"","background-repeat":"repeat","background-position":"center center","background-size":"auto","background-attachment":"scroll","background-type":"","background-media":"","overlay-type":"","overlay-color":"","overlay-opacity":"","overlay-gradient":""},"tablet":{"background-color":"var(--ast-global-color-5)","background-image":"","background-repeat":"repeat","background-position":"center center","background-size":"auto","background-attachment":"scroll","background-type":"","background-media":"","overlay-type":"","overlay-color":"","overlay-opacity":"","overlay-gradient":""},"mobile":{"background-color":"var(--ast-global-color-5)","background-image":"","background-repeat":"repeat","background-position":"center center","background-size":"auto","background-attachment":"scroll","background-type":"","background-media":"","overlay-type":"","overlay-color":"","overlay-opacity":"","overlay-gradient":""}}},"product_brand":[],"product_cat":[128,208],"product_tag":[],"giftcard-category":[],"class_list":{"0":"post-5762","1":"product","2":"type-product","3":"status-publish","4":"has-post-thumbnail","6":"product_cat-accompagnement-en-ligne","7":"product_cat-sommeil-de-enfant","8":"desktop-align-left","9":"tablet-align-left","10":"mobile-align-left","11":"ast-product-gallery-layout-horizontal-slider","12":"ast-product-gallery-with-no-image","13":"ast-magnify-disabled","14":"ast-product-tabs-layout-horizontal","16":"first","17":"instock","18":"downloadable","19":"taxable","20":"shipping-taxable","21":"purchasable","22":"product-type-simple"},"yoast_head":"<!-- This site is optimized with the Yoast SEO plugin v26.6 - https:\/\/yoast.com\/wordpress\/plugins\/seo\/ -->\n<title>Accompagnement au someil de l\u2019enfant: suivi online (3 s\u00e9ances) - Criand<\/title>\n<meta name=\"robots\" content=\"index, follow, max-snippet:-1, max-image-preview:large, max-video-preview:-1\" \/>\n<link rel=\"canonical\" href=\"https:\/\/criand.ad\/producto\/assessorament-en-son-infantil-consulta-online-de-seguiment\/\" \/>\n<meta property=\"og:locale\" content=\"fr_FR\" \/>\n<meta property=\"og:type\" content=\"article\" \/>\n<meta property=\"og:title\" content=\"Accompagnement au someil de l\u2019enfant: suivi online (3 s\u00e9ances) - Criand\" \/>\n<meta property=\"og:description\" content=\"Suivi en ligne :  Pour un accompagnement plus complet, tu peux opter pour un **forfait de 3 s\u00e9ances en ligne** afin d\u2019assurer le suivi de l\u2019\u00e9volution du cas et d\u2019ajuster les recommandations selon la r\u00e9ponse de l\u2019enfant.  Consultation en ligne d\u2019une heure, au cours de laquelle sont re\u00e9valu\u00e9s les habitudes, les routines, les heures de sommeil et les traitements (si n\u00e9cessaire), afin d\u2019assurer un suivi et une r\u00e9\u00e9valuation individualis\u00e9e de chaque cas.\" \/>\n<meta property=\"og:url\" content=\"https:\/\/criand.ad\/producto\/assessorament-en-son-infantil-consulta-online-de-seguiment\/\" \/>\n<meta property=\"og:site_name\" content=\"Criand\" \/>\n<meta property=\"article:modified_time\" content=\"2025-10-17T18:17:58+00:00\" \/>\n<meta property=\"og:image\" content=\"https:\/\/criand.ad\/wp-content\/uploads\/2025\/10\/b56eedc4f7a8-gettyimages-1457329972.jpg\" \/>\n\t<meta property=\"og:image:width\" content=\"960\" \/>\n\t<meta property=\"og:image:height\" content=\"540\" \/>\n\t<meta property=\"og:image:type\" content=\"image\/jpeg\" \/>\n<meta name=\"twitter:card\" content=\"summary_large_image\" \/>\n<meta name=\"twitter:label1\" content=\"Dur\u00e9e de lecture estim\u00e9e\" \/>\n\t<meta name=\"twitter:data1\" content=\"1 minute\" \/>\n<script type=\"application\/ld+json\" class=\"yoast-schema-graph\">{\"@context\":\"https:\/\/schema.org\",\"@graph\":[{\"@type\":\"WebPage\",\"@id\":\"https:\/\/criand.ad\/producto\/assessorament-en-son-infantil-consulta-online-de-seguiment\/\",\"url\":\"https:\/\/criand.ad\/producto\/assessorament-en-son-infantil-consulta-online-de-seguiment\/\",\"name\":\"Accompagnement au someil de l\u2019enfant: suivi online (3 s\u00e9ances) - Criand\",\"isPartOf\":{\"@id\":\"https:\/\/criand.ad\/#website\"},\"primaryImageOfPage\":{\"@id\":\"https:\/\/criand.ad\/producto\/assessorament-en-son-infantil-consulta-online-de-seguiment\/#primaryimage\"},\"image\":{\"@id\":\"https:\/\/criand.ad\/producto\/assessorament-en-son-infantil-consulta-online-de-seguiment\/#primaryimage\"},\"thumbnailUrl\":\"https:\/\/criand.ad\/wp-content\/uploads\/2025\/10\/b56eedc4f7a8-gettyimages-1457329972.jpg\",\"datePublished\":\"2025-10-12T17:27:31+00:00\",\"dateModified\":\"2025-10-17T18:17:58+00:00\",\"breadcrumb\":{\"@id\":\"https:\/\/criand.ad\/producto\/assessorament-en-son-infantil-consulta-online-de-seguiment\/#breadcrumb\"},\"inLanguage\":\"fr-FR\",\"potentialAction\":[{\"@type\":\"ReadAction\",\"target\":[\"https:\/\/criand.ad\/producto\/assessorament-en-son-infantil-consulta-online-de-seguiment\/\"]}]},{\"@type\":\"ImageObject\",\"inLanguage\":\"fr-FR\",\"@id\":\"https:\/\/criand.ad\/producto\/assessorament-en-son-infantil-consulta-online-de-seguiment\/#primaryimage\",\"url\":\"https:\/\/criand.ad\/wp-content\/uploads\/2025\/10\/b56eedc4f7a8-gettyimages-1457329972.jpg\",\"contentUrl\":\"https:\/\/criand.ad\/wp-content\/uploads\/2025\/10\/b56eedc4f7a8-gettyimages-1457329972.jpg\",\"width\":960,\"height\":540},{\"@type\":\"BreadcrumbList\",\"@id\":\"https:\/\/criand.ad\/producto\/assessorament-en-son-infantil-consulta-online-de-seguiment\/#breadcrumb\",\"itemListElement\":[{\"@type\":\"ListItem\",\"position\":1,\"name\":\"Inici\",\"item\":\"https:\/\/criand.ad\/fr\/\"},{\"@type\":\"ListItem\",\"position\":2,\"name\":\"Productes\",\"item\":\"https:\/\/criand.ad\/shop\/\"},{\"@type\":\"ListItem\",\"position\":3,\"name\":\"Accompagnement au someil de l\u2019enfant: suivi online (3 s\u00e9ances)\"}]},{\"@type\":\"WebSite\",\"@id\":\"https:\/\/criand.ad\/#website\",\"url\":\"https:\/\/criand.ad\/\",\"name\":\"CRIAND\",\"description\":\"Embar\u00e0s, Postpart i Crian\u00e7a\",\"potentialAction\":[{\"@type\":\"SearchAction\",\"target\":{\"@type\":\"EntryPoint\",\"urlTemplate\":\"https:\/\/criand.ad\/?s={search_term_string}\"},\"query-input\":{\"@type\":\"PropertyValueSpecification\",\"valueRequired\":true,\"valueName\":\"search_term_string\"}}],\"inLanguage\":\"fr-FR\"}]}<\/script>\n<!-- \/ Yoast SEO plugin. -->","yoast_head_json":{"title":"Accompagnement au someil de l\u2019enfant: suivi online (3 s\u00e9ances) - Criand","robots":{"index":"index","follow":"follow","max-snippet":"max-snippet:-1","max-image-preview":"max-image-preview:large","max-video-preview":"max-video-preview:-1"},"canonical":"https:\/\/criand.ad\/producto\/assessorament-en-son-infantil-consulta-online-de-seguiment\/","og_locale":"fr_FR","og_type":"article","og_title":"Accompagnement au someil de l\u2019enfant: suivi online (3 s\u00e9ances) - Criand","og_description":"Suivi en ligne :  Pour un accompagnement plus complet, tu peux opter pour un **forfait de 3 s\u00e9ances en ligne** afin d\u2019assurer le suivi de l\u2019\u00e9volution du cas et d\u2019ajuster les recommandations selon la r\u00e9ponse de l\u2019enfant.  Consultation en ligne d\u2019une heure, au cours de laquelle sont re\u00e9valu\u00e9s les habitudes, les routines, les heures de sommeil et les traitements (si n\u00e9cessaire), afin d\u2019assurer un suivi et une r\u00e9\u00e9valuation individualis\u00e9e de chaque cas.","og_url":"https:\/\/criand.ad\/producto\/assessorament-en-son-infantil-consulta-online-de-seguiment\/","og_site_name":"Criand","article_modified_time":"2025-10-17T18:17:58+00:00","og_image":[{"width":960,"height":540,"url":"https:\/\/criand.ad\/wp-content\/uploads\/2025\/10\/b56eedc4f7a8-gettyimages-1457329972.jpg","type":"image\/jpeg"}],"twitter_card":"summary_large_image","twitter_misc":{"Dur\u00e9e de lecture estim\u00e9e":"1 minute"},"schema":{"@context":"https:\/\/schema.org","@graph":[{"@type":"WebPage","@id":"https:\/\/criand.ad\/producto\/assessorament-en-son-infantil-consulta-online-de-seguiment\/","url":"https:\/\/criand.ad\/producto\/assessorament-en-son-infantil-consulta-online-de-seguiment\/","name":"Accompagnement au someil de l\u2019enfant: suivi online (3 s\u00e9ances) - Criand","isPartOf":{"@id":"https:\/\/criand.ad\/#website"},"primaryImageOfPage":{"@id":"https:\/\/criand.ad\/producto\/assessorament-en-son-infantil-consulta-online-de-seguiment\/#primaryimage"},"image":{"@id":"https:\/\/criand.ad\/producto\/assessorament-en-son-infantil-consulta-online-de-seguiment\/#primaryimage"},"thumbnailUrl":"https:\/\/criand.ad\/wp-content\/uploads\/2025\/10\/b56eedc4f7a8-gettyimages-1457329972.jpg","datePublished":"2025-10-12T17:27:31+00:00","dateModified":"2025-10-17T18:17:58+00:00","breadcrumb":{"@id":"https:\/\/criand.ad\/producto\/assessorament-en-son-infantil-consulta-online-de-seguiment\/#breadcrumb"},"inLanguage":"fr-FR","potentialAction":[{"@type":"ReadAction","target":["https:\/\/criand.ad\/producto\/assessorament-en-son-infantil-consulta-online-de-seguiment\/"]}]},{"@type":"ImageObject","inLanguage":"fr-FR","@id":"https:\/\/criand.ad\/producto\/assessorament-en-son-infantil-consulta-online-de-seguiment\/#primaryimage","url":"https:\/\/criand.ad\/wp-content\/uploads\/2025\/10\/b56eedc4f7a8-gettyimages-1457329972.jpg","contentUrl":"https:\/\/criand.ad\/wp-content\/uploads\/2025\/10\/b56eedc4f7a8-gettyimages-1457329972.jpg","width":960,"height":540},{"@type":"BreadcrumbList","@id":"https:\/\/criand.ad\/producto\/assessorament-en-son-infantil-consulta-online-de-seguiment\/#breadcrumb","itemListElement":[{"@type":"ListItem","position":1,"name":"Inici","item":"https:\/\/criand.ad\/fr\/"},{"@type":"ListItem","position":2,"name":"Productes","item":"https:\/\/criand.ad\/shop\/"},{"@type":"ListItem","position":3,"name":"Accompagnement au someil de l\u2019enfant: suivi online (3 s\u00e9ances)"}]},{"@type":"WebSite","@id":"https:\/\/criand.ad\/#website","url":"https:\/\/criand.ad\/","name":"CRIAND","description":"Embar\u00e0s, Postpart i Crian\u00e7a","potentialAction":[{"@type":"SearchAction","target":{"@type":"EntryPoint","urlTemplate":"https:\/\/criand.ad\/?s={search_term_string}"},"query-input":{"@type":"PropertyValueSpecification","valueRequired":true,"valueName":"search_term_string"}}],"inLanguage":"fr-FR"}]}},"_links":{"self":[{"href":"https:\/\/criand.ad\/fr\/wp-json\/wp\/v2\/product\/5762","targetHints":{"allow":["GET"]}}],"collection":[{"href":"https:\/\/criand.ad\/fr\/wp-json\/wp\/v2\/product"}],"about":[{"href":"https:\/\/criand.ad\/fr\/wp-json\/wp\/v2\/types\/product"}],"version-history":[{"count":0,"href":"https:\/\/criand.ad\/fr\/wp-json\/wp\/v2\/product\/5762\/revisions"}],"wp:featuredmedia":[{"embeddable":true,"href":"https:\/\/criand.ad\/fr\/wp-json\/wp\/v2\/media\/5780"}],"wp:attachment":[{"href":"https:\/\/criand.ad\/fr\/wp-json\/wp\/v2\/media?parent=5762"}],"wp:term":[{"taxonomy":"product_brand","embeddable":true,"href":"https:\/\/criand.ad\/fr\/wp-json\/wp\/v2\/product_brand?post=5762"},{"taxonomy":"product_cat","embeddable":true,"href":"https:\/\/criand.ad\/fr\/wp-json\/wp\/v2\/product_cat?post=5762"},{"taxonomy":"product_tag","embeddable":true,"href":"https:\/\/criand.ad\/fr\/wp-json\/wp\/v2\/product_tag?post=5762"},{"taxonomy":"giftcard-category","embeddable":true,"href":"https:\/\/criand.ad\/fr\/wp-json\/wp\/v2\/giftcard-category?post=5762"}],"curies":[{"name":"wp","href":"https:\/\/api.w.org\/{rel}","templated":true}]}}