{"id":5754,"date":"2025-10-12T19:18:11","date_gmt":"2025-10-12T17:18:11","guid":{"rendered":"http:\/\/criand.ad\/producto\/assessorament-en-son-infantil-online\/"},"modified":"2025-10-13T10:01:15","modified_gmt":"2025-10-13T08:01:15","slug":"consultation-sommeil-infantile-online","status":"publish","type":"product","link":"https:\/\/criand.ad\/fr\/producto\/consultation-sommeil-infantile-online\/","title":{"rendered":"Consultation en sommeil infantile en ligne"},"content":{"rendered":"<p>Nos consultations reposent sur une approche int\u00e9grative et respectueuse, proposant des s\u00e9ances personnalis\u00e9es qui aident les familles \u00e0 comprendre ce dont leurs enfants ont besoin pour mieux dormir, tout en respectant leurs \u00e9motions, leurs besoins et leurs liens affectifs. Nous disposons d\u2019une formation de base en sant\u00e9 qui soutient notre cadr<\/p>\n<p data-start=\"628\" data-end=\"831\">Bien dormir est essentiel au d\u00e9veloppement, \u00e0 la sant\u00e9 et au bien-\u00eatre des enfants\u2026 et aussi au repos de toute la famille. Chez Criand, nous vous accompagnons pour que les nuits redeviennent paisibles.<\/p>\n<p data-start=\"833\" data-end=\"1161\">L\u2019hygi\u00e8ne du sommeil fait r\u00e9f\u00e9rence \u00e0 un ensemble d\u2019habitudes, de routines et de conditions qui favorisent un repos de qualit\u00e9. Gr\u00e2ce \u00e0 une bonne hygi\u00e8ne du sommeil, nous pouvons aider le b\u00e9b\u00e9 ou l\u2019enfant \u00e0 s\u2019endormir plus facilement et \u00e0 dormir plus longtemps, favorisant ainsi son d\u00e9veloppement et sa croissance harmonieuse.<\/p>\n<p data-start=\"1163\" data-end=\"1427\">Lors de la consultation, nous vous expliquons comment fonctionne le sommeil aux diff\u00e9rentes \u00e9tapes du d\u00e9veloppement : les besoins de repos selon l\u2019\u00e2ge, les cycles du sommeil, les changements naturels et la mani\u00e8re d\u2019adapter les routines \u00e0 chaque phase \u00e9volutive.<\/p>\n<p data-start=\"1429\" data-end=\"1501\"><strong data-start=\"1429\" data-end=\"1464\">\u00c0 quels \u00e2ges s\u2019adresse-t-elle ?<\/strong><br data-start=\"1464\" data-end=\"1467\" \/>De la naissance \u00e0 l\u2019adolescence.<\/p>\n<p data-start=\"1503\" data-end=\"1977\"><strong data-start=\"1503\" data-end=\"1537\">Que comprend la consultation ?<\/strong><br data-start=\"1537\" data-end=\"1540\" \/>Nous r\u00e9alisons une \u00e9valuation sp\u00e9cifique et individualis\u00e9e du cas, \u00e0 domicile en Andorre, en tenant compte de l\u2019\u00e2ge, des habitudes, de l\u2019environnement et de la dynamique familiale.<br data-start=\"1720\" data-end=\"1723\" \/>\u00c0 partir de cette \u00e9valuation, nous vous proposons des recommandations personnalis\u00e9es de routines et de strat\u00e9gies d\u2019hygi\u00e8ne du sommeil pour am\u00e9liorer la qualit\u00e9 du repos de votre enfant, selon les difficult\u00e9s observ\u00e9es et dans une approche int\u00e9grative.<\/p>\n<p data-start=\"1979\" data-end=\"2209\" data-is-last-node=\"\" data-is-only-node=\"\"><strong data-start=\"1979\" data-end=\"1997\">Suivi en ligne<\/strong><br data-start=\"1997\" data-end=\"2000\" \/>Pour un accompagnement plus complet, vous pouvez opter pour un pack de trois s\u00e9ances en ligne, permettant d\u2019assurer le suivi de l\u2019\u00e9volution du cas et d\u2019ajuster les recommandations selon la r\u00e9ponse de l\u2019enfant.<\/p>\n<p>e de connaissances selon une perspective bio-psycho-sociale, ainsi que d\u2019une formation sp\u00e9cialis\u00e9e \u00e0 travers le Curso Universitario de Especializaci\u00f3n en Sue\u00f1o Pedi\u00e1trico d\u00e9livr\u00e9 par l\u2019Universit\u00e9 Europ\u00e9enne Miguel de Cervantes.<\/p>\n","protected":false},"excerpt":{"rendered":"<p>Bien dormir est essentiel au d\u00e9veloppement, \u00e0 la sant\u00e9 et au bien-\u00eatre des enfants\u2026 et aussi au repos de toute la famille. Chez Criand, nous vous accompagnons pour que les nuits redeviennent paisibles.<\/p>\n<p>L\u2019hygi\u00e8ne du sommeil fait r\u00e9f\u00e9rence \u00e0 un ensemble d\u2019habitudes, de routines et de conditions qui favorisent un repos de qualit\u00e9. Gr\u00e2ce \u00e0 une bonne hygi\u00e8ne du sommeil, nous pouvons aider le b\u00e9b\u00e9 ou l\u2019enfant \u00e0 s\u2019endormir plus facilement et \u00e0 dormir plus longtemps, favorisant ainsi son d\u00e9veloppement et sa croissance harmonieuse.<\/p>\n<p>Lors de la consultation, nous vous expliquons comment fonctionne le sommeil aux diff\u00e9rentes \u00e9tapes du d\u00e9veloppement : les besoins de repos selon l\u2019\u00e2ge, les cycles du sommeil, les changements naturels et la mani\u00e8re d\u2019adapter les routines \u00e0 chaque phase \u00e9volutive.<\/p>\n<p><strong>\u00c0 quels \u00e2ges s\u2019adresse-t-elle ?<\/strong><br \/>\nDe la naissance \u00e0 l\u2019adolescence.<\/p>\n<p><strong>Que comprend la consultation ?<\/strong><br \/>\nNous r\u00e9alisons une \u00e9valuation sp\u00e9cifique et individualis\u00e9e du cas, \u00e0 domicile en Andorre, en tenant compte de l\u2019\u00e2ge, des habitudes, de l\u2019environnement et de la dynamique familiale.<br \/>\n\u00c0 partir de cette \u00e9valuation, nous vous proposons des recommandations personnalis\u00e9es de routines et de strat\u00e9gies d\u2019hygi\u00e8ne du sommeil pour am\u00e9liorer la qualit\u00e9 du repos de votre enfant, selon les difficult\u00e9s observ\u00e9es et dans une approche int\u00e9grative.<\/p>\n<p><strong>Suivi en ligne<\/strong><br \/>\nPour un accompagnement plus complet, vous pouvez opter pour un pack de trois s\u00e9ances en ligne, permettant d\u2019assurer le suivi de l\u2019\u00e9volution du cas et d\u2019ajuster les recommandations selon la r\u00e9ponse de l\u2019enfant.<\/p>\n","protected":false},"featured_media":5817,"template":"","meta":{"site-sidebar-layout":"default","site-content-layout":"","ast-site-content-layout":"default","site-content-style":"default","site-sidebar-style":"default","ast-global-header-display":"","ast-banner-title-visibility":"","ast-main-header-display":"","ast-hfb-above-header-display":"","ast-hfb-below-header-display":"","ast-hfb-mobile-header-display":"","site-post-title":"","ast-breadcrumbs-content":"","ast-featured-img":"","footer-sml-layout":"","theme-transparent-header-meta":"default","adv-header-id-meta":"","stick-header-meta":"default","header-above-stick-meta":"","header-main-stick-meta":"","header-below-stick-meta":"","astra-migrate-meta-layouts":"set","ast-page-background-enabled":"default","ast-page-background-meta":{"desktop":{"background-color":"","background-image":"","background-repeat":"repeat","background-position":"center center","background-size":"auto","background-attachment":"scroll","background-type":"","background-media":"","overlay-type":"","overlay-color":"","overlay-opacity":"","overlay-gradient":""},"tablet":{"background-color":"","background-image":"","background-repeat":"repeat","background-position":"center center","background-size":"auto","background-attachment":"scroll","background-type":"","background-media":"","overlay-type":"","overlay-color":"","overlay-opacity":"","overlay-gradient":""},"mobile":{"background-color":"","background-image":"","background-repeat":"repeat","background-position":"center center","background-size":"auto","background-attachment":"scroll","background-type":"","background-media":"","overlay-type":"","overlay-color":"","overlay-opacity":"","overlay-gradient":""}},"ast-content-background-meta":{"desktop":{"background-color":"var(--ast-global-color-5)","background-image":"","background-repeat":"repeat","background-position":"center center","background-size":"auto","background-attachment":"scroll","background-type":"","background-media":"","overlay-type":"","overlay-color":"","overlay-opacity":"","overlay-gradient":""},"tablet":{"background-color":"var(--ast-global-color-5)","background-image":"","background-repeat":"repeat","background-position":"center center","background-size":"auto","background-attachment":"scroll","background-type":"","background-media":"","overlay-type":"","overlay-color":"","overlay-opacity":"","overlay-gradient":""},"mobile":{"background-color":"var(--ast-global-color-5)","background-image":"","background-repeat":"repeat","background-position":"center center","background-size":"auto","background-attachment":"scroll","background-type":"","background-media":"","overlay-type":"","overlay-color":"","overlay-opacity":"","overlay-gradient":""}}},"product_brand":[],"product_cat":[128,208],"product_tag":[],"giftcard-category":[],"class_list":{"0":"post-5754","1":"product","2":"type-product","3":"status-publish","4":"has-post-thumbnail","6":"product_cat-accompagnement-en-ligne","7":"product_cat-sommeil-de-enfant","8":"desktop-align-left","9":"tablet-align-left","10":"mobile-align-left","11":"ast-product-gallery-layout-horizontal-slider","12":"ast-product-gallery-with-no-image","13":"ast-magnify-disabled","14":"ast-product-tabs-layout-horizontal","16":"first","17":"instock","18":"downloadable","19":"taxable","20":"shipping-taxable","21":"purchasable","22":"product-type-simple"},"yoast_head":"<!-- This site is optimized with the Yoast SEO plugin v26.6 - https:\/\/yoast.com\/wordpress\/plugins\/seo\/ -->\n<title>Consultation en sommeil infantile en ligne - Criand<\/title>\n<meta name=\"description\" content=\"Bien dormir est essentiel au d\u00e9veloppement, \u00e0 la sant\u00e9 et au bien-\u00eatre des enfants\u2026 et aussi au repos de toute la famille.\" \/>\n<meta name=\"robots\" content=\"index, follow, max-snippet:-1, max-image-preview:large, max-video-preview:-1\" \/>\n<link rel=\"canonical\" href=\"https:\/\/criand.ad\/producto\/assessorament-en-son-infantil-online\/\" \/>\n<meta property=\"og:locale\" content=\"fr_FR\" \/>\n<meta property=\"og:type\" content=\"article\" \/>\n<meta property=\"og:title\" content=\"Consultation en sommeil infantile en ligne - Criand\" \/>\n<meta property=\"og:description\" content=\"Bien dormir est essentiel au d\u00e9veloppement, \u00e0 la sant\u00e9 et au bien-\u00eatre des enfants\u2026 et aussi au repos de toute la famille.\" \/>\n<meta property=\"og:url\" content=\"https:\/\/criand.ad\/producto\/assessorament-en-son-infantil-online\/\" \/>\n<meta property=\"og:site_name\" content=\"Criand\" \/>\n<meta property=\"article:modified_time\" content=\"2025-10-13T08:01:15+00:00\" \/>\n<meta property=\"og:image\" content=\"https:\/\/criand.ad\/wp-content\/uploads\/2025\/10\/how-to-get-kids-to-sleep-in-their-own-bed.jpg\" \/>\n\t<meta property=\"og:image:width\" content=\"730\" \/>\n\t<meta property=\"og:image:height\" content=\"450\" \/>\n\t<meta property=\"og:image:type\" content=\"image\/jpeg\" \/>\n<meta name=\"twitter:card\" content=\"summary_large_image\" \/>\n<meta name=\"twitter:label1\" content=\"Dur\u00e9e de lecture estim\u00e9e\" \/>\n\t<meta name=\"twitter:data1\" content=\"2 minutes\" \/>\n<script type=\"application\/ld+json\" class=\"yoast-schema-graph\">{\"@context\":\"https:\/\/schema.org\",\"@graph\":[{\"@type\":\"WebPage\",\"@id\":\"https:\/\/criand.ad\/producto\/assessorament-en-son-infantil-online\/\",\"url\":\"https:\/\/criand.ad\/producto\/assessorament-en-son-infantil-online\/\",\"name\":\"Consultation en sommeil infantile en ligne - Criand\",\"isPartOf\":{\"@id\":\"https:\/\/criand.ad\/#website\"},\"primaryImageOfPage\":{\"@id\":\"https:\/\/criand.ad\/producto\/assessorament-en-son-infantil-online\/#primaryimage\"},\"image\":{\"@id\":\"https:\/\/criand.ad\/producto\/assessorament-en-son-infantil-online\/#primaryimage\"},\"thumbnailUrl\":\"https:\/\/criand.ad\/wp-content\/uploads\/2025\/10\/how-to-get-kids-to-sleep-in-their-own-bed.jpg\",\"datePublished\":\"2025-10-12T17:18:11+00:00\",\"dateModified\":\"2025-10-13T08:01:15+00:00\",\"description\":\"Bien dormir est essentiel au d\u00e9veloppement, \u00e0 la sant\u00e9 et au bien-\u00eatre des enfants\u2026 et aussi au repos de toute la famille.\",\"breadcrumb\":{\"@id\":\"https:\/\/criand.ad\/producto\/assessorament-en-son-infantil-online\/#breadcrumb\"},\"inLanguage\":\"fr-FR\",\"potentialAction\":[{\"@type\":\"ReadAction\",\"target\":[\"https:\/\/criand.ad\/producto\/assessorament-en-son-infantil-online\/\"]}]},{\"@type\":\"ImageObject\",\"inLanguage\":\"fr-FR\",\"@id\":\"https:\/\/criand.ad\/producto\/assessorament-en-son-infantil-online\/#primaryimage\",\"url\":\"https:\/\/criand.ad\/wp-content\/uploads\/2025\/10\/how-to-get-kids-to-sleep-in-their-own-bed.jpg\",\"contentUrl\":\"https:\/\/criand.ad\/wp-content\/uploads\/2025\/10\/how-to-get-kids-to-sleep-in-their-own-bed.jpg\",\"width\":730,\"height\":450,\"caption\":\"Cute African American little boy sleeping in bed with toy at night\"},{\"@type\":\"BreadcrumbList\",\"@id\":\"https:\/\/criand.ad\/producto\/assessorament-en-son-infantil-online\/#breadcrumb\",\"itemListElement\":[{\"@type\":\"ListItem\",\"position\":1,\"name\":\"Inici\",\"item\":\"https:\/\/criand.ad\/fr\/\"},{\"@type\":\"ListItem\",\"position\":2,\"name\":\"Productes\",\"item\":\"https:\/\/criand.ad\/shop\/\"},{\"@type\":\"ListItem\",\"position\":3,\"name\":\"Consultation en sommeil infantile en ligne\"}]},{\"@type\":\"WebSite\",\"@id\":\"https:\/\/criand.ad\/#website\",\"url\":\"https:\/\/criand.ad\/\",\"name\":\"CRIAND\",\"description\":\"Embar\u00e0s, Postpart i Crian\u00e7a\",\"potentialAction\":[{\"@type\":\"SearchAction\",\"target\":{\"@type\":\"EntryPoint\",\"urlTemplate\":\"https:\/\/criand.ad\/?s={search_term_string}\"},\"query-input\":{\"@type\":\"PropertyValueSpecification\",\"valueRequired\":true,\"valueName\":\"search_term_string\"}}],\"inLanguage\":\"fr-FR\"}]}<\/script>\n<!-- \/ Yoast SEO plugin. -->","yoast_head_json":{"title":"Consultation en sommeil infantile en ligne - Criand","description":"Bien dormir est essentiel au d\u00e9veloppement, \u00e0 la sant\u00e9 et au bien-\u00eatre des enfants\u2026 et aussi au repos de toute la famille.","robots":{"index":"index","follow":"follow","max-snippet":"max-snippet:-1","max-image-preview":"max-image-preview:large","max-video-preview":"max-video-preview:-1"},"canonical":"https:\/\/criand.ad\/producto\/assessorament-en-son-infantil-online\/","og_locale":"fr_FR","og_type":"article","og_title":"Consultation en sommeil infantile en ligne - Criand","og_description":"Bien dormir est essentiel au d\u00e9veloppement, \u00e0 la sant\u00e9 et au bien-\u00eatre des enfants\u2026 et aussi au repos de toute la famille.","og_url":"https:\/\/criand.ad\/producto\/assessorament-en-son-infantil-online\/","og_site_name":"Criand","article_modified_time":"2025-10-13T08:01:15+00:00","og_image":[{"width":730,"height":450,"url":"https:\/\/criand.ad\/wp-content\/uploads\/2025\/10\/how-to-get-kids-to-sleep-in-their-own-bed.jpg","type":"image\/jpeg"}],"twitter_card":"summary_large_image","twitter_misc":{"Dur\u00e9e de lecture estim\u00e9e":"2 minutes"},"schema":{"@context":"https:\/\/schema.org","@graph":[{"@type":"WebPage","@id":"https:\/\/criand.ad\/producto\/assessorament-en-son-infantil-online\/","url":"https:\/\/criand.ad\/producto\/assessorament-en-son-infantil-online\/","name":"Consultation en sommeil infantile en ligne - Criand","isPartOf":{"@id":"https:\/\/criand.ad\/#website"},"primaryImageOfPage":{"@id":"https:\/\/criand.ad\/producto\/assessorament-en-son-infantil-online\/#primaryimage"},"image":{"@id":"https:\/\/criand.ad\/producto\/assessorament-en-son-infantil-online\/#primaryimage"},"thumbnailUrl":"https:\/\/criand.ad\/wp-content\/uploads\/2025\/10\/how-to-get-kids-to-sleep-in-their-own-bed.jpg","datePublished":"2025-10-12T17:18:11+00:00","dateModified":"2025-10-13T08:01:15+00:00","description":"Bien dormir est essentiel au d\u00e9veloppement, \u00e0 la sant\u00e9 et au bien-\u00eatre des enfants\u2026 et aussi au repos de toute la famille.","breadcrumb":{"@id":"https:\/\/criand.ad\/producto\/assessorament-en-son-infantil-online\/#breadcrumb"},"inLanguage":"fr-FR","potentialAction":[{"@type":"ReadAction","target":["https:\/\/criand.ad\/producto\/assessorament-en-son-infantil-online\/"]}]},{"@type":"ImageObject","inLanguage":"fr-FR","@id":"https:\/\/criand.ad\/producto\/assessorament-en-son-infantil-online\/#primaryimage","url":"https:\/\/criand.ad\/wp-content\/uploads\/2025\/10\/how-to-get-kids-to-sleep-in-their-own-bed.jpg","contentUrl":"https:\/\/criand.ad\/wp-content\/uploads\/2025\/10\/how-to-get-kids-to-sleep-in-their-own-bed.jpg","width":730,"height":450,"caption":"Cute African American little boy sleeping in bed with toy at night"},{"@type":"BreadcrumbList","@id":"https:\/\/criand.ad\/producto\/assessorament-en-son-infantil-online\/#breadcrumb","itemListElement":[{"@type":"ListItem","position":1,"name":"Inici","item":"https:\/\/criand.ad\/fr\/"},{"@type":"ListItem","position":2,"name":"Productes","item":"https:\/\/criand.ad\/shop\/"},{"@type":"ListItem","position":3,"name":"Consultation en sommeil infantile en ligne"}]},{"@type":"WebSite","@id":"https:\/\/criand.ad\/#website","url":"https:\/\/criand.ad\/","name":"CRIAND","description":"Embar\u00e0s, Postpart i Crian\u00e7a","potentialAction":[{"@type":"SearchAction","target":{"@type":"EntryPoint","urlTemplate":"https:\/\/criand.ad\/?s={search_term_string}"},"query-input":{"@type":"PropertyValueSpecification","valueRequired":true,"valueName":"search_term_string"}}],"inLanguage":"fr-FR"}]}},"_links":{"self":[{"href":"https:\/\/criand.ad\/fr\/wp-json\/wp\/v2\/product\/5754","targetHints":{"allow":["GET"]}}],"collection":[{"href":"https:\/\/criand.ad\/fr\/wp-json\/wp\/v2\/product"}],"about":[{"href":"https:\/\/criand.ad\/fr\/wp-json\/wp\/v2\/types\/product"}],"version-history":[{"count":0,"href":"https:\/\/criand.ad\/fr\/wp-json\/wp\/v2\/product\/5754\/revisions"}],"wp:featuredmedia":[{"embeddable":true,"href":"https:\/\/criand.ad\/fr\/wp-json\/wp\/v2\/media\/5817"}],"wp:attachment":[{"href":"https:\/\/criand.ad\/fr\/wp-json\/wp\/v2\/media?parent=5754"}],"wp:term":[{"taxonomy":"product_brand","embeddable":true,"href":"https:\/\/criand.ad\/fr\/wp-json\/wp\/v2\/product_brand?post=5754"},{"taxonomy":"product_cat","embeddable":true,"href":"https:\/\/criand.ad\/fr\/wp-json\/wp\/v2\/product_cat?post=5754"},{"taxonomy":"product_tag","embeddable":true,"href":"https:\/\/criand.ad\/fr\/wp-json\/wp\/v2\/product_tag?post=5754"},{"taxonomy":"giftcard-category","embeddable":true,"href":"https:\/\/criand.ad\/fr\/wp-json\/wp\/v2\/giftcard-category?post=5754"}],"curies":[{"name":"wp","href":"https:\/\/api.w.org\/{rel}","templated":true}]}}