{"id":5470,"date":"2025-05-31T07:32:59","date_gmt":"2025-05-31T05:32:59","guid":{"rendered":"http:\/\/criand.ad\/producto\/regala-packs-pre-o-post-part-criand\/"},"modified":"2025-12-30T07:42:10","modified_gmt":"2025-12-30T06:42:10","slug":"regala-packs-pre-o-post-part-criand","status":"publish","type":"product","link":"https:\/\/criand.ad\/fr\/producto\/regala-packs-pre-o-post-part-criand\/","title":{"rendered":"Pack pr\u00e9nataux ou postnataux"},"content":{"rendered":"","protected":false},"excerpt":{"rendered":"<p data-start=\"810\" data-end=\"848\"><strong>Un cadeau tr\u00e8s exclusif qui comprend :<\/strong><\/p>\n<ul>\n<li data-start=\"850\" data-end=\"1150\">5 visites \u00e0 domicile de plus de deux heures, au cours desquelles toutes sortes de questions sont abord\u00e9es, que ce soit pendant la grossesse ou le post-partum, combin\u00e9es \u00e0 des exercices physiques visant \u00e0 pr\u00e9parer et conditionner le corps \u00e0 l\u2019accouchement ou \u00e0 favoriser la r\u00e9cup\u00e9ration post-partum.<\/li>\n<li data-start=\"1152\" data-end=\"1224\">Un suivi \u00e0 distance afin d\u2019offrir un accompagnement plus personnalis\u00e9.<\/li>\n<li data-start=\"1226\" data-end=\"1327\">Un e-book \u00e9labor\u00e9 par les sages-femmes de Criand, consacr\u00e9 soit \u00e0 la grossesse, soit \u00e0 l\u2019allaitement.<\/li>\n<\/ul>\n<p data-start=\"1329\" data-end=\"1503\">Il s\u2019agit d\u2019un cadeau id\u00e9al \u00e0 offrir lorsqu\u2019un groupe d\u2019amis, de proches ou de coll\u00e8gues souhaite proposer quelque chose de plus original et personnalis\u00e9.<\/p>\n","protected":false},"featured_media":5471,"template":"","meta":{"site-sidebar-layout":"default","site-content-layout":"","ast-site-content-layout":"default","site-content-style":"default","site-sidebar-style":"default","ast-global-header-display":"","ast-banner-title-visibility":"","ast-main-header-display":"","ast-hfb-above-header-display":"","ast-hfb-below-header-display":"","ast-hfb-mobile-header-display":"","site-post-title":"","ast-breadcrumbs-content":"","ast-featured-img":"","footer-sml-layout":"","theme-transparent-header-meta":"default","adv-header-id-meta":"","stick-header-meta":"default","header-above-stick-meta":"","header-main-stick-meta":"","header-below-stick-meta":"","astra-migrate-meta-layouts":"set","ast-page-background-enabled":"default","ast-page-background-meta":{"desktop":{"background-color":"","background-image":"","background-repeat":"repeat","background-position":"center center","background-size":"auto","background-attachment":"scroll","background-type":"","background-media":"","overlay-type":"","overlay-color":"","overlay-opacity":"","overlay-gradient":""},"tablet":{"background-color":"","background-image":"","background-repeat":"repeat","background-position":"center center","background-size":"auto","background-attachment":"scroll","background-type":"","background-media":"","overlay-type":"","overlay-color":"","overlay-opacity":"","overlay-gradient":""},"mobile":{"background-color":"","background-image":"","background-repeat":"repeat","background-position":"center center","background-size":"auto","background-attachment":"scroll","background-type":"","background-media":"","overlay-type":"","overlay-color":"","overlay-opacity":"","overlay-gradient":""}},"ast-content-background-meta":{"desktop":{"background-color":"var(--ast-global-color-5)","background-image":"","background-repeat":"repeat","background-position":"center center","background-size":"auto","background-attachment":"scroll","background-type":"","background-media":"","overlay-type":"","overlay-color":"","overlay-opacity":"","overlay-gradient":""},"tablet":{"background-color":"var(--ast-global-color-5)","background-image":"","background-repeat":"repeat","background-position":"center center","background-size":"auto","background-attachment":"scroll","background-type":"","background-media":"","overlay-type":"","overlay-color":"","overlay-opacity":"","overlay-gradient":""},"mobile":{"background-color":"var(--ast-global-color-5)","background-image":"","background-repeat":"repeat","background-position":"center center","background-size":"auto","background-attachment":"scroll","background-type":"","background-media":"","overlay-type":"","overlay-color":"","overlay-opacity":"","overlay-gradient":""}}},"product_brand":[],"product_cat":[186],"product_tag":[],"giftcard-category":[],"class_list":{"0":"post-5470","1":"product","2":"type-product","3":"status-publish","4":"has-post-thumbnail","6":"product_cat-cheques-cadeaux","7":"desktop-align-left","8":"tablet-align-left","9":"mobile-align-left","10":"ast-product-gallery-layout-horizontal-slider","11":"ast-product-gallery-with-no-image","12":"ast-magnify-disabled","13":"ast-product-tabs-layout-horizontal","15":"first","16":"instock","17":"virtual","18":"purchasable","19":"product-type-simple"},"yoast_head":"<!-- This site is optimized with the Yoast SEO plugin v26.6 - https:\/\/yoast.com\/wordpress\/plugins\/seo\/ -->\n<title>Pack pr\u00e9nataux ou postnataux - Criand<\/title>\n<meta name=\"robots\" content=\"index, follow, max-snippet:-1, max-image-preview:large, max-video-preview:-1\" \/>\n<link rel=\"canonical\" href=\"https:\/\/criand.ad\/producto\/regala-packs-pre-o-post-part-criand\/\" \/>\n<meta property=\"og:locale\" content=\"fr_FR\" \/>\n<meta property=\"og:type\" content=\"article\" \/>\n<meta property=\"og:title\" content=\"Pack pr\u00e9nataux ou postnataux - Criand\" \/>\n<meta property=\"og:description\" content=\"Un cadeau tr\u00e8s exclusif qui comprend :    5 visites \u00e0 domicile de plus de deux heures, au cours desquelles toutes sortes de questions sont abord\u00e9es, que ce soit pendant la grossesse ou le post-partum, combin\u00e9es \u00e0 des exercices physiques visant \u00e0 pr\u00e9parer et conditionner le corps \u00e0 l\u2019accouchement ou \u00e0 favoriser la r\u00e9cup\u00e9ration post-partum.  Un suivi \u00e0 distance afin d\u2019offrir un accompagnement plus personnalis\u00e9.  Un e-book \u00e9labor\u00e9 par les sages-femmes de Criand, consacr\u00e9 soit \u00e0 la grossesse, soit \u00e0 l\u2019allaitement.  Il s\u2019agit d\u2019un cadeau id\u00e9al \u00e0 offrir lorsqu\u2019un groupe d\u2019amis, de proches ou de coll\u00e8gues souhaite proposer quelque chose de plus original et personnalis\u00e9.\" \/>\n<meta property=\"og:url\" content=\"https:\/\/criand.ad\/producto\/regala-packs-pre-o-post-part-criand\/\" \/>\n<meta property=\"og:site_name\" content=\"Criand\" \/>\n<meta property=\"article:modified_time\" content=\"2025-12-30T06:42:10+00:00\" \/>\n<meta property=\"og:image\" content=\"https:\/\/criand.ad\/wp-content\/uploads\/2025\/05\/regala.jpeg\" \/>\n\t<meta property=\"og:image:width\" content=\"534\" \/>\n\t<meta property=\"og:image:height\" content=\"800\" \/>\n\t<meta property=\"og:image:type\" content=\"image\/jpeg\" \/>\n<meta name=\"twitter:card\" content=\"summary_large_image\" \/>\n<meta name=\"twitter:label1\" content=\"Dur\u00e9e de lecture estim\u00e9e\" \/>\n\t<meta name=\"twitter:data1\" content=\"1 minute\" \/>\n<script type=\"application\/ld+json\" class=\"yoast-schema-graph\">{\"@context\":\"https:\/\/schema.org\",\"@graph\":[{\"@type\":\"WebPage\",\"@id\":\"https:\/\/criand.ad\/producto\/regala-packs-pre-o-post-part-criand\/\",\"url\":\"https:\/\/criand.ad\/producto\/regala-packs-pre-o-post-part-criand\/\",\"name\":\"Pack pr\u00e9nataux ou postnataux - Criand\",\"isPartOf\":{\"@id\":\"https:\/\/criand.ad\/#website\"},\"primaryImageOfPage\":{\"@id\":\"https:\/\/criand.ad\/producto\/regala-packs-pre-o-post-part-criand\/#primaryimage\"},\"image\":{\"@id\":\"https:\/\/criand.ad\/producto\/regala-packs-pre-o-post-part-criand\/#primaryimage\"},\"thumbnailUrl\":\"https:\/\/criand.ad\/wp-content\/uploads\/2025\/05\/regala.jpeg\",\"datePublished\":\"2025-05-31T05:32:59+00:00\",\"dateModified\":\"2025-12-30T06:42:10+00:00\",\"breadcrumb\":{\"@id\":\"https:\/\/criand.ad\/producto\/regala-packs-pre-o-post-part-criand\/#breadcrumb\"},\"inLanguage\":\"fr-FR\",\"potentialAction\":[{\"@type\":\"ReadAction\",\"target\":[\"https:\/\/criand.ad\/producto\/regala-packs-pre-o-post-part-criand\/\"]}]},{\"@type\":\"ImageObject\",\"inLanguage\":\"fr-FR\",\"@id\":\"https:\/\/criand.ad\/producto\/regala-packs-pre-o-post-part-criand\/#primaryimage\",\"url\":\"https:\/\/criand.ad\/wp-content\/uploads\/2025\/05\/regala.jpeg\",\"contentUrl\":\"https:\/\/criand.ad\/wp-content\/uploads\/2025\/05\/regala.jpeg\",\"width\":534,\"height\":800},{\"@type\":\"BreadcrumbList\",\"@id\":\"https:\/\/criand.ad\/producto\/regala-packs-pre-o-post-part-criand\/#breadcrumb\",\"itemListElement\":[{\"@type\":\"ListItem\",\"position\":1,\"name\":\"Inici\",\"item\":\"https:\/\/criand.ad\/fr\/\"},{\"@type\":\"ListItem\",\"position\":2,\"name\":\"Productes\",\"item\":\"https:\/\/criand.ad\/shop\/\"},{\"@type\":\"ListItem\",\"position\":3,\"name\":\"Pack pr\u00e9nataux ou postnataux\"}]},{\"@type\":\"WebSite\",\"@id\":\"https:\/\/criand.ad\/#website\",\"url\":\"https:\/\/criand.ad\/\",\"name\":\"CRIAND\",\"description\":\"Embar\u00e0s, Postpart i Crian\u00e7a\",\"potentialAction\":[{\"@type\":\"SearchAction\",\"target\":{\"@type\":\"EntryPoint\",\"urlTemplate\":\"https:\/\/criand.ad\/?s={search_term_string}\"},\"query-input\":{\"@type\":\"PropertyValueSpecification\",\"valueRequired\":true,\"valueName\":\"search_term_string\"}}],\"inLanguage\":\"fr-FR\"}]}<\/script>\n<!-- \/ Yoast SEO plugin. -->","yoast_head_json":{"title":"Pack pr\u00e9nataux ou postnataux - Criand","robots":{"index":"index","follow":"follow","max-snippet":"max-snippet:-1","max-image-preview":"max-image-preview:large","max-video-preview":"max-video-preview:-1"},"canonical":"https:\/\/criand.ad\/producto\/regala-packs-pre-o-post-part-criand\/","og_locale":"fr_FR","og_type":"article","og_title":"Pack pr\u00e9nataux ou postnataux - Criand","og_description":"Un cadeau tr\u00e8s exclusif qui comprend :    5 visites \u00e0 domicile de plus de deux heures, au cours desquelles toutes sortes de questions sont abord\u00e9es, que ce soit pendant la grossesse ou le post-partum, combin\u00e9es \u00e0 des exercices physiques visant \u00e0 pr\u00e9parer et conditionner le corps \u00e0 l\u2019accouchement ou \u00e0 favoriser la r\u00e9cup\u00e9ration post-partum.  Un suivi \u00e0 distance afin d\u2019offrir un accompagnement plus personnalis\u00e9.  Un e-book \u00e9labor\u00e9 par les sages-femmes de Criand, consacr\u00e9 soit \u00e0 la grossesse, soit \u00e0 l\u2019allaitement.  Il s\u2019agit d\u2019un cadeau id\u00e9al \u00e0 offrir lorsqu\u2019un groupe d\u2019amis, de proches ou de coll\u00e8gues souhaite proposer quelque chose de plus original et personnalis\u00e9.","og_url":"https:\/\/criand.ad\/producto\/regala-packs-pre-o-post-part-criand\/","og_site_name":"Criand","article_modified_time":"2025-12-30T06:42:10+00:00","og_image":[{"width":534,"height":800,"url":"https:\/\/criand.ad\/wp-content\/uploads\/2025\/05\/regala.jpeg","type":"image\/jpeg"}],"twitter_card":"summary_large_image","twitter_misc":{"Dur\u00e9e de lecture estim\u00e9e":"1 minute"},"schema":{"@context":"https:\/\/schema.org","@graph":[{"@type":"WebPage","@id":"https:\/\/criand.ad\/producto\/regala-packs-pre-o-post-part-criand\/","url":"https:\/\/criand.ad\/producto\/regala-packs-pre-o-post-part-criand\/","name":"Pack pr\u00e9nataux ou postnataux - Criand","isPartOf":{"@id":"https:\/\/criand.ad\/#website"},"primaryImageOfPage":{"@id":"https:\/\/criand.ad\/producto\/regala-packs-pre-o-post-part-criand\/#primaryimage"},"image":{"@id":"https:\/\/criand.ad\/producto\/regala-packs-pre-o-post-part-criand\/#primaryimage"},"thumbnailUrl":"https:\/\/criand.ad\/wp-content\/uploads\/2025\/05\/regala.jpeg","datePublished":"2025-05-31T05:32:59+00:00","dateModified":"2025-12-30T06:42:10+00:00","breadcrumb":{"@id":"https:\/\/criand.ad\/producto\/regala-packs-pre-o-post-part-criand\/#breadcrumb"},"inLanguage":"fr-FR","potentialAction":[{"@type":"ReadAction","target":["https:\/\/criand.ad\/producto\/regala-packs-pre-o-post-part-criand\/"]}]},{"@type":"ImageObject","inLanguage":"fr-FR","@id":"https:\/\/criand.ad\/producto\/regala-packs-pre-o-post-part-criand\/#primaryimage","url":"https:\/\/criand.ad\/wp-content\/uploads\/2025\/05\/regala.jpeg","contentUrl":"https:\/\/criand.ad\/wp-content\/uploads\/2025\/05\/regala.jpeg","width":534,"height":800},{"@type":"BreadcrumbList","@id":"https:\/\/criand.ad\/producto\/regala-packs-pre-o-post-part-criand\/#breadcrumb","itemListElement":[{"@type":"ListItem","position":1,"name":"Inici","item":"https:\/\/criand.ad\/fr\/"},{"@type":"ListItem","position":2,"name":"Productes","item":"https:\/\/criand.ad\/shop\/"},{"@type":"ListItem","position":3,"name":"Pack pr\u00e9nataux ou postnataux"}]},{"@type":"WebSite","@id":"https:\/\/criand.ad\/#website","url":"https:\/\/criand.ad\/","name":"CRIAND","description":"Embar\u00e0s, Postpart i Crian\u00e7a","potentialAction":[{"@type":"SearchAction","target":{"@type":"EntryPoint","urlTemplate":"https:\/\/criand.ad\/?s={search_term_string}"},"query-input":{"@type":"PropertyValueSpecification","valueRequired":true,"valueName":"search_term_string"}}],"inLanguage":"fr-FR"}]}},"_links":{"self":[{"href":"https:\/\/criand.ad\/fr\/wp-json\/wp\/v2\/product\/5470","targetHints":{"allow":["GET"]}}],"collection":[{"href":"https:\/\/criand.ad\/fr\/wp-json\/wp\/v2\/product"}],"about":[{"href":"https:\/\/criand.ad\/fr\/wp-json\/wp\/v2\/types\/product"}],"version-history":[{"count":1,"href":"https:\/\/criand.ad\/fr\/wp-json\/wp\/v2\/product\/5470\/revisions"}],"predecessor-version":[{"id":6699,"href":"https:\/\/criand.ad\/fr\/wp-json\/wp\/v2\/product\/5470\/revisions\/6699"}],"wp:featuredmedia":[{"embeddable":true,"href":"https:\/\/criand.ad\/fr\/wp-json\/wp\/v2\/media\/5471"}],"wp:attachment":[{"href":"https:\/\/criand.ad\/fr\/wp-json\/wp\/v2\/media?parent=5470"}],"wp:term":[{"taxonomy":"product_brand","embeddable":true,"href":"https:\/\/criand.ad\/fr\/wp-json\/wp\/v2\/product_brand?post=5470"},{"taxonomy":"product_cat","embeddable":true,"href":"https:\/\/criand.ad\/fr\/wp-json\/wp\/v2\/product_cat?post=5470"},{"taxonomy":"product_tag","embeddable":true,"href":"https:\/\/criand.ad\/fr\/wp-json\/wp\/v2\/product_tag?post=5470"},{"taxonomy":"giftcard-category","embeddable":true,"href":"https:\/\/criand.ad\/fr\/wp-json\/wp\/v2\/giftcard-category?post=5470"}],"curies":[{"name":"wp","href":"https:\/\/api.w.org\/{rel}","templated":true}]}}