{"id":5450,"date":"2025-09-09T09:44:30","date_gmt":"2025-09-09T07:44:30","guid":{"rendered":"http:\/\/criand.ad\/producto\/targeta-regal\/"},"modified":"2025-09-10T10:21:47","modified_gmt":"2025-09-10T08:21:47","slug":"targeta-regal","status":"publish","type":"product","link":"https:\/\/criand.ad\/fr\/producto\/targeta-regal\/","title":{"rendered":"Carte cadeau"},"content":{"rendered":"","protected":false},"excerpt":{"rendered":"<p>Envie d&rsquo;offrir un cadeau original et significatif\u00a0? Avec notre carte cadeau, offrez des exp\u00e9riences uniques de formation, d&rsquo;ateliers et de soutien \u00e0 la parentalit\u00e9 respectueuse, \u00e0 la grossesse et au post-partum.<\/p>\n<p>Il vous suffit de choisir le montant que vous souhaitez offrir et la personne qui le recevra pourra l&rsquo;utiliser librement dans nos cours ou ateliers.<\/p>\n<p>Une fa\u00e7on flexible et affectueuse de prendre soin de quelqu&rsquo;un et de le soutenir dans cette \u00e9tape si importante de la vie.<\/p>\n","protected":false},"featured_media":5841,"template":"","meta":{"site-sidebar-layout":"default","site-content-layout":"","ast-site-content-layout":"default","site-content-style":"default","site-sidebar-style":"default","ast-global-header-display":"","ast-banner-title-visibility":"","ast-main-header-display":"","ast-hfb-above-header-display":"","ast-hfb-below-header-display":"","ast-hfb-mobile-header-display":"","site-post-title":"","ast-breadcrumbs-content":"","ast-featured-img":"","footer-sml-layout":"","theme-transparent-header-meta":"default","adv-header-id-meta":"","stick-header-meta":"default","header-above-stick-meta":"","header-main-stick-meta":"","header-below-stick-meta":"","astra-migrate-meta-layouts":"set","ast-page-background-enabled":"default","ast-page-background-meta":{"desktop":{"background-color":"","background-image":"","background-repeat":"repeat","background-position":"center center","background-size":"auto","background-attachment":"scroll","background-type":"","background-media":"","overlay-type":"","overlay-color":"","overlay-opacity":"","overlay-gradient":""},"tablet":{"background-color":"","background-image":"","background-repeat":"repeat","background-position":"center center","background-size":"auto","background-attachment":"scroll","background-type":"","background-media":"","overlay-type":"","overlay-color":"","overlay-opacity":"","overlay-gradient":""},"mobile":{"background-color":"","background-image":"","background-repeat":"repeat","background-position":"center center","background-size":"auto","background-attachment":"scroll","background-type":"","background-media":"","overlay-type":"","overlay-color":"","overlay-opacity":"","overlay-gradient":""}},"ast-content-background-meta":{"desktop":{"background-color":"var(--ast-global-color-5)","background-image":"","background-repeat":"repeat","background-position":"center center","background-size":"auto","background-attachment":"scroll","background-type":"","background-media":"","overlay-type":"","overlay-color":"","overlay-opacity":"","overlay-gradient":""},"tablet":{"background-color":"var(--ast-global-color-5)","background-image":"","background-repeat":"repeat","background-position":"center center","background-size":"auto","background-attachment":"scroll","background-type":"","background-media":"","overlay-type":"","overlay-color":"","overlay-opacity":"","overlay-gradient":""},"mobile":{"background-color":"var(--ast-global-color-5)","background-image":"","background-repeat":"repeat","background-position":"center center","background-size":"auto","background-attachment":"scroll","background-type":"","background-media":"","overlay-type":"","overlay-color":"","overlay-opacity":"","overlay-gradient":""}}},"product_brand":[],"product_cat":[186],"product_tag":[],"giftcard-category":[],"class_list":{"0":"post-5450","1":"product","2":"type-product","3":"status-publish","4":"has-post-thumbnail","6":"product_cat-cheques-cadeaux","7":"desktop-align-left","8":"tablet-align-left","9":"mobile-align-left","10":"ast-product-gallery-layout-horizontal-slider","11":"ast-product-gallery-with-no-image","12":"ast-magnify-disabled","13":"ast-product-tabs-layout-horizontal","15":"first","16":"instock","17":"virtual","18":"purchasable","19":"product-type-gift-card"},"yoast_head":"<!-- This site is optimized with the Yoast SEO plugin v26.6 - https:\/\/yoast.com\/wordpress\/plugins\/seo\/ -->\n<title>Carte cadeau - Criand<\/title>\n<meta name=\"robots\" content=\"index, follow, max-snippet:-1, max-image-preview:large, max-video-preview:-1\" \/>\n<link rel=\"canonical\" href=\"https:\/\/criand.ad\/producto\/targeta-regal\/\" \/>\n<meta property=\"og:locale\" content=\"fr_FR\" \/>\n<meta property=\"og:type\" content=\"article\" \/>\n<meta property=\"og:title\" content=\"Carte cadeau - Criand\" \/>\n<meta property=\"og:description\" content=\"Envie d&#039;offrir un cadeau original et significatif\u00a0? Avec notre carte cadeau, offrez des exp\u00e9riences uniques de formation, d&#039;ateliers et de soutien \u00e0 la parentalit\u00e9 respectueuse, \u00e0 la grossesse et au post-partum.  Il vous suffit de choisir le montant que vous souhaitez offrir et la personne qui le recevra pourra l&#039;utiliser librement dans nos cours ou ateliers.  Une fa\u00e7on flexible et affectueuse de prendre soin de quelqu&#039;un et de le soutenir dans cette \u00e9tape si importante de la vie.\" \/>\n<meta property=\"og:url\" content=\"https:\/\/criand.ad\/producto\/targeta-regal\/\" \/>\n<meta property=\"og:site_name\" content=\"Criand\" \/>\n<meta property=\"article:modified_time\" content=\"2025-09-10T08:21:47+00:00\" \/>\n<meta property=\"og:image\" content=\"https:\/\/criand.ad\/wp-content\/uploads\/2025\/06\/gift-e1760723735118.jpeg\" \/>\n\t<meta property=\"og:image:width\" content=\"469\" \/>\n\t<meta property=\"og:image:height\" content=\"352\" \/>\n\t<meta property=\"og:image:type\" content=\"image\/jpeg\" \/>\n<meta name=\"twitter:card\" content=\"summary_large_image\" \/>\n<script type=\"application\/ld+json\" class=\"yoast-schema-graph\">{\"@context\":\"https:\/\/schema.org\",\"@graph\":[{\"@type\":\"WebPage\",\"@id\":\"https:\/\/criand.ad\/producto\/targeta-regal\/\",\"url\":\"https:\/\/criand.ad\/producto\/targeta-regal\/\",\"name\":\"Carte cadeau - Criand\",\"isPartOf\":{\"@id\":\"https:\/\/criand.ad\/#website\"},\"primaryImageOfPage\":{\"@id\":\"https:\/\/criand.ad\/producto\/targeta-regal\/#primaryimage\"},\"image\":{\"@id\":\"https:\/\/criand.ad\/producto\/targeta-regal\/#primaryimage\"},\"thumbnailUrl\":\"https:\/\/criand.ad\/wp-content\/uploads\/2025\/06\/gift-e1760723735118.jpeg\",\"datePublished\":\"2025-09-09T07:44:30+00:00\",\"dateModified\":\"2025-09-10T08:21:47+00:00\",\"breadcrumb\":{\"@id\":\"https:\/\/criand.ad\/producto\/targeta-regal\/#breadcrumb\"},\"inLanguage\":\"fr-FR\",\"potentialAction\":[{\"@type\":\"ReadAction\",\"target\":[\"https:\/\/criand.ad\/producto\/targeta-regal\/\"]}]},{\"@type\":\"ImageObject\",\"inLanguage\":\"fr-FR\",\"@id\":\"https:\/\/criand.ad\/producto\/targeta-regal\/#primaryimage\",\"url\":\"https:\/\/criand.ad\/wp-content\/uploads\/2025\/06\/gift-e1760723735118.jpeg\",\"contentUrl\":\"https:\/\/criand.ad\/wp-content\/uploads\/2025\/06\/gift-e1760723735118.jpeg\",\"width\":469,\"height\":352,\"caption\":\"Woman arms holding gift box with pink ribbon on color background, top view.\"},{\"@type\":\"BreadcrumbList\",\"@id\":\"https:\/\/criand.ad\/producto\/targeta-regal\/#breadcrumb\",\"itemListElement\":[{\"@type\":\"ListItem\",\"position\":1,\"name\":\"Inici\",\"item\":\"https:\/\/criand.ad\/fr\/\"},{\"@type\":\"ListItem\",\"position\":2,\"name\":\"Productes\",\"item\":\"https:\/\/criand.ad\/shop\/\"},{\"@type\":\"ListItem\",\"position\":3,\"name\":\"Carte cadeau\"}]},{\"@type\":\"WebSite\",\"@id\":\"https:\/\/criand.ad\/#website\",\"url\":\"https:\/\/criand.ad\/\",\"name\":\"CRIAND\",\"description\":\"Embar\u00e0s, Postpart i Crian\u00e7a\",\"potentialAction\":[{\"@type\":\"SearchAction\",\"target\":{\"@type\":\"EntryPoint\",\"urlTemplate\":\"https:\/\/criand.ad\/?s={search_term_string}\"},\"query-input\":{\"@type\":\"PropertyValueSpecification\",\"valueRequired\":true,\"valueName\":\"search_term_string\"}}],\"inLanguage\":\"fr-FR\"}]}<\/script>\n<!-- \/ Yoast SEO plugin. -->","yoast_head_json":{"title":"Carte cadeau - Criand","robots":{"index":"index","follow":"follow","max-snippet":"max-snippet:-1","max-image-preview":"max-image-preview:large","max-video-preview":"max-video-preview:-1"},"canonical":"https:\/\/criand.ad\/producto\/targeta-regal\/","og_locale":"fr_FR","og_type":"article","og_title":"Carte cadeau - Criand","og_description":"Envie d'offrir un cadeau original et significatif\u00a0? Avec notre carte cadeau, offrez des exp\u00e9riences uniques de formation, d'ateliers et de soutien \u00e0 la parentalit\u00e9 respectueuse, \u00e0 la grossesse et au post-partum.  Il vous suffit de choisir le montant que vous souhaitez offrir et la personne qui le recevra pourra l'utiliser librement dans nos cours ou ateliers.  Une fa\u00e7on flexible et affectueuse de prendre soin de quelqu'un et de le soutenir dans cette \u00e9tape si importante de la vie.","og_url":"https:\/\/criand.ad\/producto\/targeta-regal\/","og_site_name":"Criand","article_modified_time":"2025-09-10T08:21:47+00:00","og_image":[{"width":469,"height":352,"url":"https:\/\/criand.ad\/wp-content\/uploads\/2025\/06\/gift-e1760723735118.jpeg","type":"image\/jpeg"}],"twitter_card":"summary_large_image","schema":{"@context":"https:\/\/schema.org","@graph":[{"@type":"WebPage","@id":"https:\/\/criand.ad\/producto\/targeta-regal\/","url":"https:\/\/criand.ad\/producto\/targeta-regal\/","name":"Carte cadeau - Criand","isPartOf":{"@id":"https:\/\/criand.ad\/#website"},"primaryImageOfPage":{"@id":"https:\/\/criand.ad\/producto\/targeta-regal\/#primaryimage"},"image":{"@id":"https:\/\/criand.ad\/producto\/targeta-regal\/#primaryimage"},"thumbnailUrl":"https:\/\/criand.ad\/wp-content\/uploads\/2025\/06\/gift-e1760723735118.jpeg","datePublished":"2025-09-09T07:44:30+00:00","dateModified":"2025-09-10T08:21:47+00:00","breadcrumb":{"@id":"https:\/\/criand.ad\/producto\/targeta-regal\/#breadcrumb"},"inLanguage":"fr-FR","potentialAction":[{"@type":"ReadAction","target":["https:\/\/criand.ad\/producto\/targeta-regal\/"]}]},{"@type":"ImageObject","inLanguage":"fr-FR","@id":"https:\/\/criand.ad\/producto\/targeta-regal\/#primaryimage","url":"https:\/\/criand.ad\/wp-content\/uploads\/2025\/06\/gift-e1760723735118.jpeg","contentUrl":"https:\/\/criand.ad\/wp-content\/uploads\/2025\/06\/gift-e1760723735118.jpeg","width":469,"height":352,"caption":"Woman arms holding gift box with pink ribbon on color background, top view."},{"@type":"BreadcrumbList","@id":"https:\/\/criand.ad\/producto\/targeta-regal\/#breadcrumb","itemListElement":[{"@type":"ListItem","position":1,"name":"Inici","item":"https:\/\/criand.ad\/fr\/"},{"@type":"ListItem","position":2,"name":"Productes","item":"https:\/\/criand.ad\/shop\/"},{"@type":"ListItem","position":3,"name":"Carte cadeau"}]},{"@type":"WebSite","@id":"https:\/\/criand.ad\/#website","url":"https:\/\/criand.ad\/","name":"CRIAND","description":"Embar\u00e0s, Postpart i Crian\u00e7a","potentialAction":[{"@type":"SearchAction","target":{"@type":"EntryPoint","urlTemplate":"https:\/\/criand.ad\/?s={search_term_string}"},"query-input":{"@type":"PropertyValueSpecification","valueRequired":true,"valueName":"search_term_string"}}],"inLanguage":"fr-FR"}]}},"_links":{"self":[{"href":"https:\/\/criand.ad\/fr\/wp-json\/wp\/v2\/product\/5450","targetHints":{"allow":["GET"]}}],"collection":[{"href":"https:\/\/criand.ad\/fr\/wp-json\/wp\/v2\/product"}],"about":[{"href":"https:\/\/criand.ad\/fr\/wp-json\/wp\/v2\/types\/product"}],"version-history":[{"count":0,"href":"https:\/\/criand.ad\/fr\/wp-json\/wp\/v2\/product\/5450\/revisions"}],"wp:featuredmedia":[{"embeddable":true,"href":"https:\/\/criand.ad\/fr\/wp-json\/wp\/v2\/media\/5841"}],"wp:attachment":[{"href":"https:\/\/criand.ad\/fr\/wp-json\/wp\/v2\/media?parent=5450"}],"wp:term":[{"taxonomy":"product_brand","embeddable":true,"href":"https:\/\/criand.ad\/fr\/wp-json\/wp\/v2\/product_brand?post=5450"},{"taxonomy":"product_cat","embeddable":true,"href":"https:\/\/criand.ad\/fr\/wp-json\/wp\/v2\/product_cat?post=5450"},{"taxonomy":"product_tag","embeddable":true,"href":"https:\/\/criand.ad\/fr\/wp-json\/wp\/v2\/product_tag?post=5450"},{"taxonomy":"giftcard-category","embeddable":true,"href":"https:\/\/criand.ad\/fr\/wp-json\/wp\/v2\/giftcard-category?post=5450"}],"curies":[{"name":"wp","href":"https:\/\/api.w.org\/{rel}","templated":true}]}}