{"id":4981,"date":"2025-05-31T07:32:33","date_gmt":"2025-05-31T05:32:33","guid":{"rendered":"http:\/\/criand.ad\/?post_type=product&#038;p=4981"},"modified":"2025-09-08T20:55:16","modified_gmt":"2025-09-08T20:55:16","slug":"atelier-portage","status":"publish","type":"product","link":"https:\/\/criand.ad\/fr\/producto\/atelier-portage\/","title":{"rendered":"Atelier portage"},"content":{"rendered":"<article class=\"text-token-text-primary w-full focus:outline-none scroll-mt-[calc(var(--header-height)+min(200px,max(70px,20svh)))]\" dir=\"auto\" tabindex=\"-1\" data-turn-id=\"request-WEB:6da0a9de-3612-410f-88e1-504687fae880-54\" data-testid=\"conversation-turn-110\" data-scroll-anchor=\"true\" data-turn=\"assistant\">\n<div class=\"text-base my-auto mx-auto pb-10 [--thread-content-margin:--spacing(4)] thread-sm:[--thread-content-margin:--spacing(6)] thread-lg:[--thread-content-margin:--spacing(16)] px-(--thread-content-margin)\">\n<div class=\"[--thread-content-max-width:40rem] thread-sm:[--thread-content-max-width:40rem] thread-lg:[--thread-content-max-width:48rem] mx-auto max-w-(--thread-content-max-width) flex-1 group\/turn-messages focus-visible:outline-hidden relative flex w-full min-w-0 flex-col agent-turn\" tabindex=\"-1\">\n<div class=\"flex max-w-full flex-col grow\">\n<div class=\"min-h-8 text-message relative flex w-full flex-col items-end gap-2 text-start break-words whitespace-normal [.text-message+&amp;]:mt-5\" dir=\"auto\" data-message-author-role=\"assistant\" data-message-id=\"b2913284-2dff-4f15-85a4-f81e82cf63d0\" data-message-model-slug=\"gpt-5-mini\">\n<div class=\"flex w-full flex-col gap-1 empty:hidden first:pt-[3px]\">\n<div class=\"markdown prose dark:prose-invert w-full break-words light markdown-new-styling\">\n<p data-start=\"42\" data-end=\"629\">Dans notre atelier, nous ne souhaitons pas vous vendre un porte-b\u00e9b\u00e9, mais vous permettre de toucher et d\u2019essayer diff\u00e9rents types de porte-b\u00e9b\u00e9s afin de choisir celui qui correspond le mieux \u00e0 vos besoins. Nous en avons de toutes sortes, marques et tailles ! Nous vous aiderons \u00e9galement \u00e0 positionner correctement votre porte-b\u00e9b\u00e9 pour qu\u2019il soit confortable pour le b\u00e9b\u00e9 et pour vous. En r\u00e9sum\u00e9, notre objectif est que vous repartiez avec des id\u00e9es claires sur quels porte-b\u00e9b\u00e9s sont adapt\u00e9s ou non pour votre enfant, ainsi qu\u2019avec la s\u00e9curit\u00e9 et le confort de savoir les utiliser !<\/p>\n<p data-start=\"631\" data-end=\"783\">De plus, avec l\u2019\u00e9t\u00e9 qui approche, nous vous montrerons quels porte-b\u00e9b\u00e9s sont adapt\u00e9s pour la saison estivale et comment prot\u00e9ger vos b\u00e9b\u00e9s du soleil.<\/p>\n<p data-start=\"785\" data-end=\"852\">Dans notre atelier, les parents et les b\u00e9b\u00e9s sont les bienvenus !<\/p>\n<p data-start=\"854\" data-end=\"956\">Apportez les porte-b\u00e9b\u00e9s que vous avez \u00e0 la maison pour pouvoir les essayer et en tirer le maximum !<\/p>\n<p data-start=\"958\" data-end=\"1056\">Comme vous le savez, nous terminerons l\u2019atelier avec une petite surprise et beaucoup de rythme !<\/p>\n<p data-start=\"1058\" data-end=\"1152\"><strong data-start=\"1058\" data-end=\"1068\">Prix :<\/strong> par unit\u00e9 familiale<br data-start=\"1088\" data-end=\"1091\" \/><strong data-start=\"1091\" data-end=\"1101\">Lieu :<\/strong> Roc Blanc<\/p>\n<p data-start=\"1154\" data-end=\"1283\" data-is-last-node=\"\" data-is-only-node=\"\">Si possible, il est pr\u00e9f\u00e9rable d\u2019assister sans poussette, ce sera plus pratique et vous repartirez en portage en toute s\u00e9curit\u00e9 !<\/p>\n<\/div>\n<\/div>\n<\/div>\n<\/div>\n<div class=\"flex min-h-[46px] justify-start\"><\/div>\n<div class=\"mt-3 w-full empty:hidden\">\n<div class=\"text-center\"><\/div>\n<\/div>\n<\/div>\n<\/div>\n<\/article>\n<div class=\"pointer-events-none h-px w-px\" aria-hidden=\"true\" data-edge=\"true\"><\/div>\n","protected":false},"excerpt":{"rendered":"<p data-start=\"42\" data-end=\"143\">Vous aimeriez porter votre b\u00e9b\u00e9 mais vous ne savez pas quel porte-b\u00e9b\u00e9 vous conviendrait le mieux ?<\/p>\n<p data-start=\"145\" data-end=\"218\">On vous a offert un porte-b\u00e9b\u00e9 et vous ne savez pas comment le mettre ?<\/p>\n<p data-start=\"220\" data-end=\"263\" data-is-last-node=\"\" data-is-only-node=\"\">Vous voulez en savoir plus sur le portage ?<\/p>\n","protected":false},"featured_media":4982,"template":"","meta":{"site-sidebar-layout":"default","site-content-layout":"","ast-site-content-layout":"default","site-content-style":"default","site-sidebar-style":"default","ast-global-header-display":"","ast-banner-title-visibility":"","ast-main-header-display":"","ast-hfb-above-header-display":"","ast-hfb-below-header-display":"","ast-hfb-mobile-header-display":"","site-post-title":"","ast-breadcrumbs-content":"","ast-featured-img":"","footer-sml-layout":"","theme-transparent-header-meta":"default","adv-header-id-meta":"","stick-header-meta":"default","header-above-stick-meta":"","header-main-stick-meta":"","header-below-stick-meta":"","astra-migrate-meta-layouts":"set","ast-page-background-enabled":"default","ast-page-background-meta":{"desktop":{"background-color":"","background-image":"","background-repeat":"repeat","background-position":"center center","background-size":"auto","background-attachment":"scroll","background-type":"","background-media":"","overlay-type":"","overlay-color":"","overlay-opacity":"","overlay-gradient":""},"tablet":{"background-color":"","background-image":"","background-repeat":"repeat","background-position":"center center","background-size":"auto","background-attachment":"scroll","background-type":"","background-media":"","overlay-type":"","overlay-color":"","overlay-opacity":"","overlay-gradient":""},"mobile":{"background-color":"","background-image":"","background-repeat":"repeat","background-position":"center center","background-size":"auto","background-attachment":"scroll","background-type":"","background-media":"","overlay-type":"","overlay-color":"","overlay-opacity":"","overlay-gradient":""}},"ast-content-background-meta":{"desktop":{"background-color":"var(--ast-global-color-5)","background-image":"","background-repeat":"repeat","background-position":"center center","background-size":"auto","background-attachment":"scroll","background-type":"","background-media":"","overlay-type":"","overlay-color":"","overlay-opacity":"","overlay-gradient":""},"tablet":{"background-color":"var(--ast-global-color-5)","background-image":"","background-repeat":"repeat","background-position":"center center","background-size":"auto","background-attachment":"scroll","background-type":"","background-media":"","overlay-type":"","overlay-color":"","overlay-opacity":"","overlay-gradient":""},"mobile":{"background-color":"var(--ast-global-color-5)","background-image":"","background-repeat":"repeat","background-position":"center center","background-size":"auto","background-attachment":"scroll","background-type":"","background-media":"","overlay-type":"","overlay-color":"","overlay-opacity":"","overlay-gradient":""}}},"product_brand":[],"product_cat":[196],"product_tag":[142,197,143,189],"giftcard-category":[],"class_list":{"0":"post-4981","1":"product","2":"type-product","3":"status-publish","4":"has-post-thumbnail","6":"product_cat-sin-categorizar-fr","7":"product_tag-nadons-0-3-mesos-fr","8":"product_tag-nadons-3-6-mesos-fr","9":"product_tag-nadons-6-12-mesos-fr","10":"product_tag-post-part-fr","11":"desktop-align-left","12":"tablet-align-left","13":"mobile-align-left","14":"ast-product-gallery-layout-horizontal-slider","15":"ast-product-gallery-with-no-image","16":"ast-magnify-disabled","17":"ast-product-tabs-layout-horizontal","19":"first","20":"outofstock","21":"virtual","22":"purchasable","23":"product-type-simple"},"yoast_head":"<!-- This site is optimized with the Yoast SEO plugin v26.6 - https:\/\/yoast.com\/wordpress\/plugins\/seo\/ -->\n<title>Atelier portage - Criand<\/title>\n<meta name=\"robots\" content=\"index, follow, max-snippet:-1, max-image-preview:large, max-video-preview:-1\" \/>\n<link rel=\"canonical\" href=\"https:\/\/criand.ad\/producto\/taller-de-porteig-nadons\/\" \/>\n<meta property=\"og:locale\" content=\"fr_FR\" \/>\n<meta property=\"og:type\" content=\"article\" \/>\n<meta property=\"og:title\" content=\"Atelier portage - Criand\" \/>\n<meta property=\"og:description\" content=\"Vous aimeriez porter votre b\u00e9b\u00e9 mais vous ne savez pas quel porte-b\u00e9b\u00e9 vous conviendrait le mieux ? On vous a offert un porte-b\u00e9b\u00e9 et vous ne savez pas comment le mettre ? Vous voulez en savoir plus sur le portage ?\" \/>\n<meta property=\"og:url\" content=\"https:\/\/criand.ad\/producto\/taller-de-porteig-nadons\/\" \/>\n<meta property=\"og:site_name\" content=\"Criand\" \/>\n<meta property=\"article:modified_time\" content=\"2025-09-08T20:55:16+00:00\" \/>\n<meta property=\"og:image\" content=\"https:\/\/criand.ad\/wp-content\/uploads\/2025\/05\/screen.jpg\" \/>\n\t<meta property=\"og:image:width\" content=\"800\" \/>\n\t<meta property=\"og:image:height\" content=\"533\" \/>\n\t<meta property=\"og:image:type\" content=\"image\/jpeg\" \/>\n<meta name=\"twitter:card\" content=\"summary_large_image\" \/>\n<meta name=\"twitter:label1\" content=\"Dur\u00e9e de lecture estim\u00e9e\" \/>\n\t<meta name=\"twitter:data1\" content=\"1 minute\" \/>\n<script type=\"application\/ld+json\" class=\"yoast-schema-graph\">{\"@context\":\"https:\/\/schema.org\",\"@graph\":[{\"@type\":\"WebPage\",\"@id\":\"https:\/\/criand.ad\/producto\/taller-de-porteig-nadons\/\",\"url\":\"https:\/\/criand.ad\/producto\/taller-de-porteig-nadons\/\",\"name\":\"Atelier portage - Criand\",\"isPartOf\":{\"@id\":\"https:\/\/criand.ad\/#website\"},\"primaryImageOfPage\":{\"@id\":\"https:\/\/criand.ad\/producto\/taller-de-porteig-nadons\/#primaryimage\"},\"image\":{\"@id\":\"https:\/\/criand.ad\/producto\/taller-de-porteig-nadons\/#primaryimage\"},\"thumbnailUrl\":\"https:\/\/criand.ad\/wp-content\/uploads\/2025\/05\/screen.jpg\",\"datePublished\":\"2025-05-31T05:32:33+00:00\",\"dateModified\":\"2025-09-08T20:55:16+00:00\",\"breadcrumb\":{\"@id\":\"https:\/\/criand.ad\/producto\/taller-de-porteig-nadons\/#breadcrumb\"},\"inLanguage\":\"fr-FR\",\"potentialAction\":[{\"@type\":\"ReadAction\",\"target\":[\"https:\/\/criand.ad\/producto\/taller-de-porteig-nadons\/\"]}]},{\"@type\":\"ImageObject\",\"inLanguage\":\"fr-FR\",\"@id\":\"https:\/\/criand.ad\/producto\/taller-de-porteig-nadons\/#primaryimage\",\"url\":\"https:\/\/criand.ad\/wp-content\/uploads\/2025\/05\/screen.jpg\",\"contentUrl\":\"https:\/\/criand.ad\/wp-content\/uploads\/2025\/05\/screen.jpg\",\"width\":800,\"height\":533},{\"@type\":\"BreadcrumbList\",\"@id\":\"https:\/\/criand.ad\/producto\/taller-de-porteig-nadons\/#breadcrumb\",\"itemListElement\":[{\"@type\":\"ListItem\",\"position\":1,\"name\":\"Inici\",\"item\":\"https:\/\/criand.ad\/fr\/\"},{\"@type\":\"ListItem\",\"position\":2,\"name\":\"Productes\",\"item\":\"https:\/\/criand.ad\/shop\/\"},{\"@type\":\"ListItem\",\"position\":3,\"name\":\"Atelier portage\"}]},{\"@type\":\"WebSite\",\"@id\":\"https:\/\/criand.ad\/#website\",\"url\":\"https:\/\/criand.ad\/\",\"name\":\"CRIAND\",\"description\":\"Embar\u00e0s, Postpart i Crian\u00e7a\",\"potentialAction\":[{\"@type\":\"SearchAction\",\"target\":{\"@type\":\"EntryPoint\",\"urlTemplate\":\"https:\/\/criand.ad\/?s={search_term_string}\"},\"query-input\":{\"@type\":\"PropertyValueSpecification\",\"valueRequired\":true,\"valueName\":\"search_term_string\"}}],\"inLanguage\":\"fr-FR\"}]}<\/script>\n<!-- \/ Yoast SEO plugin. -->","yoast_head_json":{"title":"Atelier portage - Criand","robots":{"index":"index","follow":"follow","max-snippet":"max-snippet:-1","max-image-preview":"max-image-preview:large","max-video-preview":"max-video-preview:-1"},"canonical":"https:\/\/criand.ad\/producto\/taller-de-porteig-nadons\/","og_locale":"fr_FR","og_type":"article","og_title":"Atelier portage - Criand","og_description":"Vous aimeriez porter votre b\u00e9b\u00e9 mais vous ne savez pas quel porte-b\u00e9b\u00e9 vous conviendrait le mieux ? On vous a offert un porte-b\u00e9b\u00e9 et vous ne savez pas comment le mettre ? Vous voulez en savoir plus sur le portage ?","og_url":"https:\/\/criand.ad\/producto\/taller-de-porteig-nadons\/","og_site_name":"Criand","article_modified_time":"2025-09-08T20:55:16+00:00","og_image":[{"width":800,"height":533,"url":"https:\/\/criand.ad\/wp-content\/uploads\/2025\/05\/screen.jpg","type":"image\/jpeg"}],"twitter_card":"summary_large_image","twitter_misc":{"Dur\u00e9e de lecture estim\u00e9e":"1 minute"},"schema":{"@context":"https:\/\/schema.org","@graph":[{"@type":"WebPage","@id":"https:\/\/criand.ad\/producto\/taller-de-porteig-nadons\/","url":"https:\/\/criand.ad\/producto\/taller-de-porteig-nadons\/","name":"Atelier portage - Criand","isPartOf":{"@id":"https:\/\/criand.ad\/#website"},"primaryImageOfPage":{"@id":"https:\/\/criand.ad\/producto\/taller-de-porteig-nadons\/#primaryimage"},"image":{"@id":"https:\/\/criand.ad\/producto\/taller-de-porteig-nadons\/#primaryimage"},"thumbnailUrl":"https:\/\/criand.ad\/wp-content\/uploads\/2025\/05\/screen.jpg","datePublished":"2025-05-31T05:32:33+00:00","dateModified":"2025-09-08T20:55:16+00:00","breadcrumb":{"@id":"https:\/\/criand.ad\/producto\/taller-de-porteig-nadons\/#breadcrumb"},"inLanguage":"fr-FR","potentialAction":[{"@type":"ReadAction","target":["https:\/\/criand.ad\/producto\/taller-de-porteig-nadons\/"]}]},{"@type":"ImageObject","inLanguage":"fr-FR","@id":"https:\/\/criand.ad\/producto\/taller-de-porteig-nadons\/#primaryimage","url":"https:\/\/criand.ad\/wp-content\/uploads\/2025\/05\/screen.jpg","contentUrl":"https:\/\/criand.ad\/wp-content\/uploads\/2025\/05\/screen.jpg","width":800,"height":533},{"@type":"BreadcrumbList","@id":"https:\/\/criand.ad\/producto\/taller-de-porteig-nadons\/#breadcrumb","itemListElement":[{"@type":"ListItem","position":1,"name":"Inici","item":"https:\/\/criand.ad\/fr\/"},{"@type":"ListItem","position":2,"name":"Productes","item":"https:\/\/criand.ad\/shop\/"},{"@type":"ListItem","position":3,"name":"Atelier portage"}]},{"@type":"WebSite","@id":"https:\/\/criand.ad\/#website","url":"https:\/\/criand.ad\/","name":"CRIAND","description":"Embar\u00e0s, Postpart i Crian\u00e7a","potentialAction":[{"@type":"SearchAction","target":{"@type":"EntryPoint","urlTemplate":"https:\/\/criand.ad\/?s={search_term_string}"},"query-input":{"@type":"PropertyValueSpecification","valueRequired":true,"valueName":"search_term_string"}}],"inLanguage":"fr-FR"}]}},"_links":{"self":[{"href":"https:\/\/criand.ad\/fr\/wp-json\/wp\/v2\/product\/4981","targetHints":{"allow":["GET"]}}],"collection":[{"href":"https:\/\/criand.ad\/fr\/wp-json\/wp\/v2\/product"}],"about":[{"href":"https:\/\/criand.ad\/fr\/wp-json\/wp\/v2\/types\/product"}],"version-history":[{"count":0,"href":"https:\/\/criand.ad\/fr\/wp-json\/wp\/v2\/product\/4981\/revisions"}],"wp:featuredmedia":[{"embeddable":true,"href":"https:\/\/criand.ad\/fr\/wp-json\/wp\/v2\/media\/4982"}],"wp:attachment":[{"href":"https:\/\/criand.ad\/fr\/wp-json\/wp\/v2\/media?parent=4981"}],"wp:term":[{"taxonomy":"product_brand","embeddable":true,"href":"https:\/\/criand.ad\/fr\/wp-json\/wp\/v2\/product_brand?post=4981"},{"taxonomy":"product_cat","embeddable":true,"href":"https:\/\/criand.ad\/fr\/wp-json\/wp\/v2\/product_cat?post=4981"},{"taxonomy":"product_tag","embeddable":true,"href":"https:\/\/criand.ad\/fr\/wp-json\/wp\/v2\/product_tag?post=4981"},{"taxonomy":"giftcard-category","embeddable":true,"href":"https:\/\/criand.ad\/fr\/wp-json\/wp\/v2\/giftcard-category?post=4981"}],"curies":[{"name":"wp","href":"https:\/\/api.w.org\/{rel}","templated":true}]}}