{"id":4959,"date":"2025-05-31T07:32:59","date_gmt":"2025-05-31T05:32:59","guid":{"rendered":"http:\/\/criand.ad\/producto\/visita-telematica-consultes-dubtes\/"},"modified":"2025-10-25T19:47:26","modified_gmt":"2025-10-25T17:47:26","slug":"consultation-en-ligne","status":"publish","type":"product","link":"https:\/\/criand.ad\/fr\/producto\/consultation-en-ligne\/","title":{"rendered":"Consultation en ligne"},"content":{"rendered":"<p>Pendant la grossesse ou\u00a0 dans le post-partum, de nombreuses questions se posent concernant le bien-\u00eatre et les soins pendant la grossesse, l\u2019accouchement, les soins du b\u00e9b\u00e9, les soins de la m\u00e8re, l\u2019allaitement\u2026 et, \u00e0 mesure que le b\u00e9b\u00e9 grandit, sur le baby led weaning ou le sommeil infantile !<\/p>\n<p>Lors de cette consultation en ligne, nous \u00e9valuerons et r\u00e9pondrons \u00e0 vos besoins de mani\u00e8re exclusive et personnalis\u00e9e :<\/p>\n<ul>\n<li>Attention personnalis\u00e9e : diagnostic et solutions adapt\u00e9es \u00e0 votre famille.<\/li>\n<li>Confort : \u00e0 domicile, sans d\u00e9placements ni stress.<\/li>\n<li>Confidentialit\u00e9 et \u00e9coute :un espace s\u00fbr pour exprimer vos \u00e9motions et vos inqui\u00e9tudes.<\/li>\n<li>Outils pratiques : astuces et activit\u00e9s \u00e0 appliquer d\u00e8s le premier jour.<\/li>\n<\/ul>\n<p><strong>Prenez rendez-vous ou contactez-nous en cas de questions.<\/strong><\/p>\n","protected":false},"excerpt":{"rendered":"<p>Nous r\u00e9pondons \u00e0 vos questions concernant la grossesse, l\u2019allaitement et\/ou le post-partum via une consultation en ligne personnalis\u00e9e, sans bouger de chez vous.<\/p>\n<p>Sans d\u00e9placements, en Andorre et partout dans le monde !<\/p>\n<p><strong>Dur\u00e9e :<\/strong> environ 1 heure, avec adaptation linguistique.<\/p>\n","protected":false},"featured_media":5797,"template":"","meta":{"site-sidebar-layout":"default","site-content-layout":"","ast-site-content-layout":"default","site-content-style":"default","site-sidebar-style":"default","ast-global-header-display":"","ast-banner-title-visibility":"","ast-main-header-display":"","ast-hfb-above-header-display":"","ast-hfb-below-header-display":"","ast-hfb-mobile-header-display":"","site-post-title":"","ast-breadcrumbs-content":"","ast-featured-img":"","footer-sml-layout":"","theme-transparent-header-meta":"default","adv-header-id-meta":"","stick-header-meta":"default","header-above-stick-meta":"","header-main-stick-meta":"","header-below-stick-meta":"","astra-migrate-meta-layouts":"set","ast-page-background-enabled":"default","ast-page-background-meta":{"desktop":{"background-color":"","background-image":"","background-repeat":"repeat","background-position":"center center","background-size":"auto","background-attachment":"scroll","background-type":"","background-media":"","overlay-type":"","overlay-color":"","overlay-opacity":"","overlay-gradient":""},"tablet":{"background-color":"","background-image":"","background-repeat":"repeat","background-position":"center center","background-size":"auto","background-attachment":"scroll","background-type":"","background-media":"","overlay-type":"","overlay-color":"","overlay-opacity":"","overlay-gradient":""},"mobile":{"background-color":"","background-image":"","background-repeat":"repeat","background-position":"center center","background-size":"auto","background-attachment":"scroll","background-type":"","background-media":"","overlay-type":"","overlay-color":"","overlay-opacity":"","overlay-gradient":""}},"ast-content-background-meta":{"desktop":{"background-color":"var(--ast-global-color-5)","background-image":"","background-repeat":"repeat","background-position":"center center","background-size":"auto","background-attachment":"scroll","background-type":"","background-media":"","overlay-type":"","overlay-color":"","overlay-opacity":"","overlay-gradient":""},"tablet":{"background-color":"var(--ast-global-color-5)","background-image":"","background-repeat":"repeat","background-position":"center center","background-size":"auto","background-attachment":"scroll","background-type":"","background-media":"","overlay-type":"","overlay-color":"","overlay-opacity":"","overlay-gradient":""},"mobile":{"background-color":"var(--ast-global-color-5)","background-image":"","background-repeat":"repeat","background-position":"center center","background-size":"auto","background-attachment":"scroll","background-type":"","background-media":"","overlay-type":"","overlay-color":"","overlay-opacity":"","overlay-gradient":""}}},"product_brand":[],"product_cat":[128],"product_tag":[129,130,153,188,169,131,194],"giftcard-category":[],"class_list":{"0":"post-4959","1":"product","2":"type-product","3":"status-publish","4":"has-post-thumbnail","6":"product_cat-accompagnement-en-ligne","7":"product_tag-andorra-fr","8":"product_tag-assessorament-fr","9":"product_tag-embaras-fr","10":"product_tag-lactancia-materna-fr","11":"product_tag-llevadora-fr","12":"product_tag-online-fr","13":"product_tag-telematica-fr","14":"desktop-align-left","15":"tablet-align-left","16":"mobile-align-left","17":"ast-product-gallery-layout-horizontal-slider","18":"ast-product-gallery-with-no-image","19":"ast-magnify-disabled","20":"ast-product-tabs-layout-horizontal","22":"first","23":"instock","24":"virtual","25":"purchasable","26":"product-type-simple"},"yoast_head":"<!-- This site is optimized with the Yoast SEO plugin v26.6 - https:\/\/yoast.com\/wordpress\/plugins\/seo\/ -->\n<title>Consultation en ligne - Criand<\/title>\n<meta name=\"robots\" content=\"index, follow, max-snippet:-1, max-image-preview:large, max-video-preview:-1\" \/>\n<link rel=\"canonical\" href=\"https:\/\/criand.ad\/producto\/visita-consulta-online\/\" \/>\n<meta property=\"og:locale\" content=\"fr_FR\" \/>\n<meta property=\"og:type\" content=\"article\" \/>\n<meta property=\"og:title\" content=\"Consultation en ligne - Criand\" \/>\n<meta property=\"og:description\" content=\"Nous r\u00e9pondons \u00e0 vos questions concernant la grossesse, l\u2019allaitement et\/ou le post-partum via une consultation en ligne personnalis\u00e9e, sans bouger de chez vous.  Sans d\u00e9placements, en Andorre et partout dans le monde !  Dur\u00e9e : environ 1 heure, avec adaptation linguistique.\" \/>\n<meta property=\"og:url\" content=\"https:\/\/criand.ad\/producto\/visita-consulta-online\/\" \/>\n<meta property=\"og:site_name\" content=\"Criand\" \/>\n<meta property=\"article:modified_time\" content=\"2025-10-25T17:47:26+00:00\" \/>\n<meta property=\"og:image\" content=\"https:\/\/criand.ad\/wp-content\/uploads\/2025\/05\/IMG-20250724-WA0015.jpg\" \/>\n\t<meta property=\"og:image:width\" content=\"1468\" \/>\n\t<meta property=\"og:image:height\" content=\"2048\" \/>\n\t<meta property=\"og:image:type\" content=\"image\/jpeg\" \/>\n<meta name=\"twitter:card\" content=\"summary_large_image\" \/>\n<meta name=\"twitter:label1\" content=\"Dur\u00e9e de lecture estim\u00e9e\" \/>\n\t<meta name=\"twitter:data1\" content=\"1 minute\" \/>\n<script type=\"application\/ld+json\" class=\"yoast-schema-graph\">{\"@context\":\"https:\/\/schema.org\",\"@graph\":[{\"@type\":\"WebPage\",\"@id\":\"https:\/\/criand.ad\/producto\/visita-consulta-online\/\",\"url\":\"https:\/\/criand.ad\/producto\/visita-consulta-online\/\",\"name\":\"Consultation en ligne - Criand\",\"isPartOf\":{\"@id\":\"https:\/\/criand.ad\/#website\"},\"primaryImageOfPage\":{\"@id\":\"https:\/\/criand.ad\/producto\/visita-consulta-online\/#primaryimage\"},\"image\":{\"@id\":\"https:\/\/criand.ad\/producto\/visita-consulta-online\/#primaryimage\"},\"thumbnailUrl\":\"https:\/\/criand.ad\/wp-content\/uploads\/2025\/05\/IMG-20250724-WA0015.jpg\",\"datePublished\":\"2025-05-31T05:32:59+00:00\",\"dateModified\":\"2025-10-25T17:47:26+00:00\",\"breadcrumb\":{\"@id\":\"https:\/\/criand.ad\/producto\/visita-consulta-online\/#breadcrumb\"},\"inLanguage\":\"fr-FR\",\"potentialAction\":[{\"@type\":\"ReadAction\",\"target\":[\"https:\/\/criand.ad\/producto\/visita-consulta-online\/\"]}]},{\"@type\":\"ImageObject\",\"inLanguage\":\"fr-FR\",\"@id\":\"https:\/\/criand.ad\/producto\/visita-consulta-online\/#primaryimage\",\"url\":\"https:\/\/criand.ad\/wp-content\/uploads\/2025\/05\/IMG-20250724-WA0015.jpg\",\"contentUrl\":\"https:\/\/criand.ad\/wp-content\/uploads\/2025\/05\/IMG-20250724-WA0015.jpg\",\"width\":1468,\"height\":2048},{\"@type\":\"BreadcrumbList\",\"@id\":\"https:\/\/criand.ad\/producto\/visita-consulta-online\/#breadcrumb\",\"itemListElement\":[{\"@type\":\"ListItem\",\"position\":1,\"name\":\"Inici\",\"item\":\"https:\/\/criand.ad\/fr\/\"},{\"@type\":\"ListItem\",\"position\":2,\"name\":\"Productes\",\"item\":\"https:\/\/criand.ad\/shop\/\"},{\"@type\":\"ListItem\",\"position\":3,\"name\":\"Consultation en ligne\"}]},{\"@type\":\"WebSite\",\"@id\":\"https:\/\/criand.ad\/#website\",\"url\":\"https:\/\/criand.ad\/\",\"name\":\"CRIAND\",\"description\":\"Embar\u00e0s, Postpart i Crian\u00e7a\",\"potentialAction\":[{\"@type\":\"SearchAction\",\"target\":{\"@type\":\"EntryPoint\",\"urlTemplate\":\"https:\/\/criand.ad\/?s={search_term_string}\"},\"query-input\":{\"@type\":\"PropertyValueSpecification\",\"valueRequired\":true,\"valueName\":\"search_term_string\"}}],\"inLanguage\":\"fr-FR\"}]}<\/script>\n<!-- \/ Yoast SEO plugin. -->","yoast_head_json":{"title":"Consultation en ligne - Criand","robots":{"index":"index","follow":"follow","max-snippet":"max-snippet:-1","max-image-preview":"max-image-preview:large","max-video-preview":"max-video-preview:-1"},"canonical":"https:\/\/criand.ad\/producto\/visita-consulta-online\/","og_locale":"fr_FR","og_type":"article","og_title":"Consultation en ligne - Criand","og_description":"Nous r\u00e9pondons \u00e0 vos questions concernant la grossesse, l\u2019allaitement et\/ou le post-partum via une consultation en ligne personnalis\u00e9e, sans bouger de chez vous.  Sans d\u00e9placements, en Andorre et partout dans le monde !  Dur\u00e9e : environ 1 heure, avec adaptation linguistique.","og_url":"https:\/\/criand.ad\/producto\/visita-consulta-online\/","og_site_name":"Criand","article_modified_time":"2025-10-25T17:47:26+00:00","og_image":[{"width":1468,"height":2048,"url":"https:\/\/criand.ad\/wp-content\/uploads\/2025\/05\/IMG-20250724-WA0015.jpg","type":"image\/jpeg"}],"twitter_card":"summary_large_image","twitter_misc":{"Dur\u00e9e de lecture estim\u00e9e":"1 minute"},"schema":{"@context":"https:\/\/schema.org","@graph":[{"@type":"WebPage","@id":"https:\/\/criand.ad\/producto\/visita-consulta-online\/","url":"https:\/\/criand.ad\/producto\/visita-consulta-online\/","name":"Consultation en ligne - Criand","isPartOf":{"@id":"https:\/\/criand.ad\/#website"},"primaryImageOfPage":{"@id":"https:\/\/criand.ad\/producto\/visita-consulta-online\/#primaryimage"},"image":{"@id":"https:\/\/criand.ad\/producto\/visita-consulta-online\/#primaryimage"},"thumbnailUrl":"https:\/\/criand.ad\/wp-content\/uploads\/2025\/05\/IMG-20250724-WA0015.jpg","datePublished":"2025-05-31T05:32:59+00:00","dateModified":"2025-10-25T17:47:26+00:00","breadcrumb":{"@id":"https:\/\/criand.ad\/producto\/visita-consulta-online\/#breadcrumb"},"inLanguage":"fr-FR","potentialAction":[{"@type":"ReadAction","target":["https:\/\/criand.ad\/producto\/visita-consulta-online\/"]}]},{"@type":"ImageObject","inLanguage":"fr-FR","@id":"https:\/\/criand.ad\/producto\/visita-consulta-online\/#primaryimage","url":"https:\/\/criand.ad\/wp-content\/uploads\/2025\/05\/IMG-20250724-WA0015.jpg","contentUrl":"https:\/\/criand.ad\/wp-content\/uploads\/2025\/05\/IMG-20250724-WA0015.jpg","width":1468,"height":2048},{"@type":"BreadcrumbList","@id":"https:\/\/criand.ad\/producto\/visita-consulta-online\/#breadcrumb","itemListElement":[{"@type":"ListItem","position":1,"name":"Inici","item":"https:\/\/criand.ad\/fr\/"},{"@type":"ListItem","position":2,"name":"Productes","item":"https:\/\/criand.ad\/shop\/"},{"@type":"ListItem","position":3,"name":"Consultation en ligne"}]},{"@type":"WebSite","@id":"https:\/\/criand.ad\/#website","url":"https:\/\/criand.ad\/","name":"CRIAND","description":"Embar\u00e0s, Postpart i Crian\u00e7a","potentialAction":[{"@type":"SearchAction","target":{"@type":"EntryPoint","urlTemplate":"https:\/\/criand.ad\/?s={search_term_string}"},"query-input":{"@type":"PropertyValueSpecification","valueRequired":true,"valueName":"search_term_string"}}],"inLanguage":"fr-FR"}]}},"_links":{"self":[{"href":"https:\/\/criand.ad\/fr\/wp-json\/wp\/v2\/product\/4959","targetHints":{"allow":["GET"]}}],"collection":[{"href":"https:\/\/criand.ad\/fr\/wp-json\/wp\/v2\/product"}],"about":[{"href":"https:\/\/criand.ad\/fr\/wp-json\/wp\/v2\/types\/product"}],"version-history":[{"count":0,"href":"https:\/\/criand.ad\/fr\/wp-json\/wp\/v2\/product\/4959\/revisions"}],"wp:featuredmedia":[{"embeddable":true,"href":"https:\/\/criand.ad\/fr\/wp-json\/wp\/v2\/media\/5797"}],"wp:attachment":[{"href":"https:\/\/criand.ad\/fr\/wp-json\/wp\/v2\/media?parent=4959"}],"wp:term":[{"taxonomy":"product_brand","embeddable":true,"href":"https:\/\/criand.ad\/fr\/wp-json\/wp\/v2\/product_brand?post=4959"},{"taxonomy":"product_cat","embeddable":true,"href":"https:\/\/criand.ad\/fr\/wp-json\/wp\/v2\/product_cat?post=4959"},{"taxonomy":"product_tag","embeddable":true,"href":"https:\/\/criand.ad\/fr\/wp-json\/wp\/v2\/product_tag?post=4959"},{"taxonomy":"giftcard-category","embeddable":true,"href":"https:\/\/criand.ad\/fr\/wp-json\/wp\/v2\/giftcard-category?post=4959"}],"curies":[{"name":"wp","href":"https:\/\/api.w.org\/{rel}","templated":true}]}}