{"id":4933,"date":"2025-05-31T07:32:59","date_gmt":"2025-05-31T05:32:59","guid":{"rendered":"http:\/\/criand.ad\/producto\/pack-post-part-seguiment-a-domicili-en-el-postpart-mare-i-nado-5-visites\/"},"modified":"2025-09-08T20:31:03","modified_gmt":"2025-09-08T20:31:03","slug":"pack-post-partum-domicile","status":"publish","type":"product","link":"https:\/\/criand.ad\/fr\/producto\/pack-post-partum-domicile\/","title":{"rendered":"Pack Post-partum suivi \u00e0 domicile en post-part m\u00e8re et nourrisson (5 visites)"},"content":{"rendered":"","protected":false},"excerpt":{"rendered":"<p data-start=\"253\" data-end=\"348\"><strong data-start=\"253\" data-end=\"348\">Accompagnement personnalis\u00e9 \u00e0 domicile pour la m\u00e8re et le nourrisson pendant le post-partum<\/strong><\/p>\n<p data-start=\"42\" data-end=\"66\"><strong data-start=\"42\" data-end=\"64\">Ce pack comprend :<\/strong><\/p>\n<ul data-start=\"68\" data-end=\"407\" data-is-last-node=\"\" data-is-only-node=\"\">\n<li data-start=\"68\" data-end=\"138\">\n<p data-start=\"70\" data-end=\"138\">5 visites \u00e0 votre domicile, centr\u00e9es sur le bin\u00f4me m\u00e8re-nourrisson<\/p>\n<\/li>\n<li data-start=\"139\" data-end=\"193\">\n<p data-start=\"141\" data-end=\"193\">Accompagnement et soutien \u00e0 l\u2019allaitement maternel<\/p>\n<\/li>\n<li data-start=\"194\" data-end=\"237\">\n<p data-start=\"196\" data-end=\"237\">Soins de la m\u00e8re pendant la quarantaine<\/p>\n<\/li>\n<li data-start=\"238\" data-end=\"284\">\n<p data-start=\"240\" data-end=\"284\">Soins du nourrisson pendant la quarantaine<\/p>\n<\/li>\n<li data-start=\"285\" data-end=\"325\">\n<p data-start=\"287\" data-end=\"325\">Conseils sur le <strong data-start=\"303\" data-end=\"323\">baby-led weaning<\/strong><\/p>\n<\/li>\n<li data-start=\"326\" data-end=\"353\">\n<p data-start=\"328\" data-end=\"353\">Conseils sur le portage<\/p>\n<\/li>\n<li data-start=\"354\" data-end=\"383\">\n<p data-start=\"356\" data-end=\"383\">Cours de premiers secours<\/p>\n<\/li>\n<li data-start=\"384\" data-end=\"407\" data-is-last-node=\"\">\n<p data-start=\"386\" data-end=\"407\" data-is-last-node=\"\">Et bien plus encore !<\/p>\n<\/li>\n<\/ul>\n<article class=\"text-token-text-primary w-full focus:outline-none scroll-mt-[calc(var(--header-height)+min(200px,max(70px,20svh)))]\" dir=\"auto\" tabindex=\"-1\" data-turn-id=\"request-WEB:6da0a9de-3612-410f-88e1-504687fae880-28\" data-testid=\"conversation-turn-58\" data-scroll-anchor=\"true\" data-turn=\"assistant\">\n<div class=\"text-base my-auto mx-auto pb-10 [--thread-content-margin:--spacing(4)] thread-sm:[--thread-content-margin:--spacing(6)] thread-lg:[--thread-content-margin:--spacing(16)] px-(--thread-content-margin)\">\n<div class=\"[--thread-content-max-width:40rem] thread-sm:[--thread-content-max-width:40rem] thread-lg:[--thread-content-max-width:48rem] mx-auto max-w-(--thread-content-max-width) flex-1 group\/turn-messages focus-visible:outline-hidden relative flex w-full min-w-0 flex-col agent-turn\" tabindex=\"-1\">\n<div class=\"flex max-w-full flex-col grow\">\n<div class=\"min-h-8 text-message relative flex w-full flex-col items-end gap-2 text-start break-words whitespace-normal [.text-message+&amp;]:mt-5\" dir=\"auto\" data-message-author-role=\"assistant\" data-message-id=\"24c1cdd1-94cd-476b-90bc-7fda2269a8ff\" data-message-model-slug=\"gpt-5-mini\">\n<div class=\"flex w-full flex-col gap-1 empty:hidden first:pt-[3px]\">\n<div class=\"markdown prose dark:prose-invert w-full break-words light markdown-new-styling\">\n<p data-start=\"0\" data-end=\"83\" data-is-last-node=\"\" data-is-only-node=\"\"><strong data-start=\"0\" data-end=\"83\" data-is-last-node=\"\" data-is-only-node=\"\">Soutien \u00e0 distance (Telegram ou WhatsApp) pour r\u00e9pondre \u00e0 toutes vos questions.<\/strong><\/p>\n<\/div>\n<\/div>\n<\/div>\n<\/div>\n<\/div>\n<\/div>\n<\/article>\n","protected":false},"featured_media":5728,"template":"","meta":{"site-sidebar-layout":"default","site-content-layout":"","ast-site-content-layout":"default","site-content-style":"default","site-sidebar-style":"default","ast-global-header-display":"","ast-banner-title-visibility":"","ast-main-header-display":"","ast-hfb-above-header-display":"","ast-hfb-below-header-display":"","ast-hfb-mobile-header-display":"","site-post-title":"","ast-breadcrumbs-content":"","ast-featured-img":"","footer-sml-layout":"","theme-transparent-header-meta":"default","adv-header-id-meta":"","stick-header-meta":"default","header-above-stick-meta":"","header-main-stick-meta":"","header-below-stick-meta":"","astra-migrate-meta-layouts":"set","ast-page-background-enabled":"default","ast-page-background-meta":{"desktop":{"background-color":"","background-image":"","background-repeat":"repeat","background-position":"center center","background-size":"auto","background-attachment":"scroll","background-type":"","background-media":"","overlay-type":"","overlay-color":"","overlay-opacity":"","overlay-gradient":""},"tablet":{"background-color":"","background-image":"","background-repeat":"repeat","background-position":"center center","background-size":"auto","background-attachment":"scroll","background-type":"","background-media":"","overlay-type":"","overlay-color":"","overlay-opacity":"","overlay-gradient":""},"mobile":{"background-color":"","background-image":"","background-repeat":"repeat","background-position":"center center","background-size":"auto","background-attachment":"scroll","background-type":"","background-media":"","overlay-type":"","overlay-color":"","overlay-opacity":"","overlay-gradient":""}},"ast-content-background-meta":{"desktop":{"background-color":"var(--ast-global-color-5)","background-image":"","background-repeat":"repeat","background-position":"center center","background-size":"auto","background-attachment":"scroll","background-type":"","background-media":"","overlay-type":"","overlay-color":"","overlay-opacity":"","overlay-gradient":""},"tablet":{"background-color":"var(--ast-global-color-5)","background-image":"","background-repeat":"repeat","background-position":"center center","background-size":"auto","background-attachment":"scroll","background-type":"","background-media":"","overlay-type":"","overlay-color":"","overlay-opacity":"","overlay-gradient":""},"mobile":{"background-color":"var(--ast-global-color-5)","background-image":"","background-repeat":"repeat","background-position":"center center","background-size":"auto","background-attachment":"scroll","background-type":"","background-media":"","overlay-type":"","overlay-color":"","overlay-opacity":"","overlay-gradient":""}}},"product_brand":[],"product_cat":[140,141],"product_tag":[188,142,189],"giftcard-category":[],"class_list":{"0":"post-4933","1":"product","2":"type-product","3":"status-publish","4":"has-post-thumbnail","6":"product_cat-accompagnement-presentiel","7":"product_cat-portpartum","8":"product_tag-lactancia-materna-fr","9":"product_tag-nadons-0-3-mesos-fr","10":"product_tag-post-part-fr","11":"desktop-align-left","12":"tablet-align-left","13":"mobile-align-left","14":"ast-product-gallery-layout-horizontal-slider","15":"ast-product-gallery-with-no-image","16":"ast-magnify-disabled","17":"ast-product-tabs-layout-horizontal","19":"first","20":"instock","21":"downloadable","22":"virtual","23":"purchasable","24":"product-type-simple"},"yoast_head":"<!-- This site is optimized with the Yoast SEO plugin v26.6 - https:\/\/yoast.com\/wordpress\/plugins\/seo\/ -->\n<title>Pack Post-partum suivi \u00e0 domicile en post-part m\u00e8re et nourrisson (5 visites) - Criand<\/title>\n<meta name=\"robots\" content=\"index, follow, max-snippet:-1, max-image-preview:large, max-video-preview:-1\" \/>\n<link rel=\"canonical\" href=\"https:\/\/criand.ad\/producto\/pack-post-part-seguiment-a-domicili-en-el-postpart-mare-i-nado-5-visites\/\" \/>\n<meta property=\"og:locale\" content=\"fr_FR\" \/>\n<meta property=\"og:type\" content=\"article\" \/>\n<meta property=\"og:title\" content=\"Pack Post-partum suivi \u00e0 domicile en post-part m\u00e8re et nourrisson (5 visites) - Criand\" \/>\n<meta property=\"og:description\" content=\"Accompagnement personnalis\u00e9 \u00e0 domicile pour la m\u00e8re et le nourrisson pendant le post-partum Ce pack comprend :     5 visites \u00e0 votre domicile, centr\u00e9es sur le bin\u00f4me m\u00e8re-nourrisson    Accompagnement et soutien \u00e0 l\u2019allaitement maternel    Soins de la m\u00e8re pendant la quarantaine    Soins du nourrisson pendant la quarantaine    Conseils sur le baby-led weaning    Conseils sur le portage    Cours de premiers secours    Et bien plus encore !          Soutien \u00e0 distance (Telegram ou WhatsApp) pour r\u00e9pondre \u00e0 toutes vos questions.\" \/>\n<meta property=\"og:url\" content=\"https:\/\/criand.ad\/producto\/pack-post-part-seguiment-a-domicili-en-el-postpart-mare-i-nado-5-visites\/\" \/>\n<meta property=\"og:site_name\" content=\"Criand\" \/>\n<meta property=\"article:modified_time\" content=\"2025-09-08T20:31:03+00:00\" \/>\n<meta property=\"og:image\" content=\"https:\/\/criand.ad\/wp-content\/uploads\/2025\/10\/B08B5CE7-C944-492B-B477-6BC0A96ED6AB-scaled.jpeg\" \/>\n\t<meta property=\"og:image:width\" content=\"1706\" \/>\n\t<meta property=\"og:image:height\" content=\"2560\" \/>\n\t<meta property=\"og:image:type\" content=\"image\/jpeg\" \/>\n<meta name=\"twitter:card\" content=\"summary_large_image\" \/>\n<script type=\"application\/ld+json\" class=\"yoast-schema-graph\">{\"@context\":\"https:\/\/schema.org\",\"@graph\":[{\"@type\":\"WebPage\",\"@id\":\"https:\/\/criand.ad\/producto\/pack-post-part-seguiment-a-domicili-en-el-postpart-mare-i-nado-5-visites\/\",\"url\":\"https:\/\/criand.ad\/producto\/pack-post-part-seguiment-a-domicili-en-el-postpart-mare-i-nado-5-visites\/\",\"name\":\"Pack Post-partum suivi \u00e0 domicile en post-part m\u00e8re et nourrisson (5 visites) - Criand\",\"isPartOf\":{\"@id\":\"https:\/\/criand.ad\/#website\"},\"primaryImageOfPage\":{\"@id\":\"https:\/\/criand.ad\/producto\/pack-post-part-seguiment-a-domicili-en-el-postpart-mare-i-nado-5-visites\/#primaryimage\"},\"image\":{\"@id\":\"https:\/\/criand.ad\/producto\/pack-post-part-seguiment-a-domicili-en-el-postpart-mare-i-nado-5-visites\/#primaryimage\"},\"thumbnailUrl\":\"https:\/\/criand.ad\/wp-content\/uploads\/2025\/10\/B08B5CE7-C944-492B-B477-6BC0A96ED6AB-scaled.jpeg\",\"datePublished\":\"2025-05-31T05:32:59+00:00\",\"dateModified\":\"2025-09-08T20:31:03+00:00\",\"breadcrumb\":{\"@id\":\"https:\/\/criand.ad\/producto\/pack-post-part-seguiment-a-domicili-en-el-postpart-mare-i-nado-5-visites\/#breadcrumb\"},\"inLanguage\":\"fr-FR\",\"potentialAction\":[{\"@type\":\"ReadAction\",\"target\":[\"https:\/\/criand.ad\/producto\/pack-post-part-seguiment-a-domicili-en-el-postpart-mare-i-nado-5-visites\/\"]}]},{\"@type\":\"ImageObject\",\"inLanguage\":\"fr-FR\",\"@id\":\"https:\/\/criand.ad\/producto\/pack-post-part-seguiment-a-domicili-en-el-postpart-mare-i-nado-5-visites\/#primaryimage\",\"url\":\"https:\/\/criand.ad\/wp-content\/uploads\/2025\/10\/B08B5CE7-C944-492B-B477-6BC0A96ED6AB-scaled.jpeg\",\"contentUrl\":\"https:\/\/criand.ad\/wp-content\/uploads\/2025\/10\/B08B5CE7-C944-492B-B477-6BC0A96ED6AB-scaled.jpeg\",\"width\":1706,\"height\":2560},{\"@type\":\"BreadcrumbList\",\"@id\":\"https:\/\/criand.ad\/producto\/pack-post-part-seguiment-a-domicili-en-el-postpart-mare-i-nado-5-visites\/#breadcrumb\",\"itemListElement\":[{\"@type\":\"ListItem\",\"position\":1,\"name\":\"Inici\",\"item\":\"https:\/\/criand.ad\/fr\/\"},{\"@type\":\"ListItem\",\"position\":2,\"name\":\"Productes\",\"item\":\"https:\/\/criand.ad\/shop\/\"},{\"@type\":\"ListItem\",\"position\":3,\"name\":\"Pack Post-partum suivi \u00e0 domicile en post-part m\u00e8re et nourrisson (5 visites)\"}]},{\"@type\":\"WebSite\",\"@id\":\"https:\/\/criand.ad\/#website\",\"url\":\"https:\/\/criand.ad\/\",\"name\":\"CRIAND\",\"description\":\"Embar\u00e0s, Postpart i Crian\u00e7a\",\"potentialAction\":[{\"@type\":\"SearchAction\",\"target\":{\"@type\":\"EntryPoint\",\"urlTemplate\":\"https:\/\/criand.ad\/?s={search_term_string}\"},\"query-input\":{\"@type\":\"PropertyValueSpecification\",\"valueRequired\":true,\"valueName\":\"search_term_string\"}}],\"inLanguage\":\"fr-FR\"}]}<\/script>\n<!-- \/ Yoast SEO plugin. -->","yoast_head_json":{"title":"Pack Post-partum suivi \u00e0 domicile en post-part m\u00e8re et nourrisson (5 visites) - Criand","robots":{"index":"index","follow":"follow","max-snippet":"max-snippet:-1","max-image-preview":"max-image-preview:large","max-video-preview":"max-video-preview:-1"},"canonical":"https:\/\/criand.ad\/producto\/pack-post-part-seguiment-a-domicili-en-el-postpart-mare-i-nado-5-visites\/","og_locale":"fr_FR","og_type":"article","og_title":"Pack Post-partum suivi \u00e0 domicile en post-part m\u00e8re et nourrisson (5 visites) - Criand","og_description":"Accompagnement personnalis\u00e9 \u00e0 domicile pour la m\u00e8re et le nourrisson pendant le post-partum Ce pack comprend :     5 visites \u00e0 votre domicile, centr\u00e9es sur le bin\u00f4me m\u00e8re-nourrisson    Accompagnement et soutien \u00e0 l\u2019allaitement maternel    Soins de la m\u00e8re pendant la quarantaine    Soins du nourrisson pendant la quarantaine    Conseils sur le baby-led weaning    Conseils sur le portage    Cours de premiers secours    Et bien plus encore !          Soutien \u00e0 distance (Telegram ou WhatsApp) pour r\u00e9pondre \u00e0 toutes vos questions.","og_url":"https:\/\/criand.ad\/producto\/pack-post-part-seguiment-a-domicili-en-el-postpart-mare-i-nado-5-visites\/","og_site_name":"Criand","article_modified_time":"2025-09-08T20:31:03+00:00","og_image":[{"width":1706,"height":2560,"url":"https:\/\/criand.ad\/wp-content\/uploads\/2025\/10\/B08B5CE7-C944-492B-B477-6BC0A96ED6AB-scaled.jpeg","type":"image\/jpeg"}],"twitter_card":"summary_large_image","schema":{"@context":"https:\/\/schema.org","@graph":[{"@type":"WebPage","@id":"https:\/\/criand.ad\/producto\/pack-post-part-seguiment-a-domicili-en-el-postpart-mare-i-nado-5-visites\/","url":"https:\/\/criand.ad\/producto\/pack-post-part-seguiment-a-domicili-en-el-postpart-mare-i-nado-5-visites\/","name":"Pack Post-partum suivi \u00e0 domicile en post-part m\u00e8re et nourrisson (5 visites) - Criand","isPartOf":{"@id":"https:\/\/criand.ad\/#website"},"primaryImageOfPage":{"@id":"https:\/\/criand.ad\/producto\/pack-post-part-seguiment-a-domicili-en-el-postpart-mare-i-nado-5-visites\/#primaryimage"},"image":{"@id":"https:\/\/criand.ad\/producto\/pack-post-part-seguiment-a-domicili-en-el-postpart-mare-i-nado-5-visites\/#primaryimage"},"thumbnailUrl":"https:\/\/criand.ad\/wp-content\/uploads\/2025\/10\/B08B5CE7-C944-492B-B477-6BC0A96ED6AB-scaled.jpeg","datePublished":"2025-05-31T05:32:59+00:00","dateModified":"2025-09-08T20:31:03+00:00","breadcrumb":{"@id":"https:\/\/criand.ad\/producto\/pack-post-part-seguiment-a-domicili-en-el-postpart-mare-i-nado-5-visites\/#breadcrumb"},"inLanguage":"fr-FR","potentialAction":[{"@type":"ReadAction","target":["https:\/\/criand.ad\/producto\/pack-post-part-seguiment-a-domicili-en-el-postpart-mare-i-nado-5-visites\/"]}]},{"@type":"ImageObject","inLanguage":"fr-FR","@id":"https:\/\/criand.ad\/producto\/pack-post-part-seguiment-a-domicili-en-el-postpart-mare-i-nado-5-visites\/#primaryimage","url":"https:\/\/criand.ad\/wp-content\/uploads\/2025\/10\/B08B5CE7-C944-492B-B477-6BC0A96ED6AB-scaled.jpeg","contentUrl":"https:\/\/criand.ad\/wp-content\/uploads\/2025\/10\/B08B5CE7-C944-492B-B477-6BC0A96ED6AB-scaled.jpeg","width":1706,"height":2560},{"@type":"BreadcrumbList","@id":"https:\/\/criand.ad\/producto\/pack-post-part-seguiment-a-domicili-en-el-postpart-mare-i-nado-5-visites\/#breadcrumb","itemListElement":[{"@type":"ListItem","position":1,"name":"Inici","item":"https:\/\/criand.ad\/fr\/"},{"@type":"ListItem","position":2,"name":"Productes","item":"https:\/\/criand.ad\/shop\/"},{"@type":"ListItem","position":3,"name":"Pack Post-partum suivi \u00e0 domicile en post-part m\u00e8re et nourrisson (5 visites)"}]},{"@type":"WebSite","@id":"https:\/\/criand.ad\/#website","url":"https:\/\/criand.ad\/","name":"CRIAND","description":"Embar\u00e0s, Postpart i Crian\u00e7a","potentialAction":[{"@type":"SearchAction","target":{"@type":"EntryPoint","urlTemplate":"https:\/\/criand.ad\/?s={search_term_string}"},"query-input":{"@type":"PropertyValueSpecification","valueRequired":true,"valueName":"search_term_string"}}],"inLanguage":"fr-FR"}]}},"_links":{"self":[{"href":"https:\/\/criand.ad\/fr\/wp-json\/wp\/v2\/product\/4933","targetHints":{"allow":["GET"]}}],"collection":[{"href":"https:\/\/criand.ad\/fr\/wp-json\/wp\/v2\/product"}],"about":[{"href":"https:\/\/criand.ad\/fr\/wp-json\/wp\/v2\/types\/product"}],"version-history":[{"count":0,"href":"https:\/\/criand.ad\/fr\/wp-json\/wp\/v2\/product\/4933\/revisions"}],"wp:featuredmedia":[{"embeddable":true,"href":"https:\/\/criand.ad\/fr\/wp-json\/wp\/v2\/media\/5728"}],"wp:attachment":[{"href":"https:\/\/criand.ad\/fr\/wp-json\/wp\/v2\/media?parent=4933"}],"wp:term":[{"taxonomy":"product_brand","embeddable":true,"href":"https:\/\/criand.ad\/fr\/wp-json\/wp\/v2\/product_brand?post=4933"},{"taxonomy":"product_cat","embeddable":true,"href":"https:\/\/criand.ad\/fr\/wp-json\/wp\/v2\/product_cat?post=4933"},{"taxonomy":"product_tag","embeddable":true,"href":"https:\/\/criand.ad\/fr\/wp-json\/wp\/v2\/product_tag?post=4933"},{"taxonomy":"giftcard-category","embeddable":true,"href":"https:\/\/criand.ad\/fr\/wp-json\/wp\/v2\/giftcard-category?post=4933"}],"curies":[{"name":"wp","href":"https:\/\/api.w.org\/{rel}","templated":true}]}}