{"id":4909,"date":"2025-05-31T07:32:33","date_gmt":"2025-05-31T05:32:33","guid":{"rendered":"http:\/\/criand.ad\/producto\/assessorament-individual-de-postpart-lactancia-i-o-preparacio-al-part-a-domicili\/"},"modified":"2025-10-25T19:58:17","modified_gmt":"2025-10-25T17:58:17","slug":"accompagnement-individuel-post-partum","status":"publish","type":"product","link":"https:\/\/criand.ad\/fr\/producto\/accompagnement-individuel-post-partum\/","title":{"rendered":"Accompagnement individuel post-partum, allaitement et\/ou pr\u00e9paration \u00e0 l\u2019accouchement \u00e0 domicile"},"content":{"rendered":"<p>Pendant le post-partum, de nombreuses questions se posent concernant le bien-\u00eatre et les <strong>soins du b\u00e9b\u00e9, les soins de la maman, l\u2019allaitement<\/strong>\u2026 et, \u00e0 mesure que le b\u00e9b\u00e9 grandit, sur le <strong>baby led weaning<\/strong> ou le<strong> sommeil infantile<\/strong>!<\/p>\n<p>Lors de cette consultation \u00e0 domicile, nous \u00e9valuerons et r\u00e9pondrons \u00e0 vos besoins de mani\u00e8re exclusive et personnalis\u00e9e :<\/p>\n<ul>\n<li>Attention personnalis\u00e9e : diagnostic et solutions adapt\u00e9es \u00e0 votre famille.<\/li>\n<li>Confort : \u00e0 domicile, sans d\u00e9placements ni stress.<\/li>\n<li>Confidentialit\u00e9 et \u00e9coute :un espace s\u00fbr pour exprimer vos \u00e9motions et vos inqui\u00e9tudes.<\/li>\n<li>Outils pratiques : astuces et activit\u00e9s \u00e0 appliquer d\u00e8s le premier jour.<\/li>\n<\/ul>\n<p><strong>Prenez rendez-vous ou contactez-nous en cas de questions.<\/strong><\/p>\n","protected":false},"excerpt":{"rendered":"<p data-start=\"146\" data-end=\"171\">Bienvenue!<\/p>\n<p data-start=\"173\" data-end=\"276\">De nombreuses questions peuvent survenir concernant les soins du b\u00e9b\u00e9, le bain, les soins de la m\u00e8re\u2026<\/p>\n<p data-start=\"278\" data-end=\"357\">Lors de cette visite, nous vous guiderons sur tout ce dont vous avez besoin !<\/p>\n<p data-start=\"359\" data-end=\"375\" data-is-last-node=\"\" data-is-only-node=\"\"><strong data-start=\"359\" data-end=\"375\" data-is-last-node=\"\">Dur\u00e9e : 1h30<\/strong><\/p>\n","protected":false},"featured_media":4934,"template":"","meta":{"site-sidebar-layout":"default","site-content-layout":"","ast-site-content-layout":"default","site-content-style":"default","site-sidebar-style":"default","ast-global-header-display":"","ast-banner-title-visibility":"","ast-main-header-display":"","ast-hfb-above-header-display":"","ast-hfb-below-header-display":"","ast-hfb-mobile-header-display":"","site-post-title":"","ast-breadcrumbs-content":"","ast-featured-img":"","footer-sml-layout":"","theme-transparent-header-meta":"default","adv-header-id-meta":"","stick-header-meta":"default","header-above-stick-meta":"","header-main-stick-meta":"","header-below-stick-meta":"","astra-migrate-meta-layouts":"set","ast-page-background-enabled":"default","ast-page-background-meta":{"desktop":{"background-color":"","background-image":"","background-repeat":"repeat","background-position":"center center","background-size":"auto","background-attachment":"scroll","background-type":"","background-media":"","overlay-type":"","overlay-color":"","overlay-opacity":"","overlay-gradient":""},"tablet":{"background-color":"","background-image":"","background-repeat":"repeat","background-position":"center center","background-size":"auto","background-attachment":"scroll","background-type":"","background-media":"","overlay-type":"","overlay-color":"","overlay-opacity":"","overlay-gradient":""},"mobile":{"background-color":"","background-image":"","background-repeat":"repeat","background-position":"center center","background-size":"auto","background-attachment":"scroll","background-type":"","background-media":"","overlay-type":"","overlay-color":"","overlay-opacity":"","overlay-gradient":""}},"ast-content-background-meta":{"desktop":{"background-color":"var(--ast-global-color-5)","background-image":"","background-repeat":"repeat","background-position":"center center","background-size":"auto","background-attachment":"scroll","background-type":"","background-media":"","overlay-type":"","overlay-color":"","overlay-opacity":"","overlay-gradient":""},"tablet":{"background-color":"var(--ast-global-color-5)","background-image":"","background-repeat":"repeat","background-position":"center center","background-size":"auto","background-attachment":"scroll","background-type":"","background-media":"","overlay-type":"","overlay-color":"","overlay-opacity":"","overlay-gradient":""},"mobile":{"background-color":"var(--ast-global-color-5)","background-image":"","background-repeat":"repeat","background-position":"center center","background-size":"auto","background-attachment":"scroll","background-type":"","background-media":"","overlay-type":"","overlay-color":"","overlay-opacity":"","overlay-gradient":""}}},"product_brand":[],"product_cat":[140,182,141],"product_tag":[],"giftcard-category":[],"class_list":{"0":"post-4909","1":"product","2":"type-product","3":"status-publish","4":"has-post-thumbnail","6":"product_cat-accompagnement-presentiel","7":"product_cat-allaitement","8":"product_cat-portpartum","9":"desktop-align-left","10":"tablet-align-left","11":"mobile-align-left","12":"ast-product-gallery-layout-horizontal-slider","13":"ast-product-gallery-with-no-image","14":"ast-magnify-disabled","15":"ast-product-tabs-layout-horizontal","17":"first","18":"instock","19":"virtual","20":"purchasable","21":"product-type-simple"},"yoast_head":"<!-- This site is optimized with the Yoast SEO plugin v26.6 - https:\/\/yoast.com\/wordpress\/plugins\/seo\/ -->\n<title>Accompagnement individuel post-partum, allaitement et\/ou pr\u00e9paration \u00e0 l\u2019accouchement \u00e0 domicile - Criand<\/title>\n<meta name=\"description\" content=\"De nombreuses questions peuvent survenir concernant les soins du b\u00e9b\u00e9, le bain, les soins de la m\u00e8re.\" \/>\n<meta name=\"robots\" content=\"index, follow, max-snippet:-1, max-image-preview:large, max-video-preview:-1\" \/>\n<link rel=\"canonical\" href=\"https:\/\/criand.ad\/producto\/assessorament-individual-postpart-lactancia-o-preparacio-part-domicili\/\" \/>\n<meta property=\"og:locale\" content=\"fr_FR\" \/>\n<meta property=\"og:type\" content=\"article\" \/>\n<meta property=\"og:title\" content=\"Accompagnement individuel post-partum, allaitement et\/ou pr\u00e9paration \u00e0 l\u2019accouchement \u00e0 domicile - Criand\" \/>\n<meta property=\"og:description\" content=\"De nombreuses questions peuvent survenir concernant les soins du b\u00e9b\u00e9, le bain, les soins de la m\u00e8re.\" \/>\n<meta property=\"og:url\" content=\"https:\/\/criand.ad\/producto\/assessorament-individual-postpart-lactancia-o-preparacio-part-domicili\/\" \/>\n<meta property=\"og:site_name\" content=\"Criand\" \/>\n<meta property=\"article:modified_time\" content=\"2025-10-25T17:58:17+00:00\" \/>\n<meta property=\"og:image\" content=\"https:\/\/criand.ad\/wp-content\/uploads\/2025\/05\/asesorar-lactanvcia.jpeg\" \/>\n\t<meta property=\"og:image:width\" content=\"800\" \/>\n\t<meta property=\"og:image:height\" content=\"533\" \/>\n\t<meta property=\"og:image:type\" content=\"image\/jpeg\" \/>\n<meta name=\"twitter:card\" content=\"summary_large_image\" \/>\n<meta name=\"twitter:label1\" content=\"Dur\u00e9e de lecture estim\u00e9e\" \/>\n\t<meta name=\"twitter:data1\" content=\"1 minute\" \/>\n<script type=\"application\/ld+json\" class=\"yoast-schema-graph\">{\"@context\":\"https:\/\/schema.org\",\"@graph\":[{\"@type\":\"WebPage\",\"@id\":\"https:\/\/criand.ad\/producto\/assessorament-individual-postpart-lactancia-o-preparacio-part-domicili\/\",\"url\":\"https:\/\/criand.ad\/producto\/assessorament-individual-postpart-lactancia-o-preparacio-part-domicili\/\",\"name\":\"Accompagnement individuel post-partum, allaitement et\/ou pr\u00e9paration \u00e0 l\u2019accouchement \u00e0 domicile - Criand\",\"isPartOf\":{\"@id\":\"https:\/\/criand.ad\/#website\"},\"primaryImageOfPage\":{\"@id\":\"https:\/\/criand.ad\/producto\/assessorament-individual-postpart-lactancia-o-preparacio-part-domicili\/#primaryimage\"},\"image\":{\"@id\":\"https:\/\/criand.ad\/producto\/assessorament-individual-postpart-lactancia-o-preparacio-part-domicili\/#primaryimage\"},\"thumbnailUrl\":\"https:\/\/criand.ad\/wp-content\/uploads\/2025\/05\/asesorar-lactanvcia.jpeg\",\"datePublished\":\"2025-05-31T05:32:33+00:00\",\"dateModified\":\"2025-10-25T17:58:17+00:00\",\"description\":\"De nombreuses questions peuvent survenir concernant les soins du b\u00e9b\u00e9, le bain, les soins de la m\u00e8re.\",\"breadcrumb\":{\"@id\":\"https:\/\/criand.ad\/producto\/assessorament-individual-postpart-lactancia-o-preparacio-part-domicili\/#breadcrumb\"},\"inLanguage\":\"fr-FR\",\"potentialAction\":[{\"@type\":\"ReadAction\",\"target\":[\"https:\/\/criand.ad\/producto\/assessorament-individual-postpart-lactancia-o-preparacio-part-domicili\/\"]}]},{\"@type\":\"ImageObject\",\"inLanguage\":\"fr-FR\",\"@id\":\"https:\/\/criand.ad\/producto\/assessorament-individual-postpart-lactancia-o-preparacio-part-domicili\/#primaryimage\",\"url\":\"https:\/\/criand.ad\/wp-content\/uploads\/2025\/05\/asesorar-lactanvcia.jpeg\",\"contentUrl\":\"https:\/\/criand.ad\/wp-content\/uploads\/2025\/05\/asesorar-lactanvcia.jpeg\",\"width\":800,\"height\":533},{\"@type\":\"BreadcrumbList\",\"@id\":\"https:\/\/criand.ad\/producto\/assessorament-individual-postpart-lactancia-o-preparacio-part-domicili\/#breadcrumb\",\"itemListElement\":[{\"@type\":\"ListItem\",\"position\":1,\"name\":\"Inici\",\"item\":\"https:\/\/criand.ad\/fr\/\"},{\"@type\":\"ListItem\",\"position\":2,\"name\":\"Productes\",\"item\":\"https:\/\/criand.ad\/shop\/\"},{\"@type\":\"ListItem\",\"position\":3,\"name\":\"Accompagnement individuel post-partum, allaitement et\/ou pr\u00e9paration \u00e0 l\u2019accouchement \u00e0 domicile\"}]},{\"@type\":\"WebSite\",\"@id\":\"https:\/\/criand.ad\/#website\",\"url\":\"https:\/\/criand.ad\/\",\"name\":\"CRIAND\",\"description\":\"Embar\u00e0s, Postpart i Crian\u00e7a\",\"potentialAction\":[{\"@type\":\"SearchAction\",\"target\":{\"@type\":\"EntryPoint\",\"urlTemplate\":\"https:\/\/criand.ad\/?s={search_term_string}\"},\"query-input\":{\"@type\":\"PropertyValueSpecification\",\"valueRequired\":true,\"valueName\":\"search_term_string\"}}],\"inLanguage\":\"fr-FR\"}]}<\/script>\n<!-- \/ Yoast SEO plugin. -->","yoast_head_json":{"title":"Accompagnement individuel post-partum, allaitement et\/ou pr\u00e9paration \u00e0 l\u2019accouchement \u00e0 domicile - Criand","description":"De nombreuses questions peuvent survenir concernant les soins du b\u00e9b\u00e9, le bain, les soins de la m\u00e8re.","robots":{"index":"index","follow":"follow","max-snippet":"max-snippet:-1","max-image-preview":"max-image-preview:large","max-video-preview":"max-video-preview:-1"},"canonical":"https:\/\/criand.ad\/producto\/assessorament-individual-postpart-lactancia-o-preparacio-part-domicili\/","og_locale":"fr_FR","og_type":"article","og_title":"Accompagnement individuel post-partum, allaitement et\/ou pr\u00e9paration \u00e0 l\u2019accouchement \u00e0 domicile - Criand","og_description":"De nombreuses questions peuvent survenir concernant les soins du b\u00e9b\u00e9, le bain, les soins de la m\u00e8re.","og_url":"https:\/\/criand.ad\/producto\/assessorament-individual-postpart-lactancia-o-preparacio-part-domicili\/","og_site_name":"Criand","article_modified_time":"2025-10-25T17:58:17+00:00","og_image":[{"width":800,"height":533,"url":"https:\/\/criand.ad\/wp-content\/uploads\/2025\/05\/asesorar-lactanvcia.jpeg","type":"image\/jpeg"}],"twitter_card":"summary_large_image","twitter_misc":{"Dur\u00e9e de lecture estim\u00e9e":"1 minute"},"schema":{"@context":"https:\/\/schema.org","@graph":[{"@type":"WebPage","@id":"https:\/\/criand.ad\/producto\/assessorament-individual-postpart-lactancia-o-preparacio-part-domicili\/","url":"https:\/\/criand.ad\/producto\/assessorament-individual-postpart-lactancia-o-preparacio-part-domicili\/","name":"Accompagnement individuel post-partum, allaitement et\/ou pr\u00e9paration \u00e0 l\u2019accouchement \u00e0 domicile - Criand","isPartOf":{"@id":"https:\/\/criand.ad\/#website"},"primaryImageOfPage":{"@id":"https:\/\/criand.ad\/producto\/assessorament-individual-postpart-lactancia-o-preparacio-part-domicili\/#primaryimage"},"image":{"@id":"https:\/\/criand.ad\/producto\/assessorament-individual-postpart-lactancia-o-preparacio-part-domicili\/#primaryimage"},"thumbnailUrl":"https:\/\/criand.ad\/wp-content\/uploads\/2025\/05\/asesorar-lactanvcia.jpeg","datePublished":"2025-05-31T05:32:33+00:00","dateModified":"2025-10-25T17:58:17+00:00","description":"De nombreuses questions peuvent survenir concernant les soins du b\u00e9b\u00e9, le bain, les soins de la m\u00e8re.","breadcrumb":{"@id":"https:\/\/criand.ad\/producto\/assessorament-individual-postpart-lactancia-o-preparacio-part-domicili\/#breadcrumb"},"inLanguage":"fr-FR","potentialAction":[{"@type":"ReadAction","target":["https:\/\/criand.ad\/producto\/assessorament-individual-postpart-lactancia-o-preparacio-part-domicili\/"]}]},{"@type":"ImageObject","inLanguage":"fr-FR","@id":"https:\/\/criand.ad\/producto\/assessorament-individual-postpart-lactancia-o-preparacio-part-domicili\/#primaryimage","url":"https:\/\/criand.ad\/wp-content\/uploads\/2025\/05\/asesorar-lactanvcia.jpeg","contentUrl":"https:\/\/criand.ad\/wp-content\/uploads\/2025\/05\/asesorar-lactanvcia.jpeg","width":800,"height":533},{"@type":"BreadcrumbList","@id":"https:\/\/criand.ad\/producto\/assessorament-individual-postpart-lactancia-o-preparacio-part-domicili\/#breadcrumb","itemListElement":[{"@type":"ListItem","position":1,"name":"Inici","item":"https:\/\/criand.ad\/fr\/"},{"@type":"ListItem","position":2,"name":"Productes","item":"https:\/\/criand.ad\/shop\/"},{"@type":"ListItem","position":3,"name":"Accompagnement individuel post-partum, allaitement et\/ou pr\u00e9paration \u00e0 l\u2019accouchement \u00e0 domicile"}]},{"@type":"WebSite","@id":"https:\/\/criand.ad\/#website","url":"https:\/\/criand.ad\/","name":"CRIAND","description":"Embar\u00e0s, Postpart i Crian\u00e7a","potentialAction":[{"@type":"SearchAction","target":{"@type":"EntryPoint","urlTemplate":"https:\/\/criand.ad\/?s={search_term_string}"},"query-input":{"@type":"PropertyValueSpecification","valueRequired":true,"valueName":"search_term_string"}}],"inLanguage":"fr-FR"}]}},"_links":{"self":[{"href":"https:\/\/criand.ad\/fr\/wp-json\/wp\/v2\/product\/4909","targetHints":{"allow":["GET"]}}],"collection":[{"href":"https:\/\/criand.ad\/fr\/wp-json\/wp\/v2\/product"}],"about":[{"href":"https:\/\/criand.ad\/fr\/wp-json\/wp\/v2\/types\/product"}],"version-history":[{"count":0,"href":"https:\/\/criand.ad\/fr\/wp-json\/wp\/v2\/product\/4909\/revisions"}],"wp:featuredmedia":[{"embeddable":true,"href":"https:\/\/criand.ad\/fr\/wp-json\/wp\/v2\/media\/4934"}],"wp:attachment":[{"href":"https:\/\/criand.ad\/fr\/wp-json\/wp\/v2\/media?parent=4909"}],"wp:term":[{"taxonomy":"product_brand","embeddable":true,"href":"https:\/\/criand.ad\/fr\/wp-json\/wp\/v2\/product_brand?post=4909"},{"taxonomy":"product_cat","embeddable":true,"href":"https:\/\/criand.ad\/fr\/wp-json\/wp\/v2\/product_cat?post=4909"},{"taxonomy":"product_tag","embeddable":true,"href":"https:\/\/criand.ad\/fr\/wp-json\/wp\/v2\/product_tag?post=4909"},{"taxonomy":"giftcard-category","embeddable":true,"href":"https:\/\/criand.ad\/fr\/wp-json\/wp\/v2\/giftcard-category?post=4909"}],"curies":[{"name":"wp","href":"https:\/\/api.w.org\/{rel}","templated":true}]}}