{"id":4875,"date":"2025-05-31T07:33:54","date_gmt":"2025-05-31T05:33:54","guid":{"rendered":"http:\/\/criand.ad\/producto\/ebook-criand-guia-de-lembaras\/"},"modified":"2025-09-08T19:59:26","modified_gmt":"2025-09-08T19:59:26","slug":"ebook-guide-grossesse","status":"publish","type":"product","link":"https:\/\/criand.ad\/fr\/producto\/ebook-guide-grossesse\/","title":{"rendered":"Ebook CRIAND &#8211; Guide de la grossesse"},"content":{"rendered":"<p data-start=\"42\" data-end=\"196\">L\u2019\u00e9quipe de Criand a cr\u00e9\u00e9 ce guide avec les informations et conseils les plus pertinents pour vivre la grossesse de mani\u00e8re saine, active et consciente.<\/p>\n<p data-start=\"198\" data-end=\"323\" data-is-last-node=\"\" data-is-only-node=\"\">Alimentation, activit\u00e9 physique, \u00e9motions, massage p\u00e9rin\u00e9al\u2026 vous trouverez tout cela et bien plus encore dans notre e-book !<\/p>\n","protected":false},"excerpt":{"rendered":"<p>L\u2019\u00e9quipe de Criand a cr\u00e9\u00e9 ce guide avec les informations et conseils les plus pertinents pour vivre la grossesse de mani\u00e8re saine, active et consciente. Alimentation, activit\u00e9 physique, \u00e9motions, massage p\u00e9rin\u00e9al\u2026 vous trouverez tout cela et bien plus encore dans notre e-book !<\/p>\n","protected":false},"featured_media":4876,"template":"","meta":{"site-sidebar-layout":"default","site-content-layout":"","ast-site-content-layout":"default","site-content-style":"default","site-sidebar-style":"default","ast-global-header-display":"","ast-banner-title-visibility":"","ast-main-header-display":"","ast-hfb-above-header-display":"","ast-hfb-below-header-display":"","ast-hfb-mobile-header-display":"","site-post-title":"","ast-breadcrumbs-content":"","ast-featured-img":"","footer-sml-layout":"","theme-transparent-header-meta":"default","adv-header-id-meta":"","stick-header-meta":"default","header-above-stick-meta":"","header-main-stick-meta":"","header-below-stick-meta":"","astra-migrate-meta-layouts":"set","ast-page-background-enabled":"default","ast-page-background-meta":{"desktop":{"background-color":"","background-image":"","background-repeat":"repeat","background-position":"center center","background-size":"auto","background-attachment":"scroll","background-type":"","background-media":"","overlay-type":"","overlay-color":"","overlay-opacity":"","overlay-gradient":""},"tablet":{"background-color":"","background-image":"","background-repeat":"repeat","background-position":"center center","background-size":"auto","background-attachment":"scroll","background-type":"","background-media":"","overlay-type":"","overlay-color":"","overlay-opacity":"","overlay-gradient":""},"mobile":{"background-color":"","background-image":"","background-repeat":"repeat","background-position":"center center","background-size":"auto","background-attachment":"scroll","background-type":"","background-media":"","overlay-type":"","overlay-color":"","overlay-opacity":"","overlay-gradient":""}},"ast-content-background-meta":{"desktop":{"background-color":"var(--ast-global-color-5)","background-image":"","background-repeat":"repeat","background-position":"center center","background-size":"auto","background-attachment":"scroll","background-type":"","background-media":"","overlay-type":"","overlay-color":"","overlay-opacity":"","overlay-gradient":""},"tablet":{"background-color":"var(--ast-global-color-5)","background-image":"","background-repeat":"repeat","background-position":"center center","background-size":"auto","background-attachment":"scroll","background-type":"","background-media":"","overlay-type":"","overlay-color":"","overlay-opacity":"","overlay-gradient":""},"mobile":{"background-color":"var(--ast-global-color-5)","background-image":"","background-repeat":"repeat","background-position":"center center","background-size":"auto","background-attachment":"scroll","background-type":"","background-media":"","overlay-type":"","overlay-color":"","overlay-opacity":"","overlay-gradient":""}}},"product_brand":[],"product_cat":[128,172],"product_tag":[173,129,174,153,175,176],"giftcard-category":[],"class_list":{"0":"post-4875","1":"product","2":"type-product","3":"status-publish","4":"has-post-thumbnail","6":"product_cat-accompagnement-en-ligne","7":"product_cat-ebook-fr","8":"product_tag-alimentacio-fr","9":"product_tag-andorra-fr","10":"product_tag-ebook-fr","11":"product_tag-embaras-fr","12":"product_tag-guia-fr","13":"product_tag-salut-fr","14":"desktop-align-left","15":"tablet-align-left","16":"mobile-align-left","17":"ast-product-gallery-layout-horizontal-slider","18":"ast-product-gallery-with-no-image","19":"ast-magnify-disabled","20":"ast-product-tabs-layout-horizontal","22":"first","23":"instock","24":"downloadable","25":"virtual","26":"purchasable","27":"product-type-simple"},"yoast_head":"<!-- This site is optimized with the Yoast SEO plugin v26.6 - https:\/\/yoast.com\/wordpress\/plugins\/seo\/ -->\n<title>Ebook CRIAND - Guide de la grossesse - Criand<\/title>\n<meta name=\"robots\" content=\"index, follow, max-snippet:-1, max-image-preview:large, max-video-preview:-1\" \/>\n<link rel=\"canonical\" href=\"https:\/\/criand.ad\/producto\/ebook-criand-guia-de-lembaras\/\" \/>\n<meta property=\"og:locale\" content=\"fr_FR\" \/>\n<meta property=\"og:type\" content=\"article\" \/>\n<meta property=\"og:title\" content=\"Ebook CRIAND - Guide de la grossesse - Criand\" \/>\n<meta property=\"og:description\" content=\"L\u2019\u00e9quipe de Criand a cr\u00e9\u00e9 ce guide avec les informations et conseils les plus pertinents pour vivre la grossesse de mani\u00e8re saine, active et consciente. Alimentation, activit\u00e9 physique, \u00e9motions, massage p\u00e9rin\u00e9al\u2026 vous trouverez tout cela et bien plus encore dans notre e-book !\" \/>\n<meta property=\"og:url\" content=\"https:\/\/criand.ad\/producto\/ebook-criand-guia-de-lembaras\/\" \/>\n<meta property=\"og:site_name\" content=\"Criand\" \/>\n<meta property=\"article:modified_time\" content=\"2025-09-08T19:59:26+00:00\" \/>\n<meta property=\"og:image\" content=\"https:\/\/criand.ad\/wp-content\/uploads\/2025\/05\/ebook-embaras-724x1024.png\" \/>\n\t<meta property=\"og:image:width\" content=\"724\" \/>\n\t<meta property=\"og:image:height\" content=\"1024\" \/>\n\t<meta property=\"og:image:type\" content=\"image\/png\" \/>\n<meta name=\"twitter:card\" content=\"summary_large_image\" \/>\n<script type=\"application\/ld+json\" class=\"yoast-schema-graph\">{\"@context\":\"https:\/\/schema.org\",\"@graph\":[{\"@type\":\"WebPage\",\"@id\":\"https:\/\/criand.ad\/producto\/ebook-criand-guia-de-lembaras\/\",\"url\":\"https:\/\/criand.ad\/producto\/ebook-criand-guia-de-lembaras\/\",\"name\":\"Ebook CRIAND - Guide de la grossesse - Criand\",\"isPartOf\":{\"@id\":\"https:\/\/criand.ad\/#website\"},\"primaryImageOfPage\":{\"@id\":\"https:\/\/criand.ad\/producto\/ebook-criand-guia-de-lembaras\/#primaryimage\"},\"image\":{\"@id\":\"https:\/\/criand.ad\/producto\/ebook-criand-guia-de-lembaras\/#primaryimage\"},\"thumbnailUrl\":\"https:\/\/criand.ad\/wp-content\/uploads\/2025\/05\/ebook-embaras.png\",\"datePublished\":\"2025-05-31T05:33:54+00:00\",\"dateModified\":\"2025-09-08T19:59:26+00:00\",\"breadcrumb\":{\"@id\":\"https:\/\/criand.ad\/producto\/ebook-criand-guia-de-lembaras\/#breadcrumb\"},\"inLanguage\":\"fr-FR\",\"potentialAction\":[{\"@type\":\"ReadAction\",\"target\":[\"https:\/\/criand.ad\/producto\/ebook-criand-guia-de-lembaras\/\"]}]},{\"@type\":\"ImageObject\",\"inLanguage\":\"fr-FR\",\"@id\":\"https:\/\/criand.ad\/producto\/ebook-criand-guia-de-lembaras\/#primaryimage\",\"url\":\"https:\/\/criand.ad\/wp-content\/uploads\/2025\/05\/ebook-embaras.png\",\"contentUrl\":\"https:\/\/criand.ad\/wp-content\/uploads\/2025\/05\/ebook-embaras.png\",\"width\":1414,\"height\":2000},{\"@type\":\"BreadcrumbList\",\"@id\":\"https:\/\/criand.ad\/producto\/ebook-criand-guia-de-lembaras\/#breadcrumb\",\"itemListElement\":[{\"@type\":\"ListItem\",\"position\":1,\"name\":\"Inici\",\"item\":\"https:\/\/criand.ad\/fr\/\"},{\"@type\":\"ListItem\",\"position\":2,\"name\":\"Productes\",\"item\":\"https:\/\/criand.ad\/shop\/\"},{\"@type\":\"ListItem\",\"position\":3,\"name\":\"Ebook CRIAND &#8211; Guide de la grossesse\"}]},{\"@type\":\"WebSite\",\"@id\":\"https:\/\/criand.ad\/#website\",\"url\":\"https:\/\/criand.ad\/\",\"name\":\"CRIAND\",\"description\":\"Embar\u00e0s, Postpart i Crian\u00e7a\",\"potentialAction\":[{\"@type\":\"SearchAction\",\"target\":{\"@type\":\"EntryPoint\",\"urlTemplate\":\"https:\/\/criand.ad\/?s={search_term_string}\"},\"query-input\":{\"@type\":\"PropertyValueSpecification\",\"valueRequired\":true,\"valueName\":\"search_term_string\"}}],\"inLanguage\":\"fr-FR\"}]}<\/script>\n<!-- \/ Yoast SEO plugin. -->","yoast_head_json":{"title":"Ebook CRIAND - Guide de la grossesse - Criand","robots":{"index":"index","follow":"follow","max-snippet":"max-snippet:-1","max-image-preview":"max-image-preview:large","max-video-preview":"max-video-preview:-1"},"canonical":"https:\/\/criand.ad\/producto\/ebook-criand-guia-de-lembaras\/","og_locale":"fr_FR","og_type":"article","og_title":"Ebook CRIAND - Guide de la grossesse - Criand","og_description":"L\u2019\u00e9quipe de Criand a cr\u00e9\u00e9 ce guide avec les informations et conseils les plus pertinents pour vivre la grossesse de mani\u00e8re saine, active et consciente. Alimentation, activit\u00e9 physique, \u00e9motions, massage p\u00e9rin\u00e9al\u2026 vous trouverez tout cela et bien plus encore dans notre e-book !","og_url":"https:\/\/criand.ad\/producto\/ebook-criand-guia-de-lembaras\/","og_site_name":"Criand","article_modified_time":"2025-09-08T19:59:26+00:00","og_image":[{"width":724,"height":1024,"url":"https:\/\/criand.ad\/wp-content\/uploads\/2025\/05\/ebook-embaras-724x1024.png","type":"image\/png"}],"twitter_card":"summary_large_image","schema":{"@context":"https:\/\/schema.org","@graph":[{"@type":"WebPage","@id":"https:\/\/criand.ad\/producto\/ebook-criand-guia-de-lembaras\/","url":"https:\/\/criand.ad\/producto\/ebook-criand-guia-de-lembaras\/","name":"Ebook CRIAND - Guide de la grossesse - Criand","isPartOf":{"@id":"https:\/\/criand.ad\/#website"},"primaryImageOfPage":{"@id":"https:\/\/criand.ad\/producto\/ebook-criand-guia-de-lembaras\/#primaryimage"},"image":{"@id":"https:\/\/criand.ad\/producto\/ebook-criand-guia-de-lembaras\/#primaryimage"},"thumbnailUrl":"https:\/\/criand.ad\/wp-content\/uploads\/2025\/05\/ebook-embaras.png","datePublished":"2025-05-31T05:33:54+00:00","dateModified":"2025-09-08T19:59:26+00:00","breadcrumb":{"@id":"https:\/\/criand.ad\/producto\/ebook-criand-guia-de-lembaras\/#breadcrumb"},"inLanguage":"fr-FR","potentialAction":[{"@type":"ReadAction","target":["https:\/\/criand.ad\/producto\/ebook-criand-guia-de-lembaras\/"]}]},{"@type":"ImageObject","inLanguage":"fr-FR","@id":"https:\/\/criand.ad\/producto\/ebook-criand-guia-de-lembaras\/#primaryimage","url":"https:\/\/criand.ad\/wp-content\/uploads\/2025\/05\/ebook-embaras.png","contentUrl":"https:\/\/criand.ad\/wp-content\/uploads\/2025\/05\/ebook-embaras.png","width":1414,"height":2000},{"@type":"BreadcrumbList","@id":"https:\/\/criand.ad\/producto\/ebook-criand-guia-de-lembaras\/#breadcrumb","itemListElement":[{"@type":"ListItem","position":1,"name":"Inici","item":"https:\/\/criand.ad\/fr\/"},{"@type":"ListItem","position":2,"name":"Productes","item":"https:\/\/criand.ad\/shop\/"},{"@type":"ListItem","position":3,"name":"Ebook CRIAND &#8211; Guide de la grossesse"}]},{"@type":"WebSite","@id":"https:\/\/criand.ad\/#website","url":"https:\/\/criand.ad\/","name":"CRIAND","description":"Embar\u00e0s, Postpart i Crian\u00e7a","potentialAction":[{"@type":"SearchAction","target":{"@type":"EntryPoint","urlTemplate":"https:\/\/criand.ad\/?s={search_term_string}"},"query-input":{"@type":"PropertyValueSpecification","valueRequired":true,"valueName":"search_term_string"}}],"inLanguage":"fr-FR"}]}},"_links":{"self":[{"href":"https:\/\/criand.ad\/fr\/wp-json\/wp\/v2\/product\/4875","targetHints":{"allow":["GET"]}}],"collection":[{"href":"https:\/\/criand.ad\/fr\/wp-json\/wp\/v2\/product"}],"about":[{"href":"https:\/\/criand.ad\/fr\/wp-json\/wp\/v2\/types\/product"}],"version-history":[{"count":0,"href":"https:\/\/criand.ad\/fr\/wp-json\/wp\/v2\/product\/4875\/revisions"}],"wp:featuredmedia":[{"embeddable":true,"href":"https:\/\/criand.ad\/fr\/wp-json\/wp\/v2\/media\/4876"}],"wp:attachment":[{"href":"https:\/\/criand.ad\/fr\/wp-json\/wp\/v2\/media?parent=4875"}],"wp:term":[{"taxonomy":"product_brand","embeddable":true,"href":"https:\/\/criand.ad\/fr\/wp-json\/wp\/v2\/product_brand?post=4875"},{"taxonomy":"product_cat","embeddable":true,"href":"https:\/\/criand.ad\/fr\/wp-json\/wp\/v2\/product_cat?post=4875"},{"taxonomy":"product_tag","embeddable":true,"href":"https:\/\/criand.ad\/fr\/wp-json\/wp\/v2\/product_tag?post=4875"},{"taxonomy":"giftcard-category","embeddable":true,"href":"https:\/\/criand.ad\/fr\/wp-json\/wp\/v2\/giftcard-category?post=4875"}],"curies":[{"name":"wp","href":"https:\/\/api.w.org\/{rel}","templated":true}]}}