{"id":4852,"date":"2025-05-31T07:32:33","date_gmt":"2025-05-31T05:32:33","guid":{"rendered":"http:\/\/criand.ad\/producto\/assessorament-individual-en-lembaras\/"},"modified":"2025-09-08T18:35:44","modified_gmt":"2025-09-08T18:35:44","slug":"accompagnement-individuel-grossesse","status":"publish","type":"product","link":"https:\/\/criand.ad\/fr\/producto\/accompagnement-individuel-grossesse\/","title":{"rendered":"Accompagnement individuel pendant la grossesse"},"content":{"rendered":"<p data-start=\"96\" data-end=\"177\">Au cours de la grossesse, de nombreuses questions et doutes peuvent appara\u00eetre.<\/p>\n<p data-start=\"179\" data-end=\"308\">Quel que soit le trimestre dans lequel vous vous trouvez, nous nous d\u00e9pla\u00e7ons \u00e0 votre domicile pour vous aider \u00e0 les r\u00e9soudre !<\/p>\n<p data-start=\"310\" data-end=\"378\">La consultation individuelle de suivi de grossesse est id\u00e9ale si :<\/p>\n<ul data-start=\"379\" data-end=\"610\">\n<li data-start=\"379\" data-end=\"418\">\n<p data-start=\"381\" data-end=\"418\">Vous ne souhaitez pas vous d\u00e9placer<\/p>\n<\/li>\n<li data-start=\"419\" data-end=\"476\">\n<p data-start=\"421\" data-end=\"476\">Vous d\u00e9sirez une attention exclusive et personnalis\u00e9e<\/p>\n<\/li>\n<li data-start=\"477\" data-end=\"558\">\n<p data-start=\"479\" data-end=\"558\">Vous pr\u00e9f\u00e9rez la visite dans une autre langue (portugais, fran\u00e7ais, anglais\u2026)<\/p>\n<\/li>\n<li data-start=\"559\" data-end=\"610\">\n<p data-start=\"561\" data-end=\"610\">Vous avez besoin de plus de flexibilit\u00e9 horaire<\/p>\n<\/li>\n<\/ul>\n<p data-start=\"612\" data-end=\"630\" data-is-last-node=\"\" data-is-only-node=\"\"><em data-start=\"612\" data-end=\"628\">(Dur\u00e9e : 1h30)<\/em><\/p>\n","protected":false},"excerpt":{"rendered":"<p>Au cours de la grossesse, de nombreuses questions et doutes peuvent appara\u00eetre. Quel que soit le trimestre dans lequel vous vous trouvez, nous nous d\u00e9pla\u00e7ons \u00e0 votre domicile pour vous aider \u00e0 les r\u00e9soudre ! La consultation individuelle de suivi de grossesse est id\u00e9ale si : Vous ne souhaitez pas vous d\u00e9placer Vous d\u00e9sirez une [&hellip;]<\/p>\n","protected":false},"featured_media":4853,"template":"","meta":{"site-sidebar-layout":"default","site-content-layout":"","ast-site-content-layout":"default","site-content-style":"default","site-sidebar-style":"default","ast-global-header-display":"","ast-banner-title-visibility":"","ast-main-header-display":"","ast-hfb-above-header-display":"","ast-hfb-below-header-display":"","ast-hfb-mobile-header-display":"","site-post-title":"","ast-breadcrumbs-content":"","ast-featured-img":"","footer-sml-layout":"","theme-transparent-header-meta":"default","adv-header-id-meta":"","stick-header-meta":"default","header-above-stick-meta":"","header-main-stick-meta":"","header-below-stick-meta":"","astra-migrate-meta-layouts":"set","ast-page-background-enabled":"default","ast-page-background-meta":{"desktop":{"background-color":"","background-image":"","background-repeat":"repeat","background-position":"center center","background-size":"auto","background-attachment":"scroll","background-type":"","background-media":"","overlay-type":"","overlay-color":"","overlay-opacity":"","overlay-gradient":""},"tablet":{"background-color":"","background-image":"","background-repeat":"repeat","background-position":"center center","background-size":"auto","background-attachment":"scroll","background-type":"","background-media":"","overlay-type":"","overlay-color":"","overlay-opacity":"","overlay-gradient":""},"mobile":{"background-color":"","background-image":"","background-repeat":"repeat","background-position":"center center","background-size":"auto","background-attachment":"scroll","background-type":"","background-media":"","overlay-type":"","overlay-color":"","overlay-opacity":"","overlay-gradient":""}},"ast-content-background-meta":{"desktop":{"background-color":"var(--ast-global-color-5)","background-image":"","background-repeat":"repeat","background-position":"center center","background-size":"auto","background-attachment":"scroll","background-type":"","background-media":"","overlay-type":"","overlay-color":"","overlay-opacity":"","overlay-gradient":""},"tablet":{"background-color":"var(--ast-global-color-5)","background-image":"","background-repeat":"repeat","background-position":"center center","background-size":"auto","background-attachment":"scroll","background-type":"","background-media":"","overlay-type":"","overlay-color":"","overlay-opacity":"","overlay-gradient":""},"mobile":{"background-color":"var(--ast-global-color-5)","background-image":"","background-repeat":"repeat","background-position":"center center","background-size":"auto","background-attachment":"scroll","background-type":"","background-media":"","overlay-type":"","overlay-color":"","overlay-opacity":"","overlay-gradient":""}}},"product_brand":[],"product_cat":[140,152],"product_tag":[],"giftcard-category":[],"class_list":{"0":"post-4852","1":"product","2":"type-product","3":"status-publish","4":"has-post-thumbnail","6":"product_cat-accompagnement-presentiel","7":"product_cat-grossesse","8":"desktop-align-left","9":"tablet-align-left","10":"mobile-align-left","11":"ast-product-gallery-layout-horizontal-slider","12":"ast-product-gallery-with-no-image","13":"ast-magnify-disabled","14":"ast-product-tabs-layout-horizontal","16":"first","17":"instock","18":"virtual","19":"purchasable","20":"product-type-simple"},"yoast_head":"<!-- This site is optimized with the Yoast SEO plugin v26.6 - https:\/\/yoast.com\/wordpress\/plugins\/seo\/ -->\n<title>Accompagnement individuel pendant la grossesse - Criand<\/title>\n<meta name=\"robots\" content=\"index, follow, max-snippet:-1, max-image-preview:large, max-video-preview:-1\" \/>\n<link rel=\"canonical\" href=\"https:\/\/criand.ad\/producto\/assessorament-individual-en-lembaras\/\" \/>\n<meta property=\"og:locale\" content=\"fr_FR\" \/>\n<meta property=\"og:type\" content=\"article\" \/>\n<meta property=\"og:title\" content=\"Accompagnement individuel pendant la grossesse - Criand\" \/>\n<meta property=\"og:description\" content=\"Au cours de la grossesse, de nombreuses questions et doutes peuvent appara\u00eetre. Quel que soit le trimestre dans lequel vous vous trouvez, nous nous d\u00e9pla\u00e7ons \u00e0 votre domicile pour vous aider \u00e0 les r\u00e9soudre ! La consultation individuelle de suivi de grossesse est id\u00e9ale si : Vous ne souhaitez pas vous d\u00e9placer Vous d\u00e9sirez une [&hellip;]\" \/>\n<meta property=\"og:url\" content=\"https:\/\/criand.ad\/producto\/assessorament-individual-en-lembaras\/\" \/>\n<meta property=\"og:site_name\" content=\"Criand\" \/>\n<meta property=\"article:modified_time\" content=\"2025-09-08T18:35:44+00:00\" \/>\n<meta property=\"og:image\" content=\"https:\/\/criand.ad\/wp-content\/uploads\/2025\/05\/asesorar-2.jpeg\" \/>\n\t<meta property=\"og:image:width\" content=\"800\" \/>\n\t<meta property=\"og:image:height\" content=\"533\" \/>\n\t<meta property=\"og:image:type\" content=\"image\/jpeg\" \/>\n<meta name=\"twitter:card\" content=\"summary_large_image\" \/>\n<script type=\"application\/ld+json\" class=\"yoast-schema-graph\">{\"@context\":\"https:\/\/schema.org\",\"@graph\":[{\"@type\":\"WebPage\",\"@id\":\"https:\/\/criand.ad\/producto\/assessorament-individual-en-lembaras\/\",\"url\":\"https:\/\/criand.ad\/producto\/assessorament-individual-en-lembaras\/\",\"name\":\"Accompagnement individuel pendant la grossesse - Criand\",\"isPartOf\":{\"@id\":\"https:\/\/criand.ad\/#website\"},\"primaryImageOfPage\":{\"@id\":\"https:\/\/criand.ad\/producto\/assessorament-individual-en-lembaras\/#primaryimage\"},\"image\":{\"@id\":\"https:\/\/criand.ad\/producto\/assessorament-individual-en-lembaras\/#primaryimage\"},\"thumbnailUrl\":\"https:\/\/criand.ad\/wp-content\/uploads\/2025\/05\/asesorar-2.jpeg\",\"datePublished\":\"2025-05-31T05:32:33+00:00\",\"dateModified\":\"2025-09-08T18:35:44+00:00\",\"breadcrumb\":{\"@id\":\"https:\/\/criand.ad\/producto\/assessorament-individual-en-lembaras\/#breadcrumb\"},\"inLanguage\":\"fr-FR\",\"potentialAction\":[{\"@type\":\"ReadAction\",\"target\":[\"https:\/\/criand.ad\/producto\/assessorament-individual-en-lembaras\/\"]}]},{\"@type\":\"ImageObject\",\"inLanguage\":\"fr-FR\",\"@id\":\"https:\/\/criand.ad\/producto\/assessorament-individual-en-lembaras\/#primaryimage\",\"url\":\"https:\/\/criand.ad\/wp-content\/uploads\/2025\/05\/asesorar-2.jpeg\",\"contentUrl\":\"https:\/\/criand.ad\/wp-content\/uploads\/2025\/05\/asesorar-2.jpeg\",\"width\":800,\"height\":533},{\"@type\":\"BreadcrumbList\",\"@id\":\"https:\/\/criand.ad\/producto\/assessorament-individual-en-lembaras\/#breadcrumb\",\"itemListElement\":[{\"@type\":\"ListItem\",\"position\":1,\"name\":\"Inici\",\"item\":\"https:\/\/criand.ad\/fr\/\"},{\"@type\":\"ListItem\",\"position\":2,\"name\":\"Productes\",\"item\":\"https:\/\/criand.ad\/shop\/\"},{\"@type\":\"ListItem\",\"position\":3,\"name\":\"Accompagnement individuel pendant la grossesse\"}]},{\"@type\":\"WebSite\",\"@id\":\"https:\/\/criand.ad\/#website\",\"url\":\"https:\/\/criand.ad\/\",\"name\":\"CRIAND\",\"description\":\"Embar\u00e0s, Postpart i Crian\u00e7a\",\"potentialAction\":[{\"@type\":\"SearchAction\",\"target\":{\"@type\":\"EntryPoint\",\"urlTemplate\":\"https:\/\/criand.ad\/?s={search_term_string}\"},\"query-input\":{\"@type\":\"PropertyValueSpecification\",\"valueRequired\":true,\"valueName\":\"search_term_string\"}}],\"inLanguage\":\"fr-FR\"}]}<\/script>\n<!-- \/ Yoast SEO plugin. -->","yoast_head_json":{"title":"Accompagnement individuel pendant la grossesse - Criand","robots":{"index":"index","follow":"follow","max-snippet":"max-snippet:-1","max-image-preview":"max-image-preview:large","max-video-preview":"max-video-preview:-1"},"canonical":"https:\/\/criand.ad\/producto\/assessorament-individual-en-lembaras\/","og_locale":"fr_FR","og_type":"article","og_title":"Accompagnement individuel pendant la grossesse - Criand","og_description":"Au cours de la grossesse, de nombreuses questions et doutes peuvent appara\u00eetre. Quel que soit le trimestre dans lequel vous vous trouvez, nous nous d\u00e9pla\u00e7ons \u00e0 votre domicile pour vous aider \u00e0 les r\u00e9soudre ! La consultation individuelle de suivi de grossesse est id\u00e9ale si : Vous ne souhaitez pas vous d\u00e9placer Vous d\u00e9sirez une [&hellip;]","og_url":"https:\/\/criand.ad\/producto\/assessorament-individual-en-lembaras\/","og_site_name":"Criand","article_modified_time":"2025-09-08T18:35:44+00:00","og_image":[{"width":800,"height":533,"url":"https:\/\/criand.ad\/wp-content\/uploads\/2025\/05\/asesorar-2.jpeg","type":"image\/jpeg"}],"twitter_card":"summary_large_image","schema":{"@context":"https:\/\/schema.org","@graph":[{"@type":"WebPage","@id":"https:\/\/criand.ad\/producto\/assessorament-individual-en-lembaras\/","url":"https:\/\/criand.ad\/producto\/assessorament-individual-en-lembaras\/","name":"Accompagnement individuel pendant la grossesse - Criand","isPartOf":{"@id":"https:\/\/criand.ad\/#website"},"primaryImageOfPage":{"@id":"https:\/\/criand.ad\/producto\/assessorament-individual-en-lembaras\/#primaryimage"},"image":{"@id":"https:\/\/criand.ad\/producto\/assessorament-individual-en-lembaras\/#primaryimage"},"thumbnailUrl":"https:\/\/criand.ad\/wp-content\/uploads\/2025\/05\/asesorar-2.jpeg","datePublished":"2025-05-31T05:32:33+00:00","dateModified":"2025-09-08T18:35:44+00:00","breadcrumb":{"@id":"https:\/\/criand.ad\/producto\/assessorament-individual-en-lembaras\/#breadcrumb"},"inLanguage":"fr-FR","potentialAction":[{"@type":"ReadAction","target":["https:\/\/criand.ad\/producto\/assessorament-individual-en-lembaras\/"]}]},{"@type":"ImageObject","inLanguage":"fr-FR","@id":"https:\/\/criand.ad\/producto\/assessorament-individual-en-lembaras\/#primaryimage","url":"https:\/\/criand.ad\/wp-content\/uploads\/2025\/05\/asesorar-2.jpeg","contentUrl":"https:\/\/criand.ad\/wp-content\/uploads\/2025\/05\/asesorar-2.jpeg","width":800,"height":533},{"@type":"BreadcrumbList","@id":"https:\/\/criand.ad\/producto\/assessorament-individual-en-lembaras\/#breadcrumb","itemListElement":[{"@type":"ListItem","position":1,"name":"Inici","item":"https:\/\/criand.ad\/fr\/"},{"@type":"ListItem","position":2,"name":"Productes","item":"https:\/\/criand.ad\/shop\/"},{"@type":"ListItem","position":3,"name":"Accompagnement individuel pendant la grossesse"}]},{"@type":"WebSite","@id":"https:\/\/criand.ad\/#website","url":"https:\/\/criand.ad\/","name":"CRIAND","description":"Embar\u00e0s, Postpart i Crian\u00e7a","potentialAction":[{"@type":"SearchAction","target":{"@type":"EntryPoint","urlTemplate":"https:\/\/criand.ad\/?s={search_term_string}"},"query-input":{"@type":"PropertyValueSpecification","valueRequired":true,"valueName":"search_term_string"}}],"inLanguage":"fr-FR"}]}},"_links":{"self":[{"href":"https:\/\/criand.ad\/fr\/wp-json\/wp\/v2\/product\/4852","targetHints":{"allow":["GET"]}}],"collection":[{"href":"https:\/\/criand.ad\/fr\/wp-json\/wp\/v2\/product"}],"about":[{"href":"https:\/\/criand.ad\/fr\/wp-json\/wp\/v2\/types\/product"}],"version-history":[{"count":0,"href":"https:\/\/criand.ad\/fr\/wp-json\/wp\/v2\/product\/4852\/revisions"}],"wp:featuredmedia":[{"embeddable":true,"href":"https:\/\/criand.ad\/fr\/wp-json\/wp\/v2\/media\/4853"}],"wp:attachment":[{"href":"https:\/\/criand.ad\/fr\/wp-json\/wp\/v2\/media?parent=4852"}],"wp:term":[{"taxonomy":"product_brand","embeddable":true,"href":"https:\/\/criand.ad\/fr\/wp-json\/wp\/v2\/product_brand?post=4852"},{"taxonomy":"product_cat","embeddable":true,"href":"https:\/\/criand.ad\/fr\/wp-json\/wp\/v2\/product_cat?post=4852"},{"taxonomy":"product_tag","embeddable":true,"href":"https:\/\/criand.ad\/fr\/wp-json\/wp\/v2\/product_tag?post=4852"},{"taxonomy":"giftcard-category","embeddable":true,"href":"https:\/\/criand.ad\/fr\/wp-json\/wp\/v2\/giftcard-category?post=4852"}],"curies":[{"name":"wp","href":"https:\/\/api.w.org\/{rel}","templated":true}]}}