{"id":4844,"date":"2025-05-31T07:33:54","date_gmt":"2025-05-31T05:33:54","guid":{"rendered":"http:\/\/criand.ad\/producto\/pack-assessorament-embaras-i-postpart\/"},"modified":"2025-09-08T20:26:15","modified_gmt":"2025-09-08T20:26:15","slug":"pack-pack-accompagnement-grossesse-et-post-partum","status":"publish","type":"product","link":"https:\/\/criand.ad\/fr\/producto\/pack-pack-accompagnement-grossesse-et-post-partum\/","title":{"rendered":"Pack accompagnement grossesse et post-partum"},"content":{"rendered":"<p data-start=\"42\" data-end=\"262\">Nous vous pr\u00e9sentons le pack complet et exclusif de suivi de grossesse et de post-partum \u00e0 domicile. Un pack qui comprend <strong data-start=\"215\" data-end=\"229\">10 s\u00e9ances<\/strong> \u00e0 utiliser selon vos besoins :<\/p>\n<ul data-start=\"264\" data-end=\"445\">\n<li data-start=\"264\" data-end=\"294\">\n<p data-start=\"266\" data-end=\"294\">Pr\u00e9paration \u00e0 la naissance<\/p>\n<\/li>\n<li data-start=\"295\" data-end=\"317\">\n<p data-start=\"297\" data-end=\"317\">Suivi de grossesse<\/p>\n<\/li>\n<li data-start=\"318\" data-end=\"336\">\n<p data-start=\"320\" data-end=\"336\">Hypnonaissance<\/p>\n<\/li>\n<li data-start=\"337\" data-end=\"370\">\n<p data-start=\"339\" data-end=\"370\">Accompagnement en allaitement<\/p>\n<\/li>\n<li data-start=\"371\" data-end=\"400\">\n<p data-start=\"373\" data-end=\"400\">Accompagnement au portage<\/p>\n<\/li>\n<li data-start=\"401\" data-end=\"445\">\n<p data-start=\"403\" data-end=\"445\">Soins post-partum et soins du nouveau-n\u00e9<\/p>\n<\/li>\n<\/ul>\n<p data-start=\"447\" data-end=\"554\">Ce pack inclut \u00e9galement un suivi via WhatsApp pendant toute cette p\u00e9riode ainsi que nos e-books offerts.<\/p>\n<p data-start=\"556\" data-end=\"610\"><strong>N\u2019h\u00e9sitez pas \u00e0 nous contacter pour toute question !<\/strong><\/p>\n","protected":false},"excerpt":{"rendered":"<p>Nous vous pr\u00e9sentons le pack complet et exclusif de suivi de grossesse et de post-partum \u00e0 domicile. Un pack qui comprend 10 s\u00e9ances \u00e0 utiliser selon vos besoins : Pr\u00e9paration \u00e0 la naissance Suivi de grossesse Hypnonaissance Accompagnement en allaitement Accompagnement au portage Soins post-partum et soins du nouveau-n\u00e9 Ce pack inclut \u00e9galement un suivi [&hellip;]<\/p>\n","protected":false},"featured_media":4845,"template":"","meta":{"site-sidebar-layout":"default","site-content-layout":"","ast-site-content-layout":"default","site-content-style":"default","site-sidebar-style":"default","ast-global-header-display":"","ast-banner-title-visibility":"","ast-main-header-display":"","ast-hfb-above-header-display":"","ast-hfb-below-header-display":"","ast-hfb-mobile-header-display":"","site-post-title":"","ast-breadcrumbs-content":"","ast-featured-img":"","footer-sml-layout":"","theme-transparent-header-meta":"default","adv-header-id-meta":"","stick-header-meta":"default","header-above-stick-meta":"","header-main-stick-meta":"","header-below-stick-meta":"","astra-migrate-meta-layouts":"set","ast-page-background-enabled":"default","ast-page-background-meta":{"desktop":{"background-color":"","background-image":"","background-repeat":"repeat","background-position":"center center","background-size":"auto","background-attachment":"scroll","background-type":"","background-media":"","overlay-type":"","overlay-color":"","overlay-opacity":"","overlay-gradient":""},"tablet":{"background-color":"","background-image":"","background-repeat":"repeat","background-position":"center center","background-size":"auto","background-attachment":"scroll","background-type":"","background-media":"","overlay-type":"","overlay-color":"","overlay-opacity":"","overlay-gradient":""},"mobile":{"background-color":"","background-image":"","background-repeat":"repeat","background-position":"center center","background-size":"auto","background-attachment":"scroll","background-type":"","background-media":"","overlay-type":"","overlay-color":"","overlay-opacity":"","overlay-gradient":""}},"ast-content-background-meta":{"desktop":{"background-color":"var(--ast-global-color-5)","background-image":"","background-repeat":"repeat","background-position":"center center","background-size":"auto","background-attachment":"scroll","background-type":"","background-media":"","overlay-type":"","overlay-color":"","overlay-opacity":"","overlay-gradient":""},"tablet":{"background-color":"var(--ast-global-color-5)","background-image":"","background-repeat":"repeat","background-position":"center center","background-size":"auto","background-attachment":"scroll","background-type":"","background-media":"","overlay-type":"","overlay-color":"","overlay-opacity":"","overlay-gradient":""},"mobile":{"background-color":"var(--ast-global-color-5)","background-image":"","background-repeat":"repeat","background-position":"center center","background-size":"auto","background-attachment":"scroll","background-type":"","background-media":"","overlay-type":"","overlay-color":"","overlay-opacity":"","overlay-gradient":""}}},"product_brand":[],"product_cat":[140,152],"product_tag":[129,130,156,157,153,158,159,160,161],"giftcard-category":[],"class_list":{"0":"post-4844","1":"product","2":"type-product","3":"status-publish","4":"has-post-thumbnail","6":"product_cat-accompagnement-presentiel","7":"product_cat-grossesse","8":"product_tag-andorra-fr","9":"product_tag-assessorament-fr","10":"product_tag-cures-nado-fr","11":"product_tag-domicili-fr","12":"product_tag-embaras-fr","13":"product_tag-lactancia-fr","14":"product_tag-porteig-fr","15":"product_tag-postpart-fr","16":"product_tag-preparacio-al-part-fr","17":"desktop-align-left","18":"tablet-align-left","19":"mobile-align-left","20":"ast-product-gallery-layout-horizontal-slider","21":"ast-product-gallery-with-no-image","22":"ast-magnify-disabled","23":"ast-product-tabs-layout-horizontal","25":"first","26":"instock","27":"downloadable","28":"virtual","29":"purchasable","30":"product-type-simple"},"yoast_head":"<!-- This site is optimized with the Yoast SEO plugin v26.6 - https:\/\/yoast.com\/wordpress\/plugins\/seo\/ -->\n<title>Pack accompagnement grossesse et post-partum - Criand<\/title>\n<meta name=\"robots\" content=\"index, follow, max-snippet:-1, max-image-preview:large, max-video-preview:-1\" \/>\n<link rel=\"canonical\" href=\"https:\/\/criand.ad\/producto\/pack-assessorament-embaras-i-postpart\/\" \/>\n<meta property=\"og:locale\" content=\"fr_FR\" \/>\n<meta property=\"og:type\" content=\"article\" \/>\n<meta property=\"og:title\" content=\"Pack accompagnement grossesse et post-partum - Criand\" \/>\n<meta property=\"og:description\" content=\"Nous vous pr\u00e9sentons le pack complet et exclusif de suivi de grossesse et de post-partum \u00e0 domicile. Un pack qui comprend 10 s\u00e9ances \u00e0 utiliser selon vos besoins : Pr\u00e9paration \u00e0 la naissance Suivi de grossesse Hypnonaissance Accompagnement en allaitement Accompagnement au portage Soins post-partum et soins du nouveau-n\u00e9 Ce pack inclut \u00e9galement un suivi [&hellip;]\" \/>\n<meta property=\"og:url\" content=\"https:\/\/criand.ad\/producto\/pack-assessorament-embaras-i-postpart\/\" \/>\n<meta property=\"og:site_name\" content=\"Criand\" \/>\n<meta property=\"article:modified_time\" content=\"2025-09-08T20:26:15+00:00\" \/>\n<meta property=\"og:image\" content=\"https:\/\/criand.ad\/wp-content\/uploads\/2025\/05\/35-pregnancy-photoshoot-ideas-to-enhance-your-pregnancy-07.webp\" \/>\n\t<meta property=\"og:image:width\" content=\"800\" \/>\n\t<meta property=\"og:image:height\" content=\"533\" \/>\n\t<meta property=\"og:image:type\" content=\"image\/webp\" \/>\n<meta name=\"twitter:card\" content=\"summary_large_image\" \/>\n<script type=\"application\/ld+json\" class=\"yoast-schema-graph\">{\"@context\":\"https:\/\/schema.org\",\"@graph\":[{\"@type\":\"WebPage\",\"@id\":\"https:\/\/criand.ad\/producto\/pack-assessorament-embaras-i-postpart\/\",\"url\":\"https:\/\/criand.ad\/producto\/pack-assessorament-embaras-i-postpart\/\",\"name\":\"Pack accompagnement grossesse et post-partum - Criand\",\"isPartOf\":{\"@id\":\"https:\/\/criand.ad\/#website\"},\"primaryImageOfPage\":{\"@id\":\"https:\/\/criand.ad\/producto\/pack-assessorament-embaras-i-postpart\/#primaryimage\"},\"image\":{\"@id\":\"https:\/\/criand.ad\/producto\/pack-assessorament-embaras-i-postpart\/#primaryimage\"},\"thumbnailUrl\":\"https:\/\/criand.ad\/wp-content\/uploads\/2025\/05\/35-pregnancy-photoshoot-ideas-to-enhance-your-pregnancy-07.webp\",\"datePublished\":\"2025-05-31T05:33:54+00:00\",\"dateModified\":\"2025-09-08T20:26:15+00:00\",\"breadcrumb\":{\"@id\":\"https:\/\/criand.ad\/producto\/pack-assessorament-embaras-i-postpart\/#breadcrumb\"},\"inLanguage\":\"fr-FR\",\"potentialAction\":[{\"@type\":\"ReadAction\",\"target\":[\"https:\/\/criand.ad\/producto\/pack-assessorament-embaras-i-postpart\/\"]}]},{\"@type\":\"ImageObject\",\"inLanguage\":\"fr-FR\",\"@id\":\"https:\/\/criand.ad\/producto\/pack-assessorament-embaras-i-postpart\/#primaryimage\",\"url\":\"https:\/\/criand.ad\/wp-content\/uploads\/2025\/05\/35-pregnancy-photoshoot-ideas-to-enhance-your-pregnancy-07.webp\",\"contentUrl\":\"https:\/\/criand.ad\/wp-content\/uploads\/2025\/05\/35-pregnancy-photoshoot-ideas-to-enhance-your-pregnancy-07.webp\",\"width\":800,\"height\":533},{\"@type\":\"BreadcrumbList\",\"@id\":\"https:\/\/criand.ad\/producto\/pack-assessorament-embaras-i-postpart\/#breadcrumb\",\"itemListElement\":[{\"@type\":\"ListItem\",\"position\":1,\"name\":\"Inici\",\"item\":\"https:\/\/criand.ad\/fr\/\"},{\"@type\":\"ListItem\",\"position\":2,\"name\":\"Productes\",\"item\":\"https:\/\/criand.ad\/shop\/\"},{\"@type\":\"ListItem\",\"position\":3,\"name\":\"Pack accompagnement grossesse et post-partum\"}]},{\"@type\":\"WebSite\",\"@id\":\"https:\/\/criand.ad\/#website\",\"url\":\"https:\/\/criand.ad\/\",\"name\":\"CRIAND\",\"description\":\"Embar\u00e0s, Postpart i Crian\u00e7a\",\"potentialAction\":[{\"@type\":\"SearchAction\",\"target\":{\"@type\":\"EntryPoint\",\"urlTemplate\":\"https:\/\/criand.ad\/?s={search_term_string}\"},\"query-input\":{\"@type\":\"PropertyValueSpecification\",\"valueRequired\":true,\"valueName\":\"search_term_string\"}}],\"inLanguage\":\"fr-FR\"}]}<\/script>\n<!-- \/ Yoast SEO plugin. -->","yoast_head_json":{"title":"Pack accompagnement grossesse et post-partum - Criand","robots":{"index":"index","follow":"follow","max-snippet":"max-snippet:-1","max-image-preview":"max-image-preview:large","max-video-preview":"max-video-preview:-1"},"canonical":"https:\/\/criand.ad\/producto\/pack-assessorament-embaras-i-postpart\/","og_locale":"fr_FR","og_type":"article","og_title":"Pack accompagnement grossesse et post-partum - Criand","og_description":"Nous vous pr\u00e9sentons le pack complet et exclusif de suivi de grossesse et de post-partum \u00e0 domicile. Un pack qui comprend 10 s\u00e9ances \u00e0 utiliser selon vos besoins : Pr\u00e9paration \u00e0 la naissance Suivi de grossesse Hypnonaissance Accompagnement en allaitement Accompagnement au portage Soins post-partum et soins du nouveau-n\u00e9 Ce pack inclut \u00e9galement un suivi [&hellip;]","og_url":"https:\/\/criand.ad\/producto\/pack-assessorament-embaras-i-postpart\/","og_site_name":"Criand","article_modified_time":"2025-09-08T20:26:15+00:00","og_image":[{"width":800,"height":533,"url":"https:\/\/criand.ad\/wp-content\/uploads\/2025\/05\/35-pregnancy-photoshoot-ideas-to-enhance-your-pregnancy-07.webp","type":"image\/webp"}],"twitter_card":"summary_large_image","schema":{"@context":"https:\/\/schema.org","@graph":[{"@type":"WebPage","@id":"https:\/\/criand.ad\/producto\/pack-assessorament-embaras-i-postpart\/","url":"https:\/\/criand.ad\/producto\/pack-assessorament-embaras-i-postpart\/","name":"Pack accompagnement grossesse et post-partum - Criand","isPartOf":{"@id":"https:\/\/criand.ad\/#website"},"primaryImageOfPage":{"@id":"https:\/\/criand.ad\/producto\/pack-assessorament-embaras-i-postpart\/#primaryimage"},"image":{"@id":"https:\/\/criand.ad\/producto\/pack-assessorament-embaras-i-postpart\/#primaryimage"},"thumbnailUrl":"https:\/\/criand.ad\/wp-content\/uploads\/2025\/05\/35-pregnancy-photoshoot-ideas-to-enhance-your-pregnancy-07.webp","datePublished":"2025-05-31T05:33:54+00:00","dateModified":"2025-09-08T20:26:15+00:00","breadcrumb":{"@id":"https:\/\/criand.ad\/producto\/pack-assessorament-embaras-i-postpart\/#breadcrumb"},"inLanguage":"fr-FR","potentialAction":[{"@type":"ReadAction","target":["https:\/\/criand.ad\/producto\/pack-assessorament-embaras-i-postpart\/"]}]},{"@type":"ImageObject","inLanguage":"fr-FR","@id":"https:\/\/criand.ad\/producto\/pack-assessorament-embaras-i-postpart\/#primaryimage","url":"https:\/\/criand.ad\/wp-content\/uploads\/2025\/05\/35-pregnancy-photoshoot-ideas-to-enhance-your-pregnancy-07.webp","contentUrl":"https:\/\/criand.ad\/wp-content\/uploads\/2025\/05\/35-pregnancy-photoshoot-ideas-to-enhance-your-pregnancy-07.webp","width":800,"height":533},{"@type":"BreadcrumbList","@id":"https:\/\/criand.ad\/producto\/pack-assessorament-embaras-i-postpart\/#breadcrumb","itemListElement":[{"@type":"ListItem","position":1,"name":"Inici","item":"https:\/\/criand.ad\/fr\/"},{"@type":"ListItem","position":2,"name":"Productes","item":"https:\/\/criand.ad\/shop\/"},{"@type":"ListItem","position":3,"name":"Pack accompagnement grossesse et post-partum"}]},{"@type":"WebSite","@id":"https:\/\/criand.ad\/#website","url":"https:\/\/criand.ad\/","name":"CRIAND","description":"Embar\u00e0s, Postpart i Crian\u00e7a","potentialAction":[{"@type":"SearchAction","target":{"@type":"EntryPoint","urlTemplate":"https:\/\/criand.ad\/?s={search_term_string}"},"query-input":{"@type":"PropertyValueSpecification","valueRequired":true,"valueName":"search_term_string"}}],"inLanguage":"fr-FR"}]}},"_links":{"self":[{"href":"https:\/\/criand.ad\/fr\/wp-json\/wp\/v2\/product\/4844","targetHints":{"allow":["GET"]}}],"collection":[{"href":"https:\/\/criand.ad\/fr\/wp-json\/wp\/v2\/product"}],"about":[{"href":"https:\/\/criand.ad\/fr\/wp-json\/wp\/v2\/types\/product"}],"version-history":[{"count":0,"href":"https:\/\/criand.ad\/fr\/wp-json\/wp\/v2\/product\/4844\/revisions"}],"wp:featuredmedia":[{"embeddable":true,"href":"https:\/\/criand.ad\/fr\/wp-json\/wp\/v2\/media\/4845"}],"wp:attachment":[{"href":"https:\/\/criand.ad\/fr\/wp-json\/wp\/v2\/media?parent=4844"}],"wp:term":[{"taxonomy":"product_brand","embeddable":true,"href":"https:\/\/criand.ad\/fr\/wp-json\/wp\/v2\/product_brand?post=4844"},{"taxonomy":"product_cat","embeddable":true,"href":"https:\/\/criand.ad\/fr\/wp-json\/wp\/v2\/product_cat?post=4844"},{"taxonomy":"product_tag","embeddable":true,"href":"https:\/\/criand.ad\/fr\/wp-json\/wp\/v2\/product_tag?post=4844"},{"taxonomy":"giftcard-category","embeddable":true,"href":"https:\/\/criand.ad\/fr\/wp-json\/wp\/v2\/giftcard-category?post=4844"}],"curies":[{"name":"wp","href":"https:\/\/api.w.org\/{rel}","templated":true}]}}