{"id":4831,"date":"2025-05-31T07:32:33","date_gmt":"2025-05-31T05:32:33","guid":{"rendered":"http:\/\/criand.ad\/producto\/pack-seguiment-embaras-a-domicili-5-visites-de-preparacio-al-naixement\/"},"modified":"2025-12-30T08:50:33","modified_gmt":"2025-12-30T07:50:33","slug":"pack-suivi-grossesse-domicile","status":"publish","type":"product","link":"https:\/\/criand.ad\/fr\/producto\/pack-suivi-grossesse-domicile\/","title":{"rendered":"Pack suivi de grossesse \u00e0 domicile 5 visites de pr\u00e9paration \u00e0 la naissance"},"content":{"rendered":"","protected":false},"excerpt":{"rendered":"<p class=\"p1\"><b>Accompagnement individualis\u00e9<\/b>, o\u00f9 nous vous proposons des conseils sur la grossesse en fonction de vos besoins, en r\u00e9pondant \u00e0 vos questions et en nous adaptant \u00e0 votre famille.<\/p>\n<p class=\"p1\">Nous vous pr\u00e9parerons activement \u00e0 l\u2019accouchement et au post-partum de mani\u00e8re totalement personnalis\u00e9e \u00e0 votre domicile, afin que vous profitiez de cette \u00e9tape et viviez votre grossesse de fa\u00e7on unique.<\/p>\n<p class=\"p1\">Le pack comprend <b>5 s\u00e9ances d\u2019environ 1h30<\/b> chacune :<\/p>\n<p class=\"p1\"><b>Il inclut :<\/b><b><\/b><\/p>\n<ul class=\"ul1\">\n<li class=\"li1\">Des informations th\u00e9oriques bas\u00e9es sur les derni\u00e8res mises \u00e0 jour et recommandations concernant la grossesse<\/li>\n<li class=\"li1\">Des exercices et\/ou une relaxation en fin de s\u00e9ance<\/li>\n<li class=\"li1\">Un soutien \u00e0 distance via WhatsApp ou Telegram<\/li>\n<\/ul>\n<p class=\"p1\">Il est possible de r\u00e9aliser les s\u00e9ances en anglais ou en fran\u00e7ais, sur demande pr\u00e9alable \u00e0 l\u2019adresse : <b>criand.andorra@gmail.com<\/b>.<\/p>\n","protected":false},"featured_media":4832,"template":"","meta":{"site-sidebar-layout":"default","site-content-layout":"","ast-site-content-layout":"default","site-content-style":"default","site-sidebar-style":"default","ast-global-header-display":"","ast-banner-title-visibility":"","ast-main-header-display":"","ast-hfb-above-header-display":"","ast-hfb-below-header-display":"","ast-hfb-mobile-header-display":"","site-post-title":"","ast-breadcrumbs-content":"","ast-featured-img":"","footer-sml-layout":"","theme-transparent-header-meta":"default","adv-header-id-meta":"","stick-header-meta":"default","header-above-stick-meta":"","header-main-stick-meta":"","header-below-stick-meta":"","astra-migrate-meta-layouts":"set","ast-page-background-enabled":"default","ast-page-background-meta":{"desktop":{"background-color":"","background-image":"","background-repeat":"repeat","background-position":"center center","background-size":"auto","background-attachment":"scroll","background-type":"","background-media":"","overlay-type":"","overlay-color":"","overlay-opacity":"","overlay-gradient":""},"tablet":{"background-color":"","background-image":"","background-repeat":"repeat","background-position":"center center","background-size":"auto","background-attachment":"scroll","background-type":"","background-media":"","overlay-type":"","overlay-color":"","overlay-opacity":"","overlay-gradient":""},"mobile":{"background-color":"","background-image":"","background-repeat":"repeat","background-position":"center center","background-size":"auto","background-attachment":"scroll","background-type":"","background-media":"","overlay-type":"","overlay-color":"","overlay-opacity":"","overlay-gradient":""}},"ast-content-background-meta":{"desktop":{"background-color":"var(--ast-global-color-5)","background-image":"","background-repeat":"repeat","background-position":"center center","background-size":"auto","background-attachment":"scroll","background-type":"","background-media":"","overlay-type":"","overlay-color":"","overlay-opacity":"","overlay-gradient":""},"tablet":{"background-color":"var(--ast-global-color-5)","background-image":"","background-repeat":"repeat","background-position":"center center","background-size":"auto","background-attachment":"scroll","background-type":"","background-media":"","overlay-type":"","overlay-color":"","overlay-opacity":"","overlay-gradient":""},"mobile":{"background-color":"var(--ast-global-color-5)","background-image":"","background-repeat":"repeat","background-position":"center center","background-size":"auto","background-attachment":"scroll","background-type":"","background-media":"","overlay-type":"","overlay-color":"","overlay-opacity":"","overlay-gradient":""}}},"product_brand":[],"product_cat":[140,152],"product_tag":[153],"giftcard-category":[],"class_list":{"0":"post-4831","1":"product","2":"type-product","3":"status-publish","4":"has-post-thumbnail","6":"product_cat-accompagnement-presentiel","7":"product_cat-grossesse","8":"product_tag-embaras-fr","9":"desktop-align-left","10":"tablet-align-left","11":"mobile-align-left","12":"ast-product-gallery-layout-horizontal-slider","13":"ast-product-gallery-with-no-image","14":"ast-magnify-disabled","15":"ast-product-tabs-layout-horizontal","17":"first","18":"instock","19":"virtual","20":"purchasable","21":"product-type-simple"},"yoast_head":"<!-- This site is optimized with the Yoast SEO plugin v26.6 - https:\/\/yoast.com\/wordpress\/plugins\/seo\/ -->\n<title>Pack suivi de grossesse \u00e0 domicile 5 visites de pr\u00e9paration \u00e0 la naissance - Criand<\/title>\n<meta name=\"robots\" content=\"index, follow, max-snippet:-1, max-image-preview:large, max-video-preview:-1\" \/>\n<link rel=\"canonical\" href=\"https:\/\/criand.ad\/producto\/pack-seguiment-embaras-a-domicili-5-visites-de-preparacio-al-naixement\/\" \/>\n<meta property=\"og:locale\" content=\"fr_FR\" \/>\n<meta property=\"og:type\" content=\"article\" \/>\n<meta property=\"og:title\" content=\"Pack suivi de grossesse \u00e0 domicile 5 visites de pr\u00e9paration \u00e0 la naissance - Criand\" \/>\n<meta property=\"og:description\" content=\"Accompagnement individualis\u00e9, o\u00f9 nous vous proposons des conseils sur la grossesse en fonction de vos besoins, en r\u00e9pondant \u00e0 vos questions et en nous adaptant \u00e0 votre famille. Nous vous pr\u00e9parerons activement \u00e0 l\u2019accouchement et au post-partum de mani\u00e8re totalement personnalis\u00e9e \u00e0 votre domicile, afin que vous profitiez de cette \u00e9tape et viviez votre grossesse de fa\u00e7on unique. Le pack comprend 5 s\u00e9ances d\u2019environ 1h30 chacune : Il inclut :    Des informations th\u00e9oriques bas\u00e9es sur les derni\u00e8res mises \u00e0 jour et recommandations concernant la grossesse  Des exercices et\/ou une relaxation en fin de s\u00e9ance  Un soutien \u00e0 distance via WhatsApp ou Telegram  Il est possible de r\u00e9aliser les s\u00e9ances en anglais ou en fran\u00e7ais, sur demande pr\u00e9alable \u00e0 l\u2019adresse : criand.andorra@gmail.com.\" \/>\n<meta property=\"og:url\" content=\"https:\/\/criand.ad\/producto\/pack-seguiment-embaras-a-domicili-5-visites-de-preparacio-al-naixement\/\" \/>\n<meta property=\"og:site_name\" content=\"Criand\" \/>\n<meta property=\"article:modified_time\" content=\"2025-12-30T07:50:33+00:00\" \/>\n<meta property=\"og:image\" content=\"https:\/\/criand.ad\/wp-content\/uploads\/2025\/05\/s-1.jpg\" \/>\n\t<meta property=\"og:image:width\" content=\"800\" \/>\n\t<meta property=\"og:image:height\" content=\"534\" \/>\n\t<meta property=\"og:image:type\" content=\"image\/jpeg\" \/>\n<meta name=\"twitter:card\" content=\"summary_large_image\" \/>\n<meta name=\"twitter:label1\" content=\"Dur\u00e9e de lecture estim\u00e9e\" \/>\n\t<meta name=\"twitter:data1\" content=\"1 minute\" \/>\n<script type=\"application\/ld+json\" class=\"yoast-schema-graph\">{\"@context\":\"https:\/\/schema.org\",\"@graph\":[{\"@type\":\"WebPage\",\"@id\":\"https:\/\/criand.ad\/producto\/pack-seguiment-embaras-a-domicili-5-visites-de-preparacio-al-naixement\/\",\"url\":\"https:\/\/criand.ad\/producto\/pack-seguiment-embaras-a-domicili-5-visites-de-preparacio-al-naixement\/\",\"name\":\"Pack suivi de grossesse \u00e0 domicile 5 visites de pr\u00e9paration \u00e0 la naissance - Criand\",\"isPartOf\":{\"@id\":\"https:\/\/criand.ad\/#website\"},\"primaryImageOfPage\":{\"@id\":\"https:\/\/criand.ad\/producto\/pack-seguiment-embaras-a-domicili-5-visites-de-preparacio-al-naixement\/#primaryimage\"},\"image\":{\"@id\":\"https:\/\/criand.ad\/producto\/pack-seguiment-embaras-a-domicili-5-visites-de-preparacio-al-naixement\/#primaryimage\"},\"thumbnailUrl\":\"https:\/\/criand.ad\/wp-content\/uploads\/2025\/05\/s-1.jpg\",\"datePublished\":\"2025-05-31T05:32:33+00:00\",\"dateModified\":\"2025-12-30T07:50:33+00:00\",\"breadcrumb\":{\"@id\":\"https:\/\/criand.ad\/producto\/pack-seguiment-embaras-a-domicili-5-visites-de-preparacio-al-naixement\/#breadcrumb\"},\"inLanguage\":\"fr-FR\",\"potentialAction\":[{\"@type\":\"ReadAction\",\"target\":[\"https:\/\/criand.ad\/producto\/pack-seguiment-embaras-a-domicili-5-visites-de-preparacio-al-naixement\/\"]}]},{\"@type\":\"ImageObject\",\"inLanguage\":\"fr-FR\",\"@id\":\"https:\/\/criand.ad\/producto\/pack-seguiment-embaras-a-domicili-5-visites-de-preparacio-al-naixement\/#primaryimage\",\"url\":\"https:\/\/criand.ad\/wp-content\/uploads\/2025\/05\/s-1.jpg\",\"contentUrl\":\"https:\/\/criand.ad\/wp-content\/uploads\/2025\/05\/s-1.jpg\",\"width\":800,\"height\":534},{\"@type\":\"BreadcrumbList\",\"@id\":\"https:\/\/criand.ad\/producto\/pack-seguiment-embaras-a-domicili-5-visites-de-preparacio-al-naixement\/#breadcrumb\",\"itemListElement\":[{\"@type\":\"ListItem\",\"position\":1,\"name\":\"Inici\",\"item\":\"https:\/\/criand.ad\/fr\/\"},{\"@type\":\"ListItem\",\"position\":2,\"name\":\"Productes\",\"item\":\"https:\/\/criand.ad\/shop\/\"},{\"@type\":\"ListItem\",\"position\":3,\"name\":\"Pack suivi de grossesse \u00e0 domicile 5 visites de pr\u00e9paration \u00e0 la naissance\"}]},{\"@type\":\"WebSite\",\"@id\":\"https:\/\/criand.ad\/#website\",\"url\":\"https:\/\/criand.ad\/\",\"name\":\"CRIAND\",\"description\":\"Embar\u00e0s, Postpart i Crian\u00e7a\",\"potentialAction\":[{\"@type\":\"SearchAction\",\"target\":{\"@type\":\"EntryPoint\",\"urlTemplate\":\"https:\/\/criand.ad\/?s={search_term_string}\"},\"query-input\":{\"@type\":\"PropertyValueSpecification\",\"valueRequired\":true,\"valueName\":\"search_term_string\"}}],\"inLanguage\":\"fr-FR\"}]}<\/script>\n<!-- \/ Yoast SEO plugin. -->","yoast_head_json":{"title":"Pack suivi de grossesse \u00e0 domicile 5 visites de pr\u00e9paration \u00e0 la naissance - Criand","robots":{"index":"index","follow":"follow","max-snippet":"max-snippet:-1","max-image-preview":"max-image-preview:large","max-video-preview":"max-video-preview:-1"},"canonical":"https:\/\/criand.ad\/producto\/pack-seguiment-embaras-a-domicili-5-visites-de-preparacio-al-naixement\/","og_locale":"fr_FR","og_type":"article","og_title":"Pack suivi de grossesse \u00e0 domicile 5 visites de pr\u00e9paration \u00e0 la naissance - Criand","og_description":"Accompagnement individualis\u00e9, o\u00f9 nous vous proposons des conseils sur la grossesse en fonction de vos besoins, en r\u00e9pondant \u00e0 vos questions et en nous adaptant \u00e0 votre famille. Nous vous pr\u00e9parerons activement \u00e0 l\u2019accouchement et au post-partum de mani\u00e8re totalement personnalis\u00e9e \u00e0 votre domicile, afin que vous profitiez de cette \u00e9tape et viviez votre grossesse de fa\u00e7on unique. Le pack comprend 5 s\u00e9ances d\u2019environ 1h30 chacune : Il inclut :    Des informations th\u00e9oriques bas\u00e9es sur les derni\u00e8res mises \u00e0 jour et recommandations concernant la grossesse  Des exercices et\/ou une relaxation en fin de s\u00e9ance  Un soutien \u00e0 distance via WhatsApp ou Telegram  Il est possible de r\u00e9aliser les s\u00e9ances en anglais ou en fran\u00e7ais, sur demande pr\u00e9alable \u00e0 l\u2019adresse : criand.andorra@gmail.com.","og_url":"https:\/\/criand.ad\/producto\/pack-seguiment-embaras-a-domicili-5-visites-de-preparacio-al-naixement\/","og_site_name":"Criand","article_modified_time":"2025-12-30T07:50:33+00:00","og_image":[{"width":800,"height":534,"url":"https:\/\/criand.ad\/wp-content\/uploads\/2025\/05\/s-1.jpg","type":"image\/jpeg"}],"twitter_card":"summary_large_image","twitter_misc":{"Dur\u00e9e de lecture estim\u00e9e":"1 minute"},"schema":{"@context":"https:\/\/schema.org","@graph":[{"@type":"WebPage","@id":"https:\/\/criand.ad\/producto\/pack-seguiment-embaras-a-domicili-5-visites-de-preparacio-al-naixement\/","url":"https:\/\/criand.ad\/producto\/pack-seguiment-embaras-a-domicili-5-visites-de-preparacio-al-naixement\/","name":"Pack suivi de grossesse \u00e0 domicile 5 visites de pr\u00e9paration \u00e0 la naissance - Criand","isPartOf":{"@id":"https:\/\/criand.ad\/#website"},"primaryImageOfPage":{"@id":"https:\/\/criand.ad\/producto\/pack-seguiment-embaras-a-domicili-5-visites-de-preparacio-al-naixement\/#primaryimage"},"image":{"@id":"https:\/\/criand.ad\/producto\/pack-seguiment-embaras-a-domicili-5-visites-de-preparacio-al-naixement\/#primaryimage"},"thumbnailUrl":"https:\/\/criand.ad\/wp-content\/uploads\/2025\/05\/s-1.jpg","datePublished":"2025-05-31T05:32:33+00:00","dateModified":"2025-12-30T07:50:33+00:00","breadcrumb":{"@id":"https:\/\/criand.ad\/producto\/pack-seguiment-embaras-a-domicili-5-visites-de-preparacio-al-naixement\/#breadcrumb"},"inLanguage":"fr-FR","potentialAction":[{"@type":"ReadAction","target":["https:\/\/criand.ad\/producto\/pack-seguiment-embaras-a-domicili-5-visites-de-preparacio-al-naixement\/"]}]},{"@type":"ImageObject","inLanguage":"fr-FR","@id":"https:\/\/criand.ad\/producto\/pack-seguiment-embaras-a-domicili-5-visites-de-preparacio-al-naixement\/#primaryimage","url":"https:\/\/criand.ad\/wp-content\/uploads\/2025\/05\/s-1.jpg","contentUrl":"https:\/\/criand.ad\/wp-content\/uploads\/2025\/05\/s-1.jpg","width":800,"height":534},{"@type":"BreadcrumbList","@id":"https:\/\/criand.ad\/producto\/pack-seguiment-embaras-a-domicili-5-visites-de-preparacio-al-naixement\/#breadcrumb","itemListElement":[{"@type":"ListItem","position":1,"name":"Inici","item":"https:\/\/criand.ad\/fr\/"},{"@type":"ListItem","position":2,"name":"Productes","item":"https:\/\/criand.ad\/shop\/"},{"@type":"ListItem","position":3,"name":"Pack suivi de grossesse \u00e0 domicile 5 visites de pr\u00e9paration \u00e0 la naissance"}]},{"@type":"WebSite","@id":"https:\/\/criand.ad\/#website","url":"https:\/\/criand.ad\/","name":"CRIAND","description":"Embar\u00e0s, Postpart i Crian\u00e7a","potentialAction":[{"@type":"SearchAction","target":{"@type":"EntryPoint","urlTemplate":"https:\/\/criand.ad\/?s={search_term_string}"},"query-input":{"@type":"PropertyValueSpecification","valueRequired":true,"valueName":"search_term_string"}}],"inLanguage":"fr-FR"}]}},"_links":{"self":[{"href":"https:\/\/criand.ad\/fr\/wp-json\/wp\/v2\/product\/4831","targetHints":{"allow":["GET"]}}],"collection":[{"href":"https:\/\/criand.ad\/fr\/wp-json\/wp\/v2\/product"}],"about":[{"href":"https:\/\/criand.ad\/fr\/wp-json\/wp\/v2\/types\/product"}],"version-history":[{"count":1,"href":"https:\/\/criand.ad\/fr\/wp-json\/wp\/v2\/product\/4831\/revisions"}],"predecessor-version":[{"id":6756,"href":"https:\/\/criand.ad\/fr\/wp-json\/wp\/v2\/product\/4831\/revisions\/6756"}],"wp:featuredmedia":[{"embeddable":true,"href":"https:\/\/criand.ad\/fr\/wp-json\/wp\/v2\/media\/4832"}],"wp:attachment":[{"href":"https:\/\/criand.ad\/fr\/wp-json\/wp\/v2\/media?parent=4831"}],"wp:term":[{"taxonomy":"product_brand","embeddable":true,"href":"https:\/\/criand.ad\/fr\/wp-json\/wp\/v2\/product_brand?post=4831"},{"taxonomy":"product_cat","embeddable":true,"href":"https:\/\/criand.ad\/fr\/wp-json\/wp\/v2\/product_cat?post=4831"},{"taxonomy":"product_tag","embeddable":true,"href":"https:\/\/criand.ad\/fr\/wp-json\/wp\/v2\/product_tag?post=4831"},{"taxonomy":"giftcard-category","embeddable":true,"href":"https:\/\/criand.ad\/fr\/wp-json\/wp\/v2\/giftcard-category?post=4831"}],"curies":[{"name":"wp","href":"https:\/\/api.w.org\/{rel}","templated":true}]}}