{"id":4811,"date":"2025-05-31T07:31:22","date_gmt":"2025-05-31T05:31:22","guid":{"rendered":"http:\/\/criand.ad\/producto\/taller-individual-de-primers-auxilis-en-pediatria\/"},"modified":"2025-12-30T09:42:36","modified_gmt":"2025-12-30T08:42:36","slug":"atelier-individuel-de-premiers-secours-en-pediatrie","status":"publish","type":"product","link":"https:\/\/criand.ad\/fr\/producto\/atelier-individuel-de-premiers-secours-en-pediatrie\/","title":{"rendered":"Atelier individuel de premiers secours en p\u00e9diatrie"},"content":{"rendered":"<p data-start=\"327\" data-end=\"644\">Dans cet atelier sur les urgences p\u00e9diatriques \u00e0 domicile, exclusif en Andorre et destin\u00e9 aux familles, nous aborderons diff\u00e9rentes situations d\u2019urgence que vous pouvez rencontrer avec vos enfants et nous vous apprendrons \u00e0 agir d\u2019un point de vue th\u00e9orique et pratique \u00e0 travers des jeux de r\u00f4le et des simulations.<\/p>\n<ul data-start=\"646\" data-end=\"936\">\n<li data-start=\"646\" data-end=\"751\">\n<p data-start=\"648\" data-end=\"751\">Comment contr\u00f4ler et traiter la fi\u00e8vre, quand consulter un m\u00e9decin, mythes et croyances sur la fi\u00e8vre<\/p>\n<\/li>\n<li data-start=\"752\" data-end=\"843\">\n<p data-start=\"754\" data-end=\"843\">Comment pr\u00e9venir les \u00e9touffements et man\u0153uvres de premiers secours en cas d\u2019\u00e9touffement<\/p>\n<\/li>\n<li data-start=\"844\" data-end=\"936\">\n<p data-start=\"846\" data-end=\"936\">Comment agir face \u00e0 une convulsion et man\u0153uvres de premiers secours en cas de convulsion<\/p>\n<\/li>\n<\/ul>\n<p data-start=\"938\" data-end=\"1039\"><strong data-start=\"938\" data-end=\"950\">Inclus :<\/strong> r\u00e9sum\u00e9 de la session au format PDF et infographie sur les premiers secours \u00e0 domicile.<\/p>\n<p data-start=\"1041\" data-end=\"1077\" data-is-last-node=\"\" data-is-only-node=\"\"><strong data-start=\"1041\" data-end=\"1066\">Dur\u00e9e approximative :<\/strong> 90 minutes<\/p>\n","protected":false},"excerpt":{"rendered":"<p data-start=\"42\" data-end=\"103\"><strong data-start=\"42\" data-end=\"101\">Connaissez-vous les principales urgences en p\u00e9diatrie ?<\/strong><\/p>\n<p data-start=\"105\" data-end=\"222\">Quand votre enfant a de la fi\u00e8vre, vous stressez-vous et essayez-vous de faire baisser sa temp\u00e9rature \u00e0 tout prix ?<\/p>\n<p data-start=\"224\" data-end=\"277\">Savez-vous comment r\u00e9agir si un jour il s\u2019\u00e9touffe ?<\/p>\n<p data-start=\"327\" data-end=\"644\">Dans cet atelier sur les urgences p\u00e9diatriques \u00e0 domicile, exclusif en Andorre et destin\u00e9 aux familles, nous aborderons diff\u00e9rentes situations d\u2019urgence que vous pouvez rencontrer avec vos enfants et nous vous apprendrons \u00e0 agir d\u2019un point de vue th\u00e9orique et pratique \u00e0 travers des jeux de r\u00f4le et des simulations.<\/p>\n<ul data-start=\"646\" data-end=\"936\">\n<li data-start=\"646\" data-end=\"751\">\n<p data-start=\"648\" data-end=\"751\">Comment contr\u00f4ler et traiter la fi\u00e8vre, quand consulter un m\u00e9decin, mythes et croyances sur la fi\u00e8vre<\/p>\n<\/li>\n<li data-start=\"752\" data-end=\"843\">\n<p data-start=\"754\" data-end=\"843\">Comment pr\u00e9venir les \u00e9touffements et man\u0153uvres de premiers secours en cas d\u2019\u00e9touffement<\/p>\n<\/li>\n<li data-start=\"844\" data-end=\"936\">\n<p data-start=\"846\" data-end=\"936\">Comment agir face \u00e0 une convulsion et man\u0153uvres de premiers secours en cas de convulsion<\/p>\n<\/li>\n<\/ul>\n<p data-start=\"938\" data-end=\"1039\"><strong data-start=\"938\" data-end=\"950\">Inclus :<\/strong> r\u00e9sum\u00e9 de la session au format PDF et infographie sur les premiers secours \u00e0 domicile.<\/p>\n<p data-start=\"1041\" data-end=\"1077\" data-is-last-node=\"\" data-is-only-node=\"\"><strong data-start=\"1041\" data-end=\"1066\">Dur\u00e9e approximative :<\/strong> 90 minutes<\/p>\n<p data-start=\"224\" data-end=\"277\">Et si vous \u00eates confront\u00e9 \u00e0 une convulsion ?<\/p>\n","protected":false},"featured_media":4812,"template":"","meta":{"site-sidebar-layout":"no-sidebar","site-content-layout":"page-builder","ast-site-content-layout":"normal-width-container","site-content-style":"default","site-sidebar-style":"default","ast-global-header-display":"","ast-banner-title-visibility":"","ast-main-header-display":"","ast-hfb-above-header-display":"","ast-hfb-below-header-display":"","ast-hfb-mobile-header-display":"","site-post-title":"","ast-breadcrumbs-content":"","ast-featured-img":"","footer-sml-layout":"","theme-transparent-header-meta":"default","adv-header-id-meta":"","stick-header-meta":"default","header-above-stick-meta":"","header-main-stick-meta":"","header-below-stick-meta":"","astra-migrate-meta-layouts":"set","ast-page-background-enabled":"default","ast-page-background-meta":{"desktop":{"background-color":"","background-image":"","background-repeat":"repeat","background-position":"center center","background-size":"auto","background-attachment":"scroll","background-type":"","background-media":"","overlay-type":"","overlay-color":"","overlay-opacity":"","overlay-gradient":""},"tablet":{"background-color":"","background-image":"","background-repeat":"repeat","background-position":"center center","background-size":"auto","background-attachment":"scroll","background-type":"","background-media":"","overlay-type":"","overlay-color":"","overlay-opacity":"","overlay-gradient":""},"mobile":{"background-color":"","background-image":"","background-repeat":"repeat","background-position":"center center","background-size":"auto","background-attachment":"scroll","background-type":"","background-media":"","overlay-type":"","overlay-color":"","overlay-opacity":"","overlay-gradient":""}},"ast-content-background-meta":{"desktop":{"background-color":"var(--ast-global-color-5)","background-image":"","background-repeat":"repeat","background-position":"center center","background-size":"auto","background-attachment":"scroll","background-type":"","background-media":"","overlay-type":"","overlay-color":"","overlay-opacity":"","overlay-gradient":""},"tablet":{"background-color":"var(--ast-global-color-5)","background-image":"","background-repeat":"repeat","background-position":"center center","background-size":"auto","background-attachment":"scroll","background-type":"","background-media":"","overlay-type":"","overlay-color":"","overlay-opacity":"","overlay-gradient":""},"mobile":{"background-color":"var(--ast-global-color-5)","background-image":"","background-repeat":"repeat","background-position":"center center","background-size":"auto","background-attachment":"scroll","background-type":"","background-media":"","overlay-type":"","overlay-color":"","overlay-opacity":"","overlay-gradient":""}}},"product_brand":[],"product_cat":[140,136,279,141],"product_tag":[142,143,144,145],"giftcard-category":[],"class_list":{"0":"post-4811","1":"product","2":"type-product","3":"status-publish","4":"has-post-thumbnail","6":"product_cat-accompagnement-presentiel","7":"product_cat-ateliers","8":"product_cat-ateliers-premiers-secours","9":"product_cat-portpartum","10":"product_tag-nadons-0-3-mesos-fr","11":"product_tag-nadons-6-12-mesos-fr","12":"product_tag-nens-es-de-1-3-anys-fr","13":"product_tag-nens-es-de-3-a-7-anys-fr","14":"desktop-align-left","15":"tablet-align-left","16":"mobile-align-left","17":"ast-product-gallery-layout-horizontal-slider","18":"ast-product-gallery-with-no-image","19":"ast-magnify-disabled","20":"ast-product-tabs-layout-horizontal","22":"first","23":"outofstock","24":"virtual","25":"purchasable","26":"product-type-simple"},"yoast_head":"<!-- This site is optimized with the Yoast SEO plugin v26.6 - https:\/\/yoast.com\/wordpress\/plugins\/seo\/ -->\n<title>Atelier individuel de premiers secours en p\u00e9diatrie - Criand<\/title>\n<meta name=\"robots\" content=\"index, follow, max-snippet:-1, max-image-preview:large, max-video-preview:-1\" \/>\n<link rel=\"canonical\" href=\"https:\/\/criand.ad\/producto\/taller-individual-de-primers-auxilis-en-pediatria\/\" \/>\n<meta property=\"og:locale\" content=\"fr_FR\" \/>\n<meta property=\"og:type\" content=\"article\" \/>\n<meta property=\"og:title\" content=\"Atelier individuel de premiers secours en p\u00e9diatrie - Criand\" \/>\n<meta property=\"og:description\" content=\"Connaissez-vous les principales urgences en p\u00e9diatrie ? Quand votre enfant a de la fi\u00e8vre, vous stressez-vous et essayez-vous de faire baisser sa temp\u00e9rature \u00e0 tout prix ? Savez-vous comment r\u00e9agir si un jour il s\u2019\u00e9touffe ? Dans cet atelier sur les urgences p\u00e9diatriques \u00e0 domicile, exclusif en Andorre et destin\u00e9 aux familles, nous aborderons diff\u00e9rentes situations d\u2019urgence que vous pouvez rencontrer avec vos enfants et nous vous apprendrons \u00e0 agir d\u2019un point de vue th\u00e9orique et pratique \u00e0 travers des jeux de r\u00f4le et des simulations.     Comment contr\u00f4ler et traiter la fi\u00e8vre, quand consulter un m\u00e9decin, mythes et croyances sur la fi\u00e8vre    Comment pr\u00e9venir les \u00e9touffements et man\u0153uvres de premiers secours en cas d\u2019\u00e9touffement    Comment agir face \u00e0 une convulsion et man\u0153uvres de premiers secours en cas de convulsion   Inclus : r\u00e9sum\u00e9 de la session au format PDF et infographie sur les premiers secours \u00e0 domicile. Dur\u00e9e approximative : 90 minutes Et si vous \u00eates confront\u00e9 \u00e0 une convulsion ?\" \/>\n<meta property=\"og:url\" content=\"https:\/\/criand.ad\/producto\/taller-individual-de-primers-auxilis-en-pediatria\/\" \/>\n<meta property=\"og:site_name\" content=\"Criand\" \/>\n<meta property=\"article:modified_time\" content=\"2025-12-30T08:42:36+00:00\" \/>\n<meta property=\"og:image\" content=\"https:\/\/criand.ad\/wp-content\/uploads\/2025\/05\/screen.webp\" \/>\n\t<meta property=\"og:image:width\" content=\"533\" \/>\n\t<meta property=\"og:image:height\" content=\"800\" \/>\n\t<meta property=\"og:image:type\" content=\"image\/webp\" \/>\n<meta name=\"twitter:card\" content=\"summary_large_image\" \/>\n<meta name=\"twitter:label1\" content=\"Dur\u00e9e de lecture estim\u00e9e\" \/>\n\t<meta name=\"twitter:data1\" content=\"1 minute\" \/>\n<script type=\"application\/ld+json\" class=\"yoast-schema-graph\">{\"@context\":\"https:\/\/schema.org\",\"@graph\":[{\"@type\":\"WebPage\",\"@id\":\"https:\/\/criand.ad\/producto\/taller-individual-de-primers-auxilis-en-pediatria\/\",\"url\":\"https:\/\/criand.ad\/producto\/taller-individual-de-primers-auxilis-en-pediatria\/\",\"name\":\"Atelier individuel de premiers secours en p\u00e9diatrie - Criand\",\"isPartOf\":{\"@id\":\"https:\/\/criand.ad\/#website\"},\"primaryImageOfPage\":{\"@id\":\"https:\/\/criand.ad\/producto\/taller-individual-de-primers-auxilis-en-pediatria\/#primaryimage\"},\"image\":{\"@id\":\"https:\/\/criand.ad\/producto\/taller-individual-de-primers-auxilis-en-pediatria\/#primaryimage\"},\"thumbnailUrl\":\"https:\/\/criand.ad\/wp-content\/uploads\/2025\/05\/screen.webp\",\"datePublished\":\"2025-05-31T05:31:22+00:00\",\"dateModified\":\"2025-12-30T08:42:36+00:00\",\"breadcrumb\":{\"@id\":\"https:\/\/criand.ad\/producto\/taller-individual-de-primers-auxilis-en-pediatria\/#breadcrumb\"},\"inLanguage\":\"fr-FR\",\"potentialAction\":[{\"@type\":\"ReadAction\",\"target\":[\"https:\/\/criand.ad\/producto\/taller-individual-de-primers-auxilis-en-pediatria\/\"]}]},{\"@type\":\"ImageObject\",\"inLanguage\":\"fr-FR\",\"@id\":\"https:\/\/criand.ad\/producto\/taller-individual-de-primers-auxilis-en-pediatria\/#primaryimage\",\"url\":\"https:\/\/criand.ad\/wp-content\/uploads\/2025\/05\/screen.webp\",\"contentUrl\":\"https:\/\/criand.ad\/wp-content\/uploads\/2025\/05\/screen.webp\",\"width\":533,\"height\":800},{\"@type\":\"BreadcrumbList\",\"@id\":\"https:\/\/criand.ad\/producto\/taller-individual-de-primers-auxilis-en-pediatria\/#breadcrumb\",\"itemListElement\":[{\"@type\":\"ListItem\",\"position\":1,\"name\":\"Inici\",\"item\":\"https:\/\/criand.ad\/fr\/\"},{\"@type\":\"ListItem\",\"position\":2,\"name\":\"Productes\",\"item\":\"https:\/\/criand.ad\/shop\/\"},{\"@type\":\"ListItem\",\"position\":3,\"name\":\"Atelier individuel de premiers secours en p\u00e9diatrie\"}]},{\"@type\":\"WebSite\",\"@id\":\"https:\/\/criand.ad\/#website\",\"url\":\"https:\/\/criand.ad\/\",\"name\":\"CRIAND\",\"description\":\"Embar\u00e0s, Postpart i Crian\u00e7a\",\"potentialAction\":[{\"@type\":\"SearchAction\",\"target\":{\"@type\":\"EntryPoint\",\"urlTemplate\":\"https:\/\/criand.ad\/?s={search_term_string}\"},\"query-input\":{\"@type\":\"PropertyValueSpecification\",\"valueRequired\":true,\"valueName\":\"search_term_string\"}}],\"inLanguage\":\"fr-FR\"}]}<\/script>\n<!-- \/ Yoast SEO plugin. -->","yoast_head_json":{"title":"Atelier individuel de premiers secours en p\u00e9diatrie - Criand","robots":{"index":"index","follow":"follow","max-snippet":"max-snippet:-1","max-image-preview":"max-image-preview:large","max-video-preview":"max-video-preview:-1"},"canonical":"https:\/\/criand.ad\/producto\/taller-individual-de-primers-auxilis-en-pediatria\/","og_locale":"fr_FR","og_type":"article","og_title":"Atelier individuel de premiers secours en p\u00e9diatrie - Criand","og_description":"Connaissez-vous les principales urgences en p\u00e9diatrie ? Quand votre enfant a de la fi\u00e8vre, vous stressez-vous et essayez-vous de faire baisser sa temp\u00e9rature \u00e0 tout prix ? Savez-vous comment r\u00e9agir si un jour il s\u2019\u00e9touffe ? Dans cet atelier sur les urgences p\u00e9diatriques \u00e0 domicile, exclusif en Andorre et destin\u00e9 aux familles, nous aborderons diff\u00e9rentes situations d\u2019urgence que vous pouvez rencontrer avec vos enfants et nous vous apprendrons \u00e0 agir d\u2019un point de vue th\u00e9orique et pratique \u00e0 travers des jeux de r\u00f4le et des simulations.     Comment contr\u00f4ler et traiter la fi\u00e8vre, quand consulter un m\u00e9decin, mythes et croyances sur la fi\u00e8vre    Comment pr\u00e9venir les \u00e9touffements et man\u0153uvres de premiers secours en cas d\u2019\u00e9touffement    Comment agir face \u00e0 une convulsion et man\u0153uvres de premiers secours en cas de convulsion   Inclus : r\u00e9sum\u00e9 de la session au format PDF et infographie sur les premiers secours \u00e0 domicile. Dur\u00e9e approximative : 90 minutes Et si vous \u00eates confront\u00e9 \u00e0 une convulsion ?","og_url":"https:\/\/criand.ad\/producto\/taller-individual-de-primers-auxilis-en-pediatria\/","og_site_name":"Criand","article_modified_time":"2025-12-30T08:42:36+00:00","og_image":[{"width":533,"height":800,"url":"https:\/\/criand.ad\/wp-content\/uploads\/2025\/05\/screen.webp","type":"image\/webp"}],"twitter_card":"summary_large_image","twitter_misc":{"Dur\u00e9e de lecture estim\u00e9e":"1 minute"},"schema":{"@context":"https:\/\/schema.org","@graph":[{"@type":"WebPage","@id":"https:\/\/criand.ad\/producto\/taller-individual-de-primers-auxilis-en-pediatria\/","url":"https:\/\/criand.ad\/producto\/taller-individual-de-primers-auxilis-en-pediatria\/","name":"Atelier individuel de premiers secours en p\u00e9diatrie - Criand","isPartOf":{"@id":"https:\/\/criand.ad\/#website"},"primaryImageOfPage":{"@id":"https:\/\/criand.ad\/producto\/taller-individual-de-primers-auxilis-en-pediatria\/#primaryimage"},"image":{"@id":"https:\/\/criand.ad\/producto\/taller-individual-de-primers-auxilis-en-pediatria\/#primaryimage"},"thumbnailUrl":"https:\/\/criand.ad\/wp-content\/uploads\/2025\/05\/screen.webp","datePublished":"2025-05-31T05:31:22+00:00","dateModified":"2025-12-30T08:42:36+00:00","breadcrumb":{"@id":"https:\/\/criand.ad\/producto\/taller-individual-de-primers-auxilis-en-pediatria\/#breadcrumb"},"inLanguage":"fr-FR","potentialAction":[{"@type":"ReadAction","target":["https:\/\/criand.ad\/producto\/taller-individual-de-primers-auxilis-en-pediatria\/"]}]},{"@type":"ImageObject","inLanguage":"fr-FR","@id":"https:\/\/criand.ad\/producto\/taller-individual-de-primers-auxilis-en-pediatria\/#primaryimage","url":"https:\/\/criand.ad\/wp-content\/uploads\/2025\/05\/screen.webp","contentUrl":"https:\/\/criand.ad\/wp-content\/uploads\/2025\/05\/screen.webp","width":533,"height":800},{"@type":"BreadcrumbList","@id":"https:\/\/criand.ad\/producto\/taller-individual-de-primers-auxilis-en-pediatria\/#breadcrumb","itemListElement":[{"@type":"ListItem","position":1,"name":"Inici","item":"https:\/\/criand.ad\/fr\/"},{"@type":"ListItem","position":2,"name":"Productes","item":"https:\/\/criand.ad\/shop\/"},{"@type":"ListItem","position":3,"name":"Atelier individuel de premiers secours en p\u00e9diatrie"}]},{"@type":"WebSite","@id":"https:\/\/criand.ad\/#website","url":"https:\/\/criand.ad\/","name":"CRIAND","description":"Embar\u00e0s, Postpart i Crian\u00e7a","potentialAction":[{"@type":"SearchAction","target":{"@type":"EntryPoint","urlTemplate":"https:\/\/criand.ad\/?s={search_term_string}"},"query-input":{"@type":"PropertyValueSpecification","valueRequired":true,"valueName":"search_term_string"}}],"inLanguage":"fr-FR"}]}},"_links":{"self":[{"href":"https:\/\/criand.ad\/fr\/wp-json\/wp\/v2\/product\/4811","targetHints":{"allow":["GET"]}}],"collection":[{"href":"https:\/\/criand.ad\/fr\/wp-json\/wp\/v2\/product"}],"about":[{"href":"https:\/\/criand.ad\/fr\/wp-json\/wp\/v2\/types\/product"}],"version-history":[{"count":1,"href":"https:\/\/criand.ad\/fr\/wp-json\/wp\/v2\/product\/4811\/revisions"}],"predecessor-version":[{"id":6794,"href":"https:\/\/criand.ad\/fr\/wp-json\/wp\/v2\/product\/4811\/revisions\/6794"}],"wp:featuredmedia":[{"embeddable":true,"href":"https:\/\/criand.ad\/fr\/wp-json\/wp\/v2\/media\/4812"}],"wp:attachment":[{"href":"https:\/\/criand.ad\/fr\/wp-json\/wp\/v2\/media?parent=4811"}],"wp:term":[{"taxonomy":"product_brand","embeddable":true,"href":"https:\/\/criand.ad\/fr\/wp-json\/wp\/v2\/product_brand?post=4811"},{"taxonomy":"product_cat","embeddable":true,"href":"https:\/\/criand.ad\/fr\/wp-json\/wp\/v2\/product_cat?post=4811"},{"taxonomy":"product_tag","embeddable":true,"href":"https:\/\/criand.ad\/fr\/wp-json\/wp\/v2\/product_tag?post=4811"},{"taxonomy":"giftcard-category","embeddable":true,"href":"https:\/\/criand.ad\/fr\/wp-json\/wp\/v2\/giftcard-category?post=4811"}],"curies":[{"name":"wp","href":"https:\/\/api.w.org\/{rel}","templated":true}]}}