{"id":4804,"date":"2025-05-31T07:33:54","date_gmt":"2025-05-31T05:33:54","guid":{"rendered":"http:\/\/criand.ad\/producto\/consulta-whatsapp\/"},"modified":"2025-09-08T20:39:36","modified_gmt":"2025-09-08T20:39:36","slug":"consultation-whatsapp","status":"publish","type":"product","link":"https:\/\/criand.ad\/fr\/producto\/consultation-whatsapp\/","title":{"rendered":"Consultation Whatsapp"},"content":{"rendered":"<article class=\"text-token-text-primary w-full focus:outline-none scroll-mt-[calc(var(--header-height)+min(200px,max(70px,20svh)))]\" dir=\"auto\" tabindex=\"-1\" data-turn-id=\"request-WEB:6da0a9de-3612-410f-88e1-504687fae880-36\" data-testid=\"conversation-turn-74\" data-scroll-anchor=\"true\" data-turn=\"assistant\">\n<div class=\"text-base my-auto mx-auto pb-10 [--thread-content-margin:--spacing(4)] thread-sm:[--thread-content-margin:--spacing(6)] thread-lg:[--thread-content-margin:--spacing(16)] px-(--thread-content-margin)\">\n<div class=\"[--thread-content-max-width:40rem] thread-sm:[--thread-content-max-width:40rem] thread-lg:[--thread-content-max-width:48rem] mx-auto max-w-(--thread-content-max-width) flex-1 group\/turn-messages focus-visible:outline-hidden relative flex w-full min-w-0 flex-col agent-turn\" tabindex=\"-1\">\n<div class=\"flex max-w-full flex-col grow\">\n<div class=\"min-h-8 text-message relative flex w-full flex-col items-end gap-2 text-start break-words whitespace-normal [.text-message+&amp;]:mt-5\" dir=\"auto\" data-message-author-role=\"assistant\" data-message-id=\"fad33a18-23c0-4d13-9340-db9e88f65c7a\" data-message-model-slug=\"gpt-5-mini\">\n<div class=\"flex w-full flex-col gap-1 empty:hidden first:pt-[3px]\">\n<div class=\"markdown prose dark:prose-invert w-full break-words light markdown-new-styling\">\n<p data-start=\"659\" data-end=\"688\"><strong data-start=\"659\" data-end=\"686\">Pourquoi nous choisir ?<\/strong><\/p>\n<ul data-start=\"689\" data-end=\"1044\">\n<li data-start=\"689\" data-end=\"802\">\n<p data-start=\"691\" data-end=\"802\"><strong data-start=\"691\" data-end=\"722\">Accessibilit\u00e9 instantan\u00e9e :<\/strong> R\u00e9ponse rapide et personnalis\u00e9e \u00e0 toutes vos questions en moins de 12 heures.<\/p>\n<\/li>\n<li data-start=\"803\" data-end=\"874\">\n<p data-start=\"805\" data-end=\"874\"><strong data-start=\"805\" data-end=\"835\">Confidentialit\u00e9 garantie :<\/strong> Votre vie priv\u00e9e est notre priorit\u00e9.<\/p>\n<\/li>\n<li data-start=\"875\" data-end=\"1044\">\n<p data-start=\"877\" data-end=\"1044\"><strong data-start=\"877\" data-end=\"948\">Accompagnement professionnel de la grossesse jusqu\u2019au post-partum :<\/strong> En tant que sages-femmes, nous vous offrons des conseils actualis\u00e9s et adapt\u00e9s \u00e0 vos besoins.<\/p>\n<\/li>\n<\/ul>\n<p data-start=\"1046\" data-end=\"1227\">Peu importe o\u00f9 vous vous trouvez, nous serons \u00e0 vos c\u00f4t\u00e9s pour vous apporter soutien, orientation et solutions adapt\u00e9es \u00e0 chaque moment de votre grossesse et de votre post-partum.<\/p>\n<p data-start=\"1229\" data-end=\"1336\" data-is-last-node=\"\" data-is-only-node=\"\">Envoyez-nous un message via WhatsApp et obtenez les conseils dont vous avez besoin pour vous et votre b\u00e9b\u00e9.<\/p>\n<\/div>\n<\/div>\n<\/div>\n<\/div>\n<\/div>\n<\/div>\n<\/article>\n","protected":false},"excerpt":{"rendered":"<p data-start=\"42\" data-end=\"113\"><strong data-start=\"42\" data-end=\"111\">Consultations pendant la grossesse et le post-partum via WhatsApp<\/strong><\/p>\n<p data-start=\"115\" data-end=\"405\">Sur le chemin de la grossesse et du post-partum, chaque question est importante. Chez Criand, nous souhaitons vous accompagner de mani\u00e8re proche et accessible. C\u2019est pourquoi nous proposons un service de r\u00e9solution de questions sur la grossesse et le post-partum directement via WhatsApp.<\/p>\n<p data-start=\"407\" data-end=\"657\">Notre \u00e9quipe est l\u00e0 pour r\u00e9pondre \u00e0 vos questions rapidement, de mani\u00e8re confidentielle et pratique. Plus besoin d\u2019attendre pour obtenir des r\u00e9ponses : vous pouvez nous contacter quand vous en avez le plus besoin, depuis le confort de votre mobile.<\/p>\n","protected":false},"featured_media":4805,"template":"","meta":{"site-sidebar-layout":"default","site-content-layout":"","ast-site-content-layout":"default","site-content-style":"default","site-sidebar-style":"default","ast-global-header-display":"","ast-banner-title-visibility":"","ast-main-header-display":"","ast-hfb-above-header-display":"","ast-hfb-below-header-display":"","ast-hfb-mobile-header-display":"","site-post-title":"","ast-breadcrumbs-content":"","ast-featured-img":"","footer-sml-layout":"","theme-transparent-header-meta":"default","adv-header-id-meta":"","stick-header-meta":"default","header-above-stick-meta":"","header-main-stick-meta":"","header-below-stick-meta":"","astra-migrate-meta-layouts":"set","ast-page-background-enabled":"default","ast-page-background-meta":{"desktop":{"background-color":"","background-image":"","background-repeat":"repeat","background-position":"center center","background-size":"auto","background-attachment":"scroll","background-type":"","background-media":"","overlay-type":"","overlay-color":"","overlay-opacity":"","overlay-gradient":""},"tablet":{"background-color":"","background-image":"","background-repeat":"repeat","background-position":"center center","background-size":"auto","background-attachment":"scroll","background-type":"","background-media":"","overlay-type":"","overlay-color":"","overlay-opacity":"","overlay-gradient":""},"mobile":{"background-color":"","background-image":"","background-repeat":"repeat","background-position":"center center","background-size":"auto","background-attachment":"scroll","background-type":"","background-media":"","overlay-type":"","overlay-color":"","overlay-opacity":"","overlay-gradient":""}},"ast-content-background-meta":{"desktop":{"background-color":"var(--ast-global-color-5)","background-image":"","background-repeat":"repeat","background-position":"center center","background-size":"auto","background-attachment":"scroll","background-type":"","background-media":"","overlay-type":"","overlay-color":"","overlay-opacity":"","overlay-gradient":""},"tablet":{"background-color":"var(--ast-global-color-5)","background-image":"","background-repeat":"repeat","background-position":"center center","background-size":"auto","background-attachment":"scroll","background-type":"","background-media":"","overlay-type":"","overlay-color":"","overlay-opacity":"","overlay-gradient":""},"mobile":{"background-color":"var(--ast-global-color-5)","background-image":"","background-repeat":"repeat","background-position":"center center","background-size":"auto","background-attachment":"scroll","background-type":"","background-media":"","overlay-type":"","overlay-color":"","overlay-opacity":"","overlay-gradient":""}}},"product_brand":[],"product_cat":[128],"product_tag":[129,130,131],"giftcard-category":[],"class_list":{"0":"post-4804","1":"product","2":"type-product","3":"status-publish","4":"has-post-thumbnail","6":"product_cat-accompagnement-en-ligne","7":"product_tag-andorra-fr","8":"product_tag-assessorament-fr","9":"product_tag-online-fr","10":"desktop-align-left","11":"tablet-align-left","12":"mobile-align-left","13":"ast-product-gallery-layout-horizontal-slider","14":"ast-product-gallery-with-no-image","15":"ast-magnify-disabled","16":"ast-product-tabs-layout-horizontal","18":"first","19":"instock","20":"virtual","21":"purchasable","22":"product-type-simple"},"yoast_head":"<!-- This site is optimized with the Yoast SEO plugin v26.6 - https:\/\/yoast.com\/wordpress\/plugins\/seo\/ -->\n<title>Consultation Whatsapp - Criand<\/title>\n<meta name=\"robots\" content=\"index, follow, max-snippet:-1, max-image-preview:large, max-video-preview:-1\" \/>\n<link rel=\"canonical\" href=\"https:\/\/criand.ad\/fr\/producto\/consultation-whatsapp\/\" \/>\n<meta property=\"og:locale\" content=\"fr_FR\" \/>\n<meta property=\"og:type\" content=\"article\" \/>\n<meta property=\"og:title\" content=\"Consultation Whatsapp - Criand\" \/>\n<meta property=\"og:description\" content=\"Consultations pendant la grossesse et le post-partum via WhatsApp Sur le chemin de la grossesse et du post-partum, chaque question est importante. Chez Criand, nous souhaitons vous accompagner de mani\u00e8re proche et accessible. C\u2019est pourquoi nous proposons un service de r\u00e9solution de questions sur la grossesse et le post-partum directement via WhatsApp. Notre \u00e9quipe est l\u00e0 pour r\u00e9pondre \u00e0 vos questions rapidement, de mani\u00e8re confidentielle et pratique. Plus besoin d\u2019attendre pour obtenir des r\u00e9ponses : vous pouvez nous contacter quand vous en avez le plus besoin, depuis le confort de votre mobile.\" \/>\n<meta property=\"og:url\" content=\"https:\/\/criand.ad\/fr\/producto\/consultation-whatsapp\/\" \/>\n<meta property=\"og:site_name\" content=\"Criand\" \/>\n<meta property=\"article:modified_time\" content=\"2025-09-08T20:39:36+00:00\" \/>\n<meta property=\"og:image\" content=\"https:\/\/criand.ad\/wp-content\/uploads\/2025\/05\/PHOTO-2025-03-16-18-46-06.jpg\" \/>\n\t<meta property=\"og:image:width\" content=\"612\" \/>\n\t<meta property=\"og:image:height\" content=\"408\" \/>\n\t<meta property=\"og:image:type\" content=\"image\/jpeg\" \/>\n<meta name=\"twitter:card\" content=\"summary_large_image\" \/>\n<meta name=\"twitter:label1\" content=\"Dur\u00e9e de lecture estim\u00e9e\" \/>\n\t<meta name=\"twitter:data1\" content=\"1 minute\" \/>\n<script type=\"application\/ld+json\" class=\"yoast-schema-graph\">{\"@context\":\"https:\/\/schema.org\",\"@graph\":[{\"@type\":\"WebPage\",\"@id\":\"https:\/\/criand.ad\/fr\/producto\/consultation-whatsapp\/\",\"url\":\"https:\/\/criand.ad\/fr\/producto\/consultation-whatsapp\/\",\"name\":\"Consultation Whatsapp - Criand\",\"isPartOf\":{\"@id\":\"https:\/\/criand.ad\/#website\"},\"primaryImageOfPage\":{\"@id\":\"https:\/\/criand.ad\/fr\/producto\/consultation-whatsapp\/#primaryimage\"},\"image\":{\"@id\":\"https:\/\/criand.ad\/fr\/producto\/consultation-whatsapp\/#primaryimage\"},\"thumbnailUrl\":\"https:\/\/criand.ad\/wp-content\/uploads\/2025\/05\/PHOTO-2025-03-16-18-46-06.jpg\",\"datePublished\":\"2025-05-31T05:33:54+00:00\",\"dateModified\":\"2025-09-08T20:39:36+00:00\",\"breadcrumb\":{\"@id\":\"https:\/\/criand.ad\/fr\/producto\/consultation-whatsapp\/#breadcrumb\"},\"inLanguage\":\"fr-FR\",\"potentialAction\":[{\"@type\":\"ReadAction\",\"target\":[\"https:\/\/criand.ad\/fr\/producto\/consultation-whatsapp\/\"]}]},{\"@type\":\"ImageObject\",\"inLanguage\":\"fr-FR\",\"@id\":\"https:\/\/criand.ad\/fr\/producto\/consultation-whatsapp\/#primaryimage\",\"url\":\"https:\/\/criand.ad\/wp-content\/uploads\/2025\/05\/PHOTO-2025-03-16-18-46-06.jpg\",\"contentUrl\":\"https:\/\/criand.ad\/wp-content\/uploads\/2025\/05\/PHOTO-2025-03-16-18-46-06.jpg\",\"width\":612,\"height\":408},{\"@type\":\"BreadcrumbList\",\"@id\":\"https:\/\/criand.ad\/fr\/producto\/consultation-whatsapp\/#breadcrumb\",\"itemListElement\":[{\"@type\":\"ListItem\",\"position\":1,\"name\":\"Inici\",\"item\":\"https:\/\/criand.ad\/fr\/\"},{\"@type\":\"ListItem\",\"position\":2,\"name\":\"Productes\",\"item\":\"https:\/\/criand.ad\/shop\/\"},{\"@type\":\"ListItem\",\"position\":3,\"name\":\"Consultation Whatsapp\"}]},{\"@type\":\"WebSite\",\"@id\":\"https:\/\/criand.ad\/#website\",\"url\":\"https:\/\/criand.ad\/\",\"name\":\"CRIAND\",\"description\":\"Embar\u00e0s, Postpart i Crian\u00e7a\",\"potentialAction\":[{\"@type\":\"SearchAction\",\"target\":{\"@type\":\"EntryPoint\",\"urlTemplate\":\"https:\/\/criand.ad\/?s={search_term_string}\"},\"query-input\":{\"@type\":\"PropertyValueSpecification\",\"valueRequired\":true,\"valueName\":\"search_term_string\"}}],\"inLanguage\":\"fr-FR\"}]}<\/script>\n<!-- \/ Yoast SEO plugin. -->","yoast_head_json":{"title":"Consultation Whatsapp - Criand","robots":{"index":"index","follow":"follow","max-snippet":"max-snippet:-1","max-image-preview":"max-image-preview:large","max-video-preview":"max-video-preview:-1"},"canonical":"https:\/\/criand.ad\/fr\/producto\/consultation-whatsapp\/","og_locale":"fr_FR","og_type":"article","og_title":"Consultation Whatsapp - Criand","og_description":"Consultations pendant la grossesse et le post-partum via WhatsApp Sur le chemin de la grossesse et du post-partum, chaque question est importante. Chez Criand, nous souhaitons vous accompagner de mani\u00e8re proche et accessible. C\u2019est pourquoi nous proposons un service de r\u00e9solution de questions sur la grossesse et le post-partum directement via WhatsApp. Notre \u00e9quipe est l\u00e0 pour r\u00e9pondre \u00e0 vos questions rapidement, de mani\u00e8re confidentielle et pratique. Plus besoin d\u2019attendre pour obtenir des r\u00e9ponses : vous pouvez nous contacter quand vous en avez le plus besoin, depuis le confort de votre mobile.","og_url":"https:\/\/criand.ad\/fr\/producto\/consultation-whatsapp\/","og_site_name":"Criand","article_modified_time":"2025-09-08T20:39:36+00:00","og_image":[{"width":612,"height":408,"url":"https:\/\/criand.ad\/wp-content\/uploads\/2025\/05\/PHOTO-2025-03-16-18-46-06.jpg","type":"image\/jpeg"}],"twitter_card":"summary_large_image","twitter_misc":{"Dur\u00e9e de lecture estim\u00e9e":"1 minute"},"schema":{"@context":"https:\/\/schema.org","@graph":[{"@type":"WebPage","@id":"https:\/\/criand.ad\/fr\/producto\/consultation-whatsapp\/","url":"https:\/\/criand.ad\/fr\/producto\/consultation-whatsapp\/","name":"Consultation Whatsapp - Criand","isPartOf":{"@id":"https:\/\/criand.ad\/#website"},"primaryImageOfPage":{"@id":"https:\/\/criand.ad\/fr\/producto\/consultation-whatsapp\/#primaryimage"},"image":{"@id":"https:\/\/criand.ad\/fr\/producto\/consultation-whatsapp\/#primaryimage"},"thumbnailUrl":"https:\/\/criand.ad\/wp-content\/uploads\/2025\/05\/PHOTO-2025-03-16-18-46-06.jpg","datePublished":"2025-05-31T05:33:54+00:00","dateModified":"2025-09-08T20:39:36+00:00","breadcrumb":{"@id":"https:\/\/criand.ad\/fr\/producto\/consultation-whatsapp\/#breadcrumb"},"inLanguage":"fr-FR","potentialAction":[{"@type":"ReadAction","target":["https:\/\/criand.ad\/fr\/producto\/consultation-whatsapp\/"]}]},{"@type":"ImageObject","inLanguage":"fr-FR","@id":"https:\/\/criand.ad\/fr\/producto\/consultation-whatsapp\/#primaryimage","url":"https:\/\/criand.ad\/wp-content\/uploads\/2025\/05\/PHOTO-2025-03-16-18-46-06.jpg","contentUrl":"https:\/\/criand.ad\/wp-content\/uploads\/2025\/05\/PHOTO-2025-03-16-18-46-06.jpg","width":612,"height":408},{"@type":"BreadcrumbList","@id":"https:\/\/criand.ad\/fr\/producto\/consultation-whatsapp\/#breadcrumb","itemListElement":[{"@type":"ListItem","position":1,"name":"Inici","item":"https:\/\/criand.ad\/fr\/"},{"@type":"ListItem","position":2,"name":"Productes","item":"https:\/\/criand.ad\/shop\/"},{"@type":"ListItem","position":3,"name":"Consultation Whatsapp"}]},{"@type":"WebSite","@id":"https:\/\/criand.ad\/#website","url":"https:\/\/criand.ad\/","name":"CRIAND","description":"Embar\u00e0s, Postpart i Crian\u00e7a","potentialAction":[{"@type":"SearchAction","target":{"@type":"EntryPoint","urlTemplate":"https:\/\/criand.ad\/?s={search_term_string}"},"query-input":{"@type":"PropertyValueSpecification","valueRequired":true,"valueName":"search_term_string"}}],"inLanguage":"fr-FR"}]}},"_links":{"self":[{"href":"https:\/\/criand.ad\/fr\/wp-json\/wp\/v2\/product\/4804","targetHints":{"allow":["GET"]}}],"collection":[{"href":"https:\/\/criand.ad\/fr\/wp-json\/wp\/v2\/product"}],"about":[{"href":"https:\/\/criand.ad\/fr\/wp-json\/wp\/v2\/types\/product"}],"version-history":[{"count":0,"href":"https:\/\/criand.ad\/fr\/wp-json\/wp\/v2\/product\/4804\/revisions"}],"wp:featuredmedia":[{"embeddable":true,"href":"https:\/\/criand.ad\/fr\/wp-json\/wp\/v2\/media\/4805"}],"wp:attachment":[{"href":"https:\/\/criand.ad\/fr\/wp-json\/wp\/v2\/media?parent=4804"}],"wp:term":[{"taxonomy":"product_brand","embeddable":true,"href":"https:\/\/criand.ad\/fr\/wp-json\/wp\/v2\/product_brand?post=4804"},{"taxonomy":"product_cat","embeddable":true,"href":"https:\/\/criand.ad\/fr\/wp-json\/wp\/v2\/product_cat?post=4804"},{"taxonomy":"product_tag","embeddable":true,"href":"https:\/\/criand.ad\/fr\/wp-json\/wp\/v2\/product_tag?post=4804"},{"taxonomy":"giftcard-category","embeddable":true,"href":"https:\/\/criand.ad\/fr\/wp-json\/wp\/v2\/giftcard-category?post=4804"}],"curies":[{"name":"wp","href":"https:\/\/api.w.org\/{rel}","templated":true}]}}