{"id":1899,"date":"2025-05-31T07:31:22","date_gmt":"2025-05-31T07:31:22","guid":{"rendered":"http:\/\/criand.ad\/producto\/disciplina-positiva-lorigen-del-comportament\/"},"modified":"2025-08-25T11:18:49","modified_gmt":"2025-08-25T11:18:49","slug":"disciplina-positiva-lorigen-del-comportament","status":"publish","type":"product","link":"https:\/\/criand.ad\/fr\/producto\/disciplina-positiva-lorigen-del-comportament\/","title":{"rendered":"Disciplina positiva: L\u2019or\u00edgen del comportament"},"content":{"rendered":"<p>Us agradaria saber que necessiten realment els nens? Voleu entendre el perqu\u00e8 de moltes conductes i aix\u00ed poder educar conscientment?<br \/>\nEn aquest taller d&rsquo;introducci\u00f3 a la disciplina positiva explicarem les bases d&rsquo;aquesta corrent educativa, el perqu\u00e8 del comportament de les criatures i us donarem les primeres eines cap a una educaci\u00f3 respectuosa pero ferma amb els vostres fills\/es.<\/p>\n<p>Recorda que pots agafar aquest taller de manera individual o dins el pack 4 tallers de disciplina positiva.<\/p>\n<p><b>Video del taller disponible de manera imediata just despr\u00e9s de la compra.\u00a0<\/b><\/p>\n<p>Amb la compra s&rsquo;inclou l&rsquo;enlla\u00e7 per connectar-vos a totes les sessions de dubtes mensuals sobre disciplina positiva amb l&rsquo;Elena Anglada. All\u00e0 podreu comentar les vostres situacions personals, aprendre d&rsquo;altres families i resoldre els dubtes. Podeu connectar-vos-hi tantes vegades com vulgueu durant els propers 6 mesos!<\/p>\n<p>&nbsp;<\/p>\n","protected":false},"excerpt":{"rendered":"<p>Us agradaria saber que necessiten realment els nens? Voleu entendre el perqu\u00e8 de moltes conductes i aix\u00ed poder educar conscientment? En aquest taller d&rsquo;introducci\u00f3 a la disciplina positiva explicarem les bases d&rsquo;aquesta corrent educativa, el perqu\u00e8 del comportament de les criatures i us donarem les primeres eines cap a una educaci\u00f3 respectuosa pero ferma amb [&hellip;]<\/p>\n","protected":false},"featured_media":1901,"template":"","meta":{"site-sidebar-layout":"default","site-content-layout":"","ast-site-content-layout":"default","site-content-style":"default","site-sidebar-style":"default","ast-global-header-display":"","ast-banner-title-visibility":"","ast-main-header-display":"","ast-hfb-above-header-display":"","ast-hfb-below-header-display":"","ast-hfb-mobile-header-display":"","site-post-title":"","ast-breadcrumbs-content":"","ast-featured-img":"","footer-sml-layout":"","theme-transparent-header-meta":"","adv-header-id-meta":"","stick-header-meta":"","header-above-stick-meta":"","header-main-stick-meta":"","header-below-stick-meta":"","astra-migrate-meta-layouts":"default","ast-page-background-enabled":"default","ast-page-background-meta":{"desktop":{"background-color":"","background-image":"","background-repeat":"repeat","background-position":"center center","background-size":"auto","background-attachment":"scroll","background-type":"","background-media":"","overlay-type":"","overlay-color":"","overlay-opacity":"","overlay-gradient":""},"tablet":{"background-color":"","background-image":"","background-repeat":"repeat","background-position":"center center","background-size":"auto","background-attachment":"scroll","background-type":"","background-media":"","overlay-type":"","overlay-color":"","overlay-opacity":"","overlay-gradient":""},"mobile":{"background-color":"","background-image":"","background-repeat":"repeat","background-position":"center center","background-size":"auto","background-attachment":"scroll","background-type":"","background-media":"","overlay-type":"","overlay-color":"","overlay-opacity":"","overlay-gradient":""}},"ast-content-background-meta":{"desktop":{"background-color":"var(--ast-global-color-5)","background-image":"","background-repeat":"repeat","background-position":"center center","background-size":"auto","background-attachment":"scroll","background-type":"","background-media":"","overlay-type":"","overlay-color":"","overlay-opacity":"","overlay-gradient":""},"tablet":{"background-color":"var(--ast-global-color-5)","background-image":"","background-repeat":"repeat","background-position":"center center","background-size":"auto","background-attachment":"scroll","background-type":"","background-media":"","overlay-type":"","overlay-color":"","overlay-opacity":"","overlay-gradient":""},"mobile":{"background-color":"var(--ast-global-color-5)","background-image":"","background-repeat":"repeat","background-position":"center center","background-size":"auto","background-attachment":"scroll","background-type":"","background-media":"","overlay-type":"","overlay-color":"","overlay-opacity":"","overlay-gradient":""}}},"product_brand":[],"product_cat":[15],"product_tag":[50,51,52],"giftcard-category":[],"class_list":{"0":"post-1899","1":"product","2":"type-product","3":"status-publish","4":"has-post-thumbnail","6":"product_cat-sin-categorizar","7":"product_tag-disciplina-positiva","8":"product_tag-nens-es-de-1-3-anys","9":"product_tag-nens-es-de-3-a-7-anys","10":"desktop-align-left","11":"tablet-align-left","12":"mobile-align-left","13":"ast-product-gallery-layout-horizontal-slider","14":"ast-product-gallery-with-no-image","15":"ast-magnify-disabled","16":"ast-product-tabs-layout-horizontal","18":"first","19":"outofstock","20":"virtual","21":"purchasable","22":"product-type-simple"},"yoast_head":"<!-- This site is optimized with the Yoast SEO plugin v26.6 - https:\/\/yoast.com\/wordpress\/plugins\/seo\/ -->\n<title>Disciplina positiva: L\u2019or\u00edgen del comportament - Criand<\/title>\n<meta name=\"robots\" content=\"index, follow, max-snippet:-1, max-image-preview:large, max-video-preview:-1\" \/>\n<link rel=\"canonical\" href=\"https:\/\/criand.ad\/producto\/disciplina-positiva-lorigen-del-comportament\/\" \/>\n<meta property=\"og:locale\" content=\"fr_FR\" \/>\n<meta property=\"og:type\" content=\"article\" \/>\n<meta property=\"og:title\" content=\"Disciplina positiva: L\u2019or\u00edgen del comportament - Criand\" \/>\n<meta property=\"og:description\" content=\"Us agradaria saber que necessiten realment els nens? Voleu entendre el perqu\u00e8 de moltes conductes i aix\u00ed poder educar conscientment? En aquest taller d&rsquo;introducci\u00f3 a la disciplina positiva explicarem les bases d&rsquo;aquesta corrent educativa, el perqu\u00e8 del comportament de les criatures i us donarem les primeres eines cap a una educaci\u00f3 respectuosa pero ferma amb [&hellip;]\" \/>\n<meta property=\"og:url\" content=\"https:\/\/criand.ad\/producto\/disciplina-positiva-lorigen-del-comportament\/\" \/>\n<meta property=\"og:site_name\" content=\"Criand\" \/>\n<meta property=\"article:modified_time\" content=\"2025-08-25T11:18:49+00:00\" \/>\n<meta property=\"og:image\" content=\"https:\/\/criand.ad\/wp-content\/uploads\/2025\/05\/25136E88-44EB-4282-A980-EC8017163DB0-1024x1024.png\" \/>\n\t<meta property=\"og:image:width\" content=\"1024\" \/>\n\t<meta property=\"og:image:height\" content=\"1024\" \/>\n\t<meta property=\"og:image:type\" content=\"image\/png\" \/>\n<meta name=\"twitter:card\" content=\"summary_large_image\" \/>\n<meta name=\"twitter:label1\" content=\"Dur\u00e9e de lecture estim\u00e9e\" \/>\n\t<meta name=\"twitter:data1\" content=\"1 minute\" \/>\n<script type=\"application\/ld+json\" class=\"yoast-schema-graph\">{\"@context\":\"https:\/\/schema.org\",\"@graph\":[{\"@type\":\"WebPage\",\"@id\":\"https:\/\/criand.ad\/producto\/disciplina-positiva-lorigen-del-comportament\/\",\"url\":\"https:\/\/criand.ad\/producto\/disciplina-positiva-lorigen-del-comportament\/\",\"name\":\"Disciplina positiva: L\u2019or\u00edgen del comportament - Criand\",\"isPartOf\":{\"@id\":\"https:\/\/criand.ad\/#website\"},\"primaryImageOfPage\":{\"@id\":\"https:\/\/criand.ad\/producto\/disciplina-positiva-lorigen-del-comportament\/#primaryimage\"},\"image\":{\"@id\":\"https:\/\/criand.ad\/producto\/disciplina-positiva-lorigen-del-comportament\/#primaryimage\"},\"thumbnailUrl\":\"https:\/\/criand.ad\/wp-content\/uploads\/2025\/05\/25136E88-44EB-4282-A980-EC8017163DB0.png\",\"datePublished\":\"2025-05-31T07:31:22+00:00\",\"dateModified\":\"2025-08-25T11:18:49+00:00\",\"breadcrumb\":{\"@id\":\"https:\/\/criand.ad\/producto\/disciplina-positiva-lorigen-del-comportament\/#breadcrumb\"},\"inLanguage\":\"fr-FR\",\"potentialAction\":[{\"@type\":\"ReadAction\",\"target\":[\"https:\/\/criand.ad\/producto\/disciplina-positiva-lorigen-del-comportament\/\"]}]},{\"@type\":\"ImageObject\",\"inLanguage\":\"fr-FR\",\"@id\":\"https:\/\/criand.ad\/producto\/disciplina-positiva-lorigen-del-comportament\/#primaryimage\",\"url\":\"https:\/\/criand.ad\/wp-content\/uploads\/2025\/05\/25136E88-44EB-4282-A980-EC8017163DB0.png\",\"contentUrl\":\"https:\/\/criand.ad\/wp-content\/uploads\/2025\/05\/25136E88-44EB-4282-A980-EC8017163DB0.png\",\"width\":1656,\"height\":1656},{\"@type\":\"BreadcrumbList\",\"@id\":\"https:\/\/criand.ad\/producto\/disciplina-positiva-lorigen-del-comportament\/#breadcrumb\",\"itemListElement\":[{\"@type\":\"ListItem\",\"position\":1,\"name\":\"Inici\",\"item\":\"https:\/\/criand.ad\/fr\/\"},{\"@type\":\"ListItem\",\"position\":2,\"name\":\"Productes\",\"item\":\"https:\/\/criand.ad\/shop\/\"},{\"@type\":\"ListItem\",\"position\":3,\"name\":\"Disciplina positiva: L\u2019or\u00edgen del comportament\"}]},{\"@type\":\"WebSite\",\"@id\":\"https:\/\/criand.ad\/#website\",\"url\":\"https:\/\/criand.ad\/\",\"name\":\"CRIAND\",\"description\":\"Embar\u00e0s, Postpart i Crian\u00e7a\",\"potentialAction\":[{\"@type\":\"SearchAction\",\"target\":{\"@type\":\"EntryPoint\",\"urlTemplate\":\"https:\/\/criand.ad\/?s={search_term_string}\"},\"query-input\":{\"@type\":\"PropertyValueSpecification\",\"valueRequired\":true,\"valueName\":\"search_term_string\"}}],\"inLanguage\":\"fr-FR\"}]}<\/script>\n<!-- \/ Yoast SEO plugin. -->","yoast_head_json":{"title":"Disciplina positiva: L\u2019or\u00edgen del comportament - Criand","robots":{"index":"index","follow":"follow","max-snippet":"max-snippet:-1","max-image-preview":"max-image-preview:large","max-video-preview":"max-video-preview:-1"},"canonical":"https:\/\/criand.ad\/producto\/disciplina-positiva-lorigen-del-comportament\/","og_locale":"fr_FR","og_type":"article","og_title":"Disciplina positiva: L\u2019or\u00edgen del comportament - Criand","og_description":"Us agradaria saber que necessiten realment els nens? Voleu entendre el perqu\u00e8 de moltes conductes i aix\u00ed poder educar conscientment? En aquest taller d&rsquo;introducci\u00f3 a la disciplina positiva explicarem les bases d&rsquo;aquesta corrent educativa, el perqu\u00e8 del comportament de les criatures i us donarem les primeres eines cap a una educaci\u00f3 respectuosa pero ferma amb [&hellip;]","og_url":"https:\/\/criand.ad\/producto\/disciplina-positiva-lorigen-del-comportament\/","og_site_name":"Criand","article_modified_time":"2025-08-25T11:18:49+00:00","og_image":[{"width":1024,"height":1024,"url":"https:\/\/criand.ad\/wp-content\/uploads\/2025\/05\/25136E88-44EB-4282-A980-EC8017163DB0-1024x1024.png","type":"image\/png"}],"twitter_card":"summary_large_image","twitter_misc":{"Dur\u00e9e de lecture estim\u00e9e":"1 minute"},"schema":{"@context":"https:\/\/schema.org","@graph":[{"@type":"WebPage","@id":"https:\/\/criand.ad\/producto\/disciplina-positiva-lorigen-del-comportament\/","url":"https:\/\/criand.ad\/producto\/disciplina-positiva-lorigen-del-comportament\/","name":"Disciplina positiva: L\u2019or\u00edgen del comportament - Criand","isPartOf":{"@id":"https:\/\/criand.ad\/#website"},"primaryImageOfPage":{"@id":"https:\/\/criand.ad\/producto\/disciplina-positiva-lorigen-del-comportament\/#primaryimage"},"image":{"@id":"https:\/\/criand.ad\/producto\/disciplina-positiva-lorigen-del-comportament\/#primaryimage"},"thumbnailUrl":"https:\/\/criand.ad\/wp-content\/uploads\/2025\/05\/25136E88-44EB-4282-A980-EC8017163DB0.png","datePublished":"2025-05-31T07:31:22+00:00","dateModified":"2025-08-25T11:18:49+00:00","breadcrumb":{"@id":"https:\/\/criand.ad\/producto\/disciplina-positiva-lorigen-del-comportament\/#breadcrumb"},"inLanguage":"fr-FR","potentialAction":[{"@type":"ReadAction","target":["https:\/\/criand.ad\/producto\/disciplina-positiva-lorigen-del-comportament\/"]}]},{"@type":"ImageObject","inLanguage":"fr-FR","@id":"https:\/\/criand.ad\/producto\/disciplina-positiva-lorigen-del-comportament\/#primaryimage","url":"https:\/\/criand.ad\/wp-content\/uploads\/2025\/05\/25136E88-44EB-4282-A980-EC8017163DB0.png","contentUrl":"https:\/\/criand.ad\/wp-content\/uploads\/2025\/05\/25136E88-44EB-4282-A980-EC8017163DB0.png","width":1656,"height":1656},{"@type":"BreadcrumbList","@id":"https:\/\/criand.ad\/producto\/disciplina-positiva-lorigen-del-comportament\/#breadcrumb","itemListElement":[{"@type":"ListItem","position":1,"name":"Inici","item":"https:\/\/criand.ad\/fr\/"},{"@type":"ListItem","position":2,"name":"Productes","item":"https:\/\/criand.ad\/shop\/"},{"@type":"ListItem","position":3,"name":"Disciplina positiva: L\u2019or\u00edgen del comportament"}]},{"@type":"WebSite","@id":"https:\/\/criand.ad\/#website","url":"https:\/\/criand.ad\/","name":"CRIAND","description":"Embar\u00e0s, Postpart i Crian\u00e7a","potentialAction":[{"@type":"SearchAction","target":{"@type":"EntryPoint","urlTemplate":"https:\/\/criand.ad\/?s={search_term_string}"},"query-input":{"@type":"PropertyValueSpecification","valueRequired":true,"valueName":"search_term_string"}}],"inLanguage":"fr-FR"}]}},"_links":{"self":[{"href":"https:\/\/criand.ad\/fr\/wp-json\/wp\/v2\/product\/1899","targetHints":{"allow":["GET"]}}],"collection":[{"href":"https:\/\/criand.ad\/fr\/wp-json\/wp\/v2\/product"}],"about":[{"href":"https:\/\/criand.ad\/fr\/wp-json\/wp\/v2\/types\/product"}],"version-history":[{"count":0,"href":"https:\/\/criand.ad\/fr\/wp-json\/wp\/v2\/product\/1899\/revisions"}],"wp:featuredmedia":[{"embeddable":true,"href":"https:\/\/criand.ad\/fr\/wp-json\/wp\/v2\/media\/1901"}],"wp:attachment":[{"href":"https:\/\/criand.ad\/fr\/wp-json\/wp\/v2\/media?parent=1899"}],"wp:term":[{"taxonomy":"product_brand","embeddable":true,"href":"https:\/\/criand.ad\/fr\/wp-json\/wp\/v2\/product_brand?post=1899"},{"taxonomy":"product_cat","embeddable":true,"href":"https:\/\/criand.ad\/fr\/wp-json\/wp\/v2\/product_cat?post=1899"},{"taxonomy":"product_tag","embeddable":true,"href":"https:\/\/criand.ad\/fr\/wp-json\/wp\/v2\/product_tag?post=1899"},{"taxonomy":"giftcard-category","embeddable":true,"href":"https:\/\/criand.ad\/fr\/wp-json\/wp\/v2\/giftcard-category?post=1899"}],"curies":[{"name":"wp","href":"https:\/\/api.w.org\/{rel}","templated":true}]}}