{"id":4783,"date":"2025-08-19T15:17:30","date_gmt":"2025-08-19T13:17:30","guid":{"rendered":"http:\/\/criand.ad\/assesssorament-online\/"},"modified":"2025-12-16T17:55:56","modified_gmt":"2025-12-16T16:55:56","slug":"accompagnement-en-ligne","status":"publish","type":"page","link":"https:\/\/criand.ad\/fr\/accompagnement-en-ligne\/","title":{"rendered":"Accompagnement en ligne"},"content":{"rendered":"\t\t<div data-elementor-type=\"wp-page\" data-elementor-id=\"4783\" class=\"elementor elementor-4783 elementor-3585\">\n\t\t\t\t<div class=\"elementor-element elementor-element-05f8521 e-flex e-con-boxed e-con e-parent\" data-id=\"05f8521\" data-element_type=\"container\" data-settings=\"{&quot;background_background&quot;:&quot;classic&quot;}\">\n\t\t\t\t\t<div class=\"e-con-inner\">\n\t\t<div class=\"elementor-element elementor-element-a5fa6c4 e-con-full e-flex e-con e-child\" data-id=\"a5fa6c4\" data-element_type=\"container\">\n\t\t\t\t<div class=\"elementor-element elementor-element-65c2218 elementor-widget elementor-widget-heading\" data-id=\"65c2218\" data-element_type=\"widget\" data-widget_type=\"heading.default\">\n\t\t\t\t<div class=\"elementor-widget-container\">\n\t\t\t\t\t<h6 class=\"elementor-heading-title elementor-size-default\">Nos services d'acompagnement en lighe<\/h6>\t\t\t\t<\/div>\n\t\t\t\t<\/div>\n\t\t\t\t<div class=\"elementor-element elementor-element-5fde413 elementor-widget elementor-widget-heading\" data-id=\"5fde413\" data-element_type=\"widget\" data-widget_type=\"heading.default\">\n\t\t\t\t<div class=\"elementor-widget-container\">\n\t\t\t\t\t<h1 class=\"elementor-heading-title elementor-size-default\">Accompagnement en ligne<\/h1>\t\t\t\t<\/div>\n\t\t\t\t<\/div>\n\t\t\t\t<div class=\"elementor-element elementor-element-a5ca942 elementor-widget elementor-widget-text-editor\" data-id=\"a5ca942\" data-element_type=\"widget\" data-widget_type=\"text-editor.default\">\n\t\t\t\t<div class=\"elementor-widget-container\">\n\t\t\t\t\t\t\t\t\t<p>Nous proposons des consultations pr\u00e9sentielles \u00e0 domicile afin de vous offrir une attention plus personnalis\u00e9e et intime, ce qui nous permet d\u2019observer votre environnement, de mieux comprendre votre mode de vie et de vous fournir des conseils pratiques adapt\u00e9s \u00e0 votre situation sp\u00e9cifique.<\/p>\t\t\t\t\t\t\t\t<\/div>\n\t\t\t\t<\/div>\n\t\t\t\t<div class=\"elementor-element elementor-element-cfb83de elementor-widget-divider--view-line elementor-widget elementor-widget-divider\" data-id=\"cfb83de\" data-element_type=\"widget\" data-widget_type=\"divider.default\">\n\t\t\t\t<div class=\"elementor-widget-container\">\n\t\t\t\t\t\t\t<div class=\"elementor-divider\">\n\t\t\t<span class=\"elementor-divider-separator\">\n\t\t\t\t\t\t<\/span>\n\t\t<\/div>\n\t\t\t\t\t\t<\/div>\n\t\t\t\t<\/div>\n\t\t\t\t<\/div>\n\t\t\t\t\t<\/div>\n\t\t\t\t<\/div>\n\t\t<div class=\"elementor-element elementor-element-d501b2f e-flex e-con-boxed e-con e-parent\" data-id=\"d501b2f\" data-element_type=\"container\">\n\t\t\t\t\t<div class=\"e-con-inner\">\n\t\t<div class=\"elementor-element elementor-element-1d9623a e-con-full e-flex e-con e-child\" data-id=\"1d9623a\" data-element_type=\"container\">\n\t\t<div class=\"elementor-element elementor-element-2140544 e-grid e-con-full e-con e-child\" data-id=\"2140544\" data-element_type=\"container\">\n\t\t\t\t<div class=\"elementor-element elementor-element-bf3d830 elementor-position-top elementor-widget elementor-widget-image-box\" data-id=\"bf3d830\" data-element_type=\"widget\" data-widget_type=\"image-box.default\">\n\t\t\t\t<div class=\"elementor-widget-container\">\n\t\t\t\t\t<div class=\"elementor-image-box-wrapper\"><figure class=\"elementor-image-box-img\"><a href=\"http:\/\/criand.ad\/producto\/consulta-whatsapp\/\" tabindex=\"-1\"><img fetchpriority=\"high\" decoding=\"async\" width=\"612\" height=\"408\" src=\"https:\/\/criand.ad\/wp-content\/uploads\/2025\/05\/PHOTO-2025-03-16-18-46-06.jpg\" class=\"attachment-large size-large wp-image-2056\" alt=\"\" srcset=\"https:\/\/criand.ad\/wp-content\/uploads\/2025\/05\/PHOTO-2025-03-16-18-46-06.jpg 612w, https:\/\/criand.ad\/wp-content\/uploads\/2025\/05\/PHOTO-2025-03-16-18-46-06-300x200.jpg 300w, https:\/\/criand.ad\/wp-content\/uploads\/2025\/05\/PHOTO-2025-03-16-18-46-06-600x400.jpg 600w\" sizes=\"(max-width: 612px) 100vw, 612px\" \/><\/a><\/figure><div class=\"elementor-image-box-content\"><h3 class=\"elementor-image-box-title\"><a href=\"http:\/\/criand.ad\/producto\/consulta-whatsapp\/\">Consultation Whatsapp<\/a><\/h3><p class=\"elementor-image-box-description\"><br><strong>100 \u20ac\n<\/strong><\/br>\nTout au long du parcours de la grossesse et du post-partum, chaque question est importante.<br>\n<a href=\"http:\/\/criand.ad\/producto\/consulta-whatsapp\/\"><strong>Plus d'info<\/strong><\/a><\/p><\/div><\/div>\t\t\t\t<\/div>\n\t\t\t\t<\/div>\n\t\t\t\t<div class=\"elementor-element elementor-element-ebf9e0e elementor-position-top elementor-widget elementor-widget-image-box\" data-id=\"ebf9e0e\" data-element_type=\"widget\" data-widget_type=\"image-box.default\">\n\t\t\t\t<div class=\"elementor-widget-container\">\n\t\t\t\t\t<div class=\"elementor-image-box-wrapper\"><figure class=\"elementor-image-box-img\"><a href=\"http:\/\/criand.ad\/producto\/visita-consulta-online\/\" tabindex=\"-1\"><img decoding=\"async\" width=\"612\" height=\"408\" src=\"https:\/\/criand.ad\/wp-content\/uploads\/2025\/11\/visita-online.png\" class=\"attachment-large size-large wp-image-6380\" alt=\"\" srcset=\"https:\/\/criand.ad\/wp-content\/uploads\/2025\/11\/visita-online.png 612w, https:\/\/criand.ad\/wp-content\/uploads\/2025\/11\/visita-online-300x200.png 300w, https:\/\/criand.ad\/wp-content\/uploads\/2025\/11\/visita-online-391x260.png 391w, https:\/\/criand.ad\/wp-content\/uploads\/2025\/11\/visita-online-600x400.png 600w\" sizes=\"(max-width: 612px) 100vw, 612px\" \/><\/a><\/figure><div class=\"elementor-image-box-content\"><h3 class=\"elementor-image-box-title\"><a href=\"http:\/\/criand.ad\/producto\/visita-consulta-online\/\">Visites en ligne<\/a><\/h3><p class=\"elementor-image-box-description\"><br><strong>80 \u20ac\n<\/strong><\/br>\nVisite en ligne individualis\u00e9e pour la grossesse, le post-partum, l\u2019allaitement ou la parentalit\u00e9. Nous r\u00e9pondons \u00e0 vos questions sans que vous ayez \u00e0 vous d\u00e9placer.<br>\n<a href=\"http:\/\/criand.ad\/producto\/visita-consulta-online\/\"><strong>Plus d'info<\/strong><\/a><\/p><\/div><\/div>\t\t\t\t<\/div>\n\t\t\t\t<\/div>\n\t\t\t\t<div class=\"elementor-element elementor-element-19f00a9 elementor-position-top elementor-widget elementor-widget-image-box\" data-id=\"19f00a9\" data-element_type=\"widget\" data-widget_type=\"image-box.default\">\n\t\t\t\t<div class=\"elementor-widget-container\">\n\t\t\t\t\t<div class=\"elementor-image-box-wrapper\"><figure class=\"elementor-image-box-img\"><a href=\"http:\/\/criand.ad\/producto\/preparacio-naixement-online\/\" tabindex=\"-1\"><img decoding=\"async\" width=\"612\" height=\"408\" src=\"https:\/\/criand.ad\/wp-content\/uploads\/2025\/11\/preparacio-naixement-criand.png\" class=\"attachment-large size-large wp-image-6390\" alt=\"\" srcset=\"https:\/\/criand.ad\/wp-content\/uploads\/2025\/11\/preparacio-naixement-criand.png 612w, https:\/\/criand.ad\/wp-content\/uploads\/2025\/11\/preparacio-naixement-criand-300x200.png 300w, https:\/\/criand.ad\/wp-content\/uploads\/2025\/11\/preparacio-naixement-criand-391x260.png 391w, https:\/\/criand.ad\/wp-content\/uploads\/2025\/11\/preparacio-naixement-criand-600x400.png 600w\" sizes=\"(max-width: 612px) 100vw, 612px\" \/><\/a><\/figure><div class=\"elementor-image-box-content\"><h3 class=\"elementor-image-box-title\"><a href=\"http:\/\/criand.ad\/producto\/preparacio-naixement-online\/\">Pr\u00e9paration \u00e0 la naissance<\/a><\/h3><p class=\"elementor-image-box-description\"><br><strong>400 \u20ac\n<\/strong><\/br>\nAssessorament individualitzat exclusiu online, en el que t\u2019oferim classes de preparaci\u00f3 al naixement.\n<br><a href=\"http:\/\/criand.ad\/producto\/preparacio-naixement-online\/\"><strong>Plus d'info<\/strong><\/a><\/p><\/div><\/div>\t\t\t\t<\/div>\n\t\t\t\t<\/div>\n\t\t\t\t<\/div>\n\t\t\t\t<\/div>\n\t\t\t\t\t<\/div>\n\t\t\t\t<\/div>\n\t\t\t\t<\/div>\n\t\t","protected":false},"excerpt":{"rendered":"<p>Nos services d&rsquo;acompagnement en lighe Accompagnement en ligne Nous proposons des consultations pr\u00e9sentielles \u00e0 domicile afin de vous offrir une attention plus personnalis\u00e9e et intime, ce qui nous permet d\u2019observer votre environnement, de mieux comprendre votre mode de vie et de vous fournir des conseils pratiques adapt\u00e9s \u00e0 votre situation sp\u00e9cifique. Consultation Whatsapp 100 \u20ac [&hellip;]<\/p>\n","protected":false},"author":2,"featured_media":0,"parent":0,"menu_order":0,"comment_status":"closed","ping_status":"closed","template":"","meta":{"site-sidebar-layout":"no-sidebar","site-content-layout":"page-builder","ast-site-content-layout":"full-width-container","site-content-style":"unboxed","site-sidebar-style":"unboxed","ast-global-header-display":"","ast-banner-title-visibility":"","ast-main-header-display":"","ast-hfb-above-header-display":"","ast-hfb-below-header-display":"","ast-hfb-mobile-header-display":"","site-post-title":"disabled","ast-breadcrumbs-content":"","ast-featured-img":"disabled","footer-sml-layout":"","theme-transparent-header-meta":"enabled","adv-header-id-meta":"","stick-header-meta":"","header-above-stick-meta":"","header-main-stick-meta":"","header-below-stick-meta":"","astra-migrate-meta-layouts":"set","ast-page-background-enabled":"default","ast-page-background-meta":{"desktop":{"background-color":"","background-image":"","background-repeat":"repeat","background-position":"center center","background-size":"auto","background-attachment":"scroll","background-type":"","background-media":"","overlay-type":"","overlay-color":"","overlay-opacity":"","overlay-gradient":""},"tablet":{"background-color":"","background-image":"","background-repeat":"repeat","background-position":"center center","background-size":"auto","background-attachment":"scroll","background-type":"","background-media":"","overlay-type":"","overlay-color":"","overlay-opacity":"","overlay-gradient":""},"mobile":{"background-color":"","background-image":"","background-repeat":"repeat","background-position":"center center","background-size":"auto","background-attachment":"scroll","background-type":"","background-media":"","overlay-type":"","overlay-color":"","overlay-opacity":"","overlay-gradient":""}},"ast-content-background-meta":{"desktop":{"background-color":"var(--ast-global-color-5)","background-image":"","background-repeat":"repeat","background-position":"center center","background-size":"auto","background-attachment":"scroll","background-type":"","background-media":"","overlay-type":"","overlay-color":"","overlay-opacity":"","overlay-gradient":""},"tablet":{"background-color":"var(--ast-global-color-5)","background-image":"","background-repeat":"repeat","background-position":"center center","background-size":"auto","background-attachment":"scroll","background-type":"","background-media":"","overlay-type":"","overlay-color":"","overlay-opacity":"","overlay-gradient":""},"mobile":{"background-color":"var(--ast-global-color-5)","background-image":"","background-repeat":"repeat","background-position":"center center","background-size":"auto","background-attachment":"scroll","background-type":"","background-media":"","overlay-type":"","overlay-color":"","overlay-opacity":"","overlay-gradient":""}},"footnotes":""},"class_list":["post-4783","page","type-page","status-publish","hentry"],"yoast_head":"<!-- This site is optimized with the Yoast SEO plugin v26.6 - https:\/\/yoast.com\/wordpress\/plugins\/seo\/ -->\n<title>Accompagnement en ligne - Criand<\/title>\n<meta name=\"robots\" content=\"index, follow, max-snippet:-1, max-image-preview:large, max-video-preview:-1\" \/>\n<link rel=\"canonical\" href=\"https:\/\/criand.ad\/assesssorament-online\/\" \/>\n<meta property=\"og:locale\" content=\"fr_FR\" \/>\n<meta property=\"og:type\" content=\"article\" \/>\n<meta property=\"og:title\" content=\"Accompagnement en ligne - Criand\" \/>\n<meta property=\"og:description\" content=\"Nos services d&rsquo;acompagnement en lighe Accompagnement en ligne Nous proposons des consultations pr\u00e9sentielles \u00e0 domicile afin de vous offrir une attention plus personnalis\u00e9e et intime, ce qui nous permet d\u2019observer votre environnement, de mieux comprendre votre mode de vie et de vous fournir des conseils pratiques adapt\u00e9s \u00e0 votre situation sp\u00e9cifique. Consultation Whatsapp 100 \u20ac [&hellip;]\" \/>\n<meta property=\"og:url\" content=\"https:\/\/criand.ad\/assesssorament-online\/\" \/>\n<meta property=\"og:site_name\" content=\"Criand\" \/>\n<meta property=\"article:modified_time\" content=\"2025-12-16T16:55:56+00:00\" \/>\n<meta property=\"og:image\" content=\"http:\/\/criand.ad\/wp-content\/uploads\/2025\/05\/PHOTO-2025-03-16-18-46-06.jpg\" \/>\n<meta name=\"twitter:card\" content=\"summary_large_image\" \/>\n<meta name=\"twitter:label1\" content=\"Dur\u00e9e de lecture estim\u00e9e\" \/>\n\t<meta name=\"twitter:data1\" content=\"2 minutes\" \/>\n<script type=\"application\/ld+json\" class=\"yoast-schema-graph\">{\"@context\":\"https:\/\/schema.org\",\"@graph\":[{\"@type\":\"WebPage\",\"@id\":\"https:\/\/criand.ad\/assesssorament-online\/\",\"url\":\"https:\/\/criand.ad\/assesssorament-online\/\",\"name\":\"Accompagnement en ligne - Criand\",\"isPartOf\":{\"@id\":\"https:\/\/criand.ad\/#website\"},\"primaryImageOfPage\":{\"@id\":\"https:\/\/criand.ad\/assesssorament-online\/#primaryimage\"},\"image\":{\"@id\":\"https:\/\/criand.ad\/assesssorament-online\/#primaryimage\"},\"thumbnailUrl\":\"http:\/\/criand.ad\/wp-content\/uploads\/2025\/05\/PHOTO-2025-03-16-18-46-06.jpg\",\"datePublished\":\"2025-08-19T13:17:30+00:00\",\"dateModified\":\"2025-12-16T16:55:56+00:00\",\"breadcrumb\":{\"@id\":\"https:\/\/criand.ad\/assesssorament-online\/#breadcrumb\"},\"inLanguage\":\"fr-FR\",\"potentialAction\":[{\"@type\":\"ReadAction\",\"target\":[\"https:\/\/criand.ad\/assesssorament-online\/\"]}]},{\"@type\":\"ImageObject\",\"inLanguage\":\"fr-FR\",\"@id\":\"https:\/\/criand.ad\/assesssorament-online\/#primaryimage\",\"url\":\"http:\/\/criand.ad\/wp-content\/uploads\/2025\/05\/PHOTO-2025-03-16-18-46-06.jpg\",\"contentUrl\":\"http:\/\/criand.ad\/wp-content\/uploads\/2025\/05\/PHOTO-2025-03-16-18-46-06.jpg\"},{\"@type\":\"BreadcrumbList\",\"@id\":\"https:\/\/criand.ad\/assesssorament-online\/#breadcrumb\",\"itemListElement\":[{\"@type\":\"ListItem\",\"position\":1,\"name\":\"Inici\",\"item\":\"https:\/\/criand.ad\/fr\/\"},{\"@type\":\"ListItem\",\"position\":2,\"name\":\"Accompagnement en ligne\"}]},{\"@type\":\"WebSite\",\"@id\":\"https:\/\/criand.ad\/#website\",\"url\":\"https:\/\/criand.ad\/\",\"name\":\"CRIAND\",\"description\":\"Embar\u00e0s, Postpart i Crian\u00e7a\",\"potentialAction\":[{\"@type\":\"SearchAction\",\"target\":{\"@type\":\"EntryPoint\",\"urlTemplate\":\"https:\/\/criand.ad\/?s={search_term_string}\"},\"query-input\":{\"@type\":\"PropertyValueSpecification\",\"valueRequired\":true,\"valueName\":\"search_term_string\"}}],\"inLanguage\":\"fr-FR\"}]}<\/script>\n<!-- \/ Yoast SEO plugin. -->","yoast_head_json":{"title":"Accompagnement en ligne - Criand","robots":{"index":"index","follow":"follow","max-snippet":"max-snippet:-1","max-image-preview":"max-image-preview:large","max-video-preview":"max-video-preview:-1"},"canonical":"https:\/\/criand.ad\/assesssorament-online\/","og_locale":"fr_FR","og_type":"article","og_title":"Accompagnement en ligne - Criand","og_description":"Nos services d&rsquo;acompagnement en lighe Accompagnement en ligne Nous proposons des consultations pr\u00e9sentielles \u00e0 domicile afin de vous offrir une attention plus personnalis\u00e9e et intime, ce qui nous permet d\u2019observer votre environnement, de mieux comprendre votre mode de vie et de vous fournir des conseils pratiques adapt\u00e9s \u00e0 votre situation sp\u00e9cifique. Consultation Whatsapp 100 \u20ac [&hellip;]","og_url":"https:\/\/criand.ad\/assesssorament-online\/","og_site_name":"Criand","article_modified_time":"2025-12-16T16:55:56+00:00","og_image":[{"url":"http:\/\/criand.ad\/wp-content\/uploads\/2025\/05\/PHOTO-2025-03-16-18-46-06.jpg","type":"","width":"","height":""}],"twitter_card":"summary_large_image","twitter_misc":{"Dur\u00e9e de lecture estim\u00e9e":"2 minutes"},"schema":{"@context":"https:\/\/schema.org","@graph":[{"@type":"WebPage","@id":"https:\/\/criand.ad\/assesssorament-online\/","url":"https:\/\/criand.ad\/assesssorament-online\/","name":"Accompagnement en ligne - Criand","isPartOf":{"@id":"https:\/\/criand.ad\/#website"},"primaryImageOfPage":{"@id":"https:\/\/criand.ad\/assesssorament-online\/#primaryimage"},"image":{"@id":"https:\/\/criand.ad\/assesssorament-online\/#primaryimage"},"thumbnailUrl":"http:\/\/criand.ad\/wp-content\/uploads\/2025\/05\/PHOTO-2025-03-16-18-46-06.jpg","datePublished":"2025-08-19T13:17:30+00:00","dateModified":"2025-12-16T16:55:56+00:00","breadcrumb":{"@id":"https:\/\/criand.ad\/assesssorament-online\/#breadcrumb"},"inLanguage":"fr-FR","potentialAction":[{"@type":"ReadAction","target":["https:\/\/criand.ad\/assesssorament-online\/"]}]},{"@type":"ImageObject","inLanguage":"fr-FR","@id":"https:\/\/criand.ad\/assesssorament-online\/#primaryimage","url":"http:\/\/criand.ad\/wp-content\/uploads\/2025\/05\/PHOTO-2025-03-16-18-46-06.jpg","contentUrl":"http:\/\/criand.ad\/wp-content\/uploads\/2025\/05\/PHOTO-2025-03-16-18-46-06.jpg"},{"@type":"BreadcrumbList","@id":"https:\/\/criand.ad\/assesssorament-online\/#breadcrumb","itemListElement":[{"@type":"ListItem","position":1,"name":"Inici","item":"https:\/\/criand.ad\/fr\/"},{"@type":"ListItem","position":2,"name":"Accompagnement en ligne"}]},{"@type":"WebSite","@id":"https:\/\/criand.ad\/#website","url":"https:\/\/criand.ad\/","name":"CRIAND","description":"Embar\u00e0s, Postpart i Crian\u00e7a","potentialAction":[{"@type":"SearchAction","target":{"@type":"EntryPoint","urlTemplate":"https:\/\/criand.ad\/?s={search_term_string}"},"query-input":{"@type":"PropertyValueSpecification","valueRequired":true,"valueName":"search_term_string"}}],"inLanguage":"fr-FR"}]}},"_links":{"self":[{"href":"https:\/\/criand.ad\/fr\/wp-json\/wp\/v2\/pages\/4783","targetHints":{"allow":["GET"]}}],"collection":[{"href":"https:\/\/criand.ad\/fr\/wp-json\/wp\/v2\/pages"}],"about":[{"href":"https:\/\/criand.ad\/fr\/wp-json\/wp\/v2\/types\/page"}],"author":[{"embeddable":true,"href":"https:\/\/criand.ad\/fr\/wp-json\/wp\/v2\/users\/2"}],"replies":[{"embeddable":true,"href":"https:\/\/criand.ad\/fr\/wp-json\/wp\/v2\/comments?post=4783"}],"version-history":[{"count":0,"href":"https:\/\/criand.ad\/fr\/wp-json\/wp\/v2\/pages\/4783\/revisions"}],"wp:attachment":[{"href":"https:\/\/criand.ad\/fr\/wp-json\/wp\/v2\/media?parent=4783"}],"curies":[{"name":"wp","href":"https:\/\/api.w.org\/{rel}","templated":true}]}}