{"id":4777,"date":"2025-07-21T07:21:54","date_gmt":"2025-07-21T05:21:54","guid":{"rendered":"http:\/\/criand.ad\/assessorament-presencial\/"},"modified":"2025-09-08T18:22:22","modified_gmt":"2025-09-08T18:22:22","slug":"accompagnement-presentiel","status":"publish","type":"page","link":"https:\/\/criand.ad\/fr\/accompagnement-presentiel\/","title":{"rendered":"Accompagnement pr\u00e9sentiel"},"content":{"rendered":"\t\t<div data-elementor-type=\"wp-page\" data-elementor-id=\"4777\" class=\"elementor elementor-4777 elementor-3228\">\n\t\t\t\t<div class=\"elementor-element elementor-element-05f8521 e-flex e-con-boxed e-con e-parent\" data-id=\"05f8521\" data-element_type=\"container\" data-settings=\"{&quot;background_background&quot;:&quot;classic&quot;}\">\n\t\t\t\t\t<div class=\"e-con-inner\">\n\t\t<div class=\"elementor-element elementor-element-a5fa6c4 e-con-full e-flex e-con e-child\" data-id=\"a5fa6c4\" data-element_type=\"container\">\n\t\t\t\t<div class=\"elementor-element elementor-element-65c2218 elementor-widget elementor-widget-heading\" data-id=\"65c2218\" data-element_type=\"widget\" data-widget_type=\"heading.default\">\n\t\t\t\t<div class=\"elementor-widget-container\">\n\t\t\t\t\t<h6 class=\"elementor-heading-title elementor-size-default\">Tous nos accompagnements<\/h6>\t\t\t\t<\/div>\n\t\t\t\t<\/div>\n\t\t\t\t<div class=\"elementor-element elementor-element-5fde413 elementor-widget elementor-widget-heading\" data-id=\"5fde413\" data-element_type=\"widget\" data-widget_type=\"heading.default\">\n\t\t\t\t<div class=\"elementor-widget-container\">\n\t\t\t\t\t<h1 class=\"elementor-heading-title elementor-size-default\">Accompagnement pr\u00e9sentiel<\/h1>\t\t\t\t<\/div>\n\t\t\t\t<\/div>\n\t\t\t\t<div class=\"elementor-element elementor-element-a5ca942 elementor-widget elementor-widget-text-editor\" data-id=\"a5ca942\" data-element_type=\"widget\" data-widget_type=\"text-editor.default\">\n\t\t\t\t<div class=\"elementor-widget-container\">\n\t\t\t\t\t\t\t\t\t<p data-start=\"1832\" data-end=\"2153\">Nous proposons des consultations pr\u00e9sentielles \u00e0 domicile afin de vous offrir une attention plus personnalis\u00e9e et intime. Cela nous permet d\u2019observer votre environnement, de mieux comprendre votre mode de vie et de vous proposer des conseils pratiques adapt\u00e9s \u00e0 votre situation sp\u00e9cifique.<\/p>\t\t\t\t\t\t\t\t<\/div>\n\t\t\t\t<\/div>\n\t\t\t\t<div class=\"elementor-element elementor-element-cfb83de elementor-widget-divider--view-line elementor-widget elementor-widget-divider\" data-id=\"cfb83de\" data-element_type=\"widget\" data-widget_type=\"divider.default\">\n\t\t\t\t<div class=\"elementor-widget-container\">\n\t\t\t\t\t\t\t<div class=\"elementor-divider\">\n\t\t\t<span class=\"elementor-divider-separator\">\n\t\t\t\t\t\t<\/span>\n\t\t<\/div>\n\t\t\t\t\t\t<\/div>\n\t\t\t\t<\/div>\n\t\t\t\t<\/div>\n\t\t\t\t\t<\/div>\n\t\t\t\t<\/div>\n\t\t<div class=\"elementor-element elementor-element-deefcd4 e-flex e-con-boxed e-con e-parent\" data-id=\"deefcd4\" data-element_type=\"container\">\n\t\t\t\t\t<div class=\"e-con-inner\">\n\t\t<div class=\"elementor-element elementor-element-5eafd49 e-con-full e-flex e-con e-child\" data-id=\"5eafd49\" data-element_type=\"container\">\n\t\t\t\t<div class=\"elementor-element elementor-element-e3f92af elementor-widget elementor-widget-image\" data-id=\"e3f92af\" data-element_type=\"widget\" data-widget_type=\"image.default\">\n\t\t\t\t<div class=\"elementor-widget-container\">\n\t\t\t\t\t\t\t\t\t\t\t\t\t\t\t<img fetchpriority=\"high\" decoding=\"async\" width=\"800\" height=\"534\" src=\"https:\/\/criand.ad\/wp-content\/uploads\/2025\/05\/s-1.jpg\" class=\"attachment-large size-large wp-image-4832\" alt=\"\" srcset=\"https:\/\/criand.ad\/wp-content\/uploads\/2025\/05\/s-1.jpg 800w, https:\/\/criand.ad\/wp-content\/uploads\/2025\/05\/s-1-300x200.jpg 300w, https:\/\/criand.ad\/wp-content\/uploads\/2025\/05\/s-1-768x513.jpg 768w, https:\/\/criand.ad\/wp-content\/uploads\/2025\/05\/s-1-600x401.jpg 600w\" sizes=\"(max-width: 800px) 100vw, 800px\" \/>\t\t\t\t\t\t\t\t\t\t\t\t\t\t\t<\/div>\n\t\t\t\t<\/div>\n\t\t\t\t<div class=\"elementor-element elementor-element-4c16372 elementor-widget elementor-widget-heading\" data-id=\"4c16372\" data-element_type=\"widget\" data-widget_type=\"heading.default\">\n\t\t\t\t<div class=\"elementor-widget-container\">\n\t\t\t\t\t<h2 class=\"elementor-heading-title elementor-size-default\">Grossesse<\/h2>\t\t\t\t<\/div>\n\t\t\t\t<\/div>\n\t\t\t\t<div class=\"elementor-element elementor-element-8635292 elementor-widget elementor-widget-text-editor\" data-id=\"8635292\" data-element_type=\"widget\" data-widget_type=\"text-editor.default\">\n\t\t\t\t<div class=\"elementor-widget-container\">\n\t\t\t\t\t\t\t\t\t<p data-start=\"2155\" data-end=\"2626\">La grossesse est une \u00e9tape fondamentale dans la vie d\u2019une femme et de la famille, pleine de changements physiques, \u00e9motionnels et sociaux. Chez Criand, nous souhaitons vous accompagner tout au long de cette aventure, en vous offrant un soutien global et une pr\u00e9paration \u00e0 la naissance adapt\u00e9e \u00e0 vos besoins. Nous cr\u00e9erons un espace s\u00fbr et personnalis\u00e9 pour r\u00e9pondre \u00e0 vos questions, vous pr\u00e9parer \u00e0 l\u2019accouchement et vivre cette exp\u00e9rience avec confiance.<\/p>\t\t\t\t\t\t\t\t<\/div>\n\t\t\t\t<\/div>\n\t\t\t\t<div class=\"elementor-element elementor-element-cfc8623 elementor-button-info elementor-align-center elementor-widget__width-inherit elementor-widget elementor-widget-button\" data-id=\"cfc8623\" data-element_type=\"widget\" data-widget_type=\"button.default\">\n\t\t\t\t<div class=\"elementor-widget-container\">\n\t\t\t\t\t\t\t\t\t<div class=\"elementor-button-wrapper\">\n\t\t\t\t\t<a class=\"elementor-button elementor-button-link elementor-size-sm\" href=\"http:\/\/criand.ad\/fr\/grossesse\/\">\n\t\t\t\t\t\t<span class=\"elementor-button-content-wrapper\">\n\t\t\t\t\t\t\t\t\t<span class=\"elementor-button-text\">Savoir plus<\/span>\n\t\t\t\t\t<\/span>\n\t\t\t\t\t<\/a>\n\t\t\t\t<\/div>\n\t\t\t\t\t\t\t\t<\/div>\n\t\t\t\t<\/div>\n\t\t\t\t<\/div>\n\t\t<div class=\"elementor-element elementor-element-5ffbfef e-con-full e-flex e-con e-child\" data-id=\"5ffbfef\" data-element_type=\"container\">\n\t\t\t\t<div class=\"elementor-element elementor-element-8eadf46 elementor-widget elementor-widget-image\" data-id=\"8eadf46\" data-element_type=\"widget\" data-widget_type=\"image.default\">\n\t\t\t\t<div class=\"elementor-widget-container\">\n\t\t\t\t\t\t\t\t\t\t\t\t\t\t\t<img decoding=\"async\" width=\"800\" height=\"533\" src=\"https:\/\/criand.ad\/wp-content\/uploads\/2025\/05\/toddler-beastfeed.jpeg\" class=\"attachment-large size-large wp-image-2253\" alt=\"\" srcset=\"https:\/\/criand.ad\/wp-content\/uploads\/2025\/05\/toddler-beastfeed.jpeg 800w, https:\/\/criand.ad\/wp-content\/uploads\/2025\/05\/toddler-beastfeed-300x200.jpeg 300w, https:\/\/criand.ad\/wp-content\/uploads\/2025\/05\/toddler-beastfeed-768x512.jpeg 768w, https:\/\/criand.ad\/wp-content\/uploads\/2025\/05\/toddler-beastfeed-600x400.jpeg 600w\" sizes=\"(max-width: 800px) 100vw, 800px\" \/>\t\t\t\t\t\t\t\t\t\t\t\t\t\t\t<\/div>\n\t\t\t\t<\/div>\n\t\t\t\t<div class=\"elementor-element elementor-element-c7de1c2 elementor-widget elementor-widget-heading\" data-id=\"c7de1c2\" data-element_type=\"widget\" data-widget_type=\"heading.default\">\n\t\t\t\t<div class=\"elementor-widget-container\">\n\t\t\t\t\t<h2 class=\"elementor-heading-title elementor-size-default\">Post-partum<\/h2>\t\t\t\t<\/div>\n\t\t\t\t<\/div>\n\t\t\t\t<div class=\"elementor-element elementor-element-1c828ca elementor-widget elementor-widget-text-editor\" data-id=\"1c828ca\" data-element_type=\"widget\" data-widget_type=\"text-editor.default\">\n\t\t\t\t<div class=\"elementor-widget-container\">\n\t\t\t\t\t\t\t\t\t<p data-start=\"2628\" data-end=\"3080\">Cette p\u00e9riode est cruciale et n\u00e9cessite soutien et orientation. C\u2019est pourquoi nous proposons une gamme de services \u00e0 domicile en Andorre, pour vous accompagner durant cette transition : soins du nouveau-n\u00e9, soins de la m\u00e8re, r\u00e9cup\u00e9ration post-partum, accompagnement en allaitement, portage et autres th\u00e9matiques parentales susceptibles de vous int\u00e9resser, tels que les premiers secours, le baby-led weaning ou le sommeil de l\u2019enfant.<\/p>\t\t\t\t\t\t\t\t<\/div>\n\t\t\t\t<\/div>\n\t\t\t\t<div class=\"elementor-element elementor-element-5db3590 elementor-button-info elementor-align-center elementor-widget__width-inherit elementor-widget elementor-widget-button\" data-id=\"5db3590\" data-element_type=\"widget\" data-widget_type=\"button.default\">\n\t\t\t\t<div class=\"elementor-widget-container\">\n\t\t\t\t\t\t\t\t\t<div class=\"elementor-button-wrapper\">\n\t\t\t\t\t<a class=\"elementor-button elementor-button-link elementor-size-sm\" href=\"http:\/\/criand.ad\/fr\/postpart\/\">\n\t\t\t\t\t\t<span class=\"elementor-button-content-wrapper\">\n\t\t\t\t\t\t\t\t\t<span class=\"elementor-button-text\">Savoir plus<\/span>\n\t\t\t\t\t<\/span>\n\t\t\t\t\t<\/a>\n\t\t\t\t<\/div>\n\t\t\t\t\t\t\t\t<\/div>\n\t\t\t\t<\/div>\n\t\t\t\t<\/div>\n\t\t<div class=\"elementor-element elementor-element-53bcb8b e-con-full e-flex e-con e-child\" data-id=\"53bcb8b\" data-element_type=\"container\">\n\t\t\t\t<div class=\"elementor-element elementor-element-0c8e526 elementor-widget elementor-widget-image\" data-id=\"0c8e526\" data-element_type=\"widget\" data-widget_type=\"image.default\">\n\t\t\t\t<div class=\"elementor-widget-container\">\n\t\t\t\t\t\t\t\t\t\t\t\t\t\t\t<img decoding=\"async\" width=\"550\" height=\"367\" src=\"https:\/\/criand.ad\/wp-content\/uploads\/2025\/05\/iogagrup.webp\" class=\"attachment-large size-large wp-image-6350\" alt=\"\" srcset=\"https:\/\/criand.ad\/wp-content\/uploads\/2025\/05\/iogagrup.webp 550w, https:\/\/criand.ad\/wp-content\/uploads\/2025\/05\/iogagrup-300x200.webp 300w\" sizes=\"(max-width: 550px) 100vw, 550px\" \/>\t\t\t\t\t\t\t\t\t\t\t\t\t\t\t<\/div>\n\t\t\t\t<\/div>\n\t\t\t\t<div class=\"elementor-element elementor-element-b4a54dd elementor-widget elementor-widget-heading\" data-id=\"b4a54dd\" data-element_type=\"widget\" data-widget_type=\"heading.default\">\n\t\t\t\t<div class=\"elementor-widget-container\">\n\t\t\t\t\t<h2 class=\"elementor-heading-title elementor-size-default\">A\u00e9ro-yoga<\/h2>\t\t\t\t<\/div>\n\t\t\t\t<\/div>\n\t\t\t\t<div class=\"elementor-element elementor-element-b91af20 elementor-widget elementor-widget-text-editor\" data-id=\"b91af20\" data-element_type=\"widget\" data-widget_type=\"text-editor.default\">\n\t\t\t\t<div class=\"elementor-widget-container\">\n\t\t\t\t\t\t\t\t\t<p data-start=\"3082\" data-end=\"3492\">Nous proposons des cours hebdomadaires d\u2019a\u00e9ro-yoga en groupe (grossesse, pr\u00e9paration \u00e0 l\u2019accouchement et post-partum avec b\u00e9b\u00e9), avec des exercices adapt\u00e9s \u00e0 la r\u00e9cup\u00e9ration post-partum. Le c\u00f4t\u00e9 hebdomadaire permet aux mamans non seulement de faire de l\u2019exercice et de rester actives, mais aussi de se cr\u00e9er une communaut\u00e9 (\u00ab tribu \u00bb) et de partager cette merveilleuse aventure de la maternit\u00e9.<\/p>\t\t\t\t\t\t\t\t<\/div>\n\t\t\t\t<\/div>\n\t\t\t\t<div class=\"elementor-element elementor-element-ac76d74 elementor-button-info elementor-align-center elementor-widget__width-inherit elementor-widget elementor-widget-button\" data-id=\"ac76d74\" data-element_type=\"widget\" data-widget_type=\"button.default\">\n\t\t\t\t<div class=\"elementor-widget-container\">\n\t\t\t\t\t\t\t\t\t<div class=\"elementor-button-wrapper\">\n\t\t\t\t\t<a class=\"elementor-button elementor-button-link elementor-size-sm\" href=\"http:\/\/criand.ad\/fr\/categoria-producto\/aero-yoga\/\">\n\t\t\t\t\t\t<span class=\"elementor-button-content-wrapper\">\n\t\t\t\t\t\t\t\t\t<span class=\"elementor-button-text\">Savoir plus<\/span>\n\t\t\t\t\t<\/span>\n\t\t\t\t\t<\/a>\n\t\t\t\t<\/div>\n\t\t\t\t\t\t\t\t<\/div>\n\t\t\t\t<\/div>\n\t\t\t\t<\/div>\n\t\t\t\t\t<\/div>\n\t\t\t\t<\/div>\n\t\t\t\t<\/div>\n\t\t","protected":false},"excerpt":{"rendered":"<p>Tous nos accompagnements Accompagnement pr\u00e9sentiel Nous proposons des consultations pr\u00e9sentielles \u00e0 domicile afin de vous offrir une attention plus personnalis\u00e9e et intime. Cela nous permet d\u2019observer votre environnement, de mieux comprendre votre mode de vie et de vous proposer des conseils pratiques adapt\u00e9s \u00e0 votre situation sp\u00e9cifique. Grossesse La grossesse est une \u00e9tape fondamentale dans [&hellip;]<\/p>\n","protected":false},"author":1,"featured_media":0,"parent":0,"menu_order":0,"comment_status":"closed","ping_status":"closed","template":"","meta":{"site-sidebar-layout":"no-sidebar","site-content-layout":"page-builder","ast-site-content-layout":"full-width-container","site-content-style":"unboxed","site-sidebar-style":"unboxed","ast-global-header-display":"","ast-banner-title-visibility":"","ast-main-header-display":"","ast-hfb-above-header-display":"","ast-hfb-below-header-display":"","ast-hfb-mobile-header-display":"","site-post-title":"disabled","ast-breadcrumbs-content":"","ast-featured-img":"disabled","footer-sml-layout":"","theme-transparent-header-meta":"enabled","adv-header-id-meta":"","stick-header-meta":"","header-above-stick-meta":"","header-main-stick-meta":"","header-below-stick-meta":"","astra-migrate-meta-layouts":"set","ast-page-background-enabled":"default","ast-page-background-meta":{"desktop":{"background-color":"","background-image":"","background-repeat":"repeat","background-position":"center center","background-size":"auto","background-attachment":"scroll","background-type":"","background-media":"","overlay-type":"","overlay-color":"","overlay-opacity":"","overlay-gradient":""},"tablet":{"background-color":"","background-image":"","background-repeat":"repeat","background-position":"center center","background-size":"auto","background-attachment":"scroll","background-type":"","background-media":"","overlay-type":"","overlay-color":"","overlay-opacity":"","overlay-gradient":""},"mobile":{"background-color":"","background-image":"","background-repeat":"repeat","background-position":"center center","background-size":"auto","background-attachment":"scroll","background-type":"","background-media":"","overlay-type":"","overlay-color":"","overlay-opacity":"","overlay-gradient":""}},"ast-content-background-meta":{"desktop":{"background-color":"var(--ast-global-color-5)","background-image":"","background-repeat":"repeat","background-position":"center center","background-size":"auto","background-attachment":"scroll","background-type":"","background-media":"","overlay-type":"","overlay-color":"","overlay-opacity":"","overlay-gradient":""},"tablet":{"background-color":"var(--ast-global-color-5)","background-image":"","background-repeat":"repeat","background-position":"center center","background-size":"auto","background-attachment":"scroll","background-type":"","background-media":"","overlay-type":"","overlay-color":"","overlay-opacity":"","overlay-gradient":""},"mobile":{"background-color":"var(--ast-global-color-5)","background-image":"","background-repeat":"repeat","background-position":"center center","background-size":"auto","background-attachment":"scroll","background-type":"","background-media":"","overlay-type":"","overlay-color":"","overlay-opacity":"","overlay-gradient":""}},"footnotes":""},"class_list":["post-4777","page","type-page","status-publish","hentry"],"yoast_head":"<!-- This site is optimized with the Yoast SEO plugin v26.6 - https:\/\/yoast.com\/wordpress\/plugins\/seo\/ -->\n<title>Accompagnement pr\u00e9sentiel - Criand<\/title>\n<meta name=\"robots\" content=\"index, follow, max-snippet:-1, max-image-preview:large, max-video-preview:-1\" \/>\n<link rel=\"canonical\" href=\"https:\/\/criand.ad\/assessorament-presencial\/\" \/>\n<meta property=\"og:locale\" content=\"fr_FR\" \/>\n<meta property=\"og:type\" content=\"article\" \/>\n<meta property=\"og:title\" content=\"Accompagnement pr\u00e9sentiel - Criand\" \/>\n<meta property=\"og:description\" content=\"Tous nos accompagnements Accompagnement pr\u00e9sentiel Nous proposons des consultations pr\u00e9sentielles \u00e0 domicile afin de vous offrir une attention plus personnalis\u00e9e et intime. Cela nous permet d\u2019observer votre environnement, de mieux comprendre votre mode de vie et de vous proposer des conseils pratiques adapt\u00e9s \u00e0 votre situation sp\u00e9cifique. Grossesse La grossesse est une \u00e9tape fondamentale dans [&hellip;]\" \/>\n<meta property=\"og:url\" content=\"https:\/\/criand.ad\/assessorament-presencial\/\" \/>\n<meta property=\"og:site_name\" content=\"Criand\" \/>\n<meta property=\"article:modified_time\" content=\"2025-09-08T18:22:22+00:00\" \/>\n<meta property=\"og:image\" content=\"http:\/\/criand.ad\/wp-content\/uploads\/2025\/05\/s-1.jpg\" \/>\n<meta name=\"twitter:card\" content=\"summary_large_image\" \/>\n<meta name=\"twitter:label1\" content=\"Dur\u00e9e de lecture estim\u00e9e\" \/>\n\t<meta name=\"twitter:data1\" content=\"3 minutes\" \/>\n<script type=\"application\/ld+json\" class=\"yoast-schema-graph\">{\"@context\":\"https:\/\/schema.org\",\"@graph\":[{\"@type\":\"WebPage\",\"@id\":\"https:\/\/criand.ad\/assessorament-presencial\/\",\"url\":\"https:\/\/criand.ad\/assessorament-presencial\/\",\"name\":\"Accompagnement pr\u00e9sentiel - Criand\",\"isPartOf\":{\"@id\":\"https:\/\/criand.ad\/#website\"},\"primaryImageOfPage\":{\"@id\":\"https:\/\/criand.ad\/assessorament-presencial\/#primaryimage\"},\"image\":{\"@id\":\"https:\/\/criand.ad\/assessorament-presencial\/#primaryimage\"},\"thumbnailUrl\":\"http:\/\/criand.ad\/wp-content\/uploads\/2025\/05\/s-1.jpg\",\"datePublished\":\"2025-07-21T05:21:54+00:00\",\"dateModified\":\"2025-09-08T18:22:22+00:00\",\"breadcrumb\":{\"@id\":\"https:\/\/criand.ad\/assessorament-presencial\/#breadcrumb\"},\"inLanguage\":\"fr-FR\",\"potentialAction\":[{\"@type\":\"ReadAction\",\"target\":[\"https:\/\/criand.ad\/assessorament-presencial\/\"]}]},{\"@type\":\"ImageObject\",\"inLanguage\":\"fr-FR\",\"@id\":\"https:\/\/criand.ad\/assessorament-presencial\/#primaryimage\",\"url\":\"http:\/\/criand.ad\/wp-content\/uploads\/2025\/05\/s-1.jpg\",\"contentUrl\":\"http:\/\/criand.ad\/wp-content\/uploads\/2025\/05\/s-1.jpg\"},{\"@type\":\"BreadcrumbList\",\"@id\":\"https:\/\/criand.ad\/assessorament-presencial\/#breadcrumb\",\"itemListElement\":[{\"@type\":\"ListItem\",\"position\":1,\"name\":\"Inici\",\"item\":\"https:\/\/criand.ad\/fr\/\"},{\"@type\":\"ListItem\",\"position\":2,\"name\":\"Accompagnement pr\u00e9sentiel\"}]},{\"@type\":\"WebSite\",\"@id\":\"https:\/\/criand.ad\/#website\",\"url\":\"https:\/\/criand.ad\/\",\"name\":\"CRIAND\",\"description\":\"Embar\u00e0s, Postpart i Crian\u00e7a\",\"potentialAction\":[{\"@type\":\"SearchAction\",\"target\":{\"@type\":\"EntryPoint\",\"urlTemplate\":\"https:\/\/criand.ad\/?s={search_term_string}\"},\"query-input\":{\"@type\":\"PropertyValueSpecification\",\"valueRequired\":true,\"valueName\":\"search_term_string\"}}],\"inLanguage\":\"fr-FR\"}]}<\/script>\n<!-- \/ Yoast SEO plugin. -->","yoast_head_json":{"title":"Accompagnement pr\u00e9sentiel - Criand","robots":{"index":"index","follow":"follow","max-snippet":"max-snippet:-1","max-image-preview":"max-image-preview:large","max-video-preview":"max-video-preview:-1"},"canonical":"https:\/\/criand.ad\/assessorament-presencial\/","og_locale":"fr_FR","og_type":"article","og_title":"Accompagnement pr\u00e9sentiel - Criand","og_description":"Tous nos accompagnements Accompagnement pr\u00e9sentiel Nous proposons des consultations pr\u00e9sentielles \u00e0 domicile afin de vous offrir une attention plus personnalis\u00e9e et intime. Cela nous permet d\u2019observer votre environnement, de mieux comprendre votre mode de vie et de vous proposer des conseils pratiques adapt\u00e9s \u00e0 votre situation sp\u00e9cifique. Grossesse La grossesse est une \u00e9tape fondamentale dans [&hellip;]","og_url":"https:\/\/criand.ad\/assessorament-presencial\/","og_site_name":"Criand","article_modified_time":"2025-09-08T18:22:22+00:00","og_image":[{"url":"http:\/\/criand.ad\/wp-content\/uploads\/2025\/05\/s-1.jpg","type":"","width":"","height":""}],"twitter_card":"summary_large_image","twitter_misc":{"Dur\u00e9e de lecture estim\u00e9e":"3 minutes"},"schema":{"@context":"https:\/\/schema.org","@graph":[{"@type":"WebPage","@id":"https:\/\/criand.ad\/assessorament-presencial\/","url":"https:\/\/criand.ad\/assessorament-presencial\/","name":"Accompagnement pr\u00e9sentiel - Criand","isPartOf":{"@id":"https:\/\/criand.ad\/#website"},"primaryImageOfPage":{"@id":"https:\/\/criand.ad\/assessorament-presencial\/#primaryimage"},"image":{"@id":"https:\/\/criand.ad\/assessorament-presencial\/#primaryimage"},"thumbnailUrl":"http:\/\/criand.ad\/wp-content\/uploads\/2025\/05\/s-1.jpg","datePublished":"2025-07-21T05:21:54+00:00","dateModified":"2025-09-08T18:22:22+00:00","breadcrumb":{"@id":"https:\/\/criand.ad\/assessorament-presencial\/#breadcrumb"},"inLanguage":"fr-FR","potentialAction":[{"@type":"ReadAction","target":["https:\/\/criand.ad\/assessorament-presencial\/"]}]},{"@type":"ImageObject","inLanguage":"fr-FR","@id":"https:\/\/criand.ad\/assessorament-presencial\/#primaryimage","url":"http:\/\/criand.ad\/wp-content\/uploads\/2025\/05\/s-1.jpg","contentUrl":"http:\/\/criand.ad\/wp-content\/uploads\/2025\/05\/s-1.jpg"},{"@type":"BreadcrumbList","@id":"https:\/\/criand.ad\/assessorament-presencial\/#breadcrumb","itemListElement":[{"@type":"ListItem","position":1,"name":"Inici","item":"https:\/\/criand.ad\/fr\/"},{"@type":"ListItem","position":2,"name":"Accompagnement pr\u00e9sentiel"}]},{"@type":"WebSite","@id":"https:\/\/criand.ad\/#website","url":"https:\/\/criand.ad\/","name":"CRIAND","description":"Embar\u00e0s, Postpart i Crian\u00e7a","potentialAction":[{"@type":"SearchAction","target":{"@type":"EntryPoint","urlTemplate":"https:\/\/criand.ad\/?s={search_term_string}"},"query-input":{"@type":"PropertyValueSpecification","valueRequired":true,"valueName":"search_term_string"}}],"inLanguage":"fr-FR"}]}},"_links":{"self":[{"href":"https:\/\/criand.ad\/fr\/wp-json\/wp\/v2\/pages\/4777","targetHints":{"allow":["GET"]}}],"collection":[{"href":"https:\/\/criand.ad\/fr\/wp-json\/wp\/v2\/pages"}],"about":[{"href":"https:\/\/criand.ad\/fr\/wp-json\/wp\/v2\/types\/page"}],"author":[{"embeddable":true,"href":"https:\/\/criand.ad\/fr\/wp-json\/wp\/v2\/users\/1"}],"replies":[{"embeddable":true,"href":"https:\/\/criand.ad\/fr\/wp-json\/wp\/v2\/comments?post=4777"}],"version-history":[{"count":0,"href":"https:\/\/criand.ad\/fr\/wp-json\/wp\/v2\/pages\/4777\/revisions"}],"wp:attachment":[{"href":"https:\/\/criand.ad\/fr\/wp-json\/wp\/v2\/media?parent=4777"}],"curies":[{"name":"wp","href":"https:\/\/api.w.org\/{rel}","templated":true}]}}