{"id":6873,"date":"2026-01-23T11:34:43","date_gmt":"2026-01-23T10:34:43","guid":{"rendered":"https:\/\/criand.ad\/producto\/masterclass-ioga-a-carrec-olga-da-cunha\/"},"modified":"2026-03-19T18:33:51","modified_gmt":"2026-03-19T17:33:51","slug":"masterclass-ioga-a-carrec-olga-da-cunha","status":"publish","type":"product","link":"https:\/\/criand.ad\/es\/producto\/masterclass-ioga-a-carrec-olga-da-cunha\/","title":{"rendered":"MASTERCLASS IOGA EMBAR\u00c0S ( a c\u00e0rrec Olga Da Cunha)"},"content":{"rendered":"<article class=\"text-token-text-primary w-full focus:outline-none [--shadow-height:45px] has-data-writing-block:pointer-events-none has-data-writing-block:-mt-(--shadow-height) has-data-writing-block:pt-(--shadow-height) [&amp;:has([data-writing-block])&gt;*]:pointer-events-auto scroll-mt-(--header-height)\" dir=\"auto\" tabindex=\"-1\" data-turn-id=\"2f605d28-8dad-4438-80df-706389169ba7\" data-testid=\"conversation-turn-7\" data-scroll-anchor=\"false\" data-turn=\"user\">\n<div class=\"text-base my-auto mx-auto pt-12 [--thread-content-margin:--spacing(4)] @w-sm\/main:[--thread-content-margin:--spacing(6)] @w-lg\/main:[--thread-content-margin:--spacing(16)] px-(--thread-content-margin)\">\n<div class=\"[--thread-content-max-width:40rem] @w-lg\/main:[--thread-content-max-width:48rem] mx-auto max-w-(--thread-content-max-width) flex-1 group\/turn-messages focus-visible:outline-hidden relative flex w-full min-w-0 flex-col\" tabindex=\"-1\">\n<div class=\"flex max-w-full flex-col grow\">\n<div class=\"min-h-8 text-message relative flex w-full flex-col items-end gap-2 text-start break-words whitespace-normal [.text-message+&amp;]:mt-1\" dir=\"auto\" data-message-author-role=\"user\" data-message-id=\"2f605d28-8dad-4438-80df-706389169ba7\">\n<div class=\"flex w-full flex-col gap-1 empty:hidden items-end rtl:items-start\">\n<div class=\"user-message-bubble-color corner-superellipse\/1.1 relative rounded-[18px] px-4 py-1.5 data-[multiline]:py-3 max-w-[var(--user-chat-width,70%)]\" data-multiline=\"\">\n<div class=\"whitespace-pre-wrap\"><\/div>\n<\/div>\n<\/div>\n<\/div>\n<\/div>\n<div class=\"z-0 flex justify-end\"><\/div>\n<\/div>\n<\/div>\n<\/article>\n<article class=\"text-token-text-primary w-full focus:outline-none [--shadow-height:45px] has-data-writing-block:pointer-events-none has-data-writing-block:-mt-(--shadow-height) has-data-writing-block:pt-(--shadow-height) [&amp;:has([data-writing-block])&gt;*]:pointer-events-auto scroll-mt-[calc(var(--header-height)+min(200px,max(70px,20svh)))]\" dir=\"auto\" tabindex=\"-1\" data-turn-id=\"request-WEB:f92f76df-8393-45f4-af6f-5c9631eb73d3-3\" data-testid=\"conversation-turn-8\" data-scroll-anchor=\"true\" data-turn=\"assistant\">\n<div class=\"text-base my-auto mx-auto pb-10 [--thread-content-margin:--spacing(4)] @w-sm\/main:[--thread-content-margin:--spacing(6)] @w-lg\/main:[--thread-content-margin:--spacing(16)] px-(--thread-content-margin)\">\n<div class=\"[--thread-content-max-width:40rem] @w-lg\/main:[--thread-content-max-width:48rem] mx-auto max-w-(--thread-content-max-width) flex-1 group\/turn-messages focus-visible:outline-hidden relative flex w-full min-w-0 flex-col agent-turn\" tabindex=\"-1\">\n<div class=\"flex max-w-full flex-col grow\">\n<div class=\"min-h-8 text-message relative flex w-full flex-col items-end gap-2 text-start break-words whitespace-normal [.text-message+&amp;]:mt-1\" dir=\"auto\" data-message-author-role=\"assistant\" data-message-id=\"14bdde0d-e67b-4108-9fe9-a2a9cf91bab2\" data-message-model-slug=\"gpt-5-2\">\n<div class=\"flex w-full flex-col gap-1 empty:hidden first:pt-[1px]\">\n<div class=\"markdown prose dark:prose-invert w-full wrap-break-word light markdown-new-styling\">\n<p data-start=\"0\" data-end=\"394\" data-is-last-node=\"\" data-is-only-node=\"\">Viu una <strong data-start=\"8\" data-end=\"56\">masterclass presencial de ioga per a embar\u00e0s<\/strong> pensada per cuidar-te i preparar-te per al part amb calma i confian\u00e7a. En un espai segur i acompanyat, combinarem <strong data-start=\"171\" data-end=\"229\">moviments suaus d\u2019estirament i preparaci\u00f3 de la pelvis<\/strong> amb <strong data-start=\"234\" data-end=\"279\">t\u00e8cniques de respiraci\u00f3 \u00fatils per al part<\/strong>, ajudant-te a alleujar mol\u00e8sties, reduir l\u2019estr\u00e8s i connectar amb el teu cos i el teu nad\u00f3.<br data-start=\"371\" data-end=\"374\" \/>Una experi\u00e8ncia propera i conscient per sentir-te m\u00e9s forta, tranquil\u00b7la i preparada en aquesta etapa tan especial. \ud83e\udd0d\ud83e\uddd8\u200d\u2640\ufe0f<\/p>\n<p data-start=\"0\" data-end=\"394\" data-is-last-node=\"\" data-is-only-node=\"\">Dia: 28 febrer del 2026<\/p>\n<p data-start=\"0\" data-end=\"394\" data-is-last-node=\"\" data-is-only-node=\"\">Hora i Lloc: 10:00 a Hotel Roc Blanc<\/p>\n<p data-start=\"0\" data-end=\"394\" data-is-last-node=\"\" data-is-only-node=\"\">Durada: 1h30 aprox.<\/p>\n<p data-start=\"0\" data-end=\"394\" data-is-last-node=\"\" data-is-only-node=\"\">Preu: 40\u20ac\/ persona<\/p>\n<\/div>\n<\/div>\n<\/div>\n<\/div>\n<\/div>\n<\/div>\n<\/article>\n","protected":false},"excerpt":{"rendered":"<blockquote><p>Viu una <strong data-start=\"8\" data-end=\"56\">masterclass presencial de ioga per a embar\u00e0s<\/strong> pensada per cuidar-te i preparar-te per al part amb calma i confian\u00e7a. En un espai segur i acompanyat, combinarem <strong data-start=\"171\" data-end=\"229\">moviments suaus d\u2019estirament i preparaci\u00f3 de la pelvis<\/strong> amb <strong data-start=\"234\" data-end=\"279\">t\u00e8cniques de respiraci\u00f3 \u00fatils per al part<\/strong>, ajudant-te a alleujar mol\u00e8sties, reduir l\u2019estr\u00e8s i connectar amb el teu cos i el teu nad\u00f3.<br data-start=\"371\" data-end=\"374\" \/>Una experi\u00e8ncia propera i conscient per sentir-te m\u00e9s forta, tranquil\u00b7la i preparada en aquesta etapa tan especial. \ud83e\udd0d\ud83e\uddd8\u200d\u2640\ufe0f<\/p><\/blockquote>\n","protected":false},"featured_media":4571,"template":"","meta":{"site-sidebar-layout":"default","site-content-layout":"","ast-site-content-layout":"default","site-content-style":"default","site-sidebar-style":"default","ast-global-header-display":"","ast-banner-title-visibility":"","ast-main-header-display":"","ast-hfb-above-header-display":"","ast-hfb-below-header-display":"","ast-hfb-mobile-header-display":"","site-post-title":"","ast-breadcrumbs-content":"","ast-featured-img":"","footer-sml-layout":"","theme-transparent-header-meta":"default","adv-header-id-meta":"","stick-header-meta":"default","header-above-stick-meta":"","header-main-stick-meta":"","header-below-stick-meta":"","astra-migrate-meta-layouts":"set","ast-page-background-enabled":"default","ast-page-background-meta":{"desktop":{"background-color":"","background-image":"","background-repeat":"repeat","background-position":"center center","background-size":"auto","background-attachment":"scroll","background-type":"","background-media":"","overlay-type":"","overlay-color":"","overlay-opacity":"","overlay-gradient":""},"tablet":{"background-color":"","background-image":"","background-repeat":"repeat","background-position":"center center","background-size":"auto","background-attachment":"scroll","background-type":"","background-media":"","overlay-type":"","overlay-color":"","overlay-opacity":"","overlay-gradient":""},"mobile":{"background-color":"","background-image":"","background-repeat":"repeat","background-position":"center center","background-size":"auto","background-attachment":"scroll","background-type":"","background-media":"","overlay-type":"","overlay-color":"","overlay-opacity":"","overlay-gradient":""}},"ast-content-background-meta":{"desktop":{"background-color":"var(--ast-global-color-5)","background-image":"","background-repeat":"repeat","background-position":"center center","background-size":"auto","background-attachment":"scroll","background-type":"","background-media":"","overlay-type":"","overlay-color":"","overlay-opacity":"","overlay-gradient":""},"tablet":{"background-color":"var(--ast-global-color-5)","background-image":"","background-repeat":"repeat","background-position":"center center","background-size":"auto","background-attachment":"scroll","background-type":"","background-media":"","overlay-type":"","overlay-color":"","overlay-opacity":"","overlay-gradient":""},"mobile":{"background-color":"var(--ast-global-color-5)","background-image":"","background-repeat":"repeat","background-position":"center center","background-size":"auto","background-attachment":"scroll","background-type":"","background-media":"","overlay-type":"","overlay-color":"","overlay-opacity":"","overlay-gradient":""}}},"product_brand":[],"product_cat":[154,198,137],"product_tag":[133,155,170,310,167],"giftcard-category":[],"class_list":{"0":"post-6873","1":"product","2":"type-product","3":"status-publish","4":"has-post-thumbnail","6":"product_cat-embarazo","7":"product_cat-sin-categorizar-es","8":"product_cat-talleres","9":"product_tag-andorra-es","10":"product_tag-embaras-es","11":"product_tag-hipnopart-es","12":"product_tag-ioga","13":"product_tag-preparacio-al-part-es","14":"desktop-align-left","15":"tablet-align-left","16":"mobile-align-left","17":"ast-product-gallery-layout-horizontal-slider","18":"ast-product-gallery-with-no-image","19":"ast-magnify-disabled","20":"ast-product-tabs-layout-horizontal","22":"first","23":"outofstock","24":"purchasable","25":"product-type-simple"},"yoast_head":"<!-- This site is optimized with the Yoast SEO plugin v26.6 - https:\/\/yoast.com\/wordpress\/plugins\/seo\/ -->\n<title>masterclass ioga: connecta amb el teu cos i nad\u00f3 - Criand<\/title>\n<meta name=\"description\" content=\"Cuida&#039;t en la nostra masterclass ioga per a embar\u00e0s, amb moviments suaus que alleugen l&#039;estr\u00e8s. Coneix el teu cos abans del part! \ud83c\udf08\" \/>\n<meta name=\"robots\" content=\"index, follow, max-snippet:-1, max-image-preview:large, max-video-preview:-1\" \/>\n<link rel=\"canonical\" href=\"https:\/\/criand.ad\/es\/producto\/masterclass-ioga-a-carrec-olga-da-cunha\/\" \/>\n<meta property=\"og:locale\" content=\"es_ES\" \/>\n<meta property=\"og:type\" content=\"article\" \/>\n<meta property=\"og:title\" content=\"masterclass ioga: connecta amb el teu cos i nad\u00f3 - Criand\" \/>\n<meta property=\"og:description\" content=\"Cuida&#039;t en la nostra masterclass ioga per a embar\u00e0s, amb moviments suaus que alleugen l&#039;estr\u00e8s. Coneix el teu cos abans del part! \ud83c\udf08\" \/>\n<meta property=\"og:url\" content=\"https:\/\/criand.ad\/es\/producto\/masterclass-ioga-a-carrec-olga-da-cunha\/\" \/>\n<meta property=\"og:site_name\" content=\"Criand\" \/>\n<meta property=\"article:modified_time\" content=\"2026-03-19T17:33:51+00:00\" \/>\n<meta property=\"og:image\" content=\"https:\/\/criand.ad\/wp-content\/uploads\/2025\/05\/iogagrup.webp\" \/>\n\t<meta property=\"og:image:width\" content=\"550\" \/>\n\t<meta property=\"og:image:height\" content=\"367\" \/>\n\t<meta property=\"og:image:type\" content=\"image\/webp\" \/>\n<meta name=\"twitter:card\" content=\"summary_large_image\" \/>\n<meta name=\"twitter:label1\" content=\"Tiempo de lectura\" \/>\n\t<meta name=\"twitter:data1\" content=\"1 minuto\" \/>\n<script type=\"application\/ld+json\" class=\"yoast-schema-graph\">{\"@context\":\"https:\/\/schema.org\",\"@graph\":[{\"@type\":\"WebPage\",\"@id\":\"https:\/\/criand.ad\/es\/producto\/masterclass-ioga-a-carrec-olga-da-cunha\/\",\"url\":\"https:\/\/criand.ad\/es\/producto\/masterclass-ioga-a-carrec-olga-da-cunha\/\",\"name\":\"masterclass ioga: connecta amb el teu cos i nad\u00f3 - Criand\",\"isPartOf\":{\"@id\":\"https:\/\/criand.ad\/#website\"},\"primaryImageOfPage\":{\"@id\":\"https:\/\/criand.ad\/es\/producto\/masterclass-ioga-a-carrec-olga-da-cunha\/#primaryimage\"},\"image\":{\"@id\":\"https:\/\/criand.ad\/es\/producto\/masterclass-ioga-a-carrec-olga-da-cunha\/#primaryimage\"},\"thumbnailUrl\":\"https:\/\/criand.ad\/wp-content\/uploads\/2025\/05\/iogagrup.webp\",\"datePublished\":\"2026-01-23T10:34:43+00:00\",\"dateModified\":\"2026-03-19T17:33:51+00:00\",\"description\":\"Cuida't en la nostra masterclass ioga per a embar\u00e0s, amb moviments suaus que alleugen l'estr\u00e8s. Coneix el teu cos abans del part! \ud83c\udf08\",\"breadcrumb\":{\"@id\":\"https:\/\/criand.ad\/es\/producto\/masterclass-ioga-a-carrec-olga-da-cunha\/#breadcrumb\"},\"inLanguage\":\"es\",\"potentialAction\":[{\"@type\":\"ReadAction\",\"target\":[\"https:\/\/criand.ad\/es\/producto\/masterclass-ioga-a-carrec-olga-da-cunha\/\"]}]},{\"@type\":\"ImageObject\",\"inLanguage\":\"es\",\"@id\":\"https:\/\/criand.ad\/es\/producto\/masterclass-ioga-a-carrec-olga-da-cunha\/#primaryimage\",\"url\":\"https:\/\/criand.ad\/wp-content\/uploads\/2025\/05\/iogagrup.webp\",\"contentUrl\":\"https:\/\/criand.ad\/wp-content\/uploads\/2025\/05\/iogagrup.webp\",\"width\":550,\"height\":367},{\"@type\":\"BreadcrumbList\",\"@id\":\"https:\/\/criand.ad\/es\/producto\/masterclass-ioga-a-carrec-olga-da-cunha\/#breadcrumb\",\"itemListElement\":[{\"@type\":\"ListItem\",\"position\":1,\"name\":\"Inici\",\"item\":\"https:\/\/criand.ad\/es\/\"},{\"@type\":\"ListItem\",\"position\":2,\"name\":\"Productes\",\"item\":\"https:\/\/criand.ad\/shop\/\"},{\"@type\":\"ListItem\",\"position\":3,\"name\":\"MASTERCLASS IOGA EMBAR\u00c0S ( a c\u00e0rrec Olga Da Cunha)\"}]},{\"@type\":\"WebSite\",\"@id\":\"https:\/\/criand.ad\/#website\",\"url\":\"https:\/\/criand.ad\/\",\"name\":\"CRIAND\",\"description\":\"Embar\u00e0s, Postpart i Crian\u00e7a\",\"publisher\":{\"@id\":\"https:\/\/criand.ad\/#organization\"},\"potentialAction\":[{\"@type\":\"SearchAction\",\"target\":{\"@type\":\"EntryPoint\",\"urlTemplate\":\"https:\/\/criand.ad\/?s={search_term_string}\"},\"query-input\":{\"@type\":\"PropertyValueSpecification\",\"valueRequired\":true,\"valueName\":\"search_term_string\"}}],\"inLanguage\":\"es\"},{\"@type\":\"Organization\",\"@id\":\"https:\/\/criand.ad\/#organization\",\"name\":\"CRIAND\",\"url\":\"https:\/\/criand.ad\/\",\"logo\":{\"@type\":\"ImageObject\",\"inLanguage\":\"es\",\"@id\":\"https:\/\/criand.ad\/#\/schema\/logo\/image\/\",\"url\":\"https:\/\/criand.ad\/wp-content\/uploads\/2025\/05\/cropped-logo-1.png\",\"contentUrl\":\"https:\/\/criand.ad\/wp-content\/uploads\/2025\/05\/cropped-logo-1.png\",\"width\":360,\"height\":218,\"caption\":\"CRIAND\"},\"image\":{\"@id\":\"https:\/\/criand.ad\/#\/schema\/logo\/image\/\"},\"sameAs\":[\"http:\/\/instagram.com\/criand.andorra\"]}]}<\/script>\n<!-- \/ Yoast SEO plugin. -->","yoast_head_json":{"title":"masterclass ioga: connecta amb el teu cos i nad\u00f3 - Criand","description":"Cuida't en la nostra masterclass ioga per a embar\u00e0s, amb moviments suaus que alleugen l'estr\u00e8s. Coneix el teu cos abans del part! \ud83c\udf08","robots":{"index":"index","follow":"follow","max-snippet":"max-snippet:-1","max-image-preview":"max-image-preview:large","max-video-preview":"max-video-preview:-1"},"canonical":"https:\/\/criand.ad\/es\/producto\/masterclass-ioga-a-carrec-olga-da-cunha\/","og_locale":"es_ES","og_type":"article","og_title":"masterclass ioga: connecta amb el teu cos i nad\u00f3 - Criand","og_description":"Cuida't en la nostra masterclass ioga per a embar\u00e0s, amb moviments suaus que alleugen l'estr\u00e8s. Coneix el teu cos abans del part! \ud83c\udf08","og_url":"https:\/\/criand.ad\/es\/producto\/masterclass-ioga-a-carrec-olga-da-cunha\/","og_site_name":"Criand","article_modified_time":"2026-03-19T17:33:51+00:00","og_image":[{"width":550,"height":367,"url":"https:\/\/criand.ad\/wp-content\/uploads\/2025\/05\/iogagrup.webp","type":"image\/webp"}],"twitter_card":"summary_large_image","twitter_misc":{"Tiempo de lectura":"1 minuto"},"schema":{"@context":"https:\/\/schema.org","@graph":[{"@type":"WebPage","@id":"https:\/\/criand.ad\/es\/producto\/masterclass-ioga-a-carrec-olga-da-cunha\/","url":"https:\/\/criand.ad\/es\/producto\/masterclass-ioga-a-carrec-olga-da-cunha\/","name":"masterclass ioga: connecta amb el teu cos i nad\u00f3 - Criand","isPartOf":{"@id":"https:\/\/criand.ad\/#website"},"primaryImageOfPage":{"@id":"https:\/\/criand.ad\/es\/producto\/masterclass-ioga-a-carrec-olga-da-cunha\/#primaryimage"},"image":{"@id":"https:\/\/criand.ad\/es\/producto\/masterclass-ioga-a-carrec-olga-da-cunha\/#primaryimage"},"thumbnailUrl":"https:\/\/criand.ad\/wp-content\/uploads\/2025\/05\/iogagrup.webp","datePublished":"2026-01-23T10:34:43+00:00","dateModified":"2026-03-19T17:33:51+00:00","description":"Cuida't en la nostra masterclass ioga per a embar\u00e0s, amb moviments suaus que alleugen l'estr\u00e8s. Coneix el teu cos abans del part! \ud83c\udf08","breadcrumb":{"@id":"https:\/\/criand.ad\/es\/producto\/masterclass-ioga-a-carrec-olga-da-cunha\/#breadcrumb"},"inLanguage":"es","potentialAction":[{"@type":"ReadAction","target":["https:\/\/criand.ad\/es\/producto\/masterclass-ioga-a-carrec-olga-da-cunha\/"]}]},{"@type":"ImageObject","inLanguage":"es","@id":"https:\/\/criand.ad\/es\/producto\/masterclass-ioga-a-carrec-olga-da-cunha\/#primaryimage","url":"https:\/\/criand.ad\/wp-content\/uploads\/2025\/05\/iogagrup.webp","contentUrl":"https:\/\/criand.ad\/wp-content\/uploads\/2025\/05\/iogagrup.webp","width":550,"height":367},{"@type":"BreadcrumbList","@id":"https:\/\/criand.ad\/es\/producto\/masterclass-ioga-a-carrec-olga-da-cunha\/#breadcrumb","itemListElement":[{"@type":"ListItem","position":1,"name":"Inici","item":"https:\/\/criand.ad\/es\/"},{"@type":"ListItem","position":2,"name":"Productes","item":"https:\/\/criand.ad\/shop\/"},{"@type":"ListItem","position":3,"name":"MASTERCLASS IOGA EMBAR\u00c0S ( a c\u00e0rrec Olga Da Cunha)"}]},{"@type":"WebSite","@id":"https:\/\/criand.ad\/#website","url":"https:\/\/criand.ad\/","name":"CRIAND","description":"Embar\u00e0s, Postpart i Crian\u00e7a","publisher":{"@id":"https:\/\/criand.ad\/#organization"},"potentialAction":[{"@type":"SearchAction","target":{"@type":"EntryPoint","urlTemplate":"https:\/\/criand.ad\/?s={search_term_string}"},"query-input":{"@type":"PropertyValueSpecification","valueRequired":true,"valueName":"search_term_string"}}],"inLanguage":"es"},{"@type":"Organization","@id":"https:\/\/criand.ad\/#organization","name":"CRIAND","url":"https:\/\/criand.ad\/","logo":{"@type":"ImageObject","inLanguage":"es","@id":"https:\/\/criand.ad\/#\/schema\/logo\/image\/","url":"https:\/\/criand.ad\/wp-content\/uploads\/2025\/05\/cropped-logo-1.png","contentUrl":"https:\/\/criand.ad\/wp-content\/uploads\/2025\/05\/cropped-logo-1.png","width":360,"height":218,"caption":"CRIAND"},"image":{"@id":"https:\/\/criand.ad\/#\/schema\/logo\/image\/"},"sameAs":["http:\/\/instagram.com\/criand.andorra"]}]}},"_links":{"self":[{"href":"https:\/\/criand.ad\/es\/wp-json\/wp\/v2\/product\/6873","targetHints":{"allow":["GET"]}}],"collection":[{"href":"https:\/\/criand.ad\/es\/wp-json\/wp\/v2\/product"}],"about":[{"href":"https:\/\/criand.ad\/es\/wp-json\/wp\/v2\/types\/product"}],"version-history":[{"count":4,"href":"https:\/\/criand.ad\/es\/wp-json\/wp\/v2\/product\/6873\/revisions"}],"predecessor-version":[{"id":6949,"href":"https:\/\/criand.ad\/es\/wp-json\/wp\/v2\/product\/6873\/revisions\/6949"}],"wp:featuredmedia":[{"embeddable":true,"href":"https:\/\/criand.ad\/es\/wp-json\/wp\/v2\/media\/4571"}],"wp:attachment":[{"href":"https:\/\/criand.ad\/es\/wp-json\/wp\/v2\/media?parent=6873"}],"wp:term":[{"taxonomy":"product_brand","embeddable":true,"href":"https:\/\/criand.ad\/es\/wp-json\/wp\/v2\/product_brand?post=6873"},{"taxonomy":"product_cat","embeddable":true,"href":"https:\/\/criand.ad\/es\/wp-json\/wp\/v2\/product_cat?post=6873"},{"taxonomy":"product_tag","embeddable":true,"href":"https:\/\/criand.ad\/es\/wp-json\/wp\/v2\/product_tag?post=6873"},{"taxonomy":"giftcard-category","embeddable":true,"href":"https:\/\/criand.ad\/es\/wp-json\/wp\/v2\/giftcard-category?post=6873"}],"curies":[{"name":"wp","href":"https:\/\/api.w.org\/{rel}","templated":true}]}}