{"id":6351,"date":"2025-05-31T07:31:22","date_gmt":"2025-05-31T05:31:22","guid":{"rendered":"http:\/\/criand.ad\/producto\/aeroioga-i-postpart-pack-mensual\/"},"modified":"2026-02-27T13:03:32","modified_gmt":"2026-02-27T12:03:32","slug":"aeroyoga-postparto-pack-mensual","status":"publish","type":"product","link":"https:\/\/criand.ad\/es\/producto\/aeroyoga-postparto-pack-mensual\/","title":{"rendered":"Aeroyoga y Postparto: Pack mensual"},"content":{"rendered":"","protected":false},"excerpt":{"rendered":"<p data-start=\"82\" data-end=\"364\">En estas clases exclusivas trabajar\u00e1s todo el cuerpo con telas de aeroyoga en suspensi\u00f3n, con especial atenci\u00f3n al suelo p\u00e9lvico. Tambi\u00e9n habr\u00e1 espacios para fortalecer el v\u00ednculo con tu beb\u00e9, ya sea porteando, en el suelo o sobre las telas.<\/p>\n<p data-start=\"366\" data-end=\"512\">Con Olga Da Cunha, fisioterapeuta especializada en salud de la mujer y suelo p\u00e9lvico.<br data-start=\"451\" data-end=\"454\" \/><strong>Martes a las 11:45 h<\/strong><br data-start=\"474\" data-end=\"477\" \/><strong>Escuela L\u00edquid Dansa<\/strong><br data-start=\"497\" data-end=\"500\" \/><strong>Pack mensual<\/strong><\/p>\n","protected":false},"featured_media":5803,"template":"","meta":{"site-sidebar-layout":"default","site-content-layout":"","ast-site-content-layout":"default","site-content-style":"default","site-sidebar-style":"default","ast-global-header-display":"","ast-banner-title-visibility":"","ast-main-header-display":"","ast-hfb-above-header-display":"","ast-hfb-below-header-display":"","ast-hfb-mobile-header-display":"","site-post-title":"","ast-breadcrumbs-content":"","ast-featured-img":"","footer-sml-layout":"","theme-transparent-header-meta":"default","adv-header-id-meta":"","stick-header-meta":"default","header-above-stick-meta":"","header-main-stick-meta":"","header-below-stick-meta":"","astra-migrate-meta-layouts":"set","ast-page-background-enabled":"default","ast-page-background-meta":{"desktop":{"background-color":"","background-image":"","background-repeat":"repeat","background-position":"center center","background-size":"auto","background-attachment":"scroll","background-type":"","background-media":"","overlay-type":"","overlay-color":"","overlay-opacity":"","overlay-gradient":""},"tablet":{"background-color":"","background-image":"","background-repeat":"repeat","background-position":"center center","background-size":"auto","background-attachment":"scroll","background-type":"","background-media":"","overlay-type":"","overlay-color":"","overlay-opacity":"","overlay-gradient":""},"mobile":{"background-color":"","background-image":"","background-repeat":"repeat","background-position":"center center","background-size":"auto","background-attachment":"scroll","background-type":"","background-media":"","overlay-type":"","overlay-color":"","overlay-opacity":"","overlay-gradient":""}},"ast-content-background-meta":{"desktop":{"background-color":"var(--ast-global-color-5)","background-image":"","background-repeat":"repeat","background-position":"center center","background-size":"auto","background-attachment":"scroll","background-type":"","background-media":"","overlay-type":"","overlay-color":"","overlay-opacity":"","overlay-gradient":""},"tablet":{"background-color":"var(--ast-global-color-5)","background-image":"","background-repeat":"repeat","background-position":"center center","background-size":"auto","background-attachment":"scroll","background-type":"","background-media":"","overlay-type":"","overlay-color":"","overlay-opacity":"","overlay-gradient":""},"mobile":{"background-color":"var(--ast-global-color-5)","background-image":"","background-repeat":"repeat","background-position":"center center","background-size":"auto","background-attachment":"scroll","background-type":"","background-media":"","overlay-type":"","overlay-color":"","overlay-opacity":"","overlay-gradient":""}}},"product_brand":[],"product_cat":[139,146,137],"product_tag":[133,192,193],"giftcard-category":[],"class_list":{"0":"post-6351","1":"product","2":"type-product","3":"status-publish","4":"has-post-thumbnail","6":"product_cat-aeroyoga","7":"product_cat-asesoramiento-presencial","8":"product_cat-talleres","9":"product_tag-andorra-es","10":"product_tag-post-part-es","11":"product_tag-salut-femenina-es","12":"desktop-align-left","13":"tablet-align-left","14":"mobile-align-left","15":"ast-product-gallery-layout-horizontal-slider","16":"ast-product-gallery-with-no-image","17":"ast-magnify-disabled","18":"ast-product-tabs-layout-horizontal","20":"first","21":"instock","22":"virtual","23":"purchasable","24":"product-type-simple"},"yoast_head":"<!-- This site is optimized with the Yoast SEO plugin v26.6 - https:\/\/yoast.com\/wordpress\/plugins\/seo\/ -->\n<title>Aeroyoga y Postparto: Pack mensual - Criand<\/title>\n<meta name=\"description\" content=\"En estas clases exclusivas trabajar\u00e1s todo el cuerpo con telas de aeroyoga en suspensi\u00f3n, con especial atenci\u00f3n al suelo p\u00e9lvico.\" \/>\n<meta name=\"robots\" content=\"index, follow, max-snippet:-1, max-image-preview:large, max-video-preview:-1\" \/>\n<link rel=\"canonical\" href=\"https:\/\/criand.ad\/es\/producto\/aeroyoga-postparto-pack-mensual\/\" \/>\n<meta property=\"og:locale\" content=\"es_ES\" \/>\n<meta property=\"og:type\" content=\"article\" \/>\n<meta property=\"og:title\" content=\"Aeroyoga y Postparto: Pack mensual - Criand\" \/>\n<meta property=\"og:description\" content=\"En estas clases exclusivas trabajar\u00e1s todo el cuerpo con telas de aeroyoga en suspensi\u00f3n, con especial atenci\u00f3n al suelo p\u00e9lvico.\" \/>\n<meta property=\"og:url\" content=\"https:\/\/criand.ad\/es\/producto\/aeroyoga-postparto-pack-mensual\/\" \/>\n<meta property=\"og:site_name\" content=\"Criand\" \/>\n<meta property=\"article:modified_time\" content=\"2026-02-27T12:03:32+00:00\" \/>\n<meta property=\"og:image\" content=\"https:\/\/criand.ad\/wp-content\/uploads\/2025\/05\/IMG-20250121-WA0013-scaled.jpg\" \/>\n\t<meta property=\"og:image:width\" content=\"1920\" \/>\n\t<meta property=\"og:image:height\" content=\"2560\" \/>\n\t<meta property=\"og:image:type\" content=\"image\/jpeg\" \/>\n<meta name=\"twitter:card\" content=\"summary_large_image\" \/>\n<meta name=\"twitter:label1\" content=\"Tiempo de lectura\" \/>\n\t<meta name=\"twitter:data1\" content=\"1 minuto\" \/>\n<script type=\"application\/ld+json\" class=\"yoast-schema-graph\">{\"@context\":\"https:\/\/schema.org\",\"@graph\":[{\"@type\":\"WebPage\",\"@id\":\"https:\/\/criand.ad\/es\/producto\/aeroyoga-postparto-pack-mensual\/\",\"url\":\"https:\/\/criand.ad\/es\/producto\/aeroyoga-postparto-pack-mensual\/\",\"name\":\"Aeroyoga y Postparto: Pack mensual - Criand\",\"isPartOf\":{\"@id\":\"https:\/\/criand.ad\/#website\"},\"primaryImageOfPage\":{\"@id\":\"https:\/\/criand.ad\/es\/producto\/aeroyoga-postparto-pack-mensual\/#primaryimage\"},\"image\":{\"@id\":\"https:\/\/criand.ad\/es\/producto\/aeroyoga-postparto-pack-mensual\/#primaryimage\"},\"thumbnailUrl\":\"https:\/\/criand.ad\/wp-content\/uploads\/2025\/05\/IMG-20250121-WA0013-scaled.jpg\",\"datePublished\":\"2025-05-31T05:31:22+00:00\",\"dateModified\":\"2026-02-27T12:03:32+00:00\",\"description\":\"En estas clases exclusivas trabajar\u00e1s todo el cuerpo con telas de aeroyoga en suspensi\u00f3n, con especial atenci\u00f3n al suelo p\u00e9lvico.\",\"breadcrumb\":{\"@id\":\"https:\/\/criand.ad\/es\/producto\/aeroyoga-postparto-pack-mensual\/#breadcrumb\"},\"inLanguage\":\"es\",\"potentialAction\":[{\"@type\":\"ReadAction\",\"target\":[\"https:\/\/criand.ad\/es\/producto\/aeroyoga-postparto-pack-mensual\/\"]}]},{\"@type\":\"ImageObject\",\"inLanguage\":\"es\",\"@id\":\"https:\/\/criand.ad\/es\/producto\/aeroyoga-postparto-pack-mensual\/#primaryimage\",\"url\":\"https:\/\/criand.ad\/wp-content\/uploads\/2025\/05\/IMG-20250121-WA0013-scaled.jpg\",\"contentUrl\":\"https:\/\/criand.ad\/wp-content\/uploads\/2025\/05\/IMG-20250121-WA0013-scaled.jpg\",\"width\":1920,\"height\":2560},{\"@type\":\"BreadcrumbList\",\"@id\":\"https:\/\/criand.ad\/es\/producto\/aeroyoga-postparto-pack-mensual\/#breadcrumb\",\"itemListElement\":[{\"@type\":\"ListItem\",\"position\":1,\"name\":\"Inici\",\"item\":\"https:\/\/criand.ad\/es\/\"},{\"@type\":\"ListItem\",\"position\":2,\"name\":\"Productes\",\"item\":\"https:\/\/criand.ad\/shop\/\"},{\"@type\":\"ListItem\",\"position\":3,\"name\":\"Aeroyoga y Postparto: Pack mensual\"}]},{\"@type\":\"WebSite\",\"@id\":\"https:\/\/criand.ad\/#website\",\"url\":\"https:\/\/criand.ad\/\",\"name\":\"CRIAND\",\"description\":\"Embar\u00e0s, Postpart i Crian\u00e7a\",\"publisher\":{\"@id\":\"https:\/\/criand.ad\/#organization\"},\"potentialAction\":[{\"@type\":\"SearchAction\",\"target\":{\"@type\":\"EntryPoint\",\"urlTemplate\":\"https:\/\/criand.ad\/?s={search_term_string}\"},\"query-input\":{\"@type\":\"PropertyValueSpecification\",\"valueRequired\":true,\"valueName\":\"search_term_string\"}}],\"inLanguage\":\"es\"},{\"@type\":\"Organization\",\"@id\":\"https:\/\/criand.ad\/#organization\",\"name\":\"CRIAND\",\"url\":\"https:\/\/criand.ad\/\",\"logo\":{\"@type\":\"ImageObject\",\"inLanguage\":\"es\",\"@id\":\"https:\/\/criand.ad\/#\/schema\/logo\/image\/\",\"url\":\"https:\/\/criand.ad\/wp-content\/uploads\/2025\/05\/cropped-logo-1.png\",\"contentUrl\":\"https:\/\/criand.ad\/wp-content\/uploads\/2025\/05\/cropped-logo-1.png\",\"width\":360,\"height\":218,\"caption\":\"CRIAND\"},\"image\":{\"@id\":\"https:\/\/criand.ad\/#\/schema\/logo\/image\/\"},\"sameAs\":[\"http:\/\/instagram.com\/criand.andorra\"]}]}<\/script>\n<!-- \/ Yoast SEO plugin. -->","yoast_head_json":{"title":"Aeroyoga y Postparto: Pack mensual - Criand","description":"En estas clases exclusivas trabajar\u00e1s todo el cuerpo con telas de aeroyoga en suspensi\u00f3n, con especial atenci\u00f3n al suelo p\u00e9lvico.","robots":{"index":"index","follow":"follow","max-snippet":"max-snippet:-1","max-image-preview":"max-image-preview:large","max-video-preview":"max-video-preview:-1"},"canonical":"https:\/\/criand.ad\/es\/producto\/aeroyoga-postparto-pack-mensual\/","og_locale":"es_ES","og_type":"article","og_title":"Aeroyoga y Postparto: Pack mensual - Criand","og_description":"En estas clases exclusivas trabajar\u00e1s todo el cuerpo con telas de aeroyoga en suspensi\u00f3n, con especial atenci\u00f3n al suelo p\u00e9lvico.","og_url":"https:\/\/criand.ad\/es\/producto\/aeroyoga-postparto-pack-mensual\/","og_site_name":"Criand","article_modified_time":"2026-02-27T12:03:32+00:00","og_image":[{"width":1920,"height":2560,"url":"https:\/\/criand.ad\/wp-content\/uploads\/2025\/05\/IMG-20250121-WA0013-scaled.jpg","type":"image\/jpeg"}],"twitter_card":"summary_large_image","twitter_misc":{"Tiempo de lectura":"1 minuto"},"schema":{"@context":"https:\/\/schema.org","@graph":[{"@type":"WebPage","@id":"https:\/\/criand.ad\/es\/producto\/aeroyoga-postparto-pack-mensual\/","url":"https:\/\/criand.ad\/es\/producto\/aeroyoga-postparto-pack-mensual\/","name":"Aeroyoga y Postparto: Pack mensual - Criand","isPartOf":{"@id":"https:\/\/criand.ad\/#website"},"primaryImageOfPage":{"@id":"https:\/\/criand.ad\/es\/producto\/aeroyoga-postparto-pack-mensual\/#primaryimage"},"image":{"@id":"https:\/\/criand.ad\/es\/producto\/aeroyoga-postparto-pack-mensual\/#primaryimage"},"thumbnailUrl":"https:\/\/criand.ad\/wp-content\/uploads\/2025\/05\/IMG-20250121-WA0013-scaled.jpg","datePublished":"2025-05-31T05:31:22+00:00","dateModified":"2026-02-27T12:03:32+00:00","description":"En estas clases exclusivas trabajar\u00e1s todo el cuerpo con telas de aeroyoga en suspensi\u00f3n, con especial atenci\u00f3n al suelo p\u00e9lvico.","breadcrumb":{"@id":"https:\/\/criand.ad\/es\/producto\/aeroyoga-postparto-pack-mensual\/#breadcrumb"},"inLanguage":"es","potentialAction":[{"@type":"ReadAction","target":["https:\/\/criand.ad\/es\/producto\/aeroyoga-postparto-pack-mensual\/"]}]},{"@type":"ImageObject","inLanguage":"es","@id":"https:\/\/criand.ad\/es\/producto\/aeroyoga-postparto-pack-mensual\/#primaryimage","url":"https:\/\/criand.ad\/wp-content\/uploads\/2025\/05\/IMG-20250121-WA0013-scaled.jpg","contentUrl":"https:\/\/criand.ad\/wp-content\/uploads\/2025\/05\/IMG-20250121-WA0013-scaled.jpg","width":1920,"height":2560},{"@type":"BreadcrumbList","@id":"https:\/\/criand.ad\/es\/producto\/aeroyoga-postparto-pack-mensual\/#breadcrumb","itemListElement":[{"@type":"ListItem","position":1,"name":"Inici","item":"https:\/\/criand.ad\/es\/"},{"@type":"ListItem","position":2,"name":"Productes","item":"https:\/\/criand.ad\/shop\/"},{"@type":"ListItem","position":3,"name":"Aeroyoga y Postparto: Pack mensual"}]},{"@type":"WebSite","@id":"https:\/\/criand.ad\/#website","url":"https:\/\/criand.ad\/","name":"CRIAND","description":"Embar\u00e0s, Postpart i Crian\u00e7a","publisher":{"@id":"https:\/\/criand.ad\/#organization"},"potentialAction":[{"@type":"SearchAction","target":{"@type":"EntryPoint","urlTemplate":"https:\/\/criand.ad\/?s={search_term_string}"},"query-input":{"@type":"PropertyValueSpecification","valueRequired":true,"valueName":"search_term_string"}}],"inLanguage":"es"},{"@type":"Organization","@id":"https:\/\/criand.ad\/#organization","name":"CRIAND","url":"https:\/\/criand.ad\/","logo":{"@type":"ImageObject","inLanguage":"es","@id":"https:\/\/criand.ad\/#\/schema\/logo\/image\/","url":"https:\/\/criand.ad\/wp-content\/uploads\/2025\/05\/cropped-logo-1.png","contentUrl":"https:\/\/criand.ad\/wp-content\/uploads\/2025\/05\/cropped-logo-1.png","width":360,"height":218,"caption":"CRIAND"},"image":{"@id":"https:\/\/criand.ad\/#\/schema\/logo\/image\/"},"sameAs":["http:\/\/instagram.com\/criand.andorra"]}]}},"_links":{"self":[{"href":"https:\/\/criand.ad\/es\/wp-json\/wp\/v2\/product\/6351","targetHints":{"allow":["GET"]}}],"collection":[{"href":"https:\/\/criand.ad\/es\/wp-json\/wp\/v2\/product"}],"about":[{"href":"https:\/\/criand.ad\/es\/wp-json\/wp\/v2\/types\/product"}],"version-history":[{"count":1,"href":"https:\/\/criand.ad\/es\/wp-json\/wp\/v2\/product\/6351\/revisions"}],"predecessor-version":[{"id":6907,"href":"https:\/\/criand.ad\/es\/wp-json\/wp\/v2\/product\/6351\/revisions\/6907"}],"wp:featuredmedia":[{"embeddable":true,"href":"https:\/\/criand.ad\/es\/wp-json\/wp\/v2\/media\/5803"}],"wp:attachment":[{"href":"https:\/\/criand.ad\/es\/wp-json\/wp\/v2\/media?parent=6351"}],"wp:term":[{"taxonomy":"product_brand","embeddable":true,"href":"https:\/\/criand.ad\/es\/wp-json\/wp\/v2\/product_brand?post=6351"},{"taxonomy":"product_cat","embeddable":true,"href":"https:\/\/criand.ad\/es\/wp-json\/wp\/v2\/product_cat?post=6351"},{"taxonomy":"product_tag","embeddable":true,"href":"https:\/\/criand.ad\/es\/wp-json\/wp\/v2\/product_tag?post=6351"},{"taxonomy":"giftcard-category","embeddable":true,"href":"https:\/\/criand.ad\/es\/wp-json\/wp\/v2\/giftcard-category?post=6351"}],"curies":[{"name":"wp","href":"https:\/\/api.w.org\/{rel}","templated":true}]}}