{"id":6025,"date":"2025-05-31T07:31:22","date_gmt":"2025-05-31T05:31:22","guid":{"rendered":"http:\/\/criand.ad\/producto\/aeroioga-i-postpart-classe-unica\/"},"modified":"2026-04-26T18:07:36","modified_gmt":"2026-04-26T16:07:36","slug":"aeroioga-i-postpart-classe-unica","status":"publish","type":"product","link":"https:\/\/criand.ad\/es\/producto\/aeroioga-i-postpart-classe-unica\/","title":{"rendered":"Aeroioga i Postparto. Classe \u00fanica"},"content":{"rendered":"<p><strong>\u00bfQuieres reconectar con tu cuerpo en el postparto?<\/strong><br \/>\nEn estas clases exclusivas trabajar\u00e1s diferentes disciplinas, algunas con suspensi\u00f3n en telas de aeroyoga que implican todo tu cuerpo, haciendo especial \u00e9nfasis en el suelo p\u00e9lvico, y otras junto a tu beb\u00e9, ya sea porte\u00e1ndolo o creando un espacio de conexi\u00f3n entre ambos.<\/p>\n<p>Con<strong> Olga Da Cunha, fisioterapeuta especializada en suelo p\u00e9lvico<\/strong>.<\/p>\n<p>Horario: todos los martes a las 11:45 h.<br \/>\nLugar:Escuela L\u00edquid Dansa (Illa Carlemany)<\/p>\n<p>*Las clases \u00fanicas est\u00e1n sujetas a disponibilidad, dando preferencia a las personas con abono mensual.<br \/>\n*En el momento de la compra nos pondremos en contacto contigo para saber cu\u00e1ndo deseas realizar la sesi\u00f3n.<br \/>\n*En caso de no avisar con un m\u00ednimo de 24 h de antelaci\u00f3n la cancelaci\u00f3n de la sesi\u00f3n, la administraci\u00f3n no realizar\u00e1 la devoluci\u00f3n del importe.<\/p>\n<p>\u00a1Muchas gracias, hasta pronto!<\/p>\n","protected":false},"excerpt":{"rendered":"<p>\u00bfQuieres reconectar con tu cuerpo en el postparto? En estas clases exclusivas trabajar\u00e1s diferentes disciplinas, algunas con suspensi\u00f3n en telas de aeroyoga que implican todo tu cuerpo, haciendo especial \u00e9nfasis en el suelo p\u00e9lvico, y otras junto a tu beb\u00e9, ya sea porte\u00e1ndolo o creando un espacio de conexi\u00f3n entre ambos. Con Olga Da Cunha, [&hellip;]<\/p>\n","protected":false},"featured_media":5806,"template":"","meta":{"site-sidebar-layout":"default","site-content-layout":"","ast-site-content-layout":"default","site-content-style":"default","site-sidebar-style":"default","ast-global-header-display":"","ast-banner-title-visibility":"","ast-main-header-display":"","ast-hfb-above-header-display":"","ast-hfb-below-header-display":"","ast-hfb-mobile-header-display":"","site-post-title":"","ast-breadcrumbs-content":"","ast-featured-img":"","footer-sml-layout":"","theme-transparent-header-meta":"default","adv-header-id-meta":"","stick-header-meta":"default","header-above-stick-meta":"","header-main-stick-meta":"","header-below-stick-meta":"","astra-migrate-meta-layouts":"set","ast-page-background-enabled":"default","ast-page-background-meta":{"desktop":{"background-color":"","background-image":"","background-repeat":"repeat","background-position":"center center","background-size":"auto","background-attachment":"scroll","background-type":"","background-media":"","overlay-type":"","overlay-color":"","overlay-opacity":"","overlay-gradient":""},"tablet":{"background-color":"","background-image":"","background-repeat":"repeat","background-position":"center center","background-size":"auto","background-attachment":"scroll","background-type":"","background-media":"","overlay-type":"","overlay-color":"","overlay-opacity":"","overlay-gradient":""},"mobile":{"background-color":"","background-image":"","background-repeat":"repeat","background-position":"center center","background-size":"auto","background-attachment":"scroll","background-type":"","background-media":"","overlay-type":"","overlay-color":"","overlay-opacity":"","overlay-gradient":""}},"ast-content-background-meta":{"desktop":{"background-color":"var(--ast-global-color-5)","background-image":"","background-repeat":"repeat","background-position":"center center","background-size":"auto","background-attachment":"scroll","background-type":"","background-media":"","overlay-type":"","overlay-color":"","overlay-opacity":"","overlay-gradient":""},"tablet":{"background-color":"var(--ast-global-color-5)","background-image":"","background-repeat":"repeat","background-position":"center center","background-size":"auto","background-attachment":"scroll","background-type":"","background-media":"","overlay-type":"","overlay-color":"","overlay-opacity":"","overlay-gradient":""},"mobile":{"background-color":"var(--ast-global-color-5)","background-image":"","background-repeat":"repeat","background-position":"center center","background-size":"auto","background-attachment":"scroll","background-type":"","background-media":"","overlay-type":"","overlay-color":"","overlay-opacity":"","overlay-gradient":""}}},"product_brand":[],"product_cat":[139,146,137],"product_tag":[133,192,193],"giftcard-category":[],"class_list":{"0":"post-6025","1":"product","2":"type-product","3":"status-publish","4":"has-post-thumbnail","6":"product_cat-aeroyoga","7":"product_cat-asesoramiento-presencial","8":"product_cat-talleres","9":"product_tag-andorra-es","10":"product_tag-post-part-es","11":"product_tag-salut-femenina-es","12":"desktop-align-left","13":"tablet-align-left","14":"mobile-align-left","15":"ast-product-gallery-layout-horizontal-slider","16":"ast-product-gallery-with-no-image","17":"ast-magnify-disabled","18":"ast-product-tabs-layout-horizontal","20":"first","21":"instock","22":"virtual","23":"purchasable","24":"product-type-simple"},"yoast_head":"<!-- This site is optimized with the Yoast SEO plugin v26.6 - https:\/\/yoast.com\/wordpress\/plugins\/seo\/ -->\n<title>Aeroioga i Postparto. Classe \u00fanica - Criand<\/title>\n<meta name=\"robots\" content=\"index, follow, max-snippet:-1, max-image-preview:large, max-video-preview:-1\" \/>\n<link rel=\"canonical\" href=\"https:\/\/criand.ad\/es\/producto\/aeroioga-i-postpart-classe-unica\/\" \/>\n<meta property=\"og:locale\" content=\"es_ES\" \/>\n<meta property=\"og:type\" content=\"article\" \/>\n<meta property=\"og:title\" content=\"Aeroioga i Postparto. Classe \u00fanica - Criand\" \/>\n<meta property=\"og:description\" content=\"\u00bfQuieres reconectar con tu cuerpo en el postparto? En estas clases exclusivas trabajar\u00e1s diferentes disciplinas, algunas con suspensi\u00f3n en telas de aeroyoga que implican todo tu cuerpo, haciendo especial \u00e9nfasis en el suelo p\u00e9lvico, y otras junto a tu beb\u00e9, ya sea porte\u00e1ndolo o creando un espacio de conexi\u00f3n entre ambos. Con Olga Da Cunha, [&hellip;]\" \/>\n<meta property=\"og:url\" content=\"https:\/\/criand.ad\/es\/producto\/aeroioga-i-postpart-classe-unica\/\" \/>\n<meta property=\"og:site_name\" content=\"Criand\" \/>\n<meta property=\"article:modified_time\" content=\"2026-04-26T16:07:36+00:00\" \/>\n<meta property=\"og:image\" content=\"https:\/\/criand.ad\/wp-content\/uploads\/2025\/05\/IMG-20241218-WA0001-scaled.jpg\" \/>\n\t<meta property=\"og:image:width\" content=\"1920\" \/>\n\t<meta property=\"og:image:height\" content=\"2560\" \/>\n\t<meta property=\"og:image:type\" content=\"image\/jpeg\" \/>\n<meta name=\"twitter:card\" content=\"summary_large_image\" \/>\n<meta name=\"twitter:label1\" content=\"Tiempo de lectura\" \/>\n\t<meta name=\"twitter:data1\" content=\"1 minuto\" \/>\n<script type=\"application\/ld+json\" class=\"yoast-schema-graph\">{\"@context\":\"https:\/\/schema.org\",\"@graph\":[{\"@type\":\"WebPage\",\"@id\":\"https:\/\/criand.ad\/es\/producto\/aeroioga-i-postpart-classe-unica\/\",\"url\":\"https:\/\/criand.ad\/es\/producto\/aeroioga-i-postpart-classe-unica\/\",\"name\":\"Aeroioga i Postparto. Classe \u00fanica - Criand\",\"isPartOf\":{\"@id\":\"https:\/\/criand.ad\/#website\"},\"primaryImageOfPage\":{\"@id\":\"https:\/\/criand.ad\/es\/producto\/aeroioga-i-postpart-classe-unica\/#primaryimage\"},\"image\":{\"@id\":\"https:\/\/criand.ad\/es\/producto\/aeroioga-i-postpart-classe-unica\/#primaryimage\"},\"thumbnailUrl\":\"https:\/\/criand.ad\/wp-content\/uploads\/2025\/05\/IMG-20241218-WA0001-scaled.jpg\",\"datePublished\":\"2025-05-31T05:31:22+00:00\",\"dateModified\":\"2026-04-26T16:07:36+00:00\",\"breadcrumb\":{\"@id\":\"https:\/\/criand.ad\/es\/producto\/aeroioga-i-postpart-classe-unica\/#breadcrumb\"},\"inLanguage\":\"es\",\"potentialAction\":[{\"@type\":\"ReadAction\",\"target\":[\"https:\/\/criand.ad\/es\/producto\/aeroioga-i-postpart-classe-unica\/\"]}]},{\"@type\":\"ImageObject\",\"inLanguage\":\"es\",\"@id\":\"https:\/\/criand.ad\/es\/producto\/aeroioga-i-postpart-classe-unica\/#primaryimage\",\"url\":\"https:\/\/criand.ad\/wp-content\/uploads\/2025\/05\/IMG-20241218-WA0001-scaled.jpg\",\"contentUrl\":\"https:\/\/criand.ad\/wp-content\/uploads\/2025\/05\/IMG-20241218-WA0001-scaled.jpg\",\"width\":1920,\"height\":2560},{\"@type\":\"BreadcrumbList\",\"@id\":\"https:\/\/criand.ad\/es\/producto\/aeroioga-i-postpart-classe-unica\/#breadcrumb\",\"itemListElement\":[{\"@type\":\"ListItem\",\"position\":1,\"name\":\"Inici\",\"item\":\"https:\/\/criand.ad\/es\/\"},{\"@type\":\"ListItem\",\"position\":2,\"name\":\"Productes\",\"item\":\"https:\/\/criand.ad\/shop\/\"},{\"@type\":\"ListItem\",\"position\":3,\"name\":\"Aeroioga i Postparto. Classe \u00fanica\"}]},{\"@type\":\"WebSite\",\"@id\":\"https:\/\/criand.ad\/#website\",\"url\":\"https:\/\/criand.ad\/\",\"name\":\"CRIAND\",\"description\":\"Embar\u00e0s, Postpart i Crian\u00e7a\",\"publisher\":{\"@id\":\"https:\/\/criand.ad\/#organization\"},\"potentialAction\":[{\"@type\":\"SearchAction\",\"target\":{\"@type\":\"EntryPoint\",\"urlTemplate\":\"https:\/\/criand.ad\/?s={search_term_string}\"},\"query-input\":{\"@type\":\"PropertyValueSpecification\",\"valueRequired\":true,\"valueName\":\"search_term_string\"}}],\"inLanguage\":\"es\"},{\"@type\":\"Organization\",\"@id\":\"https:\/\/criand.ad\/#organization\",\"name\":\"CRIAND\",\"url\":\"https:\/\/criand.ad\/\",\"logo\":{\"@type\":\"ImageObject\",\"inLanguage\":\"es\",\"@id\":\"https:\/\/criand.ad\/#\/schema\/logo\/image\/\",\"url\":\"https:\/\/criand.ad\/wp-content\/uploads\/2025\/05\/cropped-logo-1.png\",\"contentUrl\":\"https:\/\/criand.ad\/wp-content\/uploads\/2025\/05\/cropped-logo-1.png\",\"width\":360,\"height\":218,\"caption\":\"CRIAND\"},\"image\":{\"@id\":\"https:\/\/criand.ad\/#\/schema\/logo\/image\/\"},\"sameAs\":[\"http:\/\/instagram.com\/criand.andorra\"]}]}<\/script>\n<!-- \/ Yoast SEO plugin. -->","yoast_head_json":{"title":"Aeroioga i Postparto. Classe \u00fanica - Criand","robots":{"index":"index","follow":"follow","max-snippet":"max-snippet:-1","max-image-preview":"max-image-preview:large","max-video-preview":"max-video-preview:-1"},"canonical":"https:\/\/criand.ad\/es\/producto\/aeroioga-i-postpart-classe-unica\/","og_locale":"es_ES","og_type":"article","og_title":"Aeroioga i Postparto. Classe \u00fanica - Criand","og_description":"\u00bfQuieres reconectar con tu cuerpo en el postparto? En estas clases exclusivas trabajar\u00e1s diferentes disciplinas, algunas con suspensi\u00f3n en telas de aeroyoga que implican todo tu cuerpo, haciendo especial \u00e9nfasis en el suelo p\u00e9lvico, y otras junto a tu beb\u00e9, ya sea porte\u00e1ndolo o creando un espacio de conexi\u00f3n entre ambos. Con Olga Da Cunha, [&hellip;]","og_url":"https:\/\/criand.ad\/es\/producto\/aeroioga-i-postpart-classe-unica\/","og_site_name":"Criand","article_modified_time":"2026-04-26T16:07:36+00:00","og_image":[{"width":1920,"height":2560,"url":"https:\/\/criand.ad\/wp-content\/uploads\/2025\/05\/IMG-20241218-WA0001-scaled.jpg","type":"image\/jpeg"}],"twitter_card":"summary_large_image","twitter_misc":{"Tiempo de lectura":"1 minuto"},"schema":{"@context":"https:\/\/schema.org","@graph":[{"@type":"WebPage","@id":"https:\/\/criand.ad\/es\/producto\/aeroioga-i-postpart-classe-unica\/","url":"https:\/\/criand.ad\/es\/producto\/aeroioga-i-postpart-classe-unica\/","name":"Aeroioga i Postparto. Classe \u00fanica - Criand","isPartOf":{"@id":"https:\/\/criand.ad\/#website"},"primaryImageOfPage":{"@id":"https:\/\/criand.ad\/es\/producto\/aeroioga-i-postpart-classe-unica\/#primaryimage"},"image":{"@id":"https:\/\/criand.ad\/es\/producto\/aeroioga-i-postpart-classe-unica\/#primaryimage"},"thumbnailUrl":"https:\/\/criand.ad\/wp-content\/uploads\/2025\/05\/IMG-20241218-WA0001-scaled.jpg","datePublished":"2025-05-31T05:31:22+00:00","dateModified":"2026-04-26T16:07:36+00:00","breadcrumb":{"@id":"https:\/\/criand.ad\/es\/producto\/aeroioga-i-postpart-classe-unica\/#breadcrumb"},"inLanguage":"es","potentialAction":[{"@type":"ReadAction","target":["https:\/\/criand.ad\/es\/producto\/aeroioga-i-postpart-classe-unica\/"]}]},{"@type":"ImageObject","inLanguage":"es","@id":"https:\/\/criand.ad\/es\/producto\/aeroioga-i-postpart-classe-unica\/#primaryimage","url":"https:\/\/criand.ad\/wp-content\/uploads\/2025\/05\/IMG-20241218-WA0001-scaled.jpg","contentUrl":"https:\/\/criand.ad\/wp-content\/uploads\/2025\/05\/IMG-20241218-WA0001-scaled.jpg","width":1920,"height":2560},{"@type":"BreadcrumbList","@id":"https:\/\/criand.ad\/es\/producto\/aeroioga-i-postpart-classe-unica\/#breadcrumb","itemListElement":[{"@type":"ListItem","position":1,"name":"Inici","item":"https:\/\/criand.ad\/es\/"},{"@type":"ListItem","position":2,"name":"Productes","item":"https:\/\/criand.ad\/shop\/"},{"@type":"ListItem","position":3,"name":"Aeroioga i Postparto. Classe \u00fanica"}]},{"@type":"WebSite","@id":"https:\/\/criand.ad\/#website","url":"https:\/\/criand.ad\/","name":"CRIAND","description":"Embar\u00e0s, Postpart i Crian\u00e7a","publisher":{"@id":"https:\/\/criand.ad\/#organization"},"potentialAction":[{"@type":"SearchAction","target":{"@type":"EntryPoint","urlTemplate":"https:\/\/criand.ad\/?s={search_term_string}"},"query-input":{"@type":"PropertyValueSpecification","valueRequired":true,"valueName":"search_term_string"}}],"inLanguage":"es"},{"@type":"Organization","@id":"https:\/\/criand.ad\/#organization","name":"CRIAND","url":"https:\/\/criand.ad\/","logo":{"@type":"ImageObject","inLanguage":"es","@id":"https:\/\/criand.ad\/#\/schema\/logo\/image\/","url":"https:\/\/criand.ad\/wp-content\/uploads\/2025\/05\/cropped-logo-1.png","contentUrl":"https:\/\/criand.ad\/wp-content\/uploads\/2025\/05\/cropped-logo-1.png","width":360,"height":218,"caption":"CRIAND"},"image":{"@id":"https:\/\/criand.ad\/#\/schema\/logo\/image\/"},"sameAs":["http:\/\/instagram.com\/criand.andorra"]}]}},"_links":{"self":[{"href":"https:\/\/criand.ad\/es\/wp-json\/wp\/v2\/product\/6025","targetHints":{"allow":["GET"]}}],"collection":[{"href":"https:\/\/criand.ad\/es\/wp-json\/wp\/v2\/product"}],"about":[{"href":"https:\/\/criand.ad\/es\/wp-json\/wp\/v2\/types\/product"}],"version-history":[{"count":1,"href":"https:\/\/criand.ad\/es\/wp-json\/wp\/v2\/product\/6025\/revisions"}],"predecessor-version":[{"id":6957,"href":"https:\/\/criand.ad\/es\/wp-json\/wp\/v2\/product\/6025\/revisions\/6957"}],"wp:featuredmedia":[{"embeddable":true,"href":"https:\/\/criand.ad\/es\/wp-json\/wp\/v2\/media\/5806"}],"wp:attachment":[{"href":"https:\/\/criand.ad\/es\/wp-json\/wp\/v2\/media?parent=6025"}],"wp:term":[{"taxonomy":"product_brand","embeddable":true,"href":"https:\/\/criand.ad\/es\/wp-json\/wp\/v2\/product_brand?post=6025"},{"taxonomy":"product_cat","embeddable":true,"href":"https:\/\/criand.ad\/es\/wp-json\/wp\/v2\/product_cat?post=6025"},{"taxonomy":"product_tag","embeddable":true,"href":"https:\/\/criand.ad\/es\/wp-json\/wp\/v2\/product_tag?post=6025"},{"taxonomy":"giftcard-category","embeddable":true,"href":"https:\/\/criand.ad\/es\/wp-json\/wp\/v2\/giftcard-category?post=6025"}],"curies":[{"name":"wp","href":"https:\/\/api.w.org\/{rel}","templated":true}]}}