{"id":5915,"date":"2025-10-15T18:02:50","date_gmt":"2025-10-15T16:02:50","guid":{"rendered":"http:\/\/criand.ad\/?post_type=product&#038;p=5915"},"modified":"2025-10-22T09:40:04","modified_gmt":"2025-10-22T07:40:04","slug":"assessorament-de-porteig-amb-fulard-a-domicili-fulard-de-regal-copia","status":"publish","type":"product","link":"https:\/\/criand.ad\/es\/producto\/assessorament-de-porteig-amb-fulard-a-domicili-fulard-de-regal-copia\/","title":{"rendered":"assessorament de porteig amb fulard a domicili + fulard de regal (C\u00f2pia)"},"content":{"rendered":"<p>&nbsp;<\/p>\n<p>Venim a casa, et portem el Fular que m\u00e9s t&#8217;agradi i a m\u00e9s&#8230; et fem un taller exclusiu a casa teva, sense despla\u00e7aments de com posar- t&#8217;el!<\/p>\n<p>Els Fulars de Baby on earth estan fets i disenyats a Barcelona per una empresa de dones emprenedores.<\/p>\n<p>De diseny exclusiu, neutre i confeccionats amb material de primera qualitat.<\/p>\n<p>Descripci\u00f3: Fulard cot\u00f3 org\u00e0nic 94% i 6% elastan<\/p>\n<p>Mesures: 5m de llarg x 50 cm d&#8217;amplada<\/p>\n<p>Compten amb el certificat GOTS.<\/p>\n<p>Desde el naixement fins als 15 kg.<\/p>\n","protected":false},"excerpt":{"rendered":"<p>&nbsp; Venim a casa, et portem el Fular que m\u00e9s t&#8217;agradi i a m\u00e9s&#8230; et fem un taller exclusiu a casa teva, sense despla\u00e7aments de com posar- t&#8217;el! Els Fulars de Baby on earth estan fets i disenyats a Barcelona per una empresa de dones emprenedores. De diseny exclusiu, neutre i confeccionats amb material de [&hellip;]<\/p>\n","protected":false},"featured_media":4574,"template":"","meta":{"site-sidebar-layout":"default","site-content-layout":"","ast-site-content-layout":"default","site-content-style":"default","site-sidebar-style":"default","ast-global-header-display":"","ast-banner-title-visibility":"","ast-main-header-display":"","ast-hfb-above-header-display":"","ast-hfb-below-header-display":"","ast-hfb-mobile-header-display":"","site-post-title":"","ast-breadcrumbs-content":"","ast-featured-img":"","footer-sml-layout":"","theme-transparent-header-meta":"default","adv-header-id-meta":"","stick-header-meta":"default","header-above-stick-meta":"","header-main-stick-meta":"","header-below-stick-meta":"","astra-migrate-meta-layouts":"set","ast-page-background-enabled":"default","ast-page-background-meta":{"desktop":{"background-color":"","background-image":"","background-repeat":"repeat","background-position":"center center","background-size":"auto","background-attachment":"scroll","background-type":"","background-media":"","overlay-type":"","overlay-color":"","overlay-opacity":"","overlay-gradient":""},"tablet":{"background-color":"","background-image":"","background-repeat":"repeat","background-position":"center center","background-size":"auto","background-attachment":"scroll","background-type":"","background-media":"","overlay-type":"","overlay-color":"","overlay-opacity":"","overlay-gradient":""},"mobile":{"background-color":"","background-image":"","background-repeat":"repeat","background-position":"center center","background-size":"auto","background-attachment":"scroll","background-type":"","background-media":"","overlay-type":"","overlay-color":"","overlay-opacity":"","overlay-gradient":""}},"ast-content-background-meta":{"desktop":{"background-color":"var(--ast-global-color-5)","background-image":"","background-repeat":"repeat","background-position":"center center","background-size":"auto","background-attachment":"scroll","background-type":"","background-media":"","overlay-type":"","overlay-color":"","overlay-opacity":"","overlay-gradient":""},"tablet":{"background-color":"var(--ast-global-color-5)","background-image":"","background-repeat":"repeat","background-position":"center center","background-size":"auto","background-attachment":"scroll","background-type":"","background-media":"","overlay-type":"","overlay-color":"","overlay-opacity":"","overlay-gradient":""},"mobile":{"background-color":"var(--ast-global-color-5)","background-image":"","background-repeat":"repeat","background-position":"center center","background-size":"auto","background-attachment":"scroll","background-type":"","background-media":"","overlay-type":"","overlay-color":"","overlay-opacity":"","overlay-gradient":""}}},"product_brand":[],"product_cat":[146,185],"product_tag":[133,171,148,165,192],"giftcard-category":[],"class_list":{"0":"post-5915","1":"product","2":"type-product","3":"status-publish","4":"has-post-thumbnail","6":"product_cat-asesoramiento-presencial","7":"product_cat-porteo","8":"product_tag-andorra-es","9":"product_tag-llevadora-es","10":"product_tag-nadons-0-3-mesos-es","11":"product_tag-porteig-es","12":"product_tag-post-part-es","13":"desktop-align-left","14":"tablet-align-left","15":"mobile-align-left","16":"ast-product-gallery-layout-horizontal-slider","17":"ast-product-gallery-with-no-image","18":"ast-magnify-disabled","19":"ast-product-tabs-layout-horizontal","21":"first","22":"instock","23":"virtual","24":"purchasable","25":"product-type-simple"},"yoast_head":"<!-- This site is optimized with the Yoast SEO plugin v26.6 - https:\/\/yoast.com\/wordpress\/plugins\/seo\/ -->\n<title>assessorament de porteig amb fulard a domicili + fulard de regal (C\u00f2pia) - Criand<\/title>\n<meta name=\"robots\" content=\"index, follow, max-snippet:-1, max-image-preview:large, max-video-preview:-1\" \/>\n<link rel=\"canonical\" href=\"https:\/\/criand.ad\/producto\/assessorament-de-porteig-amb-fulard-a-domicili-fulard-de-regal\/\" \/>\n<meta property=\"og:locale\" content=\"es_ES\" \/>\n<meta property=\"og:type\" content=\"article\" \/>\n<meta property=\"og:title\" content=\"assessorament de porteig amb fulard a domicili + fulard de regal (C\u00f2pia) - Criand\" \/>\n<meta property=\"og:description\" content=\"&nbsp; Venim a casa, et portem el Fular que m\u00e9s t&#8217;agradi i a m\u00e9s&#8230; et fem un taller exclusiu a casa teva, sense despla\u00e7aments de com posar- t&#8217;el! Els Fulars de Baby on earth estan fets i disenyats a Barcelona per una empresa de dones emprenedores. De diseny exclusiu, neutre i confeccionats amb material de [&hellip;]\" \/>\n<meta property=\"og:url\" content=\"https:\/\/criand.ad\/producto\/assessorament-de-porteig-amb-fulard-a-domicili-fulard-de-regal\/\" \/>\n<meta property=\"og:site_name\" content=\"Criand\" \/>\n<meta property=\"article:modified_time\" content=\"2025-10-22T07:40:04+00:00\" \/>\n<meta property=\"og:image\" content=\"https:\/\/criand.ad\/wp-content\/uploads\/2025\/05\/BabyonearthII-33-scaled.jpg\" \/>\n\t<meta property=\"og:image:width\" content=\"1707\" \/>\n\t<meta property=\"og:image:height\" content=\"2560\" \/>\n\t<meta property=\"og:image:type\" content=\"image\/jpeg\" \/>\n<meta name=\"twitter:card\" content=\"summary_large_image\" \/>\n<script type=\"application\/ld+json\" class=\"yoast-schema-graph\">{\"@context\":\"https:\/\/schema.org\",\"@graph\":[{\"@type\":\"WebPage\",\"@id\":\"https:\/\/criand.ad\/producto\/assessorament-de-porteig-amb-fulard-a-domicili-fulard-de-regal\/\",\"url\":\"https:\/\/criand.ad\/producto\/assessorament-de-porteig-amb-fulard-a-domicili-fulard-de-regal\/\",\"name\":\"assessorament de porteig amb fulard a domicili + fulard de regal (C\u00f2pia) - Criand\",\"isPartOf\":{\"@id\":\"https:\/\/criand.ad\/#website\"},\"primaryImageOfPage\":{\"@id\":\"https:\/\/criand.ad\/producto\/assessorament-de-porteig-amb-fulard-a-domicili-fulard-de-regal\/#primaryimage\"},\"image\":{\"@id\":\"https:\/\/criand.ad\/producto\/assessorament-de-porteig-amb-fulard-a-domicili-fulard-de-regal\/#primaryimage\"},\"thumbnailUrl\":\"https:\/\/criand.ad\/wp-content\/uploads\/2025\/05\/BabyonearthII-33-scaled.jpg\",\"datePublished\":\"2025-10-15T16:02:50+00:00\",\"dateModified\":\"2025-10-22T07:40:04+00:00\",\"breadcrumb\":{\"@id\":\"https:\/\/criand.ad\/producto\/assessorament-de-porteig-amb-fulard-a-domicili-fulard-de-regal\/#breadcrumb\"},\"inLanguage\":\"es\",\"potentialAction\":[{\"@type\":\"ReadAction\",\"target\":[\"https:\/\/criand.ad\/producto\/assessorament-de-porteig-amb-fulard-a-domicili-fulard-de-regal\/\"]}]},{\"@type\":\"ImageObject\",\"inLanguage\":\"es\",\"@id\":\"https:\/\/criand.ad\/producto\/assessorament-de-porteig-amb-fulard-a-domicili-fulard-de-regal\/#primaryimage\",\"url\":\"https:\/\/criand.ad\/wp-content\/uploads\/2025\/05\/BabyonearthII-33-scaled.jpg\",\"contentUrl\":\"https:\/\/criand.ad\/wp-content\/uploads\/2025\/05\/BabyonearthII-33-scaled.jpg\",\"width\":1707,\"height\":2560},{\"@type\":\"BreadcrumbList\",\"@id\":\"https:\/\/criand.ad\/producto\/assessorament-de-porteig-amb-fulard-a-domicili-fulard-de-regal\/#breadcrumb\",\"itemListElement\":[{\"@type\":\"ListItem\",\"position\":1,\"name\":\"Inici\",\"item\":\"https:\/\/criand.ad\/es\/\"},{\"@type\":\"ListItem\",\"position\":2,\"name\":\"Productes\",\"item\":\"https:\/\/criand.ad\/shop\/\"},{\"@type\":\"ListItem\",\"position\":3,\"name\":\"assessorament de porteig amb fulard a domicili + fulard de regal (C\u00f2pia)\"}]},{\"@type\":\"WebSite\",\"@id\":\"https:\/\/criand.ad\/#website\",\"url\":\"https:\/\/criand.ad\/\",\"name\":\"CRIAND\",\"description\":\"Embar\u00e0s, Postpart i Crian\u00e7a\",\"publisher\":{\"@id\":\"https:\/\/criand.ad\/#organization\"},\"potentialAction\":[{\"@type\":\"SearchAction\",\"target\":{\"@type\":\"EntryPoint\",\"urlTemplate\":\"https:\/\/criand.ad\/?s={search_term_string}\"},\"query-input\":{\"@type\":\"PropertyValueSpecification\",\"valueRequired\":true,\"valueName\":\"search_term_string\"}}],\"inLanguage\":\"es\"},{\"@type\":\"Organization\",\"@id\":\"https:\/\/criand.ad\/#organization\",\"name\":\"CRIAND\",\"url\":\"https:\/\/criand.ad\/\",\"logo\":{\"@type\":\"ImageObject\",\"inLanguage\":\"es\",\"@id\":\"https:\/\/criand.ad\/#\/schema\/logo\/image\/\",\"url\":\"https:\/\/criand.ad\/wp-content\/uploads\/2025\/05\/cropped-logo-1.png\",\"contentUrl\":\"https:\/\/criand.ad\/wp-content\/uploads\/2025\/05\/cropped-logo-1.png\",\"width\":360,\"height\":218,\"caption\":\"CRIAND\"},\"image\":{\"@id\":\"https:\/\/criand.ad\/#\/schema\/logo\/image\/\"},\"sameAs\":[\"http:\/\/instagram.com\/criand.andorra\"]}]}<\/script>\n<!-- \/ Yoast SEO plugin. -->","yoast_head_json":{"title":"assessorament de porteig amb fulard a domicili + fulard de regal (C\u00f2pia) - Criand","robots":{"index":"index","follow":"follow","max-snippet":"max-snippet:-1","max-image-preview":"max-image-preview:large","max-video-preview":"max-video-preview:-1"},"canonical":"https:\/\/criand.ad\/producto\/assessorament-de-porteig-amb-fulard-a-domicili-fulard-de-regal\/","og_locale":"es_ES","og_type":"article","og_title":"assessorament de porteig amb fulard a domicili + fulard de regal (C\u00f2pia) - Criand","og_description":"&nbsp; Venim a casa, et portem el Fular que m\u00e9s t&#8217;agradi i a m\u00e9s&#8230; et fem un taller exclusiu a casa teva, sense despla\u00e7aments de com posar- t&#8217;el! Els Fulars de Baby on earth estan fets i disenyats a Barcelona per una empresa de dones emprenedores. De diseny exclusiu, neutre i confeccionats amb material de [&hellip;]","og_url":"https:\/\/criand.ad\/producto\/assessorament-de-porteig-amb-fulard-a-domicili-fulard-de-regal\/","og_site_name":"Criand","article_modified_time":"2025-10-22T07:40:04+00:00","og_image":[{"width":1707,"height":2560,"url":"https:\/\/criand.ad\/wp-content\/uploads\/2025\/05\/BabyonearthII-33-scaled.jpg","type":"image\/jpeg"}],"twitter_card":"summary_large_image","schema":{"@context":"https:\/\/schema.org","@graph":[{"@type":"WebPage","@id":"https:\/\/criand.ad\/producto\/assessorament-de-porteig-amb-fulard-a-domicili-fulard-de-regal\/","url":"https:\/\/criand.ad\/producto\/assessorament-de-porteig-amb-fulard-a-domicili-fulard-de-regal\/","name":"assessorament de porteig amb fulard a domicili + fulard de regal (C\u00f2pia) - Criand","isPartOf":{"@id":"https:\/\/criand.ad\/#website"},"primaryImageOfPage":{"@id":"https:\/\/criand.ad\/producto\/assessorament-de-porteig-amb-fulard-a-domicili-fulard-de-regal\/#primaryimage"},"image":{"@id":"https:\/\/criand.ad\/producto\/assessorament-de-porteig-amb-fulard-a-domicili-fulard-de-regal\/#primaryimage"},"thumbnailUrl":"https:\/\/criand.ad\/wp-content\/uploads\/2025\/05\/BabyonearthII-33-scaled.jpg","datePublished":"2025-10-15T16:02:50+00:00","dateModified":"2025-10-22T07:40:04+00:00","breadcrumb":{"@id":"https:\/\/criand.ad\/producto\/assessorament-de-porteig-amb-fulard-a-domicili-fulard-de-regal\/#breadcrumb"},"inLanguage":"es","potentialAction":[{"@type":"ReadAction","target":["https:\/\/criand.ad\/producto\/assessorament-de-porteig-amb-fulard-a-domicili-fulard-de-regal\/"]}]},{"@type":"ImageObject","inLanguage":"es","@id":"https:\/\/criand.ad\/producto\/assessorament-de-porteig-amb-fulard-a-domicili-fulard-de-regal\/#primaryimage","url":"https:\/\/criand.ad\/wp-content\/uploads\/2025\/05\/BabyonearthII-33-scaled.jpg","contentUrl":"https:\/\/criand.ad\/wp-content\/uploads\/2025\/05\/BabyonearthII-33-scaled.jpg","width":1707,"height":2560},{"@type":"BreadcrumbList","@id":"https:\/\/criand.ad\/producto\/assessorament-de-porteig-amb-fulard-a-domicili-fulard-de-regal\/#breadcrumb","itemListElement":[{"@type":"ListItem","position":1,"name":"Inici","item":"https:\/\/criand.ad\/es\/"},{"@type":"ListItem","position":2,"name":"Productes","item":"https:\/\/criand.ad\/shop\/"},{"@type":"ListItem","position":3,"name":"assessorament de porteig amb fulard a domicili + fulard de regal (C\u00f2pia)"}]},{"@type":"WebSite","@id":"https:\/\/criand.ad\/#website","url":"https:\/\/criand.ad\/","name":"CRIAND","description":"Embar\u00e0s, Postpart i Crian\u00e7a","publisher":{"@id":"https:\/\/criand.ad\/#organization"},"potentialAction":[{"@type":"SearchAction","target":{"@type":"EntryPoint","urlTemplate":"https:\/\/criand.ad\/?s={search_term_string}"},"query-input":{"@type":"PropertyValueSpecification","valueRequired":true,"valueName":"search_term_string"}}],"inLanguage":"es"},{"@type":"Organization","@id":"https:\/\/criand.ad\/#organization","name":"CRIAND","url":"https:\/\/criand.ad\/","logo":{"@type":"ImageObject","inLanguage":"es","@id":"https:\/\/criand.ad\/#\/schema\/logo\/image\/","url":"https:\/\/criand.ad\/wp-content\/uploads\/2025\/05\/cropped-logo-1.png","contentUrl":"https:\/\/criand.ad\/wp-content\/uploads\/2025\/05\/cropped-logo-1.png","width":360,"height":218,"caption":"CRIAND"},"image":{"@id":"https:\/\/criand.ad\/#\/schema\/logo\/image\/"},"sameAs":["http:\/\/instagram.com\/criand.andorra"]}]}},"_links":{"self":[{"href":"https:\/\/criand.ad\/es\/wp-json\/wp\/v2\/product\/5915","targetHints":{"allow":["GET"]}}],"collection":[{"href":"https:\/\/criand.ad\/es\/wp-json\/wp\/v2\/product"}],"about":[{"href":"https:\/\/criand.ad\/es\/wp-json\/wp\/v2\/types\/product"}],"version-history":[{"count":0,"href":"https:\/\/criand.ad\/es\/wp-json\/wp\/v2\/product\/5915\/revisions"}],"wp:featuredmedia":[{"embeddable":true,"href":"https:\/\/criand.ad\/es\/wp-json\/wp\/v2\/media\/4574"}],"wp:attachment":[{"href":"https:\/\/criand.ad\/es\/wp-json\/wp\/v2\/media?parent=5915"}],"wp:term":[{"taxonomy":"product_brand","embeddable":true,"href":"https:\/\/criand.ad\/es\/wp-json\/wp\/v2\/product_brand?post=5915"},{"taxonomy":"product_cat","embeddable":true,"href":"https:\/\/criand.ad\/es\/wp-json\/wp\/v2\/product_cat?post=5915"},{"taxonomy":"product_tag","embeddable":true,"href":"https:\/\/criand.ad\/es\/wp-json\/wp\/v2\/product_tag?post=5915"},{"taxonomy":"giftcard-category","embeddable":true,"href":"https:\/\/criand.ad\/es\/wp-json\/wp\/v2\/giftcard-category?post=5915"}],"curies":[{"name":"wp","href":"https:\/\/api.w.org\/{rel}","templated":true}]}}