{"id":5898,"date":"2025-10-20T18:43:29","date_gmt":"2025-10-20T16:43:29","guid":{"rendered":"http:\/\/criand.ad\/producto\/preparacio-naixement-online\/"},"modified":"2025-10-20T18:49:43","modified_gmt":"2025-10-20T16:49:43","slug":"preparacion-al-nacimiento-online","status":"publish","type":"product","link":"https:\/\/criand.ad\/es\/producto\/preparacion-al-nacimiento-online\/","title":{"rendered":"Preparaci\u00f3n al nacimiento ONLINE: 5 sesiones"},"content":{"rendered":"<p>Vive tu embarazo con tranquilidad: sesiones en directo para prepararte para el parto sin salir de casa.<\/p>\n","protected":false},"excerpt":{"rendered":"<p data-start=\"163\" data-end=\"418\">Asesoramiento individual exclusivo online, donde te ofrecemos clases de preparaci\u00f3n al nacimiento con contenidos adaptados a tus necesidades. De forma din\u00e1mica e interactiva, resolveremos tus dudas para que disfrutes y vivas el embarazo de manera \u00fanica.<\/p>\n<p data-start=\"420\" data-end=\"512\">El pack incluye <strong data-start=\"436\" data-end=\"450\">5 sesiones<\/strong> de aproximadamente una hora, con los siguientes contenidos:<\/p>\n<ul data-start=\"513\" data-end=\"991\">\n<li data-start=\"513\" data-end=\"600\">\n<p data-start=\"515\" data-end=\"600\">Informaci\u00f3n te\u00f3rica basada en las \u00faltimas actualizaciones y gu\u00edas sobre el embarazo<\/p>\n<\/li>\n<li data-start=\"601\" data-end=\"664\">\n<p data-start=\"603\" data-end=\"664\">Cambios durante el embarazo y consejos de salud y bienestar<\/p>\n<\/li>\n<li data-start=\"665\" data-end=\"714\">\n<p data-start=\"667\" data-end=\"714\">El parto: conoce sus fases y c\u00f3mo afrontarlas<\/p>\n<\/li>\n<li data-start=\"715\" data-end=\"770\">\n<p data-start=\"717\" data-end=\"770\">M\u00e9todos no farmacol\u00f3gicos para la gesti\u00f3n del dolor<\/p>\n<\/li>\n<li data-start=\"771\" data-end=\"804\">\n<p data-start=\"773\" data-end=\"804\">Preparaci\u00f3n para el postparto<\/p>\n<\/li>\n<li data-start=\"805\" data-end=\"826\">\n<p data-start=\"807\" data-end=\"826\">Cuidados del beb\u00e9<\/p>\n<\/li>\n<li data-start=\"827\" data-end=\"893\">\n<p data-start=\"829\" data-end=\"893\">Lactancia materna y\/o artificial: todo lo que necesit\u00e1is saber<\/p>\n<\/li>\n<li data-start=\"894\" data-end=\"937\">\n<p data-start=\"896\" data-end=\"937\">Incluye soporte telem\u00e1tico v\u00eda WhatsApp<\/p>\n<\/li>\n<li data-start=\"938\" data-end=\"991\">\n<p data-start=\"940\" data-end=\"991\"><strong data-start=\"940\" data-end=\"953\">+ Regalo:<\/strong> Ebook <em data-start=\"960\" data-end=\"989\">Criand embarazo y lactancia<\/em><\/p>\n<\/li>\n<\/ul>\n<p data-start=\"993\" data-end=\"1123\">Posibilidad de realizar las sesiones en castellano, portugu\u00e9s, ingl\u00e9s o franc\u00e9s, previa solicitud a <strong data-start=\"1093\" data-end=\"1121\"><a class=\"decorated-link cursor-pointer\" rel=\"noopener\" data-start=\"1095\" data-end=\"1119\">criand.andorra@gmail.com<\/a><\/strong><\/p>\n","protected":false},"featured_media":5836,"template":"","meta":{"site-sidebar-layout":"default","site-content-layout":"","ast-site-content-layout":"default","site-content-style":"default","site-sidebar-style":"default","ast-global-header-display":"","ast-banner-title-visibility":"","ast-main-header-display":"","ast-hfb-above-header-display":"","ast-hfb-below-header-display":"","ast-hfb-mobile-header-display":"","site-post-title":"","ast-breadcrumbs-content":"","ast-featured-img":"","footer-sml-layout":"","theme-transparent-header-meta":"default","adv-header-id-meta":"","stick-header-meta":"default","header-above-stick-meta":"","header-main-stick-meta":"","header-below-stick-meta":"","astra-migrate-meta-layouts":"set","ast-page-background-enabled":"default","ast-page-background-meta":{"desktop":{"background-color":"","background-image":"","background-repeat":"repeat","background-position":"center center","background-size":"auto","background-attachment":"scroll","background-type":"","background-media":"","overlay-type":"","overlay-color":"","overlay-opacity":"","overlay-gradient":""},"tablet":{"background-color":"","background-image":"","background-repeat":"repeat","background-position":"center center","background-size":"auto","background-attachment":"scroll","background-type":"","background-media":"","overlay-type":"","overlay-color":"","overlay-opacity":"","overlay-gradient":""},"mobile":{"background-color":"","background-image":"","background-repeat":"repeat","background-position":"center center","background-size":"auto","background-attachment":"scroll","background-type":"","background-media":"","overlay-type":"","overlay-color":"","overlay-opacity":"","overlay-gradient":""}},"ast-content-background-meta":{"desktop":{"background-color":"var(--ast-global-color-5)","background-image":"","background-repeat":"repeat","background-position":"center center","background-size":"auto","background-attachment":"scroll","background-type":"","background-media":"","overlay-type":"","overlay-color":"","overlay-opacity":"","overlay-gradient":""},"tablet":{"background-color":"var(--ast-global-color-5)","background-image":"","background-repeat":"repeat","background-position":"center center","background-size":"auto","background-attachment":"scroll","background-type":"","background-media":"","overlay-type":"","overlay-color":"","overlay-opacity":"","overlay-gradient":""},"mobile":{"background-color":"var(--ast-global-color-5)","background-image":"","background-repeat":"repeat","background-position":"center center","background-size":"auto","background-attachment":"scroll","background-type":"","background-media":"","overlay-type":"","overlay-color":"","overlay-opacity":"","overlay-gradient":""}}},"product_brand":[],"product_cat":[132],"product_tag":[],"giftcard-category":[],"class_list":{"0":"post-5898","1":"product","2":"type-product","3":"status-publish","4":"has-post-thumbnail","6":"product_cat-asesoramiento-online","7":"desktop-align-left","8":"tablet-align-left","9":"mobile-align-left","10":"ast-product-gallery-layout-horizontal-slider","11":"ast-product-gallery-with-no-image","12":"ast-magnify-disabled","13":"ast-product-tabs-layout-horizontal","15":"first","16":"instock","17":"downloadable","18":"taxable","19":"shipping-taxable","20":"purchasable","21":"product-type-simple"},"yoast_head":"<!-- This site is optimized with the Yoast SEO plugin v26.6 - https:\/\/yoast.com\/wordpress\/plugins\/seo\/ -->\n<title>Preparaci\u00f3n al nacimiento ONLINE: 5 sesiones - Criand<\/title>\n<meta name=\"description\" content=\"Vive tu embarazo con tranquilidad: sesiones en directo para prepararte para el parto sin salir de casa.\" \/>\n<meta name=\"robots\" content=\"index, follow, max-snippet:-1, max-image-preview:large, max-video-preview:-1\" \/>\n<link rel=\"canonical\" href=\"https:\/\/criand.ad\/producto\/preparacio-naixement-online\/\" \/>\n<meta property=\"og:locale\" content=\"es_ES\" \/>\n<meta property=\"og:type\" content=\"article\" \/>\n<meta property=\"og:title\" content=\"Preparaci\u00f3n al nacimiento ONLINE: 5 sesiones - Criand\" \/>\n<meta property=\"og:description\" content=\"Vive tu embarazo con tranquilidad: sesiones en directo para prepararte para el parto sin salir de casa.\" \/>\n<meta property=\"og:url\" content=\"https:\/\/criand.ad\/producto\/preparacio-naixement-online\/\" \/>\n<meta property=\"og:site_name\" content=\"Criand\" \/>\n<meta property=\"article:modified_time\" content=\"2025-10-20T16:49:43+00:00\" \/>\n<meta property=\"og:image\" content=\"https:\/\/criand.ad\/wp-content\/uploads\/2025\/10\/IMG-20241025-WA0056.jpg\" \/>\n\t<meta property=\"og:image:width\" content=\"1316\" \/>\n\t<meta property=\"og:image:height\" content=\"1600\" \/>\n\t<meta property=\"og:image:type\" content=\"image\/jpeg\" \/>\n<meta name=\"twitter:card\" content=\"summary_large_image\" \/>\n<meta name=\"twitter:label1\" content=\"Tiempo de lectura\" \/>\n\t<meta name=\"twitter:data1\" content=\"1 minuto\" \/>\n<script type=\"application\/ld+json\" class=\"yoast-schema-graph\">{\"@context\":\"https:\/\/schema.org\",\"@graph\":[{\"@type\":\"WebPage\",\"@id\":\"https:\/\/criand.ad\/producto\/preparacio-naixement-online\/\",\"url\":\"https:\/\/criand.ad\/producto\/preparacio-naixement-online\/\",\"name\":\"Preparaci\u00f3n al nacimiento ONLINE: 5 sesiones - Criand\",\"isPartOf\":{\"@id\":\"https:\/\/criand.ad\/#website\"},\"primaryImageOfPage\":{\"@id\":\"https:\/\/criand.ad\/producto\/preparacio-naixement-online\/#primaryimage\"},\"image\":{\"@id\":\"https:\/\/criand.ad\/producto\/preparacio-naixement-online\/#primaryimage\"},\"thumbnailUrl\":\"https:\/\/criand.ad\/wp-content\/uploads\/2025\/10\/IMG-20241025-WA0056.jpg\",\"datePublished\":\"2025-10-20T16:43:29+00:00\",\"dateModified\":\"2025-10-20T16:49:43+00:00\",\"description\":\"Vive tu embarazo con tranquilidad: sesiones en directo para prepararte para el parto sin salir de casa.\",\"breadcrumb\":{\"@id\":\"https:\/\/criand.ad\/producto\/preparacio-naixement-online\/#breadcrumb\"},\"inLanguage\":\"es\",\"potentialAction\":[{\"@type\":\"ReadAction\",\"target\":[\"https:\/\/criand.ad\/producto\/preparacio-naixement-online\/\"]}]},{\"@type\":\"ImageObject\",\"inLanguage\":\"es\",\"@id\":\"https:\/\/criand.ad\/producto\/preparacio-naixement-online\/#primaryimage\",\"url\":\"https:\/\/criand.ad\/wp-content\/uploads\/2025\/10\/IMG-20241025-WA0056.jpg\",\"contentUrl\":\"https:\/\/criand.ad\/wp-content\/uploads\/2025\/10\/IMG-20241025-WA0056.jpg\",\"width\":1316,\"height\":1600},{\"@type\":\"BreadcrumbList\",\"@id\":\"https:\/\/criand.ad\/producto\/preparacio-naixement-online\/#breadcrumb\",\"itemListElement\":[{\"@type\":\"ListItem\",\"position\":1,\"name\":\"Inici\",\"item\":\"https:\/\/criand.ad\/es\/\"},{\"@type\":\"ListItem\",\"position\":2,\"name\":\"Productes\",\"item\":\"https:\/\/criand.ad\/shop\/\"},{\"@type\":\"ListItem\",\"position\":3,\"name\":\"Preparaci\u00f3n al nacimiento ONLINE: 5 sesiones\"}]},{\"@type\":\"WebSite\",\"@id\":\"https:\/\/criand.ad\/#website\",\"url\":\"https:\/\/criand.ad\/\",\"name\":\"CRIAND\",\"description\":\"Embar\u00e0s, Postpart i Crian\u00e7a\",\"publisher\":{\"@id\":\"https:\/\/criand.ad\/#organization\"},\"potentialAction\":[{\"@type\":\"SearchAction\",\"target\":{\"@type\":\"EntryPoint\",\"urlTemplate\":\"https:\/\/criand.ad\/?s={search_term_string}\"},\"query-input\":{\"@type\":\"PropertyValueSpecification\",\"valueRequired\":true,\"valueName\":\"search_term_string\"}}],\"inLanguage\":\"es\"},{\"@type\":\"Organization\",\"@id\":\"https:\/\/criand.ad\/#organization\",\"name\":\"CRIAND\",\"url\":\"https:\/\/criand.ad\/\",\"logo\":{\"@type\":\"ImageObject\",\"inLanguage\":\"es\",\"@id\":\"https:\/\/criand.ad\/#\/schema\/logo\/image\/\",\"url\":\"https:\/\/criand.ad\/wp-content\/uploads\/2025\/05\/cropped-logo-1.png\",\"contentUrl\":\"https:\/\/criand.ad\/wp-content\/uploads\/2025\/05\/cropped-logo-1.png\",\"width\":360,\"height\":218,\"caption\":\"CRIAND\"},\"image\":{\"@id\":\"https:\/\/criand.ad\/#\/schema\/logo\/image\/\"},\"sameAs\":[\"http:\/\/instagram.com\/criand.andorra\"]}]}<\/script>\n<!-- \/ Yoast SEO plugin. -->","yoast_head_json":{"title":"Preparaci\u00f3n al nacimiento ONLINE: 5 sesiones - Criand","description":"Vive tu embarazo con tranquilidad: sesiones en directo para prepararte para el parto sin salir de casa.","robots":{"index":"index","follow":"follow","max-snippet":"max-snippet:-1","max-image-preview":"max-image-preview:large","max-video-preview":"max-video-preview:-1"},"canonical":"https:\/\/criand.ad\/producto\/preparacio-naixement-online\/","og_locale":"es_ES","og_type":"article","og_title":"Preparaci\u00f3n al nacimiento ONLINE: 5 sesiones - Criand","og_description":"Vive tu embarazo con tranquilidad: sesiones en directo para prepararte para el parto sin salir de casa.","og_url":"https:\/\/criand.ad\/producto\/preparacio-naixement-online\/","og_site_name":"Criand","article_modified_time":"2025-10-20T16:49:43+00:00","og_image":[{"width":1316,"height":1600,"url":"https:\/\/criand.ad\/wp-content\/uploads\/2025\/10\/IMG-20241025-WA0056.jpg","type":"image\/jpeg"}],"twitter_card":"summary_large_image","twitter_misc":{"Tiempo de lectura":"1 minuto"},"schema":{"@context":"https:\/\/schema.org","@graph":[{"@type":"WebPage","@id":"https:\/\/criand.ad\/producto\/preparacio-naixement-online\/","url":"https:\/\/criand.ad\/producto\/preparacio-naixement-online\/","name":"Preparaci\u00f3n al nacimiento ONLINE: 5 sesiones - Criand","isPartOf":{"@id":"https:\/\/criand.ad\/#website"},"primaryImageOfPage":{"@id":"https:\/\/criand.ad\/producto\/preparacio-naixement-online\/#primaryimage"},"image":{"@id":"https:\/\/criand.ad\/producto\/preparacio-naixement-online\/#primaryimage"},"thumbnailUrl":"https:\/\/criand.ad\/wp-content\/uploads\/2025\/10\/IMG-20241025-WA0056.jpg","datePublished":"2025-10-20T16:43:29+00:00","dateModified":"2025-10-20T16:49:43+00:00","description":"Vive tu embarazo con tranquilidad: sesiones en directo para prepararte para el parto sin salir de casa.","breadcrumb":{"@id":"https:\/\/criand.ad\/producto\/preparacio-naixement-online\/#breadcrumb"},"inLanguage":"es","potentialAction":[{"@type":"ReadAction","target":["https:\/\/criand.ad\/producto\/preparacio-naixement-online\/"]}]},{"@type":"ImageObject","inLanguage":"es","@id":"https:\/\/criand.ad\/producto\/preparacio-naixement-online\/#primaryimage","url":"https:\/\/criand.ad\/wp-content\/uploads\/2025\/10\/IMG-20241025-WA0056.jpg","contentUrl":"https:\/\/criand.ad\/wp-content\/uploads\/2025\/10\/IMG-20241025-WA0056.jpg","width":1316,"height":1600},{"@type":"BreadcrumbList","@id":"https:\/\/criand.ad\/producto\/preparacio-naixement-online\/#breadcrumb","itemListElement":[{"@type":"ListItem","position":1,"name":"Inici","item":"https:\/\/criand.ad\/es\/"},{"@type":"ListItem","position":2,"name":"Productes","item":"https:\/\/criand.ad\/shop\/"},{"@type":"ListItem","position":3,"name":"Preparaci\u00f3n al nacimiento ONLINE: 5 sesiones"}]},{"@type":"WebSite","@id":"https:\/\/criand.ad\/#website","url":"https:\/\/criand.ad\/","name":"CRIAND","description":"Embar\u00e0s, Postpart i Crian\u00e7a","publisher":{"@id":"https:\/\/criand.ad\/#organization"},"potentialAction":[{"@type":"SearchAction","target":{"@type":"EntryPoint","urlTemplate":"https:\/\/criand.ad\/?s={search_term_string}"},"query-input":{"@type":"PropertyValueSpecification","valueRequired":true,"valueName":"search_term_string"}}],"inLanguage":"es"},{"@type":"Organization","@id":"https:\/\/criand.ad\/#organization","name":"CRIAND","url":"https:\/\/criand.ad\/","logo":{"@type":"ImageObject","inLanguage":"es","@id":"https:\/\/criand.ad\/#\/schema\/logo\/image\/","url":"https:\/\/criand.ad\/wp-content\/uploads\/2025\/05\/cropped-logo-1.png","contentUrl":"https:\/\/criand.ad\/wp-content\/uploads\/2025\/05\/cropped-logo-1.png","width":360,"height":218,"caption":"CRIAND"},"image":{"@id":"https:\/\/criand.ad\/#\/schema\/logo\/image\/"},"sameAs":["http:\/\/instagram.com\/criand.andorra"]}]}},"_links":{"self":[{"href":"https:\/\/criand.ad\/es\/wp-json\/wp\/v2\/product\/5898","targetHints":{"allow":["GET"]}}],"collection":[{"href":"https:\/\/criand.ad\/es\/wp-json\/wp\/v2\/product"}],"about":[{"href":"https:\/\/criand.ad\/es\/wp-json\/wp\/v2\/types\/product"}],"version-history":[{"count":0,"href":"https:\/\/criand.ad\/es\/wp-json\/wp\/v2\/product\/5898\/revisions"}],"wp:featuredmedia":[{"embeddable":true,"href":"https:\/\/criand.ad\/es\/wp-json\/wp\/v2\/media\/5836"}],"wp:attachment":[{"href":"https:\/\/criand.ad\/es\/wp-json\/wp\/v2\/media?parent=5898"}],"wp:term":[{"taxonomy":"product_brand","embeddable":true,"href":"https:\/\/criand.ad\/es\/wp-json\/wp\/v2\/product_brand?post=5898"},{"taxonomy":"product_cat","embeddable":true,"href":"https:\/\/criand.ad\/es\/wp-json\/wp\/v2\/product_cat?post=5898"},{"taxonomy":"product_tag","embeddable":true,"href":"https:\/\/criand.ad\/es\/wp-json\/wp\/v2\/product_tag?post=5898"},{"taxonomy":"giftcard-category","embeddable":true,"href":"https:\/\/criand.ad\/es\/wp-json\/wp\/v2\/giftcard-category?post=5898"}],"curies":[{"name":"wp","href":"https:\/\/api.w.org\/{rel}","templated":true}]}}