{"id":5857,"date":"2025-10-17T20:28:24","date_gmt":"2025-10-17T18:28:24","guid":{"rendered":"http:\/\/criand.ad\/producto\/preparacio-al-naixement-online-5-sessions\/"},"modified":"2025-10-19T12:01:53","modified_gmt":"2025-10-19T10:01:53","slug":"preparacio-al-naixement-online-5-sessions","status":"publish","type":"product","link":"https:\/\/criand.ad\/es\/producto\/preparacio-al-naixement-online-5-sessions\/","title":{"rendered":"Preparaci\u00f3n al nacimiento ONLINE: 5 sesiones"},"content":{"rendered":"<p>Vive tu embarazo con tranquilidad: sesiones en directo para prepararte para el parto sin salir de casa.<\/p>\n<p>&nbsp;<\/p>\n","protected":false},"excerpt":{"rendered":"<p>Asesoramiento individualizado exclusivo online, en el que te ofrecemos clases de preparaci\u00f3n al nacimiento con contenidos adaptados seg\u00fan tus necesidades, de forma din\u00e1mica e interactiva, donde se resolver\u00e1n vuestras dudas para que disfrutes y vivas el embarazo de una manera \u00fanica.<\/p>\n<p>El pack se compone de 5 sesiones de aproximadamente una hora que incluyen los siguientes contenidos:<\/p>\n<ul>\n<li>Informaci\u00f3n te\u00f3rica basada en las \u00faltimas actualizaciones y gu\u00edas del embarazo<\/li>\n<li>Cambios durante el embarazo y consejos de salud y bienestar<\/li>\n<li>El parto: conoce sus fases y c\u00f3mo afrontarlas<\/li>\n<li>M\u00e9todos no farmacol\u00f3gicos para la gesti\u00f3n del dolor<\/li>\n<li>Preparaci\u00f3n para el posparto<\/li>\n<li>Cuidados del beb\u00e9<\/li>\n<li>Lactancia materna y\/o artificial: todo lo que deb\u00e9is saber<\/li>\n<li>Incluye soporte telem\u00e1tico v\u00eda WhatsApp<\/li>\n<li><strong>+ Regalo:<\/strong> Ebook <em>Criand embarazo y lactancia<\/em><\/li>\n<\/ul>\n<p>Posibilidad de realizar las sesiones en lengua castellana, portuguesa, inglesa o francesa, con aviso previo a <strong><a href=\"mailto:criand.andorra@gmail.com\">criand.andorra@gmail.com<\/a><\/strong>.<\/p>\n","protected":false},"featured_media":5836,"template":"","meta":{"site-sidebar-layout":"default","site-content-layout":"","ast-site-content-layout":"default","site-content-style":"default","site-sidebar-style":"default","ast-global-header-display":"","ast-banner-title-visibility":"","ast-main-header-display":"","ast-hfb-above-header-display":"","ast-hfb-below-header-display":"","ast-hfb-mobile-header-display":"","site-post-title":"","ast-breadcrumbs-content":"","ast-featured-img":"","footer-sml-layout":"","theme-transparent-header-meta":"default","adv-header-id-meta":"","stick-header-meta":"default","header-above-stick-meta":"","header-main-stick-meta":"","header-below-stick-meta":"","astra-migrate-meta-layouts":"set","ast-page-background-enabled":"default","ast-page-background-meta":{"desktop":{"background-color":"","background-image":"","background-repeat":"repeat","background-position":"center center","background-size":"auto","background-attachment":"scroll","background-type":"","background-media":"","overlay-type":"","overlay-color":"","overlay-opacity":"","overlay-gradient":""},"tablet":{"background-color":"","background-image":"","background-repeat":"repeat","background-position":"center center","background-size":"auto","background-attachment":"scroll","background-type":"","background-media":"","overlay-type":"","overlay-color":"","overlay-opacity":"","overlay-gradient":""},"mobile":{"background-color":"","background-image":"","background-repeat":"repeat","background-position":"center center","background-size":"auto","background-attachment":"scroll","background-type":"","background-media":"","overlay-type":"","overlay-color":"","overlay-opacity":"","overlay-gradient":""}},"ast-content-background-meta":{"desktop":{"background-color":"var(--ast-global-color-5)","background-image":"","background-repeat":"repeat","background-position":"center center","background-size":"auto","background-attachment":"scroll","background-type":"","background-media":"","overlay-type":"","overlay-color":"","overlay-opacity":"","overlay-gradient":""},"tablet":{"background-color":"var(--ast-global-color-5)","background-image":"","background-repeat":"repeat","background-position":"center center","background-size":"auto","background-attachment":"scroll","background-type":"","background-media":"","overlay-type":"","overlay-color":"","overlay-opacity":"","overlay-gradient":""},"mobile":{"background-color":"var(--ast-global-color-5)","background-image":"","background-repeat":"repeat","background-position":"center center","background-size":"auto","background-attachment":"scroll","background-type":"","background-media":"","overlay-type":"","overlay-color":"","overlay-opacity":"","overlay-gradient":""}}},"product_brand":[],"product_cat":[132],"product_tag":[],"giftcard-category":[],"class_list":{"0":"post-5857","1":"product","2":"type-product","3":"status-publish","4":"has-post-thumbnail","6":"product_cat-asesoramiento-online","7":"desktop-align-left","8":"tablet-align-left","9":"mobile-align-left","10":"ast-product-gallery-layout-horizontal-slider","11":"ast-product-gallery-with-no-image","12":"ast-magnify-disabled","13":"ast-product-tabs-layout-horizontal","15":"first","16":"instock","17":"taxable","18":"shipping-taxable","19":"product-type-simple"},"yoast_head":"<!-- This site is optimized with the Yoast SEO plugin v26.6 - https:\/\/yoast.com\/wordpress\/plugins\/seo\/ -->\n<title>Preparaci\u00f3n al nacimiento ONLINE: 5 sesiones - Criand<\/title>\n<meta name=\"robots\" content=\"index, follow, max-snippet:-1, max-image-preview:large, max-video-preview:-1\" \/>\n<link rel=\"canonical\" href=\"https:\/\/criand.ad\/es\/producto\/preparacio-al-naixement-online-5-sessions\/\" \/>\n<meta property=\"og:locale\" content=\"es_ES\" \/>\n<meta property=\"og:type\" content=\"article\" \/>\n<meta property=\"og:title\" content=\"Preparaci\u00f3n al nacimiento ONLINE: 5 sesiones - Criand\" \/>\n<meta property=\"og:description\" content=\"Asesoramiento individualizado exclusivo online, en el que te ofrecemos clases de preparaci\u00f3n al nacimiento con contenidos adaptados seg\u00fan tus necesidades, de forma din\u00e1mica e interactiva, donde se resolver\u00e1n vuestras dudas para que disfrutes y vivas el embarazo de una manera \u00fanica.  El pack se compone de 5 sesiones de aproximadamente una hora que incluyen los siguientes contenidos:   Informaci\u00f3n te\u00f3rica basada en las \u00faltimas actualizaciones y gu\u00edas del embarazo  Cambios durante el embarazo y consejos de salud y bienestar  El parto: conoce sus fases y c\u00f3mo afrontarlas  M\u00e9todos no farmacol\u00f3gicos para la gesti\u00f3n del dolor  Preparaci\u00f3n para el posparto  Cuidados del beb\u00e9  Lactancia materna y\/o artificial: todo lo que deb\u00e9is saber  Incluye soporte telem\u00e1tico v\u00eda WhatsApp  + Regalo: Ebook Criand embarazo y lactancia  Posibilidad de realizar las sesiones en lengua castellana, portuguesa, inglesa o francesa, con aviso previo a criand.andorra@gmail.com.\" \/>\n<meta property=\"og:url\" content=\"https:\/\/criand.ad\/es\/producto\/preparacio-al-naixement-online-5-sessions\/\" \/>\n<meta property=\"og:site_name\" content=\"Criand\" \/>\n<meta property=\"article:modified_time\" content=\"2025-10-19T10:01:53+00:00\" \/>\n<meta property=\"og:image\" content=\"https:\/\/criand.ad\/wp-content\/uploads\/2025\/10\/IMG-20241025-WA0056.jpg\" \/>\n\t<meta property=\"og:image:width\" content=\"1316\" \/>\n\t<meta property=\"og:image:height\" content=\"1600\" \/>\n\t<meta property=\"og:image:type\" content=\"image\/jpeg\" \/>\n<meta name=\"twitter:card\" content=\"summary_large_image\" \/>\n<meta name=\"twitter:label1\" content=\"Tiempo de lectura\" \/>\n\t<meta name=\"twitter:data1\" content=\"1 minuto\" \/>\n<script type=\"application\/ld+json\" class=\"yoast-schema-graph\">{\"@context\":\"https:\/\/schema.org\",\"@graph\":[{\"@type\":\"WebPage\",\"@id\":\"https:\/\/criand.ad\/es\/producto\/preparacio-al-naixement-online-5-sessions\/\",\"url\":\"https:\/\/criand.ad\/es\/producto\/preparacio-al-naixement-online-5-sessions\/\",\"name\":\"Preparaci\u00f3n al nacimiento ONLINE: 5 sesiones - Criand\",\"isPartOf\":{\"@id\":\"https:\/\/criand.ad\/#website\"},\"primaryImageOfPage\":{\"@id\":\"https:\/\/criand.ad\/es\/producto\/preparacio-al-naixement-online-5-sessions\/#primaryimage\"},\"image\":{\"@id\":\"https:\/\/criand.ad\/es\/producto\/preparacio-al-naixement-online-5-sessions\/#primaryimage\"},\"thumbnailUrl\":\"https:\/\/criand.ad\/wp-content\/uploads\/2025\/10\/IMG-20241025-WA0056.jpg\",\"datePublished\":\"2025-10-17T18:28:24+00:00\",\"dateModified\":\"2025-10-19T10:01:53+00:00\",\"breadcrumb\":{\"@id\":\"https:\/\/criand.ad\/es\/producto\/preparacio-al-naixement-online-5-sessions\/#breadcrumb\"},\"inLanguage\":\"es\",\"potentialAction\":[{\"@type\":\"ReadAction\",\"target\":[\"https:\/\/criand.ad\/es\/producto\/preparacio-al-naixement-online-5-sessions\/\"]}]},{\"@type\":\"ImageObject\",\"inLanguage\":\"es\",\"@id\":\"https:\/\/criand.ad\/es\/producto\/preparacio-al-naixement-online-5-sessions\/#primaryimage\",\"url\":\"https:\/\/criand.ad\/wp-content\/uploads\/2025\/10\/IMG-20241025-WA0056.jpg\",\"contentUrl\":\"https:\/\/criand.ad\/wp-content\/uploads\/2025\/10\/IMG-20241025-WA0056.jpg\",\"width\":1316,\"height\":1600},{\"@type\":\"BreadcrumbList\",\"@id\":\"https:\/\/criand.ad\/es\/producto\/preparacio-al-naixement-online-5-sessions\/#breadcrumb\",\"itemListElement\":[{\"@type\":\"ListItem\",\"position\":1,\"name\":\"Inici\",\"item\":\"https:\/\/criand.ad\/es\/\"},{\"@type\":\"ListItem\",\"position\":2,\"name\":\"Productes\",\"item\":\"https:\/\/criand.ad\/shop\/\"},{\"@type\":\"ListItem\",\"position\":3,\"name\":\"Preparaci\u00f3n al nacimiento ONLINE: 5 sesiones\"}]},{\"@type\":\"WebSite\",\"@id\":\"https:\/\/criand.ad\/#website\",\"url\":\"https:\/\/criand.ad\/\",\"name\":\"CRIAND\",\"description\":\"Embar\u00e0s, Postpart i Crian\u00e7a\",\"publisher\":{\"@id\":\"https:\/\/criand.ad\/#organization\"},\"potentialAction\":[{\"@type\":\"SearchAction\",\"target\":{\"@type\":\"EntryPoint\",\"urlTemplate\":\"https:\/\/criand.ad\/?s={search_term_string}\"},\"query-input\":{\"@type\":\"PropertyValueSpecification\",\"valueRequired\":true,\"valueName\":\"search_term_string\"}}],\"inLanguage\":\"es\"},{\"@type\":\"Organization\",\"@id\":\"https:\/\/criand.ad\/#organization\",\"name\":\"CRIAND\",\"url\":\"https:\/\/criand.ad\/\",\"logo\":{\"@type\":\"ImageObject\",\"inLanguage\":\"es\",\"@id\":\"https:\/\/criand.ad\/#\/schema\/logo\/image\/\",\"url\":\"https:\/\/criand.ad\/wp-content\/uploads\/2025\/05\/cropped-logo-1.png\",\"contentUrl\":\"https:\/\/criand.ad\/wp-content\/uploads\/2025\/05\/cropped-logo-1.png\",\"width\":360,\"height\":218,\"caption\":\"CRIAND\"},\"image\":{\"@id\":\"https:\/\/criand.ad\/#\/schema\/logo\/image\/\"},\"sameAs\":[\"http:\/\/instagram.com\/criand.andorra\"]}]}<\/script>\n<!-- \/ Yoast SEO plugin. -->","yoast_head_json":{"title":"Preparaci\u00f3n al nacimiento ONLINE: 5 sesiones - Criand","robots":{"index":"index","follow":"follow","max-snippet":"max-snippet:-1","max-image-preview":"max-image-preview:large","max-video-preview":"max-video-preview:-1"},"canonical":"https:\/\/criand.ad\/es\/producto\/preparacio-al-naixement-online-5-sessions\/","og_locale":"es_ES","og_type":"article","og_title":"Preparaci\u00f3n al nacimiento ONLINE: 5 sesiones - Criand","og_description":"Asesoramiento individualizado exclusivo online, en el que te ofrecemos clases de preparaci\u00f3n al nacimiento con contenidos adaptados seg\u00fan tus necesidades, de forma din\u00e1mica e interactiva, donde se resolver\u00e1n vuestras dudas para que disfrutes y vivas el embarazo de una manera \u00fanica.  El pack se compone de 5 sesiones de aproximadamente una hora que incluyen los siguientes contenidos:   Informaci\u00f3n te\u00f3rica basada en las \u00faltimas actualizaciones y gu\u00edas del embarazo  Cambios durante el embarazo y consejos de salud y bienestar  El parto: conoce sus fases y c\u00f3mo afrontarlas  M\u00e9todos no farmacol\u00f3gicos para la gesti\u00f3n del dolor  Preparaci\u00f3n para el posparto  Cuidados del beb\u00e9  Lactancia materna y\/o artificial: todo lo que deb\u00e9is saber  Incluye soporte telem\u00e1tico v\u00eda WhatsApp  + Regalo: Ebook Criand embarazo y lactancia  Posibilidad de realizar las sesiones en lengua castellana, portuguesa, inglesa o francesa, con aviso previo a criand.andorra@gmail.com.","og_url":"https:\/\/criand.ad\/es\/producto\/preparacio-al-naixement-online-5-sessions\/","og_site_name":"Criand","article_modified_time":"2025-10-19T10:01:53+00:00","og_image":[{"width":1316,"height":1600,"url":"https:\/\/criand.ad\/wp-content\/uploads\/2025\/10\/IMG-20241025-WA0056.jpg","type":"image\/jpeg"}],"twitter_card":"summary_large_image","twitter_misc":{"Tiempo de lectura":"1 minuto"},"schema":{"@context":"https:\/\/schema.org","@graph":[{"@type":"WebPage","@id":"https:\/\/criand.ad\/es\/producto\/preparacio-al-naixement-online-5-sessions\/","url":"https:\/\/criand.ad\/es\/producto\/preparacio-al-naixement-online-5-sessions\/","name":"Preparaci\u00f3n al nacimiento ONLINE: 5 sesiones - Criand","isPartOf":{"@id":"https:\/\/criand.ad\/#website"},"primaryImageOfPage":{"@id":"https:\/\/criand.ad\/es\/producto\/preparacio-al-naixement-online-5-sessions\/#primaryimage"},"image":{"@id":"https:\/\/criand.ad\/es\/producto\/preparacio-al-naixement-online-5-sessions\/#primaryimage"},"thumbnailUrl":"https:\/\/criand.ad\/wp-content\/uploads\/2025\/10\/IMG-20241025-WA0056.jpg","datePublished":"2025-10-17T18:28:24+00:00","dateModified":"2025-10-19T10:01:53+00:00","breadcrumb":{"@id":"https:\/\/criand.ad\/es\/producto\/preparacio-al-naixement-online-5-sessions\/#breadcrumb"},"inLanguage":"es","potentialAction":[{"@type":"ReadAction","target":["https:\/\/criand.ad\/es\/producto\/preparacio-al-naixement-online-5-sessions\/"]}]},{"@type":"ImageObject","inLanguage":"es","@id":"https:\/\/criand.ad\/es\/producto\/preparacio-al-naixement-online-5-sessions\/#primaryimage","url":"https:\/\/criand.ad\/wp-content\/uploads\/2025\/10\/IMG-20241025-WA0056.jpg","contentUrl":"https:\/\/criand.ad\/wp-content\/uploads\/2025\/10\/IMG-20241025-WA0056.jpg","width":1316,"height":1600},{"@type":"BreadcrumbList","@id":"https:\/\/criand.ad\/es\/producto\/preparacio-al-naixement-online-5-sessions\/#breadcrumb","itemListElement":[{"@type":"ListItem","position":1,"name":"Inici","item":"https:\/\/criand.ad\/es\/"},{"@type":"ListItem","position":2,"name":"Productes","item":"https:\/\/criand.ad\/shop\/"},{"@type":"ListItem","position":3,"name":"Preparaci\u00f3n al nacimiento ONLINE: 5 sesiones"}]},{"@type":"WebSite","@id":"https:\/\/criand.ad\/#website","url":"https:\/\/criand.ad\/","name":"CRIAND","description":"Embar\u00e0s, Postpart i Crian\u00e7a","publisher":{"@id":"https:\/\/criand.ad\/#organization"},"potentialAction":[{"@type":"SearchAction","target":{"@type":"EntryPoint","urlTemplate":"https:\/\/criand.ad\/?s={search_term_string}"},"query-input":{"@type":"PropertyValueSpecification","valueRequired":true,"valueName":"search_term_string"}}],"inLanguage":"es"},{"@type":"Organization","@id":"https:\/\/criand.ad\/#organization","name":"CRIAND","url":"https:\/\/criand.ad\/","logo":{"@type":"ImageObject","inLanguage":"es","@id":"https:\/\/criand.ad\/#\/schema\/logo\/image\/","url":"https:\/\/criand.ad\/wp-content\/uploads\/2025\/05\/cropped-logo-1.png","contentUrl":"https:\/\/criand.ad\/wp-content\/uploads\/2025\/05\/cropped-logo-1.png","width":360,"height":218,"caption":"CRIAND"},"image":{"@id":"https:\/\/criand.ad\/#\/schema\/logo\/image\/"},"sameAs":["http:\/\/instagram.com\/criand.andorra"]}]}},"_links":{"self":[{"href":"https:\/\/criand.ad\/es\/wp-json\/wp\/v2\/product\/5857","targetHints":{"allow":["GET"]}}],"collection":[{"href":"https:\/\/criand.ad\/es\/wp-json\/wp\/v2\/product"}],"about":[{"href":"https:\/\/criand.ad\/es\/wp-json\/wp\/v2\/types\/product"}],"version-history":[{"count":0,"href":"https:\/\/criand.ad\/es\/wp-json\/wp\/v2\/product\/5857\/revisions"}],"wp:featuredmedia":[{"embeddable":true,"href":"https:\/\/criand.ad\/es\/wp-json\/wp\/v2\/media\/5836"}],"wp:attachment":[{"href":"https:\/\/criand.ad\/es\/wp-json\/wp\/v2\/media?parent=5857"}],"wp:term":[{"taxonomy":"product_brand","embeddable":true,"href":"https:\/\/criand.ad\/es\/wp-json\/wp\/v2\/product_brand?post=5857"},{"taxonomy":"product_cat","embeddable":true,"href":"https:\/\/criand.ad\/es\/wp-json\/wp\/v2\/product_cat?post=5857"},{"taxonomy":"product_tag","embeddable":true,"href":"https:\/\/criand.ad\/es\/wp-json\/wp\/v2\/product_tag?post=5857"},{"taxonomy":"giftcard-category","embeddable":true,"href":"https:\/\/criand.ad\/es\/wp-json\/wp\/v2\/giftcard-category?post=5857"}],"curies":[{"name":"wp","href":"https:\/\/api.w.org\/{rel}","templated":true}]}}