{"id":5755,"date":"2025-10-12T19:18:11","date_gmt":"2025-10-12T17:18:11","guid":{"rendered":"http:\/\/criand.ad\/producto\/assessorament-en-son-infantil-online\/"},"modified":"2025-10-13T09:59:14","modified_gmt":"2025-10-13T07:59:14","slug":"asesoramiento-sueno-infantil-online","status":"publish","type":"product","link":"https:\/\/criand.ad\/es\/producto\/asesoramiento-sueno-infantil-online\/","title":{"rendered":"Asesoramiento de sue\u00f1o infantil online"},"content":{"rendered":"<article class=\"text-token-text-primary w-full focus:outline-none [--shadow-height:45px] has-data-writing-block:pointer-events-none has-data-writing-block:-mt-(--shadow-height) has-data-writing-block:pt-(--shadow-height) [&amp;:has([data-writing-block])&gt;*]:pointer-events-auto [content-visibility:auto] supports-[content-visibility:auto]:[contain-intrinsic-size:auto_100lvh] scroll-mt-[calc(var(--header-height)+min(200px,max(70px,20svh)))]\" dir=\"auto\" tabindex=\"-1\" data-turn-id=\"02f409d8-e245-4cb5-947e-f77c45ecc073\" data-testid=\"conversation-turn-2\" data-scroll-anchor=\"true\" data-turn=\"assistant\">\n<div class=\"text-base my-auto mx-auto pb-10 [--thread-content-margin:--spacing(4)] thread-sm:[--thread-content-margin:--spacing(6)] thread-lg:[--thread-content-margin:--spacing(16)] px-(--thread-content-margin)\">\n<div class=\"[--thread-content-max-width:40rem] thread-lg:[--thread-content-max-width:48rem] mx-auto max-w-(--thread-content-max-width) flex-1 group\/turn-messages focus-visible:outline-hidden relative flex w-full min-w-0 flex-col agent-turn\" tabindex=\"-1\">\n<div class=\"flex max-w-full flex-col grow\">\n<div class=\"min-h-8 text-message relative flex w-full flex-col items-end gap-2 text-start break-words whitespace-normal [.text-message+&amp;]:mt-1\" dir=\"auto\" data-message-author-role=\"assistant\" data-message-id=\"2fcef50f-27d3-46cb-9eaa-100a362228dc\" data-message-model-slug=\"gpt-5\">\n<div class=\"flex w-full flex-col gap-1 empty:hidden first:pt-[1px]\">\n<div class=\"markdown prose dark:prose-invert w-full break-words light markdown-new-styling\">\n<p data-start=\"0\" data-end=\"540\" data-is-last-node=\"\" data-is-only-node=\"\">Nuestros asesoramientos se basan en un enfoque integrador y respetuoso, ofreciendo sesiones personalizadas que ayudan a las familias a comprender qu\u00e9 necesitan sus hijos para dormir mejor, sin dejar de lado sus emociones, necesidades ni v\u00ednculos. Contamos con una formaci\u00f3n sanitaria de base que respalda nuestro marco de conocimientos desde una perspectiva bio-psico-social, y con una formaci\u00f3n especializada a trav\u00e9s del <em data-start=\"423\" data-end=\"483\">Curso Universitario de Especializaci\u00f3n en Sue\u00f1o Pedi\u00e1trico<\/em> otorgado por la Universidad Europea Miguel de Cervantes.<\/p>\n<\/div>\n<\/div>\n<\/div>\n<\/div>\n<\/div>\n<\/div>\n<\/article>\n","protected":false},"excerpt":{"rendered":"<p data-start=\"0\" data-end=\"201\">Dormir bien es esencial para el desarrollo, la salud y el bienestar de los ni\u00f1os\u2026 y tambi\u00e9n para el descanso de toda la familia. En Criand te acompa\u00f1amos para que las noches vuelvan a ser tranquilas.<\/p>\n<p data-start=\"203\" data-end=\"514\">La higiene del sue\u00f1o hace referencia a un conjunto de h\u00e1bitos, rutinas y condiciones que favorecen un descanso de calidad. A trav\u00e9s de una buena higiene del sue\u00f1o, podemos ayudar al beb\u00e9 o al ni\u00f1o a dormirse con m\u00e1s facilidad y dormir m\u00e1s horas seguidas, favoreciendo as\u00ed su correcto desarrollo y crecimiento.<\/p>\n<p data-start=\"516\" data-end=\"753\">Durante la visita te explicamos c\u00f3mo funciona el sue\u00f1o en las diferentes etapas del desarrollo: las necesidades de descanso seg\u00fan la edad, los ciclos del sue\u00f1o, los cambios naturales y c\u00f3mo adaptar las rutinas a cada momento evolutivo.<\/p>\n<p data-start=\"755\" data-end=\"830\"><strong data-start=\"755\" data-end=\"783\">\u00bfA qu\u00e9 edades se dirige?<\/strong><br data-start=\"783\" data-end=\"786\" \/>Desde el nacimiento hasta la adolescencia.<\/p>\n<p data-start=\"832\" data-end=\"1262\"><strong data-start=\"832\" data-end=\"859\">\u00bfQu\u00e9 incluye la visita?<\/strong><br data-start=\"859\" data-end=\"862\" \/>Realizaremos una valoraci\u00f3n espec\u00edfica e individualizada del caso, a domicilio en Andorra, teniendo en cuenta la edad, los h\u00e1bitos, el ambiente y la din\u00e1mica familiar.<br data-start=\"1029\" data-end=\"1032\" \/>A partir de esta valoraci\u00f3n, te ofrecemos pautas personalizadas de rutinas y estrategias de higiene del sue\u00f1o para mejorar la calidad del descanso de tu hijo\/a, basadas en los problemas detectados y desde un enfoque integrativo.<\/p>\n<p data-start=\"1264\" data-end=\"1495\" data-is-last-node=\"\" data-is-only-node=\"\"><strong data-start=\"1264\" data-end=\"1286\">Seguimiento online<\/strong><br data-start=\"1286\" data-end=\"1289\" \/>Para un acompa\u00f1amiento m\u00e1s completo, puedes optar por un paquete de 3 sesiones online que nos permitir\u00e1 hacer el seguimiento de la evoluci\u00f3n del caso y ajustar las pautas seg\u00fan la respuesta del ni\u00f1o o ni\u00f1a.<\/p>\n","protected":false},"featured_media":5818,"template":"","meta":{"site-sidebar-layout":"default","site-content-layout":"","ast-site-content-layout":"default","site-content-style":"default","site-sidebar-style":"default","ast-global-header-display":"","ast-banner-title-visibility":"","ast-main-header-display":"","ast-hfb-above-header-display":"","ast-hfb-below-header-display":"","ast-hfb-mobile-header-display":"","site-post-title":"","ast-breadcrumbs-content":"","ast-featured-img":"","footer-sml-layout":"","theme-transparent-header-meta":"default","adv-header-id-meta":"","stick-header-meta":"default","header-above-stick-meta":"","header-main-stick-meta":"","header-below-stick-meta":"","astra-migrate-meta-layouts":"set","ast-page-background-enabled":"default","ast-page-background-meta":{"desktop":{"background-color":"","background-image":"","background-repeat":"repeat","background-position":"center center","background-size":"auto","background-attachment":"scroll","background-type":"","background-media":"","overlay-type":"","overlay-color":"","overlay-opacity":"","overlay-gradient":""},"tablet":{"background-color":"","background-image":"","background-repeat":"repeat","background-position":"center center","background-size":"auto","background-attachment":"scroll","background-type":"","background-media":"","overlay-type":"","overlay-color":"","overlay-opacity":"","overlay-gradient":""},"mobile":{"background-color":"","background-image":"","background-repeat":"repeat","background-position":"center center","background-size":"auto","background-attachment":"scroll","background-type":"","background-media":"","overlay-type":"","overlay-color":"","overlay-opacity":"","overlay-gradient":""}},"ast-content-background-meta":{"desktop":{"background-color":"var(--ast-global-color-5)","background-image":"","background-repeat":"repeat","background-position":"center center","background-size":"auto","background-attachment":"scroll","background-type":"","background-media":"","overlay-type":"","overlay-color":"","overlay-opacity":"","overlay-gradient":""},"tablet":{"background-color":"var(--ast-global-color-5)","background-image":"","background-repeat":"repeat","background-position":"center center","background-size":"auto","background-attachment":"scroll","background-type":"","background-media":"","overlay-type":"","overlay-color":"","overlay-opacity":"","overlay-gradient":""},"mobile":{"background-color":"var(--ast-global-color-5)","background-image":"","background-repeat":"repeat","background-position":"center center","background-size":"auto","background-attachment":"scroll","background-type":"","background-media":"","overlay-type":"","overlay-color":"","overlay-opacity":"","overlay-gradient":""}}},"product_brand":[],"product_cat":[132,209],"product_tag":[],"giftcard-category":[],"class_list":{"0":"post-5755","1":"product","2":"type-product","3":"status-publish","4":"has-post-thumbnail","6":"product_cat-asesoramiento-online","7":"product_cat-asesoramiento-sueno-infantil","8":"desktop-align-left","9":"tablet-align-left","10":"mobile-align-left","11":"ast-product-gallery-layout-horizontal-slider","12":"ast-product-gallery-with-no-image","13":"ast-magnify-disabled","14":"ast-product-tabs-layout-horizontal","16":"first","17":"instock","18":"downloadable","19":"taxable","20":"shipping-taxable","21":"purchasable","22":"product-type-simple"},"yoast_head":"<!-- This site is optimized with the Yoast SEO plugin v26.6 - https:\/\/yoast.com\/wordpress\/plugins\/seo\/ -->\n<title>Asesoramiento de sue\u00f1o infantil online - Criand<\/title>\n<meta name=\"description\" content=\"Dormir bien es esencial para el desarrollo, la salud y el bienestar de los ni\u00f1os\u2026 y tambi\u00e9n para el descanso de toda la familia.\" \/>\n<meta name=\"robots\" content=\"index, follow, max-snippet:-1, max-image-preview:large, max-video-preview:-1\" \/>\n<link rel=\"canonical\" href=\"https:\/\/criand.ad\/producto\/assessorament-en-son-infantil-online\/\" \/>\n<meta property=\"og:locale\" content=\"es_ES\" \/>\n<meta property=\"og:type\" content=\"article\" \/>\n<meta property=\"og:title\" content=\"Asesoramiento de sue\u00f1o infantil online - Criand\" \/>\n<meta property=\"og:description\" content=\"Dormir bien es esencial para el desarrollo, la salud y el bienestar de los ni\u00f1os\u2026 y tambi\u00e9n para el descanso de toda la familia.\" \/>\n<meta property=\"og:url\" content=\"https:\/\/criand.ad\/producto\/assessorament-en-son-infantil-online\/\" \/>\n<meta property=\"og:site_name\" content=\"Criand\" \/>\n<meta property=\"article:modified_time\" content=\"2025-10-13T07:59:14+00:00\" \/>\n<meta property=\"og:image\" content=\"https:\/\/criand.ad\/wp-content\/uploads\/2025\/10\/how-to-get-kids-to-sleep-in-their-own-bed.jpg\" \/>\n\t<meta property=\"og:image:width\" content=\"730\" \/>\n\t<meta property=\"og:image:height\" content=\"450\" \/>\n\t<meta property=\"og:image:type\" content=\"image\/jpeg\" \/>\n<meta name=\"twitter:card\" content=\"summary_large_image\" \/>\n<meta name=\"twitter:label1\" content=\"Tiempo de lectura\" \/>\n\t<meta name=\"twitter:data1\" content=\"1 minuto\" \/>\n<script type=\"application\/ld+json\" class=\"yoast-schema-graph\">{\"@context\":\"https:\/\/schema.org\",\"@graph\":[{\"@type\":\"WebPage\",\"@id\":\"https:\/\/criand.ad\/producto\/assessorament-en-son-infantil-online\/\",\"url\":\"https:\/\/criand.ad\/producto\/assessorament-en-son-infantil-online\/\",\"name\":\"Asesoramiento de sue\u00f1o infantil online - Criand\",\"isPartOf\":{\"@id\":\"https:\/\/criand.ad\/#website\"},\"primaryImageOfPage\":{\"@id\":\"https:\/\/criand.ad\/producto\/assessorament-en-son-infantil-online\/#primaryimage\"},\"image\":{\"@id\":\"https:\/\/criand.ad\/producto\/assessorament-en-son-infantil-online\/#primaryimage\"},\"thumbnailUrl\":\"https:\/\/criand.ad\/wp-content\/uploads\/2025\/10\/how-to-get-kids-to-sleep-in-their-own-bed.jpg\",\"datePublished\":\"2025-10-12T17:18:11+00:00\",\"dateModified\":\"2025-10-13T07:59:14+00:00\",\"description\":\"Dormir bien es esencial para el desarrollo, la salud y el bienestar de los ni\u00f1os\u2026 y tambi\u00e9n para el descanso de toda la familia.\",\"breadcrumb\":{\"@id\":\"https:\/\/criand.ad\/producto\/assessorament-en-son-infantil-online\/#breadcrumb\"},\"inLanguage\":\"es\",\"potentialAction\":[{\"@type\":\"ReadAction\",\"target\":[\"https:\/\/criand.ad\/producto\/assessorament-en-son-infantil-online\/\"]}]},{\"@type\":\"ImageObject\",\"inLanguage\":\"es\",\"@id\":\"https:\/\/criand.ad\/producto\/assessorament-en-son-infantil-online\/#primaryimage\",\"url\":\"https:\/\/criand.ad\/wp-content\/uploads\/2025\/10\/how-to-get-kids-to-sleep-in-their-own-bed.jpg\",\"contentUrl\":\"https:\/\/criand.ad\/wp-content\/uploads\/2025\/10\/how-to-get-kids-to-sleep-in-their-own-bed.jpg\",\"width\":730,\"height\":450,\"caption\":\"Cute African American little boy sleeping in bed with toy at night\"},{\"@type\":\"BreadcrumbList\",\"@id\":\"https:\/\/criand.ad\/producto\/assessorament-en-son-infantil-online\/#breadcrumb\",\"itemListElement\":[{\"@type\":\"ListItem\",\"position\":1,\"name\":\"Inici\",\"item\":\"https:\/\/criand.ad\/es\/\"},{\"@type\":\"ListItem\",\"position\":2,\"name\":\"Productes\",\"item\":\"https:\/\/criand.ad\/shop\/\"},{\"@type\":\"ListItem\",\"position\":3,\"name\":\"Asesoramiento de sue\u00f1o infantil online\"}]},{\"@type\":\"WebSite\",\"@id\":\"https:\/\/criand.ad\/#website\",\"url\":\"https:\/\/criand.ad\/\",\"name\":\"CRIAND\",\"description\":\"Embar\u00e0s, Postpart i Crian\u00e7a\",\"publisher\":{\"@id\":\"https:\/\/criand.ad\/#organization\"},\"potentialAction\":[{\"@type\":\"SearchAction\",\"target\":{\"@type\":\"EntryPoint\",\"urlTemplate\":\"https:\/\/criand.ad\/?s={search_term_string}\"},\"query-input\":{\"@type\":\"PropertyValueSpecification\",\"valueRequired\":true,\"valueName\":\"search_term_string\"}}],\"inLanguage\":\"es\"},{\"@type\":\"Organization\",\"@id\":\"https:\/\/criand.ad\/#organization\",\"name\":\"CRIAND\",\"url\":\"https:\/\/criand.ad\/\",\"logo\":{\"@type\":\"ImageObject\",\"inLanguage\":\"es\",\"@id\":\"https:\/\/criand.ad\/#\/schema\/logo\/image\/\",\"url\":\"https:\/\/criand.ad\/wp-content\/uploads\/2025\/05\/cropped-logo-1.png\",\"contentUrl\":\"https:\/\/criand.ad\/wp-content\/uploads\/2025\/05\/cropped-logo-1.png\",\"width\":360,\"height\":218,\"caption\":\"CRIAND\"},\"image\":{\"@id\":\"https:\/\/criand.ad\/#\/schema\/logo\/image\/\"},\"sameAs\":[\"http:\/\/instagram.com\/criand.andorra\"]}]}<\/script>\n<!-- \/ Yoast SEO plugin. -->","yoast_head_json":{"title":"Asesoramiento de sue\u00f1o infantil online - Criand","description":"Dormir bien es esencial para el desarrollo, la salud y el bienestar de los ni\u00f1os\u2026 y tambi\u00e9n para el descanso de toda la familia.","robots":{"index":"index","follow":"follow","max-snippet":"max-snippet:-1","max-image-preview":"max-image-preview:large","max-video-preview":"max-video-preview:-1"},"canonical":"https:\/\/criand.ad\/producto\/assessorament-en-son-infantil-online\/","og_locale":"es_ES","og_type":"article","og_title":"Asesoramiento de sue\u00f1o infantil online - Criand","og_description":"Dormir bien es esencial para el desarrollo, la salud y el bienestar de los ni\u00f1os\u2026 y tambi\u00e9n para el descanso de toda la familia.","og_url":"https:\/\/criand.ad\/producto\/assessorament-en-son-infantil-online\/","og_site_name":"Criand","article_modified_time":"2025-10-13T07:59:14+00:00","og_image":[{"width":730,"height":450,"url":"https:\/\/criand.ad\/wp-content\/uploads\/2025\/10\/how-to-get-kids-to-sleep-in-their-own-bed.jpg","type":"image\/jpeg"}],"twitter_card":"summary_large_image","twitter_misc":{"Tiempo de lectura":"1 minuto"},"schema":{"@context":"https:\/\/schema.org","@graph":[{"@type":"WebPage","@id":"https:\/\/criand.ad\/producto\/assessorament-en-son-infantil-online\/","url":"https:\/\/criand.ad\/producto\/assessorament-en-son-infantil-online\/","name":"Asesoramiento de sue\u00f1o infantil online - Criand","isPartOf":{"@id":"https:\/\/criand.ad\/#website"},"primaryImageOfPage":{"@id":"https:\/\/criand.ad\/producto\/assessorament-en-son-infantil-online\/#primaryimage"},"image":{"@id":"https:\/\/criand.ad\/producto\/assessorament-en-son-infantil-online\/#primaryimage"},"thumbnailUrl":"https:\/\/criand.ad\/wp-content\/uploads\/2025\/10\/how-to-get-kids-to-sleep-in-their-own-bed.jpg","datePublished":"2025-10-12T17:18:11+00:00","dateModified":"2025-10-13T07:59:14+00:00","description":"Dormir bien es esencial para el desarrollo, la salud y el bienestar de los ni\u00f1os\u2026 y tambi\u00e9n para el descanso de toda la familia.","breadcrumb":{"@id":"https:\/\/criand.ad\/producto\/assessorament-en-son-infantil-online\/#breadcrumb"},"inLanguage":"es","potentialAction":[{"@type":"ReadAction","target":["https:\/\/criand.ad\/producto\/assessorament-en-son-infantil-online\/"]}]},{"@type":"ImageObject","inLanguage":"es","@id":"https:\/\/criand.ad\/producto\/assessorament-en-son-infantil-online\/#primaryimage","url":"https:\/\/criand.ad\/wp-content\/uploads\/2025\/10\/how-to-get-kids-to-sleep-in-their-own-bed.jpg","contentUrl":"https:\/\/criand.ad\/wp-content\/uploads\/2025\/10\/how-to-get-kids-to-sleep-in-their-own-bed.jpg","width":730,"height":450,"caption":"Cute African American little boy sleeping in bed with toy at night"},{"@type":"BreadcrumbList","@id":"https:\/\/criand.ad\/producto\/assessorament-en-son-infantil-online\/#breadcrumb","itemListElement":[{"@type":"ListItem","position":1,"name":"Inici","item":"https:\/\/criand.ad\/es\/"},{"@type":"ListItem","position":2,"name":"Productes","item":"https:\/\/criand.ad\/shop\/"},{"@type":"ListItem","position":3,"name":"Asesoramiento de sue\u00f1o infantil online"}]},{"@type":"WebSite","@id":"https:\/\/criand.ad\/#website","url":"https:\/\/criand.ad\/","name":"CRIAND","description":"Embar\u00e0s, Postpart i Crian\u00e7a","publisher":{"@id":"https:\/\/criand.ad\/#organization"},"potentialAction":[{"@type":"SearchAction","target":{"@type":"EntryPoint","urlTemplate":"https:\/\/criand.ad\/?s={search_term_string}"},"query-input":{"@type":"PropertyValueSpecification","valueRequired":true,"valueName":"search_term_string"}}],"inLanguage":"es"},{"@type":"Organization","@id":"https:\/\/criand.ad\/#organization","name":"CRIAND","url":"https:\/\/criand.ad\/","logo":{"@type":"ImageObject","inLanguage":"es","@id":"https:\/\/criand.ad\/#\/schema\/logo\/image\/","url":"https:\/\/criand.ad\/wp-content\/uploads\/2025\/05\/cropped-logo-1.png","contentUrl":"https:\/\/criand.ad\/wp-content\/uploads\/2025\/05\/cropped-logo-1.png","width":360,"height":218,"caption":"CRIAND"},"image":{"@id":"https:\/\/criand.ad\/#\/schema\/logo\/image\/"},"sameAs":["http:\/\/instagram.com\/criand.andorra"]}]}},"_links":{"self":[{"href":"https:\/\/criand.ad\/es\/wp-json\/wp\/v2\/product\/5755","targetHints":{"allow":["GET"]}}],"collection":[{"href":"https:\/\/criand.ad\/es\/wp-json\/wp\/v2\/product"}],"about":[{"href":"https:\/\/criand.ad\/es\/wp-json\/wp\/v2\/types\/product"}],"version-history":[{"count":0,"href":"https:\/\/criand.ad\/es\/wp-json\/wp\/v2\/product\/5755\/revisions"}],"wp:featuredmedia":[{"embeddable":true,"href":"https:\/\/criand.ad\/es\/wp-json\/wp\/v2\/media\/5818"}],"wp:attachment":[{"href":"https:\/\/criand.ad\/es\/wp-json\/wp\/v2\/media?parent=5755"}],"wp:term":[{"taxonomy":"product_brand","embeddable":true,"href":"https:\/\/criand.ad\/es\/wp-json\/wp\/v2\/product_brand?post=5755"},{"taxonomy":"product_cat","embeddable":true,"href":"https:\/\/criand.ad\/es\/wp-json\/wp\/v2\/product_cat?post=5755"},{"taxonomy":"product_tag","embeddable":true,"href":"https:\/\/criand.ad\/es\/wp-json\/wp\/v2\/product_tag?post=5755"},{"taxonomy":"giftcard-category","embeddable":true,"href":"https:\/\/criand.ad\/es\/wp-json\/wp\/v2\/giftcard-category?post=5755"}],"curies":[{"name":"wp","href":"https:\/\/api.w.org\/{rel}","templated":true}]}}