{"id":5750,"date":"2025-10-11T21:04:19","date_gmt":"2025-10-11T19:04:19","guid":{"rendered":"http:\/\/criand.ad\/producto\/assessorament-en-son-infantil-presencial\/"},"modified":"2025-10-17T20:03:36","modified_gmt":"2025-10-17T18:03:36","slug":"assessorament-en-son-infantil-presencial","status":"publish","type":"product","link":"https:\/\/criand.ad\/es\/producto\/assessorament-en-son-infantil-presencial\/","title":{"rendered":"Asesoramiento en sue\u00f1o infantil a domicilio"},"content":{"rendered":"<p>Nuestros asesoramientos se basan en un enfoque integrador y respetuoso, ofreciendo sesiones personalizadas que ayudan a las familias a comprender lo que necesitan sus hijos para dormir mejor, sin dejar de lado sus emociones, necesidades ni v\u00ednculos. Contamos con una formaci\u00f3n sanitaria de base que avala nuestro marco de conocimientos desde una perspectiva integradora bio-psico-social, as\u00ed como con una formaci\u00f3n especializada mediante el \u201cCurso Universitario de Especializaci\u00f3n en Sue\u00f1o Pedi\u00e1trico\u201d, otorgado por la Universidad Europea Miguel de Cervantes.<\/p>\n","protected":false},"excerpt":{"rendered":"<p>Dormir bien es esencial para el desarrollo, la salud y el bienestar de los ni\u00f1os\u2026 y tambi\u00e9n para el descanso de toda la familia. En Criand te acompa\u00f1amos para que las noches vuelvan a ser tranquilas.<\/p>\n<p>La higiene del sue\u00f1o hace referencia a un conjunto de h\u00e1bitos, rutinas y condiciones que favorecen un descanso de calidad. A trav\u00e9s de una buena higiene del sue\u00f1o, podemos ayudar al beb\u00e9 o al ni\u00f1o\/a a dormirse con mayor facilidad y a dormir durante m\u00e1s horas seguidas, favoreciendo as\u00ed su correcto desarrollo y crecimiento.<\/p>\n<p>Durante la visita te explicamos c\u00f3mo funciona el sue\u00f1o en las diferentes etapas del desarrollo: las necesidades de descanso seg\u00fan la edad, los ciclos del sue\u00f1o, los cambios naturales y c\u00f3mo adaptar las rutinas a cada momento evolutivo.<\/p>\n<p><strong>\u00bfA qu\u00e9 edades se dirige?<\/strong><br \/>\nDesde el nacimiento hasta la adolescencia.<\/p>\n<p><strong>\u00bfQu\u00e9 incluye la visita?<\/strong><br \/>\nRealizaremos una valoraci\u00f3n espec\u00edfica e individualizada del caso, a domicilio en Andorra, teniendo en cuenta la edad, los h\u00e1bitos, el entorno y la din\u00e1mica familiar.<br \/>\nA partir de esta valoraci\u00f3n, te ofrecemos pautas personalizadas de rutinas y estrategias de higiene del sue\u00f1o para mejorar la calidad del descanso de tu hijo\/a, bas\u00e1ndonos en los problemas detectados y de forma integradora.<\/p>\n<p>Seguimiento online:<br \/>\nPara un acompa\u00f1amiento m\u00e1s completo, puedes optar por un paquete de <strong>3 sesiones online<\/strong> con el fin de hacer el seguimiento de la evoluci\u00f3n del caso y ajustar las pautas seg\u00fan la respuesta del ni\u00f1o\/a.<\/p>\n","protected":false},"featured_media":5715,"template":"","meta":{"site-sidebar-layout":"default","site-content-layout":"","ast-site-content-layout":"default","site-content-style":"default","site-sidebar-style":"default","ast-global-header-display":"","ast-banner-title-visibility":"","ast-main-header-display":"","ast-hfb-above-header-display":"","ast-hfb-below-header-display":"","ast-hfb-mobile-header-display":"","site-post-title":"","ast-breadcrumbs-content":"","ast-featured-img":"","footer-sml-layout":"","theme-transparent-header-meta":"default","adv-header-id-meta":"","stick-header-meta":"default","header-above-stick-meta":"","header-main-stick-meta":"","header-below-stick-meta":"","astra-migrate-meta-layouts":"set","ast-page-background-enabled":"default","ast-page-background-meta":{"desktop":{"background-color":"","background-image":"","background-repeat":"repeat","background-position":"center center","background-size":"auto","background-attachment":"scroll","background-type":"","background-media":"","overlay-type":"","overlay-color":"","overlay-opacity":"","overlay-gradient":""},"tablet":{"background-color":"","background-image":"","background-repeat":"repeat","background-position":"center center","background-size":"auto","background-attachment":"scroll","background-type":"","background-media":"","overlay-type":"","overlay-color":"","overlay-opacity":"","overlay-gradient":""},"mobile":{"background-color":"","background-image":"","background-repeat":"repeat","background-position":"center center","background-size":"auto","background-attachment":"scroll","background-type":"","background-media":"","overlay-type":"","overlay-color":"","overlay-opacity":"","overlay-gradient":""}},"ast-content-background-meta":{"desktop":{"background-color":"var(--ast-global-color-5)","background-image":"","background-repeat":"repeat","background-position":"center center","background-size":"auto","background-attachment":"scroll","background-type":"","background-media":"","overlay-type":"","overlay-color":"","overlay-opacity":"","overlay-gradient":""},"tablet":{"background-color":"var(--ast-global-color-5)","background-image":"","background-repeat":"repeat","background-position":"center center","background-size":"auto","background-attachment":"scroll","background-type":"","background-media":"","overlay-type":"","overlay-color":"","overlay-opacity":"","overlay-gradient":""},"mobile":{"background-color":"var(--ast-global-color-5)","background-image":"","background-repeat":"repeat","background-position":"center center","background-size":"auto","background-attachment":"scroll","background-type":"","background-media":"","overlay-type":"","overlay-color":"","overlay-opacity":"","overlay-gradient":""}}},"product_brand":[],"product_cat":[209],"product_tag":[],"giftcard-category":[],"class_list":{"0":"post-5750","1":"product","2":"type-product","3":"status-publish","4":"has-post-thumbnail","6":"product_cat-asesoramiento-sueno-infantil","7":"desktop-align-left","8":"tablet-align-left","9":"mobile-align-left","10":"ast-product-gallery-layout-horizontal-slider","11":"ast-product-gallery-with-no-image","12":"ast-magnify-disabled","13":"ast-product-tabs-layout-horizontal","15":"first","16":"instock","17":"downloadable","18":"taxable","19":"shipping-taxable","20":"purchasable","21":"product-type-simple"},"yoast_head":"<!-- This site is optimized with the Yoast SEO plugin v26.6 - https:\/\/yoast.com\/wordpress\/plugins\/seo\/ -->\n<title>Asesoramiento en sue\u00f1o infantil a domicilio - Criand<\/title>\n<meta name=\"robots\" content=\"index, follow, max-snippet:-1, max-image-preview:large, max-video-preview:-1\" \/>\n<link rel=\"canonical\" href=\"https:\/\/criand.ad\/producto\/assessorament-en-son-infantil-presencial\/\" \/>\n<meta property=\"og:locale\" content=\"es_ES\" \/>\n<meta property=\"og:type\" content=\"article\" \/>\n<meta property=\"og:title\" content=\"Asesoramiento en sue\u00f1o infantil a domicilio - Criand\" \/>\n<meta property=\"og:description\" content=\"Dormir bien es esencial para el desarrollo, la salud y el bienestar de los ni\u00f1os\u2026 y tambi\u00e9n para el descanso de toda la familia. En Criand te acompa\u00f1amos para que las noches vuelvan a ser tranquilas.  La higiene del sue\u00f1o hace referencia a un conjunto de h\u00e1bitos, rutinas y condiciones que favorecen un descanso de calidad. A trav\u00e9s de una buena higiene del sue\u00f1o, podemos ayudar al beb\u00e9 o al ni\u00f1o\/a a dormirse con mayor facilidad y a dormir durante m\u00e1s horas seguidas, favoreciendo as\u00ed su correcto desarrollo y crecimiento.  Durante la visita te explicamos c\u00f3mo funciona el sue\u00f1o en las diferentes etapas del desarrollo: las necesidades de descanso seg\u00fan la edad, los ciclos del sue\u00f1o, los cambios naturales y c\u00f3mo adaptar las rutinas a cada momento evolutivo.  \u00bfA qu\u00e9 edades se dirige? Desde el nacimiento hasta la adolescencia.  \u00bfQu\u00e9 incluye la visita? Realizaremos una valoraci\u00f3n espec\u00edfica e individualizada del caso, a domicilio en Andorra, teniendo en cuenta la edad, los h\u00e1bitos, el entorno y la din\u00e1mica familiar. A partir de esta valoraci\u00f3n, te ofrecemos pautas personalizadas de rutinas y estrategias de higiene del sue\u00f1o para mejorar la calidad del descanso de tu hijo\/a, bas\u00e1ndonos en los problemas detectados y de forma integradora.  Seguimiento online: Para un acompa\u00f1amiento m\u00e1s completo, puedes optar por un paquete de 3 sesiones online con el fin de hacer el seguimiento de la evoluci\u00f3n del caso y ajustar las pautas seg\u00fan la respuesta del ni\u00f1o\/a.\" \/>\n<meta property=\"og:url\" content=\"https:\/\/criand.ad\/producto\/assessorament-en-son-infantil-presencial\/\" \/>\n<meta property=\"og:site_name\" content=\"Criand\" \/>\n<meta property=\"article:modified_time\" content=\"2025-10-17T18:03:36+00:00\" \/>\n<meta property=\"og:image\" content=\"https:\/\/criand.ad\/wp-content\/uploads\/2025\/10\/image.png\" \/>\n\t<meta property=\"og:image:width\" content=\"1280\" \/>\n\t<meta property=\"og:image:height\" content=\"720\" \/>\n\t<meta property=\"og:image:type\" content=\"image\/png\" \/>\n<meta name=\"twitter:card\" content=\"summary_large_image\" \/>\n<meta name=\"twitter:label1\" content=\"Tiempo de lectura\" \/>\n\t<meta name=\"twitter:data1\" content=\"1 minuto\" \/>\n<script type=\"application\/ld+json\" class=\"yoast-schema-graph\">{\"@context\":\"https:\/\/schema.org\",\"@graph\":[{\"@type\":\"WebPage\",\"@id\":\"https:\/\/criand.ad\/producto\/assessorament-en-son-infantil-presencial\/\",\"url\":\"https:\/\/criand.ad\/producto\/assessorament-en-son-infantil-presencial\/\",\"name\":\"Asesoramiento en sue\u00f1o infantil a domicilio - Criand\",\"isPartOf\":{\"@id\":\"https:\/\/criand.ad\/#website\"},\"primaryImageOfPage\":{\"@id\":\"https:\/\/criand.ad\/producto\/assessorament-en-son-infantil-presencial\/#primaryimage\"},\"image\":{\"@id\":\"https:\/\/criand.ad\/producto\/assessorament-en-son-infantil-presencial\/#primaryimage\"},\"thumbnailUrl\":\"https:\/\/criand.ad\/wp-content\/uploads\/2025\/10\/image.png\",\"datePublished\":\"2025-10-11T19:04:19+00:00\",\"dateModified\":\"2025-10-17T18:03:36+00:00\",\"breadcrumb\":{\"@id\":\"https:\/\/criand.ad\/producto\/assessorament-en-son-infantil-presencial\/#breadcrumb\"},\"inLanguage\":\"es\",\"potentialAction\":[{\"@type\":\"ReadAction\",\"target\":[\"https:\/\/criand.ad\/producto\/assessorament-en-son-infantil-presencial\/\"]}]},{\"@type\":\"ImageObject\",\"inLanguage\":\"es\",\"@id\":\"https:\/\/criand.ad\/producto\/assessorament-en-son-infantil-presencial\/#primaryimage\",\"url\":\"https:\/\/criand.ad\/wp-content\/uploads\/2025\/10\/image.png\",\"contentUrl\":\"https:\/\/criand.ad\/wp-content\/uploads\/2025\/10\/image.png\",\"width\":1280,\"height\":720},{\"@type\":\"BreadcrumbList\",\"@id\":\"https:\/\/criand.ad\/producto\/assessorament-en-son-infantil-presencial\/#breadcrumb\",\"itemListElement\":[{\"@type\":\"ListItem\",\"position\":1,\"name\":\"Inici\",\"item\":\"https:\/\/criand.ad\/es\/\"},{\"@type\":\"ListItem\",\"position\":2,\"name\":\"Productes\",\"item\":\"https:\/\/criand.ad\/shop\/\"},{\"@type\":\"ListItem\",\"position\":3,\"name\":\"Asesoramiento en sue\u00f1o infantil a domicilio\"}]},{\"@type\":\"WebSite\",\"@id\":\"https:\/\/criand.ad\/#website\",\"url\":\"https:\/\/criand.ad\/\",\"name\":\"CRIAND\",\"description\":\"Embar\u00e0s, Postpart i Crian\u00e7a\",\"publisher\":{\"@id\":\"https:\/\/criand.ad\/#organization\"},\"potentialAction\":[{\"@type\":\"SearchAction\",\"target\":{\"@type\":\"EntryPoint\",\"urlTemplate\":\"https:\/\/criand.ad\/?s={search_term_string}\"},\"query-input\":{\"@type\":\"PropertyValueSpecification\",\"valueRequired\":true,\"valueName\":\"search_term_string\"}}],\"inLanguage\":\"es\"},{\"@type\":\"Organization\",\"@id\":\"https:\/\/criand.ad\/#organization\",\"name\":\"CRIAND\",\"url\":\"https:\/\/criand.ad\/\",\"logo\":{\"@type\":\"ImageObject\",\"inLanguage\":\"es\",\"@id\":\"https:\/\/criand.ad\/#\/schema\/logo\/image\/\",\"url\":\"https:\/\/criand.ad\/wp-content\/uploads\/2025\/05\/cropped-logo-1.png\",\"contentUrl\":\"https:\/\/criand.ad\/wp-content\/uploads\/2025\/05\/cropped-logo-1.png\",\"width\":360,\"height\":218,\"caption\":\"CRIAND\"},\"image\":{\"@id\":\"https:\/\/criand.ad\/#\/schema\/logo\/image\/\"},\"sameAs\":[\"http:\/\/instagram.com\/criand.andorra\"]}]}<\/script>\n<!-- \/ Yoast SEO plugin. -->","yoast_head_json":{"title":"Asesoramiento en sue\u00f1o infantil a domicilio - Criand","robots":{"index":"index","follow":"follow","max-snippet":"max-snippet:-1","max-image-preview":"max-image-preview:large","max-video-preview":"max-video-preview:-1"},"canonical":"https:\/\/criand.ad\/producto\/assessorament-en-son-infantil-presencial\/","og_locale":"es_ES","og_type":"article","og_title":"Asesoramiento en sue\u00f1o infantil a domicilio - Criand","og_description":"Dormir bien es esencial para el desarrollo, la salud y el bienestar de los ni\u00f1os\u2026 y tambi\u00e9n para el descanso de toda la familia. En Criand te acompa\u00f1amos para que las noches vuelvan a ser tranquilas.  La higiene del sue\u00f1o hace referencia a un conjunto de h\u00e1bitos, rutinas y condiciones que favorecen un descanso de calidad. A trav\u00e9s de una buena higiene del sue\u00f1o, podemos ayudar al beb\u00e9 o al ni\u00f1o\/a a dormirse con mayor facilidad y a dormir durante m\u00e1s horas seguidas, favoreciendo as\u00ed su correcto desarrollo y crecimiento.  Durante la visita te explicamos c\u00f3mo funciona el sue\u00f1o en las diferentes etapas del desarrollo: las necesidades de descanso seg\u00fan la edad, los ciclos del sue\u00f1o, los cambios naturales y c\u00f3mo adaptar las rutinas a cada momento evolutivo.  \u00bfA qu\u00e9 edades se dirige? Desde el nacimiento hasta la adolescencia.  \u00bfQu\u00e9 incluye la visita? Realizaremos una valoraci\u00f3n espec\u00edfica e individualizada del caso, a domicilio en Andorra, teniendo en cuenta la edad, los h\u00e1bitos, el entorno y la din\u00e1mica familiar. A partir de esta valoraci\u00f3n, te ofrecemos pautas personalizadas de rutinas y estrategias de higiene del sue\u00f1o para mejorar la calidad del descanso de tu hijo\/a, bas\u00e1ndonos en los problemas detectados y de forma integradora.  Seguimiento online: Para un acompa\u00f1amiento m\u00e1s completo, puedes optar por un paquete de 3 sesiones online con el fin de hacer el seguimiento de la evoluci\u00f3n del caso y ajustar las pautas seg\u00fan la respuesta del ni\u00f1o\/a.","og_url":"https:\/\/criand.ad\/producto\/assessorament-en-son-infantil-presencial\/","og_site_name":"Criand","article_modified_time":"2025-10-17T18:03:36+00:00","og_image":[{"width":1280,"height":720,"url":"https:\/\/criand.ad\/wp-content\/uploads\/2025\/10\/image.png","type":"image\/png"}],"twitter_card":"summary_large_image","twitter_misc":{"Tiempo de lectura":"1 minuto"},"schema":{"@context":"https:\/\/schema.org","@graph":[{"@type":"WebPage","@id":"https:\/\/criand.ad\/producto\/assessorament-en-son-infantil-presencial\/","url":"https:\/\/criand.ad\/producto\/assessorament-en-son-infantil-presencial\/","name":"Asesoramiento en sue\u00f1o infantil a domicilio - Criand","isPartOf":{"@id":"https:\/\/criand.ad\/#website"},"primaryImageOfPage":{"@id":"https:\/\/criand.ad\/producto\/assessorament-en-son-infantil-presencial\/#primaryimage"},"image":{"@id":"https:\/\/criand.ad\/producto\/assessorament-en-son-infantil-presencial\/#primaryimage"},"thumbnailUrl":"https:\/\/criand.ad\/wp-content\/uploads\/2025\/10\/image.png","datePublished":"2025-10-11T19:04:19+00:00","dateModified":"2025-10-17T18:03:36+00:00","breadcrumb":{"@id":"https:\/\/criand.ad\/producto\/assessorament-en-son-infantil-presencial\/#breadcrumb"},"inLanguage":"es","potentialAction":[{"@type":"ReadAction","target":["https:\/\/criand.ad\/producto\/assessorament-en-son-infantil-presencial\/"]}]},{"@type":"ImageObject","inLanguage":"es","@id":"https:\/\/criand.ad\/producto\/assessorament-en-son-infantil-presencial\/#primaryimage","url":"https:\/\/criand.ad\/wp-content\/uploads\/2025\/10\/image.png","contentUrl":"https:\/\/criand.ad\/wp-content\/uploads\/2025\/10\/image.png","width":1280,"height":720},{"@type":"BreadcrumbList","@id":"https:\/\/criand.ad\/producto\/assessorament-en-son-infantil-presencial\/#breadcrumb","itemListElement":[{"@type":"ListItem","position":1,"name":"Inici","item":"https:\/\/criand.ad\/es\/"},{"@type":"ListItem","position":2,"name":"Productes","item":"https:\/\/criand.ad\/shop\/"},{"@type":"ListItem","position":3,"name":"Asesoramiento en sue\u00f1o infantil a domicilio"}]},{"@type":"WebSite","@id":"https:\/\/criand.ad\/#website","url":"https:\/\/criand.ad\/","name":"CRIAND","description":"Embar\u00e0s, Postpart i Crian\u00e7a","publisher":{"@id":"https:\/\/criand.ad\/#organization"},"potentialAction":[{"@type":"SearchAction","target":{"@type":"EntryPoint","urlTemplate":"https:\/\/criand.ad\/?s={search_term_string}"},"query-input":{"@type":"PropertyValueSpecification","valueRequired":true,"valueName":"search_term_string"}}],"inLanguage":"es"},{"@type":"Organization","@id":"https:\/\/criand.ad\/#organization","name":"CRIAND","url":"https:\/\/criand.ad\/","logo":{"@type":"ImageObject","inLanguage":"es","@id":"https:\/\/criand.ad\/#\/schema\/logo\/image\/","url":"https:\/\/criand.ad\/wp-content\/uploads\/2025\/05\/cropped-logo-1.png","contentUrl":"https:\/\/criand.ad\/wp-content\/uploads\/2025\/05\/cropped-logo-1.png","width":360,"height":218,"caption":"CRIAND"},"image":{"@id":"https:\/\/criand.ad\/#\/schema\/logo\/image\/"},"sameAs":["http:\/\/instagram.com\/criand.andorra"]}]}},"_links":{"self":[{"href":"https:\/\/criand.ad\/es\/wp-json\/wp\/v2\/product\/5750","targetHints":{"allow":["GET"]}}],"collection":[{"href":"https:\/\/criand.ad\/es\/wp-json\/wp\/v2\/product"}],"about":[{"href":"https:\/\/criand.ad\/es\/wp-json\/wp\/v2\/types\/product"}],"version-history":[{"count":0,"href":"https:\/\/criand.ad\/es\/wp-json\/wp\/v2\/product\/5750\/revisions"}],"wp:featuredmedia":[{"embeddable":true,"href":"https:\/\/criand.ad\/es\/wp-json\/wp\/v2\/media\/5715"}],"wp:attachment":[{"href":"https:\/\/criand.ad\/es\/wp-json\/wp\/v2\/media?parent=5750"}],"wp:term":[{"taxonomy":"product_brand","embeddable":true,"href":"https:\/\/criand.ad\/es\/wp-json\/wp\/v2\/product_brand?post=5750"},{"taxonomy":"product_cat","embeddable":true,"href":"https:\/\/criand.ad\/es\/wp-json\/wp\/v2\/product_cat?post=5750"},{"taxonomy":"product_tag","embeddable":true,"href":"https:\/\/criand.ad\/es\/wp-json\/wp\/v2\/product_tag?post=5750"},{"taxonomy":"giftcard-category","embeddable":true,"href":"https:\/\/criand.ad\/es\/wp-json\/wp\/v2\/giftcard-category?post=5750"}],"curies":[{"name":"wp","href":"https:\/\/api.w.org\/{rel}","templated":true}]}}