{"id":4983,"date":"2025-05-31T07:32:33","date_gmt":"2025-05-31T05:32:33","guid":{"rendered":"http:\/\/criand.ad\/?post_type=product&#038;p=4983"},"modified":"2025-10-27T14:55:36","modified_gmt":"2025-10-27T13:55:36","slug":"taller-de-porteig-nadons","status":"publish","type":"product","link":"https:\/\/criand.ad\/es\/producto\/taller-de-porteig-nadons\/","title":{"rendered":"Taller de porteig (nadons)"},"content":{"rendered":"<p data-pm-slice=\"0 0 []\">Al nostre taller no volem vendre&#8217;t un portanadons, sin\u00f3 que puguis tocar i provar diferents tipus de portanadons i escollir el que millor s\u2019adeq\u00fci a les vostres necessitats. Els tenim de tot tipus, marques i mides! Tamb\u00e9 us ajudarem a col\u00b7locar el vostre portanadons de manera que sigui comode pel nad\u00f3 i per vosaltres. En resum, el nostre objectiu \u00e9s que sortiu amb les idees clares sobre quins portanadons son o no adequats pel vostre nad\u00f3, i amb la seguretat i comoditat de saber com utilitzar-los!<\/p>\n<p>A m\u00e9s, com que s&#8217;acosta l&#8217;estiu us ensenyarem quins portanadons son adeq\u00fcats per l&#8217;estiu i com protegir els vostres nadons del sol.<\/p>\n<p>Al nostre taller hi son benvinguts pares, mares i nadons! Porteu els portanadons que tingueu a casa per poder-los probar i treure&#8217;n el m\u00e0xim profit!Com ja sabeu, acabarem el taller amb una petita sorpresa i molt de ritme!<\/p>\n<p><strong>El preu \u00e9s per unitat familiar<\/strong><\/p>\n<p><strong>LLOC:<\/strong> Roc Blanc<\/p>\n<p><strong>Dia i hora:<\/strong> 9 desembre 15h<\/p>\n<p>Si preferiblement podeu assistir sense cotxet, ser\u00e0 m\u00e9s pr\u00e0ctic, aix\u00ed en sortireu portejant amb plena seguretat!<\/p>\n","protected":false},"excerpt":{"rendered":"<p>T\u2019agradaria portejar el teu nad\u00f3 per\u00f2 no saps quin portanadons et pot anar millor?<\/p>\n<p>T\u2019han regalat un portanadons i no saps com col\u00b7locar-te\u2019l?<\/p>\n<p><strong>Vols saber-ne m\u00e9s sobre porteig?<\/strong><\/p>\n","protected":false},"featured_media":4527,"template":"","meta":{"site-sidebar-layout":"default","site-content-layout":"","ast-site-content-layout":"default","site-content-style":"default","site-sidebar-style":"default","ast-global-header-display":"","ast-banner-title-visibility":"","ast-main-header-display":"","ast-hfb-above-header-display":"","ast-hfb-below-header-display":"","ast-hfb-mobile-header-display":"","site-post-title":"","ast-breadcrumbs-content":"","ast-featured-img":"","footer-sml-layout":"","theme-transparent-header-meta":"default","adv-header-id-meta":"","stick-header-meta":"default","header-above-stick-meta":"","header-main-stick-meta":"","header-below-stick-meta":"","astra-migrate-meta-layouts":"set","ast-page-background-enabled":"default","ast-page-background-meta":{"desktop":{"background-color":"","background-image":"","background-repeat":"repeat","background-position":"center center","background-size":"auto","background-attachment":"scroll","background-type":"","background-media":"","overlay-type":"","overlay-color":"","overlay-opacity":"","overlay-gradient":""},"tablet":{"background-color":"","background-image":"","background-repeat":"repeat","background-position":"center center","background-size":"auto","background-attachment":"scroll","background-type":"","background-media":"","overlay-type":"","overlay-color":"","overlay-opacity":"","overlay-gradient":""},"mobile":{"background-color":"","background-image":"","background-repeat":"repeat","background-position":"center center","background-size":"auto","background-attachment":"scroll","background-type":"","background-media":"","overlay-type":"","overlay-color":"","overlay-opacity":"","overlay-gradient":""}},"ast-content-background-meta":{"desktop":{"background-color":"var(--ast-global-color-5)","background-image":"","background-repeat":"repeat","background-position":"center center","background-size":"auto","background-attachment":"scroll","background-type":"","background-media":"","overlay-type":"","overlay-color":"","overlay-opacity":"","overlay-gradient":""},"tablet":{"background-color":"var(--ast-global-color-5)","background-image":"","background-repeat":"repeat","background-position":"center center","background-size":"auto","background-attachment":"scroll","background-type":"","background-media":"","overlay-type":"","overlay-color":"","overlay-opacity":"","overlay-gradient":""},"mobile":{"background-color":"var(--ast-global-color-5)","background-image":"","background-repeat":"repeat","background-position":"center center","background-size":"auto","background-attachment":"scroll","background-type":"","background-media":"","overlay-type":"","overlay-color":"","overlay-opacity":"","overlay-gradient":""}}},"product_brand":[],"product_cat":[198],"product_tag":[148,199,149,192],"giftcard-category":[],"class_list":{"0":"post-4983","1":"product","2":"type-product","3":"status-publish","4":"has-post-thumbnail","6":"product_cat-sin-categorizar-es","7":"product_tag-nadons-0-3-mesos-es","8":"product_tag-nadons-3-6-mesos-es","9":"product_tag-nadons-6-12-mesos-es","10":"product_tag-post-part-es","11":"desktop-align-left","12":"tablet-align-left","13":"mobile-align-left","14":"ast-product-gallery-layout-horizontal-slider","15":"ast-product-gallery-with-no-image","16":"ast-magnify-disabled","17":"ast-product-tabs-layout-horizontal","19":"first","20":"outofstock","21":"virtual","22":"purchasable","23":"product-type-simple"},"yoast_head":"<!-- This site is optimized with the Yoast SEO plugin v26.6 - https:\/\/yoast.com\/wordpress\/plugins\/seo\/ -->\n<title>Taller de porteig (nadons) - Criand<\/title>\n<meta name=\"robots\" content=\"index, follow, max-snippet:-1, max-image-preview:large, max-video-preview:-1\" \/>\n<link rel=\"canonical\" href=\"https:\/\/criand.ad\/producto\/taller-de-porteig-nadons\/\" \/>\n<meta property=\"og:locale\" content=\"es_ES\" \/>\n<meta property=\"og:type\" content=\"article\" \/>\n<meta property=\"og:title\" content=\"Taller de porteig (nadons) - Criand\" \/>\n<meta property=\"og:description\" content=\"T\u2019agradaria portejar el teu nad\u00f3 per\u00f2 no saps quin portanadons et pot anar millor?  T\u2019han regalat un portanadons i no saps com col\u00b7locar-te\u2019l?  Vols saber-ne m\u00e9s sobre porteig?\" \/>\n<meta property=\"og:url\" content=\"https:\/\/criand.ad\/producto\/taller-de-porteig-nadons\/\" \/>\n<meta property=\"og:site_name\" content=\"Criand\" \/>\n<meta property=\"article:modified_time\" content=\"2025-10-27T13:55:36+00:00\" \/>\n<meta property=\"og:image\" content=\"https:\/\/criand.ad\/wp-content\/uploads\/2025\/05\/screen.jpg\" \/>\n\t<meta property=\"og:image:width\" content=\"800\" \/>\n\t<meta property=\"og:image:height\" content=\"533\" \/>\n\t<meta property=\"og:image:type\" content=\"image\/jpeg\" \/>\n<meta name=\"twitter:card\" content=\"summary_large_image\" \/>\n<meta name=\"twitter:label1\" content=\"Tiempo de lectura\" \/>\n\t<meta name=\"twitter:data1\" content=\"1 minuto\" \/>\n<script type=\"application\/ld+json\" class=\"yoast-schema-graph\">{\"@context\":\"https:\/\/schema.org\",\"@graph\":[{\"@type\":\"WebPage\",\"@id\":\"https:\/\/criand.ad\/producto\/taller-de-porteig-nadons\/\",\"url\":\"https:\/\/criand.ad\/producto\/taller-de-porteig-nadons\/\",\"name\":\"Taller de porteig (nadons) - Criand\",\"isPartOf\":{\"@id\":\"https:\/\/criand.ad\/#website\"},\"primaryImageOfPage\":{\"@id\":\"https:\/\/criand.ad\/producto\/taller-de-porteig-nadons\/#primaryimage\"},\"image\":{\"@id\":\"https:\/\/criand.ad\/producto\/taller-de-porteig-nadons\/#primaryimage\"},\"thumbnailUrl\":\"https:\/\/criand.ad\/wp-content\/uploads\/2025\/05\/screen.jpg\",\"datePublished\":\"2025-05-31T05:32:33+00:00\",\"dateModified\":\"2025-10-27T13:55:36+00:00\",\"breadcrumb\":{\"@id\":\"https:\/\/criand.ad\/producto\/taller-de-porteig-nadons\/#breadcrumb\"},\"inLanguage\":\"es\",\"potentialAction\":[{\"@type\":\"ReadAction\",\"target\":[\"https:\/\/criand.ad\/producto\/taller-de-porteig-nadons\/\"]}]},{\"@type\":\"ImageObject\",\"inLanguage\":\"es\",\"@id\":\"https:\/\/criand.ad\/producto\/taller-de-porteig-nadons\/#primaryimage\",\"url\":\"https:\/\/criand.ad\/wp-content\/uploads\/2025\/05\/screen.jpg\",\"contentUrl\":\"https:\/\/criand.ad\/wp-content\/uploads\/2025\/05\/screen.jpg\",\"width\":800,\"height\":533},{\"@type\":\"BreadcrumbList\",\"@id\":\"https:\/\/criand.ad\/producto\/taller-de-porteig-nadons\/#breadcrumb\",\"itemListElement\":[{\"@type\":\"ListItem\",\"position\":1,\"name\":\"Inici\",\"item\":\"https:\/\/criand.ad\/es\/\"},{\"@type\":\"ListItem\",\"position\":2,\"name\":\"Productes\",\"item\":\"https:\/\/criand.ad\/shop\/\"},{\"@type\":\"ListItem\",\"position\":3,\"name\":\"Taller de porteig (nadons)\"}]},{\"@type\":\"WebSite\",\"@id\":\"https:\/\/criand.ad\/#website\",\"url\":\"https:\/\/criand.ad\/\",\"name\":\"CRIAND\",\"description\":\"Embar\u00e0s, Postpart i Crian\u00e7a\",\"publisher\":{\"@id\":\"https:\/\/criand.ad\/#organization\"},\"potentialAction\":[{\"@type\":\"SearchAction\",\"target\":{\"@type\":\"EntryPoint\",\"urlTemplate\":\"https:\/\/criand.ad\/?s={search_term_string}\"},\"query-input\":{\"@type\":\"PropertyValueSpecification\",\"valueRequired\":true,\"valueName\":\"search_term_string\"}}],\"inLanguage\":\"es\"},{\"@type\":\"Organization\",\"@id\":\"https:\/\/criand.ad\/#organization\",\"name\":\"CRIAND\",\"url\":\"https:\/\/criand.ad\/\",\"logo\":{\"@type\":\"ImageObject\",\"inLanguage\":\"es\",\"@id\":\"https:\/\/criand.ad\/#\/schema\/logo\/image\/\",\"url\":\"https:\/\/criand.ad\/wp-content\/uploads\/2025\/05\/cropped-logo-1.png\",\"contentUrl\":\"https:\/\/criand.ad\/wp-content\/uploads\/2025\/05\/cropped-logo-1.png\",\"width\":360,\"height\":218,\"caption\":\"CRIAND\"},\"image\":{\"@id\":\"https:\/\/criand.ad\/#\/schema\/logo\/image\/\"},\"sameAs\":[\"http:\/\/instagram.com\/criand.andorra\"]}]}<\/script>\n<!-- \/ Yoast SEO plugin. -->","yoast_head_json":{"title":"Taller de porteig (nadons) - Criand","robots":{"index":"index","follow":"follow","max-snippet":"max-snippet:-1","max-image-preview":"max-image-preview:large","max-video-preview":"max-video-preview:-1"},"canonical":"https:\/\/criand.ad\/producto\/taller-de-porteig-nadons\/","og_locale":"es_ES","og_type":"article","og_title":"Taller de porteig (nadons) - Criand","og_description":"T\u2019agradaria portejar el teu nad\u00f3 per\u00f2 no saps quin portanadons et pot anar millor?  T\u2019han regalat un portanadons i no saps com col\u00b7locar-te\u2019l?  Vols saber-ne m\u00e9s sobre porteig?","og_url":"https:\/\/criand.ad\/producto\/taller-de-porteig-nadons\/","og_site_name":"Criand","article_modified_time":"2025-10-27T13:55:36+00:00","og_image":[{"width":800,"height":533,"url":"https:\/\/criand.ad\/wp-content\/uploads\/2025\/05\/screen.jpg","type":"image\/jpeg"}],"twitter_card":"summary_large_image","twitter_misc":{"Tiempo de lectura":"1 minuto"},"schema":{"@context":"https:\/\/schema.org","@graph":[{"@type":"WebPage","@id":"https:\/\/criand.ad\/producto\/taller-de-porteig-nadons\/","url":"https:\/\/criand.ad\/producto\/taller-de-porteig-nadons\/","name":"Taller de porteig (nadons) - Criand","isPartOf":{"@id":"https:\/\/criand.ad\/#website"},"primaryImageOfPage":{"@id":"https:\/\/criand.ad\/producto\/taller-de-porteig-nadons\/#primaryimage"},"image":{"@id":"https:\/\/criand.ad\/producto\/taller-de-porteig-nadons\/#primaryimage"},"thumbnailUrl":"https:\/\/criand.ad\/wp-content\/uploads\/2025\/05\/screen.jpg","datePublished":"2025-05-31T05:32:33+00:00","dateModified":"2025-10-27T13:55:36+00:00","breadcrumb":{"@id":"https:\/\/criand.ad\/producto\/taller-de-porteig-nadons\/#breadcrumb"},"inLanguage":"es","potentialAction":[{"@type":"ReadAction","target":["https:\/\/criand.ad\/producto\/taller-de-porteig-nadons\/"]}]},{"@type":"ImageObject","inLanguage":"es","@id":"https:\/\/criand.ad\/producto\/taller-de-porteig-nadons\/#primaryimage","url":"https:\/\/criand.ad\/wp-content\/uploads\/2025\/05\/screen.jpg","contentUrl":"https:\/\/criand.ad\/wp-content\/uploads\/2025\/05\/screen.jpg","width":800,"height":533},{"@type":"BreadcrumbList","@id":"https:\/\/criand.ad\/producto\/taller-de-porteig-nadons\/#breadcrumb","itemListElement":[{"@type":"ListItem","position":1,"name":"Inici","item":"https:\/\/criand.ad\/es\/"},{"@type":"ListItem","position":2,"name":"Productes","item":"https:\/\/criand.ad\/shop\/"},{"@type":"ListItem","position":3,"name":"Taller de porteig (nadons)"}]},{"@type":"WebSite","@id":"https:\/\/criand.ad\/#website","url":"https:\/\/criand.ad\/","name":"CRIAND","description":"Embar\u00e0s, Postpart i Crian\u00e7a","publisher":{"@id":"https:\/\/criand.ad\/#organization"},"potentialAction":[{"@type":"SearchAction","target":{"@type":"EntryPoint","urlTemplate":"https:\/\/criand.ad\/?s={search_term_string}"},"query-input":{"@type":"PropertyValueSpecification","valueRequired":true,"valueName":"search_term_string"}}],"inLanguage":"es"},{"@type":"Organization","@id":"https:\/\/criand.ad\/#organization","name":"CRIAND","url":"https:\/\/criand.ad\/","logo":{"@type":"ImageObject","inLanguage":"es","@id":"https:\/\/criand.ad\/#\/schema\/logo\/image\/","url":"https:\/\/criand.ad\/wp-content\/uploads\/2025\/05\/cropped-logo-1.png","contentUrl":"https:\/\/criand.ad\/wp-content\/uploads\/2025\/05\/cropped-logo-1.png","width":360,"height":218,"caption":"CRIAND"},"image":{"@id":"https:\/\/criand.ad\/#\/schema\/logo\/image\/"},"sameAs":["http:\/\/instagram.com\/criand.andorra"]}]}},"_links":{"self":[{"href":"https:\/\/criand.ad\/es\/wp-json\/wp\/v2\/product\/4983","targetHints":{"allow":["GET"]}}],"collection":[{"href":"https:\/\/criand.ad\/es\/wp-json\/wp\/v2\/product"}],"about":[{"href":"https:\/\/criand.ad\/es\/wp-json\/wp\/v2\/types\/product"}],"version-history":[{"count":0,"href":"https:\/\/criand.ad\/es\/wp-json\/wp\/v2\/product\/4983\/revisions"}],"wp:featuredmedia":[{"embeddable":true,"href":"https:\/\/criand.ad\/es\/wp-json\/wp\/v2\/media\/4527"}],"wp:attachment":[{"href":"https:\/\/criand.ad\/es\/wp-json\/wp\/v2\/media?parent=4983"}],"wp:term":[{"taxonomy":"product_brand","embeddable":true,"href":"https:\/\/criand.ad\/es\/wp-json\/wp\/v2\/product_brand?post=4983"},{"taxonomy":"product_cat","embeddable":true,"href":"https:\/\/criand.ad\/es\/wp-json\/wp\/v2\/product_cat?post=4983"},{"taxonomy":"product_tag","embeddable":true,"href":"https:\/\/criand.ad\/es\/wp-json\/wp\/v2\/product_tag?post=4983"},{"taxonomy":"giftcard-category","embeddable":true,"href":"https:\/\/criand.ad\/es\/wp-json\/wp\/v2\/giftcard-category?post=4983"}],"curies":[{"name":"wp","href":"https:\/\/api.w.org\/{rel}","templated":true}]}}