{"id":4961,"date":"2025-05-31T07:32:59","date_gmt":"2025-05-31T05:32:59","guid":{"rendered":"http:\/\/criand.ad\/producto\/visita-telematica-consultes-dubtes\/"},"modified":"2025-10-25T19:45:35","modified_gmt":"2025-10-25T17:45:35","slug":"consulta-online","status":"publish","type":"product","link":"https:\/\/criand.ad\/es\/producto\/consulta-online\/","title":{"rendered":"Consulta online"},"content":{"rendered":"<p>&nbsp;<\/p>\n<p>Ya sea durante el embarazo, como en el posparto, surgen muchas dudas sobre el bienestar y los cuidados en el <strong>embarazo, el parto, los cuidados del beb\u00e9, los cuidados de la madre, la lactancia<\/strong>\u2026 y, a medida que el beb\u00e9 vaya creciendo, sobre <strong>primeros auxilios<\/strong>, el <strong>baby led weaning<\/strong> o el <strong>sue\u00f1o infantil<\/strong>.<\/p>\n<p>En esta visita online valoraremos y daremos respuesta a vuestras necesidades de forma exclusiva e individualizada:<\/p>\n<ul>\n<li>Atenci\u00f3n personalizada:diagn\u00f3stico y soluciones adaptadas a tu familia.<\/li>\n<li>Comodidad:en tu casa, sin desplazamientos ni estr\u00e9s.<\/li>\n<li>Confidencialidad y escucha:un espacio seguro para expresar emociones y temores.<\/li>\n<li>Herramientas pr\u00e1cticas:trucos y actividades que puedes aplicar desde el primer d\u00eda.<\/li>\n<\/ul>\n<p><strong>Reserva cita o cons\u00faltanos en caso de dudas.<\/strong><\/p>\n<p>&nbsp;<\/p>\n","protected":false},"excerpt":{"rendered":"<p data-start=\"0\" data-end=\"149\"><strong data-start=\"0\" data-end=\"147\">Resolvemos tus dudas relacionadas con embarazo, lactancia y\/o postparto a trav\u00e9s de una consulta telem\u00e1tica personalizada, sin moverte de casa.<\/strong><\/p>\n<p data-start=\"151\" data-end=\"216\">Sin desplazamientos, en Andorra y en cualquier parte del mundo.<\/p>\n<p data-start=\"218\" data-end=\"282\" data-is-last-node=\"\" data-is-only-node=\"\"><strong data-start=\"218\" data-end=\"231\">Duraci\u00f3n:<\/strong> aproximadamente 1 hora, con adaptaci\u00f3n idiom\u00e1tica.<\/p>\n","protected":false},"featured_media":5798,"template":"","meta":{"site-sidebar-layout":"default","site-content-layout":"","ast-site-content-layout":"default","site-content-style":"default","site-sidebar-style":"default","ast-global-header-display":"","ast-banner-title-visibility":"","ast-main-header-display":"","ast-hfb-above-header-display":"","ast-hfb-below-header-display":"","ast-hfb-mobile-header-display":"","site-post-title":"","ast-breadcrumbs-content":"","ast-featured-img":"","footer-sml-layout":"","theme-transparent-header-meta":"default","adv-header-id-meta":"","stick-header-meta":"default","header-above-stick-meta":"","header-main-stick-meta":"","header-below-stick-meta":"","astra-migrate-meta-layouts":"set","ast-page-background-enabled":"default","ast-page-background-meta":{"desktop":{"background-color":"","background-image":"","background-repeat":"repeat","background-position":"center center","background-size":"auto","background-attachment":"scroll","background-type":"","background-media":"","overlay-type":"","overlay-color":"","overlay-opacity":"","overlay-gradient":""},"tablet":{"background-color":"","background-image":"","background-repeat":"repeat","background-position":"center center","background-size":"auto","background-attachment":"scroll","background-type":"","background-media":"","overlay-type":"","overlay-color":"","overlay-opacity":"","overlay-gradient":""},"mobile":{"background-color":"","background-image":"","background-repeat":"repeat","background-position":"center center","background-size":"auto","background-attachment":"scroll","background-type":"","background-media":"","overlay-type":"","overlay-color":"","overlay-opacity":"","overlay-gradient":""}},"ast-content-background-meta":{"desktop":{"background-color":"var(--ast-global-color-5)","background-image":"","background-repeat":"repeat","background-position":"center center","background-size":"auto","background-attachment":"scroll","background-type":"","background-media":"","overlay-type":"","overlay-color":"","overlay-opacity":"","overlay-gradient":""},"tablet":{"background-color":"var(--ast-global-color-5)","background-image":"","background-repeat":"repeat","background-position":"center center","background-size":"auto","background-attachment":"scroll","background-type":"","background-media":"","overlay-type":"","overlay-color":"","overlay-opacity":"","overlay-gradient":""},"mobile":{"background-color":"var(--ast-global-color-5)","background-image":"","background-repeat":"repeat","background-position":"center center","background-size":"auto","background-attachment":"scroll","background-type":"","background-media":"","overlay-type":"","overlay-color":"","overlay-opacity":"","overlay-gradient":""}}},"product_brand":[],"product_cat":[132],"product_tag":[133,134,155,191,171,135,195],"giftcard-category":[],"class_list":{"0":"post-4961","1":"product","2":"type-product","3":"status-publish","4":"has-post-thumbnail","6":"product_cat-asesoramiento-online","7":"product_tag-andorra-es","8":"product_tag-assessorament-es","9":"product_tag-embaras-es","10":"product_tag-lactancia-materna-es","11":"product_tag-llevadora-es","12":"product_tag-online-es","13":"product_tag-telematica-es","14":"desktop-align-left","15":"tablet-align-left","16":"mobile-align-left","17":"ast-product-gallery-layout-horizontal-slider","18":"ast-product-gallery-with-no-image","19":"ast-magnify-disabled","20":"ast-product-tabs-layout-horizontal","22":"first","23":"instock","24":"virtual","25":"purchasable","26":"product-type-simple"},"yoast_head":"<!-- This site is optimized with the Yoast SEO plugin v26.6 - https:\/\/yoast.com\/wordpress\/plugins\/seo\/ -->\n<title>Consulta online - Criand<\/title>\n<meta name=\"robots\" content=\"index, follow, max-snippet:-1, max-image-preview:large, max-video-preview:-1\" \/>\n<link rel=\"canonical\" href=\"https:\/\/criand.ad\/producto\/visita-consulta-online\/\" \/>\n<meta property=\"og:locale\" content=\"es_ES\" \/>\n<meta property=\"og:type\" content=\"article\" \/>\n<meta property=\"og:title\" content=\"Consulta online - Criand\" \/>\n<meta property=\"og:description\" content=\"Resolvemos tus dudas relacionadas con embarazo, lactancia y\/o postparto a trav\u00e9s de una consulta telem\u00e1tica personalizada, sin moverte de casa. Sin desplazamientos, en Andorra y en cualquier parte del mundo. Duraci\u00f3n: aproximadamente 1 hora, con adaptaci\u00f3n idiom\u00e1tica.\" \/>\n<meta property=\"og:url\" content=\"https:\/\/criand.ad\/producto\/visita-consulta-online\/\" \/>\n<meta property=\"og:site_name\" content=\"Criand\" \/>\n<meta property=\"article:modified_time\" content=\"2025-10-25T17:45:35+00:00\" \/>\n<meta property=\"og:image\" content=\"https:\/\/criand.ad\/wp-content\/uploads\/2025\/05\/IMG-20250724-WA0015.jpg\" \/>\n\t<meta property=\"og:image:width\" content=\"1468\" \/>\n\t<meta property=\"og:image:height\" content=\"2048\" \/>\n\t<meta property=\"og:image:type\" content=\"image\/jpeg\" \/>\n<meta name=\"twitter:card\" content=\"summary_large_image\" \/>\n<meta name=\"twitter:label1\" content=\"Tiempo de lectura\" \/>\n\t<meta name=\"twitter:data1\" content=\"1 minuto\" \/>\n<script type=\"application\/ld+json\" class=\"yoast-schema-graph\">{\"@context\":\"https:\/\/schema.org\",\"@graph\":[{\"@type\":\"WebPage\",\"@id\":\"https:\/\/criand.ad\/producto\/visita-consulta-online\/\",\"url\":\"https:\/\/criand.ad\/producto\/visita-consulta-online\/\",\"name\":\"Consulta online - Criand\",\"isPartOf\":{\"@id\":\"https:\/\/criand.ad\/#website\"},\"primaryImageOfPage\":{\"@id\":\"https:\/\/criand.ad\/producto\/visita-consulta-online\/#primaryimage\"},\"image\":{\"@id\":\"https:\/\/criand.ad\/producto\/visita-consulta-online\/#primaryimage\"},\"thumbnailUrl\":\"https:\/\/criand.ad\/wp-content\/uploads\/2025\/05\/IMG-20250724-WA0015.jpg\",\"datePublished\":\"2025-05-31T05:32:59+00:00\",\"dateModified\":\"2025-10-25T17:45:35+00:00\",\"breadcrumb\":{\"@id\":\"https:\/\/criand.ad\/producto\/visita-consulta-online\/#breadcrumb\"},\"inLanguage\":\"es\",\"potentialAction\":[{\"@type\":\"ReadAction\",\"target\":[\"https:\/\/criand.ad\/producto\/visita-consulta-online\/\"]}]},{\"@type\":\"ImageObject\",\"inLanguage\":\"es\",\"@id\":\"https:\/\/criand.ad\/producto\/visita-consulta-online\/#primaryimage\",\"url\":\"https:\/\/criand.ad\/wp-content\/uploads\/2025\/05\/IMG-20250724-WA0015.jpg\",\"contentUrl\":\"https:\/\/criand.ad\/wp-content\/uploads\/2025\/05\/IMG-20250724-WA0015.jpg\",\"width\":1468,\"height\":2048},{\"@type\":\"BreadcrumbList\",\"@id\":\"https:\/\/criand.ad\/producto\/visita-consulta-online\/#breadcrumb\",\"itemListElement\":[{\"@type\":\"ListItem\",\"position\":1,\"name\":\"Inici\",\"item\":\"https:\/\/criand.ad\/es\/\"},{\"@type\":\"ListItem\",\"position\":2,\"name\":\"Productes\",\"item\":\"https:\/\/criand.ad\/shop\/\"},{\"@type\":\"ListItem\",\"position\":3,\"name\":\"Consulta online\"}]},{\"@type\":\"WebSite\",\"@id\":\"https:\/\/criand.ad\/#website\",\"url\":\"https:\/\/criand.ad\/\",\"name\":\"CRIAND\",\"description\":\"Embar\u00e0s, Postpart i Crian\u00e7a\",\"publisher\":{\"@id\":\"https:\/\/criand.ad\/#organization\"},\"potentialAction\":[{\"@type\":\"SearchAction\",\"target\":{\"@type\":\"EntryPoint\",\"urlTemplate\":\"https:\/\/criand.ad\/?s={search_term_string}\"},\"query-input\":{\"@type\":\"PropertyValueSpecification\",\"valueRequired\":true,\"valueName\":\"search_term_string\"}}],\"inLanguage\":\"es\"},{\"@type\":\"Organization\",\"@id\":\"https:\/\/criand.ad\/#organization\",\"name\":\"CRIAND\",\"url\":\"https:\/\/criand.ad\/\",\"logo\":{\"@type\":\"ImageObject\",\"inLanguage\":\"es\",\"@id\":\"https:\/\/criand.ad\/#\/schema\/logo\/image\/\",\"url\":\"https:\/\/criand.ad\/wp-content\/uploads\/2025\/05\/cropped-logo-1.png\",\"contentUrl\":\"https:\/\/criand.ad\/wp-content\/uploads\/2025\/05\/cropped-logo-1.png\",\"width\":360,\"height\":218,\"caption\":\"CRIAND\"},\"image\":{\"@id\":\"https:\/\/criand.ad\/#\/schema\/logo\/image\/\"},\"sameAs\":[\"http:\/\/instagram.com\/criand.andorra\"]}]}<\/script>\n<!-- \/ Yoast SEO plugin. -->","yoast_head_json":{"title":"Consulta online - Criand","robots":{"index":"index","follow":"follow","max-snippet":"max-snippet:-1","max-image-preview":"max-image-preview:large","max-video-preview":"max-video-preview:-1"},"canonical":"https:\/\/criand.ad\/producto\/visita-consulta-online\/","og_locale":"es_ES","og_type":"article","og_title":"Consulta online - Criand","og_description":"Resolvemos tus dudas relacionadas con embarazo, lactancia y\/o postparto a trav\u00e9s de una consulta telem\u00e1tica personalizada, sin moverte de casa. Sin desplazamientos, en Andorra y en cualquier parte del mundo. Duraci\u00f3n: aproximadamente 1 hora, con adaptaci\u00f3n idiom\u00e1tica.","og_url":"https:\/\/criand.ad\/producto\/visita-consulta-online\/","og_site_name":"Criand","article_modified_time":"2025-10-25T17:45:35+00:00","og_image":[{"width":1468,"height":2048,"url":"https:\/\/criand.ad\/wp-content\/uploads\/2025\/05\/IMG-20250724-WA0015.jpg","type":"image\/jpeg"}],"twitter_card":"summary_large_image","twitter_misc":{"Tiempo de lectura":"1 minuto"},"schema":{"@context":"https:\/\/schema.org","@graph":[{"@type":"WebPage","@id":"https:\/\/criand.ad\/producto\/visita-consulta-online\/","url":"https:\/\/criand.ad\/producto\/visita-consulta-online\/","name":"Consulta online - Criand","isPartOf":{"@id":"https:\/\/criand.ad\/#website"},"primaryImageOfPage":{"@id":"https:\/\/criand.ad\/producto\/visita-consulta-online\/#primaryimage"},"image":{"@id":"https:\/\/criand.ad\/producto\/visita-consulta-online\/#primaryimage"},"thumbnailUrl":"https:\/\/criand.ad\/wp-content\/uploads\/2025\/05\/IMG-20250724-WA0015.jpg","datePublished":"2025-05-31T05:32:59+00:00","dateModified":"2025-10-25T17:45:35+00:00","breadcrumb":{"@id":"https:\/\/criand.ad\/producto\/visita-consulta-online\/#breadcrumb"},"inLanguage":"es","potentialAction":[{"@type":"ReadAction","target":["https:\/\/criand.ad\/producto\/visita-consulta-online\/"]}]},{"@type":"ImageObject","inLanguage":"es","@id":"https:\/\/criand.ad\/producto\/visita-consulta-online\/#primaryimage","url":"https:\/\/criand.ad\/wp-content\/uploads\/2025\/05\/IMG-20250724-WA0015.jpg","contentUrl":"https:\/\/criand.ad\/wp-content\/uploads\/2025\/05\/IMG-20250724-WA0015.jpg","width":1468,"height":2048},{"@type":"BreadcrumbList","@id":"https:\/\/criand.ad\/producto\/visita-consulta-online\/#breadcrumb","itemListElement":[{"@type":"ListItem","position":1,"name":"Inici","item":"https:\/\/criand.ad\/es\/"},{"@type":"ListItem","position":2,"name":"Productes","item":"https:\/\/criand.ad\/shop\/"},{"@type":"ListItem","position":3,"name":"Consulta online"}]},{"@type":"WebSite","@id":"https:\/\/criand.ad\/#website","url":"https:\/\/criand.ad\/","name":"CRIAND","description":"Embar\u00e0s, Postpart i Crian\u00e7a","publisher":{"@id":"https:\/\/criand.ad\/#organization"},"potentialAction":[{"@type":"SearchAction","target":{"@type":"EntryPoint","urlTemplate":"https:\/\/criand.ad\/?s={search_term_string}"},"query-input":{"@type":"PropertyValueSpecification","valueRequired":true,"valueName":"search_term_string"}}],"inLanguage":"es"},{"@type":"Organization","@id":"https:\/\/criand.ad\/#organization","name":"CRIAND","url":"https:\/\/criand.ad\/","logo":{"@type":"ImageObject","inLanguage":"es","@id":"https:\/\/criand.ad\/#\/schema\/logo\/image\/","url":"https:\/\/criand.ad\/wp-content\/uploads\/2025\/05\/cropped-logo-1.png","contentUrl":"https:\/\/criand.ad\/wp-content\/uploads\/2025\/05\/cropped-logo-1.png","width":360,"height":218,"caption":"CRIAND"},"image":{"@id":"https:\/\/criand.ad\/#\/schema\/logo\/image\/"},"sameAs":["http:\/\/instagram.com\/criand.andorra"]}]}},"_links":{"self":[{"href":"https:\/\/criand.ad\/es\/wp-json\/wp\/v2\/product\/4961","targetHints":{"allow":["GET"]}}],"collection":[{"href":"https:\/\/criand.ad\/es\/wp-json\/wp\/v2\/product"}],"about":[{"href":"https:\/\/criand.ad\/es\/wp-json\/wp\/v2\/types\/product"}],"version-history":[{"count":0,"href":"https:\/\/criand.ad\/es\/wp-json\/wp\/v2\/product\/4961\/revisions"}],"wp:featuredmedia":[{"embeddable":true,"href":"https:\/\/criand.ad\/es\/wp-json\/wp\/v2\/media\/5798"}],"wp:attachment":[{"href":"https:\/\/criand.ad\/es\/wp-json\/wp\/v2\/media?parent=4961"}],"wp:term":[{"taxonomy":"product_brand","embeddable":true,"href":"https:\/\/criand.ad\/es\/wp-json\/wp\/v2\/product_brand?post=4961"},{"taxonomy":"product_cat","embeddable":true,"href":"https:\/\/criand.ad\/es\/wp-json\/wp\/v2\/product_cat?post=4961"},{"taxonomy":"product_tag","embeddable":true,"href":"https:\/\/criand.ad\/es\/wp-json\/wp\/v2\/product_tag?post=4961"},{"taxonomy":"giftcard-category","embeddable":true,"href":"https:\/\/criand.ad\/es\/wp-json\/wp\/v2\/giftcard-category?post=4961"}],"curies":[{"name":"wp","href":"https:\/\/api.w.org\/{rel}","templated":true}]}}