{"id":4911,"date":"2025-05-31T07:32:33","date_gmt":"2025-05-31T05:32:33","guid":{"rendered":"http:\/\/criand.ad\/producto\/assessorament-individual-de-postpart-lactancia-i-o-preparacio-al-part-a-domicili\/"},"modified":"2025-10-25T19:56:32","modified_gmt":"2025-10-25T17:56:32","slug":"asesoramiento-individual-postparto","status":"publish","type":"product","link":"https:\/\/criand.ad\/es\/producto\/asesoramiento-individual-postparto\/","title":{"rendered":"Asesoramiento individual de postparto, lactancia y\/o preparaci\u00f3n al parto a domicilio"},"content":{"rendered":"<p>Durante el posparto surgen muchas dudas sobre el bienestar y <strong>\u00a0los cuidados del beb\u00e9, los cuidados de la madre, la lactancia<\/strong>\u2026 y, a medida que el beb\u00e9 vaya creciendo, sobre\u00a0<strong>primeros auxilios<\/strong>, el\u00a0<strong>baby led weaning<\/strong>\u00a0o el\u00a0<strong>sue\u00f1o infantil<\/strong>.<\/p>\n<p>En esta visita a domicilio valoraremos y daremos respuesta a vuestras necesidades de forma exclusiva e individualizada:<\/p>\n<ul>\n<li>Atenci\u00f3n personalizada:diagn\u00f3stico y soluciones adaptadas a tu familia.<\/li>\n<li>Comodidad:en tu casa, sin desplazamientos ni estr\u00e9s.<\/li>\n<li>Confidencialidad y escucha:un espacio seguro para expresar emociones y temores.<\/li>\n<li>Herramientas pr\u00e1cticas:trucos y actividades que puedes aplicar desde el primer d\u00eda.<\/li>\n<\/ul>\n<p><strong>Reserva cita o cons\u00faltanos en caso de dudas.<\/strong><\/p>\n","protected":false},"excerpt":{"rendered":"<p>\u00a1Bienvenidos a casa!<\/p>\n<p>Ahora bien, surgen muchas dudas sobre los cuidados del beb\u00e9, el ba\u00f1o, los cuidados de la madre, la lact\u00e1ncia, el sue\u00f1o\u2026<\/p>\n<p>En esta visita os guiaremos en todo lo que necesit\u00e9is.<\/p>\n<p><strong>Duraci\u00f3n: 1h30<\/strong><\/p>\n","protected":false},"featured_media":4541,"template":"","meta":{"site-sidebar-layout":"default","site-content-layout":"","ast-site-content-layout":"default","site-content-style":"default","site-sidebar-style":"default","ast-global-header-display":"","ast-banner-title-visibility":"","ast-main-header-display":"","ast-hfb-above-header-display":"","ast-hfb-below-header-display":"","ast-hfb-mobile-header-display":"","site-post-title":"","ast-breadcrumbs-content":"","ast-featured-img":"","footer-sml-layout":"","theme-transparent-header-meta":"default","adv-header-id-meta":"","stick-header-meta":"default","header-above-stick-meta":"","header-main-stick-meta":"","header-below-stick-meta":"","astra-migrate-meta-layouts":"set","ast-page-background-enabled":"default","ast-page-background-meta":{"desktop":{"background-color":"","background-image":"","background-repeat":"repeat","background-position":"center center","background-size":"auto","background-attachment":"scroll","background-type":"","background-media":"","overlay-type":"","overlay-color":"","overlay-opacity":"","overlay-gradient":""},"tablet":{"background-color":"","background-image":"","background-repeat":"repeat","background-position":"center center","background-size":"auto","background-attachment":"scroll","background-type":"","background-media":"","overlay-type":"","overlay-color":"","overlay-opacity":"","overlay-gradient":""},"mobile":{"background-color":"","background-image":"","background-repeat":"repeat","background-position":"center center","background-size":"auto","background-attachment":"scroll","background-type":"","background-media":"","overlay-type":"","overlay-color":"","overlay-opacity":"","overlay-gradient":""}},"ast-content-background-meta":{"desktop":{"background-color":"var(--ast-global-color-5)","background-image":"","background-repeat":"repeat","background-position":"center center","background-size":"auto","background-attachment":"scroll","background-type":"","background-media":"","overlay-type":"","overlay-color":"","overlay-opacity":"","overlay-gradient":""},"tablet":{"background-color":"var(--ast-global-color-5)","background-image":"","background-repeat":"repeat","background-position":"center center","background-size":"auto","background-attachment":"scroll","background-type":"","background-media":"","overlay-type":"","overlay-color":"","overlay-opacity":"","overlay-gradient":""},"mobile":{"background-color":"var(--ast-global-color-5)","background-image":"","background-repeat":"repeat","background-position":"center center","background-size":"auto","background-attachment":"scroll","background-type":"","background-media":"","overlay-type":"","overlay-color":"","overlay-opacity":"","overlay-gradient":""}}},"product_brand":[],"product_cat":[146,183,147],"product_tag":[],"giftcard-category":[],"class_list":{"0":"post-4911","1":"product","2":"type-product","3":"status-publish","4":"has-post-thumbnail","6":"product_cat-asesoramiento-presencial","7":"product_cat-lactancia-es","8":"product_cat-postparto","9":"desktop-align-left","10":"tablet-align-left","11":"mobile-align-left","12":"ast-product-gallery-layout-horizontal-slider","13":"ast-product-gallery-with-no-image","14":"ast-magnify-disabled","15":"ast-product-tabs-layout-horizontal","17":"first","18":"instock","19":"virtual","20":"purchasable","21":"product-type-simple"},"yoast_head":"<!-- This site is optimized with the Yoast SEO plugin v26.6 - https:\/\/yoast.com\/wordpress\/plugins\/seo\/ -->\n<title>Asesoramiento individual de postparto o preparaci\u00f3n al parto<\/title>\n<meta name=\"description\" content=\"En esta visita a domicilio os guiaremos en todo lo que necesit\u00e9is en el cuidado de tu beb\u00e9.\" \/>\n<meta name=\"robots\" content=\"index, follow, max-snippet:-1, max-image-preview:large, max-video-preview:-1\" \/>\n<link rel=\"canonical\" href=\"https:\/\/criand.ad\/producto\/assessorament-individual-postpart-lactancia-o-preparacio-part-domicili\/\" \/>\n<meta property=\"og:locale\" content=\"es_ES\" \/>\n<meta property=\"og:type\" content=\"article\" \/>\n<meta property=\"og:title\" content=\"Asesoramiento individual de postparto o preparaci\u00f3n al parto\" \/>\n<meta property=\"og:description\" content=\"En esta visita a domicilio os guiaremos en todo lo que necesit\u00e9is en el cuidado de tu beb\u00e9.\" \/>\n<meta property=\"og:url\" content=\"https:\/\/criand.ad\/producto\/assessorament-individual-postpart-lactancia-o-preparacio-part-domicili\/\" \/>\n<meta property=\"og:site_name\" content=\"Criand\" \/>\n<meta property=\"article:modified_time\" content=\"2025-10-25T17:56:32+00:00\" \/>\n<meta property=\"og:image\" content=\"https:\/\/criand.ad\/wp-content\/uploads\/2025\/05\/asesorar-lactanvcia.jpeg\" \/>\n\t<meta property=\"og:image:width\" content=\"800\" \/>\n\t<meta property=\"og:image:height\" content=\"533\" \/>\n\t<meta property=\"og:image:type\" content=\"image\/jpeg\" \/>\n<meta name=\"twitter:card\" content=\"summary_large_image\" \/>\n<meta name=\"twitter:label1\" content=\"Tiempo de lectura\" \/>\n\t<meta name=\"twitter:data1\" content=\"1 minuto\" \/>\n<script type=\"application\/ld+json\" class=\"yoast-schema-graph\">{\"@context\":\"https:\/\/schema.org\",\"@graph\":[{\"@type\":\"WebPage\",\"@id\":\"https:\/\/criand.ad\/producto\/assessorament-individual-postpart-lactancia-o-preparacio-part-domicili\/\",\"url\":\"https:\/\/criand.ad\/producto\/assessorament-individual-postpart-lactancia-o-preparacio-part-domicili\/\",\"name\":\"Asesoramiento individual de postparto o preparaci\u00f3n al parto\",\"isPartOf\":{\"@id\":\"https:\/\/criand.ad\/#website\"},\"primaryImageOfPage\":{\"@id\":\"https:\/\/criand.ad\/producto\/assessorament-individual-postpart-lactancia-o-preparacio-part-domicili\/#primaryimage\"},\"image\":{\"@id\":\"https:\/\/criand.ad\/producto\/assessorament-individual-postpart-lactancia-o-preparacio-part-domicili\/#primaryimage\"},\"thumbnailUrl\":\"https:\/\/criand.ad\/wp-content\/uploads\/2025\/05\/asesorar-lactanvcia.jpeg\",\"datePublished\":\"2025-05-31T05:32:33+00:00\",\"dateModified\":\"2025-10-25T17:56:32+00:00\",\"description\":\"En esta visita a domicilio os guiaremos en todo lo que necesit\u00e9is en el cuidado de tu beb\u00e9.\",\"breadcrumb\":{\"@id\":\"https:\/\/criand.ad\/producto\/assessorament-individual-postpart-lactancia-o-preparacio-part-domicili\/#breadcrumb\"},\"inLanguage\":\"es\",\"potentialAction\":[{\"@type\":\"ReadAction\",\"target\":[\"https:\/\/criand.ad\/producto\/assessorament-individual-postpart-lactancia-o-preparacio-part-domicili\/\"]}]},{\"@type\":\"ImageObject\",\"inLanguage\":\"es\",\"@id\":\"https:\/\/criand.ad\/producto\/assessorament-individual-postpart-lactancia-o-preparacio-part-domicili\/#primaryimage\",\"url\":\"https:\/\/criand.ad\/wp-content\/uploads\/2025\/05\/asesorar-lactanvcia.jpeg\",\"contentUrl\":\"https:\/\/criand.ad\/wp-content\/uploads\/2025\/05\/asesorar-lactanvcia.jpeg\",\"width\":800,\"height\":533},{\"@type\":\"BreadcrumbList\",\"@id\":\"https:\/\/criand.ad\/producto\/assessorament-individual-postpart-lactancia-o-preparacio-part-domicili\/#breadcrumb\",\"itemListElement\":[{\"@type\":\"ListItem\",\"position\":1,\"name\":\"Inici\",\"item\":\"https:\/\/criand.ad\/es\/\"},{\"@type\":\"ListItem\",\"position\":2,\"name\":\"Productes\",\"item\":\"https:\/\/criand.ad\/shop\/\"},{\"@type\":\"ListItem\",\"position\":3,\"name\":\"Asesoramiento individual de postparto, lactancia y\/o preparaci\u00f3n al parto a domicilio\"}]},{\"@type\":\"WebSite\",\"@id\":\"https:\/\/criand.ad\/#website\",\"url\":\"https:\/\/criand.ad\/\",\"name\":\"CRIAND\",\"description\":\"Embar\u00e0s, Postpart i Crian\u00e7a\",\"publisher\":{\"@id\":\"https:\/\/criand.ad\/#organization\"},\"potentialAction\":[{\"@type\":\"SearchAction\",\"target\":{\"@type\":\"EntryPoint\",\"urlTemplate\":\"https:\/\/criand.ad\/?s={search_term_string}\"},\"query-input\":{\"@type\":\"PropertyValueSpecification\",\"valueRequired\":true,\"valueName\":\"search_term_string\"}}],\"inLanguage\":\"es\"},{\"@type\":\"Organization\",\"@id\":\"https:\/\/criand.ad\/#organization\",\"name\":\"CRIAND\",\"url\":\"https:\/\/criand.ad\/\",\"logo\":{\"@type\":\"ImageObject\",\"inLanguage\":\"es\",\"@id\":\"https:\/\/criand.ad\/#\/schema\/logo\/image\/\",\"url\":\"https:\/\/criand.ad\/wp-content\/uploads\/2025\/05\/cropped-logo-1.png\",\"contentUrl\":\"https:\/\/criand.ad\/wp-content\/uploads\/2025\/05\/cropped-logo-1.png\",\"width\":360,\"height\":218,\"caption\":\"CRIAND\"},\"image\":{\"@id\":\"https:\/\/criand.ad\/#\/schema\/logo\/image\/\"},\"sameAs\":[\"http:\/\/instagram.com\/criand.andorra\"]}]}<\/script>\n<!-- \/ Yoast SEO plugin. -->","yoast_head_json":{"title":"Asesoramiento individual de postparto o preparaci\u00f3n al parto","description":"En esta visita a domicilio os guiaremos en todo lo que necesit\u00e9is en el cuidado de tu beb\u00e9.","robots":{"index":"index","follow":"follow","max-snippet":"max-snippet:-1","max-image-preview":"max-image-preview:large","max-video-preview":"max-video-preview:-1"},"canonical":"https:\/\/criand.ad\/producto\/assessorament-individual-postpart-lactancia-o-preparacio-part-domicili\/","og_locale":"es_ES","og_type":"article","og_title":"Asesoramiento individual de postparto o preparaci\u00f3n al parto","og_description":"En esta visita a domicilio os guiaremos en todo lo que necesit\u00e9is en el cuidado de tu beb\u00e9.","og_url":"https:\/\/criand.ad\/producto\/assessorament-individual-postpart-lactancia-o-preparacio-part-domicili\/","og_site_name":"Criand","article_modified_time":"2025-10-25T17:56:32+00:00","og_image":[{"width":800,"height":533,"url":"https:\/\/criand.ad\/wp-content\/uploads\/2025\/05\/asesorar-lactanvcia.jpeg","type":"image\/jpeg"}],"twitter_card":"summary_large_image","twitter_misc":{"Tiempo de lectura":"1 minuto"},"schema":{"@context":"https:\/\/schema.org","@graph":[{"@type":"WebPage","@id":"https:\/\/criand.ad\/producto\/assessorament-individual-postpart-lactancia-o-preparacio-part-domicili\/","url":"https:\/\/criand.ad\/producto\/assessorament-individual-postpart-lactancia-o-preparacio-part-domicili\/","name":"Asesoramiento individual de postparto o preparaci\u00f3n al parto","isPartOf":{"@id":"https:\/\/criand.ad\/#website"},"primaryImageOfPage":{"@id":"https:\/\/criand.ad\/producto\/assessorament-individual-postpart-lactancia-o-preparacio-part-domicili\/#primaryimage"},"image":{"@id":"https:\/\/criand.ad\/producto\/assessorament-individual-postpart-lactancia-o-preparacio-part-domicili\/#primaryimage"},"thumbnailUrl":"https:\/\/criand.ad\/wp-content\/uploads\/2025\/05\/asesorar-lactanvcia.jpeg","datePublished":"2025-05-31T05:32:33+00:00","dateModified":"2025-10-25T17:56:32+00:00","description":"En esta visita a domicilio os guiaremos en todo lo que necesit\u00e9is en el cuidado de tu beb\u00e9.","breadcrumb":{"@id":"https:\/\/criand.ad\/producto\/assessorament-individual-postpart-lactancia-o-preparacio-part-domicili\/#breadcrumb"},"inLanguage":"es","potentialAction":[{"@type":"ReadAction","target":["https:\/\/criand.ad\/producto\/assessorament-individual-postpart-lactancia-o-preparacio-part-domicili\/"]}]},{"@type":"ImageObject","inLanguage":"es","@id":"https:\/\/criand.ad\/producto\/assessorament-individual-postpart-lactancia-o-preparacio-part-domicili\/#primaryimage","url":"https:\/\/criand.ad\/wp-content\/uploads\/2025\/05\/asesorar-lactanvcia.jpeg","contentUrl":"https:\/\/criand.ad\/wp-content\/uploads\/2025\/05\/asesorar-lactanvcia.jpeg","width":800,"height":533},{"@type":"BreadcrumbList","@id":"https:\/\/criand.ad\/producto\/assessorament-individual-postpart-lactancia-o-preparacio-part-domicili\/#breadcrumb","itemListElement":[{"@type":"ListItem","position":1,"name":"Inici","item":"https:\/\/criand.ad\/es\/"},{"@type":"ListItem","position":2,"name":"Productes","item":"https:\/\/criand.ad\/shop\/"},{"@type":"ListItem","position":3,"name":"Asesoramiento individual de postparto, lactancia y\/o preparaci\u00f3n al parto a domicilio"}]},{"@type":"WebSite","@id":"https:\/\/criand.ad\/#website","url":"https:\/\/criand.ad\/","name":"CRIAND","description":"Embar\u00e0s, Postpart i Crian\u00e7a","publisher":{"@id":"https:\/\/criand.ad\/#organization"},"potentialAction":[{"@type":"SearchAction","target":{"@type":"EntryPoint","urlTemplate":"https:\/\/criand.ad\/?s={search_term_string}"},"query-input":{"@type":"PropertyValueSpecification","valueRequired":true,"valueName":"search_term_string"}}],"inLanguage":"es"},{"@type":"Organization","@id":"https:\/\/criand.ad\/#organization","name":"CRIAND","url":"https:\/\/criand.ad\/","logo":{"@type":"ImageObject","inLanguage":"es","@id":"https:\/\/criand.ad\/#\/schema\/logo\/image\/","url":"https:\/\/criand.ad\/wp-content\/uploads\/2025\/05\/cropped-logo-1.png","contentUrl":"https:\/\/criand.ad\/wp-content\/uploads\/2025\/05\/cropped-logo-1.png","width":360,"height":218,"caption":"CRIAND"},"image":{"@id":"https:\/\/criand.ad\/#\/schema\/logo\/image\/"},"sameAs":["http:\/\/instagram.com\/criand.andorra"]}]}},"_links":{"self":[{"href":"https:\/\/criand.ad\/es\/wp-json\/wp\/v2\/product\/4911","targetHints":{"allow":["GET"]}}],"collection":[{"href":"https:\/\/criand.ad\/es\/wp-json\/wp\/v2\/product"}],"about":[{"href":"https:\/\/criand.ad\/es\/wp-json\/wp\/v2\/types\/product"}],"version-history":[{"count":0,"href":"https:\/\/criand.ad\/es\/wp-json\/wp\/v2\/product\/4911\/revisions"}],"wp:featuredmedia":[{"embeddable":true,"href":"https:\/\/criand.ad\/es\/wp-json\/wp\/v2\/media\/4541"}],"wp:attachment":[{"href":"https:\/\/criand.ad\/es\/wp-json\/wp\/v2\/media?parent=4911"}],"wp:term":[{"taxonomy":"product_brand","embeddable":true,"href":"https:\/\/criand.ad\/es\/wp-json\/wp\/v2\/product_brand?post=4911"},{"taxonomy":"product_cat","embeddable":true,"href":"https:\/\/criand.ad\/es\/wp-json\/wp\/v2\/product_cat?post=4911"},{"taxonomy":"product_tag","embeddable":true,"href":"https:\/\/criand.ad\/es\/wp-json\/wp\/v2\/product_tag?post=4911"},{"taxonomy":"giftcard-category","embeddable":true,"href":"https:\/\/criand.ad\/es\/wp-json\/wp\/v2\/giftcard-category?post=4911"}],"curies":[{"name":"wp","href":"https:\/\/api.w.org\/{rel}","templated":true}]}}