{"id":4901,"date":"2025-05-31T07:32:59","date_gmt":"2025-05-31T05:32:59","guid":{"rendered":"http:\/\/criand.ad\/producto\/ebook-lactancia-materna-criand\/"},"modified":"2025-09-08T21:20:42","modified_gmt":"2025-09-08T21:20:42","slug":"ebook-lactancia-materna","status":"publish","type":"product","link":"https:\/\/criand.ad\/es\/producto\/ebook-lactancia-materna\/","title":{"rendered":"Ebook lactancia materna"},"content":{"rendered":"","protected":false},"excerpt":{"rendered":"<p data-start=\"0\" data-end=\"94\">Promover y apoyar la lactancia materna es uno de nuestros objetivos, entre otros, en CRIAND.<\/p>\n<p data-start=\"96\" data-end=\"232\">Desde Criand, hemos trabajado con dedicaci\u00f3n para recopilar toda la informaci\u00f3n indispensable para acompa\u00f1aros en vuestras lactancias.<\/p>\n<p data-start=\"234\" data-end=\"449\">En este ebook, hablaremos sobre la fisiolog\u00eda de la lactancia, los cambios en la producci\u00f3n de leche, los beneficios de la lactancia, t\u00e9cnicas de agarre, crisis de lactancia, extracci\u00f3n y conservaci\u00f3n de la leche\u2026<\/p>\n<p data-start=\"451\" data-end=\"497\" data-is-last-node=\"\" data-is-only-node=\"\">\u00a1Esperamos que os guste y que nos recomend\u00e9is!<\/p>\n","protected":false},"featured_media":4578,"template":"","meta":{"site-sidebar-layout":"default","site-content-layout":"","ast-site-content-layout":"default","site-content-style":"default","site-sidebar-style":"default","ast-global-header-display":"","ast-banner-title-visibility":"","ast-main-header-display":"","ast-hfb-above-header-display":"","ast-hfb-below-header-display":"","ast-hfb-mobile-header-display":"","site-post-title":"","ast-breadcrumbs-content":"","ast-featured-img":"","footer-sml-layout":"","theme-transparent-header-meta":"default","adv-header-id-meta":"","stick-header-meta":"default","header-above-stick-meta":"","header-main-stick-meta":"","header-below-stick-meta":"","astra-migrate-meta-layouts":"set","ast-page-background-enabled":"default","ast-page-background-meta":{"desktop":{"background-color":"","background-image":"","background-repeat":"repeat","background-position":"center center","background-size":"auto","background-attachment":"scroll","background-type":"","background-media":"","overlay-type":"","overlay-color":"","overlay-opacity":"","overlay-gradient":""},"tablet":{"background-color":"","background-image":"","background-repeat":"repeat","background-position":"center center","background-size":"auto","background-attachment":"scroll","background-type":"","background-media":"","overlay-type":"","overlay-color":"","overlay-opacity":"","overlay-gradient":""},"mobile":{"background-color":"","background-image":"","background-repeat":"repeat","background-position":"center center","background-size":"auto","background-attachment":"scroll","background-type":"","background-media":"","overlay-type":"","overlay-color":"","overlay-opacity":"","overlay-gradient":""}},"ast-content-background-meta":{"desktop":{"background-color":"var(--ast-global-color-5)","background-image":"","background-repeat":"repeat","background-position":"center center","background-size":"auto","background-attachment":"scroll","background-type":"","background-media":"","overlay-type":"","overlay-color":"","overlay-opacity":"","overlay-gradient":""},"tablet":{"background-color":"var(--ast-global-color-5)","background-image":"","background-repeat":"repeat","background-position":"center center","background-size":"auto","background-attachment":"scroll","background-type":"","background-media":"","overlay-type":"","overlay-color":"","overlay-opacity":"","overlay-gradient":""},"mobile":{"background-color":"var(--ast-global-color-5)","background-image":"","background-repeat":"repeat","background-position":"center center","background-size":"auto","background-attachment":"scroll","background-type":"","background-media":"","overlay-type":"","overlay-color":"","overlay-opacity":"","overlay-gradient":""}}},"product_brand":[],"product_cat":[132,177,183],"product_tag":[155,191,192,193],"giftcard-category":[],"class_list":{"0":"post-4901","1":"product","2":"type-product","3":"status-publish","4":"has-post-thumbnail","6":"product_cat-asesoramiento-online","7":"product_cat-ebook-es","8":"product_cat-lactancia-es","9":"product_tag-embaras-es","10":"product_tag-lactancia-materna-es","11":"product_tag-post-part-es","12":"product_tag-salut-femenina-es","13":"desktop-align-left","14":"tablet-align-left","15":"mobile-align-left","16":"ast-product-gallery-layout-horizontal-slider","17":"ast-product-gallery-with-no-image","18":"ast-magnify-disabled","19":"ast-product-tabs-layout-horizontal","21":"first","22":"instock","23":"downloadable","24":"virtual","25":"purchasable","26":"product-type-simple"},"yoast_head":"<!-- This site is optimized with the Yoast SEO plugin v26.6 - https:\/\/yoast.com\/wordpress\/plugins\/seo\/ -->\n<title>Ebook lactancia materna - Criand<\/title>\n<meta name=\"robots\" content=\"index, follow, max-snippet:-1, max-image-preview:large, max-video-preview:-1\" \/>\n<link rel=\"canonical\" href=\"https:\/\/criand.ad\/producto\/ebook-lactancia-materna-criand\/\" \/>\n<meta property=\"og:locale\" content=\"es_ES\" \/>\n<meta property=\"og:type\" content=\"article\" \/>\n<meta property=\"og:title\" content=\"Ebook lactancia materna - Criand\" \/>\n<meta property=\"og:description\" content=\"Promover y apoyar la lactancia materna es uno de nuestros objetivos, entre otros, en CRIAND. Desde Criand, hemos trabajado con dedicaci\u00f3n para recopilar toda la informaci\u00f3n indispensable para acompa\u00f1aros en vuestras lactancias. En este ebook, hablaremos sobre la fisiolog\u00eda de la lactancia, los cambios en la producci\u00f3n de leche, los beneficios de la lactancia, t\u00e9cnicas de agarre, crisis de lactancia, extracci\u00f3n y conservaci\u00f3n de la leche\u2026 \u00a1Esperamos que os guste y que nos recomend\u00e9is!\" \/>\n<meta property=\"og:url\" content=\"https:\/\/criand.ad\/producto\/ebook-lactancia-materna-criand\/\" \/>\n<meta property=\"og:site_name\" content=\"Criand\" \/>\n<meta property=\"article:modified_time\" content=\"2025-09-08T21:20:42+00:00\" \/>\n<meta property=\"og:image\" content=\"https:\/\/criand.ad\/wp-content\/uploads\/2025\/05\/1-3.png\" \/>\n\t<meta property=\"og:image:width\" content=\"512\" \/>\n\t<meta property=\"og:image:height\" content=\"800\" \/>\n\t<meta property=\"og:image:type\" content=\"image\/png\" \/>\n<meta name=\"twitter:card\" content=\"summary_large_image\" \/>\n<script type=\"application\/ld+json\" class=\"yoast-schema-graph\">{\"@context\":\"https:\/\/schema.org\",\"@graph\":[{\"@type\":\"WebPage\",\"@id\":\"https:\/\/criand.ad\/producto\/ebook-lactancia-materna-criand\/\",\"url\":\"https:\/\/criand.ad\/producto\/ebook-lactancia-materna-criand\/\",\"name\":\"Ebook lactancia materna - Criand\",\"isPartOf\":{\"@id\":\"https:\/\/criand.ad\/#website\"},\"primaryImageOfPage\":{\"@id\":\"https:\/\/criand.ad\/producto\/ebook-lactancia-materna-criand\/#primaryimage\"},\"image\":{\"@id\":\"https:\/\/criand.ad\/producto\/ebook-lactancia-materna-criand\/#primaryimage\"},\"thumbnailUrl\":\"https:\/\/criand.ad\/wp-content\/uploads\/2025\/05\/1-3.png\",\"datePublished\":\"2025-05-31T05:32:59+00:00\",\"dateModified\":\"2025-09-08T21:20:42+00:00\",\"breadcrumb\":{\"@id\":\"https:\/\/criand.ad\/producto\/ebook-lactancia-materna-criand\/#breadcrumb\"},\"inLanguage\":\"es\",\"potentialAction\":[{\"@type\":\"ReadAction\",\"target\":[\"https:\/\/criand.ad\/producto\/ebook-lactancia-materna-criand\/\"]}]},{\"@type\":\"ImageObject\",\"inLanguage\":\"es\",\"@id\":\"https:\/\/criand.ad\/producto\/ebook-lactancia-materna-criand\/#primaryimage\",\"url\":\"https:\/\/criand.ad\/wp-content\/uploads\/2025\/05\/1-3.png\",\"contentUrl\":\"https:\/\/criand.ad\/wp-content\/uploads\/2025\/05\/1-3.png\",\"width\":512,\"height\":800},{\"@type\":\"BreadcrumbList\",\"@id\":\"https:\/\/criand.ad\/producto\/ebook-lactancia-materna-criand\/#breadcrumb\",\"itemListElement\":[{\"@type\":\"ListItem\",\"position\":1,\"name\":\"Inici\",\"item\":\"https:\/\/criand.ad\/es\/\"},{\"@type\":\"ListItem\",\"position\":2,\"name\":\"Productes\",\"item\":\"https:\/\/criand.ad\/shop\/\"},{\"@type\":\"ListItem\",\"position\":3,\"name\":\"Ebook lactancia materna\"}]},{\"@type\":\"WebSite\",\"@id\":\"https:\/\/criand.ad\/#website\",\"url\":\"https:\/\/criand.ad\/\",\"name\":\"CRIAND\",\"description\":\"Embar\u00e0s, Postpart i Crian\u00e7a\",\"publisher\":{\"@id\":\"https:\/\/criand.ad\/#organization\"},\"potentialAction\":[{\"@type\":\"SearchAction\",\"target\":{\"@type\":\"EntryPoint\",\"urlTemplate\":\"https:\/\/criand.ad\/?s={search_term_string}\"},\"query-input\":{\"@type\":\"PropertyValueSpecification\",\"valueRequired\":true,\"valueName\":\"search_term_string\"}}],\"inLanguage\":\"es\"},{\"@type\":\"Organization\",\"@id\":\"https:\/\/criand.ad\/#organization\",\"name\":\"CRIAND\",\"url\":\"https:\/\/criand.ad\/\",\"logo\":{\"@type\":\"ImageObject\",\"inLanguage\":\"es\",\"@id\":\"https:\/\/criand.ad\/#\/schema\/logo\/image\/\",\"url\":\"https:\/\/criand.ad\/wp-content\/uploads\/2025\/05\/cropped-logo-1.png\",\"contentUrl\":\"https:\/\/criand.ad\/wp-content\/uploads\/2025\/05\/cropped-logo-1.png\",\"width\":360,\"height\":218,\"caption\":\"CRIAND\"},\"image\":{\"@id\":\"https:\/\/criand.ad\/#\/schema\/logo\/image\/\"},\"sameAs\":[\"http:\/\/instagram.com\/criand.andorra\"]}]}<\/script>\n<!-- \/ Yoast SEO plugin. -->","yoast_head_json":{"title":"Ebook lactancia materna - Criand","robots":{"index":"index","follow":"follow","max-snippet":"max-snippet:-1","max-image-preview":"max-image-preview:large","max-video-preview":"max-video-preview:-1"},"canonical":"https:\/\/criand.ad\/producto\/ebook-lactancia-materna-criand\/","og_locale":"es_ES","og_type":"article","og_title":"Ebook lactancia materna - Criand","og_description":"Promover y apoyar la lactancia materna es uno de nuestros objetivos, entre otros, en CRIAND. Desde Criand, hemos trabajado con dedicaci\u00f3n para recopilar toda la informaci\u00f3n indispensable para acompa\u00f1aros en vuestras lactancias. En este ebook, hablaremos sobre la fisiolog\u00eda de la lactancia, los cambios en la producci\u00f3n de leche, los beneficios de la lactancia, t\u00e9cnicas de agarre, crisis de lactancia, extracci\u00f3n y conservaci\u00f3n de la leche\u2026 \u00a1Esperamos que os guste y que nos recomend\u00e9is!","og_url":"https:\/\/criand.ad\/producto\/ebook-lactancia-materna-criand\/","og_site_name":"Criand","article_modified_time":"2025-09-08T21:20:42+00:00","og_image":[{"width":512,"height":800,"url":"https:\/\/criand.ad\/wp-content\/uploads\/2025\/05\/1-3.png","type":"image\/png"}],"twitter_card":"summary_large_image","schema":{"@context":"https:\/\/schema.org","@graph":[{"@type":"WebPage","@id":"https:\/\/criand.ad\/producto\/ebook-lactancia-materna-criand\/","url":"https:\/\/criand.ad\/producto\/ebook-lactancia-materna-criand\/","name":"Ebook lactancia materna - Criand","isPartOf":{"@id":"https:\/\/criand.ad\/#website"},"primaryImageOfPage":{"@id":"https:\/\/criand.ad\/producto\/ebook-lactancia-materna-criand\/#primaryimage"},"image":{"@id":"https:\/\/criand.ad\/producto\/ebook-lactancia-materna-criand\/#primaryimage"},"thumbnailUrl":"https:\/\/criand.ad\/wp-content\/uploads\/2025\/05\/1-3.png","datePublished":"2025-05-31T05:32:59+00:00","dateModified":"2025-09-08T21:20:42+00:00","breadcrumb":{"@id":"https:\/\/criand.ad\/producto\/ebook-lactancia-materna-criand\/#breadcrumb"},"inLanguage":"es","potentialAction":[{"@type":"ReadAction","target":["https:\/\/criand.ad\/producto\/ebook-lactancia-materna-criand\/"]}]},{"@type":"ImageObject","inLanguage":"es","@id":"https:\/\/criand.ad\/producto\/ebook-lactancia-materna-criand\/#primaryimage","url":"https:\/\/criand.ad\/wp-content\/uploads\/2025\/05\/1-3.png","contentUrl":"https:\/\/criand.ad\/wp-content\/uploads\/2025\/05\/1-3.png","width":512,"height":800},{"@type":"BreadcrumbList","@id":"https:\/\/criand.ad\/producto\/ebook-lactancia-materna-criand\/#breadcrumb","itemListElement":[{"@type":"ListItem","position":1,"name":"Inici","item":"https:\/\/criand.ad\/es\/"},{"@type":"ListItem","position":2,"name":"Productes","item":"https:\/\/criand.ad\/shop\/"},{"@type":"ListItem","position":3,"name":"Ebook lactancia materna"}]},{"@type":"WebSite","@id":"https:\/\/criand.ad\/#website","url":"https:\/\/criand.ad\/","name":"CRIAND","description":"Embar\u00e0s, Postpart i Crian\u00e7a","publisher":{"@id":"https:\/\/criand.ad\/#organization"},"potentialAction":[{"@type":"SearchAction","target":{"@type":"EntryPoint","urlTemplate":"https:\/\/criand.ad\/?s={search_term_string}"},"query-input":{"@type":"PropertyValueSpecification","valueRequired":true,"valueName":"search_term_string"}}],"inLanguage":"es"},{"@type":"Organization","@id":"https:\/\/criand.ad\/#organization","name":"CRIAND","url":"https:\/\/criand.ad\/","logo":{"@type":"ImageObject","inLanguage":"es","@id":"https:\/\/criand.ad\/#\/schema\/logo\/image\/","url":"https:\/\/criand.ad\/wp-content\/uploads\/2025\/05\/cropped-logo-1.png","contentUrl":"https:\/\/criand.ad\/wp-content\/uploads\/2025\/05\/cropped-logo-1.png","width":360,"height":218,"caption":"CRIAND"},"image":{"@id":"https:\/\/criand.ad\/#\/schema\/logo\/image\/"},"sameAs":["http:\/\/instagram.com\/criand.andorra"]}]}},"_links":{"self":[{"href":"https:\/\/criand.ad\/es\/wp-json\/wp\/v2\/product\/4901","targetHints":{"allow":["GET"]}}],"collection":[{"href":"https:\/\/criand.ad\/es\/wp-json\/wp\/v2\/product"}],"about":[{"href":"https:\/\/criand.ad\/es\/wp-json\/wp\/v2\/types\/product"}],"version-history":[{"count":0,"href":"https:\/\/criand.ad\/es\/wp-json\/wp\/v2\/product\/4901\/revisions"}],"wp:featuredmedia":[{"embeddable":true,"href":"https:\/\/criand.ad\/es\/wp-json\/wp\/v2\/media\/4578"}],"wp:attachment":[{"href":"https:\/\/criand.ad\/es\/wp-json\/wp\/v2\/media?parent=4901"}],"wp:term":[{"taxonomy":"product_brand","embeddable":true,"href":"https:\/\/criand.ad\/es\/wp-json\/wp\/v2\/product_brand?post=4901"},{"taxonomy":"product_cat","embeddable":true,"href":"https:\/\/criand.ad\/es\/wp-json\/wp\/v2\/product_cat?post=4901"},{"taxonomy":"product_tag","embeddable":true,"href":"https:\/\/criand.ad\/es\/wp-json\/wp\/v2\/product_tag?post=4901"},{"taxonomy":"giftcard-category","embeddable":true,"href":"https:\/\/criand.ad\/es\/wp-json\/wp\/v2\/giftcard-category?post=4901"}],"curies":[{"name":"wp","href":"https:\/\/api.w.org\/{rel}","templated":true}]}}