{"id":4877,"date":"2025-05-31T07:33:54","date_gmt":"2025-05-31T05:33:54","guid":{"rendered":"http:\/\/criand.ad\/producto\/ebook-criand-guia-de-lembaras\/"},"modified":"2025-09-08T21:07:25","modified_gmt":"2025-09-08T21:07:25","slug":"ebook-guia-embarazo","status":"publish","type":"product","link":"https:\/\/criand.ad\/es\/producto\/ebook-guia-embarazo\/","title":{"rendered":"Ebook &#8211; Guia del embarazo"},"content":{"rendered":"","protected":false},"excerpt":{"rendered":"<p data-start=\"0\" data-end=\"158\">El equipo de Criand ha creado esta gu\u00eda con la informaci\u00f3n y los consejos m\u00e1s relevantes para que vivas el embarazo de forma saludable, activa y consciente.<\/p>\n<p data-start=\"160\" data-end=\"267\" data-is-last-node=\"\" data-is-only-node=\"\">Alimentaci\u00f3n, actividad f\u00edsica, emociones, masaje perineal\u2026 \u00a1encontrar\u00e1s esto y mucho m\u00e1s en nuestro ebook!<\/p>\n","protected":false},"featured_media":4549,"template":"","meta":{"site-sidebar-layout":"default","site-content-layout":"","ast-site-content-layout":"default","site-content-style":"default","site-sidebar-style":"default","ast-global-header-display":"","ast-banner-title-visibility":"","ast-main-header-display":"","ast-hfb-above-header-display":"","ast-hfb-below-header-display":"","ast-hfb-mobile-header-display":"","site-post-title":"","ast-breadcrumbs-content":"","ast-featured-img":"","footer-sml-layout":"","theme-transparent-header-meta":"default","adv-header-id-meta":"","stick-header-meta":"default","header-above-stick-meta":"","header-main-stick-meta":"","header-below-stick-meta":"","astra-migrate-meta-layouts":"set","ast-page-background-enabled":"default","ast-page-background-meta":{"desktop":{"background-color":"","background-image":"","background-repeat":"repeat","background-position":"center center","background-size":"auto","background-attachment":"scroll","background-type":"","background-media":"","overlay-type":"","overlay-color":"","overlay-opacity":"","overlay-gradient":""},"tablet":{"background-color":"","background-image":"","background-repeat":"repeat","background-position":"center center","background-size":"auto","background-attachment":"scroll","background-type":"","background-media":"","overlay-type":"","overlay-color":"","overlay-opacity":"","overlay-gradient":""},"mobile":{"background-color":"","background-image":"","background-repeat":"repeat","background-position":"center center","background-size":"auto","background-attachment":"scroll","background-type":"","background-media":"","overlay-type":"","overlay-color":"","overlay-opacity":"","overlay-gradient":""}},"ast-content-background-meta":{"desktop":{"background-color":"var(--ast-global-color-5)","background-image":"","background-repeat":"repeat","background-position":"center center","background-size":"auto","background-attachment":"scroll","background-type":"","background-media":"","overlay-type":"","overlay-color":"","overlay-opacity":"","overlay-gradient":""},"tablet":{"background-color":"var(--ast-global-color-5)","background-image":"","background-repeat":"repeat","background-position":"center center","background-size":"auto","background-attachment":"scroll","background-type":"","background-media":"","overlay-type":"","overlay-color":"","overlay-opacity":"","overlay-gradient":""},"mobile":{"background-color":"var(--ast-global-color-5)","background-image":"","background-repeat":"repeat","background-position":"center center","background-size":"auto","background-attachment":"scroll","background-type":"","background-media":"","overlay-type":"","overlay-color":"","overlay-opacity":"","overlay-gradient":""}}},"product_brand":[],"product_cat":[132,177],"product_tag":[178,133,179,155,180,181],"giftcard-category":[],"class_list":{"0":"post-4877","1":"product","2":"type-product","3":"status-publish","4":"has-post-thumbnail","6":"product_cat-asesoramiento-online","7":"product_cat-ebook-es","8":"product_tag-alimentacio-es","9":"product_tag-andorra-es","10":"product_tag-ebook-es","11":"product_tag-embaras-es","12":"product_tag-guia-es","13":"product_tag-salut-es","14":"desktop-align-left","15":"tablet-align-left","16":"mobile-align-left","17":"ast-product-gallery-layout-horizontal-slider","18":"ast-product-gallery-with-no-image","19":"ast-magnify-disabled","20":"ast-product-tabs-layout-horizontal","22":"first","23":"instock","24":"downloadable","25":"virtual","26":"purchasable","27":"product-type-simple"},"yoast_head":"<!-- This site is optimized with the Yoast SEO plugin v26.6 - https:\/\/yoast.com\/wordpress\/plugins\/seo\/ -->\n<title>Ebook - Guia del embarazo - Criand<\/title>\n<meta name=\"robots\" content=\"index, follow, max-snippet:-1, max-image-preview:large, max-video-preview:-1\" \/>\n<link rel=\"canonical\" href=\"https:\/\/criand.ad\/producto\/ebook-criand-guia-de-lembaras\/\" \/>\n<meta property=\"og:locale\" content=\"es_ES\" \/>\n<meta property=\"og:type\" content=\"article\" \/>\n<meta property=\"og:title\" content=\"Ebook - Guia del embarazo - Criand\" \/>\n<meta property=\"og:description\" content=\"El equipo de Criand ha creado esta gu\u00eda con la informaci\u00f3n y los consejos m\u00e1s relevantes para que vivas el embarazo de forma saludable, activa y consciente. Alimentaci\u00f3n, actividad f\u00edsica, emociones, masaje perineal\u2026 \u00a1encontrar\u00e1s esto y mucho m\u00e1s en nuestro ebook!\" \/>\n<meta property=\"og:url\" content=\"https:\/\/criand.ad\/producto\/ebook-criand-guia-de-lembaras\/\" \/>\n<meta property=\"og:site_name\" content=\"Criand\" \/>\n<meta property=\"article:modified_time\" content=\"2025-09-08T21:07:25+00:00\" \/>\n<meta property=\"og:image\" content=\"https:\/\/criand.ad\/wp-content\/uploads\/2025\/05\/ebook-embaras-724x1024.png\" \/>\n\t<meta property=\"og:image:width\" content=\"724\" \/>\n\t<meta property=\"og:image:height\" content=\"1024\" \/>\n\t<meta property=\"og:image:type\" content=\"image\/png\" \/>\n<meta name=\"twitter:card\" content=\"summary_large_image\" \/>\n<script type=\"application\/ld+json\" class=\"yoast-schema-graph\">{\"@context\":\"https:\/\/schema.org\",\"@graph\":[{\"@type\":\"WebPage\",\"@id\":\"https:\/\/criand.ad\/producto\/ebook-criand-guia-de-lembaras\/\",\"url\":\"https:\/\/criand.ad\/producto\/ebook-criand-guia-de-lembaras\/\",\"name\":\"Ebook - Guia del embarazo - Criand\",\"isPartOf\":{\"@id\":\"https:\/\/criand.ad\/#website\"},\"primaryImageOfPage\":{\"@id\":\"https:\/\/criand.ad\/producto\/ebook-criand-guia-de-lembaras\/#primaryimage\"},\"image\":{\"@id\":\"https:\/\/criand.ad\/producto\/ebook-criand-guia-de-lembaras\/#primaryimage\"},\"thumbnailUrl\":\"https:\/\/criand.ad\/wp-content\/uploads\/2025\/05\/ebook-embaras.png\",\"datePublished\":\"2025-05-31T05:33:54+00:00\",\"dateModified\":\"2025-09-08T21:07:25+00:00\",\"breadcrumb\":{\"@id\":\"https:\/\/criand.ad\/producto\/ebook-criand-guia-de-lembaras\/#breadcrumb\"},\"inLanguage\":\"es\",\"potentialAction\":[{\"@type\":\"ReadAction\",\"target\":[\"https:\/\/criand.ad\/producto\/ebook-criand-guia-de-lembaras\/\"]}]},{\"@type\":\"ImageObject\",\"inLanguage\":\"es\",\"@id\":\"https:\/\/criand.ad\/producto\/ebook-criand-guia-de-lembaras\/#primaryimage\",\"url\":\"https:\/\/criand.ad\/wp-content\/uploads\/2025\/05\/ebook-embaras.png\",\"contentUrl\":\"https:\/\/criand.ad\/wp-content\/uploads\/2025\/05\/ebook-embaras.png\",\"width\":1414,\"height\":2000},{\"@type\":\"BreadcrumbList\",\"@id\":\"https:\/\/criand.ad\/producto\/ebook-criand-guia-de-lembaras\/#breadcrumb\",\"itemListElement\":[{\"@type\":\"ListItem\",\"position\":1,\"name\":\"Inici\",\"item\":\"https:\/\/criand.ad\/es\/\"},{\"@type\":\"ListItem\",\"position\":2,\"name\":\"Productes\",\"item\":\"https:\/\/criand.ad\/shop\/\"},{\"@type\":\"ListItem\",\"position\":3,\"name\":\"Ebook &#8211; Guia del embarazo\"}]},{\"@type\":\"WebSite\",\"@id\":\"https:\/\/criand.ad\/#website\",\"url\":\"https:\/\/criand.ad\/\",\"name\":\"CRIAND\",\"description\":\"Embar\u00e0s, Postpart i Crian\u00e7a\",\"publisher\":{\"@id\":\"https:\/\/criand.ad\/#organization\"},\"potentialAction\":[{\"@type\":\"SearchAction\",\"target\":{\"@type\":\"EntryPoint\",\"urlTemplate\":\"https:\/\/criand.ad\/?s={search_term_string}\"},\"query-input\":{\"@type\":\"PropertyValueSpecification\",\"valueRequired\":true,\"valueName\":\"search_term_string\"}}],\"inLanguage\":\"es\"},{\"@type\":\"Organization\",\"@id\":\"https:\/\/criand.ad\/#organization\",\"name\":\"CRIAND\",\"url\":\"https:\/\/criand.ad\/\",\"logo\":{\"@type\":\"ImageObject\",\"inLanguage\":\"es\",\"@id\":\"https:\/\/criand.ad\/#\/schema\/logo\/image\/\",\"url\":\"https:\/\/criand.ad\/wp-content\/uploads\/2025\/05\/cropped-logo-1.png\",\"contentUrl\":\"https:\/\/criand.ad\/wp-content\/uploads\/2025\/05\/cropped-logo-1.png\",\"width\":360,\"height\":218,\"caption\":\"CRIAND\"},\"image\":{\"@id\":\"https:\/\/criand.ad\/#\/schema\/logo\/image\/\"},\"sameAs\":[\"http:\/\/instagram.com\/criand.andorra\"]}]}<\/script>\n<!-- \/ Yoast SEO plugin. -->","yoast_head_json":{"title":"Ebook - Guia del embarazo - Criand","robots":{"index":"index","follow":"follow","max-snippet":"max-snippet:-1","max-image-preview":"max-image-preview:large","max-video-preview":"max-video-preview:-1"},"canonical":"https:\/\/criand.ad\/producto\/ebook-criand-guia-de-lembaras\/","og_locale":"es_ES","og_type":"article","og_title":"Ebook - Guia del embarazo - Criand","og_description":"El equipo de Criand ha creado esta gu\u00eda con la informaci\u00f3n y los consejos m\u00e1s relevantes para que vivas el embarazo de forma saludable, activa y consciente. Alimentaci\u00f3n, actividad f\u00edsica, emociones, masaje perineal\u2026 \u00a1encontrar\u00e1s esto y mucho m\u00e1s en nuestro ebook!","og_url":"https:\/\/criand.ad\/producto\/ebook-criand-guia-de-lembaras\/","og_site_name":"Criand","article_modified_time":"2025-09-08T21:07:25+00:00","og_image":[{"width":724,"height":1024,"url":"https:\/\/criand.ad\/wp-content\/uploads\/2025\/05\/ebook-embaras-724x1024.png","type":"image\/png"}],"twitter_card":"summary_large_image","schema":{"@context":"https:\/\/schema.org","@graph":[{"@type":"WebPage","@id":"https:\/\/criand.ad\/producto\/ebook-criand-guia-de-lembaras\/","url":"https:\/\/criand.ad\/producto\/ebook-criand-guia-de-lembaras\/","name":"Ebook - Guia del embarazo - Criand","isPartOf":{"@id":"https:\/\/criand.ad\/#website"},"primaryImageOfPage":{"@id":"https:\/\/criand.ad\/producto\/ebook-criand-guia-de-lembaras\/#primaryimage"},"image":{"@id":"https:\/\/criand.ad\/producto\/ebook-criand-guia-de-lembaras\/#primaryimage"},"thumbnailUrl":"https:\/\/criand.ad\/wp-content\/uploads\/2025\/05\/ebook-embaras.png","datePublished":"2025-05-31T05:33:54+00:00","dateModified":"2025-09-08T21:07:25+00:00","breadcrumb":{"@id":"https:\/\/criand.ad\/producto\/ebook-criand-guia-de-lembaras\/#breadcrumb"},"inLanguage":"es","potentialAction":[{"@type":"ReadAction","target":["https:\/\/criand.ad\/producto\/ebook-criand-guia-de-lembaras\/"]}]},{"@type":"ImageObject","inLanguage":"es","@id":"https:\/\/criand.ad\/producto\/ebook-criand-guia-de-lembaras\/#primaryimage","url":"https:\/\/criand.ad\/wp-content\/uploads\/2025\/05\/ebook-embaras.png","contentUrl":"https:\/\/criand.ad\/wp-content\/uploads\/2025\/05\/ebook-embaras.png","width":1414,"height":2000},{"@type":"BreadcrumbList","@id":"https:\/\/criand.ad\/producto\/ebook-criand-guia-de-lembaras\/#breadcrumb","itemListElement":[{"@type":"ListItem","position":1,"name":"Inici","item":"https:\/\/criand.ad\/es\/"},{"@type":"ListItem","position":2,"name":"Productes","item":"https:\/\/criand.ad\/shop\/"},{"@type":"ListItem","position":3,"name":"Ebook &#8211; Guia del embarazo"}]},{"@type":"WebSite","@id":"https:\/\/criand.ad\/#website","url":"https:\/\/criand.ad\/","name":"CRIAND","description":"Embar\u00e0s, Postpart i Crian\u00e7a","publisher":{"@id":"https:\/\/criand.ad\/#organization"},"potentialAction":[{"@type":"SearchAction","target":{"@type":"EntryPoint","urlTemplate":"https:\/\/criand.ad\/?s={search_term_string}"},"query-input":{"@type":"PropertyValueSpecification","valueRequired":true,"valueName":"search_term_string"}}],"inLanguage":"es"},{"@type":"Organization","@id":"https:\/\/criand.ad\/#organization","name":"CRIAND","url":"https:\/\/criand.ad\/","logo":{"@type":"ImageObject","inLanguage":"es","@id":"https:\/\/criand.ad\/#\/schema\/logo\/image\/","url":"https:\/\/criand.ad\/wp-content\/uploads\/2025\/05\/cropped-logo-1.png","contentUrl":"https:\/\/criand.ad\/wp-content\/uploads\/2025\/05\/cropped-logo-1.png","width":360,"height":218,"caption":"CRIAND"},"image":{"@id":"https:\/\/criand.ad\/#\/schema\/logo\/image\/"},"sameAs":["http:\/\/instagram.com\/criand.andorra"]}]}},"_links":{"self":[{"href":"https:\/\/criand.ad\/es\/wp-json\/wp\/v2\/product\/4877","targetHints":{"allow":["GET"]}}],"collection":[{"href":"https:\/\/criand.ad\/es\/wp-json\/wp\/v2\/product"}],"about":[{"href":"https:\/\/criand.ad\/es\/wp-json\/wp\/v2\/types\/product"}],"version-history":[{"count":0,"href":"https:\/\/criand.ad\/es\/wp-json\/wp\/v2\/product\/4877\/revisions"}],"wp:featuredmedia":[{"embeddable":true,"href":"https:\/\/criand.ad\/es\/wp-json\/wp\/v2\/media\/4549"}],"wp:attachment":[{"href":"https:\/\/criand.ad\/es\/wp-json\/wp\/v2\/media?parent=4877"}],"wp:term":[{"taxonomy":"product_brand","embeddable":true,"href":"https:\/\/criand.ad\/es\/wp-json\/wp\/v2\/product_brand?post=4877"},{"taxonomy":"product_cat","embeddable":true,"href":"https:\/\/criand.ad\/es\/wp-json\/wp\/v2\/product_cat?post=4877"},{"taxonomy":"product_tag","embeddable":true,"href":"https:\/\/criand.ad\/es\/wp-json\/wp\/v2\/product_tag?post=4877"},{"taxonomy":"giftcard-category","embeddable":true,"href":"https:\/\/criand.ad\/es\/wp-json\/wp\/v2\/giftcard-category?post=4877"}],"curies":[{"name":"wp","href":"https:\/\/api.w.org\/{rel}","templated":true}]}}