{"id":4846,"date":"2025-05-31T07:33:54","date_gmt":"2025-05-31T05:33:54","guid":{"rendered":"http:\/\/criand.ad\/producto\/pack-assessorament-embaras-i-postpart\/"},"modified":"2025-10-19T13:28:51","modified_gmt":"2025-10-19T11:28:51","slug":"pack-de-asesoramiento-embarazo-y-postparto","status":"publish","type":"product","link":"https:\/\/criand.ad\/es\/producto\/pack-de-asesoramiento-embarazo-y-postparto\/","title":{"rendered":"Pack de asesoramiento embarazo y postparto"},"content":{"rendered":"<article class=\"text-token-text-primary w-full focus:outline-none scroll-mt-[calc(var(--header-height)+min(200px,max(70px,20svh)))]\" dir=\"auto\" tabindex=\"-1\" data-turn-id=\"request-WEB:6da0a9de-3612-410f-88e1-504687fae880-25\" data-testid=\"conversation-turn-52\" data-scroll-anchor=\"true\" data-turn=\"assistant\">\n<div class=\"text-base my-auto mx-auto pb-10 [--thread-content-margin:--spacing(4)] thread-sm:[--thread-content-margin:--spacing(6)] thread-lg:[--thread-content-margin:--spacing(16)] px-(--thread-content-margin)\">\n<div class=\"[--thread-content-max-width:40rem] thread-sm:[--thread-content-max-width:40rem] thread-lg:[--thread-content-max-width:48rem] mx-auto max-w-(--thread-content-max-width) flex-1 group\/turn-messages focus-visible:outline-hidden relative flex w-full min-w-0 flex-col agent-turn\" tabindex=\"-1\">\n<div class=\"flex max-w-full flex-col grow\">\n<div class=\"min-h-8 text-message relative flex w-full flex-col items-end gap-2 text-start break-words whitespace-normal [.text-message+&amp;]:mt-5\" dir=\"auto\" data-message-author-role=\"assistant\" data-message-id=\"1e558386-9919-4518-917a-1dde268eea89\" data-message-model-slug=\"gpt-5-mini\">\n<div class=\"flex w-full flex-col gap-1 empty:hidden first:pt-[3px]\">\n<div class=\"markdown prose dark:prose-invert w-full break-words light markdown-new-styling\">\n<p data-start=\"170\" data-end=\"335\">Os presentamos el pack completo y exclusivo de seguimiento de embarazo y postparto a domicilio. Incluye <strong data-start=\"274\" data-end=\"289\">10 sesiones<\/strong> que pod\u00e9is usar seg\u00fan vuestras necesidades:<\/p>\n<ul data-start=\"337\" data-end=\"512\">\n<li data-start=\"337\" data-end=\"366\">\n<p data-start=\"339\" data-end=\"366\">Preparaci\u00f3n al nacimiento<\/p>\n<\/li>\n<li data-start=\"367\" data-end=\"395\">\n<p data-start=\"369\" data-end=\"395\">Seguimiento del embarazo<\/p>\n<\/li>\n<li data-start=\"396\" data-end=\"410\">\n<p data-start=\"398\" data-end=\"410\">Hipnoparto<\/p>\n<\/li>\n<li data-start=\"411\" data-end=\"441\">\n<p data-start=\"413\" data-end=\"441\">Asesoramiento en lactancia<\/p>\n<\/li>\n<li data-start=\"442\" data-end=\"469\">\n<p data-start=\"444\" data-end=\"469\">Asesoramiento en porteo<\/p>\n<\/li>\n<li data-start=\"470\" data-end=\"512\">\n<p data-start=\"472\" data-end=\"512\">Cuidados postparto y del reci\u00e9n nacido<\/p>\n<\/li>\n<\/ul>\n<p data-start=\"514\" data-end=\"607\">Adem\u00e1s, incluye seguimiento v\u00eda WhatsApp durante este per\u00edodo y nuestros e-books de regalo.<\/p>\n<p data-start=\"609\" data-end=\"658\" data-is-last-node=\"\" data-is-only-node=\"\"><strong>\u00a1No dud\u00e9is en consultarnos si ten\u00e9is alguna duda!<\/strong><\/p>\n<\/div>\n<\/div>\n<\/div>\n<\/div>\n<div class=\"flex min-h-[46px] justify-start\"><\/div>\n<\/div>\n<\/div>\n<\/article>\n","protected":false},"excerpt":{"rendered":"<p>Os presentamos el pack completo y exclusivo de seguimiento de embarazo y postparto a domicilio. Incluye 10 sesiones que pod\u00e9is usar seg\u00fan vuestras necesidades: Preparaci\u00f3n al nacimiento Seguimiento del embarazo Hipnoparto Asesoramiento en lactancia Asesoramiento en porteo Cuidados postparto y del reci\u00e9n nacido Adem\u00e1s, incluye seguimiento v\u00eda WhatsApp durante este per\u00edodo y nuestros e-books de [&hellip;]<\/p>\n","protected":false},"featured_media":4550,"template":"","meta":{"site-sidebar-layout":"default","site-content-layout":"","ast-site-content-layout":"default","site-content-style":"default","site-sidebar-style":"default","ast-global-header-display":"","ast-banner-title-visibility":"","ast-main-header-display":"","ast-hfb-above-header-display":"","ast-hfb-below-header-display":"","ast-hfb-mobile-header-display":"","site-post-title":"","ast-breadcrumbs-content":"","ast-featured-img":"","footer-sml-layout":"","theme-transparent-header-meta":"default","adv-header-id-meta":"","stick-header-meta":"default","header-above-stick-meta":"","header-main-stick-meta":"","header-below-stick-meta":"","astra-migrate-meta-layouts":"set","ast-page-background-enabled":"default","ast-page-background-meta":{"desktop":{"background-color":"","background-image":"","background-repeat":"repeat","background-position":"center center","background-size":"auto","background-attachment":"scroll","background-type":"","background-media":"","overlay-type":"","overlay-color":"","overlay-opacity":"","overlay-gradient":""},"tablet":{"background-color":"","background-image":"","background-repeat":"repeat","background-position":"center center","background-size":"auto","background-attachment":"scroll","background-type":"","background-media":"","overlay-type":"","overlay-color":"","overlay-opacity":"","overlay-gradient":""},"mobile":{"background-color":"","background-image":"","background-repeat":"repeat","background-position":"center center","background-size":"auto","background-attachment":"scroll","background-type":"","background-media":"","overlay-type":"","overlay-color":"","overlay-opacity":"","overlay-gradient":""}},"ast-content-background-meta":{"desktop":{"background-color":"var(--ast-global-color-5)","background-image":"","background-repeat":"repeat","background-position":"center center","background-size":"auto","background-attachment":"scroll","background-type":"","background-media":"","overlay-type":"","overlay-color":"","overlay-opacity":"","overlay-gradient":""},"tablet":{"background-color":"var(--ast-global-color-5)","background-image":"","background-repeat":"repeat","background-position":"center center","background-size":"auto","background-attachment":"scroll","background-type":"","background-media":"","overlay-type":"","overlay-color":"","overlay-opacity":"","overlay-gradient":""},"mobile":{"background-color":"var(--ast-global-color-5)","background-image":"","background-repeat":"repeat","background-position":"center center","background-size":"auto","background-attachment":"scroll","background-type":"","background-media":"","overlay-type":"","overlay-color":"","overlay-opacity":"","overlay-gradient":""}}},"product_brand":[],"product_cat":[146,154],"product_tag":[133,134,162,163,155,164,165,166,167],"giftcard-category":[],"class_list":{"0":"post-4846","1":"product","2":"type-product","3":"status-publish","4":"has-post-thumbnail","6":"product_cat-asesoramiento-presencial","7":"product_cat-embarazo","8":"product_tag-andorra-es","9":"product_tag-assessorament-es","10":"product_tag-cures-nado-es","11":"product_tag-domicili-es","12":"product_tag-embaras-es","13":"product_tag-lactancia-es","14":"product_tag-porteig-es","15":"product_tag-postpart-es","16":"product_tag-preparacio-al-part-es","17":"desktop-align-left","18":"tablet-align-left","19":"mobile-align-left","20":"ast-product-gallery-layout-horizontal-slider","21":"ast-product-gallery-with-no-image","22":"ast-magnify-disabled","23":"ast-product-tabs-layout-horizontal","25":"first","26":"instock","27":"downloadable","28":"virtual","29":"purchasable","30":"product-type-simple"},"yoast_head":"<!-- This site is optimized with the Yoast SEO plugin v26.6 - https:\/\/yoast.com\/wordpress\/plugins\/seo\/ -->\n<title>Pack de asesoramiento embarazo y postparto - Criand<\/title>\n<meta name=\"robots\" content=\"index, follow, max-snippet:-1, max-image-preview:large, max-video-preview:-1\" \/>\n<link rel=\"canonical\" href=\"https:\/\/criand.ad\/producto\/pack-assessorament-embaras-i-postpart\/\" \/>\n<meta property=\"og:locale\" content=\"es_ES\" \/>\n<meta property=\"og:type\" content=\"article\" \/>\n<meta property=\"og:title\" content=\"Pack de asesoramiento embarazo y postparto - Criand\" \/>\n<meta property=\"og:description\" content=\"Os presentamos el pack completo y exclusivo de seguimiento de embarazo y postparto a domicilio. Incluye 10 sesiones que pod\u00e9is usar seg\u00fan vuestras necesidades: Preparaci\u00f3n al nacimiento Seguimiento del embarazo Hipnoparto Asesoramiento en lactancia Asesoramiento en porteo Cuidados postparto y del reci\u00e9n nacido Adem\u00e1s, incluye seguimiento v\u00eda WhatsApp durante este per\u00edodo y nuestros e-books de [&hellip;]\" \/>\n<meta property=\"og:url\" content=\"https:\/\/criand.ad\/producto\/pack-assessorament-embaras-i-postpart\/\" \/>\n<meta property=\"og:site_name\" content=\"Criand\" \/>\n<meta property=\"article:modified_time\" content=\"2025-10-19T11:28:51+00:00\" \/>\n<meta property=\"og:image\" content=\"https:\/\/criand.ad\/wp-content\/uploads\/2025\/05\/35-pregnancy-photoshoot-ideas-to-enhance-your-pregnancy-07.webp\" \/>\n\t<meta property=\"og:image:width\" content=\"800\" \/>\n\t<meta property=\"og:image:height\" content=\"533\" \/>\n\t<meta property=\"og:image:type\" content=\"image\/webp\" \/>\n<meta name=\"twitter:card\" content=\"summary_large_image\" \/>\n<meta name=\"twitter:label1\" content=\"Tiempo de lectura\" \/>\n\t<meta name=\"twitter:data1\" content=\"1 minuto\" \/>\n<script type=\"application\/ld+json\" class=\"yoast-schema-graph\">{\"@context\":\"https:\/\/schema.org\",\"@graph\":[{\"@type\":\"WebPage\",\"@id\":\"https:\/\/criand.ad\/producto\/pack-assessorament-embaras-i-postpart\/\",\"url\":\"https:\/\/criand.ad\/producto\/pack-assessorament-embaras-i-postpart\/\",\"name\":\"Pack de asesoramiento embarazo y postparto - Criand\",\"isPartOf\":{\"@id\":\"https:\/\/criand.ad\/#website\"},\"primaryImageOfPage\":{\"@id\":\"https:\/\/criand.ad\/producto\/pack-assessorament-embaras-i-postpart\/#primaryimage\"},\"image\":{\"@id\":\"https:\/\/criand.ad\/producto\/pack-assessorament-embaras-i-postpart\/#primaryimage\"},\"thumbnailUrl\":\"https:\/\/criand.ad\/wp-content\/uploads\/2025\/05\/35-pregnancy-photoshoot-ideas-to-enhance-your-pregnancy-07.webp\",\"datePublished\":\"2025-05-31T05:33:54+00:00\",\"dateModified\":\"2025-10-19T11:28:51+00:00\",\"breadcrumb\":{\"@id\":\"https:\/\/criand.ad\/producto\/pack-assessorament-embaras-i-postpart\/#breadcrumb\"},\"inLanguage\":\"es\",\"potentialAction\":[{\"@type\":\"ReadAction\",\"target\":[\"https:\/\/criand.ad\/producto\/pack-assessorament-embaras-i-postpart\/\"]}]},{\"@type\":\"ImageObject\",\"inLanguage\":\"es\",\"@id\":\"https:\/\/criand.ad\/producto\/pack-assessorament-embaras-i-postpart\/#primaryimage\",\"url\":\"https:\/\/criand.ad\/wp-content\/uploads\/2025\/05\/35-pregnancy-photoshoot-ideas-to-enhance-your-pregnancy-07.webp\",\"contentUrl\":\"https:\/\/criand.ad\/wp-content\/uploads\/2025\/05\/35-pregnancy-photoshoot-ideas-to-enhance-your-pregnancy-07.webp\",\"width\":800,\"height\":533},{\"@type\":\"BreadcrumbList\",\"@id\":\"https:\/\/criand.ad\/producto\/pack-assessorament-embaras-i-postpart\/#breadcrumb\",\"itemListElement\":[{\"@type\":\"ListItem\",\"position\":1,\"name\":\"Inici\",\"item\":\"https:\/\/criand.ad\/es\/\"},{\"@type\":\"ListItem\",\"position\":2,\"name\":\"Productes\",\"item\":\"https:\/\/criand.ad\/shop\/\"},{\"@type\":\"ListItem\",\"position\":3,\"name\":\"Pack de asesoramiento embarazo y postparto\"}]},{\"@type\":\"WebSite\",\"@id\":\"https:\/\/criand.ad\/#website\",\"url\":\"https:\/\/criand.ad\/\",\"name\":\"CRIAND\",\"description\":\"Embar\u00e0s, Postpart i Crian\u00e7a\",\"publisher\":{\"@id\":\"https:\/\/criand.ad\/#organization\"},\"potentialAction\":[{\"@type\":\"SearchAction\",\"target\":{\"@type\":\"EntryPoint\",\"urlTemplate\":\"https:\/\/criand.ad\/?s={search_term_string}\"},\"query-input\":{\"@type\":\"PropertyValueSpecification\",\"valueRequired\":true,\"valueName\":\"search_term_string\"}}],\"inLanguage\":\"es\"},{\"@type\":\"Organization\",\"@id\":\"https:\/\/criand.ad\/#organization\",\"name\":\"CRIAND\",\"url\":\"https:\/\/criand.ad\/\",\"logo\":{\"@type\":\"ImageObject\",\"inLanguage\":\"es\",\"@id\":\"https:\/\/criand.ad\/#\/schema\/logo\/image\/\",\"url\":\"https:\/\/criand.ad\/wp-content\/uploads\/2025\/05\/cropped-logo-1.png\",\"contentUrl\":\"https:\/\/criand.ad\/wp-content\/uploads\/2025\/05\/cropped-logo-1.png\",\"width\":360,\"height\":218,\"caption\":\"CRIAND\"},\"image\":{\"@id\":\"https:\/\/criand.ad\/#\/schema\/logo\/image\/\"},\"sameAs\":[\"http:\/\/instagram.com\/criand.andorra\"]}]}<\/script>\n<!-- \/ Yoast SEO plugin. -->","yoast_head_json":{"title":"Pack de asesoramiento embarazo y postparto - Criand","robots":{"index":"index","follow":"follow","max-snippet":"max-snippet:-1","max-image-preview":"max-image-preview:large","max-video-preview":"max-video-preview:-1"},"canonical":"https:\/\/criand.ad\/producto\/pack-assessorament-embaras-i-postpart\/","og_locale":"es_ES","og_type":"article","og_title":"Pack de asesoramiento embarazo y postparto - Criand","og_description":"Os presentamos el pack completo y exclusivo de seguimiento de embarazo y postparto a domicilio. Incluye 10 sesiones que pod\u00e9is usar seg\u00fan vuestras necesidades: Preparaci\u00f3n al nacimiento Seguimiento del embarazo Hipnoparto Asesoramiento en lactancia Asesoramiento en porteo Cuidados postparto y del reci\u00e9n nacido Adem\u00e1s, incluye seguimiento v\u00eda WhatsApp durante este per\u00edodo y nuestros e-books de [&hellip;]","og_url":"https:\/\/criand.ad\/producto\/pack-assessorament-embaras-i-postpart\/","og_site_name":"Criand","article_modified_time":"2025-10-19T11:28:51+00:00","og_image":[{"width":800,"height":533,"url":"https:\/\/criand.ad\/wp-content\/uploads\/2025\/05\/35-pregnancy-photoshoot-ideas-to-enhance-your-pregnancy-07.webp","type":"image\/webp"}],"twitter_card":"summary_large_image","twitter_misc":{"Tiempo de lectura":"1 minuto"},"schema":{"@context":"https:\/\/schema.org","@graph":[{"@type":"WebPage","@id":"https:\/\/criand.ad\/producto\/pack-assessorament-embaras-i-postpart\/","url":"https:\/\/criand.ad\/producto\/pack-assessorament-embaras-i-postpart\/","name":"Pack de asesoramiento embarazo y postparto - Criand","isPartOf":{"@id":"https:\/\/criand.ad\/#website"},"primaryImageOfPage":{"@id":"https:\/\/criand.ad\/producto\/pack-assessorament-embaras-i-postpart\/#primaryimage"},"image":{"@id":"https:\/\/criand.ad\/producto\/pack-assessorament-embaras-i-postpart\/#primaryimage"},"thumbnailUrl":"https:\/\/criand.ad\/wp-content\/uploads\/2025\/05\/35-pregnancy-photoshoot-ideas-to-enhance-your-pregnancy-07.webp","datePublished":"2025-05-31T05:33:54+00:00","dateModified":"2025-10-19T11:28:51+00:00","breadcrumb":{"@id":"https:\/\/criand.ad\/producto\/pack-assessorament-embaras-i-postpart\/#breadcrumb"},"inLanguage":"es","potentialAction":[{"@type":"ReadAction","target":["https:\/\/criand.ad\/producto\/pack-assessorament-embaras-i-postpart\/"]}]},{"@type":"ImageObject","inLanguage":"es","@id":"https:\/\/criand.ad\/producto\/pack-assessorament-embaras-i-postpart\/#primaryimage","url":"https:\/\/criand.ad\/wp-content\/uploads\/2025\/05\/35-pregnancy-photoshoot-ideas-to-enhance-your-pregnancy-07.webp","contentUrl":"https:\/\/criand.ad\/wp-content\/uploads\/2025\/05\/35-pregnancy-photoshoot-ideas-to-enhance-your-pregnancy-07.webp","width":800,"height":533},{"@type":"BreadcrumbList","@id":"https:\/\/criand.ad\/producto\/pack-assessorament-embaras-i-postpart\/#breadcrumb","itemListElement":[{"@type":"ListItem","position":1,"name":"Inici","item":"https:\/\/criand.ad\/es\/"},{"@type":"ListItem","position":2,"name":"Productes","item":"https:\/\/criand.ad\/shop\/"},{"@type":"ListItem","position":3,"name":"Pack de asesoramiento embarazo y postparto"}]},{"@type":"WebSite","@id":"https:\/\/criand.ad\/#website","url":"https:\/\/criand.ad\/","name":"CRIAND","description":"Embar\u00e0s, Postpart i Crian\u00e7a","publisher":{"@id":"https:\/\/criand.ad\/#organization"},"potentialAction":[{"@type":"SearchAction","target":{"@type":"EntryPoint","urlTemplate":"https:\/\/criand.ad\/?s={search_term_string}"},"query-input":{"@type":"PropertyValueSpecification","valueRequired":true,"valueName":"search_term_string"}}],"inLanguage":"es"},{"@type":"Organization","@id":"https:\/\/criand.ad\/#organization","name":"CRIAND","url":"https:\/\/criand.ad\/","logo":{"@type":"ImageObject","inLanguage":"es","@id":"https:\/\/criand.ad\/#\/schema\/logo\/image\/","url":"https:\/\/criand.ad\/wp-content\/uploads\/2025\/05\/cropped-logo-1.png","contentUrl":"https:\/\/criand.ad\/wp-content\/uploads\/2025\/05\/cropped-logo-1.png","width":360,"height":218,"caption":"CRIAND"},"image":{"@id":"https:\/\/criand.ad\/#\/schema\/logo\/image\/"},"sameAs":["http:\/\/instagram.com\/criand.andorra"]}]}},"_links":{"self":[{"href":"https:\/\/criand.ad\/es\/wp-json\/wp\/v2\/product\/4846","targetHints":{"allow":["GET"]}}],"collection":[{"href":"https:\/\/criand.ad\/es\/wp-json\/wp\/v2\/product"}],"about":[{"href":"https:\/\/criand.ad\/es\/wp-json\/wp\/v2\/types\/product"}],"version-history":[{"count":0,"href":"https:\/\/criand.ad\/es\/wp-json\/wp\/v2\/product\/4846\/revisions"}],"wp:featuredmedia":[{"embeddable":true,"href":"https:\/\/criand.ad\/es\/wp-json\/wp\/v2\/media\/4550"}],"wp:attachment":[{"href":"https:\/\/criand.ad\/es\/wp-json\/wp\/v2\/media?parent=4846"}],"wp:term":[{"taxonomy":"product_brand","embeddable":true,"href":"https:\/\/criand.ad\/es\/wp-json\/wp\/v2\/product_brand?post=4846"},{"taxonomy":"product_cat","embeddable":true,"href":"https:\/\/criand.ad\/es\/wp-json\/wp\/v2\/product_cat?post=4846"},{"taxonomy":"product_tag","embeddable":true,"href":"https:\/\/criand.ad\/es\/wp-json\/wp\/v2\/product_tag?post=4846"},{"taxonomy":"giftcard-category","embeddable":true,"href":"https:\/\/criand.ad\/es\/wp-json\/wp\/v2\/giftcard-category?post=4846"}],"curies":[{"name":"wp","href":"https:\/\/api.w.org\/{rel}","templated":true}]}}