{"id":4813,"date":"2025-05-31T07:31:22","date_gmt":"2025-05-31T05:31:22","guid":{"rendered":"http:\/\/criand.ad\/producto\/taller-individual-de-primers-auxilis-en-pediatria\/"},"modified":"2025-12-30T09:35:53","modified_gmt":"2025-12-30T08:35:53","slug":"taller-individual-de-primers-auxilis-en-pediatria","status":"publish","type":"product","link":"https:\/\/criand.ad\/es\/producto\/taller-individual-de-primers-auxilis-en-pediatria\/","title":{"rendered":"Asesoramiento individual en primeros auxilios en pediatr\u00eda"},"content":{"rendered":"","protected":false},"excerpt":{"rendered":"<p data-start=\"96\" data-end=\"208\"><strong data-start=\"96\" data-end=\"206\">\u00bfY si ma\u00f1ana tu hijo se atraganta, se cae, sangra por la nariz o tiene una convulsi\u00f3n\u2026 sabr\u00edas reaccionar?<\/strong><\/p>\n<p data-start=\"210\" data-end=\"504\">Cuando ocurre una urgencia, no hay tiempo para dudar. Por eso hemos creado este taller de urgencias pedi\u00e1tricas a domicilio, disponible en Andorra o Castell\u00f3n y alrededores, para que cualquier familia pueda aprender a actuar con seguridad y rapidez en las situaciones que generan m\u00e1s nervios.<\/p>\n<p data-start=\"506\" data-end=\"664\">Es una experiencia pr\u00e1ctica e inmersiva, con role playing y simulaci\u00f3n realista, dise\u00f1ada para que pod\u00e1is aplicar los primeros auxilios desde el primer d\u00eda.<\/p>\n<p data-start=\"666\" data-end=\"730\">Trabajaremos los temas clave que toda familia deber\u00eda dominar:<\/p>\n<ul data-start=\"732\" data-end=\"1195\">\n<li data-start=\"732\" data-end=\"825\">\n<p data-start=\"734\" data-end=\"825\"><strong data-start=\"734\" data-end=\"745\">Fiebre:<\/strong> c\u00f3mo gestionarla correctamente, cu\u00e1ndo consultar y qu\u00e9 mitos hay que olvidar.<\/p>\n<\/li>\n<li data-start=\"826\" data-end=\"893\">\n<p data-start=\"828\" data-end=\"893\"><strong data-start=\"828\" data-end=\"849\">Atragantamientos:<\/strong> prevenci\u00f3n y maniobras de desobstrucci\u00f3n.<\/p>\n<\/li>\n<li data-start=\"894\" data-end=\"959\">\n<p data-start=\"896\" data-end=\"959\"><strong data-start=\"896\" data-end=\"913\">Convulsiones:<\/strong> c\u00f3mo identificarlas y actuar con seguridad.<\/p>\n<\/li>\n<li data-start=\"960\" data-end=\"1046\">\n<p data-start=\"962\" data-end=\"1046\"><strong data-start=\"962\" data-end=\"993\">Contusiones y traumatismos:<\/strong> qu\u00e9 hacer ante golpes, ca\u00eddas o posibles lesiones.<\/p>\n<\/li>\n<li data-start=\"1047\" data-end=\"1115\">\n<p data-start=\"1049\" data-end=\"1115\"><strong data-start=\"1049\" data-end=\"1074\">Heridas y quemaduras:<\/strong> actuaci\u00f3n correcta y cuidados b\u00e1sicos.<\/p>\n<\/li>\n<li data-start=\"1116\" data-end=\"1195\">\n<p data-start=\"1118\" data-end=\"1195\"><strong data-start=\"1118\" data-end=\"1149\">Epistaxis (sangrado nasal):<\/strong> t\u00e9cnicas simples y eficaces para detenerlo.<\/p>\n<\/li>\n<\/ul>\n<p data-start=\"1197\" data-end=\"1297\">Incluye un resumen en PDF y una infograf\u00eda de primeros auxilios para tener siempre a mano en casa.<\/p>\n<p data-start=\"1299\" data-end=\"1337\"><strong data-start=\"1299\" data-end=\"1323\">Duraci\u00f3n aproximada:<\/strong> 90 minutos.<\/p>\n","protected":false},"featured_media":4569,"template":"","meta":{"site-sidebar-layout":"no-sidebar","site-content-layout":"page-builder","ast-site-content-layout":"normal-width-container","site-content-style":"default","site-sidebar-style":"default","ast-global-header-display":"","ast-banner-title-visibility":"","ast-main-header-display":"","ast-hfb-above-header-display":"","ast-hfb-below-header-display":"","ast-hfb-mobile-header-display":"","site-post-title":"","ast-breadcrumbs-content":"","ast-featured-img":"","footer-sml-layout":"","theme-transparent-header-meta":"default","adv-header-id-meta":"","stick-header-meta":"default","header-above-stick-meta":"","header-main-stick-meta":"","header-below-stick-meta":"","astra-migrate-meta-layouts":"set","ast-page-background-enabled":"default","ast-page-background-meta":{"desktop":{"background-color":"","background-image":"","background-repeat":"repeat","background-position":"center center","background-size":"auto","background-attachment":"scroll","background-type":"","background-media":"","overlay-type":"","overlay-color":"","overlay-opacity":"","overlay-gradient":""},"tablet":{"background-color":"","background-image":"","background-repeat":"repeat","background-position":"center center","background-size":"auto","background-attachment":"scroll","background-type":"","background-media":"","overlay-type":"","overlay-color":"","overlay-opacity":"","overlay-gradient":""},"mobile":{"background-color":"","background-image":"","background-repeat":"repeat","background-position":"center center","background-size":"auto","background-attachment":"scroll","background-type":"","background-media":"","overlay-type":"","overlay-color":"","overlay-opacity":"","overlay-gradient":""}},"ast-content-background-meta":{"desktop":{"background-color":"var(--ast-global-color-5)","background-image":"","background-repeat":"repeat","background-position":"center center","background-size":"auto","background-attachment":"scroll","background-type":"","background-media":"","overlay-type":"","overlay-color":"","overlay-opacity":"","overlay-gradient":""},"tablet":{"background-color":"var(--ast-global-color-5)","background-image":"","background-repeat":"repeat","background-position":"center center","background-size":"auto","background-attachment":"scroll","background-type":"","background-media":"","overlay-type":"","overlay-color":"","overlay-opacity":"","overlay-gradient":""},"mobile":{"background-color":"var(--ast-global-color-5)","background-image":"","background-repeat":"repeat","background-position":"center center","background-size":"auto","background-attachment":"scroll","background-type":"","background-media":"","overlay-type":"","overlay-color":"","overlay-opacity":"","overlay-gradient":""}}},"product_brand":[],"product_cat":[146,147,137,277],"product_tag":[148,149,150,151],"giftcard-category":[],"class_list":{"0":"post-4813","1":"product","2":"type-product","3":"status-publish","4":"has-post-thumbnail","6":"product_cat-asesoramiento-presencial","7":"product_cat-postparto","8":"product_cat-talleres","9":"product_cat-talleres-primeros-auxilios","10":"product_tag-nadons-0-3-mesos-es","11":"product_tag-nadons-6-12-mesos-es","12":"product_tag-nens-es-de-1-3-anys-es","13":"product_tag-nens-es-de-3-a-7-anys-es","14":"desktop-align-left","15":"tablet-align-left","16":"mobile-align-left","17":"ast-product-gallery-layout-horizontal-slider","18":"ast-product-gallery-with-no-image","19":"ast-magnify-disabled","20":"ast-product-tabs-layout-horizontal","22":"first","23":"outofstock","24":"virtual","25":"purchasable","26":"product-type-simple"},"yoast_head":"<!-- This site is optimized with the Yoast SEO plugin v26.6 - https:\/\/yoast.com\/wordpress\/plugins\/seo\/ -->\n<title>Asesoramiento individual en primeros auxilios en pediatr\u00eda - Criand<\/title>\n<meta name=\"robots\" content=\"index, follow, max-snippet:-1, max-image-preview:large, max-video-preview:-1\" \/>\n<link rel=\"canonical\" href=\"https:\/\/criand.ad\/producto\/taller-individual-de-primers-auxilis-en-pediatria\/\" \/>\n<meta property=\"og:locale\" content=\"es_ES\" \/>\n<meta property=\"og:type\" content=\"article\" \/>\n<meta property=\"og:title\" content=\"Asesoramiento individual en primeros auxilios en pediatr\u00eda - Criand\" \/>\n<meta property=\"og:description\" content=\"\u00bfY si ma\u00f1ana tu hijo se atraganta, se cae, sangra por la nariz o tiene una convulsi\u00f3n\u2026 sabr\u00edas reaccionar? Cuando ocurre una urgencia, no hay tiempo para dudar. Por eso hemos creado este taller de urgencias pedi\u00e1tricas a domicilio, disponible en Andorra o Castell\u00f3n y alrededores, para que cualquier familia pueda aprender a actuar con seguridad y rapidez en las situaciones que generan m\u00e1s nervios. Es una experiencia pr\u00e1ctica e inmersiva, con role playing y simulaci\u00f3n realista, dise\u00f1ada para que pod\u00e1is aplicar los primeros auxilios desde el primer d\u00eda. Trabajaremos los temas clave que toda familia deber\u00eda dominar:     Fiebre: c\u00f3mo gestionarla correctamente, cu\u00e1ndo consultar y qu\u00e9 mitos hay que olvidar.    Atragantamientos: prevenci\u00f3n y maniobras de desobstrucci\u00f3n.    Convulsiones: c\u00f3mo identificarlas y actuar con seguridad.    Contusiones y traumatismos: qu\u00e9 hacer ante golpes, ca\u00eddas o posibles lesiones.    Heridas y quemaduras: actuaci\u00f3n correcta y cuidados b\u00e1sicos.    Epistaxis (sangrado nasal): t\u00e9cnicas simples y eficaces para detenerlo.   Incluye un resumen en PDF y una infograf\u00eda de primeros auxilios para tener siempre a mano en casa. Duraci\u00f3n aproximada: 90 minutos.\" \/>\n<meta property=\"og:url\" content=\"https:\/\/criand.ad\/producto\/taller-individual-de-primers-auxilis-en-pediatria\/\" \/>\n<meta property=\"og:site_name\" content=\"Criand\" \/>\n<meta property=\"article:modified_time\" content=\"2025-12-30T08:35:53+00:00\" \/>\n<meta property=\"og:image\" content=\"https:\/\/criand.ad\/wp-content\/uploads\/2025\/05\/screen.webp\" \/>\n\t<meta property=\"og:image:width\" content=\"533\" \/>\n\t<meta property=\"og:image:height\" content=\"800\" \/>\n\t<meta property=\"og:image:type\" content=\"image\/webp\" \/>\n<meta name=\"twitter:card\" content=\"summary_large_image\" \/>\n<meta name=\"twitter:label1\" content=\"Tiempo de lectura\" \/>\n\t<meta name=\"twitter:data1\" content=\"1 minuto\" \/>\n<script type=\"application\/ld+json\" class=\"yoast-schema-graph\">{\"@context\":\"https:\/\/schema.org\",\"@graph\":[{\"@type\":\"WebPage\",\"@id\":\"https:\/\/criand.ad\/producto\/taller-individual-de-primers-auxilis-en-pediatria\/\",\"url\":\"https:\/\/criand.ad\/producto\/taller-individual-de-primers-auxilis-en-pediatria\/\",\"name\":\"Asesoramiento individual en primeros auxilios en pediatr\u00eda - Criand\",\"isPartOf\":{\"@id\":\"https:\/\/criand.ad\/#website\"},\"primaryImageOfPage\":{\"@id\":\"https:\/\/criand.ad\/producto\/taller-individual-de-primers-auxilis-en-pediatria\/#primaryimage\"},\"image\":{\"@id\":\"https:\/\/criand.ad\/producto\/taller-individual-de-primers-auxilis-en-pediatria\/#primaryimage\"},\"thumbnailUrl\":\"https:\/\/criand.ad\/wp-content\/uploads\/2025\/05\/screen.webp\",\"datePublished\":\"2025-05-31T05:31:22+00:00\",\"dateModified\":\"2025-12-30T08:35:53+00:00\",\"breadcrumb\":{\"@id\":\"https:\/\/criand.ad\/producto\/taller-individual-de-primers-auxilis-en-pediatria\/#breadcrumb\"},\"inLanguage\":\"es\",\"potentialAction\":[{\"@type\":\"ReadAction\",\"target\":[\"https:\/\/criand.ad\/producto\/taller-individual-de-primers-auxilis-en-pediatria\/\"]}]},{\"@type\":\"ImageObject\",\"inLanguage\":\"es\",\"@id\":\"https:\/\/criand.ad\/producto\/taller-individual-de-primers-auxilis-en-pediatria\/#primaryimage\",\"url\":\"https:\/\/criand.ad\/wp-content\/uploads\/2025\/05\/screen.webp\",\"contentUrl\":\"https:\/\/criand.ad\/wp-content\/uploads\/2025\/05\/screen.webp\",\"width\":533,\"height\":800},{\"@type\":\"BreadcrumbList\",\"@id\":\"https:\/\/criand.ad\/producto\/taller-individual-de-primers-auxilis-en-pediatria\/#breadcrumb\",\"itemListElement\":[{\"@type\":\"ListItem\",\"position\":1,\"name\":\"Inici\",\"item\":\"https:\/\/criand.ad\/es\/\"},{\"@type\":\"ListItem\",\"position\":2,\"name\":\"Productes\",\"item\":\"https:\/\/criand.ad\/shop\/\"},{\"@type\":\"ListItem\",\"position\":3,\"name\":\"Asesoramiento individual en primeros auxilios en pediatr\u00eda\"}]},{\"@type\":\"WebSite\",\"@id\":\"https:\/\/criand.ad\/#website\",\"url\":\"https:\/\/criand.ad\/\",\"name\":\"CRIAND\",\"description\":\"Embar\u00e0s, Postpart i Crian\u00e7a\",\"publisher\":{\"@id\":\"https:\/\/criand.ad\/#organization\"},\"potentialAction\":[{\"@type\":\"SearchAction\",\"target\":{\"@type\":\"EntryPoint\",\"urlTemplate\":\"https:\/\/criand.ad\/?s={search_term_string}\"},\"query-input\":{\"@type\":\"PropertyValueSpecification\",\"valueRequired\":true,\"valueName\":\"search_term_string\"}}],\"inLanguage\":\"es\"},{\"@type\":\"Organization\",\"@id\":\"https:\/\/criand.ad\/#organization\",\"name\":\"CRIAND\",\"url\":\"https:\/\/criand.ad\/\",\"logo\":{\"@type\":\"ImageObject\",\"inLanguage\":\"es\",\"@id\":\"https:\/\/criand.ad\/#\/schema\/logo\/image\/\",\"url\":\"https:\/\/criand.ad\/wp-content\/uploads\/2025\/05\/cropped-logo-1.png\",\"contentUrl\":\"https:\/\/criand.ad\/wp-content\/uploads\/2025\/05\/cropped-logo-1.png\",\"width\":360,\"height\":218,\"caption\":\"CRIAND\"},\"image\":{\"@id\":\"https:\/\/criand.ad\/#\/schema\/logo\/image\/\"},\"sameAs\":[\"http:\/\/instagram.com\/criand.andorra\"]}]}<\/script>\n<!-- \/ Yoast SEO plugin. -->","yoast_head_json":{"title":"Asesoramiento individual en primeros auxilios en pediatr\u00eda - Criand","robots":{"index":"index","follow":"follow","max-snippet":"max-snippet:-1","max-image-preview":"max-image-preview:large","max-video-preview":"max-video-preview:-1"},"canonical":"https:\/\/criand.ad\/producto\/taller-individual-de-primers-auxilis-en-pediatria\/","og_locale":"es_ES","og_type":"article","og_title":"Asesoramiento individual en primeros auxilios en pediatr\u00eda - Criand","og_description":"\u00bfY si ma\u00f1ana tu hijo se atraganta, se cae, sangra por la nariz o tiene una convulsi\u00f3n\u2026 sabr\u00edas reaccionar? Cuando ocurre una urgencia, no hay tiempo para dudar. Por eso hemos creado este taller de urgencias pedi\u00e1tricas a domicilio, disponible en Andorra o Castell\u00f3n y alrededores, para que cualquier familia pueda aprender a actuar con seguridad y rapidez en las situaciones que generan m\u00e1s nervios. Es una experiencia pr\u00e1ctica e inmersiva, con role playing y simulaci\u00f3n realista, dise\u00f1ada para que pod\u00e1is aplicar los primeros auxilios desde el primer d\u00eda. Trabajaremos los temas clave que toda familia deber\u00eda dominar:     Fiebre: c\u00f3mo gestionarla correctamente, cu\u00e1ndo consultar y qu\u00e9 mitos hay que olvidar.    Atragantamientos: prevenci\u00f3n y maniobras de desobstrucci\u00f3n.    Convulsiones: c\u00f3mo identificarlas y actuar con seguridad.    Contusiones y traumatismos: qu\u00e9 hacer ante golpes, ca\u00eddas o posibles lesiones.    Heridas y quemaduras: actuaci\u00f3n correcta y cuidados b\u00e1sicos.    Epistaxis (sangrado nasal): t\u00e9cnicas simples y eficaces para detenerlo.   Incluye un resumen en PDF y una infograf\u00eda de primeros auxilios para tener siempre a mano en casa. Duraci\u00f3n aproximada: 90 minutos.","og_url":"https:\/\/criand.ad\/producto\/taller-individual-de-primers-auxilis-en-pediatria\/","og_site_name":"Criand","article_modified_time":"2025-12-30T08:35:53+00:00","og_image":[{"width":533,"height":800,"url":"https:\/\/criand.ad\/wp-content\/uploads\/2025\/05\/screen.webp","type":"image\/webp"}],"twitter_card":"summary_large_image","twitter_misc":{"Tiempo de lectura":"1 minuto"},"schema":{"@context":"https:\/\/schema.org","@graph":[{"@type":"WebPage","@id":"https:\/\/criand.ad\/producto\/taller-individual-de-primers-auxilis-en-pediatria\/","url":"https:\/\/criand.ad\/producto\/taller-individual-de-primers-auxilis-en-pediatria\/","name":"Asesoramiento individual en primeros auxilios en pediatr\u00eda - Criand","isPartOf":{"@id":"https:\/\/criand.ad\/#website"},"primaryImageOfPage":{"@id":"https:\/\/criand.ad\/producto\/taller-individual-de-primers-auxilis-en-pediatria\/#primaryimage"},"image":{"@id":"https:\/\/criand.ad\/producto\/taller-individual-de-primers-auxilis-en-pediatria\/#primaryimage"},"thumbnailUrl":"https:\/\/criand.ad\/wp-content\/uploads\/2025\/05\/screen.webp","datePublished":"2025-05-31T05:31:22+00:00","dateModified":"2025-12-30T08:35:53+00:00","breadcrumb":{"@id":"https:\/\/criand.ad\/producto\/taller-individual-de-primers-auxilis-en-pediatria\/#breadcrumb"},"inLanguage":"es","potentialAction":[{"@type":"ReadAction","target":["https:\/\/criand.ad\/producto\/taller-individual-de-primers-auxilis-en-pediatria\/"]}]},{"@type":"ImageObject","inLanguage":"es","@id":"https:\/\/criand.ad\/producto\/taller-individual-de-primers-auxilis-en-pediatria\/#primaryimage","url":"https:\/\/criand.ad\/wp-content\/uploads\/2025\/05\/screen.webp","contentUrl":"https:\/\/criand.ad\/wp-content\/uploads\/2025\/05\/screen.webp","width":533,"height":800},{"@type":"BreadcrumbList","@id":"https:\/\/criand.ad\/producto\/taller-individual-de-primers-auxilis-en-pediatria\/#breadcrumb","itemListElement":[{"@type":"ListItem","position":1,"name":"Inici","item":"https:\/\/criand.ad\/es\/"},{"@type":"ListItem","position":2,"name":"Productes","item":"https:\/\/criand.ad\/shop\/"},{"@type":"ListItem","position":3,"name":"Asesoramiento individual en primeros auxilios en pediatr\u00eda"}]},{"@type":"WebSite","@id":"https:\/\/criand.ad\/#website","url":"https:\/\/criand.ad\/","name":"CRIAND","description":"Embar\u00e0s, Postpart i Crian\u00e7a","publisher":{"@id":"https:\/\/criand.ad\/#organization"},"potentialAction":[{"@type":"SearchAction","target":{"@type":"EntryPoint","urlTemplate":"https:\/\/criand.ad\/?s={search_term_string}"},"query-input":{"@type":"PropertyValueSpecification","valueRequired":true,"valueName":"search_term_string"}}],"inLanguage":"es"},{"@type":"Organization","@id":"https:\/\/criand.ad\/#organization","name":"CRIAND","url":"https:\/\/criand.ad\/","logo":{"@type":"ImageObject","inLanguage":"es","@id":"https:\/\/criand.ad\/#\/schema\/logo\/image\/","url":"https:\/\/criand.ad\/wp-content\/uploads\/2025\/05\/cropped-logo-1.png","contentUrl":"https:\/\/criand.ad\/wp-content\/uploads\/2025\/05\/cropped-logo-1.png","width":360,"height":218,"caption":"CRIAND"},"image":{"@id":"https:\/\/criand.ad\/#\/schema\/logo\/image\/"},"sameAs":["http:\/\/instagram.com\/criand.andorra"]}]}},"_links":{"self":[{"href":"https:\/\/criand.ad\/es\/wp-json\/wp\/v2\/product\/4813","targetHints":{"allow":["GET"]}}],"collection":[{"href":"https:\/\/criand.ad\/es\/wp-json\/wp\/v2\/product"}],"about":[{"href":"https:\/\/criand.ad\/es\/wp-json\/wp\/v2\/types\/product"}],"version-history":[{"count":2,"href":"https:\/\/criand.ad\/es\/wp-json\/wp\/v2\/product\/4813\/revisions"}],"predecessor-version":[{"id":6785,"href":"https:\/\/criand.ad\/es\/wp-json\/wp\/v2\/product\/4813\/revisions\/6785"}],"wp:featuredmedia":[{"embeddable":true,"href":"https:\/\/criand.ad\/es\/wp-json\/wp\/v2\/media\/4569"}],"wp:attachment":[{"href":"https:\/\/criand.ad\/es\/wp-json\/wp\/v2\/media?parent=4813"}],"wp:term":[{"taxonomy":"product_brand","embeddable":true,"href":"https:\/\/criand.ad\/es\/wp-json\/wp\/v2\/product_brand?post=4813"},{"taxonomy":"product_cat","embeddable":true,"href":"https:\/\/criand.ad\/es\/wp-json\/wp\/v2\/product_cat?post=4813"},{"taxonomy":"product_tag","embeddable":true,"href":"https:\/\/criand.ad\/es\/wp-json\/wp\/v2\/product_tag?post=4813"},{"taxonomy":"giftcard-category","embeddable":true,"href":"https:\/\/criand.ad\/es\/wp-json\/wp\/v2\/giftcard-category?post=4813"}],"curies":[{"name":"wp","href":"https:\/\/api.w.org\/{rel}","templated":true}]}}