{"id":4806,"date":"2025-05-31T07:33:54","date_gmt":"2025-05-31T05:33:54","guid":{"rendered":"http:\/\/criand.ad\/producto\/consulta-whatsapp\/"},"modified":"2025-09-08T20:44:14","modified_gmt":"2025-09-08T20:44:14","slug":"consulta-whatsapp","status":"publish","type":"product","link":"https:\/\/criand.ad\/es\/producto\/consulta-whatsapp\/","title":{"rendered":"Consulta Whatsapp"},"content":{"rendered":"<p data-start=\"0\" data-end=\"25\"><strong data-start=\"0\" data-end=\"23\">\u00bfPor qu\u00e9 elegirnos?<\/strong><\/p>\n<ul data-start=\"27\" data-end=\"366\">\n<li data-start=\"27\" data-end=\"138\">\n<p data-start=\"29\" data-end=\"138\"><strong data-start=\"29\" data-end=\"59\">Accesibilidad instant\u00e1nea:<\/strong> Respuesta r\u00e1pida y personalizada a todas tus preguntas en menos de 12 horas.<\/p>\n<\/li>\n<li data-start=\"139\" data-end=\"212\">\n<p data-start=\"141\" data-end=\"212\"><strong data-start=\"141\" data-end=\"174\">Confidencialidad garantizada:<\/strong> Tu privacidad es nuestra prioridad.<\/p>\n<\/li>\n<li data-start=\"213\" data-end=\"366\">\n<p data-start=\"215\" data-end=\"366\"><strong data-start=\"215\" data-end=\"283\">Acompa\u00f1amiento profesional desde el embarazo hasta el postparto:<\/strong> Como matronas, te ofrecemos consejos actualizados y adecuados a tus necesidades.<\/p>\n<\/li>\n<\/ul>\n<p data-start=\"368\" data-end=\"521\">No importa d\u00f3nde te encuentres, estaremos a tu lado para brindarte apoyo, orientaci\u00f3n y soluciones adaptadas a cada momento de tu embarazo y postparto.<\/p>\n<p data-start=\"523\" data-end=\"607\" data-is-last-node=\"\" data-is-only-node=\"\">Env\u00edanos un mensaje v\u00eda WhatsApp y obt\u00e9n el consejo que necesitas para ti y tu beb\u00e9.<\/p>\n","protected":false},"excerpt":{"rendered":"<p data-start=\"0\" data-end=\"52\"><strong data-start=\"0\" data-end=\"50\">Consultas de Embarazo y Postparto v\u00eda WhatsApp<\/strong><\/p>\n<p data-start=\"54\" data-end=\"309\">En el camino del embarazo y el postparto, cada pregunta es importante. En Criand, queremos acompa\u00f1arte de manera cercana y accesible. Por ello, te ofrecemos un servicio de resoluci\u00f3n de dudas sobre embarazo y postparto directamente a trav\u00e9s de WhatsApp.<\/p>\n<p data-start=\"311\" data-end=\"536\" data-is-last-node=\"\" data-is-only-node=\"\">Nuestro equipo est\u00e1 aqu\u00ed para resolver tus dudas de manera r\u00e1pida, confidencial y c\u00f3moda. Ya no es necesario esperar para obtener respuestas; puedes hablar con nosotros cuando m\u00e1s lo necesites, desde la comodidad de tu m\u00f3vil.<\/p>\n","protected":false},"featured_media":4551,"template":"","meta":{"site-sidebar-layout":"default","site-content-layout":"","ast-site-content-layout":"default","site-content-style":"default","site-sidebar-style":"default","ast-global-header-display":"","ast-banner-title-visibility":"","ast-main-header-display":"","ast-hfb-above-header-display":"","ast-hfb-below-header-display":"","ast-hfb-mobile-header-display":"","site-post-title":"","ast-breadcrumbs-content":"","ast-featured-img":"","footer-sml-layout":"","theme-transparent-header-meta":"default","adv-header-id-meta":"","stick-header-meta":"default","header-above-stick-meta":"","header-main-stick-meta":"","header-below-stick-meta":"","astra-migrate-meta-layouts":"set","ast-page-background-enabled":"default","ast-page-background-meta":{"desktop":{"background-color":"","background-image":"","background-repeat":"repeat","background-position":"center center","background-size":"auto","background-attachment":"scroll","background-type":"","background-media":"","overlay-type":"","overlay-color":"","overlay-opacity":"","overlay-gradient":""},"tablet":{"background-color":"","background-image":"","background-repeat":"repeat","background-position":"center center","background-size":"auto","background-attachment":"scroll","background-type":"","background-media":"","overlay-type":"","overlay-color":"","overlay-opacity":"","overlay-gradient":""},"mobile":{"background-color":"","background-image":"","background-repeat":"repeat","background-position":"center center","background-size":"auto","background-attachment":"scroll","background-type":"","background-media":"","overlay-type":"","overlay-color":"","overlay-opacity":"","overlay-gradient":""}},"ast-content-background-meta":{"desktop":{"background-color":"var(--ast-global-color-5)","background-image":"","background-repeat":"repeat","background-position":"center center","background-size":"auto","background-attachment":"scroll","background-type":"","background-media":"","overlay-type":"","overlay-color":"","overlay-opacity":"","overlay-gradient":""},"tablet":{"background-color":"var(--ast-global-color-5)","background-image":"","background-repeat":"repeat","background-position":"center center","background-size":"auto","background-attachment":"scroll","background-type":"","background-media":"","overlay-type":"","overlay-color":"","overlay-opacity":"","overlay-gradient":""},"mobile":{"background-color":"var(--ast-global-color-5)","background-image":"","background-repeat":"repeat","background-position":"center center","background-size":"auto","background-attachment":"scroll","background-type":"","background-media":"","overlay-type":"","overlay-color":"","overlay-opacity":"","overlay-gradient":""}}},"product_brand":[],"product_cat":[132],"product_tag":[133,134,135],"giftcard-category":[],"class_list":{"0":"post-4806","1":"product","2":"type-product","3":"status-publish","4":"has-post-thumbnail","6":"product_cat-asesoramiento-online","7":"product_tag-andorra-es","8":"product_tag-assessorament-es","9":"product_tag-online-es","10":"desktop-align-left","11":"tablet-align-left","12":"mobile-align-left","13":"ast-product-gallery-layout-horizontal-slider","14":"ast-product-gallery-with-no-image","15":"ast-magnify-disabled","16":"ast-product-tabs-layout-horizontal","18":"first","19":"instock","20":"virtual","21":"purchasable","22":"product-type-simple"},"yoast_head":"<!-- This site is optimized with the Yoast SEO plugin v26.6 - https:\/\/yoast.com\/wordpress\/plugins\/seo\/ -->\n<title>Consulta Whatsapp - Criand<\/title>\n<meta name=\"robots\" content=\"index, follow, max-snippet:-1, max-image-preview:large, max-video-preview:-1\" \/>\n<link rel=\"canonical\" href=\"https:\/\/criand.ad\/producto\/consulta-whatsapp\/\" \/>\n<meta property=\"og:locale\" content=\"es_ES\" \/>\n<meta property=\"og:type\" content=\"article\" \/>\n<meta property=\"og:title\" content=\"Consulta Whatsapp - Criand\" \/>\n<meta property=\"og:description\" content=\"Consultas de Embarazo y Postparto v\u00eda WhatsApp En el camino del embarazo y el postparto, cada pregunta es importante. En Criand, queremos acompa\u00f1arte de manera cercana y accesible. Por ello, te ofrecemos un servicio de resoluci\u00f3n de dudas sobre embarazo y postparto directamente a trav\u00e9s de WhatsApp. Nuestro equipo est\u00e1 aqu\u00ed para resolver tus dudas de manera r\u00e1pida, confidencial y c\u00f3moda. Ya no es necesario esperar para obtener respuestas; puedes hablar con nosotros cuando m\u00e1s lo necesites, desde la comodidad de tu m\u00f3vil.\" \/>\n<meta property=\"og:url\" content=\"https:\/\/criand.ad\/producto\/consulta-whatsapp\/\" \/>\n<meta property=\"og:site_name\" content=\"Criand\" \/>\n<meta property=\"article:modified_time\" content=\"2025-09-08T20:44:14+00:00\" \/>\n<meta property=\"og:image\" content=\"https:\/\/criand.ad\/wp-content\/uploads\/2025\/05\/PHOTO-2025-03-16-18-46-06.jpg\" \/>\n\t<meta property=\"og:image:width\" content=\"612\" \/>\n\t<meta property=\"og:image:height\" content=\"408\" \/>\n\t<meta property=\"og:image:type\" content=\"image\/jpeg\" \/>\n<meta name=\"twitter:card\" content=\"summary_large_image\" \/>\n<script type=\"application\/ld+json\" class=\"yoast-schema-graph\">{\"@context\":\"https:\/\/schema.org\",\"@graph\":[{\"@type\":\"WebPage\",\"@id\":\"https:\/\/criand.ad\/producto\/consulta-whatsapp\/\",\"url\":\"https:\/\/criand.ad\/producto\/consulta-whatsapp\/\",\"name\":\"Consulta Whatsapp - Criand\",\"isPartOf\":{\"@id\":\"https:\/\/criand.ad\/#website\"},\"primaryImageOfPage\":{\"@id\":\"https:\/\/criand.ad\/producto\/consulta-whatsapp\/#primaryimage\"},\"image\":{\"@id\":\"https:\/\/criand.ad\/producto\/consulta-whatsapp\/#primaryimage\"},\"thumbnailUrl\":\"https:\/\/criand.ad\/wp-content\/uploads\/2025\/05\/PHOTO-2025-03-16-18-46-06.jpg\",\"datePublished\":\"2025-05-31T05:33:54+00:00\",\"dateModified\":\"2025-09-08T20:44:14+00:00\",\"breadcrumb\":{\"@id\":\"https:\/\/criand.ad\/producto\/consulta-whatsapp\/#breadcrumb\"},\"inLanguage\":\"es\",\"potentialAction\":[{\"@type\":\"ReadAction\",\"target\":[\"https:\/\/criand.ad\/producto\/consulta-whatsapp\/\"]}]},{\"@type\":\"ImageObject\",\"inLanguage\":\"es\",\"@id\":\"https:\/\/criand.ad\/producto\/consulta-whatsapp\/#primaryimage\",\"url\":\"https:\/\/criand.ad\/wp-content\/uploads\/2025\/05\/PHOTO-2025-03-16-18-46-06.jpg\",\"contentUrl\":\"https:\/\/criand.ad\/wp-content\/uploads\/2025\/05\/PHOTO-2025-03-16-18-46-06.jpg\",\"width\":612,\"height\":408},{\"@type\":\"BreadcrumbList\",\"@id\":\"https:\/\/criand.ad\/producto\/consulta-whatsapp\/#breadcrumb\",\"itemListElement\":[{\"@type\":\"ListItem\",\"position\":1,\"name\":\"Inici\",\"item\":\"https:\/\/criand.ad\/es\/\"},{\"@type\":\"ListItem\",\"position\":2,\"name\":\"Productes\",\"item\":\"https:\/\/criand.ad\/shop\/\"},{\"@type\":\"ListItem\",\"position\":3,\"name\":\"Consulta Whatsapp\"}]},{\"@type\":\"WebSite\",\"@id\":\"https:\/\/criand.ad\/#website\",\"url\":\"https:\/\/criand.ad\/\",\"name\":\"CRIAND\",\"description\":\"Embar\u00e0s, Postpart i Crian\u00e7a\",\"publisher\":{\"@id\":\"https:\/\/criand.ad\/#organization\"},\"potentialAction\":[{\"@type\":\"SearchAction\",\"target\":{\"@type\":\"EntryPoint\",\"urlTemplate\":\"https:\/\/criand.ad\/?s={search_term_string}\"},\"query-input\":{\"@type\":\"PropertyValueSpecification\",\"valueRequired\":true,\"valueName\":\"search_term_string\"}}],\"inLanguage\":\"es\"},{\"@type\":\"Organization\",\"@id\":\"https:\/\/criand.ad\/#organization\",\"name\":\"CRIAND\",\"url\":\"https:\/\/criand.ad\/\",\"logo\":{\"@type\":\"ImageObject\",\"inLanguage\":\"es\",\"@id\":\"https:\/\/criand.ad\/#\/schema\/logo\/image\/\",\"url\":\"https:\/\/criand.ad\/wp-content\/uploads\/2025\/05\/cropped-logo-1.png\",\"contentUrl\":\"https:\/\/criand.ad\/wp-content\/uploads\/2025\/05\/cropped-logo-1.png\",\"width\":360,\"height\":218,\"caption\":\"CRIAND\"},\"image\":{\"@id\":\"https:\/\/criand.ad\/#\/schema\/logo\/image\/\"},\"sameAs\":[\"http:\/\/instagram.com\/criand.andorra\"]}]}<\/script>\n<!-- \/ Yoast SEO plugin. -->","yoast_head_json":{"title":"Consulta Whatsapp - Criand","robots":{"index":"index","follow":"follow","max-snippet":"max-snippet:-1","max-image-preview":"max-image-preview:large","max-video-preview":"max-video-preview:-1"},"canonical":"https:\/\/criand.ad\/producto\/consulta-whatsapp\/","og_locale":"es_ES","og_type":"article","og_title":"Consulta Whatsapp - Criand","og_description":"Consultas de Embarazo y Postparto v\u00eda WhatsApp En el camino del embarazo y el postparto, cada pregunta es importante. En Criand, queremos acompa\u00f1arte de manera cercana y accesible. Por ello, te ofrecemos un servicio de resoluci\u00f3n de dudas sobre embarazo y postparto directamente a trav\u00e9s de WhatsApp. Nuestro equipo est\u00e1 aqu\u00ed para resolver tus dudas de manera r\u00e1pida, confidencial y c\u00f3moda. Ya no es necesario esperar para obtener respuestas; puedes hablar con nosotros cuando m\u00e1s lo necesites, desde la comodidad de tu m\u00f3vil.","og_url":"https:\/\/criand.ad\/producto\/consulta-whatsapp\/","og_site_name":"Criand","article_modified_time":"2025-09-08T20:44:14+00:00","og_image":[{"width":612,"height":408,"url":"https:\/\/criand.ad\/wp-content\/uploads\/2025\/05\/PHOTO-2025-03-16-18-46-06.jpg","type":"image\/jpeg"}],"twitter_card":"summary_large_image","schema":{"@context":"https:\/\/schema.org","@graph":[{"@type":"WebPage","@id":"https:\/\/criand.ad\/producto\/consulta-whatsapp\/","url":"https:\/\/criand.ad\/producto\/consulta-whatsapp\/","name":"Consulta Whatsapp - Criand","isPartOf":{"@id":"https:\/\/criand.ad\/#website"},"primaryImageOfPage":{"@id":"https:\/\/criand.ad\/producto\/consulta-whatsapp\/#primaryimage"},"image":{"@id":"https:\/\/criand.ad\/producto\/consulta-whatsapp\/#primaryimage"},"thumbnailUrl":"https:\/\/criand.ad\/wp-content\/uploads\/2025\/05\/PHOTO-2025-03-16-18-46-06.jpg","datePublished":"2025-05-31T05:33:54+00:00","dateModified":"2025-09-08T20:44:14+00:00","breadcrumb":{"@id":"https:\/\/criand.ad\/producto\/consulta-whatsapp\/#breadcrumb"},"inLanguage":"es","potentialAction":[{"@type":"ReadAction","target":["https:\/\/criand.ad\/producto\/consulta-whatsapp\/"]}]},{"@type":"ImageObject","inLanguage":"es","@id":"https:\/\/criand.ad\/producto\/consulta-whatsapp\/#primaryimage","url":"https:\/\/criand.ad\/wp-content\/uploads\/2025\/05\/PHOTO-2025-03-16-18-46-06.jpg","contentUrl":"https:\/\/criand.ad\/wp-content\/uploads\/2025\/05\/PHOTO-2025-03-16-18-46-06.jpg","width":612,"height":408},{"@type":"BreadcrumbList","@id":"https:\/\/criand.ad\/producto\/consulta-whatsapp\/#breadcrumb","itemListElement":[{"@type":"ListItem","position":1,"name":"Inici","item":"https:\/\/criand.ad\/es\/"},{"@type":"ListItem","position":2,"name":"Productes","item":"https:\/\/criand.ad\/shop\/"},{"@type":"ListItem","position":3,"name":"Consulta Whatsapp"}]},{"@type":"WebSite","@id":"https:\/\/criand.ad\/#website","url":"https:\/\/criand.ad\/","name":"CRIAND","description":"Embar\u00e0s, Postpart i Crian\u00e7a","publisher":{"@id":"https:\/\/criand.ad\/#organization"},"potentialAction":[{"@type":"SearchAction","target":{"@type":"EntryPoint","urlTemplate":"https:\/\/criand.ad\/?s={search_term_string}"},"query-input":{"@type":"PropertyValueSpecification","valueRequired":true,"valueName":"search_term_string"}}],"inLanguage":"es"},{"@type":"Organization","@id":"https:\/\/criand.ad\/#organization","name":"CRIAND","url":"https:\/\/criand.ad\/","logo":{"@type":"ImageObject","inLanguage":"es","@id":"https:\/\/criand.ad\/#\/schema\/logo\/image\/","url":"https:\/\/criand.ad\/wp-content\/uploads\/2025\/05\/cropped-logo-1.png","contentUrl":"https:\/\/criand.ad\/wp-content\/uploads\/2025\/05\/cropped-logo-1.png","width":360,"height":218,"caption":"CRIAND"},"image":{"@id":"https:\/\/criand.ad\/#\/schema\/logo\/image\/"},"sameAs":["http:\/\/instagram.com\/criand.andorra"]}]}},"_links":{"self":[{"href":"https:\/\/criand.ad\/es\/wp-json\/wp\/v2\/product\/4806","targetHints":{"allow":["GET"]}}],"collection":[{"href":"https:\/\/criand.ad\/es\/wp-json\/wp\/v2\/product"}],"about":[{"href":"https:\/\/criand.ad\/es\/wp-json\/wp\/v2\/types\/product"}],"version-history":[{"count":0,"href":"https:\/\/criand.ad\/es\/wp-json\/wp\/v2\/product\/4806\/revisions"}],"wp:featuredmedia":[{"embeddable":true,"href":"https:\/\/criand.ad\/es\/wp-json\/wp\/v2\/media\/4551"}],"wp:attachment":[{"href":"https:\/\/criand.ad\/es\/wp-json\/wp\/v2\/media?parent=4806"}],"wp:term":[{"taxonomy":"product_brand","embeddable":true,"href":"https:\/\/criand.ad\/es\/wp-json\/wp\/v2\/product_brand?post=4806"},{"taxonomy":"product_cat","embeddable":true,"href":"https:\/\/criand.ad\/es\/wp-json\/wp\/v2\/product_cat?post=4806"},{"taxonomy":"product_tag","embeddable":true,"href":"https:\/\/criand.ad\/es\/wp-json\/wp\/v2\/product_tag?post=4806"},{"taxonomy":"giftcard-category","embeddable":true,"href":"https:\/\/criand.ad\/es\/wp-json\/wp\/v2\/giftcard-category?post=4806"}],"curies":[{"name":"wp","href":"https:\/\/api.w.org\/{rel}","templated":true}]}}