{"id":4784,"date":"2025-08-19T15:17:30","date_gmt":"2025-08-19T13:17:30","guid":{"rendered":"http:\/\/criand.ad\/assesssorament-online\/"},"modified":"2025-12-16T17:51:06","modified_gmt":"2025-12-16T16:51:06","slug":"assesssorament-online","status":"publish","type":"page","link":"https:\/\/criand.ad\/es\/assesssorament-online\/","title":{"rendered":"Asesoramiento online"},"content":{"rendered":"\t\t<div data-elementor-type=\"wp-page\" data-elementor-id=\"4784\" class=\"elementor elementor-4784 elementor-3585\">\n\t\t\t\t<div class=\"elementor-element elementor-element-05f8521 e-flex e-con-boxed e-con e-parent\" data-id=\"05f8521\" data-element_type=\"container\" data-settings=\"{&quot;background_background&quot;:&quot;classic&quot;}\">\n\t\t\t\t\t<div class=\"e-con-inner\">\n\t\t<div class=\"elementor-element elementor-element-a5fa6c4 e-con-full e-flex e-con e-child\" data-id=\"a5fa6c4\" data-element_type=\"container\">\n\t\t\t\t<div class=\"elementor-element elementor-element-65c2218 elementor-widget elementor-widget-heading\" data-id=\"65c2218\" data-element_type=\"widget\" data-widget_type=\"heading.default\">\n\t\t\t\t<div class=\"elementor-widget-container\">\n\t\t\t\t\t<h6 class=\"elementor-heading-title elementor-size-default\">Nuestros servicios de asesoramiento online<\/h6>\t\t\t\t<\/div>\n\t\t\t\t<\/div>\n\t\t\t\t<div class=\"elementor-element elementor-element-5fde413 elementor-widget elementor-widget-heading\" data-id=\"5fde413\" data-element_type=\"widget\" data-widget_type=\"heading.default\">\n\t\t\t\t<div class=\"elementor-widget-container\">\n\t\t\t\t\t<h1 class=\"elementor-heading-title elementor-size-default\">Asesoramiento online<\/h1>\t\t\t\t<\/div>\n\t\t\t\t<\/div>\n\t\t\t\t<div class=\"elementor-element elementor-element-a5ca942 elementor-widget elementor-widget-text-editor\" data-id=\"a5ca942\" data-element_type=\"widget\" data-widget_type=\"text-editor.default\">\n\t\t\t\t<div class=\"elementor-widget-container\">\n\t\t\t\t\t\t\t\t\t<p>Ofrecemos consultas presenciales a domicilio para brindaros una atenci\u00f3n m\u00e1s personalizada e \u00edntima, lo que nos permite observar vuestro entorno, comprender mejor vuestro estilo de vida y ofreceros consejos pr\u00e1cticos adaptados a vuestra situaci\u00f3n espec\u00edfica.<\/p>\t\t\t\t\t\t\t\t<\/div>\n\t\t\t\t<\/div>\n\t\t\t\t<div class=\"elementor-element elementor-element-cfb83de elementor-widget-divider--view-line elementor-widget elementor-widget-divider\" data-id=\"cfb83de\" data-element_type=\"widget\" data-widget_type=\"divider.default\">\n\t\t\t\t<div class=\"elementor-widget-container\">\n\t\t\t\t\t\t\t<div class=\"elementor-divider\">\n\t\t\t<span class=\"elementor-divider-separator\">\n\t\t\t\t\t\t<\/span>\n\t\t<\/div>\n\t\t\t\t\t\t<\/div>\n\t\t\t\t<\/div>\n\t\t\t\t<\/div>\n\t\t\t\t\t<\/div>\n\t\t\t\t<\/div>\n\t\t<div class=\"elementor-element elementor-element-3af699c e-flex e-con-boxed e-con e-parent\" data-id=\"3af699c\" data-element_type=\"container\">\n\t\t\t\t\t<div class=\"e-con-inner\">\n\t\t<div class=\"elementor-element elementor-element-361dddf e-con-full e-flex e-con e-child\" data-id=\"361dddf\" data-element_type=\"container\">\n\t\t<div class=\"elementor-element elementor-element-b6e48ee e-grid e-con-full e-con e-child\" data-id=\"b6e48ee\" data-element_type=\"container\">\n\t\t\t\t<div class=\"elementor-element elementor-element-5ca5c1b elementor-position-top elementor-widget elementor-widget-image-box\" data-id=\"5ca5c1b\" data-element_type=\"widget\" data-widget_type=\"image-box.default\">\n\t\t\t\t<div class=\"elementor-widget-container\">\n\t\t\t\t\t<div class=\"elementor-image-box-wrapper\"><figure class=\"elementor-image-box-img\"><a href=\"http:\/\/criand.ad\/producto\/consulta-whatsapp\/\" tabindex=\"-1\"><img fetchpriority=\"high\" decoding=\"async\" width=\"612\" height=\"408\" src=\"https:\/\/criand.ad\/wp-content\/uploads\/2025\/05\/PHOTO-2025-03-16-18-46-06.jpg\" class=\"attachment-large size-large wp-image-2056\" alt=\"\" srcset=\"https:\/\/criand.ad\/wp-content\/uploads\/2025\/05\/PHOTO-2025-03-16-18-46-06.jpg 612w, https:\/\/criand.ad\/wp-content\/uploads\/2025\/05\/PHOTO-2025-03-16-18-46-06-300x200.jpg 300w, https:\/\/criand.ad\/wp-content\/uploads\/2025\/05\/PHOTO-2025-03-16-18-46-06-600x400.jpg 600w\" sizes=\"(max-width: 612px) 100vw, 612px\" \/><\/a><\/figure><div class=\"elementor-image-box-content\"><h3 class=\"elementor-image-box-title\"><a href=\"http:\/\/criand.ad\/producto\/consulta-whatsapp\/\">Consultes via Whatsapp<\/a><\/h3><p class=\"elementor-image-box-description\"><br><strong>100 \u20ac\n<\/strong><\/br>\nEn el camino del embarazo y el posparto, cada pregunta es importante.\n<br>\n<a href=\"https:\/\/http:\/\/criand.ad\/producto\/consulta-whatsapp\/\"><strong>Saber m\u00e1s<\/strong><\/a><\/p><\/div><\/div>\t\t\t\t<\/div>\n\t\t\t\t<\/div>\n\t\t\t\t<div class=\"elementor-element elementor-element-82a942d elementor-position-top elementor-widget elementor-widget-image-box\" data-id=\"82a942d\" data-element_type=\"widget\" data-widget_type=\"image-box.default\">\n\t\t\t\t<div class=\"elementor-widget-container\">\n\t\t\t\t\t<div class=\"elementor-image-box-wrapper\"><figure class=\"elementor-image-box-img\"><a href=\"http:\/\/criand.ad\/producto\/visita-consulta-online\/\" tabindex=\"-1\"><img decoding=\"async\" width=\"612\" height=\"408\" src=\"https:\/\/criand.ad\/wp-content\/uploads\/2025\/11\/visita-online.png\" class=\"attachment-large size-large wp-image-6380\" alt=\"\" srcset=\"https:\/\/criand.ad\/wp-content\/uploads\/2025\/11\/visita-online.png 612w, https:\/\/criand.ad\/wp-content\/uploads\/2025\/11\/visita-online-300x200.png 300w, https:\/\/criand.ad\/wp-content\/uploads\/2025\/11\/visita-online-391x260.png 391w, https:\/\/criand.ad\/wp-content\/uploads\/2025\/11\/visita-online-600x400.png 600w\" sizes=\"(max-width: 612px) 100vw, 612px\" \/><\/a><\/figure><div class=\"elementor-image-box-content\"><h3 class=\"elementor-image-box-title\"><a href=\"http:\/\/criand.ad\/producto\/visita-consulta-online\/\">Visita online individualizada<\/a><\/h3><p class=\"elementor-image-box-description\"><br><strong>80 \u20ac\n<\/strong><\/br>\nVisita online individualizada de embarazo, posparto, lactancia o crianza. Resolvemos tus dudas sin moverte de casa.\n<br>\n<a href=\"http:\/\/criand.ad\/producto\/visita-consulta-online\/\"><strong>Saber m\u00e1s<\/strong><\/a><\/p><\/div><\/div>\t\t\t\t<\/div>\n\t\t\t\t<\/div>\n\t\t\t\t<div class=\"elementor-element elementor-element-06743db elementor-position-top elementor-widget elementor-widget-image-box\" data-id=\"06743db\" data-element_type=\"widget\" data-widget_type=\"image-box.default\">\n\t\t\t\t<div class=\"elementor-widget-container\">\n\t\t\t\t\t<div class=\"elementor-image-box-wrapper\"><figure class=\"elementor-image-box-img\"><a href=\"http:\/\/criand.ad\/producto\/preparacio-naixement-online\/\" tabindex=\"-1\"><img decoding=\"async\" width=\"612\" height=\"408\" src=\"https:\/\/criand.ad\/wp-content\/uploads\/2025\/11\/preparacio-naixement-criand.png\" class=\"attachment-large size-large wp-image-6390\" alt=\"\" srcset=\"https:\/\/criand.ad\/wp-content\/uploads\/2025\/11\/preparacio-naixement-criand.png 612w, https:\/\/criand.ad\/wp-content\/uploads\/2025\/11\/preparacio-naixement-criand-300x200.png 300w, https:\/\/criand.ad\/wp-content\/uploads\/2025\/11\/preparacio-naixement-criand-391x260.png 391w, https:\/\/criand.ad\/wp-content\/uploads\/2025\/11\/preparacio-naixement-criand-600x400.png 600w\" sizes=\"(max-width: 612px) 100vw, 612px\" \/><\/a><\/figure><div class=\"elementor-image-box-content\"><h3 class=\"elementor-image-box-title\"><a href=\"http:\/\/criand.ad\/producto\/preparacio-naixement-online\/\">Preparaci\u00f3 al naixement<\/a><\/h3><p class=\"elementor-image-box-description\"><br><strong>400 \u20ac\n<\/strong><\/br>\nAsesoramiento individualizado exclusivo online, en el que te ofrecemos clases de preparaci\u00f3n al nacimiento.\n<br>\n<a href=\"http:\/\/criand.ad\/producto\/preparacio-naixement-online\/\"><strong>Saber m\u00e1s<\/strong><\/a><\/p><\/div><\/div>\t\t\t\t<\/div>\n\t\t\t\t<\/div>\n\t\t\t\t<\/div>\n\t\t\t\t<\/div>\n\t\t\t\t\t<\/div>\n\t\t\t\t<\/div>\n\t\t\t\t<\/div>\n\t\t","protected":false},"excerpt":{"rendered":"<p>Nuestros servicios de asesoramiento online Asesoramiento online Ofrecemos consultas presenciales a domicilio para brindaros una atenci\u00f3n m\u00e1s personalizada e \u00edntima, lo que nos permite observar vuestro entorno, comprender mejor vuestro estilo de vida y ofreceros consejos pr\u00e1cticos adaptados a vuestra situaci\u00f3n espec\u00edfica. Consultes via Whatsapp 100 \u20ac En el camino del embarazo y el posparto, [&hellip;]<\/p>\n","protected":false},"author":2,"featured_media":0,"parent":0,"menu_order":0,"comment_status":"closed","ping_status":"closed","template":"","meta":{"site-sidebar-layout":"no-sidebar","site-content-layout":"page-builder","ast-site-content-layout":"full-width-container","site-content-style":"unboxed","site-sidebar-style":"unboxed","ast-global-header-display":"","ast-banner-title-visibility":"","ast-main-header-display":"","ast-hfb-above-header-display":"","ast-hfb-below-header-display":"","ast-hfb-mobile-header-display":"","site-post-title":"disabled","ast-breadcrumbs-content":"","ast-featured-img":"disabled","footer-sml-layout":"","theme-transparent-header-meta":"enabled","adv-header-id-meta":"","stick-header-meta":"","header-above-stick-meta":"","header-main-stick-meta":"","header-below-stick-meta":"","astra-migrate-meta-layouts":"set","ast-page-background-enabled":"default","ast-page-background-meta":{"desktop":{"background-color":"","background-image":"","background-repeat":"repeat","background-position":"center center","background-size":"auto","background-attachment":"scroll","background-type":"","background-media":"","overlay-type":"","overlay-color":"","overlay-opacity":"","overlay-gradient":""},"tablet":{"background-color":"","background-image":"","background-repeat":"repeat","background-position":"center center","background-size":"auto","background-attachment":"scroll","background-type":"","background-media":"","overlay-type":"","overlay-color":"","overlay-opacity":"","overlay-gradient":""},"mobile":{"background-color":"","background-image":"","background-repeat":"repeat","background-position":"center center","background-size":"auto","background-attachment":"scroll","background-type":"","background-media":"","overlay-type":"","overlay-color":"","overlay-opacity":"","overlay-gradient":""}},"ast-content-background-meta":{"desktop":{"background-color":"var(--ast-global-color-5)","background-image":"","background-repeat":"repeat","background-position":"center center","background-size":"auto","background-attachment":"scroll","background-type":"","background-media":"","overlay-type":"","overlay-color":"","overlay-opacity":"","overlay-gradient":""},"tablet":{"background-color":"var(--ast-global-color-5)","background-image":"","background-repeat":"repeat","background-position":"center center","background-size":"auto","background-attachment":"scroll","background-type":"","background-media":"","overlay-type":"","overlay-color":"","overlay-opacity":"","overlay-gradient":""},"mobile":{"background-color":"var(--ast-global-color-5)","background-image":"","background-repeat":"repeat","background-position":"center center","background-size":"auto","background-attachment":"scroll","background-type":"","background-media":"","overlay-type":"","overlay-color":"","overlay-opacity":"","overlay-gradient":""}},"footnotes":""},"class_list":["post-4784","page","type-page","status-publish","hentry"],"yoast_head":"<!-- This site is optimized with the Yoast SEO plugin v26.6 - https:\/\/yoast.com\/wordpress\/plugins\/seo\/ -->\n<title>Asesoramiento online - Criand<\/title>\n<meta name=\"robots\" content=\"index, follow, max-snippet:-1, max-image-preview:large, max-video-preview:-1\" \/>\n<link rel=\"canonical\" href=\"https:\/\/criand.ad\/assesssorament-online\/\" \/>\n<meta property=\"og:locale\" content=\"es_ES\" \/>\n<meta property=\"og:type\" content=\"article\" \/>\n<meta property=\"og:title\" content=\"Asesoramiento online - Criand\" \/>\n<meta property=\"og:description\" content=\"Nuestros servicios de asesoramiento online Asesoramiento online Ofrecemos consultas presenciales a domicilio para brindaros una atenci\u00f3n m\u00e1s personalizada e \u00edntima, lo que nos permite observar vuestro entorno, comprender mejor vuestro estilo de vida y ofreceros consejos pr\u00e1cticos adaptados a vuestra situaci\u00f3n espec\u00edfica. Consultes via Whatsapp 100 \u20ac En el camino del embarazo y el posparto, [&hellip;]\" \/>\n<meta property=\"og:url\" content=\"https:\/\/criand.ad\/assesssorament-online\/\" \/>\n<meta property=\"og:site_name\" content=\"Criand\" \/>\n<meta property=\"article:modified_time\" content=\"2025-12-16T16:51:06+00:00\" \/>\n<meta property=\"og:image\" content=\"http:\/\/criand.ad\/wp-content\/uploads\/2025\/05\/PHOTO-2025-03-16-18-46-06.jpg\" \/>\n<meta name=\"twitter:card\" content=\"summary_large_image\" \/>\n<meta name=\"twitter:label1\" content=\"Tiempo de lectura\" \/>\n\t<meta name=\"twitter:data1\" content=\"2 minutos\" \/>\n<script type=\"application\/ld+json\" class=\"yoast-schema-graph\">{\"@context\":\"https:\/\/schema.org\",\"@graph\":[{\"@type\":\"WebPage\",\"@id\":\"https:\/\/criand.ad\/assesssorament-online\/\",\"url\":\"https:\/\/criand.ad\/assesssorament-online\/\",\"name\":\"Asesoramiento online - Criand\",\"isPartOf\":{\"@id\":\"https:\/\/criand.ad\/#website\"},\"primaryImageOfPage\":{\"@id\":\"https:\/\/criand.ad\/assesssorament-online\/#primaryimage\"},\"image\":{\"@id\":\"https:\/\/criand.ad\/assesssorament-online\/#primaryimage\"},\"thumbnailUrl\":\"http:\/\/criand.ad\/wp-content\/uploads\/2025\/05\/PHOTO-2025-03-16-18-46-06.jpg\",\"datePublished\":\"2025-08-19T13:17:30+00:00\",\"dateModified\":\"2025-12-16T16:51:06+00:00\",\"breadcrumb\":{\"@id\":\"https:\/\/criand.ad\/assesssorament-online\/#breadcrumb\"},\"inLanguage\":\"es\",\"potentialAction\":[{\"@type\":\"ReadAction\",\"target\":[\"https:\/\/criand.ad\/assesssorament-online\/\"]}]},{\"@type\":\"ImageObject\",\"inLanguage\":\"es\",\"@id\":\"https:\/\/criand.ad\/assesssorament-online\/#primaryimage\",\"url\":\"http:\/\/criand.ad\/wp-content\/uploads\/2025\/05\/PHOTO-2025-03-16-18-46-06.jpg\",\"contentUrl\":\"http:\/\/criand.ad\/wp-content\/uploads\/2025\/05\/PHOTO-2025-03-16-18-46-06.jpg\"},{\"@type\":\"BreadcrumbList\",\"@id\":\"https:\/\/criand.ad\/assesssorament-online\/#breadcrumb\",\"itemListElement\":[{\"@type\":\"ListItem\",\"position\":1,\"name\":\"Inici\",\"item\":\"https:\/\/criand.ad\/es\/\"},{\"@type\":\"ListItem\",\"position\":2,\"name\":\"Asesoramiento online\"}]},{\"@type\":\"WebSite\",\"@id\":\"https:\/\/criand.ad\/#website\",\"url\":\"https:\/\/criand.ad\/\",\"name\":\"CRIAND\",\"description\":\"Embar\u00e0s, Postpart i Crian\u00e7a\",\"publisher\":{\"@id\":\"https:\/\/criand.ad\/#organization\"},\"potentialAction\":[{\"@type\":\"SearchAction\",\"target\":{\"@type\":\"EntryPoint\",\"urlTemplate\":\"https:\/\/criand.ad\/?s={search_term_string}\"},\"query-input\":{\"@type\":\"PropertyValueSpecification\",\"valueRequired\":true,\"valueName\":\"search_term_string\"}}],\"inLanguage\":\"es\"},{\"@type\":\"Organization\",\"@id\":\"https:\/\/criand.ad\/#organization\",\"name\":\"CRIAND\",\"url\":\"https:\/\/criand.ad\/\",\"logo\":{\"@type\":\"ImageObject\",\"inLanguage\":\"es\",\"@id\":\"https:\/\/criand.ad\/#\/schema\/logo\/image\/\",\"url\":\"https:\/\/criand.ad\/wp-content\/uploads\/2025\/05\/cropped-logo-1.png\",\"contentUrl\":\"https:\/\/criand.ad\/wp-content\/uploads\/2025\/05\/cropped-logo-1.png\",\"width\":360,\"height\":218,\"caption\":\"CRIAND\"},\"image\":{\"@id\":\"https:\/\/criand.ad\/#\/schema\/logo\/image\/\"},\"sameAs\":[\"http:\/\/instagram.com\/criand.andorra\"]}]}<\/script>\n<!-- \/ Yoast SEO plugin. -->","yoast_head_json":{"title":"Asesoramiento online - Criand","robots":{"index":"index","follow":"follow","max-snippet":"max-snippet:-1","max-image-preview":"max-image-preview:large","max-video-preview":"max-video-preview:-1"},"canonical":"https:\/\/criand.ad\/assesssorament-online\/","og_locale":"es_ES","og_type":"article","og_title":"Asesoramiento online - Criand","og_description":"Nuestros servicios de asesoramiento online Asesoramiento online Ofrecemos consultas presenciales a domicilio para brindaros una atenci\u00f3n m\u00e1s personalizada e \u00edntima, lo que nos permite observar vuestro entorno, comprender mejor vuestro estilo de vida y ofreceros consejos pr\u00e1cticos adaptados a vuestra situaci\u00f3n espec\u00edfica. Consultes via Whatsapp 100 \u20ac En el camino del embarazo y el posparto, [&hellip;]","og_url":"https:\/\/criand.ad\/assesssorament-online\/","og_site_name":"Criand","article_modified_time":"2025-12-16T16:51:06+00:00","og_image":[{"url":"http:\/\/criand.ad\/wp-content\/uploads\/2025\/05\/PHOTO-2025-03-16-18-46-06.jpg","type":"","width":"","height":""}],"twitter_card":"summary_large_image","twitter_misc":{"Tiempo de lectura":"2 minutos"},"schema":{"@context":"https:\/\/schema.org","@graph":[{"@type":"WebPage","@id":"https:\/\/criand.ad\/assesssorament-online\/","url":"https:\/\/criand.ad\/assesssorament-online\/","name":"Asesoramiento online - Criand","isPartOf":{"@id":"https:\/\/criand.ad\/#website"},"primaryImageOfPage":{"@id":"https:\/\/criand.ad\/assesssorament-online\/#primaryimage"},"image":{"@id":"https:\/\/criand.ad\/assesssorament-online\/#primaryimage"},"thumbnailUrl":"http:\/\/criand.ad\/wp-content\/uploads\/2025\/05\/PHOTO-2025-03-16-18-46-06.jpg","datePublished":"2025-08-19T13:17:30+00:00","dateModified":"2025-12-16T16:51:06+00:00","breadcrumb":{"@id":"https:\/\/criand.ad\/assesssorament-online\/#breadcrumb"},"inLanguage":"es","potentialAction":[{"@type":"ReadAction","target":["https:\/\/criand.ad\/assesssorament-online\/"]}]},{"@type":"ImageObject","inLanguage":"es","@id":"https:\/\/criand.ad\/assesssorament-online\/#primaryimage","url":"http:\/\/criand.ad\/wp-content\/uploads\/2025\/05\/PHOTO-2025-03-16-18-46-06.jpg","contentUrl":"http:\/\/criand.ad\/wp-content\/uploads\/2025\/05\/PHOTO-2025-03-16-18-46-06.jpg"},{"@type":"BreadcrumbList","@id":"https:\/\/criand.ad\/assesssorament-online\/#breadcrumb","itemListElement":[{"@type":"ListItem","position":1,"name":"Inici","item":"https:\/\/criand.ad\/es\/"},{"@type":"ListItem","position":2,"name":"Asesoramiento online"}]},{"@type":"WebSite","@id":"https:\/\/criand.ad\/#website","url":"https:\/\/criand.ad\/","name":"CRIAND","description":"Embar\u00e0s, Postpart i Crian\u00e7a","publisher":{"@id":"https:\/\/criand.ad\/#organization"},"potentialAction":[{"@type":"SearchAction","target":{"@type":"EntryPoint","urlTemplate":"https:\/\/criand.ad\/?s={search_term_string}"},"query-input":{"@type":"PropertyValueSpecification","valueRequired":true,"valueName":"search_term_string"}}],"inLanguage":"es"},{"@type":"Organization","@id":"https:\/\/criand.ad\/#organization","name":"CRIAND","url":"https:\/\/criand.ad\/","logo":{"@type":"ImageObject","inLanguage":"es","@id":"https:\/\/criand.ad\/#\/schema\/logo\/image\/","url":"https:\/\/criand.ad\/wp-content\/uploads\/2025\/05\/cropped-logo-1.png","contentUrl":"https:\/\/criand.ad\/wp-content\/uploads\/2025\/05\/cropped-logo-1.png","width":360,"height":218,"caption":"CRIAND"},"image":{"@id":"https:\/\/criand.ad\/#\/schema\/logo\/image\/"},"sameAs":["http:\/\/instagram.com\/criand.andorra"]}]}},"_links":{"self":[{"href":"https:\/\/criand.ad\/es\/wp-json\/wp\/v2\/pages\/4784","targetHints":{"allow":["GET"]}}],"collection":[{"href":"https:\/\/criand.ad\/es\/wp-json\/wp\/v2\/pages"}],"about":[{"href":"https:\/\/criand.ad\/es\/wp-json\/wp\/v2\/types\/page"}],"author":[{"embeddable":true,"href":"https:\/\/criand.ad\/es\/wp-json\/wp\/v2\/users\/2"}],"replies":[{"embeddable":true,"href":"https:\/\/criand.ad\/es\/wp-json\/wp\/v2\/comments?post=4784"}],"version-history":[{"count":0,"href":"https:\/\/criand.ad\/es\/wp-json\/wp\/v2\/pages\/4784\/revisions"}],"wp:attachment":[{"href":"https:\/\/criand.ad\/es\/wp-json\/wp\/v2\/media?parent=4784"}],"curies":[{"name":"wp","href":"https:\/\/api.w.org\/{rel}","templated":true}]}}