{"id":4778,"date":"2025-07-21T07:21:54","date_gmt":"2025-07-21T05:21:54","guid":{"rendered":"http:\/\/criand.ad\/assessorament-presencial\/"},"modified":"2025-09-08T21:02:21","modified_gmt":"2025-09-08T21:02:21","slug":"asesoramiento-presencial","status":"publish","type":"page","link":"https:\/\/criand.ad\/es\/asesoramiento-presencial\/","title":{"rendered":"Asesoramiento presencial"},"content":{"rendered":"\t\t<div data-elementor-type=\"wp-page\" data-elementor-id=\"4778\" class=\"elementor elementor-4778 elementor-3228\">\n\t\t\t\t<div class=\"elementor-element elementor-element-05f8521 e-flex e-con-boxed e-con e-parent\" data-id=\"05f8521\" data-element_type=\"container\" data-settings=\"{&quot;background_background&quot;:&quot;classic&quot;}\">\n\t\t\t\t\t<div class=\"e-con-inner\">\n\t\t<div class=\"elementor-element elementor-element-a5fa6c4 e-con-full e-flex e-con e-child\" data-id=\"a5fa6c4\" data-element_type=\"container\">\n\t\t\t\t<div class=\"elementor-element elementor-element-65c2218 elementor-widget elementor-widget-heading\" data-id=\"65c2218\" data-element_type=\"widget\" data-widget_type=\"heading.default\">\n\t\t\t\t<div class=\"elementor-widget-container\">\n\t\t\t\t\t<h6 class=\"elementor-heading-title elementor-size-default\">Nuestros servicios <\/h6>\t\t\t\t<\/div>\n\t\t\t\t<\/div>\n\t\t\t\t<div class=\"elementor-element elementor-element-5fde413 elementor-widget elementor-widget-heading\" data-id=\"5fde413\" data-element_type=\"widget\" data-widget_type=\"heading.default\">\n\t\t\t\t<div class=\"elementor-widget-container\">\n\t\t\t\t\t<h1 class=\"elementor-heading-title elementor-size-default\">Asesoramiento presencial<\/h1>\t\t\t\t<\/div>\n\t\t\t\t<\/div>\n\t\t\t\t<div class=\"elementor-element elementor-element-a5ca942 elementor-widget elementor-widget-text-editor\" data-id=\"a5ca942\" data-element_type=\"widget\" data-widget_type=\"text-editor.default\">\n\t\t\t\t<div class=\"elementor-widget-container\">\n\t\t\t\t\t\t\t\t\t<p>Ofrecemos consultas presenciales a domicilio para brindaros una atenci\u00f3n m\u00e1s personalizada e \u00edntima, lo que nos permite observar vuestro entorno, comprender mejor vuestro estilo de vida y ofreceros consejos pr\u00e1cticos adaptados a vuestra situaci\u00f3n espec\u00edfica.<\/p>\t\t\t\t\t\t\t\t<\/div>\n\t\t\t\t<\/div>\n\t\t\t\t<div class=\"elementor-element elementor-element-cfb83de elementor-widget-divider--view-line elementor-widget elementor-widget-divider\" data-id=\"cfb83de\" data-element_type=\"widget\" data-widget_type=\"divider.default\">\n\t\t\t\t<div class=\"elementor-widget-container\">\n\t\t\t\t\t\t\t<div class=\"elementor-divider\">\n\t\t\t<span class=\"elementor-divider-separator\">\n\t\t\t\t\t\t<\/span>\n\t\t<\/div>\n\t\t\t\t\t\t<\/div>\n\t\t\t\t<\/div>\n\t\t\t\t<\/div>\n\t\t\t\t\t<\/div>\n\t\t\t\t<\/div>\n\t\t<div class=\"elementor-element elementor-element-deefcd4 e-flex e-con-boxed e-con e-parent\" data-id=\"deefcd4\" data-element_type=\"container\">\n\t\t\t\t\t<div class=\"e-con-inner\">\n\t\t<div class=\"elementor-element elementor-element-5eafd49 e-con-full e-flex e-con e-child\" data-id=\"5eafd49\" data-element_type=\"container\">\n\t\t\t\t<div class=\"elementor-element elementor-element-e3f92af elementor-widget elementor-widget-image\" data-id=\"e3f92af\" data-element_type=\"widget\" data-widget_type=\"image.default\">\n\t\t\t\t<div class=\"elementor-widget-container\">\n\t\t\t\t\t\t\t\t\t\t\t\t\t\t\t<img fetchpriority=\"high\" decoding=\"async\" width=\"800\" height=\"534\" src=\"https:\/\/criand.ad\/wp-content\/uploads\/2025\/05\/s-1.jpg\" class=\"attachment-large size-large wp-image-4577\" alt=\"\" srcset=\"https:\/\/criand.ad\/wp-content\/uploads\/2025\/05\/s-1.jpg 800w, https:\/\/criand.ad\/wp-content\/uploads\/2025\/05\/s-1-300x200.jpg 300w, https:\/\/criand.ad\/wp-content\/uploads\/2025\/05\/s-1-768x513.jpg 768w, https:\/\/criand.ad\/wp-content\/uploads\/2025\/05\/s-1-600x401.jpg 600w\" sizes=\"(max-width: 800px) 100vw, 800px\" \/>\t\t\t\t\t\t\t\t\t\t\t\t\t\t\t<\/div>\n\t\t\t\t<\/div>\n\t\t\t\t<div class=\"elementor-element elementor-element-4c16372 elementor-widget elementor-widget-heading\" data-id=\"4c16372\" data-element_type=\"widget\" data-widget_type=\"heading.default\">\n\t\t\t\t<div class=\"elementor-widget-container\">\n\t\t\t\t\t<h2 class=\"elementor-heading-title elementor-size-default\">Embarazo<\/h2>\t\t\t\t<\/div>\n\t\t\t\t<\/div>\n\t\t\t\t<div class=\"elementor-element elementor-element-8635292 elementor-widget elementor-widget-text-editor\" data-id=\"8635292\" data-element_type=\"widget\" data-widget_type=\"text-editor.default\">\n\t\t\t\t<div class=\"elementor-widget-container\">\n\t\t\t\t\t\t\t\t\tEl embarazo es una etapa trascendental en la vida de la mujer y de las familias, una etapa llena de cambios f\u00edsicos, emocionales y sociales. Desde Criand queremos acompa\u00f1aros a lo largo de esta aventura, ofreciendo un asesoramiento global y una preparaci\u00f3n al nacimiento que se adapte a vuestras necesidades. Crearemos un espacio seguro y personalizado para resolver dudas, prepararte para el parto y vivir esta etapa con confianza.\t\t\t\t\t\t\t\t<\/div>\n\t\t\t\t<\/div>\n\t\t\t\t<div class=\"elementor-element elementor-element-cfc8623 elementor-button-info elementor-align-center elementor-widget__width-inherit elementor-widget elementor-widget-button\" data-id=\"cfc8623\" data-element_type=\"widget\" data-widget_type=\"button.default\">\n\t\t\t\t<div class=\"elementor-widget-container\">\n\t\t\t\t\t\t\t\t\t<div class=\"elementor-button-wrapper\">\n\t\t\t\t\t<a class=\"elementor-button elementor-button-link elementor-size-sm\" href=\"http:\/\/criand.ad\/es\/embarazo\/\">\n\t\t\t\t\t\t<span class=\"elementor-button-content-wrapper\">\n\t\t\t\t\t\t\t\t\t<span class=\"elementor-button-text\">Saber m\u00e1s <\/span>\n\t\t\t\t\t<\/span>\n\t\t\t\t\t<\/a>\n\t\t\t\t<\/div>\n\t\t\t\t\t\t\t\t<\/div>\n\t\t\t\t<\/div>\n\t\t\t\t<\/div>\n\t\t<div class=\"elementor-element elementor-element-5ffbfef e-con-full e-flex e-con e-child\" data-id=\"5ffbfef\" data-element_type=\"container\">\n\t\t\t\t<div class=\"elementor-element elementor-element-8eadf46 elementor-widget elementor-widget-image\" data-id=\"8eadf46\" data-element_type=\"widget\" data-widget_type=\"image.default\">\n\t\t\t\t<div class=\"elementor-widget-container\">\n\t\t\t\t\t\t\t\t\t\t\t\t\t\t\t<img decoding=\"async\" width=\"800\" height=\"533\" src=\"https:\/\/criand.ad\/wp-content\/uploads\/2025\/05\/toddler-beastfeed.jpeg\" class=\"attachment-large size-large wp-image-4580\" alt=\"\" srcset=\"https:\/\/criand.ad\/wp-content\/uploads\/2025\/05\/toddler-beastfeed.jpeg 800w, https:\/\/criand.ad\/wp-content\/uploads\/2025\/05\/toddler-beastfeed-300x200.jpeg 300w, https:\/\/criand.ad\/wp-content\/uploads\/2025\/05\/toddler-beastfeed-768x512.jpeg 768w, https:\/\/criand.ad\/wp-content\/uploads\/2025\/05\/toddler-beastfeed-600x400.jpeg 600w\" sizes=\"(max-width: 800px) 100vw, 800px\" \/>\t\t\t\t\t\t\t\t\t\t\t\t\t\t\t<\/div>\n\t\t\t\t<\/div>\n\t\t\t\t<div class=\"elementor-element elementor-element-c7de1c2 elementor-widget elementor-widget-heading\" data-id=\"c7de1c2\" data-element_type=\"widget\" data-widget_type=\"heading.default\">\n\t\t\t\t<div class=\"elementor-widget-container\">\n\t\t\t\t\t<h2 class=\"elementor-heading-title elementor-size-default\">Postparto<\/h2>\t\t\t\t<\/div>\n\t\t\t\t<\/div>\n\t\t\t\t<div class=\"elementor-element elementor-element-1c828ca elementor-widget elementor-widget-text-editor\" data-id=\"1c828ca\" data-element_type=\"widget\" data-widget_type=\"text-editor.default\">\n\t\t\t\t<div class=\"elementor-widget-container\">\n\t\t\t\t\t\t\t\t\tEsta es una etapa crucial donde se necesita apoyo y orientaci\u00f3n. Por este motivo, ofrecemos una serie de servicios a domicilio en Andorra para ayudaros durante esta transici\u00f3n, ya sea en el \u00e1mbito de los cuidados del reci\u00e9n nacido, cuidados de la madre, recuperaci\u00f3n postparto, asesoramiento en lactancia, porteo y otros temas de crianza que puedan ser de vuestro inter\u00e9s, como primeros auxilios, baby-led weaning o sue\u00f1o infantil.\t\t\t\t\t\t\t\t<\/div>\n\t\t\t\t<\/div>\n\t\t\t\t<div class=\"elementor-element elementor-element-5db3590 elementor-button-info elementor-align-center elementor-widget__width-inherit elementor-widget elementor-widget-button\" data-id=\"5db3590\" data-element_type=\"widget\" data-widget_type=\"button.default\">\n\t\t\t\t<div class=\"elementor-widget-container\">\n\t\t\t\t\t\t\t\t\t<div class=\"elementor-button-wrapper\">\n\t\t\t\t\t<a class=\"elementor-button elementor-button-link elementor-size-sm\" href=\"http:\/\/criand.ad\/es\/postparto\/\">\n\t\t\t\t\t\t<span class=\"elementor-button-content-wrapper\">\n\t\t\t\t\t\t\t\t\t<span class=\"elementor-button-text\">Saber m\u00e1s <\/span>\n\t\t\t\t\t<\/span>\n\t\t\t\t\t<\/a>\n\t\t\t\t<\/div>\n\t\t\t\t\t\t\t\t<\/div>\n\t\t\t\t<\/div>\n\t\t\t\t<\/div>\n\t\t<div class=\"elementor-element elementor-element-53bcb8b e-con-full e-flex e-con e-child\" data-id=\"53bcb8b\" data-element_type=\"container\">\n\t\t\t\t<div class=\"elementor-element elementor-element-0c8e526 elementor-widget elementor-widget-image\" data-id=\"0c8e526\" data-element_type=\"widget\" data-widget_type=\"image.default\">\n\t\t\t\t<div class=\"elementor-widget-container\">\n\t\t\t\t\t\t\t\t\t\t\t\t\t\t\t<img decoding=\"async\" width=\"550\" height=\"367\" src=\"https:\/\/criand.ad\/wp-content\/uploads\/2025\/05\/iogagrup.webp\" class=\"attachment-large size-large wp-image-4571\" alt=\"\" srcset=\"https:\/\/criand.ad\/wp-content\/uploads\/2025\/05\/iogagrup.webp 550w, https:\/\/criand.ad\/wp-content\/uploads\/2025\/05\/iogagrup-300x200.webp 300w\" sizes=\"(max-width: 550px) 100vw, 550px\" \/>\t\t\t\t\t\t\t\t\t\t\t\t\t\t\t<\/div>\n\t\t\t\t<\/div>\n\t\t\t\t<div class=\"elementor-element elementor-element-b4a54dd elementor-widget elementor-widget-heading\" data-id=\"b4a54dd\" data-element_type=\"widget\" data-widget_type=\"heading.default\">\n\t\t\t\t<div class=\"elementor-widget-container\">\n\t\t\t\t\t<h2 class=\"elementor-heading-title elementor-size-default\">Aeroyoga<\/h2>\t\t\t\t<\/div>\n\t\t\t\t<\/div>\n\t\t\t\t<div class=\"elementor-element elementor-element-b91af20 elementor-widget elementor-widget-text-editor\" data-id=\"b91af20\" data-element_type=\"widget\" data-widget_type=\"text-editor.default\">\n\t\t\t\t<div class=\"elementor-widget-container\">\n\t\t\t\t\t\t\t\t\t<p>Disponemos de una oferta semanal de clase de aeroyoga, un grupo de embarazo para prepararse para el parto, y de postparto con beb\u00e9s con ejercicios adaptados para la recuperaci\u00f3n postparto. Podemos destacar que el hecho de ser semanal ofrece a las madres la posibilidad no solo de hacer ejercicio y mantenerse activas, sino tambi\u00e9n de disponer de un espacio donde crear tribu y compartir esta maravillosa aventura de la maternidad.<\/p>\t\t\t\t\t\t\t\t<\/div>\n\t\t\t\t<\/div>\n\t\t\t\t<div class=\"elementor-element elementor-element-ac76d74 elementor-button-info elementor-align-center elementor-widget__width-inherit elementor-widget elementor-widget-button\" data-id=\"ac76d74\" data-element_type=\"widget\" data-widget_type=\"button.default\">\n\t\t\t\t<div class=\"elementor-widget-container\">\n\t\t\t\t\t\t\t\t\t<div class=\"elementor-button-wrapper\">\n\t\t\t\t\t<a class=\"elementor-button elementor-button-link elementor-size-sm\" href=\"http:\/\/criand.ad\/categoria-producto\/assessorament-presencial\/aeroyoga\/\">\n\t\t\t\t\t\t<span class=\"elementor-button-content-wrapper\">\n\t\t\t\t\t\t\t\t\t<span class=\"elementor-button-text\">Saber m\u00e1s<\/span>\n\t\t\t\t\t<\/span>\n\t\t\t\t\t<\/a>\n\t\t\t\t<\/div>\n\t\t\t\t\t\t\t\t<\/div>\n\t\t\t\t<\/div>\n\t\t\t\t<\/div>\n\t\t\t\t\t<\/div>\n\t\t\t\t<\/div>\n\t\t\t\t<\/div>\n\t\t","protected":false},"excerpt":{"rendered":"<p>Nuestros servicios Asesoramiento presencial Ofrecemos consultas presenciales a domicilio para brindaros una atenci\u00f3n m\u00e1s personalizada e \u00edntima, lo que nos permite observar vuestro entorno, comprender mejor vuestro estilo de vida y ofreceros consejos pr\u00e1cticos adaptados a vuestra situaci\u00f3n espec\u00edfica. Embarazo El embarazo es una etapa trascendental en la vida de la mujer y de las [&hellip;]<\/p>\n","protected":false},"author":1,"featured_media":0,"parent":0,"menu_order":0,"comment_status":"closed","ping_status":"closed","template":"","meta":{"site-sidebar-layout":"no-sidebar","site-content-layout":"page-builder","ast-site-content-layout":"full-width-container","site-content-style":"unboxed","site-sidebar-style":"unboxed","ast-global-header-display":"","ast-banner-title-visibility":"","ast-main-header-display":"","ast-hfb-above-header-display":"","ast-hfb-below-header-display":"","ast-hfb-mobile-header-display":"","site-post-title":"disabled","ast-breadcrumbs-content":"","ast-featured-img":"disabled","footer-sml-layout":"","theme-transparent-header-meta":"enabled","adv-header-id-meta":"","stick-header-meta":"","header-above-stick-meta":"","header-main-stick-meta":"","header-below-stick-meta":"","astra-migrate-meta-layouts":"set","ast-page-background-enabled":"default","ast-page-background-meta":{"desktop":{"background-color":"","background-image":"","background-repeat":"repeat","background-position":"center center","background-size":"auto","background-attachment":"scroll","background-type":"","background-media":"","overlay-type":"","overlay-color":"","overlay-opacity":"","overlay-gradient":""},"tablet":{"background-color":"","background-image":"","background-repeat":"repeat","background-position":"center center","background-size":"auto","background-attachment":"scroll","background-type":"","background-media":"","overlay-type":"","overlay-color":"","overlay-opacity":"","overlay-gradient":""},"mobile":{"background-color":"","background-image":"","background-repeat":"repeat","background-position":"center center","background-size":"auto","background-attachment":"scroll","background-type":"","background-media":"","overlay-type":"","overlay-color":"","overlay-opacity":"","overlay-gradient":""}},"ast-content-background-meta":{"desktop":{"background-color":"var(--ast-global-color-5)","background-image":"","background-repeat":"repeat","background-position":"center center","background-size":"auto","background-attachment":"scroll","background-type":"","background-media":"","overlay-type":"","overlay-color":"","overlay-opacity":"","overlay-gradient":""},"tablet":{"background-color":"var(--ast-global-color-5)","background-image":"","background-repeat":"repeat","background-position":"center center","background-size":"auto","background-attachment":"scroll","background-type":"","background-media":"","overlay-type":"","overlay-color":"","overlay-opacity":"","overlay-gradient":""},"mobile":{"background-color":"var(--ast-global-color-5)","background-image":"","background-repeat":"repeat","background-position":"center center","background-size":"auto","background-attachment":"scroll","background-type":"","background-media":"","overlay-type":"","overlay-color":"","overlay-opacity":"","overlay-gradient":""}},"footnotes":""},"class_list":["post-4778","page","type-page","status-publish","hentry"],"yoast_head":"<!-- This site is optimized with the Yoast SEO plugin v26.6 - https:\/\/yoast.com\/wordpress\/plugins\/seo\/ -->\n<title>Asesoramiento presencial - Criand<\/title>\n<meta name=\"robots\" content=\"index, follow, max-snippet:-1, max-image-preview:large, max-video-preview:-1\" \/>\n<link rel=\"canonical\" href=\"https:\/\/criand.ad\/assessorament-presencial\/\" \/>\n<meta property=\"og:locale\" content=\"es_ES\" \/>\n<meta property=\"og:type\" content=\"article\" \/>\n<meta property=\"og:title\" content=\"Asesoramiento presencial - Criand\" \/>\n<meta property=\"og:description\" content=\"Nuestros servicios Asesoramiento presencial Ofrecemos consultas presenciales a domicilio para brindaros una atenci\u00f3n m\u00e1s personalizada e \u00edntima, lo que nos permite observar vuestro entorno, comprender mejor vuestro estilo de vida y ofreceros consejos pr\u00e1cticos adaptados a vuestra situaci\u00f3n espec\u00edfica. Embarazo El embarazo es una etapa trascendental en la vida de la mujer y de las [&hellip;]\" \/>\n<meta property=\"og:url\" content=\"https:\/\/criand.ad\/assessorament-presencial\/\" \/>\n<meta property=\"og:site_name\" content=\"Criand\" \/>\n<meta property=\"article:modified_time\" content=\"2025-09-08T21:02:21+00:00\" \/>\n<meta property=\"og:image\" content=\"http:\/\/criand.ad\/wp-content\/uploads\/2025\/05\/s-1.jpg\" \/>\n<meta name=\"twitter:card\" content=\"summary_large_image\" \/>\n<meta name=\"twitter:label1\" content=\"Tiempo de lectura\" \/>\n\t<meta name=\"twitter:data1\" content=\"3 minutos\" \/>\n<script type=\"application\/ld+json\" class=\"yoast-schema-graph\">{\"@context\":\"https:\/\/schema.org\",\"@graph\":[{\"@type\":\"WebPage\",\"@id\":\"https:\/\/criand.ad\/assessorament-presencial\/\",\"url\":\"https:\/\/criand.ad\/assessorament-presencial\/\",\"name\":\"Asesoramiento presencial - Criand\",\"isPartOf\":{\"@id\":\"https:\/\/criand.ad\/#website\"},\"primaryImageOfPage\":{\"@id\":\"https:\/\/criand.ad\/assessorament-presencial\/#primaryimage\"},\"image\":{\"@id\":\"https:\/\/criand.ad\/assessorament-presencial\/#primaryimage\"},\"thumbnailUrl\":\"http:\/\/criand.ad\/wp-content\/uploads\/2025\/05\/s-1.jpg\",\"datePublished\":\"2025-07-21T05:21:54+00:00\",\"dateModified\":\"2025-09-08T21:02:21+00:00\",\"breadcrumb\":{\"@id\":\"https:\/\/criand.ad\/assessorament-presencial\/#breadcrumb\"},\"inLanguage\":\"es\",\"potentialAction\":[{\"@type\":\"ReadAction\",\"target\":[\"https:\/\/criand.ad\/assessorament-presencial\/\"]}]},{\"@type\":\"ImageObject\",\"inLanguage\":\"es\",\"@id\":\"https:\/\/criand.ad\/assessorament-presencial\/#primaryimage\",\"url\":\"http:\/\/criand.ad\/wp-content\/uploads\/2025\/05\/s-1.jpg\",\"contentUrl\":\"http:\/\/criand.ad\/wp-content\/uploads\/2025\/05\/s-1.jpg\"},{\"@type\":\"BreadcrumbList\",\"@id\":\"https:\/\/criand.ad\/assessorament-presencial\/#breadcrumb\",\"itemListElement\":[{\"@type\":\"ListItem\",\"position\":1,\"name\":\"Inici\",\"item\":\"https:\/\/criand.ad\/es\/\"},{\"@type\":\"ListItem\",\"position\":2,\"name\":\"Asesoramiento presencial\"}]},{\"@type\":\"WebSite\",\"@id\":\"https:\/\/criand.ad\/#website\",\"url\":\"https:\/\/criand.ad\/\",\"name\":\"CRIAND\",\"description\":\"Embar\u00e0s, Postpart i Crian\u00e7a\",\"publisher\":{\"@id\":\"https:\/\/criand.ad\/#organization\"},\"potentialAction\":[{\"@type\":\"SearchAction\",\"target\":{\"@type\":\"EntryPoint\",\"urlTemplate\":\"https:\/\/criand.ad\/?s={search_term_string}\"},\"query-input\":{\"@type\":\"PropertyValueSpecification\",\"valueRequired\":true,\"valueName\":\"search_term_string\"}}],\"inLanguage\":\"es\"},{\"@type\":\"Organization\",\"@id\":\"https:\/\/criand.ad\/#organization\",\"name\":\"CRIAND\",\"url\":\"https:\/\/criand.ad\/\",\"logo\":{\"@type\":\"ImageObject\",\"inLanguage\":\"es\",\"@id\":\"https:\/\/criand.ad\/#\/schema\/logo\/image\/\",\"url\":\"https:\/\/criand.ad\/wp-content\/uploads\/2025\/05\/cropped-logo-1.png\",\"contentUrl\":\"https:\/\/criand.ad\/wp-content\/uploads\/2025\/05\/cropped-logo-1.png\",\"width\":360,\"height\":218,\"caption\":\"CRIAND\"},\"image\":{\"@id\":\"https:\/\/criand.ad\/#\/schema\/logo\/image\/\"},\"sameAs\":[\"http:\/\/instagram.com\/criand.andorra\"]}]}<\/script>\n<!-- \/ Yoast SEO plugin. -->","yoast_head_json":{"title":"Asesoramiento presencial - Criand","robots":{"index":"index","follow":"follow","max-snippet":"max-snippet:-1","max-image-preview":"max-image-preview:large","max-video-preview":"max-video-preview:-1"},"canonical":"https:\/\/criand.ad\/assessorament-presencial\/","og_locale":"es_ES","og_type":"article","og_title":"Asesoramiento presencial - Criand","og_description":"Nuestros servicios Asesoramiento presencial Ofrecemos consultas presenciales a domicilio para brindaros una atenci\u00f3n m\u00e1s personalizada e \u00edntima, lo que nos permite observar vuestro entorno, comprender mejor vuestro estilo de vida y ofreceros consejos pr\u00e1cticos adaptados a vuestra situaci\u00f3n espec\u00edfica. Embarazo El embarazo es una etapa trascendental en la vida de la mujer y de las [&hellip;]","og_url":"https:\/\/criand.ad\/assessorament-presencial\/","og_site_name":"Criand","article_modified_time":"2025-09-08T21:02:21+00:00","og_image":[{"url":"http:\/\/criand.ad\/wp-content\/uploads\/2025\/05\/s-1.jpg","type":"","width":"","height":""}],"twitter_card":"summary_large_image","twitter_misc":{"Tiempo de lectura":"3 minutos"},"schema":{"@context":"https:\/\/schema.org","@graph":[{"@type":"WebPage","@id":"https:\/\/criand.ad\/assessorament-presencial\/","url":"https:\/\/criand.ad\/assessorament-presencial\/","name":"Asesoramiento presencial - Criand","isPartOf":{"@id":"https:\/\/criand.ad\/#website"},"primaryImageOfPage":{"@id":"https:\/\/criand.ad\/assessorament-presencial\/#primaryimage"},"image":{"@id":"https:\/\/criand.ad\/assessorament-presencial\/#primaryimage"},"thumbnailUrl":"http:\/\/criand.ad\/wp-content\/uploads\/2025\/05\/s-1.jpg","datePublished":"2025-07-21T05:21:54+00:00","dateModified":"2025-09-08T21:02:21+00:00","breadcrumb":{"@id":"https:\/\/criand.ad\/assessorament-presencial\/#breadcrumb"},"inLanguage":"es","potentialAction":[{"@type":"ReadAction","target":["https:\/\/criand.ad\/assessorament-presencial\/"]}]},{"@type":"ImageObject","inLanguage":"es","@id":"https:\/\/criand.ad\/assessorament-presencial\/#primaryimage","url":"http:\/\/criand.ad\/wp-content\/uploads\/2025\/05\/s-1.jpg","contentUrl":"http:\/\/criand.ad\/wp-content\/uploads\/2025\/05\/s-1.jpg"},{"@type":"BreadcrumbList","@id":"https:\/\/criand.ad\/assessorament-presencial\/#breadcrumb","itemListElement":[{"@type":"ListItem","position":1,"name":"Inici","item":"https:\/\/criand.ad\/es\/"},{"@type":"ListItem","position":2,"name":"Asesoramiento presencial"}]},{"@type":"WebSite","@id":"https:\/\/criand.ad\/#website","url":"https:\/\/criand.ad\/","name":"CRIAND","description":"Embar\u00e0s, Postpart i Crian\u00e7a","publisher":{"@id":"https:\/\/criand.ad\/#organization"},"potentialAction":[{"@type":"SearchAction","target":{"@type":"EntryPoint","urlTemplate":"https:\/\/criand.ad\/?s={search_term_string}"},"query-input":{"@type":"PropertyValueSpecification","valueRequired":true,"valueName":"search_term_string"}}],"inLanguage":"es"},{"@type":"Organization","@id":"https:\/\/criand.ad\/#organization","name":"CRIAND","url":"https:\/\/criand.ad\/","logo":{"@type":"ImageObject","inLanguage":"es","@id":"https:\/\/criand.ad\/#\/schema\/logo\/image\/","url":"https:\/\/criand.ad\/wp-content\/uploads\/2025\/05\/cropped-logo-1.png","contentUrl":"https:\/\/criand.ad\/wp-content\/uploads\/2025\/05\/cropped-logo-1.png","width":360,"height":218,"caption":"CRIAND"},"image":{"@id":"https:\/\/criand.ad\/#\/schema\/logo\/image\/"},"sameAs":["http:\/\/instagram.com\/criand.andorra"]}]}},"_links":{"self":[{"href":"https:\/\/criand.ad\/es\/wp-json\/wp\/v2\/pages\/4778","targetHints":{"allow":["GET"]}}],"collection":[{"href":"https:\/\/criand.ad\/es\/wp-json\/wp\/v2\/pages"}],"about":[{"href":"https:\/\/criand.ad\/es\/wp-json\/wp\/v2\/types\/page"}],"author":[{"embeddable":true,"href":"https:\/\/criand.ad\/es\/wp-json\/wp\/v2\/users\/1"}],"replies":[{"embeddable":true,"href":"https:\/\/criand.ad\/es\/wp-json\/wp\/v2\/comments?post=4778"}],"version-history":[{"count":0,"href":"https:\/\/criand.ad\/es\/wp-json\/wp\/v2\/pages\/4778\/revisions"}],"wp:attachment":[{"href":"https:\/\/criand.ad\/es\/wp-json\/wp\/v2\/media?parent=4778"}],"curies":[{"name":"wp","href":"https:\/\/api.w.org\/{rel}","templated":true}]}}