{"id":4638,"date":"2020-12-10T06:56:37","date_gmt":"2020-12-10T05:56:37","guid":{"rendered":"http:\/\/criand.ad\/contacte\/"},"modified":"2025-09-01T18:32:28","modified_gmt":"2025-09-01T18:32:28","slug":"contacto","status":"publish","type":"page","link":"https:\/\/criand.ad\/es\/contacto\/","title":{"rendered":"Contacto"},"content":{"rendered":"\t\t<div data-elementor-type=\"wp-page\" data-elementor-id=\"4638\" class=\"elementor elementor-4638 elementor-564\">\n\t\t\t\t<div class=\"elementor-element elementor-element-727e43b e-flex e-con-boxed e-con e-parent\" data-id=\"727e43b\" data-element_type=\"container\" data-settings=\"{&quot;background_background&quot;:&quot;classic&quot;}\">\n\t\t\t\t\t<div class=\"e-con-inner\">\n\t\t<div class=\"elementor-element elementor-element-7b9a8af e-con-full e-flex e-con e-child\" data-id=\"7b9a8af\" data-element_type=\"container\">\n\t\t\t\t<div class=\"elementor-element elementor-element-058ad61 elementor-widget elementor-widget-heading\" data-id=\"058ad61\" data-element_type=\"widget\" data-widget_type=\"heading.default\">\n\t\t\t\t<div class=\"elementor-widget-container\">\n\t\t\t\t\t<h6 class=\"elementor-heading-title elementor-size-default\">\u00bfTienes alguna duda? \u00bfQuieres contactar con nosotras?<\/h6>\t\t\t\t<\/div>\n\t\t\t\t<\/div>\n\t\t\t\t<div class=\"elementor-element elementor-element-97157bd elementor-widget elementor-widget-heading\" data-id=\"97157bd\" data-element_type=\"widget\" data-widget_type=\"heading.default\">\n\t\t\t\t<div class=\"elementor-widget-container\">\n\t\t\t\t\t<h1 class=\"elementor-heading-title elementor-size-default\">Contacto<\/h1>\t\t\t\t<\/div>\n\t\t\t\t<\/div>\n\t\t\t\t<div class=\"elementor-element elementor-element-a01ea06 elementor-widget-divider--view-line elementor-widget elementor-widget-divider\" data-id=\"a01ea06\" data-element_type=\"widget\" data-widget_type=\"divider.default\">\n\t\t\t\t<div class=\"elementor-widget-container\">\n\t\t\t\t\t\t\t<div class=\"elementor-divider\">\n\t\t\t<span class=\"elementor-divider-separator\">\n\t\t\t\t\t\t<\/span>\n\t\t<\/div>\n\t\t\t\t\t\t<\/div>\n\t\t\t\t<\/div>\n\t\t\t\t<\/div>\n\t\t\t\t\t<\/div>\n\t\t\t\t<\/div>\n\t\t<div class=\"elementor-element elementor-element-0ff35a8 e-flex e-con-boxed e-con e-parent\" data-id=\"0ff35a8\" data-element_type=\"container\" data-settings=\"{&quot;background_background&quot;:&quot;classic&quot;}\">\n\t\t\t\t\t<div class=\"e-con-inner\">\n\t\t<div class=\"elementor-element elementor-element-1149c5e e-con-full e-flex e-con e-child\" data-id=\"1149c5e\" data-element_type=\"container\">\n\t\t<div class=\"elementor-element elementor-element-198577b e-con-full e-flex e-con e-child\" data-id=\"198577b\" data-element_type=\"container\">\n\t\t<div class=\"elementor-element elementor-element-cdf3bee e-con-full e-flex e-con e-child\" data-id=\"cdf3bee\" data-element_type=\"container\">\n\t\t\t\t<div class=\"elementor-element elementor-element-ddfae73 elementor-widget elementor-widget-text-editor\" data-id=\"ddfae73\" data-element_type=\"widget\" data-widget_type=\"text-editor.default\">\n\t\t\t\t<div class=\"elementor-widget-container\">\n\t\t\t\t\t\t\t\t\t<p data-start=\"56\" data-end=\"248\">Si deseas m\u00e1s informaci\u00f3n sobre los servicios que ofrecemos en Criand, puedes completar el siguiente formulario o enviarnos un correo electr\u00f3nico a la direcci\u00f3n <strong data-start=\"217\" data-end=\"245\"><a class=\"decorated-link cursor-pointer\" rel=\"noopener\" data-start=\"219\" data-end=\"243\">criand.andorra@gmail.com<\/a><\/strong>.<\/p>\n<p data-start=\"250\" data-end=\"443\">S\u00edguenos en las redes sociales, como Instagram <a href=\"http:\/\/instagram.com\/criand.andorra\"><strong data-start=\"297\" data-end=\"316\">@criand.andorra<\/strong><\/a>. A trav\u00e9s de esta plataforma puedes recibir actualizaciones, noticias, informaci\u00f3n pr\u00e1ctica, consejos de salud \u00a1y mucho m\u00e1s!<\/p>\n<p data-start=\"445\" data-end=\"500\">\u00a0<\/p>\t\t\t\t\t\t\t\t<\/div>\n\t\t\t\t<\/div>\n\t\t\t\t<\/div>\n\t\t<div class=\"elementor-element elementor-element-15ab0db e-con-full e-flex e-con e-child\" data-id=\"15ab0db\" data-element_type=\"container\">\n\t\t\t\t<div class=\"elementor-element elementor-element-01a04ec elementor-widget elementor-widget-image\" data-id=\"01a04ec\" data-element_type=\"widget\" data-widget_type=\"image.default\">\n\t\t\t\t<div class=\"elementor-widget-container\">\n\t\t\t\t\t\t\t\t\t\t\t\t\t\t\t<img fetchpriority=\"high\" decoding=\"async\" width=\"800\" height=\"800\" src=\"https:\/\/criand.ad\/wp-content\/uploads\/2025\/05\/primer-trimestre.jpeg\" class=\"attachment-full size-full wp-image-4532\" alt=\"\" srcset=\"https:\/\/criand.ad\/wp-content\/uploads\/2025\/05\/primer-trimestre.jpeg 800w, https:\/\/criand.ad\/wp-content\/uploads\/2025\/05\/primer-trimestre-300x300.jpeg 300w, https:\/\/criand.ad\/wp-content\/uploads\/2025\/05\/primer-trimestre-150x150.jpeg 150w, https:\/\/criand.ad\/wp-content\/uploads\/2025\/05\/primer-trimestre-768x768.jpeg 768w, https:\/\/criand.ad\/wp-content\/uploads\/2025\/05\/primer-trimestre-600x600.jpeg 600w, https:\/\/criand.ad\/wp-content\/uploads\/2025\/05\/primer-trimestre-100x100.jpeg 100w\" sizes=\"(max-width: 800px) 100vw, 800px\" \/>\t\t\t\t\t\t\t\t\t\t\t\t\t\t\t<\/div>\n\t\t\t\t<\/div>\n\t\t\t\t<\/div>\n\t\t\t\t<\/div>\n\t\t\t\t<\/div>\n\t\t\t\t\t<\/div>\n\t\t\t\t<\/div>\n\t\t<div class=\"elementor-element elementor-element-982d763 e-flex e-con-boxed e-con e-parent\" data-id=\"982d763\" data-element_type=\"container\" data-settings=\"{&quot;background_background&quot;:&quot;classic&quot;}\">\n\t\t\t\t\t<div class=\"e-con-inner\">\n\t\t<div class=\"elementor-element elementor-element-fb6449e e-con-full e-flex e-con e-child\" data-id=\"fb6449e\" data-element_type=\"container\">\n\t\t\t\t<div class=\"elementor-element elementor-element-255836c elementor-widget elementor-widget-heading\" data-id=\"255836c\" data-element_type=\"widget\" data-widget_type=\"heading.default\">\n\t\t\t\t<div class=\"elementor-widget-container\">\n\t\t\t\t\t<h2 class=\"elementor-heading-title elementor-size-default\">\u00bfD\u00f3nde puedes encontrar los servicios de Criand?<\/h2>\t\t\t\t<\/div>\n\t\t\t\t<\/div>\n\t\t<div class=\"elementor-element elementor-element-547acf1 e-grid e-con-full e-con e-child\" data-id=\"547acf1\" data-element_type=\"container\">\n\t\t\t\t<div class=\"elementor-element elementor-element-0be34cf elementor-widget elementor-widget-google_maps\" data-id=\"0be34cf\" data-element_type=\"widget\" data-widget_type=\"google_maps.default\">\n\t\t\t\t<div class=\"elementor-widget-container\">\n\t\t\t\t\t\t\t<div class=\"elementor-custom-embed\">\n\t\t\t<iframe loading=\"lazy\"\n\t\t\t\t\tsrc=\"https:\/\/maps.google.com\/maps?q=Andorra&#038;t=m&#038;z=10&#038;output=embed&#038;iwloc=near\"\n\t\t\t\t\ttitle=\"Andorra\"\n\t\t\t\t\taria-label=\"Andorra\"\n\t\t\t><\/iframe>\n\t\t<\/div>\n\t\t\t\t\t\t<\/div>\n\t\t\t\t<\/div>\n\t\t\t\t<div class=\"elementor-element elementor-element-dcd8cc5 elementor-widget elementor-widget-google_maps\" data-id=\"dcd8cc5\" data-element_type=\"widget\" data-widget_type=\"google_maps.default\">\n\t\t\t\t<div class=\"elementor-widget-container\">\n\t\t\t\t\t\t\t<div class=\"elementor-custom-embed\">\n\t\t\t<iframe loading=\"lazy\"\n\t\t\t\t\tsrc=\"https:\/\/maps.google.com\/maps?q=castell%C3%B3n&#038;t=m&#038;z=12&#038;output=embed&#038;iwloc=near\"\n\t\t\t\t\ttitle=\"castell\u00f3n\"\n\t\t\t\t\taria-label=\"castell\u00f3n\"\n\t\t\t><\/iframe>\n\t\t<\/div>\n\t\t\t\t\t\t<\/div>\n\t\t\t\t<\/div>\n\t\t\t\t<\/div>\n\t\t\t\t<\/div>\n\t\t\t\t\t<\/div>\n\t\t\t\t<\/div>\n\t\t<div class=\"elementor-element elementor-element-21a0396 e-flex e-con-boxed e-con e-parent\" data-id=\"21a0396\" data-element_type=\"container\">\n\t\t\t\t\t<div class=\"e-con-inner\">\n\t\t<div class=\"elementor-element elementor-element-b50919f e-con-full e-flex e-con e-child\" data-id=\"b50919f\" data-element_type=\"container\" data-settings=\"{&quot;background_background&quot;:&quot;classic&quot;}\">\n\t\t<div class=\"elementor-element elementor-element-e56d8ce e-con-full e-flex e-con e-child\" data-id=\"e56d8ce\" data-element_type=\"container\" data-settings=\"{&quot;background_background&quot;:&quot;classic&quot;}\">\n\t\t\t\t<div class=\"elementor-element elementor-element-04416ca elementor-widget elementor-widget-heading\" data-id=\"04416ca\" data-element_type=\"widget\" data-widget_type=\"heading.default\">\n\t\t\t\t<div class=\"elementor-widget-container\">\n\t\t\t\t\t<h2 class=\"elementor-heading-title elementor-size-default\">Escr\u00edbenos un mensaje<\/h2>\t\t\t\t<\/div>\n\t\t\t\t<\/div>\n\t\t\t\t<div class=\"elementor-element elementor-element-0860bdd elementor-widget-divider--view-line elementor-widget elementor-widget-divider\" data-id=\"0860bdd\" data-element_type=\"widget\" data-widget_type=\"divider.default\">\n\t\t\t\t<div class=\"elementor-widget-container\">\n\t\t\t\t\t\t\t<div class=\"elementor-divider\">\n\t\t\t<span class=\"elementor-divider-separator\">\n\t\t\t\t\t\t<\/span>\n\t\t<\/div>\n\t\t\t\t\t\t<\/div>\n\t\t\t\t<\/div>\n\t\t\t\t<div class=\"elementor-element elementor-element-3c85a66 elementor-widget elementor-widget-text-editor\" data-id=\"3c85a66\" data-element_type=\"widget\" data-widget_type=\"text-editor.default\">\n\t\t\t\t<div class=\"elementor-widget-container\">\n\t\t\t\t\t\t\t\t\t<p>\u00a1Esperamos tu mensaje!<\/p>\t\t\t\t\t\t\t\t<\/div>\n\t\t\t\t<\/div>\n\t\t\t\t<\/div>\n\t\t<div class=\"elementor-element elementor-element-785a9a9 e-con-full e-flex e-con e-child\" data-id=\"785a9a9\" data-element_type=\"container\" data-settings=\"{&quot;background_background&quot;:&quot;classic&quot;}\">\n\t\t\t\t<div class=\"elementor-element elementor-element-b36a45e elementor-widget elementor-widget-wpforms\" data-id=\"b36a45e\" data-element_type=\"widget\" data-widget_type=\"wpforms.default\">\n\t\t\t\t<div class=\"elementor-widget-container\">\n\t\t\t\t\t<div class=\"wpforms-container \" id=\"wpforms-12\"><form id=\"wpforms-form-12\" class=\"wpforms-validate wpforms-form\" data-formid=\"12\" method=\"post\" enctype=\"multipart\/form-data\" action=\"\/es\/wp-json\/wp\/v2\/pages\/4638\" data-token=\"55d1ea0724dc6884a441a7533a660cf6\" data-token-time=\"1778343913\"><noscript class=\"wpforms-error-noscript\">Por favor, activa JavaScript en tu navegador para completar este formulario.<\/noscript><div class=\"wpforms-field-container\"><div id=\"wpforms-12-field_0-container\" class=\"wpforms-field wpforms-field-name\" data-field-id=\"0\"><label class=\"wpforms-field-label\" for=\"wpforms-12-field_0\">Nombre <span class=\"wpforms-required-label\">*<\/span><\/label><input type=\"text\" id=\"wpforms-12-field_0\" class=\"wpforms-field-large wpforms-field-required\" name=\"wpforms[fields][0]\" required><\/div><div id=\"wpforms-12-field_1-container\" class=\"wpforms-field wpforms-field-email\" data-field-id=\"1\"><label class=\"wpforms-field-label\" for=\"wpforms-12-field_1\">Email <span class=\"wpforms-required-label\">*<\/span><\/label><input type=\"email\" id=\"wpforms-12-field_1\" class=\"wpforms-field-large wpforms-field-required\" name=\"wpforms[fields][1]\" spellcheck=\"false\" required><\/div><div id=\"wpforms-12-field_3-container\" class=\"wpforms-field wpforms-field-email\" data-field-id=\"3\"><label class=\"wpforms-field-label\" for=\"wpforms-12-field_3\">Asunto <span class=\"wpforms-required-label\">*<\/span><\/label><input type=\"email\" id=\"wpforms-12-field_3\" class=\"wpforms-field-large wpforms-field-required\" name=\"wpforms[fields][3]\" spellcheck=\"false\" required><\/div><div id=\"wpforms-12-field_2-container\" class=\"wpforms-field wpforms-field-textarea\" data-field-id=\"2\"><label class=\"wpforms-field-label\" for=\"wpforms-12-field_2\">Mensaje <span class=\"wpforms-required-label\">*<\/span><\/label><textarea id=\"wpforms-12-field_2\" class=\"wpforms-field-medium wpforms-field-required\" name=\"wpforms[fields][2]\" required><\/textarea><\/div><\/div><!-- .wpforms-field-container --><div class=\"wpforms-submit-container\" ><input type=\"hidden\" name=\"wpforms[id]\" value=\"12\"><input type=\"hidden\" name=\"page_title\" value=\"\"><input type=\"hidden\" name=\"page_url\" value=\"https:\/\/criand.ad\/es\/wp-json\/wp\/v2\/pages\/4638\"><input type=\"hidden\" name=\"url_referer\" value=\"\"><button type=\"submit\" name=\"wpforms[submit]\" id=\"wpforms-submit-12\" class=\"wpforms-submit\" data-alt-text=\"Enviant...\" data-submit-text=\"Enviar\" aria-live=\"assertive\" value=\"wpforms-submit\">Enviar<\/button><\/div><\/form><\/div>  <!-- .wpforms-container -->\t\t\t\t<\/div>\n\t\t\t\t<\/div>\n\t\t\t\t<\/div>\n\t\t\t\t<\/div>\n\t\t\t\t\t<\/div>\n\t\t\t\t<\/div>\n\t\t\t\t<\/div>\n\t\t","protected":false},"excerpt":{"rendered":"<p>\u00bfTienes alguna duda? \u00bfQuieres contactar con nosotras? Contacto Si deseas m\u00e1s informaci\u00f3n sobre los servicios que ofrecemos en Criand, puedes completar el siguiente formulario o enviarnos un correo electr\u00f3nico a la direcci\u00f3n criand.andorra@gmail.com. S\u00edguenos en las redes sociales, como Instagram @criand.andorra. A trav\u00e9s de esta plataforma puedes recibir actualizaciones, noticias, informaci\u00f3n pr\u00e1ctica, consejos de salud [&hellip;]<\/p>\n","protected":false},"author":1,"featured_media":0,"parent":0,"menu_order":0,"comment_status":"closed","ping_status":"closed","template":"","meta":{"site-sidebar-layout":"no-sidebar","site-content-layout":"page-builder","ast-site-content-layout":"full-width-container","site-content-style":"unboxed","site-sidebar-style":"unboxed","ast-global-header-display":"","ast-banner-title-visibility":"","ast-main-header-display":"","ast-hfb-above-header-display":"","ast-hfb-below-header-display":"","ast-hfb-mobile-header-display":"","site-post-title":"disabled","ast-breadcrumbs-content":"","ast-featured-img":"disabled","footer-sml-layout":"","theme-transparent-header-meta":"enabled","adv-header-id-meta":"","stick-header-meta":"","header-above-stick-meta":"","header-main-stick-meta":"","header-below-stick-meta":"","astra-migrate-meta-layouts":"set","ast-page-background-enabled":"default","ast-page-background-meta":{"desktop":{"background-color":"","background-image":"","background-repeat":"repeat","background-position":"center center","background-size":"auto","background-attachment":"scroll","background-type":"","background-media":"","overlay-type":"","overlay-color":"","overlay-opacity":"","overlay-gradient":""},"tablet":{"background-color":"","background-image":"","background-repeat":"repeat","background-position":"center center","background-size":"auto","background-attachment":"scroll","background-type":"","background-media":"","overlay-type":"","overlay-color":"","overlay-opacity":"","overlay-gradient":""},"mobile":{"background-color":"","background-image":"","background-repeat":"repeat","background-position":"center center","background-size":"auto","background-attachment":"scroll","background-type":"","background-media":"","overlay-type":"","overlay-color":"","overlay-opacity":"","overlay-gradient":""}},"ast-content-background-meta":{"desktop":{"background-color":"var(--ast-global-color-5)","background-image":"","background-repeat":"repeat","background-position":"center center","background-size":"auto","background-attachment":"scroll","background-type":"","background-media":"","overlay-type":"","overlay-color":"","overlay-opacity":"","overlay-gradient":""},"tablet":{"background-color":"var(--ast-global-color-5)","background-image":"","background-repeat":"repeat","background-position":"center center","background-size":"auto","background-attachment":"scroll","background-type":"","background-media":"","overlay-type":"","overlay-color":"","overlay-opacity":"","overlay-gradient":""},"mobile":{"background-color":"var(--ast-global-color-5)","background-image":"","background-repeat":"repeat","background-position":"center center","background-size":"auto","background-attachment":"scroll","background-type":"","background-media":"","overlay-type":"","overlay-color":"","overlay-opacity":"","overlay-gradient":""}},"footnotes":""},"class_list":["post-4638","page","type-page","status-publish","hentry"],"yoast_head":"<!-- This site is optimized with the Yoast SEO plugin v26.6 - https:\/\/yoast.com\/wordpress\/plugins\/seo\/ -->\n<title>Contacto - Criand<\/title>\n<meta name=\"robots\" content=\"index, follow, max-snippet:-1, max-image-preview:large, max-video-preview:-1\" \/>\n<link rel=\"canonical\" href=\"https:\/\/criand.ad\/contacte\/\" \/>\n<meta property=\"og:locale\" content=\"es_ES\" \/>\n<meta property=\"og:type\" content=\"article\" \/>\n<meta property=\"og:title\" content=\"Contacto - Criand\" \/>\n<meta property=\"og:description\" content=\"\u00bfTienes alguna duda? \u00bfQuieres contactar con nosotras? Contacto Si deseas m\u00e1s informaci\u00f3n sobre los servicios que ofrecemos en Criand, puedes completar el siguiente formulario o enviarnos un correo electr\u00f3nico a la direcci\u00f3n criand.andorra@gmail.com. S\u00edguenos en las redes sociales, como Instagram @criand.andorra. A trav\u00e9s de esta plataforma puedes recibir actualizaciones, noticias, informaci\u00f3n pr\u00e1ctica, consejos de salud [&hellip;]\" \/>\n<meta property=\"og:url\" content=\"https:\/\/criand.ad\/contacte\/\" \/>\n<meta property=\"og:site_name\" content=\"Criand\" \/>\n<meta property=\"article:modified_time\" content=\"2025-09-01T18:32:28+00:00\" \/>\n<meta property=\"og:image\" content=\"http:\/\/criand.ad\/wp-content\/uploads\/2025\/05\/primer-trimestre.jpeg\" \/>\n<meta name=\"twitter:card\" content=\"summary_large_image\" \/>\n<meta name=\"twitter:label1\" content=\"Tiempo de lectura\" \/>\n\t<meta name=\"twitter:data1\" content=\"2 minutos\" \/>\n<script type=\"application\/ld+json\" class=\"yoast-schema-graph\">{\"@context\":\"https:\/\/schema.org\",\"@graph\":[{\"@type\":\"WebPage\",\"@id\":\"https:\/\/criand.ad\/contacte\/\",\"url\":\"https:\/\/criand.ad\/contacte\/\",\"name\":\"Contacto - Criand\",\"isPartOf\":{\"@id\":\"https:\/\/criand.ad\/#website\"},\"primaryImageOfPage\":{\"@id\":\"https:\/\/criand.ad\/contacte\/#primaryimage\"},\"image\":{\"@id\":\"https:\/\/criand.ad\/contacte\/#primaryimage\"},\"thumbnailUrl\":\"http:\/\/criand.ad\/wp-content\/uploads\/2025\/05\/primer-trimestre.jpeg\",\"datePublished\":\"2020-12-10T05:56:37+00:00\",\"dateModified\":\"2025-09-01T18:32:28+00:00\",\"breadcrumb\":{\"@id\":\"https:\/\/criand.ad\/contacte\/#breadcrumb\"},\"inLanguage\":\"es\",\"potentialAction\":[{\"@type\":\"ReadAction\",\"target\":[\"https:\/\/criand.ad\/contacte\/\"]}]},{\"@type\":\"ImageObject\",\"inLanguage\":\"es\",\"@id\":\"https:\/\/criand.ad\/contacte\/#primaryimage\",\"url\":\"http:\/\/criand.ad\/wp-content\/uploads\/2025\/05\/primer-trimestre.jpeg\",\"contentUrl\":\"http:\/\/criand.ad\/wp-content\/uploads\/2025\/05\/primer-trimestre.jpeg\"},{\"@type\":\"BreadcrumbList\",\"@id\":\"https:\/\/criand.ad\/contacte\/#breadcrumb\",\"itemListElement\":[{\"@type\":\"ListItem\",\"position\":1,\"name\":\"Inici\",\"item\":\"https:\/\/criand.ad\/es\/\"},{\"@type\":\"ListItem\",\"position\":2,\"name\":\"Contacto\"}]},{\"@type\":\"WebSite\",\"@id\":\"https:\/\/criand.ad\/#website\",\"url\":\"https:\/\/criand.ad\/\",\"name\":\"CRIAND\",\"description\":\"Embar\u00e0s, Postpart i Crian\u00e7a\",\"publisher\":{\"@id\":\"https:\/\/criand.ad\/#organization\"},\"potentialAction\":[{\"@type\":\"SearchAction\",\"target\":{\"@type\":\"EntryPoint\",\"urlTemplate\":\"https:\/\/criand.ad\/?s={search_term_string}\"},\"query-input\":{\"@type\":\"PropertyValueSpecification\",\"valueRequired\":true,\"valueName\":\"search_term_string\"}}],\"inLanguage\":\"es\"},{\"@type\":\"Organization\",\"@id\":\"https:\/\/criand.ad\/#organization\",\"name\":\"CRIAND\",\"url\":\"https:\/\/criand.ad\/\",\"logo\":{\"@type\":\"ImageObject\",\"inLanguage\":\"es\",\"@id\":\"https:\/\/criand.ad\/#\/schema\/logo\/image\/\",\"url\":\"https:\/\/criand.ad\/wp-content\/uploads\/2025\/05\/cropped-logo-1.png\",\"contentUrl\":\"https:\/\/criand.ad\/wp-content\/uploads\/2025\/05\/cropped-logo-1.png\",\"width\":360,\"height\":218,\"caption\":\"CRIAND\"},\"image\":{\"@id\":\"https:\/\/criand.ad\/#\/schema\/logo\/image\/\"},\"sameAs\":[\"http:\/\/instagram.com\/criand.andorra\"]}]}<\/script>\n<!-- \/ Yoast SEO plugin. -->","yoast_head_json":{"title":"Contacto - Criand","robots":{"index":"index","follow":"follow","max-snippet":"max-snippet:-1","max-image-preview":"max-image-preview:large","max-video-preview":"max-video-preview:-1"},"canonical":"https:\/\/criand.ad\/contacte\/","og_locale":"es_ES","og_type":"article","og_title":"Contacto - Criand","og_description":"\u00bfTienes alguna duda? \u00bfQuieres contactar con nosotras? Contacto Si deseas m\u00e1s informaci\u00f3n sobre los servicios que ofrecemos en Criand, puedes completar el siguiente formulario o enviarnos un correo electr\u00f3nico a la direcci\u00f3n criand.andorra@gmail.com. S\u00edguenos en las redes sociales, como Instagram @criand.andorra. A trav\u00e9s de esta plataforma puedes recibir actualizaciones, noticias, informaci\u00f3n pr\u00e1ctica, consejos de salud [&hellip;]","og_url":"https:\/\/criand.ad\/contacte\/","og_site_name":"Criand","article_modified_time":"2025-09-01T18:32:28+00:00","og_image":[{"url":"http:\/\/criand.ad\/wp-content\/uploads\/2025\/05\/primer-trimestre.jpeg","type":"","width":"","height":""}],"twitter_card":"summary_large_image","twitter_misc":{"Tiempo de lectura":"2 minutos"},"schema":{"@context":"https:\/\/schema.org","@graph":[{"@type":"WebPage","@id":"https:\/\/criand.ad\/contacte\/","url":"https:\/\/criand.ad\/contacte\/","name":"Contacto - Criand","isPartOf":{"@id":"https:\/\/criand.ad\/#website"},"primaryImageOfPage":{"@id":"https:\/\/criand.ad\/contacte\/#primaryimage"},"image":{"@id":"https:\/\/criand.ad\/contacte\/#primaryimage"},"thumbnailUrl":"http:\/\/criand.ad\/wp-content\/uploads\/2025\/05\/primer-trimestre.jpeg","datePublished":"2020-12-10T05:56:37+00:00","dateModified":"2025-09-01T18:32:28+00:00","breadcrumb":{"@id":"https:\/\/criand.ad\/contacte\/#breadcrumb"},"inLanguage":"es","potentialAction":[{"@type":"ReadAction","target":["https:\/\/criand.ad\/contacte\/"]}]},{"@type":"ImageObject","inLanguage":"es","@id":"https:\/\/criand.ad\/contacte\/#primaryimage","url":"http:\/\/criand.ad\/wp-content\/uploads\/2025\/05\/primer-trimestre.jpeg","contentUrl":"http:\/\/criand.ad\/wp-content\/uploads\/2025\/05\/primer-trimestre.jpeg"},{"@type":"BreadcrumbList","@id":"https:\/\/criand.ad\/contacte\/#breadcrumb","itemListElement":[{"@type":"ListItem","position":1,"name":"Inici","item":"https:\/\/criand.ad\/es\/"},{"@type":"ListItem","position":2,"name":"Contacto"}]},{"@type":"WebSite","@id":"https:\/\/criand.ad\/#website","url":"https:\/\/criand.ad\/","name":"CRIAND","description":"Embar\u00e0s, Postpart i Crian\u00e7a","publisher":{"@id":"https:\/\/criand.ad\/#organization"},"potentialAction":[{"@type":"SearchAction","target":{"@type":"EntryPoint","urlTemplate":"https:\/\/criand.ad\/?s={search_term_string}"},"query-input":{"@type":"PropertyValueSpecification","valueRequired":true,"valueName":"search_term_string"}}],"inLanguage":"es"},{"@type":"Organization","@id":"https:\/\/criand.ad\/#organization","name":"CRIAND","url":"https:\/\/criand.ad\/","logo":{"@type":"ImageObject","inLanguage":"es","@id":"https:\/\/criand.ad\/#\/schema\/logo\/image\/","url":"https:\/\/criand.ad\/wp-content\/uploads\/2025\/05\/cropped-logo-1.png","contentUrl":"https:\/\/criand.ad\/wp-content\/uploads\/2025\/05\/cropped-logo-1.png","width":360,"height":218,"caption":"CRIAND"},"image":{"@id":"https:\/\/criand.ad\/#\/schema\/logo\/image\/"},"sameAs":["http:\/\/instagram.com\/criand.andorra"]}]}},"_links":{"self":[{"href":"https:\/\/criand.ad\/es\/wp-json\/wp\/v2\/pages\/4638","targetHints":{"allow":["GET"]}}],"collection":[{"href":"https:\/\/criand.ad\/es\/wp-json\/wp\/v2\/pages"}],"about":[{"href":"https:\/\/criand.ad\/es\/wp-json\/wp\/v2\/types\/page"}],"author":[{"embeddable":true,"href":"https:\/\/criand.ad\/es\/wp-json\/wp\/v2\/users\/1"}],"replies":[{"embeddable":true,"href":"https:\/\/criand.ad\/es\/wp-json\/wp\/v2\/comments?post=4638"}],"version-history":[{"count":0,"href":"https:\/\/criand.ad\/es\/wp-json\/wp\/v2\/pages\/4638\/revisions"}],"wp:attachment":[{"href":"https:\/\/criand.ad\/es\/wp-json\/wp\/v2\/media?parent=4638"}],"curies":[{"name":"wp","href":"https:\/\/api.w.org\/{rel}","templated":true}]}}