{"id":7041,"date":"2026-03-02T18:10:15","date_gmt":"2026-03-02T17:10:15","guid":{"rendered":"https:\/\/criand.ad\/producto\/taller-online-de-son-infantil\/"},"modified":"2026-04-08T19:37:33","modified_gmt":"2026-04-08T17:37:33","slug":"taller-online-de-son-infantil","status":"publish","type":"product","link":"https:\/\/criand.ad\/en\/producto\/taller-online-de-son-infantil\/","title":{"rendered":"Taller online de son infantil"},"content":{"rendered":"<p>El son dels vostres fills\/es \u00e9s una preocupaci\u00f3 habitual amb l&#8217;arribada d&#8217;un nad\u00f3 i a mesura que va creixent.<\/p>\n<p>A trav\u00e9s d&#8217;aquest taller podr\u00e0s entendre millor com funciona i com \u00e9s el son del teu nad\u00f3, quines s\u00f3n les seves necessitats, qu\u00e8 es la higiene del s\u00f3n&#8230; T&#8217;oferirem estrat\u00e8gies que et poden facilitar el dia a dia, aix\u00ed com ajudar-te a implementar rutines i h\u00e0bits de s\u00f3n.<\/p>\n<p>Aquest taller tamb\u00e9 et permetr\u00e0 compartir experi\u00e8ncies amb altres fam\u00edlies i resoldre tots els teus dubtes!<\/p>\n<p><strong>A qui va dirigit aquest taller?<\/strong><\/p>\n<p>A fam\u00edlies amb fills\/es des del naixement fins l&#8217;adolesc\u00e8ncia. Inclou ebook de regal!<\/p>\n<p><strong>On?<\/strong><\/p>\n<p>Online, us podeu conectar amb l&#8217;enlla\u00e7 que us enviem amb la compra.<\/p>\n<p><strong>Quan?<\/strong><\/p>\n<p><span style=\"font-size: 16px;\">30 Abril 18h\u00a0 (Durada de 1h30 aprox.)<\/span><\/p>\n<p><strong>Preu per fam\u00edlia!<\/strong><\/p>\n<p>&nbsp;<\/p>\n<p><span class=\"m-font-size-13 font-size-15\">A Criand comptem amb una formaci\u00f3 sanit\u00e0ria de base que avala el nostre marc de coneixements des d&#8217;un punt de vista integrador bio-psico-social i amb f<\/span><span class=\"m-font-size-13 font-size-15\">ormaci\u00f3 especialitzada mitjan\u00e7ant el &#8220;<\/span><span class=\"m-font-size-13 font-size-15\">Curso Universitario de Especializaci\u00f3n en sue\u00f1o pedi\u00e1trico&#8221; otorgat per la Universidad Europea Miguel de Cervantes.<\/span><\/p>\n","protected":false},"excerpt":{"rendered":"<p>El son dels vostres fills\/es \u00e9s una preocupaci\u00f3 habitualtot\u00a0 amb l&#8217;arribada d&#8217;un nad\u00f3 i a mesura que va creixent.<\/p>\n<p>A trav\u00e9s d&#8217;aquest taller podr\u00e0s entendre millor com \u00e9s i com funciona el son del teu nad\u00f3, quines s\u00f3n les seves necessitats, qu\u00e8 es la higiene del s\u00f3n&#8230; T&#8217;oferirem estrat\u00e8gies que et poden facilitar el dia a dia, aix\u00ed com ajudar-te a implementar rutines i h\u00e0bits de s\u00f3n.<\/p>\n<p>Aquest taller tamb\u00e9 et permetr\u00e0 compartir experi\u00e8ncies amb altres fam\u00edlies i resoldre tots els teus dubtes!<\/p>\n<p><strong>A qui va dirigit aquest taller?<\/strong><\/p>\n<p>A fam\u00edlies amb fills\/es des del naixement fins l&#8217;adolesc\u00e8ncia. Inclou ebook de regal!<\/p>\n<p><strong>On?<\/strong><\/p>\n<p>Online mitjan\u00e7ant l&#8217;enlla\u00e7 que rebreu per email.<\/p>\n<p><strong>Quan?<\/strong><\/p>\n<p>30 Abril 2026<\/p>\n<p>(Durada de 1h30 aprox.)<\/p>\n<p><strong>Preu per fam\u00edlia!<\/strong><\/p>\n","protected":false},"featured_media":7042,"template":"","meta":{"site-sidebar-layout":"default","site-content-layout":"","ast-site-content-layout":"default","site-content-style":"default","site-sidebar-style":"default","ast-global-header-display":"","ast-banner-title-visibility":"","ast-main-header-display":"","ast-hfb-above-header-display":"","ast-hfb-below-header-display":"","ast-hfb-mobile-header-display":"","site-post-title":"","ast-breadcrumbs-content":"","ast-featured-img":"","footer-sml-layout":"","theme-transparent-header-meta":"default","adv-header-id-meta":"","stick-header-meta":"default","header-above-stick-meta":"","header-main-stick-meta":"","header-below-stick-meta":"","astra-migrate-meta-layouts":"set","ast-page-background-enabled":"default","ast-page-background-meta":{"desktop":{"background-color":"","background-image":"","background-repeat":"repeat","background-position":"center center","background-size":"auto","background-attachment":"scroll","background-type":"","background-media":"","overlay-type":"","overlay-color":"","overlay-opacity":"","overlay-gradient":""},"tablet":{"background-color":"","background-image":"","background-repeat":"repeat","background-position":"center center","background-size":"auto","background-attachment":"scroll","background-type":"","background-media":"","overlay-type":"","overlay-color":"","overlay-opacity":"","overlay-gradient":""},"mobile":{"background-color":"","background-image":"","background-repeat":"repeat","background-position":"center center","background-size":"auto","background-attachment":"scroll","background-type":"","background-media":"","overlay-type":"","overlay-color":"","overlay-opacity":"","overlay-gradient":""}},"ast-content-background-meta":{"desktop":{"background-color":"var(--ast-global-color-5)","background-image":"","background-repeat":"repeat","background-position":"center center","background-size":"auto","background-attachment":"scroll","background-type":"","background-media":"","overlay-type":"","overlay-color":"","overlay-opacity":"","overlay-gradient":""},"tablet":{"background-color":"var(--ast-global-color-5)","background-image":"","background-repeat":"repeat","background-position":"center center","background-size":"auto","background-attachment":"scroll","background-type":"","background-media":"","overlay-type":"","overlay-color":"","overlay-opacity":"","overlay-gradient":""},"mobile":{"background-color":"var(--ast-global-color-5)","background-image":"","background-repeat":"repeat","background-position":"center center","background-size":"auto","background-attachment":"scroll","background-type":"","background-media":"","overlay-type":"","overlay-color":"","overlay-opacity":"","overlay-gradient":""}}},"product_brand":[],"product_cat":[244,315,233],"product_tag":[],"giftcard-category":[],"class_list":{"0":"post-7041","1":"product","2":"type-product","3":"status-publish","4":"has-post-thumbnail","6":"product_cat-infant-sleep","7":"product_cat-taller-online","8":"product_cat-workshops","9":"desktop-align-left","10":"tablet-align-left","11":"mobile-align-left","12":"ast-product-gallery-layout-horizontal-slider","13":"ast-product-gallery-with-no-image","14":"ast-magnify-disabled","15":"ast-product-tabs-layout-horizontal","17":"first","18":"instock","19":"sale","20":"downloadable","21":"virtual","22":"taxable","23":"purchasable","24":"product-type-simple"},"yoast_head":"<!-- This site is optimized with the Yoast SEO plugin v26.6 - https:\/\/yoast.com\/wordpress\/plugins\/seo\/ -->\n<title>Taller online de son infantil - Criand<\/title>\n<meta name=\"robots\" content=\"index, follow, max-snippet:-1, max-image-preview:large, max-video-preview:-1\" \/>\n<link rel=\"canonical\" href=\"https:\/\/criand.ad\/en\/producto\/taller-online-de-son-infantil\/\" \/>\n<meta property=\"og:locale\" content=\"en_US\" \/>\n<meta property=\"og:type\" content=\"article\" \/>\n<meta property=\"og:title\" content=\"Taller online de son infantil - Criand\" \/>\n<meta property=\"og:description\" content=\"El son dels vostres fills\/es \u00e9s una preocupaci\u00f3 habitualtot\u00a0 amb l&#039;arribada d&#039;un nad\u00f3 i a mesura que va creixent.  A trav\u00e9s d&#039;aquest taller podr\u00e0s entendre millor com \u00e9s i com funciona el son del teu nad\u00f3, quines s\u00f3n les seves necessitats, qu\u00e8 es la higiene del s\u00f3n... T&#039;oferirem estrat\u00e8gies que et poden facilitar el dia a dia, aix\u00ed com ajudar-te a implementar rutines i h\u00e0bits de s\u00f3n.  Aquest taller tamb\u00e9 et permetr\u00e0 compartir experi\u00e8ncies amb altres fam\u00edlies i resoldre tots els teus dubtes!  A qui va dirigit aquest taller?  A fam\u00edlies amb fills\/es des del naixement fins l&#039;adolesc\u00e8ncia. Inclou ebook de regal!  On?  Online mitjan\u00e7ant l&#039;enlla\u00e7 que rebreu per email.  Quan?  30 Abril 2026  (Durada de 1h30 aprox.)  Preu per fam\u00edlia!\" \/>\n<meta property=\"og:url\" content=\"https:\/\/criand.ad\/en\/producto\/taller-online-de-son-infantil\/\" \/>\n<meta property=\"og:site_name\" content=\"Criand\" \/>\n<meta property=\"article:modified_time\" content=\"2026-04-08T17:37:33+00:00\" \/>\n<meta property=\"og:image\" content=\"https:\/\/criand.ad\/wp-content\/uploads\/2025\/10\/how-to-get-kids-to-sleep-in-their-own-bed.jpg\" \/>\n\t<meta property=\"og:image:width\" content=\"730\" \/>\n\t<meta property=\"og:image:height\" content=\"450\" \/>\n\t<meta property=\"og:image:type\" content=\"image\/jpeg\" \/>\n<meta name=\"twitter:card\" content=\"summary_large_image\" \/>\n<meta name=\"twitter:label1\" content=\"Est. reading time\" \/>\n\t<meta name=\"twitter:data1\" content=\"2 minutes\" \/>\n<script type=\"application\/ld+json\" class=\"yoast-schema-graph\">{\"@context\":\"https:\/\/schema.org\",\"@graph\":[{\"@type\":\"WebPage\",\"@id\":\"https:\/\/criand.ad\/en\/producto\/taller-online-de-son-infantil\/\",\"url\":\"https:\/\/criand.ad\/en\/producto\/taller-online-de-son-infantil\/\",\"name\":\"Taller online de son infantil - Criand\",\"isPartOf\":{\"@id\":\"https:\/\/criand.ad\/#website\"},\"primaryImageOfPage\":{\"@id\":\"https:\/\/criand.ad\/en\/producto\/taller-online-de-son-infantil\/#primaryimage\"},\"image\":{\"@id\":\"https:\/\/criand.ad\/en\/producto\/taller-online-de-son-infantil\/#primaryimage\"},\"thumbnailUrl\":\"https:\/\/criand.ad\/wp-content\/uploads\/2025\/10\/how-to-get-kids-to-sleep-in-their-own-bed.jpg\",\"datePublished\":\"2026-03-02T17:10:15+00:00\",\"dateModified\":\"2026-04-08T17:37:33+00:00\",\"breadcrumb\":{\"@id\":\"https:\/\/criand.ad\/en\/producto\/taller-online-de-son-infantil\/#breadcrumb\"},\"inLanguage\":\"en-US\",\"potentialAction\":[{\"@type\":\"ReadAction\",\"target\":[\"https:\/\/criand.ad\/en\/producto\/taller-online-de-son-infantil\/\"]}]},{\"@type\":\"ImageObject\",\"inLanguage\":\"en-US\",\"@id\":\"https:\/\/criand.ad\/en\/producto\/taller-online-de-son-infantil\/#primaryimage\",\"url\":\"https:\/\/criand.ad\/wp-content\/uploads\/2025\/10\/how-to-get-kids-to-sleep-in-their-own-bed.jpg\",\"contentUrl\":\"https:\/\/criand.ad\/wp-content\/uploads\/2025\/10\/how-to-get-kids-to-sleep-in-their-own-bed.jpg\",\"width\":730,\"height\":450,\"caption\":\"Cute African American little boy sleeping in bed with toy at night\"},{\"@type\":\"BreadcrumbList\",\"@id\":\"https:\/\/criand.ad\/en\/producto\/taller-online-de-son-infantil\/#breadcrumb\",\"itemListElement\":[{\"@type\":\"ListItem\",\"position\":1,\"name\":\"Inici\",\"item\":\"https:\/\/criand.ad\/en\/\"},{\"@type\":\"ListItem\",\"position\":2,\"name\":\"Productes\",\"item\":\"https:\/\/criand.ad\/shop\/\"},{\"@type\":\"ListItem\",\"position\":3,\"name\":\"Taller online de son infantil\"}]},{\"@type\":\"WebSite\",\"@id\":\"https:\/\/criand.ad\/#website\",\"url\":\"https:\/\/criand.ad\/\",\"name\":\"CRIAND\",\"description\":\"Embar\u00e0s, Postpart i Crian\u00e7a\",\"potentialAction\":[{\"@type\":\"SearchAction\",\"target\":{\"@type\":\"EntryPoint\",\"urlTemplate\":\"https:\/\/criand.ad\/?s={search_term_string}\"},\"query-input\":{\"@type\":\"PropertyValueSpecification\",\"valueRequired\":true,\"valueName\":\"search_term_string\"}}],\"inLanguage\":\"en-US\"}]}<\/script>\n<!-- \/ Yoast SEO plugin. -->","yoast_head_json":{"title":"Taller online de son infantil - Criand","robots":{"index":"index","follow":"follow","max-snippet":"max-snippet:-1","max-image-preview":"max-image-preview:large","max-video-preview":"max-video-preview:-1"},"canonical":"https:\/\/criand.ad\/en\/producto\/taller-online-de-son-infantil\/","og_locale":"en_US","og_type":"article","og_title":"Taller online de son infantil - Criand","og_description":"El son dels vostres fills\/es \u00e9s una preocupaci\u00f3 habitualtot\u00a0 amb l'arribada d'un nad\u00f3 i a mesura que va creixent.  A trav\u00e9s d'aquest taller podr\u00e0s entendre millor com \u00e9s i com funciona el son del teu nad\u00f3, quines s\u00f3n les seves necessitats, qu\u00e8 es la higiene del s\u00f3n... T'oferirem estrat\u00e8gies que et poden facilitar el dia a dia, aix\u00ed com ajudar-te a implementar rutines i h\u00e0bits de s\u00f3n.  Aquest taller tamb\u00e9 et permetr\u00e0 compartir experi\u00e8ncies amb altres fam\u00edlies i resoldre tots els teus dubtes!  A qui va dirigit aquest taller?  A fam\u00edlies amb fills\/es des del naixement fins l'adolesc\u00e8ncia. Inclou ebook de regal!  On?  Online mitjan\u00e7ant l'enlla\u00e7 que rebreu per email.  Quan?  30 Abril 2026  (Durada de 1h30 aprox.)  Preu per fam\u00edlia!","og_url":"https:\/\/criand.ad\/en\/producto\/taller-online-de-son-infantil\/","og_site_name":"Criand","article_modified_time":"2026-04-08T17:37:33+00:00","og_image":[{"width":730,"height":450,"url":"https:\/\/criand.ad\/wp-content\/uploads\/2025\/10\/how-to-get-kids-to-sleep-in-their-own-bed.jpg","type":"image\/jpeg"}],"twitter_card":"summary_large_image","twitter_misc":{"Est. reading time":"2 minutes"},"schema":{"@context":"https:\/\/schema.org","@graph":[{"@type":"WebPage","@id":"https:\/\/criand.ad\/en\/producto\/taller-online-de-son-infantil\/","url":"https:\/\/criand.ad\/en\/producto\/taller-online-de-son-infantil\/","name":"Taller online de son infantil - Criand","isPartOf":{"@id":"https:\/\/criand.ad\/#website"},"primaryImageOfPage":{"@id":"https:\/\/criand.ad\/en\/producto\/taller-online-de-son-infantil\/#primaryimage"},"image":{"@id":"https:\/\/criand.ad\/en\/producto\/taller-online-de-son-infantil\/#primaryimage"},"thumbnailUrl":"https:\/\/criand.ad\/wp-content\/uploads\/2025\/10\/how-to-get-kids-to-sleep-in-their-own-bed.jpg","datePublished":"2026-03-02T17:10:15+00:00","dateModified":"2026-04-08T17:37:33+00:00","breadcrumb":{"@id":"https:\/\/criand.ad\/en\/producto\/taller-online-de-son-infantil\/#breadcrumb"},"inLanguage":"en-US","potentialAction":[{"@type":"ReadAction","target":["https:\/\/criand.ad\/en\/producto\/taller-online-de-son-infantil\/"]}]},{"@type":"ImageObject","inLanguage":"en-US","@id":"https:\/\/criand.ad\/en\/producto\/taller-online-de-son-infantil\/#primaryimage","url":"https:\/\/criand.ad\/wp-content\/uploads\/2025\/10\/how-to-get-kids-to-sleep-in-their-own-bed.jpg","contentUrl":"https:\/\/criand.ad\/wp-content\/uploads\/2025\/10\/how-to-get-kids-to-sleep-in-their-own-bed.jpg","width":730,"height":450,"caption":"Cute African American little boy sleeping in bed with toy at night"},{"@type":"BreadcrumbList","@id":"https:\/\/criand.ad\/en\/producto\/taller-online-de-son-infantil\/#breadcrumb","itemListElement":[{"@type":"ListItem","position":1,"name":"Inici","item":"https:\/\/criand.ad\/en\/"},{"@type":"ListItem","position":2,"name":"Productes","item":"https:\/\/criand.ad\/shop\/"},{"@type":"ListItem","position":3,"name":"Taller online de son infantil"}]},{"@type":"WebSite","@id":"https:\/\/criand.ad\/#website","url":"https:\/\/criand.ad\/","name":"CRIAND","description":"Embar\u00e0s, Postpart i Crian\u00e7a","potentialAction":[{"@type":"SearchAction","target":{"@type":"EntryPoint","urlTemplate":"https:\/\/criand.ad\/?s={search_term_string}"},"query-input":{"@type":"PropertyValueSpecification","valueRequired":true,"valueName":"search_term_string"}}],"inLanguage":"en-US"}]}},"_links":{"self":[{"href":"https:\/\/criand.ad\/en\/wp-json\/wp\/v2\/product\/7041","targetHints":{"allow":["GET"]}}],"collection":[{"href":"https:\/\/criand.ad\/en\/wp-json\/wp\/v2\/product"}],"about":[{"href":"https:\/\/criand.ad\/en\/wp-json\/wp\/v2\/types\/product"}],"version-history":[{"count":1,"href":"https:\/\/criand.ad\/en\/wp-json\/wp\/v2\/product\/7041\/revisions"}],"predecessor-version":[{"id":7045,"href":"https:\/\/criand.ad\/en\/wp-json\/wp\/v2\/product\/7041\/revisions\/7045"}],"wp:featuredmedia":[{"embeddable":true,"href":"https:\/\/criand.ad\/en\/wp-json\/wp\/v2\/media\/7042"}],"wp:attachment":[{"href":"https:\/\/criand.ad\/en\/wp-json\/wp\/v2\/media?parent=7041"}],"wp:term":[{"taxonomy":"product_brand","embeddable":true,"href":"https:\/\/criand.ad\/en\/wp-json\/wp\/v2\/product_brand?post=7041"},{"taxonomy":"product_cat","embeddable":true,"href":"https:\/\/criand.ad\/en\/wp-json\/wp\/v2\/product_cat?post=7041"},{"taxonomy":"product_tag","embeddable":true,"href":"https:\/\/criand.ad\/en\/wp-json\/wp\/v2\/product_tag?post=7041"},{"taxonomy":"giftcard-category","embeddable":true,"href":"https:\/\/criand.ad\/en\/wp-json\/wp\/v2\/giftcard-category?post=7041"}],"curies":[{"name":"wp","href":"https:\/\/api.w.org\/{rel}","templated":true}]}}