{"id":6622,"date":"2025-05-31T07:31:22","date_gmt":"2025-05-31T05:31:22","guid":{"rendered":"http:\/\/criand.ad\/producto\/assessorament-personalitzat-en-porteig-a-domicili\/"},"modified":"2025-12-16T16:31:45","modified_gmt":"2025-12-16T15:31:45","slug":"assessorament-personalitzat-en-porteig-a-domicili","status":"publish","type":"product","link":"https:\/\/criand.ad\/en\/producto\/assessorament-personalitzat-en-porteig-a-domicili\/","title":{"rendered":"Assessorament personalitzat en Porteig a domicili"},"content":{"rendered":"<p>T\u2019agradaria portejar per\u00f2 no en gaudeixes? Tens dificultats per ajustar-te el portabeb\u00e9s o et resulta molest?<br \/>\nSi vols un asessorament m\u00e9s personalitzat,\u00a0 la nostra asesssora de porteig et valorar\u00e0 de manera individual per aconseguir que gaudiu al m\u00e0xim d\u2019aquesta etapa.<\/p>\n<p>Amb Virgina Cortesao,\u00a0 llevadora i asessora de porteig.<\/p>\n<p>Ens posarem en contacte amb tu per concertar cita al vostre domicili pel dia i hora.<\/p>\n<p>I amb aquest servei disposeu tamb\u00e9 resoluci\u00f3 de tots els vostres dubtes a trav\u00e9s de telegram o whatts app durant 15 dies a posteriori de la vostra compra.<\/p>\n<p>preu especial setembre!!<\/p>\n","protected":false},"excerpt":{"rendered":"<p>T\u2019agradaria portejar per\u00f2 no en gaudeixes? Tens dificultats per ajustar-te el portabeb\u00e9s o et resulta molest? Si vols un asessorament m\u00e9s personalitzat,\u00a0 la nostra asesssora de porteig et valorar\u00e0 de manera individual per aconseguir que gaudiu al m\u00e0xim d\u2019aquesta etapa. Amb Virgina Cortesao,\u00a0 llevadora i asessora de porteig. Ens posarem en contacte amb tu per [&hellip;]<\/p>\n","protected":false},"featured_media":6623,"template":"","meta":{"site-sidebar-layout":"default","site-content-layout":"","ast-site-content-layout":"default","site-content-style":"default","site-sidebar-style":"default","ast-global-header-display":"","ast-banner-title-visibility":"","ast-main-header-display":"","ast-hfb-above-header-display":"","ast-hfb-below-header-display":"","ast-hfb-mobile-header-display":"","site-post-title":"","ast-breadcrumbs-content":"","ast-featured-img":"","footer-sml-layout":"","theme-transparent-header-meta":"default","adv-header-id-meta":"","stick-header-meta":"default","header-above-stick-meta":"","header-main-stick-meta":"","header-below-stick-meta":"","astra-migrate-meta-layouts":"set","ast-page-background-enabled":"default","ast-page-background-meta":{"desktop":{"background-color":"","background-image":"","background-repeat":"repeat","background-position":"center center","background-size":"auto","background-attachment":"scroll","background-type":"","background-media":"","overlay-type":"","overlay-color":"","overlay-opacity":"","overlay-gradient":""},"tablet":{"background-color":"","background-image":"","background-repeat":"repeat","background-position":"center center","background-size":"auto","background-attachment":"scroll","background-type":"","background-media":"","overlay-type":"","overlay-color":"","overlay-opacity":"","overlay-gradient":""},"mobile":{"background-color":"","background-image":"","background-repeat":"repeat","background-position":"center center","background-size":"auto","background-attachment":"scroll","background-type":"","background-media":"","overlay-type":"","overlay-color":"","overlay-opacity":"","overlay-gradient":""}},"ast-content-background-meta":{"desktop":{"background-color":"var(--ast-global-color-5)","background-image":"","background-repeat":"repeat","background-position":"center center","background-size":"auto","background-attachment":"scroll","background-type":"","background-media":"","overlay-type":"","overlay-color":"","overlay-opacity":"","overlay-gradient":""},"tablet":{"background-color":"var(--ast-global-color-5)","background-image":"","background-repeat":"repeat","background-position":"center center","background-size":"auto","background-attachment":"scroll","background-type":"","background-media":"","overlay-type":"","overlay-color":"","overlay-opacity":"","overlay-gradient":""},"mobile":{"background-color":"var(--ast-global-color-5)","background-image":"","background-repeat":"repeat","background-position":"center center","background-size":"auto","background-attachment":"scroll","background-type":"","background-media":"","overlay-type":"","overlay-color":"","overlay-opacity":"","overlay-gradient":""}}},"product_brand":[],"product_cat":[219,218],"product_tag":[222,261],"giftcard-category":[],"class_list":{"0":"post-6622","1":"product","2":"type-product","3":"status-publish","4":"has-post-thumbnail","6":"product_cat-babywearing","7":"product_cat-inperson-guidance","8":"product_tag-nadons-0-3-mesos-en","9":"product_tag-nadons-3-6-mesos-en","10":"desktop-align-left","11":"tablet-align-left","12":"mobile-align-left","13":"ast-product-gallery-layout-horizontal-slider","14":"ast-product-gallery-with-no-image","15":"ast-magnify-disabled","16":"ast-product-tabs-layout-horizontal","18":"first","19":"instock","20":"virtual","21":"purchasable","22":"product-type-simple"},"yoast_head":"<!-- This site is optimized with the Yoast SEO plugin v26.6 - https:\/\/yoast.com\/wordpress\/plugins\/seo\/ -->\n<title>Assessorament personalitzat en Porteig a domicili - Criand<\/title>\n<meta name=\"robots\" content=\"index, follow, max-snippet:-1, max-image-preview:large, max-video-preview:-1\" \/>\n<link rel=\"canonical\" href=\"https:\/\/criand.ad\/producto\/assessorament-personalitzat-en-porteig-a-domicili\/\" \/>\n<meta property=\"og:locale\" content=\"en_US\" \/>\n<meta property=\"og:type\" content=\"article\" \/>\n<meta property=\"og:title\" content=\"Assessorament personalitzat en Porteig a domicili - Criand\" \/>\n<meta property=\"og:description\" content=\"T\u2019agradaria portejar per\u00f2 no en gaudeixes? Tens dificultats per ajustar-te el portabeb\u00e9s o et resulta molest? Si vols un asessorament m\u00e9s personalitzat,\u00a0 la nostra asesssora de porteig et valorar\u00e0 de manera individual per aconseguir que gaudiu al m\u00e0xim d\u2019aquesta etapa. Amb Virgina Cortesao,\u00a0 llevadora i asessora de porteig. Ens posarem en contacte amb tu per [&hellip;]\" \/>\n<meta property=\"og:url\" content=\"https:\/\/criand.ad\/producto\/assessorament-personalitzat-en-porteig-a-domicili\/\" \/>\n<meta property=\"og:site_name\" content=\"Criand\" \/>\n<meta property=\"article:modified_time\" content=\"2025-12-16T15:31:45+00:00\" \/>\n<meta property=\"og:image\" content=\"https:\/\/criand.ad\/wp-content\/uploads\/2025\/05\/image-8-scaled.png\" \/>\n\t<meta property=\"og:image:width\" content=\"2560\" \/>\n\t<meta property=\"og:image:height\" content=\"1233\" \/>\n\t<meta property=\"og:image:type\" content=\"image\/png\" \/>\n<meta name=\"twitter:card\" content=\"summary_large_image\" \/>\n<meta name=\"twitter:label1\" content=\"Est. reading time\" \/>\n\t<meta name=\"twitter:data1\" content=\"1 minute\" \/>\n<script type=\"application\/ld+json\" class=\"yoast-schema-graph\">{\"@context\":\"https:\/\/schema.org\",\"@graph\":[{\"@type\":\"WebPage\",\"@id\":\"https:\/\/criand.ad\/producto\/assessorament-personalitzat-en-porteig-a-domicili\/\",\"url\":\"https:\/\/criand.ad\/producto\/assessorament-personalitzat-en-porteig-a-domicili\/\",\"name\":\"Assessorament personalitzat en Porteig a domicili - Criand\",\"isPartOf\":{\"@id\":\"https:\/\/criand.ad\/#website\"},\"primaryImageOfPage\":{\"@id\":\"https:\/\/criand.ad\/producto\/assessorament-personalitzat-en-porteig-a-domicili\/#primaryimage\"},\"image\":{\"@id\":\"https:\/\/criand.ad\/producto\/assessorament-personalitzat-en-porteig-a-domicili\/#primaryimage\"},\"thumbnailUrl\":\"https:\/\/criand.ad\/wp-content\/uploads\/2025\/05\/image-8-scaled.png\",\"datePublished\":\"2025-05-31T05:31:22+00:00\",\"dateModified\":\"2025-12-16T15:31:45+00:00\",\"breadcrumb\":{\"@id\":\"https:\/\/criand.ad\/producto\/assessorament-personalitzat-en-porteig-a-domicili\/#breadcrumb\"},\"inLanguage\":\"en-US\",\"potentialAction\":[{\"@type\":\"ReadAction\",\"target\":[\"https:\/\/criand.ad\/producto\/assessorament-personalitzat-en-porteig-a-domicili\/\"]}]},{\"@type\":\"ImageObject\",\"inLanguage\":\"en-US\",\"@id\":\"https:\/\/criand.ad\/producto\/assessorament-personalitzat-en-porteig-a-domicili\/#primaryimage\",\"url\":\"https:\/\/criand.ad\/wp-content\/uploads\/2025\/05\/image-8-scaled.png\",\"contentUrl\":\"https:\/\/criand.ad\/wp-content\/uploads\/2025\/05\/image-8-scaled.png\",\"width\":2560,\"height\":1233},{\"@type\":\"BreadcrumbList\",\"@id\":\"https:\/\/criand.ad\/producto\/assessorament-personalitzat-en-porteig-a-domicili\/#breadcrumb\",\"itemListElement\":[{\"@type\":\"ListItem\",\"position\":1,\"name\":\"Inici\",\"item\":\"https:\/\/criand.ad\/en\/\"},{\"@type\":\"ListItem\",\"position\":2,\"name\":\"Productes\",\"item\":\"https:\/\/criand.ad\/shop\/\"},{\"@type\":\"ListItem\",\"position\":3,\"name\":\"Assessorament personalitzat en Porteig a domicili\"}]},{\"@type\":\"WebSite\",\"@id\":\"https:\/\/criand.ad\/#website\",\"url\":\"https:\/\/criand.ad\/\",\"name\":\"CRIAND\",\"description\":\"Embar\u00e0s, Postpart i Crian\u00e7a\",\"potentialAction\":[{\"@type\":\"SearchAction\",\"target\":{\"@type\":\"EntryPoint\",\"urlTemplate\":\"https:\/\/criand.ad\/?s={search_term_string}\"},\"query-input\":{\"@type\":\"PropertyValueSpecification\",\"valueRequired\":true,\"valueName\":\"search_term_string\"}}],\"inLanguage\":\"en-US\"}]}<\/script>\n<!-- \/ Yoast SEO plugin. -->","yoast_head_json":{"title":"Assessorament personalitzat en Porteig a domicili - Criand","robots":{"index":"index","follow":"follow","max-snippet":"max-snippet:-1","max-image-preview":"max-image-preview:large","max-video-preview":"max-video-preview:-1"},"canonical":"https:\/\/criand.ad\/producto\/assessorament-personalitzat-en-porteig-a-domicili\/","og_locale":"en_US","og_type":"article","og_title":"Assessorament personalitzat en Porteig a domicili - Criand","og_description":"T\u2019agradaria portejar per\u00f2 no en gaudeixes? Tens dificultats per ajustar-te el portabeb\u00e9s o et resulta molest? Si vols un asessorament m\u00e9s personalitzat,\u00a0 la nostra asesssora de porteig et valorar\u00e0 de manera individual per aconseguir que gaudiu al m\u00e0xim d\u2019aquesta etapa. Amb Virgina Cortesao,\u00a0 llevadora i asessora de porteig. Ens posarem en contacte amb tu per [&hellip;]","og_url":"https:\/\/criand.ad\/producto\/assessorament-personalitzat-en-porteig-a-domicili\/","og_site_name":"Criand","article_modified_time":"2025-12-16T15:31:45+00:00","og_image":[{"width":2560,"height":1233,"url":"https:\/\/criand.ad\/wp-content\/uploads\/2025\/05\/image-8-scaled.png","type":"image\/png"}],"twitter_card":"summary_large_image","twitter_misc":{"Est. reading time":"1 minute"},"schema":{"@context":"https:\/\/schema.org","@graph":[{"@type":"WebPage","@id":"https:\/\/criand.ad\/producto\/assessorament-personalitzat-en-porteig-a-domicili\/","url":"https:\/\/criand.ad\/producto\/assessorament-personalitzat-en-porteig-a-domicili\/","name":"Assessorament personalitzat en Porteig a domicili - Criand","isPartOf":{"@id":"https:\/\/criand.ad\/#website"},"primaryImageOfPage":{"@id":"https:\/\/criand.ad\/producto\/assessorament-personalitzat-en-porteig-a-domicili\/#primaryimage"},"image":{"@id":"https:\/\/criand.ad\/producto\/assessorament-personalitzat-en-porteig-a-domicili\/#primaryimage"},"thumbnailUrl":"https:\/\/criand.ad\/wp-content\/uploads\/2025\/05\/image-8-scaled.png","datePublished":"2025-05-31T05:31:22+00:00","dateModified":"2025-12-16T15:31:45+00:00","breadcrumb":{"@id":"https:\/\/criand.ad\/producto\/assessorament-personalitzat-en-porteig-a-domicili\/#breadcrumb"},"inLanguage":"en-US","potentialAction":[{"@type":"ReadAction","target":["https:\/\/criand.ad\/producto\/assessorament-personalitzat-en-porteig-a-domicili\/"]}]},{"@type":"ImageObject","inLanguage":"en-US","@id":"https:\/\/criand.ad\/producto\/assessorament-personalitzat-en-porteig-a-domicili\/#primaryimage","url":"https:\/\/criand.ad\/wp-content\/uploads\/2025\/05\/image-8-scaled.png","contentUrl":"https:\/\/criand.ad\/wp-content\/uploads\/2025\/05\/image-8-scaled.png","width":2560,"height":1233},{"@type":"BreadcrumbList","@id":"https:\/\/criand.ad\/producto\/assessorament-personalitzat-en-porteig-a-domicili\/#breadcrumb","itemListElement":[{"@type":"ListItem","position":1,"name":"Inici","item":"https:\/\/criand.ad\/en\/"},{"@type":"ListItem","position":2,"name":"Productes","item":"https:\/\/criand.ad\/shop\/"},{"@type":"ListItem","position":3,"name":"Assessorament personalitzat en Porteig a domicili"}]},{"@type":"WebSite","@id":"https:\/\/criand.ad\/#website","url":"https:\/\/criand.ad\/","name":"CRIAND","description":"Embar\u00e0s, Postpart i Crian\u00e7a","potentialAction":[{"@type":"SearchAction","target":{"@type":"EntryPoint","urlTemplate":"https:\/\/criand.ad\/?s={search_term_string}"},"query-input":{"@type":"PropertyValueSpecification","valueRequired":true,"valueName":"search_term_string"}}],"inLanguage":"en-US"}]}},"_links":{"self":[{"href":"https:\/\/criand.ad\/en\/wp-json\/wp\/v2\/product\/6622","targetHints":{"allow":["GET"]}}],"collection":[{"href":"https:\/\/criand.ad\/en\/wp-json\/wp\/v2\/product"}],"about":[{"href":"https:\/\/criand.ad\/en\/wp-json\/wp\/v2\/types\/product"}],"version-history":[{"count":0,"href":"https:\/\/criand.ad\/en\/wp-json\/wp\/v2\/product\/6622\/revisions"}],"wp:featuredmedia":[{"embeddable":true,"href":"https:\/\/criand.ad\/en\/wp-json\/wp\/v2\/media\/6623"}],"wp:attachment":[{"href":"https:\/\/criand.ad\/en\/wp-json\/wp\/v2\/media?parent=6622"}],"wp:term":[{"taxonomy":"product_brand","embeddable":true,"href":"https:\/\/criand.ad\/en\/wp-json\/wp\/v2\/product_brand?post=6622"},{"taxonomy":"product_cat","embeddable":true,"href":"https:\/\/criand.ad\/en\/wp-json\/wp\/v2\/product_cat?post=6622"},{"taxonomy":"product_tag","embeddable":true,"href":"https:\/\/criand.ad\/en\/wp-json\/wp\/v2\/product_tag?post=6622"},{"taxonomy":"giftcard-category","embeddable":true,"href":"https:\/\/criand.ad\/en\/wp-json\/wp\/v2\/giftcard-category?post=6622"}],"curies":[{"name":"wp","href":"https:\/\/api.w.org\/{rel}","templated":true}]}}