{"id":6615,"date":"2025-05-31T07:32:33","date_gmt":"2025-05-31T05:32:33","guid":{"rendered":"http:\/\/criand.ad\/producto\/assessorament-personalitzat-en-porteig-segur-i-lactancia-a-domicili\/"},"modified":"2025-12-16T16:32:04","modified_gmt":"2025-12-16T15:32:04","slug":"assessorament-personalitzat-en-porteig-segur-i-lactancia-a-domicili","status":"publish","type":"product","link":"https:\/\/criand.ad\/en\/producto\/assessorament-personalitzat-en-porteig-segur-i-lactancia-a-domicili\/","title":{"rendered":"Assessorament personalitzat en porteig segur i lact\u00e0ncia a domicili"},"content":{"rendered":"<div>\n<blockquote><p><span lang=\"CA\">Et\u00a0sorgeixen ple de dubtes al voltant de la \u00a0lact\u00e0ncia. la pujada de la llet, la turg\u00e8ncia mam\u00e0ria, la posici\u00f3 o possibles mol\u00e8sties?<\/span><\/p><\/blockquote>\n<\/div>\n<div>\n<p><span lang=\"CA\">T\u2019han ofert o has comprat un fulard, una motxilla o un altre portanadons per\u00f2 no saps ni com col\u00b7locar-te\u2019l? \u00c9s possible poder donar el pit mentre porteges?<\/span><\/p>\n<\/div>\n<div>\n<p><span lang=\"CA\">Aquest \u00e9s el teu combo pack!<\/span><\/p>\n<\/div>\n<div>\n<p><span lang=\"CA\">Un assessorament exclusiu i totalment personalitzat al vostre domicili, sense despla\u00e7aments innecessaris.\u00a0<\/span><\/p>\n<\/div>\n<div>\n<p><span lang=\"CA\">La Gina, com a llevadora i \u00a0especialitzada en porteig des del 2017, us oferir\u00e0 la millor assist\u00e8ncia per tal de gaudir dels primers dies de la vostra maternitat amb total confian\u00e7a i seguretat.\u00a0<\/span><\/p>\n<\/div>\n<div>\n<p><span lang=\"CA\">Un assessorament que es combina amb un acompanyament telem\u00e0tic, durant dos setmanes, per resoldre tots aquells dubtes i preguntes que vagin sorgint.\u00a0<\/span><\/p>\n<\/div>\n<p>Us regalem el nostre ebook de lact\u00e0ncia de regal.<\/p>\n<p>&nbsp;<\/p>\n","protected":false},"excerpt":{"rendered":"<p>Et\u00a0sorgeixen ple de dubtes al voltant de la \u00a0lact\u00e0ncia. la pujada de la llet, la turg\u00e8ncia mam\u00e0ria, la posici\u00f3 o possibles mol\u00e8sties? T\u2019han ofert o has comprat un fulard, una motxilla o un altre portanadons per\u00f2 no saps ni com col\u00b7locar-te\u2019l? \u00c9s possible poder donar el pit mentre porteges? Aquest \u00e9s el teu combo pack! [&hellip;]<\/p>\n","protected":false},"featured_media":6617,"template":"","meta":{"site-sidebar-layout":"default","site-content-layout":"","ast-site-content-layout":"default","site-content-style":"default","site-sidebar-style":"default","ast-global-header-display":"","ast-banner-title-visibility":"","ast-main-header-display":"","ast-hfb-above-header-display":"","ast-hfb-below-header-display":"","ast-hfb-mobile-header-display":"","site-post-title":"","ast-breadcrumbs-content":"","ast-featured-img":"","footer-sml-layout":"","theme-transparent-header-meta":"default","adv-header-id-meta":"","stick-header-meta":"default","header-above-stick-meta":"","header-main-stick-meta":"","header-below-stick-meta":"","astra-migrate-meta-layouts":"set","ast-page-background-enabled":"default","ast-page-background-meta":{"desktop":{"background-color":"","background-image":"","background-repeat":"repeat","background-position":"center center","background-size":"auto","background-attachment":"scroll","background-type":"","background-media":"","overlay-type":"","overlay-color":"","overlay-opacity":"","overlay-gradient":""},"tablet":{"background-color":"","background-image":"","background-repeat":"repeat","background-position":"center center","background-size":"auto","background-attachment":"scroll","background-type":"","background-media":"","overlay-type":"","overlay-color":"","overlay-opacity":"","overlay-gradient":""},"mobile":{"background-color":"","background-image":"","background-repeat":"repeat","background-position":"center center","background-size":"auto","background-attachment":"scroll","background-type":"","background-media":"","overlay-type":"","overlay-color":"","overlay-opacity":"","overlay-gradient":""}},"ast-content-background-meta":{"desktop":{"background-color":"var(--ast-global-color-5)","background-image":"","background-repeat":"repeat","background-position":"center center","background-size":"auto","background-attachment":"scroll","background-type":"","background-media":"","overlay-type":"","overlay-color":"","overlay-opacity":"","overlay-gradient":""},"tablet":{"background-color":"var(--ast-global-color-5)","background-image":"","background-repeat":"repeat","background-position":"center center","background-size":"auto","background-attachment":"scroll","background-type":"","background-media":"","overlay-type":"","overlay-color":"","overlay-opacity":"","overlay-gradient":""},"mobile":{"background-color":"var(--ast-global-color-5)","background-image":"","background-repeat":"repeat","background-position":"center center","background-size":"auto","background-attachment":"scroll","background-type":"","background-media":"","overlay-type":"","overlay-color":"","overlay-opacity":"","overlay-gradient":""}}},"product_brand":[],"product_cat":[219,225,218],"product_tag":[229,222,261,223,224],"giftcard-category":[],"class_list":{"0":"post-6615","1":"product","2":"type-product","3":"status-publish","4":"has-post-thumbnail","6":"product_cat-babywearing","7":"product_cat-breastfeeding","8":"product_cat-inperson-guidance","9":"product_tag-lactancia-materna-en","10":"product_tag-nadons-0-3-mesos-en","11":"product_tag-nadons-3-6-mesos-en","12":"product_tag-porteig-en","13":"product_tag-post-part-en","14":"desktop-align-left","15":"tablet-align-left","16":"mobile-align-left","17":"ast-product-gallery-layout-horizontal-slider","18":"ast-product-gallery-with-no-image","19":"ast-magnify-disabled","20":"ast-product-tabs-layout-horizontal","22":"first","23":"instock","24":"virtual","25":"purchasable","26":"product-type-simple"},"yoast_head":"<!-- This site is optimized with the Yoast SEO plugin v26.6 - https:\/\/yoast.com\/wordpress\/plugins\/seo\/ -->\n<title>Assessorament personalitzat en porteig segur i lact\u00e0ncia a domicili - Criand<\/title>\n<meta name=\"robots\" content=\"index, follow, max-snippet:-1, max-image-preview:large, max-video-preview:-1\" \/>\n<link rel=\"canonical\" href=\"https:\/\/criand.ad\/producto\/assessorament-personalitzat-en-porteig-segur-i-lactancia-a-domicili\/\" \/>\n<meta property=\"og:locale\" content=\"en_US\" \/>\n<meta property=\"og:type\" content=\"article\" \/>\n<meta property=\"og:title\" content=\"Assessorament personalitzat en porteig segur i lact\u00e0ncia a domicili - Criand\" \/>\n<meta property=\"og:description\" content=\"Et\u00a0sorgeixen ple de dubtes al voltant de la \u00a0lact\u00e0ncia. la pujada de la llet, la turg\u00e8ncia mam\u00e0ria, la posici\u00f3 o possibles mol\u00e8sties? T\u2019han ofert o has comprat un fulard, una motxilla o un altre portanadons per\u00f2 no saps ni com col\u00b7locar-te\u2019l? \u00c9s possible poder donar el pit mentre porteges? Aquest \u00e9s el teu combo pack! [&hellip;]\" \/>\n<meta property=\"og:url\" content=\"https:\/\/criand.ad\/producto\/assessorament-personalitzat-en-porteig-segur-i-lactancia-a-domicili\/\" \/>\n<meta property=\"og:site_name\" content=\"Criand\" \/>\n<meta property=\"article:modified_time\" content=\"2025-12-16T15:32:04+00:00\" \/>\n<meta property=\"og:image\" content=\"https:\/\/criand.ad\/wp-content\/uploads\/2025\/10\/74C5657C-3106-4CF1-8F94-694744CB31A9-scaled.jpeg\" \/>\n\t<meta property=\"og:image:width\" content=\"2560\" \/>\n\t<meta property=\"og:image:height\" content=\"1706\" \/>\n\t<meta property=\"og:image:type\" content=\"image\/jpeg\" \/>\n<meta name=\"twitter:card\" content=\"summary_large_image\" \/>\n<meta name=\"twitter:label1\" content=\"Est. reading time\" \/>\n\t<meta name=\"twitter:data1\" content=\"1 minute\" \/>\n<script type=\"application\/ld+json\" class=\"yoast-schema-graph\">{\"@context\":\"https:\/\/schema.org\",\"@graph\":[{\"@type\":\"WebPage\",\"@id\":\"https:\/\/criand.ad\/producto\/assessorament-personalitzat-en-porteig-segur-i-lactancia-a-domicili\/\",\"url\":\"https:\/\/criand.ad\/producto\/assessorament-personalitzat-en-porteig-segur-i-lactancia-a-domicili\/\",\"name\":\"Assessorament personalitzat en porteig segur i lact\u00e0ncia a domicili - Criand\",\"isPartOf\":{\"@id\":\"https:\/\/criand.ad\/#website\"},\"primaryImageOfPage\":{\"@id\":\"https:\/\/criand.ad\/producto\/assessorament-personalitzat-en-porteig-segur-i-lactancia-a-domicili\/#primaryimage\"},\"image\":{\"@id\":\"https:\/\/criand.ad\/producto\/assessorament-personalitzat-en-porteig-segur-i-lactancia-a-domicili\/#primaryimage\"},\"thumbnailUrl\":\"https:\/\/criand.ad\/wp-content\/uploads\/2025\/10\/74C5657C-3106-4CF1-8F94-694744CB31A9-scaled.jpeg\",\"datePublished\":\"2025-05-31T05:32:33+00:00\",\"dateModified\":\"2025-12-16T15:32:04+00:00\",\"breadcrumb\":{\"@id\":\"https:\/\/criand.ad\/producto\/assessorament-personalitzat-en-porteig-segur-i-lactancia-a-domicili\/#breadcrumb\"},\"inLanguage\":\"en-US\",\"potentialAction\":[{\"@type\":\"ReadAction\",\"target\":[\"https:\/\/criand.ad\/producto\/assessorament-personalitzat-en-porteig-segur-i-lactancia-a-domicili\/\"]}]},{\"@type\":\"ImageObject\",\"inLanguage\":\"en-US\",\"@id\":\"https:\/\/criand.ad\/producto\/assessorament-personalitzat-en-porteig-segur-i-lactancia-a-domicili\/#primaryimage\",\"url\":\"https:\/\/criand.ad\/wp-content\/uploads\/2025\/10\/74C5657C-3106-4CF1-8F94-694744CB31A9-scaled.jpeg\",\"contentUrl\":\"https:\/\/criand.ad\/wp-content\/uploads\/2025\/10\/74C5657C-3106-4CF1-8F94-694744CB31A9-scaled.jpeg\",\"width\":2560,\"height\":1706},{\"@type\":\"BreadcrumbList\",\"@id\":\"https:\/\/criand.ad\/producto\/assessorament-personalitzat-en-porteig-segur-i-lactancia-a-domicili\/#breadcrumb\",\"itemListElement\":[{\"@type\":\"ListItem\",\"position\":1,\"name\":\"Inici\",\"item\":\"https:\/\/criand.ad\/en\/\"},{\"@type\":\"ListItem\",\"position\":2,\"name\":\"Productes\",\"item\":\"https:\/\/criand.ad\/shop\/\"},{\"@type\":\"ListItem\",\"position\":3,\"name\":\"Assessorament personalitzat en porteig segur i lact\u00e0ncia a domicili\"}]},{\"@type\":\"WebSite\",\"@id\":\"https:\/\/criand.ad\/#website\",\"url\":\"https:\/\/criand.ad\/\",\"name\":\"CRIAND\",\"description\":\"Embar\u00e0s, Postpart i Crian\u00e7a\",\"potentialAction\":[{\"@type\":\"SearchAction\",\"target\":{\"@type\":\"EntryPoint\",\"urlTemplate\":\"https:\/\/criand.ad\/?s={search_term_string}\"},\"query-input\":{\"@type\":\"PropertyValueSpecification\",\"valueRequired\":true,\"valueName\":\"search_term_string\"}}],\"inLanguage\":\"en-US\"}]}<\/script>\n<!-- \/ Yoast SEO plugin. -->","yoast_head_json":{"title":"Assessorament personalitzat en porteig segur i lact\u00e0ncia a domicili - Criand","robots":{"index":"index","follow":"follow","max-snippet":"max-snippet:-1","max-image-preview":"max-image-preview:large","max-video-preview":"max-video-preview:-1"},"canonical":"https:\/\/criand.ad\/producto\/assessorament-personalitzat-en-porteig-segur-i-lactancia-a-domicili\/","og_locale":"en_US","og_type":"article","og_title":"Assessorament personalitzat en porteig segur i lact\u00e0ncia a domicili - Criand","og_description":"Et\u00a0sorgeixen ple de dubtes al voltant de la \u00a0lact\u00e0ncia. la pujada de la llet, la turg\u00e8ncia mam\u00e0ria, la posici\u00f3 o possibles mol\u00e8sties? T\u2019han ofert o has comprat un fulard, una motxilla o un altre portanadons per\u00f2 no saps ni com col\u00b7locar-te\u2019l? \u00c9s possible poder donar el pit mentre porteges? Aquest \u00e9s el teu combo pack! [&hellip;]","og_url":"https:\/\/criand.ad\/producto\/assessorament-personalitzat-en-porteig-segur-i-lactancia-a-domicili\/","og_site_name":"Criand","article_modified_time":"2025-12-16T15:32:04+00:00","og_image":[{"width":2560,"height":1706,"url":"https:\/\/criand.ad\/wp-content\/uploads\/2025\/10\/74C5657C-3106-4CF1-8F94-694744CB31A9-scaled.jpeg","type":"image\/jpeg"}],"twitter_card":"summary_large_image","twitter_misc":{"Est. reading time":"1 minute"},"schema":{"@context":"https:\/\/schema.org","@graph":[{"@type":"WebPage","@id":"https:\/\/criand.ad\/producto\/assessorament-personalitzat-en-porteig-segur-i-lactancia-a-domicili\/","url":"https:\/\/criand.ad\/producto\/assessorament-personalitzat-en-porteig-segur-i-lactancia-a-domicili\/","name":"Assessorament personalitzat en porteig segur i lact\u00e0ncia a domicili - Criand","isPartOf":{"@id":"https:\/\/criand.ad\/#website"},"primaryImageOfPage":{"@id":"https:\/\/criand.ad\/producto\/assessorament-personalitzat-en-porteig-segur-i-lactancia-a-domicili\/#primaryimage"},"image":{"@id":"https:\/\/criand.ad\/producto\/assessorament-personalitzat-en-porteig-segur-i-lactancia-a-domicili\/#primaryimage"},"thumbnailUrl":"https:\/\/criand.ad\/wp-content\/uploads\/2025\/10\/74C5657C-3106-4CF1-8F94-694744CB31A9-scaled.jpeg","datePublished":"2025-05-31T05:32:33+00:00","dateModified":"2025-12-16T15:32:04+00:00","breadcrumb":{"@id":"https:\/\/criand.ad\/producto\/assessorament-personalitzat-en-porteig-segur-i-lactancia-a-domicili\/#breadcrumb"},"inLanguage":"en-US","potentialAction":[{"@type":"ReadAction","target":["https:\/\/criand.ad\/producto\/assessorament-personalitzat-en-porteig-segur-i-lactancia-a-domicili\/"]}]},{"@type":"ImageObject","inLanguage":"en-US","@id":"https:\/\/criand.ad\/producto\/assessorament-personalitzat-en-porteig-segur-i-lactancia-a-domicili\/#primaryimage","url":"https:\/\/criand.ad\/wp-content\/uploads\/2025\/10\/74C5657C-3106-4CF1-8F94-694744CB31A9-scaled.jpeg","contentUrl":"https:\/\/criand.ad\/wp-content\/uploads\/2025\/10\/74C5657C-3106-4CF1-8F94-694744CB31A9-scaled.jpeg","width":2560,"height":1706},{"@type":"BreadcrumbList","@id":"https:\/\/criand.ad\/producto\/assessorament-personalitzat-en-porteig-segur-i-lactancia-a-domicili\/#breadcrumb","itemListElement":[{"@type":"ListItem","position":1,"name":"Inici","item":"https:\/\/criand.ad\/en\/"},{"@type":"ListItem","position":2,"name":"Productes","item":"https:\/\/criand.ad\/shop\/"},{"@type":"ListItem","position":3,"name":"Assessorament personalitzat en porteig segur i lact\u00e0ncia a domicili"}]},{"@type":"WebSite","@id":"https:\/\/criand.ad\/#website","url":"https:\/\/criand.ad\/","name":"CRIAND","description":"Embar\u00e0s, Postpart i Crian\u00e7a","potentialAction":[{"@type":"SearchAction","target":{"@type":"EntryPoint","urlTemplate":"https:\/\/criand.ad\/?s={search_term_string}"},"query-input":{"@type":"PropertyValueSpecification","valueRequired":true,"valueName":"search_term_string"}}],"inLanguage":"en-US"}]}},"_links":{"self":[{"href":"https:\/\/criand.ad\/en\/wp-json\/wp\/v2\/product\/6615","targetHints":{"allow":["GET"]}}],"collection":[{"href":"https:\/\/criand.ad\/en\/wp-json\/wp\/v2\/product"}],"about":[{"href":"https:\/\/criand.ad\/en\/wp-json\/wp\/v2\/types\/product"}],"version-history":[{"count":0,"href":"https:\/\/criand.ad\/en\/wp-json\/wp\/v2\/product\/6615\/revisions"}],"wp:featuredmedia":[{"embeddable":true,"href":"https:\/\/criand.ad\/en\/wp-json\/wp\/v2\/media\/6617"}],"wp:attachment":[{"href":"https:\/\/criand.ad\/en\/wp-json\/wp\/v2\/media?parent=6615"}],"wp:term":[{"taxonomy":"product_brand","embeddable":true,"href":"https:\/\/criand.ad\/en\/wp-json\/wp\/v2\/product_brand?post=6615"},{"taxonomy":"product_cat","embeddable":true,"href":"https:\/\/criand.ad\/en\/wp-json\/wp\/v2\/product_cat?post=6615"},{"taxonomy":"product_tag","embeddable":true,"href":"https:\/\/criand.ad\/en\/wp-json\/wp\/v2\/product_tag?post=6615"},{"taxonomy":"giftcard-category","embeddable":true,"href":"https:\/\/criand.ad\/en\/wp-json\/wp\/v2\/giftcard-category?post=6615"}],"curies":[{"name":"wp","href":"https:\/\/api.w.org\/{rel}","templated":true}]}}