{"id":5748,"date":"2025-10-12T19:18:11","date_gmt":"2025-10-12T17:18:11","guid":{"rendered":"http:\/\/criand.ad\/?post_type=product&#038;p=5748"},"modified":"2025-12-16T21:22:32","modified_gmt":"2025-12-16T20:22:32","slug":"assessorament-en-son-infantil-online","status":"publish","type":"product","link":"https:\/\/criand.ad\/en\/producto\/assessorament-en-son-infantil-online\/","title":{"rendered":"Assessorament en son infantil online"},"content":{"rendered":"<p><span class=\"m-font-size-13 font-size-15\">Els nostres assessoraments es basen en un enfocament integrador i respectu\u00f3s, oferint sessions personalitzades que ajuden a les fam\u00edlies a comprendre el que necessiten els seus fills per dormir millor, sense deixar de banda les seves emocions, necessitats ni vincles. Comptem amb una formaci\u00f3 sanit\u00e0ria de base que avala el nostre marc de coneixements des d&#8217;un punt de vista integrador bio-psico-social i amb f<\/span><span class=\"m-font-size-13 font-size-15\">ormaci\u00f3 especialitzada mitjan\u00e7ant el &#8220;<\/span><span class=\"m-font-size-13 font-size-15\">Curso Universitario de Especializaci\u00f3n en sue\u00f1o pedi\u00e1trico&#8221; otorgat per la Universidad Europea Miguel de Cervantes.<\/span><\/p>\n","protected":false},"excerpt":{"rendered":"<p>Dormir b\u00e9 \u00e9s essencial per al desenvolupament, la salut i el benestar dels infants&#8230; i tamb\u00e9 per al descans de tota la fam\u00edlia. A Criand t\u2019acompanyem perqu\u00e8 les nits tornin a ser tranquil\u00b7les.<\/p>\n<p>La higiene del son fa refer\u00e8ncia a un conjunt d\u2019h\u00e0bits, rutines i condicions que afavoreixen un descans de qualitat. A trav\u00e9s d\u2019una bona higiene del son, podem ajudar el nad\u00f3 o infant a adormir-se amb m\u00e9s facilitat, dormir m\u00e9s hores seguides, afavorint aix\u00ed el seu correcte desenvolupament i creixement.<\/p>\n<p>Durant la visita t\u2019expliquem com funciona el son en les diferents etapes del desenvolupament: les necessitats de descans segons l\u2019edat, els cicles del son, els canvis naturals i com adaptar les rutines a cada moment evolutiu.<\/p>\n<p><strong>A quines edats es dirigeix?<\/strong><\/p>\n<p>Des del naixement fins l&#8217;adolesc\u00e8ncia<\/p>\n<p><strong>Qu\u00e8 inclou la visita?<\/strong><\/p>\n<p>Farem\u00a0 una valoraci\u00f3 espec\u00edfica i individualitzada del cas, a domicili a Andorra, tenint en compte l\u2019edat, h\u00e0bits, ambient i din\u00e0mica familiar.<br \/>\nA partir d\u2019aquesta valoraci\u00f3, t\u2019oferim pautes personalitzades de rutines i estrat\u00e8gies d\u2019higiene del son per millorar la qualitat del descans del teu fill\/a en base als problemes detectats i de forma integrativa.<\/p>\n<p><strong>Seguiment online:<\/strong><\/p>\n<p>Per a un acompanyament m\u00e9s complet, pots optar per un\u00a0 paquet de 3 sessions online per tal de fer el seguiment de l\u2019evoluci\u00f3 del cas i ajustar les pautes segons la resposta de l\u2019infant.<\/p>\n","protected":false},"featured_media":5816,"template":"","meta":{"site-sidebar-layout":"default","site-content-layout":"","ast-site-content-layout":"default","site-content-style":"default","site-sidebar-style":"default","ast-global-header-display":"","ast-banner-title-visibility":"","ast-main-header-display":"","ast-hfb-above-header-display":"","ast-hfb-below-header-display":"","ast-hfb-mobile-header-display":"","site-post-title":"","ast-breadcrumbs-content":"","ast-featured-img":"","footer-sml-layout":"","theme-transparent-header-meta":"default","adv-header-id-meta":"","stick-header-meta":"default","header-above-stick-meta":"","header-main-stick-meta":"","header-below-stick-meta":"","astra-migrate-meta-layouts":"set","ast-page-background-enabled":"default","ast-page-background-meta":{"desktop":{"background-color":"","background-image":"","background-repeat":"repeat","background-position":"center center","background-size":"auto","background-attachment":"scroll","background-type":"","background-media":"","overlay-type":"","overlay-color":"","overlay-opacity":"","overlay-gradient":""},"tablet":{"background-color":"","background-image":"","background-repeat":"repeat","background-position":"center center","background-size":"auto","background-attachment":"scroll","background-type":"","background-media":"","overlay-type":"","overlay-color":"","overlay-opacity":"","overlay-gradient":""},"mobile":{"background-color":"","background-image":"","background-repeat":"repeat","background-position":"center center","background-size":"auto","background-attachment":"scroll","background-type":"","background-media":"","overlay-type":"","overlay-color":"","overlay-opacity":"","overlay-gradient":""}},"ast-content-background-meta":{"desktop":{"background-color":"var(--ast-global-color-5)","background-image":"","background-repeat":"repeat","background-position":"center center","background-size":"auto","background-attachment":"scroll","background-type":"","background-media":"","overlay-type":"","overlay-color":"","overlay-opacity":"","overlay-gradient":""},"tablet":{"background-color":"var(--ast-global-color-5)","background-image":"","background-repeat":"repeat","background-position":"center center","background-size":"auto","background-attachment":"scroll","background-type":"","background-media":"","overlay-type":"","overlay-color":"","overlay-opacity":"","overlay-gradient":""},"mobile":{"background-color":"var(--ast-global-color-5)","background-image":"","background-repeat":"repeat","background-position":"center center","background-size":"auto","background-attachment":"scroll","background-type":"","background-media":"","overlay-type":"","overlay-color":"","overlay-opacity":"","overlay-gradient":""}}},"product_brand":[],"product_cat":[103,207],"product_tag":[],"giftcard-category":[],"class_list":{"0":"post-5748","1":"product","2":"type-product","3":"status-publish","4":"has-post-thumbnail","6":"product_cat-assessoraments-online","7":"product_cat-assessorament-son-infantil","8":"desktop-align-left","9":"tablet-align-left","10":"mobile-align-left","11":"ast-product-gallery-layout-horizontal-slider","12":"ast-product-gallery-with-no-image","13":"ast-magnify-disabled","14":"ast-product-tabs-layout-horizontal","16":"first","17":"instock","18":"downloadable","19":"taxable","20":"shipping-taxable","21":"purchasable","22":"product-type-simple"},"yoast_head":"<!-- This site is optimized with the Yoast SEO plugin v26.6 - https:\/\/yoast.com\/wordpress\/plugins\/seo\/ -->\n<title>Assessorament en son infantil online - Criand<\/title>\n<meta name=\"description\" content=\"Dormir b\u00e9 \u00e9s essencial per al desenvolupament, la salut i el benestar dels infants... i tamb\u00e9 per al descans de tota la fam\u00edlia.\" \/>\n<meta name=\"robots\" content=\"index, follow, max-snippet:-1, max-image-preview:large, max-video-preview:-1\" \/>\n<link rel=\"canonical\" href=\"https:\/\/criand.ad\/producto\/assessorament-en-son-infantil-online\/\" \/>\n<meta property=\"og:locale\" content=\"en_US\" \/>\n<meta property=\"og:type\" content=\"article\" \/>\n<meta property=\"og:title\" content=\"Assessorament en son infantil online - Criand\" \/>\n<meta property=\"og:description\" content=\"Dormir b\u00e9 \u00e9s essencial per al desenvolupament, la salut i el benestar dels infants... i tamb\u00e9 per al descans de tota la fam\u00edlia.\" \/>\n<meta property=\"og:url\" content=\"https:\/\/criand.ad\/producto\/assessorament-en-son-infantil-online\/\" \/>\n<meta property=\"og:site_name\" content=\"Criand\" \/>\n<meta property=\"article:modified_time\" content=\"2025-12-16T20:22:32+00:00\" \/>\n<meta property=\"og:image\" content=\"https:\/\/criand.ad\/wp-content\/uploads\/2025\/10\/how-to-get-kids-to-sleep-in-their-own-bed.jpg\" \/>\n\t<meta property=\"og:image:width\" content=\"730\" \/>\n\t<meta property=\"og:image:height\" content=\"450\" \/>\n\t<meta property=\"og:image:type\" content=\"image\/jpeg\" \/>\n<meta name=\"twitter:card\" content=\"summary_large_image\" \/>\n<meta name=\"twitter:label1\" content=\"Est. reading time\" \/>\n\t<meta name=\"twitter:data1\" content=\"1 minute\" \/>\n<script type=\"application\/ld+json\" class=\"yoast-schema-graph\">{\"@context\":\"https:\/\/schema.org\",\"@graph\":[{\"@type\":\"WebPage\",\"@id\":\"https:\/\/criand.ad\/producto\/assessorament-en-son-infantil-online\/\",\"url\":\"https:\/\/criand.ad\/producto\/assessorament-en-son-infantil-online\/\",\"name\":\"Assessorament en son infantil online - Criand\",\"isPartOf\":{\"@id\":\"https:\/\/criand.ad\/#website\"},\"primaryImageOfPage\":{\"@id\":\"https:\/\/criand.ad\/producto\/assessorament-en-son-infantil-online\/#primaryimage\"},\"image\":{\"@id\":\"https:\/\/criand.ad\/producto\/assessorament-en-son-infantil-online\/#primaryimage\"},\"thumbnailUrl\":\"https:\/\/criand.ad\/wp-content\/uploads\/2025\/10\/how-to-get-kids-to-sleep-in-their-own-bed.jpg\",\"datePublished\":\"2025-10-12T17:18:11+00:00\",\"dateModified\":\"2025-12-16T20:22:32+00:00\",\"description\":\"Dormir b\u00e9 \u00e9s essencial per al desenvolupament, la salut i el benestar dels infants... i tamb\u00e9 per al descans de tota la fam\u00edlia.\",\"breadcrumb\":{\"@id\":\"https:\/\/criand.ad\/producto\/assessorament-en-son-infantil-online\/#breadcrumb\"},\"inLanguage\":\"en-US\",\"potentialAction\":[{\"@type\":\"ReadAction\",\"target\":[\"https:\/\/criand.ad\/producto\/assessorament-en-son-infantil-online\/\"]}]},{\"@type\":\"ImageObject\",\"inLanguage\":\"en-US\",\"@id\":\"https:\/\/criand.ad\/producto\/assessorament-en-son-infantil-online\/#primaryimage\",\"url\":\"https:\/\/criand.ad\/wp-content\/uploads\/2025\/10\/how-to-get-kids-to-sleep-in-their-own-bed.jpg\",\"contentUrl\":\"https:\/\/criand.ad\/wp-content\/uploads\/2025\/10\/how-to-get-kids-to-sleep-in-their-own-bed.jpg\",\"width\":730,\"height\":450,\"caption\":\"Cute African American little boy sleeping in bed with toy at night\"},{\"@type\":\"BreadcrumbList\",\"@id\":\"https:\/\/criand.ad\/producto\/assessorament-en-son-infantil-online\/#breadcrumb\",\"itemListElement\":[{\"@type\":\"ListItem\",\"position\":1,\"name\":\"Inici\",\"item\":\"https:\/\/criand.ad\/en\/\"},{\"@type\":\"ListItem\",\"position\":2,\"name\":\"Productes\",\"item\":\"https:\/\/criand.ad\/shop\/\"},{\"@type\":\"ListItem\",\"position\":3,\"name\":\"Assessorament en son infantil online\"}]},{\"@type\":\"WebSite\",\"@id\":\"https:\/\/criand.ad\/#website\",\"url\":\"https:\/\/criand.ad\/\",\"name\":\"CRIAND\",\"description\":\"Embar\u00e0s, Postpart i Crian\u00e7a\",\"potentialAction\":[{\"@type\":\"SearchAction\",\"target\":{\"@type\":\"EntryPoint\",\"urlTemplate\":\"https:\/\/criand.ad\/?s={search_term_string}\"},\"query-input\":{\"@type\":\"PropertyValueSpecification\",\"valueRequired\":true,\"valueName\":\"search_term_string\"}}],\"inLanguage\":\"en-US\"}]}<\/script>\n<!-- \/ Yoast SEO plugin. -->","yoast_head_json":{"title":"Assessorament en son infantil online - Criand","description":"Dormir b\u00e9 \u00e9s essencial per al desenvolupament, la salut i el benestar dels infants... i tamb\u00e9 per al descans de tota la fam\u00edlia.","robots":{"index":"index","follow":"follow","max-snippet":"max-snippet:-1","max-image-preview":"max-image-preview:large","max-video-preview":"max-video-preview:-1"},"canonical":"https:\/\/criand.ad\/producto\/assessorament-en-son-infantil-online\/","og_locale":"en_US","og_type":"article","og_title":"Assessorament en son infantil online - Criand","og_description":"Dormir b\u00e9 \u00e9s essencial per al desenvolupament, la salut i el benestar dels infants... i tamb\u00e9 per al descans de tota la fam\u00edlia.","og_url":"https:\/\/criand.ad\/producto\/assessorament-en-son-infantil-online\/","og_site_name":"Criand","article_modified_time":"2025-12-16T20:22:32+00:00","og_image":[{"width":730,"height":450,"url":"https:\/\/criand.ad\/wp-content\/uploads\/2025\/10\/how-to-get-kids-to-sleep-in-their-own-bed.jpg","type":"image\/jpeg"}],"twitter_card":"summary_large_image","twitter_misc":{"Est. reading time":"1 minute"},"schema":{"@context":"https:\/\/schema.org","@graph":[{"@type":"WebPage","@id":"https:\/\/criand.ad\/producto\/assessorament-en-son-infantil-online\/","url":"https:\/\/criand.ad\/producto\/assessorament-en-son-infantil-online\/","name":"Assessorament en son infantil online - Criand","isPartOf":{"@id":"https:\/\/criand.ad\/#website"},"primaryImageOfPage":{"@id":"https:\/\/criand.ad\/producto\/assessorament-en-son-infantil-online\/#primaryimage"},"image":{"@id":"https:\/\/criand.ad\/producto\/assessorament-en-son-infantil-online\/#primaryimage"},"thumbnailUrl":"https:\/\/criand.ad\/wp-content\/uploads\/2025\/10\/how-to-get-kids-to-sleep-in-their-own-bed.jpg","datePublished":"2025-10-12T17:18:11+00:00","dateModified":"2025-12-16T20:22:32+00:00","description":"Dormir b\u00e9 \u00e9s essencial per al desenvolupament, la salut i el benestar dels infants... i tamb\u00e9 per al descans de tota la fam\u00edlia.","breadcrumb":{"@id":"https:\/\/criand.ad\/producto\/assessorament-en-son-infantil-online\/#breadcrumb"},"inLanguage":"en-US","potentialAction":[{"@type":"ReadAction","target":["https:\/\/criand.ad\/producto\/assessorament-en-son-infantil-online\/"]}]},{"@type":"ImageObject","inLanguage":"en-US","@id":"https:\/\/criand.ad\/producto\/assessorament-en-son-infantil-online\/#primaryimage","url":"https:\/\/criand.ad\/wp-content\/uploads\/2025\/10\/how-to-get-kids-to-sleep-in-their-own-bed.jpg","contentUrl":"https:\/\/criand.ad\/wp-content\/uploads\/2025\/10\/how-to-get-kids-to-sleep-in-their-own-bed.jpg","width":730,"height":450,"caption":"Cute African American little boy sleeping in bed with toy at night"},{"@type":"BreadcrumbList","@id":"https:\/\/criand.ad\/producto\/assessorament-en-son-infantil-online\/#breadcrumb","itemListElement":[{"@type":"ListItem","position":1,"name":"Inici","item":"https:\/\/criand.ad\/en\/"},{"@type":"ListItem","position":2,"name":"Productes","item":"https:\/\/criand.ad\/shop\/"},{"@type":"ListItem","position":3,"name":"Assessorament en son infantil online"}]},{"@type":"WebSite","@id":"https:\/\/criand.ad\/#website","url":"https:\/\/criand.ad\/","name":"CRIAND","description":"Embar\u00e0s, Postpart i Crian\u00e7a","potentialAction":[{"@type":"SearchAction","target":{"@type":"EntryPoint","urlTemplate":"https:\/\/criand.ad\/?s={search_term_string}"},"query-input":{"@type":"PropertyValueSpecification","valueRequired":true,"valueName":"search_term_string"}}],"inLanguage":"en-US"}]}},"_links":{"self":[{"href":"https:\/\/criand.ad\/en\/wp-json\/wp\/v2\/product\/5748","targetHints":{"allow":["GET"]}}],"collection":[{"href":"https:\/\/criand.ad\/en\/wp-json\/wp\/v2\/product"}],"about":[{"href":"https:\/\/criand.ad\/en\/wp-json\/wp\/v2\/types\/product"}],"version-history":[{"count":0,"href":"https:\/\/criand.ad\/en\/wp-json\/wp\/v2\/product\/5748\/revisions"}],"wp:featuredmedia":[{"embeddable":true,"href":"https:\/\/criand.ad\/en\/wp-json\/wp\/v2\/media\/5816"}],"wp:attachment":[{"href":"https:\/\/criand.ad\/en\/wp-json\/wp\/v2\/media?parent=5748"}],"wp:term":[{"taxonomy":"product_brand","embeddable":true,"href":"https:\/\/criand.ad\/en\/wp-json\/wp\/v2\/product_brand?post=5748"},{"taxonomy":"product_cat","embeddable":true,"href":"https:\/\/criand.ad\/en\/wp-json\/wp\/v2\/product_cat?post=5748"},{"taxonomy":"product_tag","embeddable":true,"href":"https:\/\/criand.ad\/en\/wp-json\/wp\/v2\/product_tag?post=5748"},{"taxonomy":"giftcard-category","embeddable":true,"href":"https:\/\/criand.ad\/en\/wp-json\/wp\/v2\/giftcard-category?post=5748"}],"curies":[{"name":"wp","href":"https:\/\/api.w.org\/{rel}","templated":true}]}}