{"id":1927,"date":"2025-05-31T07:31:22","date_gmt":"2025-05-31T07:31:22","guid":{"rendered":"http:\/\/criand.ad\/producto\/aeroioga-i-embaras-pack-mensual\/"},"modified":"2025-10-19T14:03:18","modified_gmt":"2025-10-19T12:03:18","slug":"aeroioga-i-embaras-pack-mensual","status":"publish","type":"product","link":"https:\/\/criand.ad\/en\/producto\/aeroioga-i-embaras-pack-mensual\/","title":{"rendered":"Aeroioga i embar\u00e0s. Pack mensual"},"content":{"rendered":"<p>Grup presencial per a embarassades que volen viure el seu embar\u00e0s amb plenitud i amb plena consciencia del seu cos. Amb la fisioterapeuta especialitzada en embar\u00e0s i post-part Olga Da Cunha, practicarem diferents disciplines per sentir-nos plenament conscients i en forma durant l&#8217;embar\u00e0s. Treballar amb ioga i especificament en aeroioga aportabeneficis cara la preparaci\u00f3 al part, millora el benestar durant l&#8217;embar\u00e0s i promou una bona recuperaci\u00f3 en el postpart. Exercita el cos de forma integral, conecta amb el teu beb\u00e8 i fes salut.<\/p>\n<p><strong>Horari: dimarts a les 10h45.<\/strong><\/p>\n<p><strong> pack mensual <\/strong><\/p>\n<p><strong>Lloc: Escola L\u00edquid dansa<\/strong><\/p>\n<p>( Places limitades)<\/p>\n<p>&nbsp;<\/p>\n","protected":false},"excerpt":{"rendered":"<p>Grup presencial per a embarassades que volen viure el seu embar\u00e0s amb plenitud i amb plena consciencia del seu cos. Amb la fisioterapeuta especialitzada en embar\u00e0s i post-part Olga Da Cunha, practicarem diferents disciplines per sentir-nos plenament conscients i en forma durant l&#8217;embar\u00e0s. Treballar amb ioga i especificament en aeroioga aportabeneficis cara la preparaci\u00f3 al [&hellip;]<\/p>\n","protected":false},"featured_media":2242,"template":"","meta":{"site-sidebar-layout":"default","site-content-layout":"","ast-site-content-layout":"default","site-content-style":"default","site-sidebar-style":"default","ast-global-header-display":"","ast-banner-title-visibility":"","ast-main-header-display":"","ast-hfb-above-header-display":"","ast-hfb-below-header-display":"","ast-hfb-mobile-header-display":"","site-post-title":"","ast-breadcrumbs-content":"","ast-featured-img":"","footer-sml-layout":"","theme-transparent-header-meta":"default","adv-header-id-meta":"","stick-header-meta":"default","header-above-stick-meta":"","header-main-stick-meta":"","header-below-stick-meta":"","astra-migrate-meta-layouts":"set","ast-page-background-enabled":"default","ast-page-background-meta":{"desktop":{"background-color":"","background-image":"","background-repeat":"repeat","background-position":"center center","background-size":"auto","background-attachment":"scroll","background-type":"","background-media":"","overlay-type":"","overlay-color":"","overlay-opacity":"","overlay-gradient":""},"tablet":{"background-color":"","background-image":"","background-repeat":"repeat","background-position":"center center","background-size":"auto","background-attachment":"scroll","background-type":"","background-media":"","overlay-type":"","overlay-color":"","overlay-opacity":"","overlay-gradient":""},"mobile":{"background-color":"","background-image":"","background-repeat":"repeat","background-position":"center center","background-size":"auto","background-attachment":"scroll","background-type":"","background-media":"","overlay-type":"","overlay-color":"","overlay-opacity":"","overlay-gradient":""}},"ast-content-background-meta":{"desktop":{"background-color":"var(--ast-global-color-5)","background-image":"","background-repeat":"repeat","background-position":"center center","background-size":"auto","background-attachment":"scroll","background-type":"","background-media":"","overlay-type":"","overlay-color":"","overlay-opacity":"","overlay-gradient":""},"tablet":{"background-color":"var(--ast-global-color-5)","background-image":"","background-repeat":"repeat","background-position":"center center","background-size":"auto","background-attachment":"scroll","background-type":"","background-media":"","overlay-type":"","overlay-color":"","overlay-opacity":"","overlay-gradient":""},"mobile":{"background-color":"var(--ast-global-color-5)","background-image":"","background-repeat":"repeat","background-position":"center center","background-size":"auto","background-attachment":"scroll","background-type":"","background-media":"","overlay-type":"","overlay-color":"","overlay-opacity":"","overlay-gradient":""}}},"product_brand":[],"product_cat":[107,102],"product_tag":[64,57,61],"giftcard-category":[],"class_list":{"0":"post-1927","1":"product","2":"type-product","3":"status-publish","4":"has-post-thumbnail","6":"product_cat-aeroioga","7":"product_cat-assessorament-presencial","8":"product_tag-andorra","9":"product_tag-embaras","10":"product_tag-salut-femenina","11":"desktop-align-left","12":"tablet-align-left","13":"mobile-align-left","14":"ast-product-gallery-layout-horizontal-slider","15":"ast-product-gallery-with-no-image","16":"ast-magnify-disabled","17":"ast-product-tabs-layout-horizontal","19":"first","20":"outofstock","21":"virtual","22":"purchasable","23":"product-type-simple"},"yoast_head":"<!-- This site is optimized with the Yoast SEO plugin v26.6 - https:\/\/yoast.com\/wordpress\/plugins\/seo\/ -->\n<title>Aeroioga i embar\u00e0s. Pack mensual - Criand<\/title>\n<meta name=\"robots\" content=\"index, follow, max-snippet:-1, max-image-preview:large, max-video-preview:-1\" \/>\n<link rel=\"canonical\" href=\"https:\/\/criand.ad\/producto\/aeroioga-i-embaras-pack-mensual\/\" \/>\n<meta property=\"og:locale\" content=\"en_US\" \/>\n<meta property=\"og:type\" content=\"article\" \/>\n<meta property=\"og:title\" content=\"Aeroioga i embar\u00e0s. Pack mensual - Criand\" \/>\n<meta property=\"og:description\" content=\"Grup presencial per a embarassades que volen viure el seu embar\u00e0s amb plenitud i amb plena consciencia del seu cos. Amb la fisioterapeuta especialitzada en embar\u00e0s i post-part Olga Da Cunha, practicarem diferents disciplines per sentir-nos plenament conscients i en forma durant l&#8217;embar\u00e0s. Treballar amb ioga i especificament en aeroioga aportabeneficis cara la preparaci\u00f3 al [&hellip;]\" \/>\n<meta property=\"og:url\" content=\"https:\/\/criand.ad\/producto\/aeroioga-i-embaras-pack-mensual\/\" \/>\n<meta property=\"og:site_name\" content=\"Criand\" \/>\n<meta property=\"article:modified_time\" content=\"2025-10-19T12:03:18+00:00\" \/>\n<meta property=\"og:image\" content=\"https:\/\/criand.ad\/wp-content\/uploads\/2025\/05\/iogagrup.webp\" \/>\n\t<meta property=\"og:image:width\" content=\"550\" \/>\n\t<meta property=\"og:image:height\" content=\"367\" \/>\n\t<meta property=\"og:image:type\" content=\"image\/webp\" \/>\n<meta name=\"twitter:card\" content=\"summary_large_image\" \/>\n<meta name=\"twitter:label1\" content=\"Est. reading time\" \/>\n\t<meta name=\"twitter:data1\" content=\"1 minute\" \/>\n<script type=\"application\/ld+json\" class=\"yoast-schema-graph\">{\"@context\":\"https:\/\/schema.org\",\"@graph\":[{\"@type\":\"WebPage\",\"@id\":\"https:\/\/criand.ad\/producto\/aeroioga-i-embaras-pack-mensual\/\",\"url\":\"https:\/\/criand.ad\/producto\/aeroioga-i-embaras-pack-mensual\/\",\"name\":\"Aeroioga i embar\u00e0s. Pack mensual - Criand\",\"isPartOf\":{\"@id\":\"https:\/\/criand.ad\/#website\"},\"primaryImageOfPage\":{\"@id\":\"https:\/\/criand.ad\/producto\/aeroioga-i-embaras-pack-mensual\/#primaryimage\"},\"image\":{\"@id\":\"https:\/\/criand.ad\/producto\/aeroioga-i-embaras-pack-mensual\/#primaryimage\"},\"thumbnailUrl\":\"https:\/\/criand.ad\/wp-content\/uploads\/2025\/05\/iogagrup.webp\",\"datePublished\":\"2025-05-31T07:31:22+00:00\",\"dateModified\":\"2025-10-19T12:03:18+00:00\",\"breadcrumb\":{\"@id\":\"https:\/\/criand.ad\/producto\/aeroioga-i-embaras-pack-mensual\/#breadcrumb\"},\"inLanguage\":\"en-US\",\"potentialAction\":[{\"@type\":\"ReadAction\",\"target\":[\"https:\/\/criand.ad\/producto\/aeroioga-i-embaras-pack-mensual\/\"]}]},{\"@type\":\"ImageObject\",\"inLanguage\":\"en-US\",\"@id\":\"https:\/\/criand.ad\/producto\/aeroioga-i-embaras-pack-mensual\/#primaryimage\",\"url\":\"https:\/\/criand.ad\/wp-content\/uploads\/2025\/05\/iogagrup.webp\",\"contentUrl\":\"https:\/\/criand.ad\/wp-content\/uploads\/2025\/05\/iogagrup.webp\",\"width\":550,\"height\":367},{\"@type\":\"BreadcrumbList\",\"@id\":\"https:\/\/criand.ad\/producto\/aeroioga-i-embaras-pack-mensual\/#breadcrumb\",\"itemListElement\":[{\"@type\":\"ListItem\",\"position\":1,\"name\":\"Inici\",\"item\":\"https:\/\/criand.ad\/en\/\"},{\"@type\":\"ListItem\",\"position\":2,\"name\":\"Productes\",\"item\":\"https:\/\/criand.ad\/shop\/\"},{\"@type\":\"ListItem\",\"position\":3,\"name\":\"Aeroioga i embar\u00e0s. Pack mensual\"}]},{\"@type\":\"WebSite\",\"@id\":\"https:\/\/criand.ad\/#website\",\"url\":\"https:\/\/criand.ad\/\",\"name\":\"CRIAND\",\"description\":\"Embar\u00e0s, Postpart i Crian\u00e7a\",\"potentialAction\":[{\"@type\":\"SearchAction\",\"target\":{\"@type\":\"EntryPoint\",\"urlTemplate\":\"https:\/\/criand.ad\/?s={search_term_string}\"},\"query-input\":{\"@type\":\"PropertyValueSpecification\",\"valueRequired\":true,\"valueName\":\"search_term_string\"}}],\"inLanguage\":\"en-US\"}]}<\/script>\n<!-- \/ Yoast SEO plugin. -->","yoast_head_json":{"title":"Aeroioga i embar\u00e0s. Pack mensual - Criand","robots":{"index":"index","follow":"follow","max-snippet":"max-snippet:-1","max-image-preview":"max-image-preview:large","max-video-preview":"max-video-preview:-1"},"canonical":"https:\/\/criand.ad\/producto\/aeroioga-i-embaras-pack-mensual\/","og_locale":"en_US","og_type":"article","og_title":"Aeroioga i embar\u00e0s. Pack mensual - Criand","og_description":"Grup presencial per a embarassades que volen viure el seu embar\u00e0s amb plenitud i amb plena consciencia del seu cos. Amb la fisioterapeuta especialitzada en embar\u00e0s i post-part Olga Da Cunha, practicarem diferents disciplines per sentir-nos plenament conscients i en forma durant l&#8217;embar\u00e0s. Treballar amb ioga i especificament en aeroioga aportabeneficis cara la preparaci\u00f3 al [&hellip;]","og_url":"https:\/\/criand.ad\/producto\/aeroioga-i-embaras-pack-mensual\/","og_site_name":"Criand","article_modified_time":"2025-10-19T12:03:18+00:00","og_image":[{"width":550,"height":367,"url":"https:\/\/criand.ad\/wp-content\/uploads\/2025\/05\/iogagrup.webp","type":"image\/webp"}],"twitter_card":"summary_large_image","twitter_misc":{"Est. reading time":"1 minute"},"schema":{"@context":"https:\/\/schema.org","@graph":[{"@type":"WebPage","@id":"https:\/\/criand.ad\/producto\/aeroioga-i-embaras-pack-mensual\/","url":"https:\/\/criand.ad\/producto\/aeroioga-i-embaras-pack-mensual\/","name":"Aeroioga i embar\u00e0s. Pack mensual - Criand","isPartOf":{"@id":"https:\/\/criand.ad\/#website"},"primaryImageOfPage":{"@id":"https:\/\/criand.ad\/producto\/aeroioga-i-embaras-pack-mensual\/#primaryimage"},"image":{"@id":"https:\/\/criand.ad\/producto\/aeroioga-i-embaras-pack-mensual\/#primaryimage"},"thumbnailUrl":"https:\/\/criand.ad\/wp-content\/uploads\/2025\/05\/iogagrup.webp","datePublished":"2025-05-31T07:31:22+00:00","dateModified":"2025-10-19T12:03:18+00:00","breadcrumb":{"@id":"https:\/\/criand.ad\/producto\/aeroioga-i-embaras-pack-mensual\/#breadcrumb"},"inLanguage":"en-US","potentialAction":[{"@type":"ReadAction","target":["https:\/\/criand.ad\/producto\/aeroioga-i-embaras-pack-mensual\/"]}]},{"@type":"ImageObject","inLanguage":"en-US","@id":"https:\/\/criand.ad\/producto\/aeroioga-i-embaras-pack-mensual\/#primaryimage","url":"https:\/\/criand.ad\/wp-content\/uploads\/2025\/05\/iogagrup.webp","contentUrl":"https:\/\/criand.ad\/wp-content\/uploads\/2025\/05\/iogagrup.webp","width":550,"height":367},{"@type":"BreadcrumbList","@id":"https:\/\/criand.ad\/producto\/aeroioga-i-embaras-pack-mensual\/#breadcrumb","itemListElement":[{"@type":"ListItem","position":1,"name":"Inici","item":"https:\/\/criand.ad\/en\/"},{"@type":"ListItem","position":2,"name":"Productes","item":"https:\/\/criand.ad\/shop\/"},{"@type":"ListItem","position":3,"name":"Aeroioga i embar\u00e0s. Pack mensual"}]},{"@type":"WebSite","@id":"https:\/\/criand.ad\/#website","url":"https:\/\/criand.ad\/","name":"CRIAND","description":"Embar\u00e0s, Postpart i Crian\u00e7a","potentialAction":[{"@type":"SearchAction","target":{"@type":"EntryPoint","urlTemplate":"https:\/\/criand.ad\/?s={search_term_string}"},"query-input":{"@type":"PropertyValueSpecification","valueRequired":true,"valueName":"search_term_string"}}],"inLanguage":"en-US"}]}},"_links":{"self":[{"href":"https:\/\/criand.ad\/en\/wp-json\/wp\/v2\/product\/1927","targetHints":{"allow":["GET"]}}],"collection":[{"href":"https:\/\/criand.ad\/en\/wp-json\/wp\/v2\/product"}],"about":[{"href":"https:\/\/criand.ad\/en\/wp-json\/wp\/v2\/types\/product"}],"version-history":[{"count":0,"href":"https:\/\/criand.ad\/en\/wp-json\/wp\/v2\/product\/1927\/revisions"}],"wp:featuredmedia":[{"embeddable":true,"href":"https:\/\/criand.ad\/en\/wp-json\/wp\/v2\/media\/2242"}],"wp:attachment":[{"href":"https:\/\/criand.ad\/en\/wp-json\/wp\/v2\/media?parent=1927"}],"wp:term":[{"taxonomy":"product_brand","embeddable":true,"href":"https:\/\/criand.ad\/en\/wp-json\/wp\/v2\/product_brand?post=1927"},{"taxonomy":"product_cat","embeddable":true,"href":"https:\/\/criand.ad\/en\/wp-json\/wp\/v2\/product_cat?post=1927"},{"taxonomy":"product_tag","embeddable":true,"href":"https:\/\/criand.ad\/en\/wp-json\/wp\/v2\/product_tag?post=1927"},{"taxonomy":"giftcard-category","embeddable":true,"href":"https:\/\/criand.ad\/en\/wp-json\/wp\/v2\/giftcard-category?post=1927"}],"curies":[{"name":"wp","href":"https:\/\/api.w.org\/{rel}","templated":true}]}}